{"id":153931,"date":"2019-04-29T10:40:37","date_gmt":"2019-04-29T10:40:37","guid":{"rendered":"https:\/\/ajediam.com\/vergleichen-sie-die-qualitaeten-von-diamanten\/hearts-and-arrows\/"},"modified":"2026-03-02T13:00:15","modified_gmt":"2026-03-02T13:00:15","slug":"herzen-und-pfeile","status":"publish","type":"page","link":"https:\/\/ajediam.com\/de\/vergleichen-sie-die-qualitaeten-von-diamanten\/herzen-und-pfeile\/","title":{"rendered":"Herzen und Pfeile"},"content":{"rendered":"<p><div class='row vc_row '><div class='col-md-12 '><div class='mb-4'><p><strong>Hearts &amp; Arrows Schliff erkl\u00e4rt<\/strong><br \/>\nJenseits der exzellenten Bewertung \u201eTriple Excellent\u201c f\u00fcr Schliff, Politur und Symmetrie (Ideal Cut) existiert der Hearts &amp; Arrows Schliff.<\/p>\n<p>Ein H&amp;A-Diamant muss eine perfekte Symmetrie der Facetten und spezifische L\u00e4ngen der unteren Rundistenfacetten aufweisen, um dem Diamanten ein Maximum an Brillanz zu verleihen! Dies wird als SUPER IDEAL CUT bezeichnet!<\/p><\/div><\/div><\/div> <div class='row vc_row vc_custom_1552886396531'><div class='col-md-12 '><div class='row '><div class='col-md-8 col-inner'><div class='col-inwrap'><div class='mb-4'><p><\/p>\n<div align=\"left\">\n<div align=\"left\">\n<p>Das \u201eHearts and Arrows\u201c (H&amp;A) Muster wird durch eine perfekte Symmetrie der Hauptfacetten sowie spezifische L\u00e4ngen der unteren Rundistenfacetten (Lower Girdle Facets) definiert und auch als Super-Ideal-Cut-Diamant bezeichnet.<\/p>\n<p>Es handelt sich um ein Muster aus idealer optischer Symmetrie und exzellenter Parallelit\u00e4t, kombiniert mit pr\u00e4zisen L\u00e4ngen der unteren Rundisten- und Hauptfacetten. Dies wird durch einen exzellenten Schliff der Winkel aller Haupt- und Nebenfacetten erreicht.<\/p>\n<p>Von der Krone (OBEN) aus gesehen zeigt das Muster acht Pfeile (Arrows).<br \/>\nVom Pavillon (UNTEN) aus gesehen zeigt das Muster acht Herzen (Hearts).<br \/>\nDurch ein spezielles H&amp;A-Betrachtungsger\u00e4t (Viewer) k\u00f6nnen Sie dies sehen. Betrachten Sie es hier auf den Bildern:<\/p>\n<\/div>\n<\/div>\n<p><\/p><\/div><\/div><\/div><div class='col-md-4 col-inner'><div class='col-inwrap'><div class='vc-image text-center'><figure><div><img src='https:\/\/ajediam.com\/wp-content\/uploads\/2019\/03\/Triple_Excellent_Hearts___Arrows_brilliant_diamond.jpg' alt=''><\/div><\/figure><\/div><div class='mb-4'><p><\/p>\n<p style=\"text-align: center;\">H&amp;A Diamant-Bild von oben (Tafel)<\/p>\n<p><\/p><\/div><\/div><\/div><\/div><\/div><\/div> <style>.vc_custom_1552886396531 { border-top-width: 3px !important;border-right-width: 3px !important;border-bottom-width: 3px !important;border-left-width: 3px !important;border-left-color: #e2ebf0 !important;border-left-style: solid !important;border-right-color: #e2ebf0 !important;border-right-style: solid !important;border-top-color: #e2ebf0 !important;border-top-style: solid !important;border-bottom-color: #e2ebf0 !important;border-bottom-style: solid !important;} }<\/style><div class='row vc_row vc_custom_1552886396531'><div class='col-md-12 '><div class='row '><div class='col-md-4 col-inner'><div class='col-inwrap'><div class='vc-image text-center'><figure><div><img src='https:\/\/ajediam.com\/wp-content\/uploads\/2019\/03\/Hearts_Arrows_-_Triple_Ex_image.jpg' alt=''><\/div><\/figure><\/div><\/div><\/div><div class='col-md-4 col-inner'><div class='col-inwrap'><div class='mb-4'><p><\/p>\n<div align=\"left\">\n<div align=\"left\">\n<p>Diamanten mit einem \u201eHearts and Arrows\u201c-Schliff erzielen einen Preisaufschlag!<\/p>\n<p>HRD (Hoher Rat f\u00fcr Diamanten), IGI und GIA graduieren den Hearts and Arrows Schliff als \u201eH&amp;A\u201c und dokumentieren dies durch gekennzeichnete Bilder.<\/p>\n<p>Werfen Sie einen Blick auf H&amp;A in den Zertifikaten: Sehen Sie hier, wie <a href=\"https:\/\/ajediam.com\/de\/identifizierung\/bilder-von-authentischen-diamantenzertifikaten\/\">Hearts &amp; Arrows auf einem Diamant-Zertifikat gradiert wird<\/a>.<\/p>\n<\/div>\n<\/div>\n<p><\/p><\/div><\/div><\/div><div class='col-md-4 col-inner'><div class='col-inwrap'><div class='vc-image text-center'><figure><div><img src='https:\/\/ajediam.com\/wp-content\/uploads\/2019\/03\/Hearts___Arrows_viewer.jpg' alt=''><\/div><\/figure><\/div><div class='mb-4'><p><\/p>\n<p style=\"text-align: center;\">Hearts and Arrows Betrachter (Viewer)<\/p>\n<p><\/p><\/div><\/div><\/div><\/div><\/div><\/div> <style>.vc_custom_1552886396531 { border-top-width: 3px !important;border-right-width: 3px !important;border-bottom-width: 3px !important;border-left-width: 3px !important;border-left-color: #e2ebf0 !important;border-left-style: solid !important;border-right-color: #e2ebf0 !important;border-right-style: solid !important;border-top-color: #e2ebf0 !important;border-top-style: solid !important;border-bottom-color: #e2ebf0 !important;border-bottom-style: solid !important;} }<\/style><div class='row vc_row '><div class='col-md-3 '><\/div><div class='col-md-3 '><div style='height: 32px;'><\/div><a class='lab-button' href='http:\/\/ajediam.com\/engagement-rings' target='' title='url:http:\/\/ajediam.com\/engagement-rings|'>JETZT SHOPPEN<\/a><\/div><div class='col-md-3 '><div style='height: 32px;'><\/div><a class='lab-button' href='https:\/\/ajediam.com\/de\/schnellanfrageformular\/' target='' title='https:\/\/ajediam.com\/de\/schnellanfrageformula'>ZUM KAUFBERATER<\/a><\/div><div class='col-md-3 '><\/div><\/div> <div class='row vc_row '><div class='col-md-2 '><\/div><div class='col-md-8 '><div style='height: 32px;'><\/div><div class='vc-image '><figure><a href='https:\/\/ajediam.com\/de\/schnellanfrageformular\/' class='d-block'><img src='https:\/\/ajediam.com\/wp-content\/uploads\/2019\/03\/Ajediam_footer_Buy_now_13_03_2015.jpg' alt=''><\/a><\/figure><\/div><\/div><div class='col-md-2 '><\/div><\/div> <\/p>\n","protected":false},"excerpt":{"rendered":"","protected":false},"author":5,"featured_media":0,"parent":153402,"menu_order":0,"comment_status":"closed","ping_status":"closed","template":"","meta":{"ub_ctt_via":"","footnotes":""},"acf":[],"featured_image_src":null,"_links":{"self":[{"href":"https:\/\/ajediam.com\/de\/wp-json\/wp\/v2\/pages\/153931"}],"collection":[{"href":"https:\/\/ajediam.com\/de\/wp-json\/wp\/v2\/pages"}],"about":[{"href":"https:\/\/ajediam.com\/de\/wp-json\/wp\/v2\/types\/page"}],"author":[{"embeddable":true,"href":"https:\/\/ajediam.com\/de\/wp-json\/wp\/v2\/users\/5"}],"replies":[{"embeddable":true,"href":"https:\/\/ajediam.com\/de\/wp-json\/wp\/v2\/comments?post=153931"}],"version-history":[{"count":1,"href":"https:\/\/ajediam.com\/de\/wp-json\/wp\/v2\/pages\/153931\/revisions"}],"predecessor-version":[{"id":153933,"href":"https:\/\/ajediam.com\/de\/wp-json\/wp\/v2\/pages\/153931\/revisions\/153933"}],"up":[{"embeddable":true,"href":"https:\/\/ajediam.com\/de\/wp-json\/wp\/v2\/pages\/153402"}],"wp:attachment":[{"href":"https:\/\/ajediam.com\/de\/wp-json\/wp\/v2\/media?parent=153931"}],"curies":[{"name":"wp","href":"https:\/\/api.w.org\/{rel}","templated":true}]}}