{"id":153935,"date":"2019-05-03T07:01:24","date_gmt":"2019-05-03T07:01:24","guid":{"rendered":"https:\/\/ajediam.com\/diamantenhandel\/london-diamond-centre\/"},"modified":"2026-03-02T13:05:38","modified_gmt":"2026-03-02T13:05:38","slug":"londoner-diamantenzentrum","status":"publish","type":"page","link":"https:\/\/ajediam.com\/de\/diamantenhandel\/londoner-diamantenzentrum\/","title":{"rendered":"Londoner Diamantenzentrum"},"content":{"rendered":"<p><div class='row vc_row '><div class='col-md-12 '><h2 class='section-title'>London Shopping Guide: Beste Qualit\u00e4t und Preise bei Ajediam im Antwerp World Diamond Trade Centre<\/h2><p>Jermyn Street, Bond Street, Hatton Garden, Piccadilly&#8230; Einkaufszentrum oder Antwerp World Diamond Trade Centre. Wo Sie zum besten Preis kaufen \u2013 Ihr Leitfaden f\u00fcr Gro\u00dfhandelspreise.<br \/>\nDiamanten nehmen im Herzen von London \u2013 in der Jermyn Street, Bond Street, Piccadilly und Hatton Garden \u2013 einen besonderen Platz ein. Kaufen Sie bei Harry Winston, Graff, Cartier, Bulgari, Tiffany &amp; Co, Chopard&#8230; Das London Diamond Centre ist seit Jahrhunderten die Pipeline f\u00fcr Rohdiamanten, von wo aus De Beers (DTC) Rohdiamanten an seine Sightholder in<br \/>\nAntwerpen verteilt. Antwerpen ist das weltweit gr\u00f6\u00dfte internationale Diamantenzentrum mit einem Jahresumsatz von mehr als 58,8 Milliarden US-Dollar. Juweliere in London, in der Bond Street und in Hatton Garden, kaufen ihre geschliffenen Diamanten zu fairsten Gro\u00dfhandelspreisen in Antwerpen.<br \/>\nSeit Generationen beweisen die qualifizierten K\u00fcnstler in Antwerpen ihre Expertise f\u00fcr ideal geschliffene Diamanten. Ajediam ist einer von ihnen. <\/p><div class='mb-4'><p>Profitieren Sie von zeitlich begrenzten Angeboten f\u00fcr sehr gro\u00dfe, seltene und exklusive Diamanten im Idealschliff sowie Luxus-Diamantschmuck zu fairsten Gro\u00dfhandelspreisen. St\u00f6bern Sie in unserer <a href=\"\/loose-diamonds\">Design-Galerie f\u00fcr lose Diamanten<\/a><\/p>\n<p><a href=\"\/engagement-rings\">Design-Galerie f\u00fcr Verlobungsringe<\/a><\/p>\n<p><a href=\"\/design-diamond-rings\">Design-Galerie f\u00fcr High Jewellery<\/a> von unserem Goldschmiedemeister<\/p><\/div><\/div><\/div> <div class='row vc_row vc_custom_1552886396531'><div class='col-md-12 '><div class='row '><div class='col-md-8 col-inner'><div class='col-inwrap'><div class='mb-4'><p>Verlobungsring mit 5-Karat-Diamant<br \/>\n+ 2 Karat nat\u00fcrliche Pink Diamonds, dreireihig<br \/>\n<a href=\"\/diamonds-from-one-to-20ct\">Kontaktieren<\/a> Sie mich f\u00fcr ein Angebot<\/p><\/div><\/div><\/div><div class='col-md-4 col-inner'><div class='col-inwrap'><div class='mb-4'><p><\/p>\n<p style=\"text-align: center;\">Bild: Diamant mit lasergesicherter Rundiste<\/p>\n<p><\/p><\/div><div class='vc-image text-center'><figure><a href='\/engagement-rings' class='d-block'><img src='https:\/\/ajediam.com\/wp-content\/uploads\/2019\/05\/London_Diamond_Centre__element132-300x226.jpg' alt=''><\/a><\/figure><\/div><\/div><\/div><\/div><\/div><\/div> <style>.vc_custom_1552886396531 { border-top-width: 3px !important;border-right-width: 3px !important;border-bottom-width: 3px !important;border-left-width: 3px !important;border-left-color: #e2ebf0 !important;border-left-style: solid !important;border-right-color: #e2ebf0 !important;border-right-style: solid !important;border-top-color: #e2ebf0 !important;border-top-style: solid !important;border-bottom-color: #e2ebf0 !important;border-bottom-style: solid !important;} }<\/style><div class='row vc_row '><div class='col-md-12 '><div style='height: 32px;'><\/div><div class='mb-4'><p>Belgien rechtfertigt Antwerpens Position als bedeutendstes internationales Handelszentrum f\u00fcr Diamanten weltweit mit einem Jahresumsatz von \u00fcber 58,8 Milliarden USD.<\/p>\n<p>Antwerpen beheimatet 4 Diamantenb\u00f6rsen und mehr als 1.500 Diamantenunternehmen. 89 % aller nach Belgien\/Antwerpen importierten Diamanten werden wieder in andere Handels- und Verarbeitungszentren sowie in Verbraucherl\u00e4nder wie England exportiert&#8230;<\/p>\n<p>K\u00e4ufer aus der ganzen Welt kommen nach Belgien, um in Antwerpen Diamanten im Idealschliff zu erwerben. Dies verschafft uns einen entscheidenden Vorteil gegen\u00fcber Hunderten anderen Diamantengro\u00dfh\u00e4ndlern.<\/p>\n<p>Kontaktieren Sie Ajediam, Ihr Antwerpener Diamantenunternehmen. Schreiben Sie mir eine <a href=\"\/diamonds-from-one-to-20ct\">E-Mail<\/a>,<\/p>\n<p>oder besuchen Sie uns im Antwerp World Diamond Centre.<\/p>\n<p>Geb\u00e4ude der Diamantenb\u00f6rse<br \/>\n&#8222;Antwerpsche Diamantkring&#8220;<br \/>\nHoveniersstraat 19 &#8211; 2018 Antwerpen<br \/>\nTel: + 32 3 808 72 02 <\/p><\/div><\/div><\/div> <div class='row vc_row '><div class='col-md-12 '><div class='vc-image '><figure><div><img src='https:\/\/ajediam.com\/wp-content\/uploads\/2019\/03\/Hatton_Garden.jpg' alt=''><\/div><\/figure><\/div><div style='height: 32px;'><\/div><div class='mb-4'><p><\/p>\n<h4>Hatton Garden, London Diamond Centre, *Juweliergesch\u00e4fte<\/h4>\n<p>*50 Einzelhandelsgesch\u00e4fte bilden die gr\u00f6\u00dfte Ansammlung von Juwelieren im Vereinigten K\u00f6nigreich (Hatton Garden, Holborn, London).<br \/>\nDer Nachteil: Sie verkaufen zu Einzelhandelspreisen!<\/p>\n<p>Ihr exklusivstes Einkaufsziel in London ist die<\/p>\n<h4>Bond Street,<\/h4>\n<p>wo Sie <a href=\"\/j-b-antwerp-famous-jewelry-designer\">gro\u00dfe Modemarken<\/a> finden wie:<\/p>\n<p>Harry Winston, Graff, Cartier, Bulgari, Tiffany &amp; Co, Chopard &#8230;<\/p>\n<p>Alle gro\u00dfen Modegesch\u00e4fte finden Sie in der<br \/>\nBond Street Association &#8211; www.bondstreetassociation.com<\/p>\n<p>Hotspots der k\u00f6niglichen Familie:<\/p>\n<h4>Jermyn Street<\/h4>\n<p>Hier finden Sie die Hoflieferanten (Warrant Holders) des K\u00f6nigshauses,<br \/>\nwie zum Beispiel:<\/p>\n<ul>\n<li>Turnbull &amp; Asser, T&amp;A<br \/>\nMa\u00dfgeschneiderte Anz\u00fcge, Pyjamas, Badem\u00e4ntel f\u00fcr Herren<br \/>\nJermyn Street 71 &amp; 72 &#8211; www.turnbullandasser.com<\/li>\n<li>Foster &amp; Son<br \/>\nMa\u00dfgeschneiderte Schuhe<br \/>\nJermyn Street 83 &#8211; www.wsfoster.com<\/li>\n<li>Floris Parfum<br \/>\nK\u00f6niglicher Hoflieferant f\u00fcr individuelle Parfums<br \/>\nJermyn Street 89 &#8211; www.florislondon.com<\/li>\n<\/ul>\n<h4>Piccadilly<\/h4>\n<ul>\n<li>Fortnum &amp; Mason<br \/>\nExklusiver Tee, Kekse, S\u00fc\u00dfigkeiten &#8211; Afternoon Tea<br \/>\nPiccadilly 181 &#8211; www.fortnumandmason.com<\/li>\n<\/ul>\n<p><\/p><\/div><\/div><\/div> <div class='row vc_row '><div class='col-md-3 '><\/div><div class='col-md-3 '><div style='height: 32px;'><\/div><a class='lab-button' href='https:\/\/www.ajediam.com\/engagement_rings.html' target='' title='url:https:\/\/www.ajediam.com\/engagement_rings.html|'>JETZT SHOPPEN<\/a><\/div><div class='col-md-3 '><div style='height: 32px;'><\/div><a class='lab-button' href='https:\/\/ajediam.com\/de\/schnellanfrageformular\/' target='' title='https:\/\/ajediam.com\/de\/schnellanfrageformula'>ZUM KAUFBERATER<\/a><\/div><div class='col-md-3 '><\/div><\/div> <div class='row vc_row '><div class='col-md-2 '><\/div><div class='col-md-8 '><div style='height: 32px;'><\/div><div class='vc-image '><figure><div><img src='https:\/\/ajediam.com\/wp-content\/uploads\/2019\/03\/Ajediam_footer_Buy_now_13_03_2015.jpg' alt=''><\/div><\/figure><\/div><\/div><div class='col-md-2 '><\/div><\/div> <\/p>\n","protected":false},"excerpt":{"rendered":"","protected":false},"author":5,"featured_media":0,"parent":153414,"menu_order":0,"comment_status":"closed","ping_status":"closed","template":"","meta":{"ub_ctt_via":"","footnotes":""},"acf":[],"featured_image_src":null,"_links":{"self":[{"href":"https:\/\/ajediam.com\/de\/wp-json\/wp\/v2\/pages\/153935"}],"collection":[{"href":"https:\/\/ajediam.com\/de\/wp-json\/wp\/v2\/pages"}],"about":[{"href":"https:\/\/ajediam.com\/de\/wp-json\/wp\/v2\/types\/page"}],"author":[{"embeddable":true,"href":"https:\/\/ajediam.com\/de\/wp-json\/wp\/v2\/users\/5"}],"replies":[{"embeddable":true,"href":"https:\/\/ajediam.com\/de\/wp-json\/wp\/v2\/comments?post=153935"}],"version-history":[{"count":1,"href":"https:\/\/ajediam.com\/de\/wp-json\/wp\/v2\/pages\/153935\/revisions"}],"predecessor-version":[{"id":153937,"href":"https:\/\/ajediam.com\/de\/wp-json\/wp\/v2\/pages\/153935\/revisions\/153937"}],"up":[{"embeddable":true,"href":"https:\/\/ajediam.com\/de\/wp-json\/wp\/v2\/pages\/153414"}],"wp:attachment":[{"href":"https:\/\/ajediam.com\/de\/wp-json\/wp\/v2\/media?parent=153935"}],"curies":[{"name":"wp","href":"https:\/\/api.w.org\/{rel}","templated":true}]}}