{"id":153938,"date":"2019-05-03T13:17:07","date_gmt":"2019-05-03T13:17:07","guid":{"rendered":"https:\/\/ajediam.com\/diamantenhandel\/new-york-diamond-prices\/"},"modified":"2026-03-02T13:08:58","modified_gmt":"2026-03-02T13:08:58","slug":"diamantenpreise-in-new-york","status":"publish","type":"page","link":"https:\/\/ajediam.com\/de\/diamantenhandel\/diamantenpreise-in-new-york\/","title":{"rendered":"Diamantenpreise in New York"},"content":{"rendered":"<p><div class='row vc_row '><div class='col-md-12 '><h2 class='section-title'>Wenn ich all die Bewertungen und Kommentare von geprellten Kunden lese, die im New Yorker Diamantenviertel in der 47th Street gekauft haben, bin ich fassungslos.<\/h2><p>Das New Yorker Diamantenviertel in der 47th Street beheimatet mehr als 3.900 Juweliere.<\/p><div class='row '><div class='col-md-8 col-inner'><div class='col-inwrap'><div class='mb-4'><p><\/p>\n<div align=\"left\">\n<h4>Die Kommentare von Paul Gian, GIA Diamonds Graduate (http:beyond4cs.com), sind atemberaubend:<\/h4>\n<h4>Das New Yorker Diamantenviertel ist ein riesiges Haifischbecken.<\/h4>\n<\/div>\n<p><\/p><\/div><div class='mb-4'><p>Lesen Sie alles \u00fcber ausf\u00fchrliche Bewertungen von Juweliergesch\u00e4ften und Diamantenh\u00e4ndlern in NY: http:\/\/beyond4cs.com\/reviews<\/p><\/div><\/div><\/div><div class='col-md-4 col-inner'><div class='col-inwrap'><div class='vc-image text-center'><figure><div><img src='https:\/\/ajediam.com\/wp-content\/uploads\/2019\/03\/NY_Diamond_District_is_a_huge_shark_tank_by_Paul_Gian_of_beyond4cs-300x225.jpg' alt=''><\/div><\/figure><\/div><\/div><\/div><\/div><\/div><\/div> <div class='row vc_row '><div class='col-md-12 '><div class='mb-4'><p>Verstehen Sie, warum das New Yorker Viertel ein riesiges Haifischbecken ist. Kaufen Sie am besten direkt an der Quelle in Antwerpen (AWDC) bei Ajediam, Ihrem seri\u00f6sen Diamantenunternehmen. Kaufen Sie zu Gro\u00dfhandelspreisen und steuerfrei als angehender H\u00e4ndler \u2013 mit lebenslanger R\u00fcckkaufgarantie auf der Rechnung!<\/p><\/div><div class='row '><div class='col-md-12 col-inner'><div class='col-inwrap'><div class='vc-image '><figure><a href='' class='d-block'><img src='https:\/\/ajediam.com\/wp-content\/uploads\/2019\/03\/New_York_City.jpg' alt=''><\/a><\/figure><\/div><\/div><\/div><\/div><div class='mb-4'><p>Die Quelle aller Diamanten liegt in Antwerpen.<br \/>\nWenn Sie Qualit\u00e4t und Preis vergleichen, bieten die seri\u00f6sen Diamantenunternehmen das beste Preis-Leistungs-Verh\u00e4ltnis!<\/p>\n<p>Antwerpen ist das weltweit gr\u00f6\u00dfte internationale Handelszentrum f\u00fcr Diamanten mit einem Jahresumsatz von mehr als 58,8 Milliarden US-Dollar. Es beheimatet 4 Diamantenb\u00f6rsen und etwa 1.500 Diamantenunternehmen.<\/p>\n<p>Seien Sie sich bewusst: Wie jede Gro\u00dfstadt \u2013 ob NY, Paris, London oder auch Antwerpen \u2013 gibt es hier Touristenfallen!<\/p>\n<p>Mehr als 90 % aller Diamanten, die nach Antwerpen importiert werden, werden nach NY, in andere Handels- und Verarbeitungszentren oder in Verbraucherl\u00e4nder exportiert.<\/p>\n<p>Sie k\u00f6nnen steuerfrei f\u00fcr den Export und Import in die USA einkaufen.<\/p>\n<p>Ihre Vorteile bei Ajediam:<\/p>\n<p>&#8211; Sie kaufen zu echten Gro\u00dfhandelspreisen, da wir Sie als angehenden Profi betrachten.<\/p>\n<p>&#8211; Alle unsere Diamanten sind GIA-zertifiziert und verf\u00fcgen \u00fcber eine GIA-Lasergravur, um Betrug auszuschlie\u00dfen.<\/p>\n<p>&#8211; Sie erhalten eine lebenslange Qualit\u00e4tsgarantie.<\/p>\n<p>&#8211; Sie erhalten eine lebenslange Schmuckpflege \u2013 kostenloser j\u00e4hrlicher Service.<\/p>\n<p>&#8211; Sie erhalten eine lebenslange R\u00fcckkaufgarantie.<\/p>\n<p>Alles ist auf der offiziellen Rechnung vermerkt. Ein Vertrauensbeweis und Ihre Garantie schwarz auf wei\u00df!<\/p>\n<p>Bestellen Sie Ihre Diamanten bei Ajediam, dem vertrauensw\u00fcrdigen Diamantenunternehmen in Antwerpen mit \u00fcber 30 Jahren Erfahrung und exzellenten Referenzen.<\/p><\/div><\/div><\/div> <div class='row vc_row '><div class='col-md-3 '><\/div><div class='col-md-3 '><div style='height: 32px;'><\/div><a class='lab-button' href='http:\/\/ajediam.com\/engagement-rings' target='' title='url:http:\/\/ajediam.com\/engagement-rings|'>JETZT SHOPPEN<\/a><\/div><div class='col-md-3 '><div style='height: 32px;'><\/div><a class='lab-button' href='https:\/\/ajediam.com\/de\/schnellanfrageformular\/' target='' title='https:\/\/ajediam.com\/de\/schnellanfrageformula'>ZUM KAUFBERATER<\/a><\/div><div class='col-md-3 '><\/div><\/div> <div class='row vc_row '><div class='col-md-2 '><\/div><div class='col-md-8 '><div style='height: 32px;'><\/div><div class='vc-image '><figure><a href='\/diamonds-from-one-to-20ct' class='d-block'><img src='https:\/\/ajediam.com\/wp-content\/uploads\/2019\/03\/Ajediam_footer_Buy_now_13_03_2015.jpg' alt=''><\/a><\/figure><\/div><\/div><div class='col-md-2 '><\/div><\/div> <\/p>\n","protected":false},"excerpt":{"rendered":"","protected":false},"author":5,"featured_media":0,"parent":153414,"menu_order":0,"comment_status":"closed","ping_status":"closed","template":"","meta":{"ub_ctt_via":"","footnotes":""},"acf":[],"featured_image_src":null,"_links":{"self":[{"href":"https:\/\/ajediam.com\/de\/wp-json\/wp\/v2\/pages\/153938"}],"collection":[{"href":"https:\/\/ajediam.com\/de\/wp-json\/wp\/v2\/pages"}],"about":[{"href":"https:\/\/ajediam.com\/de\/wp-json\/wp\/v2\/types\/page"}],"author":[{"embeddable":true,"href":"https:\/\/ajediam.com\/de\/wp-json\/wp\/v2\/users\/5"}],"replies":[{"embeddable":true,"href":"https:\/\/ajediam.com\/de\/wp-json\/wp\/v2\/comments?post=153938"}],"version-history":[{"count":1,"href":"https:\/\/ajediam.com\/de\/wp-json\/wp\/v2\/pages\/153938\/revisions"}],"predecessor-version":[{"id":153940,"href":"https:\/\/ajediam.com\/de\/wp-json\/wp\/v2\/pages\/153938\/revisions\/153940"}],"up":[{"embeddable":true,"href":"https:\/\/ajediam.com\/de\/wp-json\/wp\/v2\/pages\/153414"}],"wp:attachment":[{"href":"https:\/\/ajediam.com\/de\/wp-json\/wp\/v2\/media?parent=153938"}],"curies":[{"name":"wp","href":"https:\/\/api.w.org\/{rel}","templated":true}]}}