{"id":153941,"date":"2019-04-05T08:05:09","date_gmt":"2019-04-05T08:05:09","guid":{"rendered":"https:\/\/ajediam.com\/diamantenhandel\/antwerp-diamonds\/"},"modified":"2026-03-02T13:18:10","modified_gmt":"2026-03-02T13:18:10","slug":"antwerpener-diamanten","status":"publish","type":"page","link":"https:\/\/ajediam.com\/de\/diamantenhandel\/antwerpener-diamanten\/","title":{"rendered":"Antwerpener Diamanten"},"content":{"rendered":"<p><div class='row vc_row '><div class='col-md-12 '><div class='mb-4'><p><\/p>\n<h3>AWDC, Antwerp World Diamond Centre<\/h3>\n<p><strong>Antwerpen ist seit 1447 das weltweit gr\u00f6\u00dfte und bedeutendste Zentrum f\u00fcr den Diamantenhandel.<\/strong><\/p>\n<p><strong>Ajediam ist der Markenname, der f\u00fcr Exzellenz steht&#8230;<\/strong><br \/>\n<strong>\u00dcber 570 Jahre Erbe machen Ajediam zum Experten in der Kunst des Schleifens und Polierens von Diamanten der Kategorie EX EX EX Hearts &amp; Arrows.<\/strong><\/p>\n<p><strong>Vertrauen ist der Grundpfeiler unseres Diamantenunternehmens.<\/strong><\/p><\/div><div class='mb-4'><p>Etwa 84 % der weltweiten Gesamtproduktion an Rohdiamanten und geschliffenen Diamanten werden in Antwerpen gehandelt, ebenso wie sch\u00e4tzungsweise 50 % aller geschliffenen Diamanten weltweit. (Bericht des AWDC 2018)<\/p>\n<p>Jeden Tag passieren Diamanten im Wert von etwa 220 Millionen Dollar Antwerpen. Das entspricht durchschnittlich 550 Sendungen pro Tag.<\/p>\n<p>Antwerpen blickt auf eine \u00fcber 570-j\u00e4hrige glanzvolle Geschichte als Zentrum f\u00fcr Diamantenhandel und -herstellung zur\u00fcck, verk\u00f6rpert im Slogan \u201eCut in Antwerp\u201c \u2013 bis heute das Markenzeichen f\u00fcr h\u00f6chste Qualit\u00e4t und exquisite Handwerkskunst.<\/p>\n<p>Mit einer in der Branche konkurrenzlosen finanziellen, technischen und intellektuellen Infrastruktur ist Antwerpen das Zentrum, von dem aus ein multinationales industrielles und kommerzielles Netzwerk koordiniert wird. Hier werden Rohdiamanten in die funkelnden Prachtst\u00fccke verwandelt, die in Juweliergesch\u00e4ften rund um den Globus verkauft werden.<\/p>\n<p>Antwerpen beheimatet \u00fcber 1.700 Diamantenunternehmen. Jede Firma hat ihr spezielles Kerngesch\u00e4ft*** und ist offiziell beim F\u00f6deralen \u00d6ffentlichen Dienst Wirtschaft registriert. Dazu geh\u00f6ren Rohdiamantenproduzenten, Makler und H\u00e4ndler, Hersteller, Gro\u00dfh\u00e4ndler f\u00fcr geschliffene Diamanten sowie rund 2.400 Unternehmen aus dem Diamanten- und Schmucksektor.<\/p>\n<p>Die Stadt ist zudem Sitz der f\u00fchrenden Finanzinstitute der Branche, von Versicherungsgesellschaften, Sicherheitsunternehmen, Versand- und Logistikdienstleistern, gemmologischen Laboren usw.<\/p>\n<p>Die multikulturelle Gemeinschaft von Diamantenh\u00e4ndlern verschiedenster religi\u00f6ser Hintergr\u00fcnde in einem politisch stabilen und neutralen Umfeld ist wahrlich einzigartig.<\/p>\n<p>Das Herzst\u00fcck der einzigartigen Handelsinfrastruktur Antwerpens ist das \u201eDiamond Office\u201c \u2013 das hauseigene Zollamt, das den gewaltigen Fluss von Diamanten nach und aus Antwerpen effizient steuert.<\/p>\n<p>Durch ein ausgekl\u00fcgeltes System von Verfahren und Kontrollen konzentriert sich Antwerpen kontinuierlich auf die Einhaltung international anerkannter hoher Standards in Bezug auf Compliance und Transparenz (AML, KP und CSR).<\/p>\n<p>Zus\u00e4tzlich zu den im Diamantengesch\u00e4ft \u00fcblichen Verfahren unterliegt Antwerpen aufgrund von EU-Gesetzen und -Vorschriften einer weiteren Compliance-Ebene.<\/p>\n<p>Die Stadt ist international als ethischer Ma\u00dfstab und Vorbild f\u00fcr die gesamte Diamanten- und Schmuckindustrie anerkannt.<\/p>\n<p>Quelle: AWDC-Bericht 2017<\/p>\n<p>*** Die meisten Diamantenfirmen sind kleine H\u00e4ndler, die auf eine bestimmte Form spezialisiert sind.<\/p>\n<p>Beispiel: Spezialisierung auf kleine Marquise-Diamanten von 0,03 bis 0,10 Karat. Viele dieser Firmen sind Einzelmakler.<\/p>\n<p>Es ist oft sehr schwierig, zwischen Diamantenunternehmen, Schleifern, Polierern und Produzenten von geschliffenen Diamanten einerseits und reinen Zwischenh\u00e4ndlern andererseits zu unterscheiden! Nur wenige Unternehmen wie Ajediam sind auf gr\u00f6\u00dfere Steine in allen Formen spezialisiert.<\/p><\/div><\/div><\/div> <div class='row vc_row vc_custom_1552886396531'><div class='col-md-12 '><div style='height: 32px;'><\/div><div class='row '><div class='col-md-6 col-inner'><div class='col-inwrap'><div class='vc-image text-center'><figure><div><img src='https:\/\/ajediam.com\/wp-content\/uploads\/2019\/03\/2_Ajediam_Diamond_Exchange_Bourse_Hoveniersstraat_2_Antwerp.jpg' alt=''><\/div><\/figure><\/div><\/div><\/div><div class='col-md-6 col-inner'><div class='col-inwrap'><h2 class='section-title'>Geschichte von Antwerpen und den Diamanten... Seit 1447... der Beginn einer unendlichen romantischen Geschichte<\/h2><div class='mb-4'><p>Reisef\u00fchrer zum Antwerp World Diamond Centre. Informationen zur Buchung von Fl\u00fcgen, Z\u00fcgen, Eurostar und Thalys. Tipps f\u00fcr den sicheren Kauf von Diamanten zu Gro\u00dfhandelspreisen an der Antwerpener Diamantenb\u00f6rse.<\/p>\n<p>Entdecken Sie die geheimnisvolle Geschichte seit dem 15. Jahrhundert \u2013 Besuchen Sie eine <a href=\"#\">ber\u00fchmte Schleiferei<\/a><br \/>\nAntwerpen, Flugverbindungen, Zug, Eurostar&#8230; | <a href=\"https:\/\/www.ajediam.com\/Visit_Antwerp.html#anch\">Stadtplan<\/a> des Antwerpener Diamantenviertels<\/p>\n<p>Vom 13. bis zum fr\u00fchen 20. Jahrhundert waren Venedig und Portugal die wichtigsten Verbindungen zwischen Antwerpen und Indien, wo Diamanten zuerst gefunden wurden. Sp\u00e4ter wurde Antwerpen zur Drehscheibe f\u00fcr alle anderen Diamantenquellen: Brasilien, Afrika, Russland, Australien, Kanada und mehr&#8230;<\/p>\n<p>Heute erwirtschaftet Antwerpen einen Jahresumsatz von mehr als 58,8 Milliarden US-Dollar.<br \/>\nAntwerpen gilt als weltweit gr\u00f6\u00dftes Diamantenhandelszentrum und exportiert seine ber\u00fchmten Idealschliff-Diamanten in die ganze Welt.<\/p>\n<p>Besuchen Sie Ajediams ber\u00fchmte Schleiferei und entdecken Sie die Insider-Geheimnisse des Diamantengesch\u00e4fts. Antwerp World Diamond Centre, Diamond Exchange Bourse ADC-Geb\u00e4ude &#8211; Hoveniersstraat 2, BE-2018 Antwerpen \/ Belgien \/ Europa<\/p><\/div><\/div><\/div><\/div><\/div><\/div> <style>.vc_custom_1552886396531 { border-top-width: 3px !important;border-right-width: 3px !important;border-bottom-width: 3px !important;border-left-width: 3px !important;border-left-color: #e2ebf0 !important;border-left-style: solid !important;border-right-color: #e2ebf0 !important;border-right-style: solid !important;border-top-color: #e2ebf0 !important;border-top-style: solid !important;border-bottom-color: #e2ebf0 !important;border-bottom-style: solid !important;} }<\/style><div class='row vc_row '><div class='col-md-12 '><div style='height: 32px;'><\/div><div class='mb-4'><p><\/p>\n<p style=\"text-align: center;\">Bitte beachten Sie: Zutritt nur mit Einladung. F\u00fcr Ihre pers\u00f6nliche Einladung senden Sie uns bitte eine <a href=\"\/diamonds-from-one-to-20ct\" target=\"_self\" rel=\"noopener noreferrer\">E-Mail<\/a> oder rufen Sie uns an: Tel: + 32 3 808 72 02<\/p>\n<p><\/p><\/div><div class='mb-4'><div class='tab-container'><div class='tab-header d-none d-md-block'><\/div><div class='tab' id='1554450989469-ad36fc1c-5315'><h3 class='tab-title d-block d-md-none'>Reisef\u00fchrer Antwerpen:<\/h3><div class='tab-content'><div class='row '><div class='col-md-6 col-inner'><div class='col-inwrap'><div class='mb-4'><p>Antwerpen ist weniger als zwei Stunden mit dem Zug von Paris,<br \/>\nAmsterdam und Frankfurt entfernt:<br \/>\nEurostar: http:\/\/www.eurostar.com<br \/>\nTGV: http:\/\/www.tgv.com<br \/>\nThalys: http:\/\/www.thalys.com<\/p>\n<p>Preise: ab 36 \u20ac mit m\u00f6glichen Schwankungen je nach Buchungszeitpunkt.<\/p>\n<p>Willkommen in Antwerpen: zwei Stunden mit dem Thalys von Paris,<br \/>\nzwei Stunden mit dem Eurostar von London,<br \/>\nzwei Stunden von D\u00fcsseldorf mit dem Thalys,<br \/>\n1h30 Minuten von Amsterdam mit dem Thalys.<\/p><\/div><\/div><\/div><div class='col-md-3 col-inner'><div class='col-inwrap'><div class='vc-image '><figure><div><img src='https:\/\/ajediam.com\/wp-content\/uploads\/2019\/03\/Antwerp_Royal_Palace_5cm-1-300x188.jpg' alt=''><\/div><\/figure><\/div><\/div><\/div><div class='col-md-3 col-inner'><div class='col-inwrap'><div class='vc-image '><figure><div><img src='https:\/\/ajediam.com\/wp-content\/uploads\/2019\/03\/hoveniersstraat-2-ajediam-300x195.jpg' alt=''><\/div><\/figure><\/div><div class='mb-4'><p><\/p>\n<p style=\"text-align: center;\"><a href=\"https:\/\/ajediam.com\/de\/besuchen-sie-antwerpen-europas-verstecktes-juwel\/\">Antwerpen Sightseeing<\/a><\/p>\n<p><\/p><\/div><\/div><\/div><\/div><\/div><\/div><div class='tab' id='1554450989520-c73697ad-c04d'><h3 class='tab-title d-block d-md-none'>G\u00fcnstige Fl\u00fcge:<\/h3><div class='tab-content'><div class='mb-4'><p>Das Antwerp World Diamond Centre ist in Belgien sehr verkehrsg\u00fcnstig gelegen:<br \/>\n20 Minuten von London City zum internationalen Flughafen Antwerpen,<br \/>\n*Antwerpen International Airport,<br \/>\nLuchthavenlei, B-2100 Antwerpen &#8211; Belgien<br \/>\nTel : +32 (0)3 285 65 00 Fax : +32 (0)3 285 65 01<\/p><\/div><\/div><\/div><div class='tab' id='1554451068363-69a1c869-4fd9'><h3 class='tab-title d-block d-md-none'>Billigflieger:<\/h3><div class='tab-content'><div class='mb-4'><p>Ryanair: http:\/\/www.ryanair.com Easyjet: http:\/\/www.easyjet.com<br \/>\n20 Min. von Br\u00fcssel, 40 Min. von Br\u00fcgge, 1,5 Std. von Amsterdam, 2 Std. von Paris mit dem Thalys, 2,5 Std. von London mit dem Eurostar.<\/p><\/div><\/div><\/div><div class='tab' id='1554451042751-857004f5-4042'><h3 class='tab-title d-block d-md-none'>Zugverbindungen:<\/h3><div class='tab-content'><div class='mb-4'><p>Eurostar: http:\/\/www.eurostar.com TGV: http:\/\/www.tgv.com &#8211; Thalys: http:\/\/www.thalys.com<\/p>\n<p>Finden Sie die perfekte Ferienunterkunft in Antwerpen auf TripAdvisor.<\/p>\n<p><a href=\"https:\/\/ajediam.com\/de\/besuchen-sie-antwerpen-europas-verstecktes-juwel\/\">Antwerpen Sightseeing<\/a>, Informationen \u00fcber die Stadt Antwerpen<\/p><\/div><\/div><\/div><\/div><\/div><div class='row '><div class='col-md-6 col-inner'><div class='col-inwrap'><div class='mb-4'><p><strong>Tipps zum sicheren Kauf von Diamanten im Antwerp World Diamond Center:<\/strong><br \/>\nWie jede gro\u00dfe Diamantenstadt (NY, Dubai) hat auch Antwerpen seine \u201eTouristenfallen\u201c und Juweliere f\u00fcr Massenware, die am Wochenende ge\u00f6ffnet haben,<\/p>\n<p>insbesondere in der Appelmansstraat, Vestingstraat, Keyserlei und Pelikaanstraat.<\/p>\n<p>Gehen Sie daher auf Nummer sicher und besuchen Sie nur offizielle, an der Antwerpener Diamantenb\u00f6rse registrierte Unternehmen.<br \/>\nWir empfehlen Ajediam.<\/p>\n<p>Pr\u00fcfen Sie Google-Rezensionen im Internet: *****<br \/>\najediam+antwerp+reviews<\/p>\n<p><a href=\"https:\/\/ajediam.com\/de\/identifizierung\/test-auf-echte-oder-gefalschte-diamanten\/\">Echte von gef\u00e4lschten Diamanten unterscheiden | Tipps &amp; Tricks<\/a> \/ Vorsicht vor (unreinen) Steinen<br \/>\nStadtplan der Diamantenb\u00f6rse<br \/>\nKaufen Sie die ber\u00fchmten <a href=\"https:\/\/ajediam.com\/de\/vergleichen-sie-die-qualitaeten-von-diamanten\/diamantschliff-tabelle\/\">Triple Excellent, Hearts &amp; Arrows<\/a> Super Ideal Cut Diamanten zum Gro\u00dfhandelspreis bei Ajediam:<br \/>\nBesuchen Sie unsere Schleiferei im Herzen des Antwerpener Diamantenviertels und<br \/>\nw\u00e4hlen Sie Ihre hochwertig geschliffenen Diamanten, Schmuckst\u00fccke und Verlobungsringe aus&#8230;<br \/>\nSie k\u00f6nnen aus einer gro\u00dfen Kollektion an Fassungen w\u00e4hlen.<br \/>\nIn wenigen Stunden wird Ihr Diamant in einen Ring oder ein Schmuckst\u00fcck in der passenden Gr\u00f6\u00dfe gefasst.<\/p><\/div><\/div><\/div><div class='col-md-6 col-inner'><div class='col-inwrap'><div class='vc-image '><figure><div><img src='https:\/\/ajediam.com\/wp-content\/uploads\/2019\/03\/hoveniersstraat-2-ajediam.jpg' alt=''><\/div><\/figure><\/div><div class='mb-4'><p><\/p>\n<p style=\"text-align: center;\"><a href=\"https:\/\/ajediam.com\/de\/besuchen-sie-antwerpen-europas-verstecktes-juwel\/\">Antwerpen Sightseeing<\/a><\/p>\n<p><\/p><\/div><\/div><\/div><\/div><\/div><\/div> <div class='row vc_row '><div class='col-md-3 '><\/div><div class='col-md-3 '><div style='height: 32px;'><\/div><a class='lab-button' href='http:\/\/ajediam.com\/engagement-rings' target='' title='url:http:\/\/ajediam.com\/engagement-rings|'>JETZT SHOPPEN<\/a><\/div><div class='col-md-3 '><div style='height: 32px;'><\/div><a class='lab-button' href='https:\/\/ajediam.com\/de\/schnellanfrageformular\/' target='' title='https:\/\/ajediam.com\/de\/schnellanfrageformula'>ZUM KAUFBERATER<\/a><\/div><div class='col-md-3 '><\/div><\/div> <div class='row vc_row '><div class='col-md-2 '><\/div><div class='col-md-8 '><div style='height: 32px;'><\/div><div class='vc-image '><figure><a href='https:\/\/ajediam.com\/de\/schnellanfrageformular\/' class='d-block'><img src='https:\/\/ajediam.com\/wp-content\/uploads\/2019\/03\/Ajediam_footer_Buy_now_13_03_2015.jpg' alt=''><\/a><\/figure><\/div><\/div><div class='col-md-2 '><\/div><\/div> <\/p>\n","protected":false},"excerpt":{"rendered":"","protected":false},"author":5,"featured_media":0,"parent":153414,"menu_order":0,"comment_status":"closed","ping_status":"closed","template":"","meta":{"ub_ctt_via":"","footnotes":""},"acf":[],"featured_image_src":null,"_links":{"self":[{"href":"https:\/\/ajediam.com\/de\/wp-json\/wp\/v2\/pages\/153941"}],"collection":[{"href":"https:\/\/ajediam.com\/de\/wp-json\/wp\/v2\/pages"}],"about":[{"href":"https:\/\/ajediam.com\/de\/wp-json\/wp\/v2\/types\/page"}],"author":[{"embeddable":true,"href":"https:\/\/ajediam.com\/de\/wp-json\/wp\/v2\/users\/5"}],"replies":[{"embeddable":true,"href":"https:\/\/ajediam.com\/de\/wp-json\/wp\/v2\/comments?post=153941"}],"version-history":[{"count":1,"href":"https:\/\/ajediam.com\/de\/wp-json\/wp\/v2\/pages\/153941\/revisions"}],"predecessor-version":[{"id":153946,"href":"https:\/\/ajediam.com\/de\/wp-json\/wp\/v2\/pages\/153941\/revisions\/153946"}],"up":[{"embeddable":true,"href":"https:\/\/ajediam.com\/de\/wp-json\/wp\/v2\/pages\/153414"}],"wp:attachment":[{"href":"https:\/\/ajediam.com\/de\/wp-json\/wp\/v2\/media?parent=153941"}],"curies":[{"name":"wp","href":"https:\/\/api.w.org\/{rel}","templated":true}]}}