{"id":153943,"date":"2019-04-01T07:16:36","date_gmt":"2019-04-01T07:16:36","guid":{"rendered":"https:\/\/ajediam.com\/vergleichen-sie-die-qualitaeten-von-diamanten\/diamond-cut-chart\/"},"modified":"2026-03-02T13:17:02","modified_gmt":"2026-03-02T13:17:02","slug":"diamantschliff-tabelle","status":"publish","type":"page","link":"https:\/\/ajediam.com\/de\/vergleichen-sie-die-qualitaeten-von-diamanten\/diamantschliff-tabelle\/","title":{"rendered":"Diamantschliff-Tabelle"},"content":{"rendered":"<p><div class='row vc_row '><div class='col-md-12 '><div style='height: 32px;'><\/div><h2 class='section-title'>Was sind die perfekten Proportionen beim Diamantschliff f\u00fcr maximales Funkeln?<\/h2><p>Da der Schliff ein so entscheidendes Thema bei der Diamantenauswahl ist, wird gesch\u00e4tzt, dass 98 % der runden Diamanten<br \/>\neine geringere Schliffqualit\u00e4t aufweisen.<\/p>\n<p>Warum? Der Preis eines Diamanten wird am st\u00e4rksten durch das Karatgewicht beeinflusst und berechnet.<br \/>\nSchleifer und Polierer maximieren das Karatgewicht, anstatt Gewicht f\u00fcr einen besseren Schliff zu \u201eopfern\u201c.<br \/>\nDer Preisunterschied variiert von minus 60 % bis plus 50 %. EIN UNTERSCHIED VON 110 %!<br \/>\nErfahren Sie hier alles dar\u00fcber.<\/p><\/div><\/div> <div class='row vc_row vc_custom_1552886396531'><div class='col-md-3 '><div class='row '><div class='col-md-12 col-inner'><div class='col-inwrap'><div class='vc-image '><figure><div><img src='https:\/\/ajediam.com\/wp-content\/uploads\/2019\/03\/Triple_Excellent_Hearts___Arrows_brilliant_diamond-150x150.jpg' alt=''><\/div><\/figure><\/div><\/div><\/div><\/div><\/div><div class='col-md-9 '><div style='height: 32px;'><\/div><div class='mb-4'><p><a href=\"\/quality-variations-chart\">Die Schliffqualit\u00e4t ist das fehlende Glied bei den Rapaport-Preisen<\/a>, hier nun vervollst\u00e4ndigt.<\/p>\n<p>Dies ist der Grund, warum Sie von -60 % Rabatt bis zu +50 % Aufschlag auf die Preise erhalten k\u00f6nnen! Diamanten mit Ideal- oder Excellent-Schliff erzielen Pr\u00e4mien.<\/p>\n<p>Die Proportionen, das Glitzern, die Helligkeit oder Brillanz und die Sch\u00f6nheit werden durch ideale Proportionen, Symmetrie und den Schliff von Tafel (Table), Krone (Crown), Pavillon und Kalette (Culet) realisiert.<\/p><\/div><\/div><\/div> <style>.vc_custom_1552886396531 { border-top-width: 3px !important;border-right-width: 3px !important;border-bottom-width: 3px !important;border-left-width: 3px !important;border-left-color: #e2ebf0 !important;border-left-style: solid !important;border-right-color: #e2ebf0 !important;border-right-style: solid !important;border-top-color: #e2ebf0 !important;border-top-style: solid !important;border-bottom-color: #e2ebf0 !important;border-bottom-style: solid !important;} }<\/style><div class='row vc_row vc_custom_1552886396531'><div class='col-md-6 '><div class='row '><div class='col-md-12 col-inner'><div class='col-inwrap'><div class='mb-4'><p><\/p>\n<p style=\"text-align: center;\">Ideale Diamant-Proportionen<\/p>\n<p><\/p><\/div><div class='vc-image text-center'><figure><div><img src='https:\/\/ajediam.com\/wp-content\/uploads\/2019\/04\/screenshot-www.ajediam.com-2019.04.01-11-08-48.png' alt=''><\/div><\/figure><\/div><\/div><\/div><\/div><\/div><div class='col-md-6 '><div style='height: 32px;'><\/div><div class='mb-4'><p>Sie m\u00fcssen kein Experte werden.<br \/>\nVertrauen Sie den Ergebnissen der Graduierungslabore GIA und HRD. Alles ist auf dem Zertifikat vermerkt. Wir zeigen Ihnen Details zum Schliff nur, um zu verstehen, wie er funktioniert:<\/p><\/div><\/div><\/div> <style>.vc_custom_1552886396531 { border-top-width: 3px !important;border-right-width: 3px !important;border-bottom-width: 3px !important;border-left-width: 3px !important;border-left-color: #e2ebf0 !important;border-left-style: solid !important;border-right-color: #e2ebf0 !important;border-right-style: solid !important;border-top-color: #e2ebf0 !important;border-top-style: solid !important;border-bottom-color: #e2ebf0 !important;border-bottom-style: solid !important;} }<\/style><div class='row vc_row '><div class='col-md-12 '><div style='height: 32px;'><\/div><div class='mb-4'><p>Finden Sie hier heraus, wie Sie Diamantschliffe bewerten:<\/p>\n<p><strong>Das Schleifen und Polieren von Diamanten ist die Kunst, das K\u00f6nnen und die Wissenschaft, einen Rohstein in einen brillanten Diamanten zu verwandeln.<\/strong><br \/>\n\u201eSchliff\u201c (Cut) hat in Bezug auf Diamanten zwei Bedeutungen.<br \/>\nDie erste ist die Form (Shape): rund, oval und so weiter.<br \/>\nDie zweite bezieht sich auf die spezifische Qualit\u00e4t des Schliffs innerhalb der Form; Qualit\u00e4t und Preis variieren je nach Schliffqualit\u00e4t enorm.<br \/>\nLesen Sie mehr bei Wikipedia \u00fcber die Kunst des Diamantschleifens.<\/p>\n<p>Die Form ist das Modell des Diamanten, wie rund, oval, birnenf\u00f6rmig (Pear), Princess und mehr. Der Schliff bezieht sich auf die Proportionen und den Grad der Endbearbeitung (Finish Grade).<\/p>\n<p><strong>Der Schliff ist das wichtigste Element zur Brillanz-Reflektion<\/strong> und l\u00e4sst sich durch 3 separate Beschreibungen bestimmen:<br \/>\nDer Schliff ist das wichtigste Element, um Brillanz (Brilliance), Funkeln (Scintillation) und Feuer (Fire) zu steuern.<\/p><\/div><div class='mb-4'><p><\/p>\n<h3>Wie der Diamantschliff Sch\u00f6nheit und Preis beeinflusst: <a href=\"https:\/\/ajediam.com\/de\/vergleichen-sie-die-qualitaeten-von-diamanten\/tabelle-der-qualitatsschwankungen\/\"><em>Sehen Sie sich die Tabelle der Qualit\u00e4tsvariationen an<\/em><\/a><\/h3>\n<p>Die funkelnde Qualit\u00e4t des Schliffs wird durch 3 separate Faktoren bestimmt:<\/p>\n<p><strong>1. Proportionen<\/strong><br \/>\n<strong>2. Politur (Polish)<\/strong><br \/>\n<strong>3. Symmetrie<\/strong><\/p>\n<p><strong>Was sind Ideal-Cut-Diamanten?<\/strong><\/p>\n<p><strong>Wichtiger Hinweis<\/strong><br \/>\nWenn Sie nicht den Verstand verlieren wollen, um den besten Schliff selbst herauszufinden&#8230;<\/p>\n<h4>Wenn Sie kein Fachmann oder mit der Schliffgraduierung vertraut sind,<br \/>\nvertrauen Sie dem unabh\u00e4ngigen, besten gemmologischen Labor:<br \/>\nGIA, HRD oder IGI<\/h4>\n<h4>Pr\u00fcfen Sie den losen Diamanten und das Original-Graduierungsdokument<br \/>\nbeim Diamant\u00e4r.<\/h4>\n<p>Vertrauensw\u00fcrdige Graduierungen und Diamant-Zertifikate stammen meist von:<br \/>\nHRD \u2013 Hoher Rat f\u00fcr Diamanten des Antwerp World Diamond Center (gemeinn\u00fctzig!)<br \/>\nIGI \u2013 International Gemological Institute <a href=\"https:\/\/ajediam.com\/de\/identifizierung\/bilder-von-authentischen-diamantenzertifikaten\/\">Diamant-Zertifikat ansehen<\/a><br \/>\nGIA \u2013 Gemological Institute of America<\/p>\n<p><strong>Wie Diamantlabore den Schliff bewerten: Proportionen &#8211; Politur &#8211; Symmetrie<\/strong><\/p>\n<p><strong>1. Proportionen<\/strong><br \/>\nZu flach und\/oder zu tief geschliffene Diamanten verlieren Brillanz durch die Seiten und den Boden.<br \/>\nDas Ergebnis ist ein stumpfer Diamant mit weniger Brillanz, was den Endwert in Bezug auf Qualit\u00e4t und Preis beeintr\u00e4chtigt!<br \/>\nBewertungen: Excellent, Very Good, Good, Fair, Poor oder Unusual<\/p>\n<p><strong>2. Politur (Polish)<\/strong><br \/>\nDer Grad der Endbearbeitung oder Politur f\u00fcr ideale Diamantschliffe wird wie folgt beschrieben:<br \/>\nAlle Facetten eines Diamanten werden sorgf\u00e4ltig poliert, um alle Unvollkommenheiten wie Absch\u00fcrfungen,<br \/>\nKratzer, Kerben und Polierspuren auf der Oberfl\u00e4che zu beseitigen, um den Spiegelglanz und den finalen Schliff f\u00fcr die Sch\u00f6nheit zu verleihen.<br \/>\nPolitur-Bewertung: Excellent, Very Good, Good, Fair, Poor oder Unusual<\/p>\n<p><strong>3. Symmetrie<\/strong><br \/>\nist das Gleichgewicht und die Regelm\u00e4\u00dfigkeit\/Gleichm\u00e4\u00dfigkeit der Facetten.<br \/>\nFacetten werden in gegen\u00fcberliegenden Paaren verglichen und wie folgt definiert:<br \/>\nSymmetrie-Bewertung: Excellent, Very Good, Good, Fair, Poor oder Unusual<\/p>\n<p><strong>Triple Excellent Schliff<\/strong><br \/>\nWenn Proportionen, Politur und Symmetrie mit \u201eExcellent\u201c bewertet werden, nennt man dies Triple Excellent.<\/p>\n<p><strong>Ideal Cut = Perfect Cut = Triple Excellent + Hearts &amp; Arrows = Bester Wert!<\/strong><br \/>\nWenn Proportionen, Politur und Symmetrie mit \u201eExcellent\u201c bewertet werden.<\/p>\n<p><strong>4. <a href=\"https:\/\/ajediam.com\/de\/vergleichen-sie-die-qualitaeten-von-diamanten\/herzen-und-pfeile\/\">Hearts and Arrows<\/a> \u2013 Erfahren Sie alles \u00fcber die Kr\u00f6nung der Schleifkunst.<\/strong><\/p>\n<p><strong>Ma\u00dfe f\u00fcr runde Brillanten \u2013 Ma\u00dfe f\u00fcr Fantasieschliffe (Fancy Cuts)<\/strong><\/p>\n<p><strong>Ich wiederhole es noch einmal:<\/strong><br \/>\nWenn Sie sich nicht den Kopf zerbrechen wollen, um den besten Schliff selbst zu finden&#8230; Wenn Sie kein Fachmann sind, vertrauen Sie<br \/>\nder unabh\u00e4ngigen Graduierung eines renommierten GIA-, HRD- oder IGI-Labors. Betrachten Sie den Diamanten am besten lose und zusammen mit seinem Original-Zertifikat<br \/>\nbeim Diamant\u00e4r.<br \/>\nWenn Sie unsicher sind, vertrauen Sie der Meinung des Experten \u2013 der unabh\u00e4ngigen Graduierung durch ein renommiertes gemmologisches Labor!<\/p>\n<p><\/p><\/div><\/div><\/div> <div class='row vc_row '><div class='col-md-12 '><div class='mb-4'><p><\/p>\n<div><span class=\"size11 Helvetica11\" style=\"color: #3a60a0; font-family: Helvetica, Arial, sans-serif;\"><b>Proportionen: <\/b><\/span><span class=\"size11 Helvetica11\" style=\"color: #3a60a0; font-family: Helvetica, Arial, sans-serif;\">\u00a0 \u00a0 \u00a0 \u00a0 \u00a0 \u00a0 \u00a0 \u00a0 \u00a0 Gesamttiefe %\u00a0 \u00a0 \u00a0 \u00a0 \u00a0 \u00a0Tafel %\u00a0 \u00a0 \u00a0 \u00a0 \u00a0 \u00a0 \u00a0 Krone %\u00a0 \u00a0 \u00a0 \u00a0 Kronenwinkel \u00b0\u00a0 \u00a0 Pavillon %\u00a0 \u00a0 \u00a0 \u00a0 \u00a0Pavillonwinkel \u00b0<br \/>\n<\/span><\/div>\n<div><\/div>\n<div><span class=\"size11 Helvetica11\" style=\"color: #3a60a0; font-family: Helvetica, Arial, sans-serif;\">Excellent:\u00a0 \u00a0 \u00a0 \u00a0 \u00a0 \u00a0 \u00a0 \u00a0 \u00a0 \u00a0 \u00a0 \u00a0 \u00a0 58.0 &#8211; 63.5\u00a0 \u00a0 \u00a0 \u00a0 \u00a0 \u00a0 \u00a0 \u00a052.0 &#8211; 63.0\u00a0 \u00a0 \u00a0 \u00a0 \u00a012.0 &#8211; 16.5\u00a0 \u00a0 \u00a0 \u00a031.5 &#8211; 36.5\u00a0 \u00a0 \u00a0 \u00a0 42.0 &#8211; 44.5\u00a0 \u00a0 \u00a0 \u00a0 40.0\u00b0 &#8211; 41.7\u00b0<br \/>\n<\/span><\/div>\n<div><\/div>\n<div><span class=\"size11 Helvetica11\" style=\"color: #3a60a0; font-family: Helvetica, Arial, sans-serif;\">Very Good:\u00a0 \u00a0 \u00a0 \u00a0 \u00a0 \u00a0 \u00a0 \u00a0 \u00a0 \u00a0 \u00a0 \u00a0 55.0 &#8211; 65.5\u00a0 \u00a0 \u00a0 \u00a0 \u00a0 \u00a0 \u00a0 \u00a052.0 &#8211; 66.0\u00a0 \u00a0 \u00a0 \u00a0 \u00a010.0 &#8211; 17.5\u00a0 \u00a0 \u00a0 \u00a028.5 &#8211; 38.0\u00a0 \u00a0 \u00a0 \u00a0 41.5 &#8211; 45.0\u00a0 \u00a0 \u00a0 \u00a0 39.7\u00b0 &#8211; 42.3\u00b0<br \/>\n<\/span><\/div>\n<div><\/div>\n<div><span class=\"size11 Helvetica11\" style=\"color: #3a60a0; font-family: Helvetica, Arial, sans-serif;\">Good:\u00a0 \u00a0 \u00a0 \u00a0 \u00a0 \u00a0 \u00a0 \u00a0 \u00a0 \u00a0 \u00a0 \u00a0 \u00a0 \u00a0 \u00a0 \u00a0 53.0 &#8211; 69.0\u00a0 \u00a0 \u00a0 \u00a0 \u00a0 \u00a0 \u00a0 \u00a050.0 &#8211; 70.0\u00a0 \u00a0 \u00a0 \u00a0 \u00a0 8.5 &#8211; 19.0\u00a0 \u00a0 \u00a0 \u00a0 26.0 &#8211; 40.0\u00a0 \u00a0 \u00a0 \u00a041.0 &#8211; 46.5\u00a0 \u00a0 \u00a0 \u00a0 39.4\u00b0 &#8211; 42.9\u00b0<br \/>\n<\/span><\/div>\n<div><\/div>\n<div><span class=\"size11 Helvetica11\" style=\"color: #3a60a0; font-family: Helvetica, Arial, sans-serif;\">Fair &amp; poor:\u00a0 \u00a0 \u00a0 \u00a0 \u00a0 \u00a0 \u00a0 \u00a0 \u00a0 \u00a0 \u00a0 \u00a0weniger als\u00a0 \u00a0 \u00a0 \u00a0 \u00a0 \u00a0 \u00a0 \u00a0 \u00a0 weniger als\u00a0 \u00a0 \u00a0 \u00a0 \u00a0 \u00a0 weniger als\u00a0 \u00a0 \u00a0 \u00a0 \u00a0weniger als\u00a0 \u00a0 \u00a0 \u00a0 \u00a0weniger als\u00a0 \u00a0 \u00a0 \u00a0 \u00a0 \u00a0weniger als<br \/>\n<\/span><\/div>\n<p><\/p><\/div><div class='mb-4'><p><\/p>\n<p>Dies ist ein Textblock. Klicken Sie auf den Bearbeiten-Button, um diesen Text zu \u00e4ndern. Hier k\u00f6nnen weitere spezifische Informationen zu den Schliffdetails erg\u00e4nzt werden.<\/p>\n<p><\/p><\/div><\/div><\/div> <div class='row vc_row '><div class='col-md-12 '><div class='mb-4'><p><\/p>\n<div><span class=\"size14 Helvetica14\" style=\"color: #000000; font-family: Helvetica, Arial, sans-serif;\">Ungef\u00e4hre ideale Proportionen f\u00fcr Fantasieformen (Fancy Shapes):<br \/>\n<\/span><\/div>\n<div><span class=\"size12 Helvetica12\" style=\"color: #000000; font-family: Helvetica, Arial, sans-serif;\">Bitte beachten Sie, dass es f\u00fcr Fantasieformen keine allgemeing\u00fcltigen \u201eidealen Proportionen\u201c gibt: Sie sind Fantasieformen!<br \/>\n<\/span><\/div>\n<div><span class=\"size8 Helvetica8\" style=\"color: #000000; font-family: Helvetica, Arial, sans-serif;\"><b><\/b><br \/>\n<\/span><\/div>\n<div><span style=\"color: #000000;\"><span class=\"size12 Helvetica12\" style=\"font-family: Helvetica, Arial, sans-serif;\">Form<\/span><span class=\"size12 Helvetica12\" style=\"font-family: Helvetica, Arial, sans-serif;\">\u00a0 \u00a0 \u00a0 \u00a0 \u00a0 \u00a0ideale L\u00e4nge\u00a0 \u00a0 \u00a0 \u00a0 \u00a0 Breite<br \/>\n<\/span><\/span><\/div>\n<div><span class=\"size8 Helvetica8\" style=\"color: #000000; font-family: Helvetica, Arial, sans-serif;\"><b><\/b><br \/>\n<\/span><\/div>\n<div><span style=\"color: #000000;\"><span class=\"size12 Helvetica12\" style=\"font-family: Helvetica, Arial, sans-serif;\"><b>Oval<\/b><\/span><span class=\"size12 Helvetica12\" style=\"font-family: Helvetica, Arial, sans-serif;\">\u00a0 \u00a0 \u00a0 \u00a0 \u00a0 \u00a0 \u00a01.30 bis 1.68\u00a0 \u00a0 \u00a0 \u00a0 \u00a0 1.00<br \/>\n<\/span><\/span><\/div>\n<div><span class=\"size8 Helvetica8\" style=\"color: #000000; font-family: Helvetica, Arial, sans-serif;\"><b><\/b><br \/>\n<\/span><\/div>\n<div><span style=\"color: #000000;\"><span class=\"size12 Helvetica12\" style=\"font-family: Helvetica, Arial, sans-serif;\"><b>Marquise<\/b><\/span><span class=\"size12 Helvetica12\" style=\"font-family: Helvetica, Arial, sans-serif;\">\u00a0 \u00a0 1.75 bis 2.25\u00a0 \u00a0 \u00a0 \u00a0 \u00a0 1.00<br \/>\n<\/span><\/span><\/div>\n<div><span class=\"size8 Helvetica8\" style=\"color: #000000; font-family: Helvetica, Arial, sans-serif;\"><b><\/b><br \/>\n<\/span><\/div>\n<div><span style=\"color: #000000;\"><span class=\"size12 Helvetica12\" style=\"font-family: Helvetica, Arial, sans-serif;\"><b>Princess<\/b><\/span><span class=\"size12 Helvetica12\" style=\"font-family: Helvetica, Arial, sans-serif;\">\u00a0 \u00a0 \u00a01.00 bis 1.10\u00a0 \u00a0 \u00a0 \u00a0 \u00a0 1.00<br \/>\n<\/span><\/span><\/div>\n<div><span class=\"size8 Helvetica8\" style=\"color: #000000; font-family: Helvetica, Arial, sans-serif;\"><b><\/b><br \/>\n<\/span><\/div>\n<div><span style=\"color: #000000;\"><span class=\"size12 Helvetica12\" style=\"font-family: Helvetica, Arial, sans-serif;\"><b>Pear (Birne)<\/b><\/span><span class=\"size12 Helvetica12\" style=\"font-family: Helvetica, Arial, sans-serif;\">\u00a0 \u00a0 \u00a0 \u00a0 \u00a0 1.50 bis 1.75\u00a0 \u00a0 \u00a0 \u00a0 \u00a0 1.00<br \/>\n<\/span><\/span><\/div>\n<div><span class=\"size8 Helvetica8\" style=\"color: #000000; font-family: Helvetica, Arial, sans-serif;\"><b><\/b><br \/>\n<\/span><\/div>\n<div><span style=\"color: #000000;\"><span class=\"size12 Helvetica12\" style=\"font-family: Helvetica, Arial, sans-serif;\"><b>Herz<\/b><\/span><span class=\"size12 Helvetica12\" style=\"font-family: Helvetica, Arial, sans-serif;\">\u00a0 \u00a0 \u00a0 \u00a0 \u00a0 \u00a0 1.00 bis 1.10\u00a0 \u00a0 \u00a0 \u00a0 \u00a01.00<br \/>\n<\/span><\/span><\/div>\n<div><span class=\"size8 Helvetica8\" style=\"color: #000000; font-family: Helvetica, Arial, sans-serif;\"><b><\/b><br \/>\n<\/span><\/div>\n<div><span style=\"color: #000000;\"><span class=\"size12 Helvetica12\" style=\"font-family: Helvetica, Arial, sans-serif;\"><b>Smaragd (Emerald)<\/b><\/span><span class=\"size12 Helvetica12\" style=\"font-family: Helvetica, Arial, sans-serif;\">\u00a0 1.50 bis 1.75\u00a0 \u00a0 \u00a0 \u00a0 \u00a0 1.00<br \/>\n<\/span><\/span><\/div>\n<div><span class=\"size8 Helvetica8\" style=\"color: #000000; font-family: Helvetica, Arial, sans-serif;\"><b><\/b><br \/>\n<\/span><\/div>\n<div align=\"left\"><span class=\"size12 Helvetica12\" style=\"color: #000000; font-family: Helvetica, Arial, sans-serif;\">Der Tiefenprozentsatz eines Fantasieschliff-Diamanten wird im Allgemeinen durch die Division des Verh\u00e4ltnisses von L\u00e4nge zu Breite bestimmt.<\/span><\/div>\n<p><\/p><\/div><\/div><\/div> <div class='row vc_row '><div class='col-md-3 '><\/div><div class='col-md-3 '><a class='lab-button' href='http:\/\/ajediam.com\/engagement-rings' target='' title='url:http:\/\/ajediam.com\/engagement-rings|'>JETZT SHOPPEN<\/a><\/div><div class='col-md-3 '><a class='lab-button' href='\/our-quick-inquiry-form\/' target='' title='make inquiry'>make inquiry<\/a><\/div><div class='col-md-3 '><\/div><\/div> <div class='row vc_row '><div class='col-md-12 '><div style='height: 32px;'><\/div><div class='mb-4'><p><\/p>\n<p style=\"text-align: center;\">Lernen Sie in einer Minute alles \u00fcber Diamanten: <a href=\"https:\/\/ajediam.com\/de\/identifizierung\/die-3-besten-schulen-fur-die-diamantenbewertung\/\">Kostenloser Diamantenkurs f\u00fcr Einsteiger.<\/a><\/p>\n<p><\/p><\/div><\/div><\/div> <div class='row vc_row '><div class='col-md-2 '><\/div><div class='col-md-8 '><div style='height: 32px;'><\/div><div class='vc-image '><figure><a href='https:\/\/ajediam.com\/de\/schnellanfrageformular\/' class='d-block'><img src='https:\/\/ajediam.com\/wp-content\/uploads\/2019\/03\/Ajediam_footer_Buy_now_13_03_2015.jpg' alt=''><\/a><\/figure><\/div><\/div><div class='col-md-2 '><\/div><\/div> <\/p>\n","protected":false},"excerpt":{"rendered":"","protected":false},"author":5,"featured_media":0,"parent":153402,"menu_order":0,"comment_status":"closed","ping_status":"closed","template":"","meta":{"ub_ctt_via":"","footnotes":""},"acf":[],"featured_image_src":null,"_links":{"self":[{"href":"https:\/\/ajediam.com\/de\/wp-json\/wp\/v2\/pages\/153943"}],"collection":[{"href":"https:\/\/ajediam.com\/de\/wp-json\/wp\/v2\/pages"}],"about":[{"href":"https:\/\/ajediam.com\/de\/wp-json\/wp\/v2\/types\/page"}],"author":[{"embeddable":true,"href":"https:\/\/ajediam.com\/de\/wp-json\/wp\/v2\/users\/5"}],"replies":[{"embeddable":true,"href":"https:\/\/ajediam.com\/de\/wp-json\/wp\/v2\/comments?post=153943"}],"version-history":[{"count":1,"href":"https:\/\/ajediam.com\/de\/wp-json\/wp\/v2\/pages\/153943\/revisions"}],"predecessor-version":[{"id":153945,"href":"https:\/\/ajediam.com\/de\/wp-json\/wp\/v2\/pages\/153943\/revisions\/153945"}],"up":[{"embeddable":true,"href":"https:\/\/ajediam.com\/de\/wp-json\/wp\/v2\/pages\/153402"}],"wp:attachment":[{"href":"https:\/\/ajediam.com\/de\/wp-json\/wp\/v2\/media?parent=153943"}],"curies":[{"name":"wp","href":"https:\/\/api.w.org\/{rel}","templated":true}]}}