{"id":153947,"date":"2019-05-01T12:12:02","date_gmt":"2019-05-01T12:12:02","guid":{"rendered":"https:\/\/ajediam.com\/diamantenhandel\/international-diamond-center\/"},"modified":"2026-03-02T14:40:49","modified_gmt":"2026-03-02T14:40:49","slug":"internationales-diamantenzentrum","status":"publish","type":"page","link":"https:\/\/ajediam.com\/de\/diamantenhandel\/internationales-diamantenzentrum\/","title":{"rendered":"Internationales Diamantenzentrum"},"content":{"rendered":"<p>Hier ist die vollst\u00e4ndige \u00dcbersetzung unter strikter Beibehaltung der WPBakery-Shortcodes und der HTML-Struktur. Fachbegriffe wie \u201eBourse\u201c, \u201eRough Diamond\u201c und die institutionellen Namen wurden pr\u00e4zise lokalisiert oder als Branchenstandard beibehalten.<\/p>\n<p><div class='row vc_row '><div class='col-md-12 '><h2 class='section-title'>Verzeichnis der internationalen Diamantenzentren und Diamantenb\u00f6rsen weltweit: Antwerpen ist seit dem 13. Jahrhundert das internationale Diamantenzentrum und gilt als das Weltzentrum f\u00fcr Diamanten<\/h2><div class='mb-4'><p>Antwerpen ist die weltweit gr\u00f6\u00dfte internationale Diamantenb\u00f6rse und das bedeutendste Handelszentrum mit einem Jahresumsatz von \u00fcber 58,8 Milliarden US-Dollar.<br \/>\nAntwerpen liegt im niederl\u00e4ndischsprachigen Teil Belgiens \/ Europa: Antwerp World Diamond Center.<\/p>\n<p>Hier finden Sie umfassende Informationen \u00fcber die verschiedenen regionalen internationalen Diamantenzentren und Diamantenb\u00f6rsen der Welt, alphabetisch sortiert nach L\u00e4ndern: \u00d6sterreich | China | England (UK) | Deutschland | Indien | Israel | Italien | Japan | Niederlande | Russland | Singapur | Thailand | S\u00fcdafrika | VAE | USA<\/p>\n<p><a href=\"\/international-diamond-center\">Finden Sie die besten Diamantenunternehmen in Antwerpen<\/a> und genie\u00dfen Sie eine <a href=\"\/visit-antwerp\">sch\u00f6ne Sightseeing-Tour<\/a>. <a href=\"\/diamonds-from-one-to-20ct\">E-Mail<\/a> Tel: + 32 3 808 72 02<\/p>\n<p><\/p><\/div><\/div><\/div> <div class='row vc_row vc_custom_1552886396531'><div class='col-md-12 '><div class='row '><div class='col-md-4 col-inner'><div class='col-inwrap'><div class='vc-image text-center'><figure><a href='' class='d-block'><img src='https:\/\/ajediam.com\/wp-content\/uploads\/2019\/03\/The_Diamond_Centre_Diamond_Bourse_close_up-300x197.jpg' alt=''><\/a><\/figure><\/div><div class='mb-4'><p>Antwerpener Diamantenb\u00f6rse<br \/>\n#1 Weltzentrum f\u00fcr Diamanten<br \/>\nADC Geb\u00e4ude<\/p><\/div><div class='vc-image text-center'><figure><div><img src='https:\/\/ajediam.com\/wp-content\/uploads\/2019\/05\/International_Diamond_Center__element149-300x200.jpg' alt=''><\/div><\/figure><\/div><div class='mb-4'><p>Blick auf die wichtigste Diamantenb\u00f6rse Antwerpens, Antwerpsche Diamantkring, Hoveniersstraat 2, 2018 Antwerpen<\/p><\/div><\/div><\/div><div class='col-md-8 col-inner'><div class='col-inwrap'><div class='mb-4'><p>Vollst\u00e4ndige Informationen \u00fcber die Antwerpener Diamantenb\u00f6rse,<br \/>\ndas World Diamond Centre<br \/>\nund andere internationale Diamantenzentren weltweit.<\/p>\n<p>Antwerpen ist das gr\u00f6\u00dfte Diamantenzentrum der Welt,<br \/>\nSitz der 4 wichtigsten Diamantenb\u00f6rsen und<br \/>\nvon \u00fcber 1.500 Diamantenunternehmen. Hier finden Sie alle Details.<\/p>\n<p>An- und Verkauf von Rohdiamanten und geschliffenen Diamanten zum richtigen Preis sowie die Suche nach erstklassigen K\u00e4ufern und Lieferanten.<br \/>\nAntwerpen ist der zentrale Ort f\u00fcr das weltweite Diamantengesch\u00e4ft, Import und Export.<\/p><\/div><div class='mb-4'><p><\/p>\n<h4>Informationen zum Antwerp World Diamond Centre:<\/h4>\n<ul>\n<li><a href=\"\/international-diamond-center\">Die besten Diamantenunternehmen in Antwerpen finden<\/a><\/li>\n<li><a href=\"\/international-diamond-center\">Diamond Office: Import &#8211; Export Verfahren<\/a><\/li>\n<li><a href=\"\/international-diamond-center\">Diamantenb\u00f6rsen in Antwerpen<\/a><\/li>\n<li><a href=\"\/antwerp-diamonds\">Stadtplan Antwerpen &amp; Routenplaner &#8211; Diamantenzentrum<\/a><\/li>\n<li><a href=\"\/antwerp-diamonds\">Geschichte des Antwerpener Diamantenzentrums<\/a><\/li>\n<li>Alle weiteren lokalen Diamantenzentren finden Sie unten<\/li>\n<li>Alle Diamantenb\u00f6rsen der Welt finden Sie unten<\/li>\n<\/ul>\n<p><\/p><\/div><\/div><\/div><\/div><\/div><\/div> <style>.vc_custom_1552886396531 { border-top-width: 3px !important;border-right-width: 3px !important;border-bottom-width: 3px !important;border-left-width: 3px !important;border-left-color: #e2ebf0 !important;border-left-style: solid !important;border-right-color: #e2ebf0 !important;border-right-style: solid !important;border-top-color: #e2ebf0 !important;border-top-style: solid !important;border-bottom-color: #e2ebf0 !important;border-bottom-style: solid !important;} }<\/style><div class='row vc_row '><div class='col-md-3 '><\/div><div class='col-md-3 '><div style='height: 32px;'><\/div><a class='lab-button' href='https:\/\/www.ajediam.com\/engagement_rings.html' target='' title='url:https:\/\/www.ajediam.com\/engagement_rings.html|'>JETZT SHOPPEN<\/a><\/div><div class='col-md-3 '><div style='height: 32px;'><\/div><a class='lab-button' href='https:\/\/www.ajediam.com\/Diamonds_from_one_to_20ct.html' target='' title='url:https:\/\/www.ajediam.com\/Diamonds_from_one_to_20ct.html|'>ZUM KAUFBERATER<\/a><\/div><div class='col-md-3 '><\/div><\/div> <div class='row vc_row '><div class='col-md-12 '><h2 class='section-title'>Antwerpener Diamantenb\u00f6rse, internationales Weltzentrum f\u00fcr Diamanten:<\/h2><div class='mb-4'><p><\/p>\n<h4>Diamantenunternehmen in Antwerpen:<\/h4>\n<ul>\n<li>Ajediam Ltd, Antwerp Jewels &amp; Diamonds Manufacturers: Import von Rohdiamanten &#8211; Diamantenherstellung, Schleifen und Polieren &#8211; Gro\u00dfhandel <a>Ihr vertrauensw\u00fcrdiges Diamantenunternehmen<\/a><\/li>\n<li>Mitglied des Hohen Rates f\u00fcr Diamanten &#8211; HRD Lizenz 23315<\/li>\n<li>Mitglied des Diamond Office, Registrierungsnummer 9610<\/li>\n<li>Registriert bei der Nationalbank f\u00fcr Antwerpener Diamantenunternehmen unter der Lizenz BE-0478 926 810 Kundenzufriedenheitsprogramm:<\/li>\n<li>48-Stunden-Lieferung, keine Versand- oder Versicherungskosten. F\u00fcnf (5) Jahre Garantie und kostenloser Service.<\/li>\n<li><a href=\"\/diamond-buyback\">Lebenslange R\u00fcckkaufgarantie<\/a> &#8211; Erfahren Sie, wie das m\u00f6glich ist<\/li>\n<li>Ihr vertrauensw\u00fcrdiges Diamantenunternehmen mit den 5 Cs: Carat, Color, Clarity, Cut &amp; Confidence (Vertrauen).<\/li>\n<li>Renommierte Diamantschleifer seit mehr als 25 Jahren.<\/li>\n<li><a href=\"\/bank-references\">Bankreferenzen<\/a><\/li>\n<\/ul>\n<p>Standort \/ Adresse: Antwerp World Diamond Centre, Diamantenb\u00f6rse, Antwerpsche Diamantkring<br \/>\nJan Huts, Senior Diamantaire &#8211; CEO Tel: + 32 3 808 72 02<br \/>\nAntwerp World Diamond Centre, Diamond Exchange Diamantkring &#8211; Hoveniersstraat 19, BE-2018 Antwerpen \/ Belgien \/ Europa<br \/>\n<strong>Bitte beachten Sie!<\/strong> Zutritt nur mit Einladung. F\u00fcr Ihre Einladung senden Sie bitte eine <a href=\"\/diamonds-from-one-to-20ct\" target=\"_self\" rel=\"noopener noreferrer\">E-Mail <\/a>oder rufen Sie an: Tel: + 32 3 808 72 02<\/p>\n<p>Wir garantieren, dass alle Diamanten konfliktfrei sind und aus legitimen Quellen bezogen wurden,<br \/>\ndie nicht an der Finanzierung von Konflikten beteiligt sind, in \u00dcbereinstimmung mit den Resolutionen der Vereinten Nationen.<\/p>\n<p>Diamantschmuck Gro\u00dfhandel &#8222;Ajediam&#8220; CMR Inc.<br \/>\nDiamantenb\u00f6rse &#8222;Antwerpsche Diamantkring&#8220;<br \/>\nHoveniersstraat 2, Erdgeschoss Suiten 007 &#8211; 006<br \/>\nBE-2018 Antwerpen, Europa, Belgien<br \/>\n<strong>Bitte beachten Sie!<\/strong> Zutritt nur mit Einladung. F\u00fcr Ihre Einladung senden Sie bitte eine <a href=\"\/diamonds-from-one-to-20ct\" target=\"_self\" rel=\"noopener noreferrer\">E-Mail<\/a> oder rufen Sie an: Tel: + 32 3 808 72 02<\/p>\n<p>Umfassende Informationen \u00fcber das Diamantenviertel, die B\u00f6rsen und Unternehmen:<\/p>\n<p><strong>Alle Antwerpener Diamantenfirmen finden:<\/strong> http:\/\/www.kompassdiamonds.com<\/p>\n<p><strong>Diamantenviertel:<\/strong><\/p>\n<ul>\n<li><strong>Import &#8211; Export Dienstleistungen<\/strong> &#8211; Kontakt &amp; Informationen zum <strong>Diamond Office &amp; Zoll<\/strong><br \/>\nDas Diamond Office unterst\u00fctzt H\u00e4ndler bei der Erf\u00fcllung aller gesetzlichen Anforderungen f\u00fcr den Import und Export von<br \/>\nDiamanten, einschlie\u00dflich Lizenzverfahren. Es koordiniert Sicherheitsma\u00dfnahmen f\u00fcr den Warenverkehr.<br \/>\nHinweis: Das Diamond Office kauft oder verkauft selbst keine Diamanten und ist nicht am Versand beteiligt.<br \/>\n<strong>Diamond Office:<\/strong> Tel: +32 (0)3 222 05 31 E-Mail: diof@awdc.be &#8211; Website: http:\/\/www.awdc.be\/diamond-office<\/li>\n<li><strong>Hoher Rat f\u00fcr Diamanten &#8211; HRD Worldwide<\/strong> http:\/\/www.hrd.be<br \/>\nDer Hauptsitz des HRD befindet sich im Herzen des Antwerp World Diamond Center.<br \/>\nHRD &#8211; Hoveniersstraat 22 &#8211; B-2018 Antwerpen, Belgien, Europa Tel. + 32 3 222 07 01<\/li>\n<li><strong>Diamantenmuseum:<\/strong> Provinciaal Diamantmuseum Antwerpen<br \/>\nDas wundervolle <a href=\"\/visit-antwerp-diamond-museum\">Antwerpener Diamantenmuseum<\/a><br \/>\nNeuer Standort: MAS | Museum aan de Stroom<br \/>\nHanzestedenplaats 1, 2000 Antwerpen<\/li>\n<li><strong>Diamantenb\u00f6rsen in Antwerpen:<\/strong><br \/>\nDie 4 wichtigsten Diamantenb\u00f6rsen der Welt befinden sich in Antwerpen:<\/li>\n<li><strong>Antwerpsche Diamantkring<\/strong> CVBA<br \/>\nHoveniersstraat 2, 2018 Antwerpen<\/li>\n<li><strong>World Federation of Diamond Exchanges (WFDE)<\/strong><br \/>\nGeneralsekretariat, Pelikaanstraat 62, 2018 Antwerpen \u2013 Belgien<\/li>\n<li><strong>Federation of Belgian Diamond Exchanges<\/strong><br \/>\nAntwerpen, Tel. +32 (0)3 234 07 78<\/li>\n<li><strong>Beurs voor Diamanthandel<\/strong><br \/>\nPelikaanstraat 78, 2018 Antwerpen<\/li>\n<li><strong>Vrije Diamanthandel nv<\/strong><br \/>\nPelikaanstraat 62, 2018 Antwerpen<\/li>\n<li><strong>Diamantclub van Antwerpen CVBA<\/strong><br \/>\nPelikaanstraat 62, 2018 Antwerpen<\/li>\n<li><strong>Syndikaat der Belgische Diamantnijverheid<\/strong><br \/>\nTel:+ 32 3 232 46 60<\/li>\n<\/ul>\n<p><\/p><\/div><\/div><\/div> <div class='row vc_row '><div class='col-md-12 '><div class='mb-4'><p><\/p>\n<h4>Andere regionale &#8222;internationale&#8220; Diamantenzentren und B\u00f6rsen weltweit<\/h4>\n<p>Vollst\u00e4ndige Informationen \u00fcber weitere Diamantenzentren weltweit, alphabetisch nach L\u00e4ndern sortiert:<\/p>\n<p><strong><a href=\"\/intl-german\">\u00d6sterreich \u2013 Wien<\/a><\/strong><br \/>\nDIAMANT-CLUB WIEN<br \/>\nSpiegelgasse 2, 1010 WIEN \/ \u00d6STERREICH<\/p>\n<p><strong><a href=\"\/intl-chinese\">China \u2013 Hongkong<\/a><\/strong><br \/>\nHONG KONG DIAMOND BOURSE LIMITED<br \/>\n8-10 Duddell Street, Central, HONG KONG<\/p>\n<p><a href=\"\/intl-chinese\"><strong>China \u2013 Shanghai<\/strong><\/a><br \/>\nSHANGHAI DIAMOND EXCHANGE<br \/>\nJin Mao Tower, Pu Dong New Area, SHANGHAI<\/p>\n<p><strong><a href=\"\/london-diamond-centre\">England \u2013 London<\/a><\/strong><br \/>\nTHE LONDON DIAMOND BOURSE AND CLUB<br \/>\n100 Hatton Garden, LONDON EC1N 8NX<br \/>\nDas Londoner Zentrum f\u00fcr die Verteilung von Rohdiamanten ist der Sitz der CSO (Central Selling Organization) und der Makler, die De Beers vertreten.<\/p>\n<p><a href=\"\/idar-oberstein-diamanten-kaufen\"><strong>Deutschland &#8211; Idar-Oberstein<\/strong><\/a><br \/>\nDIAMANT- UND EDELSTEINB\u00d6RSE IDAR-OBERSTEIN EV<br \/>\nMainzer Stra\u00dfe 34, 55743 IDAR-OBERSTEIN<\/p>\n<p><strong><a>Indien &#8211; Mumbai<\/a> <\/strong><br \/>\nBHARAT DIAMOND BOURSE<br \/>\nMUMBAI 400 004, INDIEN<\/p>\n<p><a>Israel \u2013 Ramat-Gan<\/a><br \/>\nTHE ISRAEL DIAMOND EXCHANGE LTD.<br \/>\nJabotinsky Road 3, RAMAT-GAN 52130 \/ ISRAEL<\/p>\n<p><strong><a href=\"\/intl-italiano\">Italien &#8211; Mailand<\/a><\/strong><br \/>\nBORSA DIAMANTI D\u2018ITALIA<br \/>\nVia Torino 21, 20123 MAILAND \/ ITALIEN<\/p>\n<p><a href=\"\/intl-japanese\"><strong>Japan \u2013 Tokio<\/strong><\/a><br \/>\nTOKYO DIAMOND EXCHANGE INC.<br \/>\nTaitou-ku, TOKYO 110-0015 \/ JAPAN<\/p>\n<p><a href=\"\/diamanten-van-antwerpen\"><strong>Niederlande &#8211; Amsterdam<\/strong><\/a><br \/>\nVERENIGING BEURS VOOR DEN DIAMANTHANDEL<br \/>\nHogehilweg 14, 1101 CD AMSTERDAM<\/p>\n<p><a href=\"\/antwerp-russia-diamonds\"><strong>Russland \u2013 Moskau<\/strong><\/a><br \/>\nDIAMOND CHAMBER OF RUSSIA<br \/>\n125493 MOSKAU \/ RUSSLAND<\/p>\n<p><strong><a href=\"\/intl-chinese\">Singapur<\/a><\/strong><br \/>\nDIAMOND EXCHANGE OF SINGAPORE<br \/>\nSINGAPUR 238882<\/p>\n<p><a href=\"\/intl-chinese\"><strong>Thailand \u2013 Bangkok<\/strong><\/a><br \/>\nBANGKOK DIAMONDS AND PRECIOUS STONES EXCHANGE<br \/>\nBANGKOK 10250, THAILAND<\/p>\n<p><a><strong>S\u00fcdafrika &#8211; Johannesburg<\/strong><\/a><br \/>\nDIAMOND DEALERS CLUB OF SOUTH AFRICA<br \/>\nJOHANNESBURG \/ S\u00dcDAFRIKA<\/p>\n<p><a href=\"\/intl-arabic\"><strong>Vereinigte Arabische Emirate<\/strong><\/a><br \/>\nDUBAI DIAMOND EXCHANGE<br \/>\nDUBAI \/ VAE<\/p>\n<p><a href=\"\/antwerp-diamonds\"><strong>USA:<\/strong><\/a><br \/>\nIn den USA gibt es 3 Diamantenb\u00f6rsen: Los Angeles, New York (Manhattan) und Miami.<\/p>\n<p><strong>USA \u2013 New York<\/strong><br \/>\nDIAMOND DEALERS CLUB<br \/>\n580 Fifth Avenue at 47th Street, NEW YORK, N.Y. 10036<\/p>\n<p><\/p><\/div><\/div><\/div> <div class='row vc_row '><div class='col-md-2 '><\/div><div class='col-md-8 col-inner'><div class='col-inwrap'><div style='height: 32px;'><\/div><div class='vc-image '><figure><a href='https:\/\/ajediam.com\/de\/schnellanfrageformular\/' class='d-block'><img src='https:\/\/ajediam.com\/wp-content\/uploads\/2019\/03\/Ajediam_footer_Buy_now_13_03_2015.jpg' alt=''><\/a><\/figure><\/div><\/div><\/div><div class='col-md-2 '><\/div><\/div> <\/p>\n","protected":false},"excerpt":{"rendered":"<p>Hier ist die vollst\u00e4ndige \u00dcbersetzung unter strikter Beibehaltung der WPBakery-Shortcodes und der HTML-Struktur. Fachbegriffe wie \u201eBourse\u201c, \u201eRough Diamond\u201c und die institutionellen Namen wurden pr\u00e4zise lokalisiert oder als Branchenstandard beibehalten.<\/p>\n","protected":false},"author":5,"featured_media":0,"parent":153414,"menu_order":0,"comment_status":"closed","ping_status":"closed","template":"","meta":{"ub_ctt_via":"","footnotes":""},"acf":[],"featured_image_src":null,"_links":{"self":[{"href":"https:\/\/ajediam.com\/de\/wp-json\/wp\/v2\/pages\/153947"}],"collection":[{"href":"https:\/\/ajediam.com\/de\/wp-json\/wp\/v2\/pages"}],"about":[{"href":"https:\/\/ajediam.com\/de\/wp-json\/wp\/v2\/types\/page"}],"author":[{"embeddable":true,"href":"https:\/\/ajediam.com\/de\/wp-json\/wp\/v2\/users\/5"}],"replies":[{"embeddable":true,"href":"https:\/\/ajediam.com\/de\/wp-json\/wp\/v2\/comments?post=153947"}],"version-history":[{"count":1,"href":"https:\/\/ajediam.com\/de\/wp-json\/wp\/v2\/pages\/153947\/revisions"}],"predecessor-version":[{"id":153956,"href":"https:\/\/ajediam.com\/de\/wp-json\/wp\/v2\/pages\/153947\/revisions\/153956"}],"up":[{"embeddable":true,"href":"https:\/\/ajediam.com\/de\/wp-json\/wp\/v2\/pages\/153414"}],"wp:attachment":[{"href":"https:\/\/ajediam.com\/de\/wp-json\/wp\/v2\/media?parent=153947"}],"curies":[{"name":"wp","href":"https:\/\/api.w.org\/{rel}","templated":true}]}}