{"id":153957,"date":"2019-04-04T09:18:38","date_gmt":"2019-04-04T09:18:38","guid":{"rendered":"https:\/\/ajediam.com\/diamantenhandel\/dubai-diamonds-prices\/"},"modified":"2026-03-02T14:43:02","modified_gmt":"2026-03-02T14:43:02","slug":"dubai-diamantenpreise","status":"publish","type":"page","link":"https:\/\/ajediam.com\/de\/diamantenhandel\/dubai-diamantenpreise\/","title":{"rendered":"Dubai Diamantenpreise"},"content":{"rendered":"<p><div class='row vc_row '><div class='col-md-12 '><h2 class='section-title'>Wie findet man den besten Ort, um Diamanten in Dubai zu kaufen?<\/h2><h2 class='section-title'>Alle in Dubai verkauften Diamanten haben ihren Ursprung in Antwerpen, dem Welthandelszentrum f\u00fcr Diamanten seit 1447. Kaufen Sie am besten bei Ajediam.<\/h2><h2 class='section-title'>Finden Sie Diamanten mit dem besten Preis-Leistungs-Verh\u00e4ltnis und lebenslanger R\u00fcckkaufgarantie in Antwerpen, dem Weltzentrum f\u00fcr Diamanten seit 1447. Kaufen Sie steuerfrei zu echten Gro\u00dfhandelspreisen.<\/h2><div class='mb-4'><p>Dubai ist das regionale touristische Diamantenzentrum f\u00fcr den Nahen Osten, in dem jedoch h\u00e4ufig Diamanten von geringerer Qualit\u00e4t verkauft werden.<br \/>\nProfessionelle <a href=\"\/diamonds-prices-diamonds-ratings\">aktuelle Diamantenpreise<\/a> &#8211; <a href=\"\/intl-arabic\">\u0634\u0631\u0627\u0621 \u0627\u0644\u0645\u0627\u0633 \u0641\u064a \u062f\u0628\u064a \u0639\u0646 \u0645\u0635\u062f\u0631 \u0641\u064a \u0623\u0646\u062a\u0648\u064a\u0631\u0628 \u0627\u0644\u0639\u0627\u0644\u0645\u064a \u0644\u0644\u0623\u0644\u0645\u0627\u0633 \u0645\u0631\u0643\u0632 \u0627\u0644\u062a\u0628\u0627\u062f\u0644<\/a><br \/>\nDie Dubai Diamond Mall befindet sich in den Vereinigten Arabischen Emiraten.<br \/>\nVerstehen Sie den steuerfreien Preisindex f\u00fcr Diamanten in Dubai. <a href=\"\/diamonds-prices-diamonds-ratings\">Vergleichen Sie unsere Preisliste<\/a> \u2013 ein Diamanten-Chart, der als echter Preisf\u00fchrer f\u00fcr Dubai dient.<\/p><\/div><\/div><\/div> <div class='row vc_row vc_custom_1552886396531'><div class='col-md-4 '><div class='vc-image text-center'><figure><div><img src='https:\/\/ajediam.com\/wp-content\/uploads\/2019\/03\/Bleu_diamond_ring_5_x_4.jpg' alt=''><\/div><\/figure><\/div><\/div><div class='col-md-4 '><div class='mb-4'><p>Dieses exklusive High-Jewelry-Schmuckst\u00fcck wurde von unseren besten Goldschmiedemeistern in Antwerpen, dem Weltzentrum f\u00fcr Diamanten, als Sonderanfertigung f\u00fcr einen unserer Kunden in Dubai hergestellt. Wert: 1.200.000 US-Dollar.<\/p>\n<p>Ist Ajediam Dubais bester Juwelier?<br \/>\nDas wissen wir nicht, aber wir geben unser Bestes, um der Beste f\u00fcr Sie zu sein!<\/p><\/div><\/div><div class='col-md-4 '><div class='vc-image text-center'><figure><div><img src='https:\/\/ajediam.com\/wp-content\/uploads\/2019\/03\/Dubai_diamond_sales_representative_5_x_2-142x300.jpg' alt=''><\/div><\/figure><\/div><div class='mb-4'><p>Guten Tag, mein Name ist Diba. Ich helfe Ihnen dabei, die besten Angebote f\u00fcr Diamanten zu finden.<br \/>\nSagen Sie mir, wonach Sie suchen.<br \/>\n<a href=\"\/diamonds-from-one-to-20ct\">Schreiben Sie mir<\/a> f\u00fcr Ihre<br \/>\nspezielle Anfrage.<\/p><\/div><\/div><\/div> <style>.vc_custom_1552886396531 { border-top-width: 3px !important;border-right-width: 3px !important;border-bottom-width: 3px !important;border-left-width: 3px !important;border-left-color: #e2ebf0 !important;border-left-style: solid !important;border-right-color: #e2ebf0 !important;border-right-style: solid !important;border-top-color: #e2ebf0 !important;border-top-style: solid !important;border-bottom-color: #e2ebf0 !important;border-bottom-style: solid !important;} }<\/style><div class='row vc_row '><div class='col-md-6 '><h2 class='section-title'>Gute &amp; schlechte Erfahrungen... Kaufen Expats in Dubai Diamanten minderwertiger Qualit\u00e4t zu Betrugspreisen?<\/h2><p>Lesen Sie diese Bewertung:<\/p>\n<p>Lieber Karim,<br \/>\nich habe Diamanten in Dubai gekauft und es war die schlechteste Idee meines Lebens!<\/p>\n<p>Dubai ist voller Betr\u00fcger.<br \/>\nEs gibt hunderte Firmen, die dir vorgaukeln, dass du eine wunderbare Rendite auf dein Investment erzielen wirst.<\/p>\n<p>Ich habe Beweise f\u00fcr alles, was ich sage.<\/p>\n<p>KAUFEN SIE NIEMALS EINEN DIAMANTEN IN DUBAI!! Sie werden all Ihre Ersparnisse verlieren.<\/p>\n<p>Gehen Sie nach Antwerpen. Der beste Ort der Welt f\u00fcr Diamanten.<\/p>\n<p>P.S. Ajediam ist einer der besten Verk\u00e4ufer. Zuverl\u00e4ssig und vertrauensw\u00fcrdig.<\/p>\n<p>Herzliche Gr\u00fc\u00dfe,<br \/>\nJulien Kokelberg<br \/>\n\u200bjulienkokelberg@hotmail.com<\/p><\/div><div class='col-md-6 '><div style='height: 32px;'><\/div><div class='mb-4'><p><a href=\"\/lab-grown-synthetic-man-made-artifical-diamond-prices\"><em>Preise f\u00fcr laborgez\u00fcchtete, synthetische Diamanten<\/em><\/a><\/p>\n<p><strong>Um gr\u00f6\u00dfere Diamanten zu erwerben, kontaktieren Sie direkt Ajediam im Antwerp World Diamond Centre. <\/strong><br \/>\n<strong>Tel: + 32 3 808 72 02 oder <a href=\"\/diamonds-from-one-to-20ct\">E-Mail<\/a><\/strong><br \/>\nSie finden eine gro\u00dfe Auswahl an Qualit\u00e4tsdiamanten und ma\u00dfgefertigtem Schmuck zu Gro\u00dfhandelspreisen am Hauptsitz von Ajediam in der Diamantenb\u00f6rse von Antwerpen.<br \/>\n<strong>Ajediam liefert innerhalb von 48 Stunden, steuerfrei, zu Ihnen an den Flughafen Dubai oder weltweit direkt in Ihre H\u00e4nde.<\/strong><br \/>\nDie Niederlassung von Ajediam in Dubai betreut ausschlie\u00dflich B2B-Kunden, die an der Diamantenb\u00f6rse registriert sind.<\/p><\/div><\/div><\/div> <div class='row vc_row '><div class='col-md-3 '><\/div><div class='col-md-3 '><div style='height: 32px;'><\/div><a class='lab-button' href='http:\/\/ajediam.com\/engagement-rings' target='' title='url:http:\/\/ajediam.com\/engagement-rings|'>JETZT SHOPPEN<\/a><\/div><div class='col-md-3 '><div style='height: 32px;'><\/div><a class='lab-button' href='https:\/\/ajediam.com\/de\/schnellanfrageformular\/' target='' title='https:\/\/ajediam.com\/de\/schnellanfrageformula'>ZUM KAUFBERATER<\/a><\/div><div class='col-md-3 '><\/div><\/div> <div class='row vc_row '><div class='col-md-2 '><\/div><div class='col-md-8 '><div style='height: 32px;'><\/div><div class='vc-image '><figure><a href='https:\/\/ajediam.com\/de\/schnellanfrageformular\/' class='d-block'><img src='https:\/\/ajediam.com\/wp-content\/uploads\/2019\/03\/Ajediam_footer_Buy_now_13_03_2015.jpg' alt=''><\/a><\/figure><\/div><\/div><div class='col-md-2 '><\/div><\/div> <\/p>\n","protected":false},"excerpt":{"rendered":"","protected":false},"author":5,"featured_media":0,"parent":153414,"menu_order":0,"comment_status":"closed","ping_status":"closed","template":"","meta":{"ub_ctt_via":"","footnotes":""},"acf":[],"featured_image_src":null,"_links":{"self":[{"href":"https:\/\/ajediam.com\/de\/wp-json\/wp\/v2\/pages\/153957"}],"collection":[{"href":"https:\/\/ajediam.com\/de\/wp-json\/wp\/v2\/pages"}],"about":[{"href":"https:\/\/ajediam.com\/de\/wp-json\/wp\/v2\/types\/page"}],"author":[{"embeddable":true,"href":"https:\/\/ajediam.com\/de\/wp-json\/wp\/v2\/users\/5"}],"replies":[{"embeddable":true,"href":"https:\/\/ajediam.com\/de\/wp-json\/wp\/v2\/comments?post=153957"}],"version-history":[{"count":1,"href":"https:\/\/ajediam.com\/de\/wp-json\/wp\/v2\/pages\/153957\/revisions"}],"predecessor-version":[{"id":153959,"href":"https:\/\/ajediam.com\/de\/wp-json\/wp\/v2\/pages\/153957\/revisions\/153959"}],"up":[{"embeddable":true,"href":"https:\/\/ajediam.com\/de\/wp-json\/wp\/v2\/pages\/153414"}],"wp:attachment":[{"href":"https:\/\/ajediam.com\/de\/wp-json\/wp\/v2\/media?parent=153957"}],"curies":[{"name":"wp","href":"https:\/\/api.w.org\/{rel}","templated":true}]}}