{"id":153960,"date":"2019-04-27T18:58:51","date_gmt":"2019-04-27T18:58:51","guid":{"rendered":"https:\/\/ajediam.com\/geschichte-der-diamanten\/symbols-of-the-precious-stones\/"},"modified":"2026-03-02T14:56:27","modified_gmt":"2026-03-02T14:56:27","slug":"symbole-der-edelsteine","status":"publish","type":"page","link":"https:\/\/ajediam.com\/de\/geschichte-der-diamanten\/symbole-der-edelsteine\/","title":{"rendered":"Symbole der Edelsteine"},"content":{"rendered":"<p><div class='row vc_row '><div class='col-md-12 '><div class='mb-4'><p><\/p>\n<h4>Wie entdeckt man die Bedeutungen und Eigenschaften von Edelsteinen?<\/h4>\n<p>Finden Sie die gebr\u00e4uchlichste metaphysische Symbolik, heilende Eigenschaften, Kr\u00e4fte, spirituelle Bedeutungen und die Sternzeichen von Edelsteinen und Kristallen.<\/p>\n<p><\/p><\/div><hr class='mb-4' \/><\/div><\/div> <div class='row vc_row '><div class='col-md-3 vc_custom_1556381094314'><div class='mb-4'><p><\/p>\n<h5 style=\"text-align: center;\">Diamant, der Kaiser der Edelsteine<\/h5>\n<p><\/p><\/div><div class='vc-image text-center'><figure><div><img src='https:\/\/ajediam.com\/wp-content\/uploads\/2019\/03\/Triple_Excellent_Hearts___Arrows_brilliant_diamond.jpg' alt=''><\/div><\/figure><\/div><div class='mb-4'><p><\/p>\n<p style=\"text-align: center;\">Das Symbol f\u00fcr Gl\u00fcck, Erfolg, Glanz und Perfektion<\/p>\n<p><\/p><\/div><\/div><style>.vc_custom_1556381094314 { border-top-width: 0px !important;border-right-width: 0px !important;border-bottom-width: 0px !important;border-left-width: 0px !important;border-left-color: #a2bde8 !important;border-left-style: solid !important;border-right-color: #a2bde8 !important;border-right-style: solid !important;border-top-color: #a2bde8 !important;border-top-style: solid !important;border-bottom-color: #a2bde8 !important;border-bottom-style: solid !important;} }<\/style><div class='col-md-3 vc_custom_1556381103292'><div class='mb-4'><p><\/p>\n<h5 style=\"text-align: center;\">Smaragd, die ewige Jugend<\/h5>\n<p><\/p><\/div><div class='vc-image text-center'><figure><div><img src='https:\/\/ajediam.com\/wp-content\/uploads\/2019\/03\/Emerald_2.275_x_1.772.jpg' alt=''><\/div><\/figure><\/div><div class='mb-4'><p><\/p>\n<p style=\"text-align: center;\">Das Symbol f\u00fcr ewige Jugend, Kreativit\u00e4t, Macht und Leidenschaft<\/p>\n<p><\/p><\/div><\/div><style>.vc_custom_1556381103292 { border-top-width: 0px !important;border-right-width: 0px !important;border-bottom-width: 0px !important;border-left-width: 0px !important;border-left-color: #a2bde8 !important;border-left-style: solid !important;border-right-color: #a2bde8 !important;border-right-style: solid !important;border-top-color: #a2bde8 !important;border-top-style: solid !important;border-bottom-color: #a2bde8 !important;border-bottom-style: solid !important;} }<\/style><div class='col-md-3 vc_custom_1556381111227'><div class='mb-4'><p><\/p>\n<h5 style=\"text-align: center;\">Rubin, der Herr der Edelsteine<\/h5>\n<p><\/p><\/div><div class='vc-image text-center'><figure><div><img src='https:\/\/ajediam.com\/wp-content\/uploads\/2019\/03\/Ruby_10mm_785b.jpg' alt=''><\/div><\/figure><\/div><div class='mb-4'><p><\/p>\n<p style=\"text-align: center;\">Das Symbol f\u00fcr Prestige und W\u00fcrde<\/p>\n<p><\/p><\/div><\/div><style>.vc_custom_1556381111227 { border-top-width: 0px !important;border-right-width: 0px !important;border-bottom-width: 0px !important;border-left-width: 0px !important;border-left-color: #a2bde8 !important;border-left-style: solid !important;border-right-color: #a2bde8 !important;border-right-style: solid !important;border-top-color: #a2bde8 !important;border-top-style: solid !important;border-bottom-color: #a2bde8 !important;border-bottom-style: solid !important;} }<\/style><div class='col-md-3 vc_custom_1556381118123'><div class='mb-4'><p><\/p>\n<h5 style=\"text-align: center;\">Saphir, die Kraft, die universellen Naturkr\u00e4fte zu vereinen<\/h5>\n<p><\/p><\/div><div class='vc-image text-center'><figure><div><img src='https:\/\/ajediam.com\/wp-content\/uploads\/2019\/03\/Sapphire_cashmir_bleu_10mm_616b.jpg' alt=''><\/div><\/figure><\/div><div class='mb-4'><p><\/p>\n<p style=\"text-align: center;\">Das Symbol f\u00fcr Wahrheit, Gerechtigkeit und ewige Treue<\/p>\n<p><\/p><\/div><\/div><style>.vc_custom_1556381118123 { border-top-width: 0px !important;border-right-width: 0px !important;border-bottom-width: 0px !important;border-right-color: #a2bde8 !important;border-right-style: solid !important;border-top-color: #a2bde8 !important;border-top-style: solid !important;border-bottom-color: #a2bde8 !important;border-bottom-style: solid !important;} }<\/style><\/div> <div class='row vc_row '><div class='col-md-12 '><div class='row '><div class='col-md-12 col-inner'><div class='col-inwrap'><div class='mb-4'><p><\/p>\n<p style=\"text-align: center;\">Lassen Sie sich helfen: <a class=\"core-custom-blue-link\" href=\"\/Diamonds-from-one-to-20ct\">E-Mail<\/a> oder rufen Sie uns an: Tel: + 32 3 808 72 02 oder<\/p>\n<p class=\"core-custom-blue-link\" style=\"text-align: center;\"><a href=\"https:\/\/ajediam.com\/de\/schnellanfrageformular\/\">Zum Kaufberater<\/a><\/p>\n<p><\/p><\/div><div style='height: 32px;'><\/div><\/div><\/div><\/div><hr class='mb-4' \/><div class='mb-4'><p><\/p>\n<h4 style=\"text-align: center;\">Karat-Gr\u00f6\u00dfentabelle nach Bedeutung f\u00fcr verschiedene aktuelle Formen:<\/h4>\n<p><a href=\"\/Sizes-of-Diamonds\">Rundbrillant-Gr\u00f6\u00dfen<\/a> | <a href=\"\/princess-diamond-carat-sizes\">Princess-Gr\u00f6\u00dfen<\/a> | <a href=\"\/Emerald-diamond-sizes\">Smaragd-Gr\u00f6\u00dfen<\/a> | <a href=\"\/Pear-diamond-sizes\">Birnen-Gr\u00f6\u00dfen<\/a> | <a href=\"\/Oval-diamond-sizes\">Oval-Gr\u00f6\u00dfen<\/a> | <a href=\"\/Heart-diamond-sizes\">Herz-Gr\u00f6\u00dfen<\/a> | <a href=\"\/Trillion-diamond-sizes\">Trillion\/Trilliant-Gr\u00f6\u00dfen<\/a> | <a href=\"\/Marquise-diamond-sizes\">Marquise-Gr\u00f6\u00dfen<\/a> | <a href=\"\/Radiant-diamond-sizes\">Radiant-Gr\u00f6\u00dfen<\/a> | <a href=\"\/Asscher-diamond-sizes\">Asscher-Gr\u00f6\u00dfen<\/a> | <a href=\"\/Cushion-diamond-sizes\">Cushion-Gr\u00f6\u00dfen<\/a> | <a href=\"\/diamond-shapes\">Diamantformen<\/a><\/p>\n<p><\/p><\/div><div class='mb-4'><p><\/p><\/div><\/div><\/div> <div class='row vc_row '><div class='col-md-2 '><\/div><div class='col-md-8 '><div class='vc-image text-center'><figure><div><img src='https:\/\/ajediam.com\/wp-content\/uploads\/2019\/03\/Ajediam_footer_Buy_now_13_03_2015.jpg' alt=''><\/div><\/figure><\/div><\/div><div class='col-md-2 '><\/div><\/div> <\/p>\n","protected":false},"excerpt":{"rendered":"","protected":false},"author":5,"featured_media":0,"parent":153420,"menu_order":0,"comment_status":"closed","ping_status":"closed","template":"","meta":{"ub_ctt_via":"","footnotes":""},"acf":[],"featured_image_src":null,"_links":{"self":[{"href":"https:\/\/ajediam.com\/de\/wp-json\/wp\/v2\/pages\/153960"}],"collection":[{"href":"https:\/\/ajediam.com\/de\/wp-json\/wp\/v2\/pages"}],"about":[{"href":"https:\/\/ajediam.com\/de\/wp-json\/wp\/v2\/types\/page"}],"author":[{"embeddable":true,"href":"https:\/\/ajediam.com\/de\/wp-json\/wp\/v2\/users\/5"}],"replies":[{"embeddable":true,"href":"https:\/\/ajediam.com\/de\/wp-json\/wp\/v2\/comments?post=153960"}],"version-history":[{"count":1,"href":"https:\/\/ajediam.com\/de\/wp-json\/wp\/v2\/pages\/153960\/revisions"}],"predecessor-version":[{"id":153962,"href":"https:\/\/ajediam.com\/de\/wp-json\/wp\/v2\/pages\/153960\/revisions\/153962"}],"up":[{"embeddable":true,"href":"https:\/\/ajediam.com\/de\/wp-json\/wp\/v2\/pages\/153420"}],"wp:attachment":[{"href":"https:\/\/ajediam.com\/de\/wp-json\/wp\/v2\/media?parent=153960"}],"curies":[{"name":"wp","href":"https:\/\/api.w.org\/{rel}","templated":true}]}}