{"id":153963,"date":"2019-04-07T05:44:41","date_gmt":"2019-04-07T05:44:41","guid":{"rendered":"https:\/\/ajediam.com\/geschichte-der-diamanten\/blood-diamonds\/"},"modified":"2026-03-02T14:58:47","modified_gmt":"2026-03-02T14:58:47","slug":"blutdiamanten","status":"publish","type":"page","link":"https:\/\/ajediam.com\/de\/geschichte-der-diamanten\/blutdiamanten\/","title":{"rendered":"Blutdiamanten"},"content":{"rendered":"<p><div class='row vc_row '><div class='col-md-12 '><h2 class='section-title'>Was sind Konfliktdiamanten und Blutdiamanten?<\/h2><p>Wir kl\u00e4ren auf<br \/>\nZun\u00e4chst garantieren wir, dass alle Diamanten von Ajediam konfliktfrei und nach dem Kimberley-Prozess zertifiziert sind.<\/p><div class='mb-4'><p><\/p>\n<div align=\"left\">\n<p><a href=\"\/antwerp-diamonds\">Geschichte der Antwerpener Diamanten<\/a> von den Anf\u00e4ngen an<\/p>\n<p>Konfliktdiamanten sind Diamanten aus Regionen in Afrika, in denen Steine auf dem Schwarzmarkt verkauft werden, um Geld f\u00fcr Banditen und Rebellen zu beschaffen, damit diese Waffen f\u00fcr den Kampf gegen die etablierte Staatsgewalt kaufen k\u00f6nnen.<\/p>\n<p>Gute Nachrichten:<\/p>\n<p>Die Sanktionen des U.N.-Sicherheitsrates f\u00fcr den Diamantenhandel mit der Elfenbeink\u00fcste wurden um sechs Monate verl\u00e4ngert.<\/p>\n<p>Die Rapaport Group und das RapNet Diamond Trading Network verh\u00e4ngen aufgrund schwerer Menschenrechtsverletzungen in Marange ein sofortiges Handelsverbot f\u00fcr alle Diamanten aus Simbabwe.<\/p>\n<p>Importverbot f\u00fcr Rubine aus Birma (Myanmar)!<br \/>\nDer \u201eBurmese JADE Act\u201c von 2008 untersagt den Import von birmanischen Rubinen und Jadeit, die als Blutrubine und Blutjadeit gelten. Dieses Gesetz ist seit dem 27. September 2008 in Kraft.<\/p>\n<p>Gute Nachrichten! Dank der Bem\u00fchungen im Kampf gegen Blutdiamanten sank deren gesch\u00e4tzter Marktanteil von etwa 15 % in den 1990er Jahren durch den von 75 L\u00e4ndern \u00fcbernommenen Kimberley-Prozess auf heute unter 1 %.<\/p>\n<\/div>\n<p><\/p><\/div><\/div><\/div> <div class='row vc_row '><div class='col-md-3 '><\/div><div class='col-md-3 '><div style='height: 32px;'><\/div><a class='lab-button' href='http:\/\/ajediam.com\/engagement-rings' target='' title='url:http:\/\/ajediam.com\/engagement-rings|'>JETZT SHOPPEN<\/a><\/div><div class='col-md-3 '><div style='height: 32px;'><\/div><a class='lab-button' href='https:\/\/ajediam.com\/de\/schnellanfrageformular\/' target='' title='https:\/\/ajediam.com\/de\/schnellanfrageformula'>ZUM KAUFBERATER<\/a><\/div><div class='col-md-3 '><\/div><\/div> <div class='row vc_row '><div class='col-md-2 '><\/div><div class='col-md-8 '><div style='height: 32px;'><\/div><div class='vc-image '><figure><a href='https:\/\/ajediam.com\/de\/schnellanfrageformular\/' class='d-block'><img src='https:\/\/ajediam.com\/wp-content\/uploads\/2019\/03\/Ajediam_footer_Buy_now_13_03_2015.jpg' alt=''><\/a><\/figure><\/div><\/div><div class='col-md-2 '><\/div><\/div> <\/p>\n","protected":false},"excerpt":{"rendered":"","protected":false},"author":5,"featured_media":0,"parent":153420,"menu_order":0,"comment_status":"closed","ping_status":"closed","template":"","meta":{"ub_ctt_via":"","footnotes":""},"acf":[],"featured_image_src":null,"_links":{"self":[{"href":"https:\/\/ajediam.com\/de\/wp-json\/wp\/v2\/pages\/153963"}],"collection":[{"href":"https:\/\/ajediam.com\/de\/wp-json\/wp\/v2\/pages"}],"about":[{"href":"https:\/\/ajediam.com\/de\/wp-json\/wp\/v2\/types\/page"}],"author":[{"embeddable":true,"href":"https:\/\/ajediam.com\/de\/wp-json\/wp\/v2\/users\/5"}],"replies":[{"embeddable":true,"href":"https:\/\/ajediam.com\/de\/wp-json\/wp\/v2\/comments?post=153963"}],"version-history":[{"count":1,"href":"https:\/\/ajediam.com\/de\/wp-json\/wp\/v2\/pages\/153963\/revisions"}],"predecessor-version":[{"id":153965,"href":"https:\/\/ajediam.com\/de\/wp-json\/wp\/v2\/pages\/153963\/revisions\/153965"}],"up":[{"embeddable":true,"href":"https:\/\/ajediam.com\/de\/wp-json\/wp\/v2\/pages\/153420"}],"wp:attachment":[{"href":"https:\/\/ajediam.com\/de\/wp-json\/wp\/v2\/media?parent=153963"}],"curies":[{"name":"wp","href":"https:\/\/api.w.org\/{rel}","templated":true}]}}