{"id":154103,"date":"2019-04-14T14:14:31","date_gmt":"2019-04-14T14:14:31","guid":{"rendered":"https:\/\/ajediam.com\/?page_id=154103"},"modified":"2026-03-09T08:02:48","modified_gmt":"2026-03-09T08:02:48","slug":"investieren-in-diamanten","status":"publish","type":"page","link":"https:\/\/ajediam.com\/de\/investieren-in-diamanten\/investieren-in-diamanten\/","title":{"rendered":"Investieren in Diamanten"},"content":{"rendered":"<p><div class='row vc_row '><div class='col-md-12 '><h2 class='section-title'>Diamanten als Verm\u00f6gensschutz und Kapitalanlage<\/h2><div class='mb-4'><p><\/p>\n<div align=\"left\">\n<ul>\n<li>Diamanten besitzen einen h\u00f6heren Wert pro Milligramm als jedes andere gehandelte Element der Welt \u2013 im Gegensatz zu anderen Wertgegenst\u00e4nden und Rohstoffen.<\/li>\n<li>Der Wert eines Diamanten ist inh\u00e4rent und stabil. W\u00e4hrungsschwankungen, Bankenkrisen und B\u00f6rsenvolatilit\u00e4t spielen keine Rolle!<\/li>\n<li>Keine Spekulation m\u00f6glich. Verfolgen Sie die Indexdaten der <a href=\"https:\/\/ajediam.com\/de\/diamantenpreise\/historische-diamantenpreise\/\">historischen Diamantenpreise<\/a> bis hin zu den aktuellen Kursen.<\/li>\n<\/ul>\n<\/div>\n<p><\/p><\/div><div class='row '><div class='col-md-3 col-inner'><div class='col-inwrap'><div class='mb-4'><p>Wir bieten ein Gesamtkonzept:<\/p><\/div><\/div><\/div><div class='col-md-9 col-inner'><div class='col-inwrap'><div class='mb-4'><p><\/p>\n<ul>\n<li>J\u00e4hrliches steuerfreies Einkommen von 3 % in bar auf Ihr Bankkonto \u00fcber 8 Jahre*. <span style=\"font-size: 10px;\">Vertraglich auf der Rechnung vermerkt<\/span><\/li>\n<li>Ihr investiertes Kapital in Form von Diamanten bleibt in Ihrem Besitz!<\/li>\n<li>Versicherter Wert im Falle von Diebstahl oder Verlust durch Ihre Versicherung.<\/li>\n<li>Wiederverkaufsgarantie und Bedingungen auf der Rechnung vermerkt. <span style=\"font-size: 10px;\">Wir bieten Ihnen den Service des Wiederverkaufs an der Diamantenb\u00f6rse an.<\/span><\/li>\n<\/ul>\n<p><\/p><\/div><\/div><\/div><\/div><\/div><\/div> <div class='row vc_row '><div class='col-md-8 '><h2 class='section-title'>Diamanten, das ultimative Investment...<\/h2><p> Warren Buffett: \u201eIch habe es nie bereut, Diamanten zu kaufen&#8230; Sie sind eine gute Anlage\u201c <\/p><\/div><div class='col-md-4 '><a class='lab-button' href='https:\/\/ajediam.com\/de\/schnellanfrageformular\/' target='' title='https:\/\/ajediam.com\/de\/schnellanfrageformula'>Zum Kaufberater<\/a><\/div><\/div> <div class='row vc_row '><div class='col-md-12 '><div class='vc-image text-center'><figure><div><img src='https:\/\/ajediam.com\/wp-content\/uploads\/2019\/03\/paper_money_1.jpg' alt=''><\/div><\/figure><\/div><h2 class='section-title'>Ist dies das Ende des Papiergeldes?<\/h2><div class='mb-4'><p>Papiergeld basiert auf \u2026 absolut gar nichts.<br \/>\nEs ist lediglich ein Versprechen, das Sie in der Hand halten. Sein Wert steht in keinem Verh\u00e4ltnis zu einem festen Sachwert wie Gold.<br \/>\nDeshalb drucken Zentralbanken derzeit Tausende von Milliarden Dollar, Pfund und Euro, obwohl diese gewaltigen Summen durch keinerlei materielle Werte gedeckt sind.<br \/>\nUnabh\u00e4ngig davon, ob diese Ma\u00dfnahmen funktionieren oder nicht, besteht kein Zweifel daran, dass dies eine riskante Option ist, welche die Welt zur\u00fcck in die Hyperinflation der 1930er Jahre st\u00fcrzen k\u00f6nnte.<br \/>\nWestliche L\u00e4nder k\u00e4mpfen mit Schuldenbergen enormen Ausma\u00dfes, f\u00fcr die sie keine angemessene L\u00f6sung finden. In der Zwischenzeit h\u00e4ufen sich die Schulden weiter an, was zu massiver Inflation und einem Implodieren des Papiergeldes f\u00fchren wird: Die Schuldenblase wird platzen.<\/p>\n<p><strong>Es muss eine bessere Option geben als diese Art der Spekulation&#8230;<\/strong><\/p><\/div><h2 class='section-title'>Die gibt es. Es sind Diamanten.<\/h2><p>Diamanten sind die kleinste, leichteste und konzentrierteste Form von Wohlstand in der heutigen Welt.<br \/>\nSie wissen, was sie so besonders macht.<br \/>\nSie sind leicht und diskret zu transportieren \u2013 und ihr Wert steigt kontinuierlich an!<\/p><div class='row '><div class='col-md-8 col-inner'><div class='col-inwrap'><\/div><\/div><div class='col-md-4 col-inner'><div class='col-inwrap'>[vc_btn title=&#8220;Eilmeldung&#8220; color=&#8220;warning&#8220; link=&#8220;url:%2Fbreaking-news|||&#8220;]<\/div><\/div><\/div><div class='row '><div class='col-md-6 col-inner'><div class='col-inwrap'><h2 class='section-title'>In Exzellenz investieren...<\/h2><div class='mb-4'><p>Im Durchschnitt sind die Diamantenpreise seit \u00fcber 50 Jahren um mehr als 14 % pro Jahr gestiegen.<br \/>\nNichts anderes kann diese Erfolgsbilanz von stabilem und steigendem Wert vorweisen \u2026<br \/>\ngepaart mit einer erstaunlichen Widerstandsf\u00e4higkeit in Zeiten politischer Volatilit\u00e4t, sozialer Unruhen und Finanzkrisen.<br \/>\nDiamanten weisen historisch ein stetiges positives Kapitalwachstum auf, im Gegensatz zu Edelmetallen oder Aktien mit ihrer j\u00e4hrlichen materiellen Volatilit\u00e4t&#8230;<\/p><\/div><a class='lab-button' href='https:\/\/ajediam.com\/de\/schnellanfrageformular\/' target='' title='https:\/\/ajediam.com\/de\/schnellanfrageformula'>Zum Kaufberater<\/a><\/div><\/div><div class='col-md-6 col-inner'><div class='col-inwrap'><div class='vc-image '><figure><div><img src='https:\/\/ajediam.com\/wp-content\/uploads\/2019\/03\/Historical_diamond_prices_graph.jpg' alt=''><\/div><\/figure><\/div><div class='mb-4'><p><strong>Sehen Sie den <a href=\"https:\/\/ajediam.com\/de\/diamantenpreise\/historische-diamantenpreise\/\">Preis-Leistungs-Vergleich<\/a> von 1960 bis 2019 \u2013 Statistiken aus \u00fcber 50 Jahren.<\/strong><br \/>\nDie Wertentwicklung in der Vergangenheit ist keine Garantie f\u00fcr die Performance der Zukunft.<\/p><\/div><\/div><\/div><\/div><h2 class='section-title'>Zusammenfassung der Vorteile von Diamanten als Kapitalanlage:<\/h2><div class='row '><div class='col-md-6 col-inner'><div class='col-inwrap'><div class='mb-4'><p><\/p>\n<ul>\n<li>Bemerkenswerte Rendite (ROI)<\/li>\n<li>Sie investieren in Diamanten. Sie erhalten Sachwerte, keine Papiere oder Versprechen.<\/li>\n<li>Resistenz gegen Bankenkrisen und W\u00e4hrungsreformen.<\/li>\n<li>Eine beruhigende Anlage in Krisenzeiten.<\/li>\n<li>Die Geschichte beweist einen erstaunlichen Schutz vor Inflation.<\/li>\n<li>Ver\u00e4u\u00dferungsgewinne k\u00f6nnen steuerlich \u00e4u\u00dferst effizient sein.<\/li>\n<\/ul>\n<p><\/p><\/div><\/div><\/div><div class='col-md-6 col-inner'><div class='col-inwrap'><div class='mb-4'><p><\/p>\n<ul>\n<li>Verk\u00e4ufe unterliegen keinen gesetzlichen Meldepflichten.<\/li>\n<li>Anonymit\u00e4t \u2013 der Diamantenverkauf ist an keine Berichtspflicht gebunden.<\/li>\n<li>Attraktive M\u00f6glichkeit zur Aufbesserung des Einkommens im Ruhestand.<\/li>\n<li>Weltweiter Handel in US$, Potenzial f\u00fcr W\u00e4hrungsgewinne.<\/li>\n<li>Keine Quellen- oder Verm\u00f6genssteuer.<\/li>\n<li>St\u00e4ndige Nachfrage sorgt f\u00fcr Preisstabilit\u00e4t und Wertsteigerung.<\/li>\n<\/ul>\n<p><\/p><\/div><\/div><\/div><\/div><div class='mb-4'><p>Gibt es f\u00fcr einen Diamanten einen angemessenen Gegenwert?<\/p><\/div><h2 class='section-title'>Ja, den gibt es \u2013 und hier ist der Grund:<\/h2>[vc_tta_accordion]<div class='tab' id='1555256656314-6f3dc07f-a4c3'><h3 class='tab-title d-block d-md-none'>1. Die Qualit\u00e4t eines Diamanten wurde pr\u00e4zise zertifiziert<\/h3><div class='tab-content'><div class='mb-4'><p>durch eines der drei weltweit renommierten Diamantenlabore:<br \/>\nHRD &#8211; Hoher Rat f\u00fcr Diamanten,<br \/>\nGIA &#8211; Gemological Institute of America,<br \/>\nIGI &#8211; International Gemological Institute.<br \/>\nDiamanten von Ajediam werden von erfahrenen Antwerpener Schleifern stets zur Perfektion veredelt.<\/p><\/div><div class='row '><div class='col-md-6 col-inner'><div class='col-inwrap'><div class='vc-image '><figure><div><img src='https:\/\/ajediam.com\/wp-content\/uploads\/2019\/03\/HRD_Certificate_04.09.2013.jpg' alt=''><\/div><\/figure><\/div><\/div><\/div><div class='col-md-6 col-inner'><div class='col-inwrap'><div class='vc-image '><figure><div><img src='' alt=''><\/div><\/figure><\/div><\/div><\/div><\/div><\/div><\/div><div class='tab' id='1555256656358-7031b877-3b1a'><h3 class='tab-title d-block d-md-none'>2. Verkauf zu universellen Gro\u00dfhandelspreisen<\/h3><div class='tab-content'><div class='row '><div class='col-md-8 col-inner'><div class='col-inwrap'><div class='mb-4'><p>Basierend auf diesen Qualit\u00e4tsbeschreibungen kann der Wert eines Diamanten anhand der international anerkannten Rapaport-DURCHSCHNITTS-Gro\u00dfhandelspreise berechnet werden \u2013 dem Branchenstandard f\u00fcr alle professionellen Diamantenunternehmen.<\/p><\/div><\/div><\/div><div class='col-md-4 col-inner'><div class='col-inwrap'><a class='lab-button' href='https:\/\/ajediam.com\/de\/schnellanfrageformular\/' target='' title='https:\/\/ajediam.com\/de\/schnellanfrageformula'>Zum Kaufberater<\/a><\/div><\/div><\/div><div class='vc-image '><figure><div><img src='' alt=''><\/div><\/figure><\/div><\/div><\/div><div class='tab' id='1555258481720-41d50d10-c282'><h3 class='tab-title d-block d-md-none'>3. Und nun die Innovation \u2013 das fehlende Puzzleteil wurde gefunden:<\/h3><div class='tab-content'><div class='mb-4'><p>das \u201eDiamanten-Bewertungszertifikat\u201c, das den Wert basierend auf den Qualit\u00e4tskriterien und den Rapaport-Preisen bestimmt \u2013 <strong>mit Wiederverkaufsgarantie!<\/strong><br \/>\nTats\u00e4chlich ist das \u201eDiamanten-Bewertungszertifikat\u201c das perfekte schriftliche Gegenst\u00fcck zum physischen Stein.<\/p><\/div><\/div><\/div>[\/vc_tta_accordion]<h2 class='section-title'>Totale Transparenz mit dem Diamanten-Bewertungszertifikat<\/h2><div class='vc-image '><figure><div><img src='https:\/\/ajediam.com\/wp-content\/uploads\/2019\/03\/diamond_valuation_certificate__No_QR_code_SPECIMEN_11.09.2013-1024x538.jpg' alt=''><\/div><\/figure><\/div><h2 class='section-title'>Totale Transparenz:<\/h2><p>1. Qualit\u00e4tszertifizierte Diamanten<br \/>\n2. Universelle Gro\u00dfhandelspreise<br \/>\n3. Garantierter Wiederverkauf gegen Barzahlung mit Vertrag und Bedingungen auf der Verkaufsrechnung!<\/p><div class='mb-4'><p>Auf diese Weise ist die Investition in Diamanten sicher und gesch\u00fctzt.<br \/>\nSie k\u00f6nnen auf mittlere und lange Sicht von einer profitablen Rendite ausgehen*.<br \/>\n(mittelfristig: 8 Jahre \u2013 langfristig: 15 Jahre)<br \/>\nEmpfehlung: Lassen Sie den Diamanten in ein Schmuckst\u00fcck fassen. Erfreuen Sie sich jeden Tag daran. Er beh\u00e4lt seinen Wert!<br \/>\nWer hat das \u201eDiamanten-Bewertungszertifikat\u201c ins Leben gerufen? Ajediam<\/p><\/div><h2 class='section-title'>Wie und wo man mit Wiederverkaufsgarantie kauft und verkauft:<\/h2><p>Bei der ausstellenden Stelle: Ajediam<br \/>\nund Partnern auf der ganzen Welt<\/p><div class='mb-4'><p><\/p>\n<h2>Fordern Sie Ajediams <a href=\"\/diamonds-as-investment-Contact-form\">Leitfaden f\u00fcr Diamantinvestments<\/a> und Informationen zu Partnern in Ihrer N\u00e4he an <a href=\"\/diamonds-as-investment-Contact-form\">E-Mail<\/a><\/h2>\n<p>Ajediam ist Mitglied aller Diamantenb\u00f6rsen weltweit.<br \/>\nEs gibt weltweit 28 Diamantenb\u00f6rsen. Die drei gr\u00f6\u00dften befinden sich in Antwerpen.<br \/>\nHeutzutage werden praktisch alle Diamanten elektronisch auf Basis der internationalen Rapaport-Gro\u00dfhandelspreise an den 28 B\u00f6rsen rund um den Globus gehandelt = Wiederverkauf garantiert!<\/p>\n<p>Als Mitglieder der Diamantenb\u00f6rse \u201eAntwerpsche Diamantkring\u201c und der World Federation of Diamond Bourses agieren wir in einem schiedsgerichtlich kontrollierten und sicheren Umfeld. Zuverl\u00e4ssigkeit und Verantwortung machen Ajediam seit mehr als 30 Jahren zu einer erfolgreichen Wahl f\u00fcr Ihr Business.<\/p><\/div><h2 class='section-title'>Sie k\u00f6nnen einen Investment-Diamanten mit einem \u201eDiamanten-Bewertungszertifikat\u201c und der einzigartigen R\u00fcckkaufgarantie ab 5.000 US$ erwerben.<\/h2><div class='mb-4'><p>Ist dies das Ende des Papiergeldes? Wird es eine Hyperinflation geben? Niemand kann das wirklich vorhersagen\u2026<br \/>\nWas wir jedoch vorhersagen k\u00f6nnen, ist, dass die Diversifizierung durch Diamanten mit einem<br \/>\n\u201eDiamanten-Bewertungszertifikat\u201c absolut eine herausragende Anlage darstellt.<br \/>\n<strong>Handeln Sie jetzt!<\/strong><br \/>\nLesen Sie mehr \u00fcber \u201eDas Ende des Fiat-Geldes?\u201c bei Google.<\/p>\n<p>Diamanten als Kapitalanlage mit dem innovativen Konzept des Bewertungszertifikats&#8230;<\/p><\/div><h2 class='section-title'>So funktioniert es:<\/h2><div class='mb-4'><p><\/p>\n<ul>\n<li>Sie bestimmen den Betrag oder das Budget, das Sie investieren m\u00f6chten, und wir schlagen Ihnen die passenden Diamanten vor + j\u00e4hrliches steuerfreies Einkommen von 3 % \u00fcber 8 Jahre*, *Vertrag auf der Rechnung.<\/li>\n<li>Die Diamanten befinden sich in Ihrem Besitz!<br \/>\n*Die Wertentwicklung in der Vergangenheit ist keine Garantie f\u00fcr die Performance der Zukunft.<\/li>\n<li>Die Diamanten f\u00fcr Ihr Investment werden von unserem Experten sorgf\u00e4ltig ausgew\u00e4hlt, um Ihnen die beste Garantie f\u00fcr eine Rendite zu bieten.<\/li>\n<\/ul>\n<p><\/p><\/div><\/div><\/div> <div class='row vc_row '><div class='col-md-2 '><\/div><div class='col-md-8 '><div style='height: 32px;'><\/div><div class='vc-image '><figure><a href='https:\/\/ajediam.com\/de\/schnellanfrageformular\/' class='d-block'><img src='https:\/\/ajediam.com\/wp-content\/uploads\/2019\/03\/Ajediam_footer_Buy_now_13_03_2015.jpg' alt=''><\/a><\/figure><\/div><\/div><div class='col-md-2 '><\/div><\/div> <div class='row vc_row '><div class='col-md-8 '><div class='mb-4'><p>*Die US-Notenbank hat seit Ausbruch der Kreditkrise 2.757.000.000.000 $ an neuem Papiergeld aus dem Nichts geschaffen.<br \/>\nDies geschah mit dem Ziel, maximale Besch\u00e4ftigung zu erreichen.<\/p>\n<p>Nach f\u00fcnf Jahren massiven Gelddruckens hat der aktive Teil der Erwerbsbev\u00f6lkerung ein neues Tief von 63,2 % erreicht.<br \/>\nEin schlichtweg miserables Ergebnis. Quelle: Jack Highland # 652, Freitag, 20. September 2013 &#8211; www.stocktradingnieuws.com<\/p><\/div><\/div><div class='col-md-4 '><a class='lab-button' href='https:\/\/ajediam.com\/de\/schnellanfrageformular\/' target='' title='https:\/\/ajediam.com\/de\/schnellanfrageformula'>Zum Kaufberater<\/a><\/div><\/div> <div class='row vc_row '><div class='col-md-12 '><div class='mb-4'><p><\/p>\n<h4>Diamanten als Kapitalanlage, investieren in&#8230;<a href=\"\/investing_diamonds_investment\"> Teil 1<\/a><\/h4>\n<h4>Ressourcenknappheit, r\u00fcckl\u00e4ufige Produktion in Diamantenminen und weltweit steigende Nachfrage nach geschliffenen Steinen&#8230; <a href=\"https:\/\/ajediam.com\/investing-diamonds-investment-part2\"> Teil 2<\/a><\/h4>\n<h4>Der Wert von Diamanten wird durch ihre Seltenheit bestimmt&#8230; <a href=\"https:\/\/ajediam.com\/investing-diamonds-investment-part3\"> Teil 3<\/a><\/h4>\n<h4>Statistiken zum historischen Preistrend&#8230; <a href=\"https:\/\/ajediam.com\/de\/diamantenpreise\/historische-diamantenpreise\/\"> Teil 4<\/a><\/h4>\n<p><\/p><\/div><\/div><\/div> <\/p>\n","protected":false},"excerpt":{"rendered":"","protected":false},"author":5,"featured_media":0,"parent":153405,"menu_order":0,"comment_status":"closed","ping_status":"closed","template":"","meta":{"ub_ctt_via":"","footnotes":""},"acf":[],"featured_image_src":null,"_links":{"self":[{"href":"https:\/\/ajediam.com\/de\/wp-json\/wp\/v2\/pages\/154103"}],"collection":[{"href":"https:\/\/ajediam.com\/de\/wp-json\/wp\/v2\/pages"}],"about":[{"href":"https:\/\/ajediam.com\/de\/wp-json\/wp\/v2\/types\/page"}],"author":[{"embeddable":true,"href":"https:\/\/ajediam.com\/de\/wp-json\/wp\/v2\/users\/5"}],"replies":[{"embeddable":true,"href":"https:\/\/ajediam.com\/de\/wp-json\/wp\/v2\/comments?post=154103"}],"version-history":[{"count":1,"href":"https:\/\/ajediam.com\/de\/wp-json\/wp\/v2\/pages\/154103\/revisions"}],"predecessor-version":[{"id":154105,"href":"https:\/\/ajediam.com\/de\/wp-json\/wp\/v2\/pages\/154103\/revisions\/154105"}],"up":[{"embeddable":true,"href":"https:\/\/ajediam.com\/de\/wp-json\/wp\/v2\/pages\/153405"}],"wp:attachment":[{"href":"https:\/\/ajediam.com\/de\/wp-json\/wp\/v2\/media?parent=154103"}],"curies":[{"name":"wp","href":"https:\/\/api.w.org\/{rel}","templated":true}]}}