{"id":15547,"date":"2023-05-04T15:04:04","date_gmt":"2023-05-04T15:04:04","guid":{"rendered":"https:\/\/ajediam.com\/?page_id=15547"},"modified":"2026-02-18T18:19:06","modified_gmt":"2026-02-18T18:19:06","slug":"ueber-ajediam","status":"publish","type":"page","link":"https:\/\/ajediam.com\/de\/ueber-ajediam\/","title":{"rendered":"\u00dcber Ajediam"},"content":{"rendered":"\n<p>Treten Sie ein in die Welt von Ajediam \u2013 entdecken Sie unser Unternehmen und alles, was Sie \u00fcber Ajediam wissen m\u00fcssen. <\/p>\n\n\n\n<p>Tauchen Sie ein in die Welt von Ajediam, wo unsere Branchenexperten tiefes Wissen und Transparenz in das Diamanten- und Edelschmuckerlebnis einbringen. Lernen Sie die Menschen hinter unserem Unternehmen kennen und erfahren Sie mehr \u00fcber unser unersch\u00fctterliches Engagement, erstklassigen Service zu bieten. In diesem Abschnitt erfahren Sie mehr \u00fcber unser au\u00dfergew\u00f6hnliches Team, unsere Dienstleistungen und Garantien und erfahren, warum wir danach streben, Ihr Vertrauen durch un\u00fcbertroffene Fachkompetenz und Hingabe zu gewinnen.<\/p>\n","protected":false},"excerpt":{"rendered":"<p>Treten Sie ein in die Welt von Ajediam \u2013 entdecken Sie unser Unternehmen und alles, was Sie \u00fcber Ajediam wissen m\u00fcssen. Tauchen Sie ein in die Welt von Ajediam, wo unsere Branchenexperten tiefes Wissen und Transparenz in das Diamanten- und Edelschmuckerlebnis einbringen. Lernen Sie die Menschen hinter unserem Unternehmen kennen und erfahren Sie mehr \u00fcber [&hellip;]<\/p>\n","protected":false},"author":5,"featured_media":0,"parent":0,"menu_order":0,"comment_status":"closed","ping_status":"closed","template":"childpage-new-page.php","meta":{"ub_ctt_via":"","footnotes":""},"acf":[],"featured_image_src":null,"_links":{"self":[{"href":"https:\/\/ajediam.com\/de\/wp-json\/wp\/v2\/pages\/15547"}],"collection":[{"href":"https:\/\/ajediam.com\/de\/wp-json\/wp\/v2\/pages"}],"about":[{"href":"https:\/\/ajediam.com\/de\/wp-json\/wp\/v2\/types\/page"}],"author":[{"embeddable":true,"href":"https:\/\/ajediam.com\/de\/wp-json\/wp\/v2\/users\/5"}],"replies":[{"embeddable":true,"href":"https:\/\/ajediam.com\/de\/wp-json\/wp\/v2\/comments?post=15547"}],"version-history":[{"count":1,"href":"https:\/\/ajediam.com\/de\/wp-json\/wp\/v2\/pages\/15547\/revisions"}],"predecessor-version":[{"id":15629,"href":"https:\/\/ajediam.com\/de\/wp-json\/wp\/v2\/pages\/15547\/revisions\/15629"}],"wp:attachment":[{"href":"https:\/\/ajediam.com\/de\/wp-json\/wp\/v2\/media?parent=15547"}],"curies":[{"name":"wp","href":"https:\/\/api.w.org\/{rel}","templated":true}]}}