{"id":54375,"date":"2022-06-15T16:52:55","date_gmt":"2022-06-15T16:52:55","guid":{"rendered":"https:\/\/ajediam.com\/kontakt-ajediam\/"},"modified":"2024-03-14T11:26:13","modified_gmt":"2024-03-14T11:26:13","slug":"kontakt-ajediam","status":"publish","type":"page","link":"https:\/\/ajediam.com\/de\/ueber-ajediam\/kontakt-ajediam\/","title":{"rendered":"Kontakt Ajediam"},"content":{"rendered":"\n<div style=\"height:50px\" aria-hidden=\"true\" class=\"wp-block-spacer\"><\/div>\n\n<p>Ajediam befindet sich im Herzen des Diamantenviertels. Unsere B\u00fcros und unser Atelier befinden sich im ersten und zweiten Stock des Belamco-Geb\u00e4udes in der Hoveniersstraat 19, direkt gegen\u00fcber den <a href=\"https:\/\/www.awdc.be\/\" target=\"_blank\" rel=\"noreferrer noopener nofollow\">AWDC-<\/a> und <a href=\"https:\/\/hrdantwerp.com\/en\" target=\"_blank\" rel=\"noreferrer noopener nofollow\">HRD-Labors<\/a>. <\/p>\n\n<p>Sie k\u00f6nnen uns leicht erreichen. In der Tat sind wir nur 2 Minuten zu Fu\u00df vom Hauptbahnhof entfernt. Autofahrer k\u00f6nnen ihre Fahrzeuge sicher in den zahlreichen Parkh\u00e4usern rund um das Diamantenviertel abstellen. Reisende, die am Br\u00fcsseler Flughafen ankommen, k\u00f6nnen in der U-Bahn unter dem Flughafen einfach in einen Zug steigen und erreichen den Hauptbahnhof von Antwerpen in etwa 20 Minuten.<\/p>\n\n<p>Wir raten unseren Besuchern immer, ein paar Tage zu bleiben und sich die Zeit zu nehmen, unsere sch\u00f6ne Stadt zu genie\u00dfen. Es ist nicht nur immer ein Abenteuer, das Diamantenviertel zu entdecken, sondern Antwerpen hat auch sonst viel zu bieten. Klicken Sie auf diesen <a href=\"https:\/\/ajediam.com\/visit-antwerp\/\" title=\"Link\">Link<\/a>, um mehr \u00fcber unsere Reiseempfehlungen zu erfahren.<\/p>\n\n<p>WICHTIGER HINWEIS F\u00dcR FAHRER: Die Stadt Antwerpen ist bestrebt, ihre Abgasemissionen zu reduzieren und hat neue Vorschriften f\u00fcr die Einfahrt von Autos in die Stadt erlassen. Beachten Sie, dass alle Fahrzeuge mit ausl\u00e4ndischen (nicht-belgischen und nicht-niederl\u00e4ndischen) Kennzeichen vor der Einfahrt in die Stadt <a href=\"https:\/\/www.slimnaarantwerpen.be\/en\/LEZ\/register-your-vehicle\" target=\"_blank\" rel=\"noreferrer noopener nofollow\">angemeldet werden<\/a> m\u00fcssen. Weitere Informationen finden Sie unter diesem <a href=\"https:\/\/www.slimnaarantwerpen.be\/en\/LEZ\/check-your-vehicle\/conditions-for-admission-as-of-1\/1\/2020#current-rules\" target=\"_blank\" rel=\"noreferrer noopener nofollow\" title=\"Link\">Link<\/a>.<\/p>\n\n<div style=\"height:100px\" aria-hidden=\"true\" class=\"wp-block-spacer\"><\/div>\n\n<div class=\"wp-block-columns is-layout-flex wp-container-core-columns-layout-1 wp-block-columns-is-layout-flex\">\n<div class=\"wp-block-column is-layout-flow wp-block-column-is-layout-flow\">\n<h2 class=\"has-text-align-center wp-block-heading\">Chatten Sie mit uns<\/h2>\n\n\n\n<p class=\"has-text-align-center\">Festnetz: <a href=\"tel:+3238087202\">+ 32 3 808 72 02<\/a><br\/><a href=\"https:\/\/ajediam.com\/contact-us\/callback\" target=\"_blank\" rel=\"noreferrer noopener nofollow\">R\u00fcckruf anfordern<\/a><\/p>\n<\/div>\n\n\n\n<div class=\"wp-block-column is-layout-flow wp-block-column-is-layout-flow\">\n<h2 class=\"has-text-align-center wp-block-heading\">Schreiben Sie uns<\/h2>\n\n\n\n<p class=\"has-text-align-center\"><a href=\"mailto:care@ajediam.com\">care@ajediam.com<\/a><\/p>\n\n\n\n<p class=\"has-text-align-center\"><em>wir antworten in der Regel innerhalb von 48h<\/em><\/p>\n<\/div>\n\n\n\n<div class=\"wp-block-column is-layout-flow wp-block-column-is-layout-flow\">\n<h2 class=\"has-text-align-center wp-block-heading\">Besuchen Sie unsere B\u00fcros<\/h2>\n\n\n\n<p class=\"has-text-align-center\">Belamco-Geb\u00e4ude, <br\/>1. und 2. Stockwerk<br\/> Hoveniersstraat 19, <br\/>2018 Antwerpen &#8211; Belgien<\/p>\n\n\n\n<p class=\"has-text-align-center\"><a href=\"https:\/\/ajediam.com\/contact-us\/appointment\" title=\"einen Termin buchen\">Buchen Sie einen Termin<\/a><\/p>\n<\/div>\n<\/div>\n","protected":false},"excerpt":{"rendered":"<p>Ajediam befindet sich im Herzen des Diamantenviertels. Unsere B\u00fcros und unser Atelier befinden sich im ersten und zweiten Stock des Belamco-Geb\u00e4udes in der Hoveniersstraat 19, direkt gegen\u00fcber den AWDC- und HRD-Labors. Sie k\u00f6nnen uns leicht erreichen. In der Tat sind wir nur 2 Minuten zu Fu\u00df vom Hauptbahnhof entfernt. Autofahrer k\u00f6nnen ihre Fahrzeuge sicher in [&hellip;]<\/p>\n","protected":false},"author":5,"featured_media":52845,"parent":15547,"menu_order":0,"comment_status":"closed","ping_status":"closed","template":"","meta":{"ub_ctt_via":"","footnotes":""},"acf":[],"featured_image_src":"https:\/\/ajediam.com\/wp-content\/uploads\/2023\/11\/Screenshot-2023-11-06-at-21.18.55.png","_links":{"self":[{"href":"https:\/\/ajediam.com\/de\/wp-json\/wp\/v2\/pages\/54375"}],"collection":[{"href":"https:\/\/ajediam.com\/de\/wp-json\/wp\/v2\/pages"}],"about":[{"href":"https:\/\/ajediam.com\/de\/wp-json\/wp\/v2\/types\/page"}],"author":[{"embeddable":true,"href":"https:\/\/ajediam.com\/de\/wp-json\/wp\/v2\/users\/5"}],"replies":[{"embeddable":true,"href":"https:\/\/ajediam.com\/de\/wp-json\/wp\/v2\/comments?post=54375"}],"version-history":[{"count":7,"href":"https:\/\/ajediam.com\/de\/wp-json\/wp\/v2\/pages\/54375\/revisions"}],"predecessor-version":[{"id":54501,"href":"https:\/\/ajediam.com\/de\/wp-json\/wp\/v2\/pages\/54375\/revisions\/54501"}],"up":[{"embeddable":true,"href":"https:\/\/ajediam.com\/de\/wp-json\/wp\/v2\/pages\/15547"}],"wp:featuredmedia":[{"embeddable":true,"href":"https:\/\/ajediam.com\/de\/wp-json\/wp\/v2\/media\/52845"}],"wp:attachment":[{"href":"https:\/\/ajediam.com\/de\/wp-json\/wp\/v2\/media?parent=54375"}],"curies":[{"name":"wp","href":"https:\/\/api.w.org\/{rel}","templated":true}]}}