{"id":54463,"date":"2022-06-17T09:45:34","date_gmt":"2022-06-17T09:45:34","guid":{"rendered":"https:\/\/ajediam.com\/karriere-bei-ajediam\/"},"modified":"2024-03-13T06:01:52","modified_gmt":"2024-03-13T06:01:52","slug":"karriere-bei-ajediam","status":"publish","type":"page","link":"https:\/\/ajediam.com\/de\/ueber-ajediam\/der-ideale-partner-fur-ernsthafte-diamantenkaufer\/karriere-bei-ajediam\/","title":{"rendered":"Karriere bei Ajediam"},"content":{"rendered":"\n<p><\/p>\n\n<p>&#8222;Es spielt keine Rolle, wie lange man in der Diamantenindustrie arbeitet, die Wahrscheinlichkeit, dass die Begeisterung f\u00fcr einen sch\u00f6nen Diamanten verblasst, geht gegen Null.<\/p>\n\n<p>Die Diamantenindustrie kann f\u00fcr einen Au\u00dfenstehenden geheimnisvoll, ja sogar unergr\u00fcndlich erscheinen. Im Gegensatz zu dem, was oft gesagt wird, muss man nicht in eine Diamantenfamilie hineingeboren werden, um in ihr arbeiten zu k\u00f6nnen.<\/p>\n\n<p>Hier in Antwerpen funktioniert der Diamantenmarkt wie ein Mikrokosmos. Ganz gleich, welchen Beruf Sie aus\u00fcben, wenn Sie talentiert und leidenschaftlich sind, bietet die Diamantenindustrie wirklich spannende Karrierem\u00f6glichkeiten.<\/p>\n\n<p>Bei Ajediam sind wir stolz darauf, mit Innovation, Mitgef\u00fchl und Transparenz zu f\u00fchren. Begleiten Sie uns bei unserem brillanten Abenteuer und helfen Sie uns, die Diamantenindustrie der Zukunft aufzubauen.<\/p>\n\n<p> &#8211; Charlotte Auerbach-Tyser, Direktorin von Ajediam<\/p>\n\n<h2 class=\"wp-block-heading\">Unsere Werte<\/h2>\n\n<p>Unsere Leidenschaft und unser Ehrgeiz gehen Hand in Hand &#8211; es geht darum, den bestm\u00f6glichen Diamanten und das beste Schmuckst\u00fcck f\u00fcr unsere Kunden zu finden. Wir arbeiten jeden Tag hart daran, unseren Service zu verbessern und das Vertrauen und die Anerkennung unserer Kunden zu verdienen.<\/p>\n\n<p>Transparenz &#8211; Ajediam arbeitet auf der Grundlage der Idee einer modernen und transparenten Industrie. Indem wir das Wissen von Experten und das Talent von Designern kombinieren, bieten wir unseren Besuchern Zugang zu verst\u00e4ndlichen und intelligenten Informationen! <\/p>\n\n<p>Innovation und Kreativit\u00e4t &#8211; Wir erinnern uns daran, dass die t\u00e4gliche Arbeit zu einem Abenteuer wird, wenn man die Welt mit einem kreativen Geist betrachtet.<\/p>\n\n<p>Nachhaltigkeit &#8211; Wir alle streben nach einer besseren Welt. Bei Ajediam \u00fcberdenken wir unsere Schritte, von den kleinsten bis zu den wichtigsten, und setzen sie in nachhaltige Ma\u00dfnahmen um. <\/p>\n\n<p>Freude &#8211; &#8222;Eine geteilte Freude ist eine doppelte Freude&#8220;.<\/p>\n\n<h2 class=\"wp-block-heading\">Leiterschaft<\/h2>\n\n<p><em>Charlotte Auerbach-Tyser, Generaldirektorin<\/em><\/p>\n\n<p>Charlotte wuchs in Frankreich auf und erhielt ihre Ausbildung an der Amerikanischen Universit\u00e4t in Paris. Sie ging ihrer wachsenden Leidenschaft f\u00fcr Juwelen nach und wurde Gemmologin. Nach einem Jahrzehnt in Antwerpen sammelte sie umfangreiche Erfahrungen in der Diamantenindustrie. Ihre Disziplinen sind die digitale Produktentwicklung sowie das digitale Marketing in der Luxusindustrie. Ihre St\u00e4rken sind ihr Weitblick, ihre Beharrlichkeit und ihr Streben nach st\u00e4ndiger Verbesserung.<\/p>\n\n<p><em>Ben Auerbach, Leiter der Abteilung Diamantenhandel<\/em><\/p>\n\n<p>Ben wuchs in Deutschland auf, wo er schon in jungen Jahren zu arbeiten begann und schnell zum Unternehmer wurde. Als Selfmademan, genial und vielseitig, ist Ben ein auf die Schmuckindustrie spezialisierter Gesch\u00e4ftsentwickler. Seine St\u00e4rken sind sein Gesch\u00e4ftssinn, sein Durchhalteverm\u00f6gen und seine F\u00e4higkeit, neue M\u00f6glichkeiten zu schaffen. Au\u00dferdem ist er einer der besten Eink\u00e4ufer in der Diamantenbranche.<\/p>\n\n<h2 class=\"wp-block-heading\">Aktuelle Stellenangebote<\/h2>\n\n<p>Um unser Wachstum und unsere Entwicklung fortzusetzen, suchen Ajediam und seine <a href=\"http:\/\/www.ajediam.com\/partners\" target=\"_blank\" rel=\"noreferrer noopener nofollow\">Partner<\/a> talentierte und vielseitige Mitarbeiter: <\/p>\n\n<p><strong>Management-Team<\/strong><\/p>\n\n<p><em> Keine aktuelle \u00d6ffnung<\/em><\/p>\n\n<p><strong>Digitales Team<\/strong><\/p>\n\n<p><a href=\"https:\/\/ajediam.com\/wp-content\/uploads\/2023\/09\/full-stack-coder-needed-.pdf\" target=\"_blank\" rel=\"noreferrer noopener\">Vollstapel React Coder<\/a><\/p>\n\n<p><strong>Studio-Team<\/strong><\/p>\n\n<p>Produkt- und Stilllebenfotograf<\/p>\n\n<p>Ersteller von Videoinhalten<\/p>\n\n<p><strong>Atelier-Team<\/strong><\/p>\n\n<p> <em>Keine aktuelle \u00d6ffnung<\/em><\/p>\n\n<p><strong>Programme f\u00fcr Praktika<\/strong><\/p>\n\n<p>Praktikum in Gemmologie und Diamantensortierung<\/p>\n\n<h2 class=\"wp-block-heading\">Allgemeine Einreichungen<\/h2>\n\n<p>Was auch immer Ihre Leidenschaft ist, wir freuen uns darauf, von Ihnen zu h\u00f6ren.<\/p>\n\n<p>Teilen Sie uns Ihr Profil mit, indem Sie eine E-Mail an <a href=\"mailto:career@ajediam.com\">career@ajediam.com<\/a> senden.<\/p>\n","protected":false},"excerpt":{"rendered":"<p>&#8222;Es spielt keine Rolle, wie lange man in der Diamantenindustrie arbeitet, die Wahrscheinlichkeit, dass die Begeisterung f\u00fcr einen sch\u00f6nen Diamanten verblasst, geht gegen Null. Die Diamantenindustrie kann f\u00fcr einen Au\u00dfenstehenden geheimnisvoll, ja sogar unergr\u00fcndlich erscheinen. Im Gegensatz zu dem, was oft gesagt wird, muss man nicht in eine Diamantenfamilie hineingeboren werden, um in ihr arbeiten [&hellip;]<\/p>\n","protected":false},"author":5,"featured_media":55600,"parent":54465,"menu_order":0,"comment_status":"closed","ping_status":"closed","template":"jewel-cleaner-page.php","meta":{"ub_ctt_via":"","footnotes":""},"acf":[],"featured_image_src":"https:\/\/ajediam.com\/wp-content\/uploads\/2024\/10\/shutterstock_126923948-1-scaled.jpg","_links":{"self":[{"href":"https:\/\/ajediam.com\/de\/wp-json\/wp\/v2\/pages\/54463"}],"collection":[{"href":"https:\/\/ajediam.com\/de\/wp-json\/wp\/v2\/pages"}],"about":[{"href":"https:\/\/ajediam.com\/de\/wp-json\/wp\/v2\/types\/page"}],"author":[{"embeddable":true,"href":"https:\/\/ajediam.com\/de\/wp-json\/wp\/v2\/users\/5"}],"replies":[{"embeddable":true,"href":"https:\/\/ajediam.com\/de\/wp-json\/wp\/v2\/comments?post=54463"}],"version-history":[{"count":1,"href":"https:\/\/ajediam.com\/de\/wp-json\/wp\/v2\/pages\/54463\/revisions"}],"predecessor-version":[{"id":54464,"href":"https:\/\/ajediam.com\/de\/wp-json\/wp\/v2\/pages\/54463\/revisions\/54464"}],"up":[{"embeddable":true,"href":"https:\/\/ajediam.com\/de\/wp-json\/wp\/v2\/pages\/54465"}],"wp:featuredmedia":[{"embeddable":true,"href":"https:\/\/ajediam.com\/de\/wp-json\/wp\/v2\/media\/55600"}],"wp:attachment":[{"href":"https:\/\/ajediam.com\/de\/wp-json\/wp\/v2\/media?parent=54463"}],"curies":[{"name":"wp","href":"https:\/\/api.w.org\/{rel}","templated":true}]}}