{"id":54465,"date":"2019-05-04T10:51:21","date_gmt":"2019-05-04T10:51:21","guid":{"rendered":"https:\/\/ajediam.com\/der-ideale-partner-fur-ernsthafte-diamantenkaufer\/"},"modified":"2026-02-22T18:28:28","modified_gmt":"2026-02-22T18:28:28","slug":"der-ideale-partner-fur-ernsthafte-diamantenkaufer","status":"publish","type":"page","link":"https:\/\/ajediam.com\/de\/ueber-ajediam\/der-ideale-partner-fur-ernsthafte-diamantenkaufer\/","title":{"rendered":"Der ideale Partner f\u00fcr ernsthafte Diamantenk\u00e4ufer"},"content":{"rendered":"\n<p>Ajediam &#8211; die Antwerpener Juwelen- und Diamantenmanufaktur &#8211; liefert seit 1986 unglaubliche Diamanten f\u00fcr clevere K\u00e4ufer in aller Welt.<\/p>\n\n\n\n<p>Als Pionier im Online-Handel mit Diamantschmuck (erster Online-Start 2002) bietet Ajediam die hei\u00dfesten Diamantenangebote in Antwerpen, eine gro\u00dfe Auswahl der sch\u00f6nsten und begehrtesten Diamantschmuckdesigns, spannende Inhalte mit Expertentipps und -tricks, um ein echter Insider der Diamantbranche zu werden, und ein fantastisches Einkaufserlebnis auf allen Ger\u00e4ten<\/p>\n\n\n\n<p>Wir sind unseren Kunden zutiefst verpflichtet. Unsere Dienstleistungen sind ma\u00dfgeschneidert und taktvoll. Weltweiter Expressversand, luxuri\u00f6se wiederverwendbare Verpackungsboxen mit Unterschrift, einfache R\u00fcckgabe und Kundenbetreuung in 5 Sprachen (Englisch, Niederl\u00e4ndisch, Franz\u00f6sisch, Deutsch und Russisch) sind nur einige der Vorteile, die Sie beim Einkaufen bei uns genie\u00dfen k\u00f6nnen. Schlie\u00dflich steht Ihnen ein fachkundiges Beratungsteam zur Verf\u00fcgung, um Ihre Fragen zu beantworten (Montag bis Freitag von 10 bis 18 Uhr MEZ).<\/p>\n\n\n\n<p>Wir verf\u00fcgen \u00fcber Fachwissen in allen Bereichen der Diamantenindustrie, einschlie\u00dflich farbiger Diamanten, spezieller und ma\u00dfgeschneiderter Schliffe, gro\u00dfer Diamanten und sogar perfekter identischer Paare! Ajediam ist Antwerpens erste Adresse f\u00fcr Diamanten f\u00fcr Kunden aus aller Welt. <\/p>\n\n\n\n<div style=\"height:60px\" aria-hidden=\"true\" class=\"wp-block-spacer\"><\/div>\n\n\n\n<h2 class=\"wp-block-heading\">Zeitleiste<\/h2>\n\n\n\n<p>1987 &#8211; <a href=\"https:\/\/ajediam.com\/de\/jan-huts\">Jan Huts<\/a> gr\u00fcndet die Antwerpener Juwelen- und Diamantenmanufaktur und \u00f6ffnet seine T\u00fcren im <a href=\"http:\/\/diamantkring.be\/\" target=\"_blank\" rel=\"noreferrer noopener nofollow\">DiamantKring<\/a> (Antwerpener B\u00f6rse f\u00fcr Rohdiamanten) in der Hoveniersstraat 2.<\/p>\n\n\n\n<p>2002 &#8211; Ajediam.com wird als eine der ersten Websites f\u00fcr den Diamantenhandel in Antwerpen gegr\u00fcndet<\/p>\n\n\n\n<p>2021 &#8211; Ajediam zieht in das Belamco-Geb\u00e4ude in der Hovenierstraat 19 und schlie\u00dft sich mit OnlyJewels bv zusammen<\/p>\n\n\n\n<p>November 2021 &#8211; Im Alter von 79 Jahren verstirbt der Ajediam-Gr\u00fcnder <a href=\"https:\/\/ajediam.com\/jan-huts\" target=\"_blank\" rel=\"noreferrer noopener nofollow\">Jan Huts<\/a>.<\/p>\n\n\n\n<p>2022 &#8211; Aktualisierung des Markenauftritts von Ajediam mit einem neuen Logo und neuen Layouts. Weitere Aktualisierungen werden folgen.<\/p>\n\n\n\n<p>2022 &#8211; Ajediam er\u00f6ffnet sein hauseigenes Atelier f\u00fcr feinen Schmuck: Antwerpener Ateliers. <\/p>\n\n\n\n<div style=\"height:60px\" aria-hidden=\"true\" class=\"wp-block-spacer\"><\/div>\n\n\n\n<h2 class=\"wp-block-heading\">Vertrauen ist das A und O!<\/h2>\n\n\n\n<p>Ajediam befindet sich im Herzen von Antwerpen, der Diamantenhauptstadt seit 1447. Der Name Ajediam steht f\u00fcr die Geschichte unserer brillanten Stadt, die sich durch Exzellenz und Innovation auszeichnet und auf ein 570 Jahre altes Erbe im Handel und im Schleifen von Diamanten zur\u00fcckblicken kann. <\/p>\n\n\n\n<p>Als leidenschaftliche Diamantenliebhaber sammeln wir seltene Edelsteine und entwerfen fabelhafte Schmuckst\u00fccke. Als zuverl\u00e4ssiger Hersteller schneiden wir die besten Marken und haben den Anspruch, der Zeit immer einen Schritt voraus zu sein. Und schlie\u00dflich h\u00f6ren wir als aufmerksame Vertriebspartner unseren Kunden aufmerksam zu und erstellen ein ma\u00dfgeschneidertes Angebot, das von einem hervorragenden Service begleitet wird.<\/p>\n\n\n\n<p>Unser Unternehmen sieht Transparenz und Wissen als die S\u00e4ulen, die uns von anderen unterscheiden. Wir sind hier, um Ihnen zu helfen, eine kluge Wahl bei Diamanten zu treffen und Ihnen immer zu sagen, wie es wirklich ist, auch wenn es nicht zu einem Verkauf f\u00fchrt. <\/p>\n\n\n\n<div style=\"height:60px\" aria-hidden=\"true\" class=\"wp-block-spacer\"><\/div>\n\n\n\n<h2 class=\"wp-block-heading\">An der Quelle der Diamanten<\/h2>\n\n\n\n<p>Unser Team ist auf alle Stufen der Produktionskette spezialisiert. Wir handeln, das hei\u00dft, wir kaufen und verkaufen weltweit von Minen, von den verschiedenen Diamantenb\u00f6rsen und sogar von Privatkunden. Wir schleifen und polieren Rohdiamanten und geschliffene Diamanten, die verbessert werden m\u00fcssen. Wir stellen wundersch\u00f6ne Schmuckst\u00fccke her, in die wir die Diamanten einsetzen. <\/p>\n\n\n\n<div style=\"height:60px\" aria-hidden=\"true\" class=\"wp-block-spacer\"><\/div>\n\n\n\n<h3 class=\"wp-block-heading\">Direktorium<\/h3>\n\n\n\n<ul>\n<li><a href=\"http:\/\/www.feeg-education.com\/\" target=\"_blank\" rel=\"noreferrer noopener nofollow\">FEEG<\/a> Graduate Gemologists and Diamond Graders &#8211; Verband f\u00fcr die europ\u00e4ische Ausbildung in der Gemmologie<\/li>\n\n\n\n<li>Mitglieder des <a href=\"https:\/\/wfdb.com\/\" target=\"_blank\" rel=\"noreferrer noopener\">WFDB<\/a> &#8211; Weltverband der Diamantb\u00f6rsen<\/li>\n\n\n\n<li>Mitglieder des <a href=\"http:\/\/diamantkring.be\/\" target=\"_blank\" rel=\"noreferrer noopener nofollow\" title=\"Antwerpener Diamantkranz\">Antwerpsche<\/a> <a href=\"http:\/\/diamantkring.be\/\" target=\"_blank\" rel=\"noreferrer noopener nofollow\" title=\"Antwerpener Diamantkranz\">Diamantkring<\/a> &#8211; Antwerpener B\u00f6rse f\u00fcr Rohdiamanten<\/li>\n<\/ul>\n\n\n\n<div style=\"height:60px\" aria-hidden=\"true\" class=\"wp-block-spacer\"><\/div>\n\n\n\n<h3 class=\"wp-block-heading\">Im Herzen des Antwerpener Diamantenviertels<\/h3>\n\n\n\n<p>Belamco-Geb\u00e4ude<br>Hovenierstraat 19<br>2018 Antwerpen<br>Belgien, Europa<\/p>\n\n\n\n<p>Whatsapp: <a href=\"tel:+32471711421\">+ 32 471 711 421<\/a><br>B\u00fcror\u00e4ume: <a href=\"tel:+3238087202\">+ 32 3 808 72 02<\/a><\/p>\n\n\n\n<p><\/p>\n","protected":false},"excerpt":{"rendered":"<p>Ajediam &#8211; die Antwerpener Juwelen- und Diamantenmanufaktur &#8211; liefert seit 1986 unglaubliche Diamanten f\u00fcr clevere K\u00e4ufer in aller Welt. Als Pionier im Online-Handel mit Diamantschmuck (erster Online-Start 2002) bietet Ajediam die hei\u00dfesten Diamantenangebote in Antwerpen, eine gro\u00dfe Auswahl der sch\u00f6nsten und begehrtesten Diamantschmuckdesigns, spannende Inhalte mit Expertentipps und -tricks, um ein echter Insider der Diamantbranche [&hellip;]<\/p>\n","protected":false},"author":5,"featured_media":57283,"parent":15547,"menu_order":0,"comment_status":"closed","ping_status":"closed","template":"","meta":{"ub_ctt_via":"","footnotes":""},"acf":[],"featured_image_src":"https:\/\/ajediam.com\/wp-content\/uploads\/2024\/12\/Screenshot-2024-12-08-at-17.30.33.png","_links":{"self":[{"href":"https:\/\/ajediam.com\/de\/wp-json\/wp\/v2\/pages\/54465"}],"collection":[{"href":"https:\/\/ajediam.com\/de\/wp-json\/wp\/v2\/pages"}],"about":[{"href":"https:\/\/ajediam.com\/de\/wp-json\/wp\/v2\/types\/page"}],"author":[{"embeddable":true,"href":"https:\/\/ajediam.com\/de\/wp-json\/wp\/v2\/users\/5"}],"replies":[{"embeddable":true,"href":"https:\/\/ajediam.com\/de\/wp-json\/wp\/v2\/comments?post=54465"}],"version-history":[{"count":4,"href":"https:\/\/ajediam.com\/de\/wp-json\/wp\/v2\/pages\/54465\/revisions"}],"predecessor-version":[{"id":153580,"href":"https:\/\/ajediam.com\/de\/wp-json\/wp\/v2\/pages\/54465\/revisions\/153580"}],"up":[{"embeddable":true,"href":"https:\/\/ajediam.com\/de\/wp-json\/wp\/v2\/pages\/15547"}],"wp:featuredmedia":[{"embeddable":true,"href":"https:\/\/ajediam.com\/de\/wp-json\/wp\/v2\/media\/57283"}],"wp:attachment":[{"href":"https:\/\/ajediam.com\/de\/wp-json\/wp\/v2\/media?parent=54465"}],"curies":[{"name":"wp","href":"https:\/\/api.w.org\/{rel}","templated":true}]}}