{"id":10001,"date":"2019-04-17T11:53:46","date_gmt":"2019-04-17T11:53:46","guid":{"rendered":"https:\/\/ajediam.com\/?page_id=10001"},"modified":"2023-06-30T19:29:21","modified_gmt":"2023-06-30T19:29:21","slug":"diamants-de-couleur-fantaisie","status":"publish","type":"page","link":"https:\/\/ajediam.com\/fr\/diamants-de-couleur\/diamants-de-couleur-fantaisie\/","title":{"rendered":"Diamants de Couleur Fantaisie"},"content":{"rendered":"<p><div class='row vc_row '><div class='col-md-12 '><div class='mb-4'><p><strong>Tableau de classification des diamants de couleur<\/strong> r\u00e9els<br \/>\nRose | Canari | Jaune | Rouge | Champaign | Cognac | Orange | Bleu | Chocolat | Vert | Noir | Gris et plus<\/p>\n<p><strong>AVIS IMPORTANT<\/strong>: Les diamants naturels de couleur fantaisie intense sont 200 000 fois plus rares et plus chers que les diamants blancs !<br \/>\nIl est impressionnant de savoir que la production mondiale annuelle de diamants blancs exceptionnels de couleur LC\/IF (blanc exceptionnel + couleur D) est seulement de quelques 900 carats !<br \/>\nCela souligne la raret\u00e9 extr\u00eame des diamants de couleur naturelle. Seul un diamant de couleur tr\u00e8s claire \u00e0 l\u00e9g\u00e8re est trouv\u00e9 pour chaque 10 000 incolores<\/p><\/div><\/div><\/div> <div class='row vc_row '><div class='col-md-2 '><\/div><div class='col-md-8 '><div class='row '><div class='col-md-20p col-inner'><div class='col-inwrap'><div class='vc-image text-center'><figure><a href='\/yellow-diamonds' class='d-block'><img src='https:\/\/ajediam.com\/wp-content\/uploads\/2019\/03\/Yellow__Intense_Yellow_fancy_diamonds.jpg' alt=''><\/a><\/figure><\/div><div class='mb-4'><p><\/p>\n<p style=\"text-align: center;\">Jaune<\/p>\n<p><\/p><\/div><\/div><\/div><div class='col-md-20p col-inner'><div class='col-inwrap'><div class='vc-image text-center'><figure><a href='\/fr\/diamants-jaune\/' class='d-block'><img src='https:\/\/ajediam.com\/wp-content\/uploads\/2019\/03\/Radiant_fancy_yellow_3.15_Carat_LC_100_x_100.jpg' alt=''><\/a><\/figure><\/div><div class='mb-4'><p><\/p>\n<p style=\"text-align: center;\">Jaune canari<\/p>\n<p><\/p><\/div><\/div><\/div><div class='col-md-20p col-inner'><div class='col-inwrap'><div class='vc-image text-center'><figure><a href='\/fr\/diamants-oranges\/' class='d-block'><img src='https:\/\/ajediam.com\/wp-content\/uploads\/2019\/03\/Orange_fancy_diamonds.jpg' alt=''><\/a><\/figure><\/div><div class='mb-4'><p><\/p>\n<p style=\"text-align: center;\">Orange<\/p>\n<p><\/p><\/div><\/div><\/div><div class='col-md-20p col-inner'><div class='col-inwrap'><div class='vc-image text-center'><figure><a href='\/fr\/cognac-diamants\/' class='d-block'><img src='https:\/\/ajediam.com\/wp-content\/uploads\/2019\/03\/Cognac_fancy_diamonds.jpg' alt=''><\/a><\/figure><\/div><div class='mb-4'><p><\/p>\n<p style=\"text-align: center;\">Cognac<\/p>\n<p><\/p><\/div><\/div><\/div><div class='col-md-20p col-inner'><div class='col-inwrap'><div class='vc-image text-center'><figure><a href='\/fr\/diamants-champagne\/' class='d-block'><img src='https:\/\/ajediam.com\/wp-content\/uploads\/2019\/03\/Champaign_fancy_diamonds.jpg' alt=''><\/a><\/figure><\/div><div class='mb-4'><p><\/p>\n<p style=\"text-align: center;\">Champagne<\/p>\n<p><\/p><\/div><\/div><\/div><\/div><\/div><div class='col-md-2 '><\/div><\/div> <div class='row vc_row '><div class='col-md-2 '><\/div><div class='col-md-8 '><div class='row '><div class='col-md-20p col-inner'><div class='col-inwrap'><div class='vc-image text-center'><figure><a href='\/fr\/diamants-bruns\/' class='d-block'><img src='https:\/\/ajediam.com\/wp-content\/uploads\/2019\/03\/Champaign_Fancy_Diamond_3cm_16.01.07-1.jpg' alt=''><\/a><\/figure><\/div><div class='mb-4'><p><\/p>\n<p style=\"text-align: center;\">Chocolat &#8211; Marron<\/p>\n<p><\/p><\/div><\/div><\/div><div class='col-md-20p col-inner'><div class='col-inwrap'><div class='vc-image text-center'><figure><a href='\/fr\/diamants-gris\/' class='d-block'><img src='https:\/\/ajediam.com\/wp-content\/uploads\/2019\/04\/fancy_color_diamonds__element452.jpg' alt=''><\/a><\/figure><\/div><div class='mb-4'><p><\/p>\n<p style=\"text-align: center;\">Gris<\/p>\n<p><\/p><\/div><\/div><\/div><div class='col-md-20p col-inner'><div class='col-inwrap'><div class='vc-image text-center'><figure><a href='\/fr\/diamants-verts\/' class='d-block'><img src='https:\/\/ajediam.com\/wp-content\/uploads\/2019\/03\/Green_fancy_intense_diamond_3_x_2_cm.jpg' alt=''><\/a><\/figure><\/div><div class='mb-4'><p><\/p>\n<p style=\"text-align: center;\">Vert &#8211; Lime<\/p>\n<p><\/p><\/div><\/div><\/div><div class='col-md-20p col-inner'><div class='col-inwrap'><div class='vc-image text-center'><figure><a href='\/fr\/diamants-rose\/' class='d-block'><img src='https:\/\/ajediam.com\/wp-content\/uploads\/2019\/03\/pink_diamond_1_x_1_cm.jpg' alt=''><\/a><\/figure><\/div><div class='mb-4'><p><\/p>\n<p style=\"text-align: center;\">Rose<\/p>\n<p><\/p><\/div><\/div><\/div><div class='col-md-20p col-inner'><div class='col-inwrap'><div class='vc-image text-center'><figure><a href='\/fr\/diamants-rose\/' class='d-block'><img src='https:\/\/ajediam.com\/wp-content\/uploads\/2019\/03\/PINK_diamond_Radiant_200_x_200.jpg' alt=''><\/a><\/figure><\/div><div class='mb-4'><p><\/p>\n<p style=\"text-align: center;\">Rose intense teint\u00e9 de violet<\/p>\n<p><\/p><\/div><\/div><\/div><\/div><\/div><div class='col-md-2 '><\/div><\/div> <div class='row vc_row '><div class='col-md-2 '><\/div><div class='col-md-8 '><div class='row '><div class='col-md-20p col-inner'><div class='col-inwrap'><div class='vc-image text-center'><figure><a href='\/fr\/diamants-bleus\/' class='d-block'><img src='https:\/\/ajediam.com\/wp-content\/uploads\/2019\/03\/blue_diamond_1_x_1_cm-1.jpg' alt=''><\/a><\/figure><\/div><div class='mb-4'><p><\/p>\n<p style=\"text-align: center;\">Bleu<\/p>\n<p><\/p><\/div><\/div><\/div><div class='col-md-20p col-inner'><div class='col-inwrap'><div class='vc-image text-center'><figure><a href='\/fr\/diamants-bleus\/' class='d-block'><img src='https:\/\/ajediam.com\/wp-content\/uploads\/2019\/03\/intense_blue_diamond_1_x_1_cm.jpg' alt=''><\/a><\/figure><\/div><div class='mb-4'><p><\/p>\n<p style=\"text-align: center;\">Bleu intense<\/p>\n<p><\/p><\/div><\/div><\/div><div class='col-md-20p col-inner'><div class='col-inwrap'><div class='vc-image text-center'><figure><a href='\/fr\/diamants-rouges\/' class='d-block'><img src='https:\/\/ajediam.com\/wp-content\/uploads\/2019\/03\/Red_diamond_1_x_1_cm.jpg' alt=''><\/a><\/figure><\/div><div class='mb-4'><p><\/p>\n<p style=\"text-align: center;\">Rouge<\/p>\n<p><\/p><\/div><\/div><\/div><div class='col-md-20p col-inner'><div class='col-inwrap'><div class='vc-image text-center'><figure><a href='\/fr\/diamants-noirs\/' class='d-block'><img src='https:\/\/ajediam.com\/wp-content\/uploads\/2019\/03\/black_diamond_small.jpg' alt=''><\/a><\/figure><\/div><div class='mb-4'><p><\/p>\n<p style=\"text-align: center;\">Noir<\/p>\n<p><\/p><\/div><\/div><\/div><div class='col-md-20p col-inner'><div class='col-inwrap'><\/div><\/div><\/div><\/div><div class='col-md-2 '><\/div><\/div> <div class='row vc_row '><div class='col-md-12 '><div style='height: 32px;'><\/div><div class='mb-4'><p>Plus de 80% de tous les diamants de couleur sont jaun\u00e2tres. La plupart des diamants de couleur ont une couleur laiteuse, des inclusions lourdes et sont nuageux &#8211;<br \/>\nVoir l&rsquo;image<br \/>\nPour maintenir une couleur intense, uniforme et bien r\u00e9partie, un diamant a besoin de volume, de masse !<br \/>\nC&rsquo;est pourquoi nous recommandons les formes coussin, radiant, poire, c\u0153ur, ovale ou Asscher pour les diamants de couleur afin d&rsquo;am\u00e9liorer leur couleur !<br \/>\nUn diamant taill\u00e9 \u00e0 plat ou en pointe perdra la majeure partie de sa couleur. La couleur sera coup\u00e9e ! Ne demandez pas un diamant de couleur fantaisie taill\u00e9 en princesse ou en trillion.<br \/>\nVous n&rsquo;en trouverez pas, ou si vous en trouvez, la couleur sera d\u00e9cevante !<br \/>\nLa plupart des plus gros diamants de couleur fantaisie vifs, d&rsquo;un carat ou plus, tels que les bleus, les rouges, les cognacs, les oranges, les roses et les verts, sont trait\u00e9s ou synth\u00e9tiques. <a href=\"\/fr\/prix-des-diamants\/fantaisie-couleur-diamants\/\">Prix des diamants de couleur<\/a> fantaisie<\/p><\/div><div class='mb-4'><p>Que seriez-vous pr\u00eat \u00e0 donner pour poss\u00e9der des diamants de couleur, consid\u00e9r\u00e9s comme les diamants les plus rares et les plus chers au monde ?<br \/>\nMarchands de gemmes, collectionneurs de gemmes, passionn\u00e9s de gemmes &#8211; voici votre \u00e9chelle de couleur, votre chance de faire une moisson de diamants jaune canari, Champaign, Champagne,<br \/>\nCognac, rose, noir, bleu et d&rsquo;autres magnifiques couleurs de l&rsquo;arc-en-ciel, des diamants de couleur naturels et bon march\u00e9 chez Ajediam.<br \/>\nLes diamants de couleur fantaisie de qualit\u00e9 sup\u00e9rieure, certifi\u00e9s par des laboratoires internationaux prestigieux, sont disponibles ici aux ench\u00e8res.<br \/>\nSi vous pensez \u00eatre assez riche pour acheter un diamant de couleur fantaisie exceptionnel, vous \u00eates les bienvenus !<br \/>\nAnvers est le plus grand centre commercial de diamants au monde avec un chiffre d&rsquo;affaires annuel de plus de 58,8 milliards de dollars US.<br \/>\nLaissez-nous vous aider : Envoyez un e-mail ou appelez-nous au + 32 3 808 72 02<\/p><\/div><div class='row '><div class='col-md-3 col-inner'><div class='col-inwrap'><\/div><\/div><div class='col-md-3 col-inner'><div class='col-inwrap'><div class='mb-4'><p>La plupart des diamants de couleur ont une couleur laiteuse,<br \/>\ndes inclusions lourdes, des imperfections et des piqu\u00e9s, et sont principalement nuageux comme sur cette image.<\/p><\/div><\/div><\/div><div class='col-md-3 col-inner'><div class='col-inwrap'><div class='vc-image text-center'><figure><div><img src='https:\/\/ajediam.com\/wp-content\/uploads\/2019\/03\/Color_diamond_heavy_piqu_s_cloudy.jpg' alt=''><\/div><\/figure><\/div><\/div><\/div><div class='col-md-3 col-inner'><div class='col-inwrap'><\/div><\/div><\/div><\/div><\/div> <div class='row vc_row '><div class='col-md-3 '><\/div><div class='col-md-3 '><div style='height: 32px;'><\/div><a class='lab-button' href='http:\/\/ajediam.com\/engagement-rings' target='' title='url:http:\/\/ajediam.com\/engagement-rings|'>ACHETER MAINTENANT<\/a><\/div><div class='col-md-3 '><div style='height: 32px;'><\/div><a class='lab-button' href='\/fr\/notre-formulaire-de-demande-rapide\/' target='' title='\/fr\/notre-formulaire-de-demande-rapid'>CONSULTER LE GUIDE D'ACHAT<\/a><\/div><div class='col-md-3 '><\/div><\/div> <div class='row vc_row '><div class='col-md-2 '><\/div><div class='col-md-8 '><div style='height: 32px;'><\/div><div class='vc-image '><figure><a href='\/fr\/notre-formulaire-de-demande-rapide\/' class='d-block'><img src='https:\/\/ajediam.com\/wp-content\/uploads\/2019\/03\/Ajediam_footer_Buy_now_13_03_2015.jpg' alt=''><\/a><\/figure><\/div><\/div><div class='col-md-2 '><\/div><\/div> <\/p>\n","protected":false},"excerpt":{"rendered":"","protected":false},"author":5,"featured_media":0,"parent":9998,"menu_order":0,"comment_status":"closed","ping_status":"closed","template":"","meta":{"ub_ctt_via":"","footnotes":""},"acf":[],"featured_image_src":null,"_links":{"self":[{"href":"https:\/\/ajediam.com\/fr\/wp-json\/wp\/v2\/pages\/10001"}],"collection":[{"href":"https:\/\/ajediam.com\/fr\/wp-json\/wp\/v2\/pages"}],"about":[{"href":"https:\/\/ajediam.com\/fr\/wp-json\/wp\/v2\/types\/page"}],"author":[{"embeddable":true,"href":"https:\/\/ajediam.com\/fr\/wp-json\/wp\/v2\/users\/5"}],"replies":[{"embeddable":true,"href":"https:\/\/ajediam.com\/fr\/wp-json\/wp\/v2\/comments?post=10001"}],"version-history":[{"count":2,"href":"https:\/\/ajediam.com\/fr\/wp-json\/wp\/v2\/pages\/10001\/revisions"}],"predecessor-version":[{"id":10003,"href":"https:\/\/ajediam.com\/fr\/wp-json\/wp\/v2\/pages\/10001\/revisions\/10003"}],"up":[{"embeddable":true,"href":"https:\/\/ajediam.com\/fr\/wp-json\/wp\/v2\/pages\/9998"}],"wp:attachment":[{"href":"https:\/\/ajediam.com\/fr\/wp-json\/wp\/v2\/media?parent=10001"}],"curies":[{"name":"wp","href":"https:\/\/api.w.org\/{rel}","templated":true}]}}