{"id":10015,"date":"2023-05-04T13:42:16","date_gmt":"2023-05-04T13:42:16","guid":{"rendered":"https:\/\/ajediam.com\/?page_id=10015"},"modified":"2023-07-03T11:27:30","modified_gmt":"2023-07-03T11:27:30","slug":"technique-de-haute-joaillerie","status":"publish","type":"page","link":"https:\/\/ajediam.com\/fr\/technique-de-haute-joaillerie\/","title":{"rendered":"Technique de haute joaillerie"},"content":{"rendered":"\n<p class=\"tt1\">L&rsquo;art et les secrets de la fabrication et de l&rsquo;entretien de la haute joaillerie.<\/p>\n\n\n\n<p class=\"tt2\">D\u00e9voilez le talent artistique et les secrets derri\u00e8re la fabrication et l&rsquo;entretien de bijoux fins dans cette section \u00e9clairante. Plongez dans le monde de l&rsquo;artisanat qualifi\u00e9, explorez les techniques et l&rsquo;expertise n\u00e9cessaires pour cr\u00e9er des pi\u00e8ces exquises et intemporelles. D\u00e9couvrez les diff\u00e9rents mat\u00e9riaux, param\u00e8tres et styles qui contribuent \u00e0 la beaut\u00e9 et \u00e0 la durabilit\u00e9 des bijoux raffin\u00e9s. De plus, d\u00e9couvrez les meilleures pratiques pour entretenir vos pr\u00e9cieux tr\u00e9sors, en assurant leur brillance et leur \u00e9l\u00e9gance durables pour les ann\u00e9es \u00e0 venir.<\/p>\n","protected":false},"excerpt":{"rendered":"<p>L&rsquo;art et les secrets de la fabrication et de l&rsquo;entretien de la haute joaillerie. D\u00e9voilez le talent artistique et les secrets derri\u00e8re la fabrication et l&rsquo;entretien de bijoux fins dans cette section \u00e9clairante. Plongez dans le monde de l&rsquo;artisanat qualifi\u00e9, explorez les techniques et l&rsquo;expertise n\u00e9cessaires pour cr\u00e9er des pi\u00e8ces exquises et intemporelles. D\u00e9couvrez les [&hellip;]<\/p>\n","protected":false},"author":5,"featured_media":0,"parent":0,"menu_order":0,"comment_status":"closed","ping_status":"closed","template":"childpage-page.php","meta":{"ub_ctt_via":"","footnotes":""},"acf":[],"featured_image_src":null,"_links":{"self":[{"href":"https:\/\/ajediam.com\/fr\/wp-json\/wp\/v2\/pages\/10015"}],"collection":[{"href":"https:\/\/ajediam.com\/fr\/wp-json\/wp\/v2\/pages"}],"about":[{"href":"https:\/\/ajediam.com\/fr\/wp-json\/wp\/v2\/types\/page"}],"author":[{"embeddable":true,"href":"https:\/\/ajediam.com\/fr\/wp-json\/wp\/v2\/users\/5"}],"replies":[{"embeddable":true,"href":"https:\/\/ajediam.com\/fr\/wp-json\/wp\/v2\/comments?post=10015"}],"version-history":[{"count":1,"href":"https:\/\/ajediam.com\/fr\/wp-json\/wp\/v2\/pages\/10015\/revisions"}],"predecessor-version":[{"id":10016,"href":"https:\/\/ajediam.com\/fr\/wp-json\/wp\/v2\/pages\/10015\/revisions\/10016"}],"wp:attachment":[{"href":"https:\/\/ajediam.com\/fr\/wp-json\/wp\/v2\/media?parent=10015"}],"curies":[{"name":"wp","href":"https:\/\/api.w.org\/{rel}","templated":true}]}}