{"id":10017,"date":"2019-05-03T05:16:23","date_gmt":"2019-05-03T05:16:23","guid":{"rendered":"https:\/\/ajediam.com\/?page_id=10017"},"modified":"2023-07-03T11:44:06","modified_gmt":"2023-07-03T11:44:06","slug":"soins-bijoux","status":"publish","type":"page","link":"https:\/\/ajediam.com\/fr\/technique-de-haute-joaillerie\/soins-bijoux\/","title":{"rendered":"Comment entretenir vos bijoux en diamants pour qu&rsquo;ils restent dans votre famille pour toujours ?"},"content":{"rendered":"\n<p><span style=\"font-weight: 400;\">La beaut\u00e9 des diamants nous captive. L&rsquo;\u00e9clat brillant de la lumi\u00e8re dansante \u00e0 l&rsquo;int\u00e9rieur d&rsquo;eux nous prend au pi\u00e8ge. Comme si la nature avait con\u00e7u la perfection \u00e9ternelle pour nous rappeler notre propre existence momentan\u00e9e. Une fois qu&rsquo;un bijou en diamant devient un bien familial, il devient rapidement plus qu&rsquo;un min\u00e9ral envo\u00fbtant. Il se transforme en une incarnation de nos sentiments d&rsquo;amour les plus purs. Tout comme l&rsquo;amour n&rsquo;est pas destin\u00e9 \u00e0 \u00eatre d\u00e9tenu par une seule personne, les diamants sont destin\u00e9s \u00e0 \u00eatre transmis aux personnes dont nous nous soucions. \u00c0 travers leurs yeux, nous voyons la beaut\u00e9 du diamant renouvel\u00e9e et l&rsquo;amour dans nos familles raviv\u00e9. Pourtant, la beaut\u00e9, l&rsquo;amour et les diamants doivent tous \u00eatre soign\u00e9s et entretenus, afin que leur lumi\u00e8re ne s&rsquo;\u00e9teigne jamais\u2026<\/span><\/p>\n\n\n\n<p>Dans cet article:<\/p>\n\n\n\n<ul><li>Pourquoi le soin et l&rsquo;entretien des bijoux en diamants sont-ils importants ?<\/li><li>Pr\u00e9venir les dommages aux bijoux en diamant<\/li><li>Nettoyer les bijoux en diamant<\/li><li>Services professionnels pour les bijoux en diamants<\/li><\/ul>\n\n\n\n<h2 class=\"wp-block-heading\"><span style=\"font-weight: 400;\">Pourquoi le soin et l&rsquo;entretien des bijoux en diamants sont-ils importants ?<\/span><\/h2>\n\n\n\n<p><i><span style=\"font-weight: 400;\">Il arrive souvent que nous ne trouvions pas les premiers bijoux en diamant qui entrent dans notre vie, mais plut\u00f4t qu&rsquo;ils nous trouvent. Habituellement, ils entrent dans nos vies comme un cadeau de quelqu&rsquo;un qui nous aime. Il peut s&rsquo;agir d&rsquo;un petit pendentif, d&rsquo;une paire de clous d&rsquo;oreilles en diamant ou peut-\u00eatre m\u00eame d&rsquo;un bijou de famille. Habituellement, ils nous sont transmis par les parents, les grands-parents ou d&rsquo;autres membres importants de la famille. En acceptant la responsabilit\u00e9 de les prot\u00e9ger, nous commen\u00e7ons \u00e0 apprendre \u00e0 en prendre soin et \u00e0 les ch\u00e9rir. Nous commen\u00e7ons \u00e0 contempler \u00e0 quel point ce serait merveilleux de transmettre un jour les bijoux \u00e0 quelqu&rsquo;un que nous aimons\u2026<\/span><\/i><\/p>\n\n\n\n<h3 class=\"wp-block-heading\">Conservez l&rsquo;\u00e9clat brillant du diamant<\/h3>\n\n\n\n<p><span style=\"font-weight: 400;\">Au fur et \u00e0 mesure que vous tenez ou touchez votre diamant, vous remarquerez peut-\u00eatre qu&rsquo;il commencera \u00e0 perdre de son \u00e9clat. La surface d&rsquo;un diamant attire naturellement la graisse. M\u00eame les huiles de vos doigts s&rsquo;attacheront \u00e0 sa surface. Cela rend le nettoyage p\u00e9riodique une n\u00e9cessit\u00e9 si vous souhaitez profiter de votre diamant \u00e0 son meilleur.<\/span><\/p>\n\n\n\n<h3 class=\"wp-block-heading\">Prot\u00e9gez le diamant des dommages<\/h3>\n\n\n\n<p><span style=\"font-weight: 400;\">M\u00eame si les diamants sont extr\u00eamement durs, ils ne sont pas invuln\u00e9rables. C&rsquo;est rare, mais ils peuvent potentiellement \u00eatre ray\u00e9s ou m\u00eame \u00e9br\u00e9ch\u00e9s s&rsquo;ils sont touch\u00e9s sous un angle sp\u00e9cifique. Rien de pire que des dommages \u00e0 votre diamant qui auraient pu \u00eatre facilement \u00e9vit\u00e9s. De plus, les r\u00e9parations et les remplacements peuvent \u00eatre co\u00fbteux.<\/span><\/p>\n\n\n\n<h3 class=\"wp-block-heading\">Gardez votre diamant en s\u00e9curit\u00e9 et cach\u00e9<\/h3>\n\n\n\n<p><span style=\"font-weight: 400;\">Le moment et l&rsquo;endroit o\u00f9 vous enlevez vos diamants font une grande diff\u00e9rence dans la quantit\u00e9 de nettoyage et d&rsquo;entretien dont ils auront besoin. De plus, les diamants attirent beaucoup l&rsquo;attention. Des animaux domestiques aux enfants et aux voleurs potentiels, il est tr\u00e8s avantageux de stocker vos diamants dans un endroit s\u00fbr et s\u00e9curis\u00e9.<\/span><\/p>\n\n\n\n<h3 class=\"wp-block-heading\">Maintenir la valeur du diamant<\/h3>\n\n\n\n<p><span style=\"font-weight: 400;\">Vos bijoux en diamants ont une valeur intrins\u00e8que qui d\u00e9pend de divers facteurs. Si vous envisagez de transmettre ou de vendre vos bijoux en diamants \u00e0 l&rsquo;avenir, vous devez veiller \u00e0 mettre \u00e0 jour sa documentation. La plupart des certificats doivent \u00eatre mis \u00e0 jour tous les dix ans.<\/span><\/p>\n\n\n\n<h2 class=\"wp-block-heading\"><span style=\"font-weight: 400;\">Pr\u00e9venir les dommages aux bijoux en diamant<\/span><\/h2>\n\n\n\n<p><i><span style=\"font-weight: 400;\">Au fil du temps, la vie devient plus occup\u00e9e et de nouveaux membres rejoignent la famille. Notre attention devient pr\u00e9occup\u00e9e par les plus petits et nous avons moins de temps pour nous asseoir et r\u00e9fl\u00e9chir \u00e0 la beaut\u00e9 de nos bijoux. En fait, nous devons prendre des mesures suppl\u00e9mentaires pour assurer leur s\u00e9curit\u00e9 et pr\u00e9venir les accidents facilement \u00e9vitables. Cela inclut de garder nos diamants \u00e0 l&rsquo;\u00e9cart de nos pr\u00e9cieux enfants, afin que nous puissions les leur transmettre lorsqu&rsquo;ils seront pr\u00eats. Un jour, ils regarderont les bijoux en diamant avec admiration et nous rappelleront la premi\u00e8re fois que nous avons pos\u00e9 les yeux sur notre diamant.<\/span><\/i><\/p>\n\n\n\n<h3 class=\"wp-block-heading\">Sachez quand retirer vos bijoux!<\/h3>\n\n\n\n<p><span style=\"font-weight: 400;\">La plupart des dommages caus\u00e9s \u00e0 vos bijoux peuvent \u00eatre compl\u00e8tement \u00e9vit\u00e9s si vous les enlevez. Ne les exposez pas inutilement \u00e0 des produits chimiques, des liquides ou de la salet\u00e9. Il existe d&rsquo;innombrables histoires de personnes qui ont perdu leur bague en diamant en nageant ou en jardinant. Les histoires d&rsquo;anneaux endommag\u00e9s en faisant du sport, en lavant la vaisselle ou m\u00eame en tombant dans les \u00e9gouts sont \u00e9galement extr\u00eamement courantes. Les cosm\u00e9tiques sont un autre coupable courant de la brillance att\u00e9nu\u00e9e d&rsquo;un diamant.<\/span><\/p>\n\n\n\n<h3 class=\"wp-block-heading\">Comment conserver les bijoux en diamants?<\/h3>\n\n\n\n<p><span style=\"font-weight: 400;\">En r\u00e8gle g\u00e9n\u00e9rale, vous souhaitez stocker vos pi\u00e8ces dans un r\u00e9cipient sec qui les prot\u00e8ge de l&rsquo;humidit\u00e9, de la salet\u00e9 et de la lumi\u00e8re du soleil. Le meilleur endroit pour ranger les bijoux est dans une bo\u00eete sp\u00e9cialis\u00e9e \u00e0 cet effet. Il peut s&rsquo;agir de la bo\u00eete d&rsquo;origine ou d&rsquo;une bo\u00eete plus grande avec des compartiments s\u00e9par\u00e9s. Ne laissez pas vos bijoux s&#8217;emm\u00ealer ou vous risquez qu&rsquo;ils se rayent entre eux.<\/span><\/p>\n\n\n\n<h3 class=\"wp-block-heading\"><span style=\"font-weight: 400;\">Comment garder les bijoux en diamant en s\u00e9curit\u00e9 \u00e0 la maison ?<\/span><\/h3>\n\n\n\n<p><span style=\"font-weight: 400;\">Il est important de garder vos diamants en s\u00e9curit\u00e9 et hors de vue. Surtout si vous avez des animaux ou des enfants. L&rsquo;\u00e9clat du diamant attire tout le monde. Pour certains c&rsquo;est un jouet, pour d&rsquo;autres c&rsquo;est quelque chose \u00e0 m\u00e2cher ou \u00e0 avaler. C&rsquo;est pourquoi vous devriez garder vos bijoux en diamants verrouill\u00e9s ou cach\u00e9s. Pensez \u00e9galement \u00e0 acheter un coffre-fort et un syst\u00e8me de s\u00e9curit\u00e9 pour votre maison. Surtout si vous craignez les voleurs.<\/span><\/p>\n\n\n\n<h3 class=\"wp-block-heading\"><span style=\"font-weight: 400;\">Comment garder les bijoux en diamant en s\u00e9curit\u00e9 \u00e0 la banque?<\/span><\/h3>\n\n\n\n<p><span style=\"font-weight: 400;\">Si la s\u00e9curit\u00e9 est une pr\u00e9occupation majeure, vous pouvez stocker vos bijoux dans un coffre-fort dans une banque. Ils sont con\u00e7us pour r\u00e9sister aux catastrophes naturelles telles que les incendies et les inondations. Les banques proposent \u00e9galement une assurance contre le vol pour tout le contenu de votre box. Pour des raisons de s\u00e9curit\u00e9, ils ne savent pas ce que vous mettez \u00e0 l&rsquo;int\u00e9rieur. Par cons\u00e9quent, vous devrez fournir des preuves du contenu de votre coffre-fort. Les banques sont la meilleure option pour garder vos bijoux en s\u00e9curit\u00e9.<\/span><\/p>\n\n\n\n<h3 class=\"wp-block-heading\"><span style=\"font-weight: 400;\">Comment et pourquoi inventorier ses bijoux en diamants?<\/span><\/h3>\n\n\n\n<p><span style=\"font-weight: 400;\">Le moyen le plus simple d&rsquo;inventorier vos bijoux est de conserver un album photo avec toutes vos pi\u00e8ces. Vous devez \u00e9galement inclure une documentation compl\u00e8te. Vous pouvez \u00e9galement le faire sur une feuille de calcul Excel. Cela vous aide \u00e0 organiser votre collection et \u00e0 garder une trace de toutes les informations la concernant. Un \u00e9tat des lieux est un atout indispensable si vous devez faire affaire avec des assureurs ou prouver la valeur d&rsquo;un bijou manquant. Vous pouvez trouver un mod\u00e8le d&rsquo;inventaire utile dans notre kit de bijoux en diamant num\u00e9rique !<\/span><\/p>\n\n\n\n<h3 class=\"wp-block-heading\"><span style=\"font-weight: 400;\">Expertise et assurance de vos bijoux en diamants<\/span><\/h3>\n\n\n\n<p><span style=\"font-weight: 400;\">Pour d\u00e9terminer la valeur d&rsquo;un bijou en diamant, vous devez le faire estimer par un professionnel certifi\u00e9. Il notera le contenu mat\u00e9riel exact de votre bijou et d\u00e9terminera sa valeur intrins\u00e8que. Avec le certificat de l&rsquo;expert, vous pouvez vous rendre chez un assureur et faire assurer vos bijoux contre le vol et les d\u00e9gradations. Plus la valeur de votre bijou est \u00e9lev\u00e9e, plus le co\u00fbt de l&rsquo;assurance sera \u00e9lev\u00e9. Si vous recherchez des services d&rsquo;estimation professionnels, Ajediam \u00e9valuera vos bijoux gratuitement.<\/span><\/p>\n\n\n\n<p><span style=\"font-weight: 400;\">Conservez tous les certificats et re\u00e7us, car vous pourriez en avoir besoin plus tard. En cas de dommage ou de vol, vous les utiliserez pour prouver la valeur de votre bijou \u00e0 la compagnie d&rsquo;assurance. J&rsquo;esp\u00e8re que vous n&rsquo;aurez jamais besoin d&rsquo;assurance, mais si c&rsquo;est le cas, vous serez heureux de l&rsquo;avoir.<\/span><\/p>\n\n\n\n<h3 class=\"wp-block-heading\"><span style=\"font-weight: 400;\">Faites v\u00e9rifier annuellement vos bijoux en diamants par un expert<\/span><\/h3>\n\n\n\n<p><span style=\"font-weight: 400;\">M\u00eame si tout semble aller bien, c&rsquo;est une bonne id\u00e9e de faire inspecter r\u00e9guli\u00e8rement vos bijoux par un expert. Parfois, les dommages ne sont pas visibles \u00e0 l&rsquo;\u0153il nu. Un bijoutier expert utilisera une loupe et pourra potentiellement rep\u00e9rer une catastrophe imminente. S&rsquo;il y a un probl\u00e8me, vous serez heureux de l&rsquo;avoir trouv\u00e9, et s&rsquo;il n&rsquo;y en a pas, vous assurez votre tranquillit\u00e9 d&rsquo;esprit.<\/span><\/p>\n\n\n\n<h2 class=\"wp-block-heading\"><span style=\"font-weight: 400;\">Nettoyer les bijoux en diamant<\/span><\/h2>\n\n\n\n<p><span style=\"font-weight: 400;\">Votre diamant est un aimant pour les huiles de votre peau. Peu importe \u00e0 quel point vous \u00eates prudent, il accumulera de la salet\u00e9 au fil du temps, ce qui att\u00e9nuera son \u00e9clat. Cependant, vous pouvez restaurer l&rsquo;\u00e9clat de votre diamant avec quelques techniques de nettoyage simples. Vous n&rsquo;avez pas besoin d&rsquo;\u00e9quipement sp\u00e9cialis\u00e9 ou de connaissances sp\u00e9cialis\u00e9es. Juste pour \u00eatre s\u00fbr, notre \u00e9quipe a pr\u00e9par\u00e9 un kit de bijoux en diamant num\u00e9rique avec des instructions sur la fa\u00e7on de nettoyer vos diamants \u00e0 la maison.<\/span><\/p>\n\n\n\n<h3 class=\"wp-block-heading\"><span style=\"font-weight: 400;\">La m\u00e9thode approuv\u00e9e par le GIA pour nettoyer les bijoux en diamant<\/span><\/h3>\n\n\n\n<p><span style=\"font-weight: 400;\">La m\u00e9thode officiellement recommand\u00e9e par le Gemological Institute of America pour nettoyer les bijoux en pierres pr\u00e9cieuses consiste \u00e0 utiliser de l&rsquo;eau ti\u00e8de, du savon \u00e0 vaisselle et une brosse douce. C&rsquo;est la m\u00e9thode la plus s\u00fbre \u00e0 utiliser pour la plupart de vos bijoux.<\/span><\/p>\n\n\n\n<p><span style=\"font-weight: 400;\">Remplissez simplement un bol d&rsquo;eau ti\u00e8de \u00e0 chaude et ajoutez quelques gouttes de savon \u00e0 vaisselle. Mettez ensuite vos bijoux \u00e0 l&rsquo;int\u00e9rieur et laissez-les tremper environ 20 minutes. Utilisez une pince \u00e0 \u00e9piler pour les retirer et utilisez une brosse \u00e0 poils doux pour frotter d\u00e9licatement toute salet\u00e9 visible. Utilisez ensuite un chiffon non pelucheux pour essuyer vos bijoux. Si n\u00e9cessaire, r\u00e9p\u00e9tez le processus.<\/span><\/p>\n\n\n\n<h3 class=\"wp-block-heading\"><span style=\"font-weight: 400;\">Quelles m\u00e9thodes de nettoyage \u00e9viter<\/span><\/h3>\n\n\n\n<p><i><span style=\"font-weight: 400;\">De temps en temps, nous devons prendre soin de nos diamants et leur redonner de l&rsquo;\u00e9clat. Cependant, certaines m\u00e9thodes de nettoyage peuvent faire plus de mal que de bien. Apprendre \u00e0 identifier et appliquer la m\u00e9thode la plus s\u00fbre pour notre type sp\u00e9cifique de bijoux est essentiel. Apr\u00e8s tout, lorsque vient le temps de transmettre nos bijoux, nous voudrions qu&rsquo;ils soient aussi beaux que le jour o\u00f9 ils nous ont \u00e9t\u00e9 transmis.<\/span><\/i><\/p>\n\n\n\n<p><span style=\"font-weight: 400;\">Pour assurer la s\u00e9curit\u00e9 de votre diamant, gardez toujours votre diamant \u00e0 l&rsquo;\u00e9cart des nettoyants chimiques agressifs. N&rsquo;essayez jamais de le nettoyer avec de l&rsquo;eau de Javel, du chlore, de l&rsquo;ac\u00e9tone, de la t\u00e9r\u00e9benthine et de l&rsquo;ammoniac. Ils endommageront la composition chimique de votre diamant. Cela peut entra\u00eener une d\u00e9coloration ou m\u00eame des fissures.<\/span><\/p>\n\n\n\n<p><span style=\"font-weight: 400;\">Vous devez \u00e9galement \u00e9viter les produits abrasifs tels que le dentifrice, le bicarbonate de soude ou des produits similaires. M\u00eame si les diamants sont suffisamment durs pour r\u00e9sister aux rayures, les m\u00e9taux dans leur sertissage ne le sont pas. \u00c9vitez d&rsquo;utiliser une vieille brosse \u00e0 dents car elle contient des traces de dentifrice qui peuvent rayer les m\u00e9taux de votre bijou. Les bijoux plaqu\u00e9s sont particuli\u00e8rement vuln\u00e9rables.<\/span><\/p>\n\n\n\n<h3 class=\"wp-block-heading\"><span style=\"font-weight: 400;\">Nettoyage \u00e0 la vapeur des bijoux en diamant &#8211; \u00e0 utiliser avec prudence&nbsp;!<\/span><\/h3>\n\n\n\n<p><span style=\"font-weight: 400;\">Les nettoyeurs \u00e0 vapeur sont les instruments de nettoyage de diamants pr\u00e9f\u00e9r\u00e9s des professionnels de la bijouterie. Vous pouvez \u00e9galement en acheter un et l&rsquo;utiliser \u00e0 la maison pour des r\u00e9sultats \u00e9blouissants. Les nettoyeurs \u00e0 vapeur sont parfaits pour nettoyer les diamants. Cependant, les nettoyeurs \u00e0 vapeur doivent \u00eatre utilis\u00e9s avec prudence car ils peuvent endommager certains types de bijoux. Ils ne doivent pas \u00eatre utilis\u00e9s pour nettoyer des pierres pr\u00e9cieuses ou des bijoux en \u00e9mail sensibles \u00e0 la chaleur ou mous.<\/span><\/p>\n\n\n\n<p><span style=\"font-weight: 400;\">\u00c9vitez d&rsquo;utiliser des nettoyeurs \u00e0 vapeur lorsque vous nettoyez des param\u00e8tres ferm\u00e9s \u00e0 l&rsquo;arri\u00e8re, tels que la lunette. Sinon, la pression de la vapeur peut pousser la salet\u00e9 derri\u00e8re la pierre pr\u00e9cieuse. \u00c0 partir de l\u00e0, les marques de salet\u00e9 et de gouttelettes sont impossibles \u00e0 enlever et elles rendront votre pierre pr\u00e9cieuse sale. Vous auriez besoin d&rsquo;un professionnel pour l&rsquo;ouvrir pour enlever la salet\u00e9. Pour la liste compl\u00e8te des m\u00e9taux et des montures qui ne doivent pas \u00eatre nettoy\u00e9s \u00e0 la vapeur, consultez notre kit de bijoux en diamant num\u00e9rique!<\/span><\/p>\n\n\n\n<h3 class=\"wp-block-heading\"><span style=\"font-weight: 400;\">Nettoyeurs \u00e0 ultrasons &#8211; quand les utiliser et les \u00e9viter&nbsp;!<\/span><\/h3>\n\n\n\n<p><span style=\"font-weight: 400;\">Les nettoyeurs \u00e0 ultrasons sont une m\u00e9thode tr\u00e8s populaire pour nettoyer les bijoux \u00e0 la maison. De nombreux blogs vous conseilleront de les \u00e9viter compl\u00e8tement mais ils peuvent apporter des r\u00e9sultats \u00e9tonnants s&rsquo;ils sont utilis\u00e9s pour le bon bijou. Ils produisent des ondes ultrasonores qui vibrent et d\u00e9logent la salet\u00e9 de vos bijoux en quelques minutes. Les nettoyeurs \u00e0 ultrasons sont totalement s\u00fbrs \u00e0 utiliser dans la plupart des cas.<\/span><\/p>\n\n\n\n<p><span style=\"font-weight: 400;\">\u00c9vitez les nettoyeurs \u00e0 ultrasons lors du nettoyage des bijoux plaqu\u00e9s et \u00e9maill\u00e9s, des pierres pr\u00e9cieuses tendres et des bijoux sertis pav\u00e9. Sinon, vous risquez une d\u00e9coloration ou des fissures. Les bijoux pav\u00e9s sont un cas particulier car il y a de nombreuses petites griffes qui maintiennent vos bijoux en place. Les ondes ultrasonores peuvent desserrer les dents et faire tomber de petites pierres pendant le nettoyage. Pour la liste compl\u00e8te des moments o\u00f9 \u00e9viter les nettoyeurs \u00e0 ultrasons, vous pouvez consulter notre kit de bijoux en diamant num\u00e9rique!<\/span><\/p>\n\n\n\n<h3 class=\"wp-block-heading\"><span style=\"font-weight: 400;\">\u00c0 quelle fr\u00e9quence devez-vous nettoyer vos bijoux en diamant \u00e0 la maison ?<\/span><\/h3>\n\n\n\n<p><span style=\"font-weight: 400;\">La r\u00e9ponse courte est aussi souvent que n\u00e9cessaire. Tant que vous le faites de mani\u00e8re s\u00fbre, vous pouvez nettoyer vos bijoux aussi souvent que vous le souhaitez. Plus vous portez vos bijoux, plus vous devrez les nettoyer souvent. Pour un port r\u00e9gulier, pensez \u00e0 nettoyer les diamants une fois par semaine pour des r\u00e9sultats optimaux.<\/span><\/p>\n\n\n\n<h2 class=\"wp-block-heading\"><span style=\"font-weight: 400;\">Services professionnels pour les bijoux en diamants<\/span><\/h2>\n\n\n\n<p><i><span style=\"font-weight: 400;\">L&rsquo;artisanat de la joaillerie est ancien et \u00e9troitement li\u00e9 \u00e0 la beaut\u00e9 et \u00e0 l&rsquo;amour. Pendant des si\u00e8cles, les orf\u00e8vres ont produit, r\u00e9par\u00e9 et am\u00e9lior\u00e9 des \u0153uvres d&rsquo;art pr\u00e9cieuses et fascinantes qui incarnent l&rsquo;amour. Lorsque nos bijoux doivent \u00eatre restaur\u00e9s en parfait \u00e9tat, personne ne le fait mieux que les professionnels. Les orf\u00e8vres peuvent non seulement r\u00e9parer mais aussi am\u00e9liorer et mettre \u00e0 niveau nos pr\u00e9cieux bijoux. Ils peuvent restaurer et encore plus la gloire de nos bijoux et les pr\u00e9parer \u00e0 \u00eatre enfin transmis \u00e0 la personne qui nous est ch\u00e8re.<\/span><\/i><\/p>\n\n\n\n<h3 class=\"wp-block-heading\"><span style=\"font-weight: 400;\">Quand visiter un bijoutier professionnel ?<\/span><\/h3>\n\n\n\n<p><span style=\"font-weight: 400;\">Rendez-vous imm\u00e9diatement chez un bijoutier si vous pensez que votre bijou est endommag\u00e9. Si votre bijou a subi un coup dur, il est bon de le faire examiner. Souvent, vous pouvez constater qu&rsquo;une griffe ou une pierre pr\u00e9cieuse s&rsquo;est d\u00e9tach\u00e9e. Dans ce cas, vous devez imm\u00e9diatement cesser de porter vos bijoux en diamant et les faire inspecter par un expert. Parfois, les dommages ne sont pas visibles \u00e0 l&rsquo;\u0153il nu, il vaut donc mieux pr\u00e9venir que gu\u00e9rir. En g\u00e9n\u00e9ral, c&rsquo;est une bonne id\u00e9e de visiter un bijoutier r\u00e9guli\u00e8rement chaque ann\u00e9e. Vous pouvez contacter Ajediam si vous avez besoin de services d&rsquo;orf\u00e8vrerie professionnelle.<\/span><\/p>\n\n\n\n<h3 class=\"wp-block-heading\"><span style=\"font-weight: 400;\">Nettoyage et polissage professionnels<\/span><\/h3>\n\n\n\n<p><span style=\"font-weight: 400;\">Visitez un bijoutier une fois toutes les quelques ann\u00e9es pour des services professionnels de nettoyage et de polissage. N&rsquo;oubliez pas que vous ne devez pas polir un bijou plus de quelques fois dans sa vie, car \u00e0 chaque fois une fine couche de m\u00e9tal est enlev\u00e9e. Si vous polissez trop souvent un bijou, vous risquez de le fragiliser et de le plier ou de le casser.<\/span><\/p>\n\n\n\n<p><span style=\"font-weight: 400;\">Cependant, rien ne fera briller votre bijou en diamant aussi bien qu&rsquo;une finition miroir professionnelle. C&rsquo;est l&rsquo;un des services les plus courants offerts par les ateliers, mais il n\u00e9cessite une comp\u00e9tence et une patience exceptionnelles pour polir un bijou \u00e0 la perfection. Le polissage de type miroir est l&rsquo;une des t\u00e2ches les plus difficiles, m\u00eame pour les orf\u00e8vres qualifi\u00e9s et exp\u00e9riment\u00e9s. Une fois fait correctement, il redonnera \u00e0 votre bijou sa gloire.<\/span><\/p>\n\n\n\n<h3 class=\"wp-block-heading\"><span style=\"font-weight: 400;\">R\u00e9parations professionnelles<\/span><\/h3>\n\n\n\n<p><span style=\"font-weight: 400;\">Les pierres en vrac, les montures, les griffes et une pl\u00e9thore d&rsquo;autres probl\u00e8mes font naturellement partie du cycle de vie d&rsquo;un bijou. La plupart des ateliers devraient \u00eatre en mesure de g\u00e9rer le remodelage, la reproduction et la finition de vos bijoux. Cependant, si votre bijou est unique en ce qui concerne les mat\u00e9riaux et les techniques utilis\u00e9s pour le cr\u00e9er, vous devriez rechercher un bijoutier sp\u00e9cialis\u00e9 dans ces techniques. Un exemple serait la recherche d&rsquo;un sp\u00e9cialiste des bijoux en filigrane, en \u00e9mail ou en titane. Il en va de m\u00eame pour les bijoux vintage qui proviennent d&rsquo;une p\u00e9riode pr\u00e9cise.<\/span><\/p>\n\n\n\n<h3 class=\"wp-block-heading\"><span style=\"font-weight: 400;\">Mises \u00e0 niveau professionnelles<\/span><\/h3>\n\n\n\n<p><span style=\"font-weight: 400;\">Lorsque vous achetez des bijoux en diamant, c&rsquo;est g\u00e9n\u00e9ralement pour c\u00e9l\u00e9brer une occasion sp\u00e9ciale. Que ce soit pour des fian\u00e7ailles, un anniversaire ou un autre jour important. Ainsi, les bijoux en diamant ont une valeur sentimentale. Cependant, cela ne signifie pas que vous ne pouvez jamais rien changer \u00e0 leur sujet. Au fil du temps, vous souhaiterez peut-\u00eatre am\u00e9liorer votre bijou.<\/span><\/p>\n\n\n\n<p><span style=\"font-weight: 400;\">Quelle que soit la raison, il existe de nombreuses options pour apporter des modifications. Vous pouvez remplacer le diamant central par un plus gros ou ajouter des pierres plus color\u00e9es autour de celui-ci. Vous pouvez mettre \u00e0 niveau le style de r\u00e9glage ou changer le m\u00e9tal de base. Vous pouvez ajouter une partie d\u00e9tachable ou transformable. Si vous souhaitez conserver la bague d&rsquo;origine, vous pouvez l&rsquo;assortir \u00e0 une paire de clous d&rsquo;oreilles ou \u00e0 un pendentif. Pour en savoir plus sur toutes les options de mise \u00e0 niveau, vous devez contacter un bijoutier professionnel. Restez \u00e0 jour sur toutes nos offres de mise \u00e0 niveau d&rsquo;atelier d&rsquo;orf\u00e8vrerie&nbsp;!<\/span><\/p>\n\n\n\n<p><span style=\"font-weight: 400;\">&nbsp;<\/span><\/p>\n\n\n\n<h2 class=\"wp-block-heading\"><span style=\"font-weight: 400;\">Derni\u00e8res pens\u00e9es<\/span><\/h2>\n\n\n\n<p><span style=\"font-weight: 400;\">Les diamants sont la substance la plus dure sur terre, mais poss\u00e8dent l&rsquo;\u00e9clat le plus d\u00e9licat. C&rsquo;est captivant de regarder quelque chose d&rsquo;aussi beau et de savoir que sa beaut\u00e9 peut vous survivre. Pourtant, cette beaut\u00e9 s&rsquo;accompagne d&rsquo;une responsabilit\u00e9 \u00e9ternelle de bons soins et d&rsquo;entretien, sinon elle sera facilement perdue. N&rsquo;oubliez pas que votre diamant n&rsquo;est pas invuln\u00e9rable et peut \u00eatre endommag\u00e9 ou sale. Pire encore, il peut \u00eatre perdu ou vol\u00e9. C&rsquo;est \u00e0 vous de prot\u00e9ger la beaut\u00e9 et de la transmettre \u00e0 la g\u00e9n\u00e9ration suivante.<\/span><\/p>\n\n\n\n<p><span style=\"font-weight: 400;\">Si vous avez des questions sp\u00e9cifiques sur les bijoux en diamant, nous vous encourageons \u00e0 consulter notre kit de bijoux en diamant num\u00e9rique. Il contient de nombreuses donn\u00e9es techniques d\u00e9taill\u00e9es que notre \u00e9quipe a rendues plus conviviales. Sinon, vous pouvez <a href=\"https:\/\/ajediam.com\/fr\/a-propos-dajediam\/contactez-nous\/\" data-type=\"page\" data-id=\"9703\">contacter <\/a>l&rsquo;\u00e9quipe de support d&rsquo;Ajediam. Nous sommes heureux de r\u00e9pondre aux demandes de renseignements.<\/span><\/p>\n","protected":false},"excerpt":{"rendered":"<p>La beaut\u00e9 des diamants nous captive. L&rsquo;\u00e9clat brillant de la lumi\u00e8re dansante \u00e0 l&rsquo;int\u00e9rieur d&rsquo;eux nous prend au pi\u00e8ge. Comme si la nature avait con\u00e7u la perfection \u00e9ternelle pour nous rappeler notre propre existence momentan\u00e9e. Une fois qu&rsquo;un bijou en diamant devient un bien familial, il devient rapidement plus qu&rsquo;un min\u00e9ral envo\u00fbtant. Il se transforme [&hellip;]<\/p>\n","protected":false},"author":5,"featured_media":9549,"parent":10015,"menu_order":0,"comment_status":"closed","ping_status":"closed","template":"jewel-cleaner-page.php","meta":{"ub_ctt_via":"","footnotes":""},"acf":[],"featured_image_src":"https:\/\/ajediam.com\/wp-content\/uploads\/2023\/06\/ajediam-diamond-jewelry-maintenance.png","_links":{"self":[{"href":"https:\/\/ajediam.com\/fr\/wp-json\/wp\/v2\/pages\/10017"}],"collection":[{"href":"https:\/\/ajediam.com\/fr\/wp-json\/wp\/v2\/pages"}],"about":[{"href":"https:\/\/ajediam.com\/fr\/wp-json\/wp\/v2\/types\/page"}],"author":[{"embeddable":true,"href":"https:\/\/ajediam.com\/fr\/wp-json\/wp\/v2\/users\/5"}],"replies":[{"embeddable":true,"href":"https:\/\/ajediam.com\/fr\/wp-json\/wp\/v2\/comments?post=10017"}],"version-history":[{"count":2,"href":"https:\/\/ajediam.com\/fr\/wp-json\/wp\/v2\/pages\/10017\/revisions"}],"predecessor-version":[{"id":10021,"href":"https:\/\/ajediam.com\/fr\/wp-json\/wp\/v2\/pages\/10017\/revisions\/10021"}],"up":[{"embeddable":true,"href":"https:\/\/ajediam.com\/fr\/wp-json\/wp\/v2\/pages\/10015"}],"wp:featuredmedia":[{"embeddable":true,"href":"https:\/\/ajediam.com\/fr\/wp-json\/wp\/v2\/media\/9549"}],"wp:attachment":[{"href":"https:\/\/ajediam.com\/fr\/wp-json\/wp\/v2\/media?parent=10017"}],"curies":[{"name":"wp","href":"https:\/\/api.w.org\/{rel}","templated":true}]}}