{"id":10019,"date":"2019-04-29T14:36:50","date_gmt":"2019-04-29T14:36:50","guid":{"rendered":"https:\/\/ajediam.com\/?page_id=10019"},"modified":"2023-07-03T11:56:10","modified_gmt":"2023-07-03T11:56:10","slug":"comment-nettoyer-des-boucles-doreilles-en-diamant-gratuitement","status":"publish","type":"page","link":"https:\/\/ajediam.com\/fr\/technique-de-haute-joaillerie\/comment-nettoyer-des-boucles-doreilles-en-diamant-gratuitement\/","title":{"rendered":"Comment nettoyer des boucles d&rsquo;oreilles en diamant gratuitement"},"content":{"rendered":"<p><div class='row vc_row '><div class='col-md-6 '><h2 class='section-title'>Comment nettoyer gratuitement des boucles d'oreilles en diamant?<\/h2><p>Les boucles d&rsquo;oreilles en diamant deviennent ternes et sales \u00e0 cause de l&rsquo;usure. Elles absorbent l&rsquo;huile de votre peau, ce qui donne aux pierres un aspect terne.<\/p>\n<p>Consultez le manuel d&rsquo;utilisation ci-dessous pour savoir comment nettoyer vos boucles d&rsquo;oreilles en diamant gratuitement et chez vous!<\/p><div class='mb-4'><p><\/p>\n<p>La solution est simple et gratuite. Consultez maintenant le manuel d&rsquo;utilisation!<\/p>\n<p>Instructions pour l&rsquo;entretien de vos boucles d&rsquo;oreilles et autres bijoux.<br \/>\nPour le platine, l&rsquo;or, l&rsquo;argent*, les diamants, les rubis, les saphirs et les \u00e9meraudes (*)<br \/>\n* Ne pas faire bouillir ni utiliser d&rsquo;ultrasons sur les \u00e9meraudes !<\/p>\n<p>*L&rsquo;argent peut causer des allergies! Comment obtenir des boucles d&rsquo;oreilles hypoallerg\u00e9niques. Bient\u00f4t disponible.<\/p>\n<p><\/p><\/div><\/div><div class='col-md-6 '><div class='vc-image '><figure><div><img src='https:\/\/ajediam.com\/wp-content\/uploads\/2019\/03\/martini_rub_over_diamond_stud_earrings.jpg' alt=''><\/div><\/figure><\/div><\/div><\/div> <div class='row vc_row vc_custom_1552886396531'><div class='col-md-12 '><div class='mb-4'><p><\/p>\n<p style=\"text-align: center;\">Manuel d&rsquo;utilisation sur comment nettoyer des boucles d&rsquo;oreilles en diamant gratuitement :<\/p>\n<p><\/p><\/div><div class='row '><div class='col-md-4 col-inner'><div class='col-inwrap'><div class='mb-4'><p><\/p>\n<p><strong>Tous les jours :<\/strong><\/p>\n<p>Lavez-vous les mains avec du savon liquide, en m\u00eame temps que vos boucles d&rsquo;oreilles et vos bijoux haut de gamme. Utilisez une brosse \u00e0 dents propre (sans dentifrice, s&rsquo;il vous pla\u00eet!) pour les brosser, puis rincez-les \u00e0 l&rsquo;eau ti\u00e8de. Ensuite, s\u00e9chez et polissez-les avec une serviette douce.<\/p><\/div><\/div><\/div><div class='col-md-4 col-inner'><div class='col-inwrap'><div class='mb-4'><p><\/p>\n<p><strong>Tous les mois :<\/strong><\/p>\n<p>Plongez vos bijoux dans un m\u00e9lange d&rsquo;eau bouillante et de liquide vaisselle pendant environ une minute. Utilisez une brosse \u00e0 dents propre (sans dentifrice, s&rsquo;il vous pla\u00eet!) pour brosser toutes les faces du platine, de l&rsquo;or ou de l&rsquo;argent, ainsi que des pierres pr\u00e9cieuses. Plongez ensuite \u00e0 nouveau la pi\u00e8ce dans de l&rsquo;eau bouillante, cette fois pendant environ 30 secondes. Enfin, rincez \u00e0 l&rsquo;eau ti\u00e8de, puis s\u00e9chez et polissez avec un chiffon doux. Ne pas faire bouillir ni utiliser d&rsquo;ultrasons sur les \u00e9meraudes!<\/p><\/div><\/div><\/div><div class='col-md-4 col-inner'><div class='col-inwrap'><div class='mb-4'><p><\/p>\n<p><strong>Tous les ans :<\/strong><\/p>\n<p>Ajediam propose un service d&rsquo;entret<\/p>\n<p>ien et de soin professionnel gratuit \u00e0 vie par notre ma\u00eetre joaillier Italdesign.<\/p><\/div><\/div><\/div><\/div><\/div><\/div> <style>.vc_custom_1552886396531 { border-top-width: 3px !important;border-right-width: 3px !important;border-bottom-width: 3px !important;border-left-width: 3px !important;border-left-color: #e2ebf0 !important;border-left-style: solid !important;border-right-color: #e2ebf0 !important;border-right-style: solid !important;border-top-color: #e2ebf0 !important;border-top-style: solid !important;border-bottom-color: #e2ebf0 !important;border-bottom-style: solid !important;} }<\/style><div class='row vc_row '><div class='col-md-12 '><div style='height: 32px;'><\/div><div class='mb-4'><p><\/p>\n<p>Int\u00e9ress\u00e9 par une nouvelle paire de boucles d&rsquo;oreilles ?<\/p>\n<p>D\u00e9couvrez notre <a href=\"\/diamond-earrings\/\">merveilleuse collection<\/a> de boucles d&rsquo;oreilles en diamant con\u00e7ues par notre ma\u00eetre joaillier.<\/p>\n<p>Obtenez une id\u00e9e des prix. Demandez un devis pour vos boucles d&rsquo;oreilles en diamant :<\/p>\n<p>https:\/\/www.italdesignjewellery.com\/earings<\/p>\n<p>Achetez \u00e0 des prix de gros !<br \/>\nEnvoyez un<a href=\"https:\/\/ajediam.com\/fr\/notre-formulaire-de-demande-rapide\/\"> e-mail<\/a> ou appelez-nous au T\u00e9l : +32 3 808 72 02<\/p><\/div><\/div><\/div> <div class='row vc_row '><div class='col-md-3 '><\/div><div class='col-md-3 '><div style='height: 32px;'><\/div><a class='lab-button' href='http:\/\/ajediam.com\/engagement-rings' target='' title='url:http:\/\/ajediam.com\/engagement-rings|'>ACHETER MAINTENANT<\/a><\/div><div class='col-md-3 '><div style='height: 32px;'><\/div><a class='lab-button' href='\/fr\/notre-formulaire-de-demande-rapide\/' target='' title='\/fr\/notre-formulaire-de-demande-rapid'>CONSULTER LE GUIDE D'ACHAT<\/a><\/div><div class='col-md-3 '><\/div><\/div> <div class='row vc_row '><div class='col-md-2 '><\/div><div class='col-md-8 '><div style='height: 32px;'><\/div><div class='vc-image '><figure><a href='\/fr\/notre-formulaire-de-demande-rapide\/' class='d-block'><img src='https:\/\/ajediam.com\/wp-content\/uploads\/2019\/03\/Ajediam_footer_Buy_now_13_03_2015.jpg' alt=''><\/a><\/figure><\/div><\/div><div class='col-md-2 '><\/div><\/div> <\/p>\n","protected":false},"excerpt":{"rendered":"","protected":false},"author":5,"featured_media":0,"parent":10015,"menu_order":0,"comment_status":"closed","ping_status":"closed","template":"","meta":{"ub_ctt_via":"","footnotes":""},"acf":[],"featured_image_src":null,"_links":{"self":[{"href":"https:\/\/ajediam.com\/fr\/wp-json\/wp\/v2\/pages\/10019"}],"collection":[{"href":"https:\/\/ajediam.com\/fr\/wp-json\/wp\/v2\/pages"}],"about":[{"href":"https:\/\/ajediam.com\/fr\/wp-json\/wp\/v2\/types\/page"}],"author":[{"embeddable":true,"href":"https:\/\/ajediam.com\/fr\/wp-json\/wp\/v2\/users\/5"}],"replies":[{"embeddable":true,"href":"https:\/\/ajediam.com\/fr\/wp-json\/wp\/v2\/comments?post=10019"}],"version-history":[{"count":3,"href":"https:\/\/ajediam.com\/fr\/wp-json\/wp\/v2\/pages\/10019\/revisions"}],"predecessor-version":[{"id":10025,"href":"https:\/\/ajediam.com\/fr\/wp-json\/wp\/v2\/pages\/10019\/revisions\/10025"}],"up":[{"embeddable":true,"href":"https:\/\/ajediam.com\/fr\/wp-json\/wp\/v2\/pages\/10015"}],"wp:attachment":[{"href":"https:\/\/ajediam.com\/fr\/wp-json\/wp\/v2\/media?parent=10019"}],"curies":[{"name":"wp","href":"https:\/\/api.w.org\/{rel}","templated":true}]}}