{"id":10030,"date":"2019-04-24T17:31:47","date_gmt":"2019-04-24T17:31:47","guid":{"rendered":"https:\/\/ajediam.com\/?page_id=10030"},"modified":"2023-07-03T12:14:37","modified_gmt":"2023-07-03T12:14:37","slug":"tailles-de-doigt-bagues","status":"publish","type":"page","link":"https:\/\/ajediam.com\/fr\/technique-de-haute-joaillerie\/tailles-de-doigt-bagues\/","title":{"rendered":"Tailles de doigt Bagues"},"content":{"rendered":"<p><div class='row vc_row '><div class='col-md-12 '><div class='mb-4'><p>Mesurez votre taille de bague en quelques secondes. Tableau des tailles de bague pour homme et femme<br \/>\nJauge imprimable en papier gratuite en ligne pour les bagues<br \/>\nMesurez la taille exacte de la bague avec ce tableau de pr\u00e9cision : Consultez d&rsquo;abord le manuel d&rsquo;utilisation.<br \/>\nMesures pour les \u00c9tats-Unis, l&rsquo;Europe, le Royaume-Uni, le Japon et les tailles internationales, offertes gratuitement.<br \/>\nConsultez \u00e9galement le <a href=\"\/ring-size-chart-1\/\">convertisseur de taille de bague<\/a>.<br \/>\nVouliez-vous dire : <a href=\"https:\/\/ajediam.com\/fr\/diamants-101\/tailles-des-diamants\/\">tableau des tailles de diamants<\/a> ou <a href=\"https:\/\/ajediam.com\/fr\/diamants-101\/tailles-des-diamants-sur-la-bague-a-la-main\/\">taille d&rsquo;une bague diamant sur votre<\/a> main<\/p><\/div><div class='row '><div class='col-md-12 col-inner'><div class='col-inwrap'><div class='mb-4'><p>Consultez \u00e9galement le <a href=\"\/ring-size-chart-1\/\">convertisseur de taille de bague<\/a>\u00a0sur la page suivante pour les \u00c9tats-Unis, l&rsquo;Europe, le Royaume-Uni, le Japon et la <a href=\"\/ring-size-chart-1\/\">conversion internationale de la taille de bague<\/a> en diam\u00e8tre, L\u00e9gende : (42) = Circonf\u00e9rence en millim\u00e8tres : dessin ext\u00e9rieur = int\u00e9rieur de votre bague &#8212; (13,37 mm) : diam\u00e8tre ext\u00e9rieur du dessin = int\u00e9rieur de la bague. Voir les <a href=\"\/ring-size-chart-1\/\">tailles en pouces &#8211; Convertir mm en pouces<\/a><\/p><\/div><div class='mb-4'><p><a href=\"https:\/\/ajediam.com\/fr\/comparer-les-qualites\/tableau-des-variations-de-la-qualite\/\">Consultez les facteurs de qualit\u00e9<\/a> pour obtenir le prix r\u00e9el !<\/p><\/div><\/div><\/div><\/div><\/div><\/div> <div class='row vc_row '><div class='col-md-6 '><ul id='vc_gallery_5408' class='vc_gallery list-unstyled d-flex flex-wrap flex-row'><li><a href='https:\/\/ajediam.com\/wp-content\/uploads\/2019\/03\/doigt42.gif' data-lightbox='vc_gallery_5408' class='d-block'><img src='https:\/\/ajediam.com\/wp-content\/uploads\/2019\/03\/doigt42.gif' alt=''><\/a><\/li><li><a href='https:\/\/ajediam.com\/wp-content\/uploads\/2019\/03\/doigt43.gif' data-lightbox='vc_gallery_5408' class='d-block'><img src='https:\/\/ajediam.com\/wp-content\/uploads\/2019\/03\/doigt43.gif' alt=''><\/a><\/li><li><a href='https:\/\/ajediam.com\/wp-content\/uploads\/2019\/03\/doigt44.gif' data-lightbox='vc_gallery_5408' class='d-block'><img src='https:\/\/ajediam.com\/wp-content\/uploads\/2019\/03\/doigt44.gif' alt=''><\/a><\/li><li><a href='https:\/\/ajediam.com\/wp-content\/uploads\/2019\/03\/doigt45.gif' data-lightbox='vc_gallery_5408' class='d-block'><img src='https:\/\/ajediam.com\/wp-content\/uploads\/2019\/03\/doigt45.gif' alt=''><\/a><\/li><li><a href='https:\/\/ajediam.com\/wp-content\/uploads\/2019\/03\/doigt51.gif' data-lightbox='vc_gallery_5408' class='d-block'><img src='https:\/\/ajediam.com\/wp-content\/uploads\/2019\/03\/doigt51.gif' alt=''><\/a><\/li><li><a href='https:\/\/ajediam.com\/wp-content\/uploads\/2019\/03\/doigt50.gif' data-lightbox='vc_gallery_5408' class='d-block'><img src='https:\/\/ajediam.com\/wp-content\/uploads\/2019\/03\/doigt50.gif' alt=''><\/a><\/li><li><a href='https:\/\/ajediam.com\/wp-content\/uploads\/2019\/03\/doigt49.gif' data-lightbox='vc_gallery_5408' class='d-block'><img src='https:\/\/ajediam.com\/wp-content\/uploads\/2019\/03\/doigt49.gif' alt=''><\/a><\/li><li><a href='https:\/\/ajediam.com\/wp-content\/uploads\/2019\/03\/doigt48.gif' data-lightbox='vc_gallery_5408' class='d-block'><img src='https:\/\/ajediam.com\/wp-content\/uploads\/2019\/03\/doigt48.gif' alt=''><\/a><\/li><li><a href='https:\/\/ajediam.com\/wp-content\/uploads\/2019\/03\/doigt47.gif' data-lightbox='vc_gallery_5408' class='d-block'><img src='https:\/\/ajediam.com\/wp-content\/uploads\/2019\/03\/doigt47.gif' alt=''><\/a><\/li><li><a href='https:\/\/ajediam.com\/wp-content\/uploads\/2019\/03\/doigt46.gif' data-lightbox='vc_gallery_5408' class='d-block'><img src='https:\/\/ajediam.com\/wp-content\/uploads\/2019\/03\/doigt46.gif' alt=''><\/a><\/li><li><a href='https:\/\/ajediam.com\/wp-content\/uploads\/2019\/03\/doigt52.gif' data-lightbox='vc_gallery_5408' class='d-block'><img src='https:\/\/ajediam.com\/wp-content\/uploads\/2019\/03\/doigt52.gif' alt=''><\/a><\/li><li><a href='https:\/\/ajediam.com\/wp-content\/uploads\/2019\/03\/doigt53.gif' data-lightbox='vc_gallery_5408' class='d-block'><img src='https:\/\/ajediam.com\/wp-content\/uploads\/2019\/03\/doigt53.gif' alt=''><\/a><\/li><li><a href='https:\/\/ajediam.com\/wp-content\/uploads\/2019\/03\/doigt54.gif' data-lightbox='vc_gallery_5408' class='d-block'><img src='https:\/\/ajediam.com\/wp-content\/uploads\/2019\/03\/doigt54.gif' alt=''><\/a><\/li><li><a href='https:\/\/ajediam.com\/wp-content\/uploads\/2019\/03\/doigt55.gif' data-lightbox='vc_gallery_5408' class='d-block'><img src='https:\/\/ajediam.com\/wp-content\/uploads\/2019\/03\/doigt55.gif' alt=''><\/a><\/li><li><a href='https:\/\/ajediam.com\/wp-content\/uploads\/2019\/03\/doigt56.gif' data-lightbox='vc_gallery_5408' class='d-block'><img src='https:\/\/ajediam.com\/wp-content\/uploads\/2019\/03\/doigt56.gif' alt=''><\/a><\/li><li><a href='https:\/\/ajediam.com\/wp-content\/uploads\/2019\/03\/doigt57.gif' data-lightbox='vc_gallery_5408' class='d-block'><img src='https:\/\/ajediam.com\/wp-content\/uploads\/2019\/03\/doigt57.gif' alt=''><\/a><\/li><li><a href='https:\/\/ajediam.com\/wp-content\/uploads\/2019\/03\/doigt58.gif' data-lightbox='vc_gallery_5408' class='d-block'><img src='https:\/\/ajediam.com\/wp-content\/uploads\/2019\/03\/doigt58.gif' alt=''><\/a><\/li><li><a href='https:\/\/ajediam.com\/wp-content\/uploads\/2019\/03\/doigt59.gif' data-lightbox='vc_gallery_5408' class='d-block'><img src='https:\/\/ajediam.com\/wp-content\/uploads\/2019\/03\/doigt59.gif' alt=''><\/a><\/li><li><a href='https:\/\/ajediam.com\/wp-content\/uploads\/2019\/03\/doigt60.gif' data-lightbox='vc_gallery_5408' class='d-block'><img src='https:\/\/ajediam.com\/wp-content\/uploads\/2019\/03\/doigt60.gif' alt=''><\/a><\/li><li><a href='https:\/\/ajediam.com\/wp-content\/uploads\/2019\/03\/doigt61.gif' data-lightbox='vc_gallery_5408' class='d-block'><img src='https:\/\/ajediam.com\/wp-content\/uploads\/2019\/03\/doigt61.gif' alt=''><\/a><\/li><li><a href='https:\/\/ajediam.com\/wp-content\/uploads\/2019\/03\/doigt62.gif' data-lightbox='vc_gallery_5408' class='d-block'><img src='https:\/\/ajediam.com\/wp-content\/uploads\/2019\/03\/doigt62.gif' alt=''><\/a><\/li><li><a href='https:\/\/ajediam.com\/wp-content\/uploads\/2019\/03\/doigt63.gif' data-lightbox='vc_gallery_5408' class='d-block'><img src='https:\/\/ajediam.com\/wp-content\/uploads\/2019\/03\/doigt63.gif' alt=''><\/a><\/li><li><a href='https:\/\/ajediam.com\/wp-content\/uploads\/2019\/03\/doigt64.gif' data-lightbox='vc_gallery_5408' class='d-block'><img src='https:\/\/ajediam.com\/wp-content\/uploads\/2019\/03\/doigt64.gif' alt=''><\/a><\/li><li><a href='https:\/\/ajediam.com\/wp-content\/uploads\/2019\/03\/doigt65.gif' data-lightbox='vc_gallery_5408' class='d-block'><img src='https:\/\/ajediam.com\/wp-content\/uploads\/2019\/03\/doigt65.gif' alt=''><\/a><\/li><li><a href='https:\/\/ajediam.com\/wp-content\/uploads\/2019\/03\/doigt66.gif' data-lightbox='vc_gallery_5408' class='d-block'><img src='https:\/\/ajediam.com\/wp-content\/uploads\/2019\/03\/doigt66.gif' alt=''><\/a><\/li><li><a href='https:\/\/ajediam.com\/wp-content\/uploads\/2019\/03\/doigt67.gif' data-lightbox='vc_gallery_5408' class='d-block'><img src='https:\/\/ajediam.com\/wp-content\/uploads\/2019\/03\/doigt67.gif' alt=''><\/a><\/li><li><a href='https:\/\/ajediam.com\/wp-content\/uploads\/2019\/03\/doigt68.gif' data-lightbox='vc_gallery_5408' class='d-block'><img src='https:\/\/ajediam.com\/wp-content\/uploads\/2019\/03\/doigt68.gif' alt=''><\/a><\/li><li><a href='https:\/\/ajediam.com\/wp-content\/uploads\/2019\/03\/doigt70.gif' data-lightbox='vc_gallery_5408' class='d-block'><img src='https:\/\/ajediam.com\/wp-content\/uploads\/2019\/03\/doigt70.gif' alt=''><\/a><\/li><li><a href='https:\/\/ajediam.com\/wp-content\/uploads\/2019\/03\/doigt69.gif' data-lightbox='vc_gallery_5408' class='d-block'><img src='https:\/\/ajediam.com\/wp-content\/uploads\/2019\/03\/doigt69.gif' alt=''><\/a><\/li><li><a href='https:\/\/ajediam.com\/wp-content\/uploads\/2019\/03\/doigt71.gif' data-lightbox='vc_gallery_5408' class='d-block'><img src='https:\/\/ajediam.com\/wp-content\/uploads\/2019\/03\/doigt71.gif' alt=''><\/a><\/li><li><a href='https:\/\/ajediam.com\/wp-content\/uploads\/2019\/03\/doigt72.gif' data-lightbox='vc_gallery_5408' class='d-block'><img src='https:\/\/ajediam.com\/wp-content\/uploads\/2019\/03\/doigt72.gif' alt=''><\/a><\/li><li><a href='https:\/\/ajediam.com\/wp-content\/uploads\/2019\/03\/doigt73.gif' data-lightbox='vc_gallery_5408' class='d-block'><img src='https:\/\/ajediam.com\/wp-content\/uploads\/2019\/03\/doigt73.gif' alt=''><\/a><\/li><li><a href='https:\/\/ajediam.com\/wp-content\/uploads\/2019\/03\/doigt74.gif' data-lightbox='vc_gallery_5408' class='d-block'><img src='https:\/\/ajediam.com\/wp-content\/uploads\/2019\/03\/doigt74.gif' alt=''><\/a><\/li><li><a href='https:\/\/ajediam.com\/wp-content\/uploads\/2019\/03\/doigt75.gif' data-lightbox='vc_gallery_5408' class='d-block'><img src='https:\/\/ajediam.com\/wp-content\/uploads\/2019\/03\/doigt75.gif' alt=''><\/a><\/li><\/ul><div class='mb-4'><p><\/p>\n<p>Avez-vous une bague personnelle en t\u00eate ? Envoyez-moi un e-mail.<\/p>\n<p><\/p><\/div><\/div><div class='col-md-6 '><div class='mb-4'><p><strong>Manuel d&rsquo;utilisation et conseils :<\/strong><\/p>\n<p>Pour mesurer la taille de bague adapt\u00e9e \u00e0 votre doigt, imprimez ce tableau universel de taille de bague gratuit.<\/p>\n<p><strong>Tableau de taille de bague visuel et imprim\u00e9 approximativement pr\u00e9cis en fonction de la taille de l&rsquo;\u00e9cran 1280 x 800 pixels !<\/strong><\/p>\n<p>Placez une bague qui vous va sur votre doigt sur la jauge de taille de bague imprim\u00e9e et mesurez l&rsquo;int\u00e9rieur de votre bague avec l&rsquo;ext\u00e9rieur de la taille imprim\u00e9e. Lorsqu&rsquo;ils correspondent, vous avez trouv\u00e9 votre taille de bague.<\/p>\n<p><strong>CONSEILS<\/strong><br \/>\n<strong>Mesurez la taille exacte de la bague dans les bonnes conditions :<\/strong><br \/>\n\u00c0 midi &#8211; Le milieu de la journ\u00e9e est la temp\u00e9rature et l&rsquo;humidit\u00e9 les plus fr\u00e9quentes de votre r\u00e9gion. *Les doigts gonflent plus le soir que le matin. Ils seront \u00e9galement plus \u00e9pais en \u00e9t\u00e9 qu&rsquo;en hiver. La chaleur fait gonfler les doigts. Le froid les fait amincir.<\/p>\n<p>*Soyez s\u00fbr ! La diff\u00e9rence de diam\u00e8tre entre une taille et une autre est inf\u00e9rieure \u00e0 0,32 mm !<br \/>\nUne mauvaise<\/p>\n<p>mesure peut facilement entra\u00eener la perte de votre pr\u00e9cieuse bague ou, si la bague est trop petite, elle peut faire mal ou vous ne pourrez pas la mettre sur votre doigt !<br \/>\nConseil : En cas de doute, demandez l&rsquo;avis d&rsquo;un bijoutier professionnel pour obtenir la bonne taille de bague.<\/p><\/div><\/div><\/div> <div class='row vc_row '><div class='col-md-12 '><div class='mb-4'><p>Sachez qu&rsquo;une \u00ab\u00a0d\u00e9coupe en papier d&rsquo;une jauge de bague\u00a0\u00bb imprim\u00e9e comme sur cette image ci-dessous n&rsquo;est pas fiable !<br \/>\nBon \u00e0 savoir : la diff\u00e9rence de diam\u00e8tre entre une taille et une autre est inf\u00e9rieure \u00e0 1\/3 mm = 0,32 mm. V\u00e9rifiez la taille chez votre bijoutier local. C&rsquo;est plus s\u00fbr !<\/p><\/div><div class='vc-image text-center'><figure><div><img src='https:\/\/ajediam.com\/wp-content\/uploads\/2019\/03\/Ring_Sizer_X_Ajediam.jpg' alt=''><\/div><\/figure><\/div><div style='height: 32px;'><\/div><\/div><\/div> <div class='row vc_row '><div class='col-md-4 '><div class='mb-4'><p><strong>Comment mesurer la taille d&rsquo;un diamant mont\u00e9 dans des montures, des bagues et des bijoux :<\/strong><br \/>\n<a href=\"https:\/\/ajediam.com\/fr\/diamants-101\/tailles-des-diamants\/\">Tailles de diamant pour les diamants non mont\u00e9s<\/a><br \/>\nLorsqu&rsquo;un diamant est fix\u00e9 dans une bague ou une monture, vous pouvez estimer le diam\u00e8tre entre les griffes sur des c\u00f4t\u00e9s oppos\u00e9s d&rsquo;une pierre.<br \/>\nAvec un outil de mesure professionnel, un estimateur de jauge ou des calibres en laiton,<br \/>\nvous trouverez la taille\/dimensions des diamants mont\u00e9s, le diam\u00e8tre int\u00e9rieur et ext\u00e9rieur, la profondeur + l&rsquo;\u00e9paisseur.<\/p><\/div><\/div><div class='col-md-4 '><div class='vc-image text-center'><figure><div><img src='https:\/\/ajediam.com\/wp-content\/uploads\/2019\/03\/Caliper-Brass.jpg' alt=''><\/div><\/figure><\/div><div class='mb-4'><p>Instrument de calibres en laiton<br \/>\npour mesurer la taille des diamants mont\u00e9s<br \/>\nVous pouvez l&rsquo;acheter pour environ +- 7 $ US<br \/>\nsur www.stantonbooks.com<br \/>\nou vous l&rsquo;avez d\u00e9j\u00e0 dans votre bo\u00eete \u00e0 outils<\/p>\n<p>Envoyez un <a href=\"\/fr\/notre-formulaire-de-demande-rapide\">e-mail<\/a> ou appelez au T\u00e9l : +32 3 808 72 02<br \/>\nAntwerp World Diamond Centre, Diamond Exchange, Hoveniersstraat 2, Anvers \/ Belgique \/ Europe<\/p><\/div><\/div><div class='col-md-4 '><div class='vc-image text-center'><figure><div><img src='https:\/\/ajediam.com\/wp-content\/uploads\/2019\/03\/Leveridge.jpg' alt=''><\/div><\/figure><\/div><div class='mb-4'><p>Leveridge, outil pour mesurer<br \/>\nla taille des diamants mont\u00e9s<\/p><\/div><\/div><\/div> <div class='row vc_row '><div class='col-md-3 '><\/div><div class='col-md-3 '><div style='height: 32px;'><\/div><a class='lab-button' href='http:\/\/ajediam.com\/engagement-rings' target='' title='url:http:\/\/ajediam.com\/engagement-rings|'>ACHETER MAINTENANT<\/a><\/div><div class='col-md-3 '><div style='height: 32px;'><\/div><a class='lab-button' href='\/fr\/notre-formulaire-de-demande-rapide' target='' title='\/fr\/notre-formulaire-de-demande-rapi'>CONSULTER LE GUIDE D'ACHAT<\/a><\/div><div class='col-md-3 '><\/div><\/div> <div class='row vc_row '><div class='col-md-2 '><\/div><div class='col-md-8 '><div style='height: 32px;'><\/div><div class='vc-image '><figure><a href='' class='d-block'><img src='https:\/\/ajediam.com\/wp-content\/uploads\/2019\/03\/Ajediam_footer_Buy_now_13_03_2015.jpg' alt=''><\/a><\/figure><\/div><\/div><div class='col-md-2 '><\/div><\/div> <\/p>\n","protected":false},"excerpt":{"rendered":"","protected":false},"author":5,"featured_media":0,"parent":10015,"menu_order":0,"comment_status":"closed","ping_status":"closed","template":"","meta":{"ub_ctt_via":"","footnotes":""},"acf":[],"featured_image_src":null,"_links":{"self":[{"href":"https:\/\/ajediam.com\/fr\/wp-json\/wp\/v2\/pages\/10030"}],"collection":[{"href":"https:\/\/ajediam.com\/fr\/wp-json\/wp\/v2\/pages"}],"about":[{"href":"https:\/\/ajediam.com\/fr\/wp-json\/wp\/v2\/types\/page"}],"author":[{"embeddable":true,"href":"https:\/\/ajediam.com\/fr\/wp-json\/wp\/v2\/users\/5"}],"replies":[{"embeddable":true,"href":"https:\/\/ajediam.com\/fr\/wp-json\/wp\/v2\/comments?post=10030"}],"version-history":[{"count":1,"href":"https:\/\/ajediam.com\/fr\/wp-json\/wp\/v2\/pages\/10030\/revisions"}],"predecessor-version":[{"id":10031,"href":"https:\/\/ajediam.com\/fr\/wp-json\/wp\/v2\/pages\/10030\/revisions\/10031"}],"up":[{"embeddable":true,"href":"https:\/\/ajediam.com\/fr\/wp-json\/wp\/v2\/pages\/10015"}],"wp:attachment":[{"href":"https:\/\/ajediam.com\/fr\/wp-json\/wp\/v2\/media?parent=10030"}],"curies":[{"name":"wp","href":"https:\/\/api.w.org\/{rel}","templated":true}]}}