{"id":10034,"date":"2019-04-27T19:52:54","date_gmt":"2019-04-27T19:52:54","guid":{"rendered":"https:\/\/ajediam.com\/?page_id=10034"},"modified":"2023-07-03T13:51:26","modified_gmt":"2023-07-03T13:51:26","slug":"taille-des-diamants-montes","status":"publish","type":"page","link":"https:\/\/ajediam.com\/fr\/technique-de-haute-joaillerie\/taille-des-diamants-montes\/","title":{"rendered":"Taille des diamants mont\u00e9s"},"content":{"rendered":"<p><div class='row vc_row '><div class='col-md-12 '><div class='mb-4'><p><\/p>\n<p><strong>Comment mesurer la taille d&rsquo;un diamant mont\u00e9 dans des bagues et des bijoux ?<\/strong><\/p>\n<p>Vous le d\u00e9couvrirez ici. <a href=\"https:\/\/ajediam.com\/fr\/diamants-101\/tailles-des-diamants\/\">Tailles de diamant pour les diamants non mont\u00e9s<\/a><\/p>\n<p>Lorsqu&rsquo;un diamant est fix\u00e9 dans une bague ou tout autre bijou, vous pouvez estimer le diam\u00e8tre entre les griffes sur des c\u00f4t\u00e9s oppos\u00e9s de la pierre \u00e0 l&rsquo;aide d&rsquo;un outil de mesure professionnel, d&rsquo;un estimateur de jauge ou de calibres en laiton. Vous trouverez la taille \/ dimensions des diamants mont\u00e9s, le diam\u00e8tre int\u00e9rieur et ext\u00e9rieur, la profondeur + l&rsquo;\u00e9paisseur.<\/p><\/div><hr class='mb-4' \/><div class='row '><div class='col-md-4 col-inner'><div class='col-inwrap'><div class='vc-image text-center'><figure><a href='\/bracelets' class='d-block'><img src='https:\/\/ajediam.com\/wp-content\/uploads\/2019\/03\/Caliper-Brass.jpg' alt=''><\/a><\/figure><\/div><div class='mb-4'><p>Instrument de calibres en laiton pour mesurer la taille des diamants mont\u00e9s. Vous pouvez l&rsquo;acheter pour environ +- 7 $ US sur <a href=\"http:\/\/www.stantonbooks.com\/\" rel=\"nofollow noopener\" target=\"_blank\">www.stantonbooks.com<\/a> ou vous l&rsquo;avez d\u00e9j\u00e0 dans votre bo\u00eete \u00e0 outils<\/p><\/div><\/div><\/div><div class='col-md-4 col-inner'><div class='col-inwrap'><div class='vc-image text-center'><figure><div><img src='https:\/\/ajediam.com\/wp-content\/uploads\/2019\/03\/Leveridge.jpg' alt=''><\/div><\/figure><\/div><div class='mb-4'><p>Leveridge, outil pour mesurer la taille des diamants mont\u00e9s<\/p><\/div><\/div><\/div><div class='col-md-4 col-inner'><div class='col-inwrap'><div class='mb-4'><p><\/p>\n<p>Mesurer la taille sur une bague<\/p>\n<p><\/p><\/div><div class='vc-image '><figure><div><img src='https:\/\/ajediam.com\/wp-content\/uploads\/2019\/04\/size-mounted-diamondselement90.jpg' alt=''><\/div><\/figure><\/div><div class='mb-4'><p><\/p>\n<p><a href=\"https:\/\/ajediam.com\/engagement-rings\/\">Acheter en ligne<\/a><\/p>\n<p><\/p><\/div><\/div><\/div><\/div><div style='height: 32px;'><\/div><\/div><\/div> <div class='row vc_row '><div class='col-md-9 '><div class='mb-4'><p>La taille du diamant est la cl\u00e9 pour estimer le poids en carats des diamants. Pour estimer le diam\u00e8tre dans une monture ferm\u00e9e et le poids en carats des diamants de forme fantaisie, nous vous conseillons de consulter un bijoutier professionnel.<\/p><\/div><\/div><div class='col-md-3 '>[vc_btn title=\u00a0\u00bbConsulter le guide d&rsquo;achat\u00a0\u00bb style=\u00a0\u00bbclassic\u00a0\u00bb shape=\u00a0\u00bbsquare\u00a0\u00bb color=\u00a0\u00bbprimary\u00a0\u00bb align=\u00a0\u00bbleft\u00a0\u00bb link=\u00a0\u00bb\/fr\/notre-formulaire-de-demande-rapide\u00a0\u00bb]<\/div><\/div> <div class='row vc_row '><div class='col-md-12 '><hr class='mb-4' \/><div class='mb-4'><p><\/p>\n<p>Voir <a href=\"https:\/\/ajediam.com\/fr\/diamants-101\/tailles-des-diamants\/\">les tailles de diamants et le poids versus les tailles des diamants<\/a>. <a href=\"https:\/\/ajediam.com\/fr\/diamants-101\/tailles-des-diamants-sur-la-bague-a-la-main\/\">Taille du diamant sur la bague sur le doigt sur la main<\/a><\/p>\n<p><\/p><\/div><\/div><\/div> <div class='row vc_row '><div class='col-md-2 '><\/div><div class='col-md-8 '><div class='vc-image text-center'><figure><div><img src='https:\/\/ajediam.com\/wp-content\/uploads\/2019\/03\/Ajediam_footer_Buy_now_13_03_2015.jpg' alt=''><\/div><\/figure><\/div><\/div><div class='col-md-2 '><\/div><\/div> <\/p>\n","protected":false},"excerpt":{"rendered":"","protected":false},"author":5,"featured_media":0,"parent":10015,"menu_order":0,"comment_status":"closed","ping_status":"closed","template":"","meta":{"ub_ctt_via":"","footnotes":""},"acf":[],"featured_image_src":null,"_links":{"self":[{"href":"https:\/\/ajediam.com\/fr\/wp-json\/wp\/v2\/pages\/10034"}],"collection":[{"href":"https:\/\/ajediam.com\/fr\/wp-json\/wp\/v2\/pages"}],"about":[{"href":"https:\/\/ajediam.com\/fr\/wp-json\/wp\/v2\/types\/page"}],"author":[{"embeddable":true,"href":"https:\/\/ajediam.com\/fr\/wp-json\/wp\/v2\/users\/5"}],"replies":[{"embeddable":true,"href":"https:\/\/ajediam.com\/fr\/wp-json\/wp\/v2\/comments?post=10034"}],"version-history":[{"count":3,"href":"https:\/\/ajediam.com\/fr\/wp-json\/wp\/v2\/pages\/10034\/revisions"}],"predecessor-version":[{"id":10038,"href":"https:\/\/ajediam.com\/fr\/wp-json\/wp\/v2\/pages\/10034\/revisions\/10038"}],"up":[{"embeddable":true,"href":"https:\/\/ajediam.com\/fr\/wp-json\/wp\/v2\/pages\/10015"}],"wp:attachment":[{"href":"https:\/\/ajediam.com\/fr\/wp-json\/wp\/v2\/media?parent=10034"}],"curies":[{"name":"wp","href":"https:\/\/api.w.org\/{rel}","templated":true}]}}