{"id":10039,"date":"2019-05-03T06:45:46","date_gmt":"2019-05-03T06:45:46","guid":{"rendered":"https:\/\/ajediam.com\/?page_id=10039"},"modified":"2023-07-03T14:50:29","modified_gmt":"2023-07-03T14:50:29","slug":"en-savoir-plus-sur-les-bijoux-pierres-precieuses-perles-metaux-precieux-reglages","status":"publish","type":"page","link":"https:\/\/ajediam.com\/fr\/technique-de-haute-joaillerie\/en-savoir-plus-sur-les-bijoux-pierres-precieuses-perles-metaux-precieux-reglages\/","title":{"rendered":"En savoir plus sur les bijoux Pierres pr\u00e9cieuses Perles M\u00e9taux pr\u00e9cieux R\u00e9glages"},"content":{"rendered":"<p><div class='row vc_row '><div class='col-md-12 '><h2 class='section-title'>Apprenez en ligne sur les bijoux, les pierres pr\u00e9cieuses, les perles, les m\u00e9taux pr\u00e9cieux et tous types de montures gratuitement<\/h2><p>Ajediam vous fournit tout ce dont vous avez besoin pour en savoir plus sur les bijoux en diamants de qualit\u00e9.<br \/>\n<\/p><div class='mb-4'><p><\/p>\n<p><strong>D\u00e9couvrez o\u00f9 <a href=\"https:\/\/ajediam.com\/fr\/prix-des-diamants\/prix-des-diamants-synthetiques\/\">acheter des diamants synth\u00e9tiques de laboratoire<\/a>, \u00e9galement appel\u00e9s diamants de synth\u00e8se ou cultiv\u00e9s.<\/strong><br \/>\n<strong>Connaissez le prix r\u00e9el du producteur. &#8211; Source : Centre mondial du diamant d&rsquo;Anvers.<\/strong><\/p>\n<p><\/p><\/div><div class='mb-4'><p>Nous fournissons quelques faits et d\u00e9crivons les mat\u00e9riaux, les montures utilis\u00e9es pour les bijoux<br \/>\net les m\u00e9thodes pour maintenir les diamants. <a href=\"https:\/\/ajediam.com\/fr\/identification\/formations-de-gradation-de-diamants\/\">Cours en ligne sur les diamants gratuits<\/a><\/p>\n<p><strong>Guide des bijoux : Lisez \u00e0 propos du <a href=\"https:\/\/ajediam.com\/fr\/technique-de-haute-joaillerie\/soins-bijoux\/\">nettoyage des bijoux<\/a><\/strong><br \/>\n<strong>Taille de bague<\/strong><\/p>\n<p>Pour conna\u00eetre votre<a href=\"https:\/\/ajediam.com\/fr\/technique-de-haute-joaillerie\/tailles-de-doigt-bagues\/\"> taille de bague<\/a>, mesurez le diam\u00e8tre int\u00e9rieur d&rsquo;une bague qui vous va bien. La taille peut varier entre 4 et 13,5 millim\u00e8tres.<\/p>\n<p><strong>Mat\u00e9riaux<\/strong> :<\/p>\n<p>Achat de bijoux : il peut \u00eatre rassurant de conna\u00eetre un peu les mat\u00e9riaux et les techniques que nous bijoutiers utilisons. Dans les lignes suivantes, nous vous donnons des informations sur l&rsquo;or et le platine, sur les pierres pr\u00e9cieuses de couleur et sur les techniques de fabrication. Si vous avez des questions suppl\u00e9mentaires, envoyez-nous un courrier. L&rsquo;or, le platine et l&rsquo;argent sont les mat\u00e9riaux les plus souvent utilis\u00e9s dans les bijoux. Nous pr\u00e9f\u00e9rons utiliser du platine pur sans nickel et de l&rsquo;or 18K, 75 % d&rsquo;or pur en raison de leur qualit\u00e9 et de leur apparence durables.<\/p>\n<p><strong>Or<\/strong><\/p>\n<p>L&rsquo;or est utilis\u00e9 depuis l&rsquo;Antiquit\u00e9 pour cr\u00e9er des bijoux, des \u0153uvres d&rsquo;art et des objets religieux. Sa couleur unique et le fait qu&rsquo;il puisse \u00eatre m\u00e9lang\u00e9 avec d&rsquo;autres m\u00e9taux en font l&rsquo;un des m\u00e9taux les plus populaires pour les bijoux \u00e0 ce jour.<\/p>\n<p><strong>Platine<\/strong><\/p>\n<p>Le <a href=\"https:\/\/ajediam.com\/diamond-solitaire-platinum-ring\/\">platine<\/a> est un m\u00e9tal extr\u00eamement durable. Depuis les ann\u00e9es 1880, il est utilis\u00e9 pour fabriquer des bijoux de qualit\u00e9. \u00c9tant \u00e0 la fois un m\u00e9tal dense et solide, le platine est pr\u00e9f\u00e9r\u00e9 aux autres m\u00e9taux pour maintenir les diamants.<\/p>\n<p>Pour les designs complexes, avec une incrustation de nombreuses petites pierres, les bijoutiers pr\u00e9f\u00e8rent le platine \u00e0 l&rsquo;or. Comme pour l&rsquo;or, le platine est \u00e9galement m\u00e9lang\u00e9 avec d&rsquo;autres m\u00e9taux. Les marques courantes sont : 850 Plat, PT 850, PT 850. L&rsquo;alliage est \u00e9galement parfois mentionn\u00e9, comme dans 850 Plat, 150 Irid (Iridium).<\/p>\n<p><strong>Argent<\/strong><\/p>\n<p>Nous utilisons de l&rsquo;argent pur 925 pour les gros bijoux de mode car il est bon march\u00e9.<\/p>\n<p><strong>Pierres pr\u00e9cieuses de couleur<\/strong><\/p>\n<p>Les <a href=\"https:\/\/ajediam.com\/rubies-diamond-rings\/\">rubis<\/a>, les <a href=\"https:\/\/ajediam.com\/sapphires-diamond-rings\/\">saphirs<\/a>, les <a href=\"https:\/\/ajediam.com\/emerald-rings\/\">\u00e9meraudes<\/a>, les aigue-marines et les topazes sont des exemples c\u00e9l\u00e8bres de la cat\u00e9gorie tr\u00e8s populaire des pierres pr\u00e9cieuses de couleur.<br \/>\nLes pierres pr\u00e9cieuses sont mesur\u00e9es par leur poids et leur taille. La taille d&rsquo;une pierre<\/p>\n<p>pr\u00e9cieuse est exprim\u00e9e en millim\u00e8tres (par exemple, 6&#215;8 millim\u00e8tres). L&rsquo;unit\u00e9 de base pour peser les pierres pr\u00e9cieuses est le carat, \u00e9quivalent \u00e0 1\/5\u00e8me de gramme.<br \/>\nLes carats sont divis\u00e9s en 100 unit\u00e9s. Ces unit\u00e9s sont appel\u00e9es points. Par exemple, 1\/10 de gramme de pierre pr\u00e9cieuse \u00e9quivaut \u00e0 \u00bd carat, soit 50 points.<br \/>\nD&rsquo;autres pierres pr\u00e9cieuses de couleur que vous pouvez rencontrer fr\u00e9quemment sont l&rsquo;aigue-marine, le quartz, la citrine, le tanzanite et la tourmaline &amp; la citrine.<br \/>\n\u00c0 mesure que la technologie progresse, nous voyons de nombreuses innovations de produits et de processus dans le domaine des pierres pr\u00e9cieuses. Les pierres pr\u00e9cieuses synth\u00e9tiques, parfois abr\u00e9g\u00e9es en \u00ab\u00a0CTRD\u00a0\u00bb dans un magasin de bijoux, sont un exemple important de cette innovation.<br \/>\nCes pierres poss\u00e8dent les m\u00eames propri\u00e9t\u00e9s optiques, chimiques et physiques que les pierres pr\u00e9cieuses naturelles. Bien qu&rsquo;elles soient aussi belles que les v\u00e9ritables pierres pr\u00e9cieuses, elles sont enti\u00e8rement produites en laboratoire. Par cons\u00e9quent, elles devraient \u00eatre beaucoup moins ch\u00e8res.<br \/>\nIl en va de m\u00eame pour les pierres composites ou assembl\u00e9es, qui sont constitu\u00e9es de verre et de parties synth\u00e9tiques maintenues ensemble par une colle inject\u00e9e de couleur.<\/p>\n<p>Les pierres pr\u00e9cieuses de couleur naturelles peuvent \u00e9galement avoir \u00e9t\u00e9 trait\u00e9es. Afin d&rsquo;am\u00e9liorer leur couleur, elles peuvent avoir \u00e9t\u00e9 teintes, irradi\u00e9es ou trait\u00e9es par la chaleur. Bien que la couleur puisse \u00eatre embellie, la durabilit\u00e9 peut \u00eatre diminu\u00e9e.<\/p>\n<p>N&rsquo;h\u00e9sitez pas \u00e0 demander \u00e0 un bijoutier quel type de pierre pr\u00e9cieuse vous avez entre les mains et les traitements qu&rsquo;elle a subis avant d&rsquo;arriver dans son magasin ou son bureau. Si ce n&rsquo;est pas pour l&rsquo;apparence, vous voulez au moins payer le bon prix pour sa valeur r\u00e9elle.<\/p>\n<p><a href=\"https:\/\/ajediam.com\/pearls-beads-diamonds-jewelry\/\"><strong>Perles<\/strong><\/a><\/p>\n<p>Les perles sont une autre belle cr\u00e9ation de la nature. Elles sont fabriqu\u00e9es par des hu\u00eetres et d&rsquo;autres mollusques. Lorsqu&rsquo;elles sont cultiv\u00e9es sans l&rsquo;aide de l&rsquo;homme, on parle de perles naturelles. Des plongeurs sp\u00e9cialis\u00e9s recherchent ces esp\u00e8ces rares, principalement dans les eaux tropicales du Pacifique.<br \/>\nPlus une perle est laiss\u00e9e \u00e0 se d\u00e9velopper dans l&rsquo;hu\u00eetre, plus sa \u00ab\u00a0peau de nacre\u00a0\u00bb est \u00e9paisse. Les perles avec une nacre fine ne durent pas longtemps. Les produits chimiques et les parfums naturels attaquent la peau, aggravant rapidement son apparence.<\/p>\n<p>Les perles de culture ont \u00e9t\u00e9 cultiv\u00e9es par des mollusques, dans un environnement prot\u00e9g\u00e9 et conditionn\u00e9. Elles ne sont pas aussi rares que les perles naturelles et co\u00fbtent moins cher. Assurez-vous de demander \u00e0 votre bijoutier comment les perles que vous pr\u00e9f\u00e9rez ont \u00e9t\u00e9 cultiv\u00e9es.<br \/>\nVous pourriez d\u00e9couvrir qu&rsquo;il s&rsquo;agit de fausses perles, fabriqu\u00e9es en verre, en mat\u00e9riaux organiques ou en plastique.<\/p>\n<p><strong>Montures<\/strong><\/p>\n<p><strong>M\u00e9thodes pour maintenir les diamants.<\/strong><br \/>\nLa fa\u00e7on dont les bijoux sont construits a un fort impact sur leur beaut\u00e9 et leur durabilit\u00e9. Pour des bijoux durables, la bonne quantit\u00e9 de soudure doit \u00eatre utilis\u00e9e. L&rsquo;or ou le platine doivent avoir une \u00e9paisseur ad\u00e9quate. Et, tr\u00e8s important, les montures des pierres doivent \u00eatre fermes et soign\u00e9es.<\/p>\n<p>Il existe de bonnes et de moins bonnes techniques pour maintenir les pierres pr\u00e9cieuses et les perles en place. Certaines des plus importantes sont la monture pav\u00e9e, la monture en canal et la monture \u00e0 griffes.<\/p>\n<p><strong><a href=\"https:\/\/ajediam.com\/engagement-rings\/\">Serti Tiffany<\/a><\/strong><\/p>\n<p>Le serti Tiffany est un serti populaire pour les bagues de fian\u00e7ailles solitaires avec 4 ou 6 griffes, selon l&rsquo;importance du diamant. Le serti \u00e0 griffes maintient les diamants en s\u00e9curit\u00e9, permettant \u00e0 la meilleure quantit\u00e9 de lumi\u00e8re d&rsquo;entrer dans les diamants.<\/p>\n<p>Le style classique du serti Tiffany a conquis le c\u0153ur de millions de couples \u00e0 la recherche de la bague de fian\u00e7ailles parfaite pour leur diamant non mont\u00e9.<\/p>\n<p><a href=\"https:\/\/ajediam.com\/diamond-ring-principess\/\"><strong>Monture en canal<\/strong><\/a><\/p>\n<p>Pour une monture en canal, le bijoutier r\u00e9alise une rainure \u00e0 l&rsquo;int\u00e9rieur de deux bandes m\u00e9talliques. Cette rainure, avec les bandes m\u00e9talliques sur les c\u00f4t\u00e9s, peut contenir une rang\u00e9e de pierres.<\/p>\n<p><a href=\"https:\/\/ajediam.com\/diamond-ring-senza-fine\/\"><strong>Serti \u00e0 griffes, \u00e9galement appel\u00e9 serti \u00e0 griffes<\/strong><\/a><\/p>\n<p>Le serti \u00e0 griffes est utilis\u00e9 pour les pierres pr\u00e9cieuses facett\u00e9es. Les griffes sont une sorte de griffes m\u00e9talliques qui maintiennent la pierre en place. Le plus souvent, quatre ou plus de griffes sont utilis\u00e9es pour fixer une pierre.<\/p>\n<p><a href=\"https:\/\/ajediam.com\/diamond-ring-expensive\"><strong>Monture \u00e0 grains<\/strong><\/a><\/p>\n<p>La monture \u00e0 grains est \u00e9galement utilis\u00e9e pour les pierres pr\u00e9cieuses. Une bande de m\u00e9tal en forme de grain entoure la pierre et la soul\u00e8ve de la surface de la pi\u00e8ce de bijou.<\/p>\n<p><a href=\"https:\/\/ajediam.com\/diamond-ring-let-it-go\/\"><strong>Monture pav\u00e9e<\/strong><\/a><\/p>\n<p>La monture pav\u00e9e est utilis\u00e9e pour les diamants et autres bijoux qui sont cens\u00e9s avoir une longue dur\u00e9e de vie. La monture pav\u00e9e n\u00e9cessite patience et savoir-faire. Il faut environ une journ\u00e9e \u00e0 un diamantaire qualifi\u00e9 pour r\u00e9aliser un collier en diamants serti pav\u00e9.<br \/>\nDe petites cavit\u00e9s sont fa\u00e7onn\u00e9es \u00e0 la main dans l&rsquo;or pour maintenir les pierres en s\u00e9curit\u00e9. Les surfaces d&rsquo;or expos\u00e9es sont textur\u00e9es pour obtenir une finition perle, et leurs bords sont polis pour devenir de brillants rubans d&rsquo;or.<\/p>\n<p>Autres montures populaires :<\/p>\n<p>Monture en cloche<\/p>\n<p>Monture en tension<\/p>\n<p>Monture sertie<\/p>\n<p>Envoyez-nous un <a href=\"https:\/\/ajediam.com\/fr\/notre-formulaire-de-demande-rapide\/\">e-mail<\/a> si vous avez des questions suppl\u00e9mentaires. Nous essaierons d&rsquo;y r\u00e9pondre au mieux de nos connaissances.<\/p><\/div><\/div><\/div> <div class='row vc_row '><div class='col-md-3 '><\/div><div class='col-md-3 '><div style='height: 32px;'><\/div><a class='lab-button' href='\/fr\/notre-formulaire-de-demande-rapide\/' target='' title='\/fr\/notre-formulaire-de-demande-rapid'>ACHETER MAINTENANT<\/a><\/div><div class='col-md-3 '><div style='height: 32px;'><\/div><a class='lab-button' href='\/fr\/notre-formulaire-de-demande-rapide\/' target='' title='\/fr\/notre-formulaire-de-demande-rapid'>CONSULTER LE GUIDE D'ACHAT<\/a><\/div><div class='col-md-3 '><\/div><\/div> <\/p>\n","protected":false},"excerpt":{"rendered":"","protected":false},"author":5,"featured_media":0,"parent":10015,"menu_order":0,"comment_status":"closed","ping_status":"closed","template":"","meta":{"ub_ctt_via":"","footnotes":""},"acf":[],"featured_image_src":null,"_links":{"self":[{"href":"https:\/\/ajediam.com\/fr\/wp-json\/wp\/v2\/pages\/10039"}],"collection":[{"href":"https:\/\/ajediam.com\/fr\/wp-json\/wp\/v2\/pages"}],"about":[{"href":"https:\/\/ajediam.com\/fr\/wp-json\/wp\/v2\/types\/page"}],"author":[{"embeddable":true,"href":"https:\/\/ajediam.com\/fr\/wp-json\/wp\/v2\/users\/5"}],"replies":[{"embeddable":true,"href":"https:\/\/ajediam.com\/fr\/wp-json\/wp\/v2\/comments?post=10039"}],"version-history":[{"count":1,"href":"https:\/\/ajediam.com\/fr\/wp-json\/wp\/v2\/pages\/10039\/revisions"}],"predecessor-version":[{"id":10043,"href":"https:\/\/ajediam.com\/fr\/wp-json\/wp\/v2\/pages\/10039\/revisions\/10043"}],"up":[{"embeddable":true,"href":"https:\/\/ajediam.com\/fr\/wp-json\/wp\/v2\/pages\/10015"}],"wp:attachment":[{"href":"https:\/\/ajediam.com\/fr\/wp-json\/wp\/v2\/media?parent=10039"}],"curies":[{"name":"wp","href":"https:\/\/api.w.org\/{rel}","templated":true}]}}