{"id":10044,"date":"2023-05-03T16:16:40","date_gmt":"2023-05-03T16:16:40","guid":{"rendered":"https:\/\/ajediam.com\/?page_id=10044"},"modified":"2023-07-03T15:03:54","modified_gmt":"2023-07-03T15:03:54","slug":"rugueux-minier","status":"publish","type":"page","link":"https:\/\/ajediam.com\/fr\/rugueux-minier\/","title":{"rendered":"Rugueux et Minier"},"content":{"rendered":"\n<p class=\"tt1\">Comprendre les processus d&rsquo;extraction et de fabrication des diamants.<\/p>\n\n\n\n<p class=\"tt2\">Embarquez pour une aventure captivante dans le monde de l&rsquo;extraction et de la fabrication de diamants, en explorant le voyage fascinant des diamants bruts des profondeurs de la terre jusqu&rsquo;\u00e0 leur transformation \u00e9tonnante en pierres pr\u00e9cieuses polies. D\u00e9couvrez le monde passionnant des techniques mini\u00e8res, aventurez-vous dans les emplacements des principales mines de diamants et d\u00e9couvrez les consid\u00e9rations \u00e9thiques qui entourent la production de diamants. Plongez dans ce conte extraordinaire et approfondissez votre appr\u00e9ciation des pierres pr\u00e9cieuses fascinantes qui illuminent nos vies.<\/p>\n","protected":false},"excerpt":{"rendered":"<p>Comprendre les processus d&rsquo;extraction et de fabrication des diamants. Embarquez pour une aventure captivante dans le monde de l&rsquo;extraction et de la fabrication de diamants, en explorant le voyage fascinant des diamants bruts des profondeurs de la terre jusqu&rsquo;\u00e0 leur transformation \u00e9tonnante en pierres pr\u00e9cieuses polies. D\u00e9couvrez le monde passionnant des techniques mini\u00e8res, aventurez-vous dans [&hellip;]<\/p>\n","protected":false},"author":5,"featured_media":0,"parent":0,"menu_order":0,"comment_status":"closed","ping_status":"closed","template":"childpage-page.php","meta":{"ub_ctt_via":"","footnotes":""},"acf":[],"featured_image_src":null,"_links":{"self":[{"href":"https:\/\/ajediam.com\/fr\/wp-json\/wp\/v2\/pages\/10044"}],"collection":[{"href":"https:\/\/ajediam.com\/fr\/wp-json\/wp\/v2\/pages"}],"about":[{"href":"https:\/\/ajediam.com\/fr\/wp-json\/wp\/v2\/types\/page"}],"author":[{"embeddable":true,"href":"https:\/\/ajediam.com\/fr\/wp-json\/wp\/v2\/users\/5"}],"replies":[{"embeddable":true,"href":"https:\/\/ajediam.com\/fr\/wp-json\/wp\/v2\/comments?post=10044"}],"version-history":[{"count":1,"href":"https:\/\/ajediam.com\/fr\/wp-json\/wp\/v2\/pages\/10044\/revisions"}],"predecessor-version":[{"id":10045,"href":"https:\/\/ajediam.com\/fr\/wp-json\/wp\/v2\/pages\/10044\/revisions\/10045"}],"wp:attachment":[{"href":"https:\/\/ajediam.com\/fr\/wp-json\/wp\/v2\/media?parent=10044"}],"curies":[{"name":"wp","href":"https:\/\/api.w.org\/{rel}","templated":true}]}}