{"id":10046,"date":"2023-05-03T16:24:43","date_gmt":"2023-05-03T16:24:43","guid":{"rendered":"https:\/\/ajediam.com\/?page_id=10046"},"modified":"2023-07-03T15:58:42","modified_gmt":"2023-07-03T15:58:42","slug":"trier-evaluer-les-diamants-bruts","status":"publish","type":"page","link":"https:\/\/ajediam.com\/fr\/rugueux-minier\/trier-evaluer-les-diamants-bruts\/","title":{"rendered":"D\u00e9codage de l&rsquo;\u00e9valuation experte des diamants bruts sur le march\u00e9"},"content":{"rendered":"\n<p class=\"postTitle\">Percer les secrets de l&rsquo;\u00e9valuation de la valeur des diamants bruts<\/p>\n\n\n\n<p>Cette page est d\u00e9di\u00e9e \u00e0 l&rsquo;\u00e9lucidation des m\u00e9thodes d&rsquo;\u00e9valuation des diamants bruts plus gros. Cependant, veuillez garder \u00e0 l&rsquo;esprit que cette page sert simplement d&rsquo;introduction aux pratiques sur le march\u00e9 du diamant brut. Il est fortement d\u00e9conseill\u00e9 d&rsquo;acheter des diamants bruts sans formation et conseils suffisants.<\/p>\n\n\n\n<p>Tout au long de l&rsquo;ann\u00e9e, nous recevons occasionnellement dans <a href=\"https:\/\/ajediam.com\/fr\/a-propos-dajediam\/contactez-nous\/\" data-type=\"page\" data-id=\"9703\">notre bureau d&rsquo;Anvers<\/a> des visiteurs qui se sont malheureusement aventur\u00e9s dans l&rsquo;achat de diamants bruts sans connaissances suffisantes. Malheureusement, pour la plupart de ces personnes, leurs investissements ont entra\u00een\u00e9 des pertes substantielles. Il convient de noter que m\u00eame avec une formation et une \u00e9ducation formelles, les premiers acheteurs de pierres brutes sont toujours susceptibles de subir des pertes. En fait, m\u00eame pour les acheteurs et les fabricants de brut chevronn\u00e9s, le facteur de risque de perte reste important. Ainsi, investir dans les diamants bruts sans expertise substantielle est une entreprise risqu\u00e9e.<\/p>\n\n\n<div class=\"ub_table-of-contents\" data-showtext=\"show\" data-hidetext=\"hide\" data-scrolltype=\"auto\" id=\"ub_table-of-contents-2b8dd609-1115-4338-a750-26d82ee9568f\" data-initiallyhideonmobile=\"false\"\n                    data-initiallyshow=\"true\"><div class=\"ub_table-of-contents-header-container\"><div class=\"ub_table-of-contents-header\">\n                    <div class=\"ub_table-of-contents-title\">Table des mati\u00e8res<\/div><\/div><\/div><div class=\"ub_table-of-contents-extra-container\"><div class=\"ub_table-of-contents-container ub_table-of-contents-1-column \"><ul><li><a href=https:\/\/ajediam.com\/fr\/rugueux-minier\/trier-evaluer-les-diamants-bruts\/#0-un-exemple-%C3%A9tape-par-%C3%A9tape-d%C3%A9valuation-et-de-tarification-des-diamants-bruts-pour-les-plus-gros-diamants>Un exemple \u00e9tape par \u00e9tape d&rsquo;\u00e9valuation et de tarification des diamants bruts pour les plus gros diamants<\/a><ul><li><a href=https:\/\/ajediam.com\/fr\/rugueux-minier\/trier-evaluer-les-diamants-bruts\/#1-provenance-des-diamants-bruts>Provenance des diamants bruts<\/a><\/li><li><a href=https:\/\/ajediam.com\/fr\/rugueux-minier\/trier-evaluer-les-diamants-bruts\/#2-types-de-diamants-bruts>Types de diamants bruts<\/a><\/li><li><a href=https:\/\/ajediam.com\/fr\/rugueux-minier\/trier-evaluer-les-diamants-bruts\/#3-poids-et-taille-du-diamant-brut>Poids et taille du diamant brut<\/a><\/li><li><a href=https:\/\/ajediam.com\/fr\/rugueux-minier\/trier-evaluer-les-diamants-bruts\/#4-cat%C3%A9gories-de-couleur-des-diamants-bruts>Cat\u00e9gories de couleur des diamants bruts<\/a><\/li><li><a href=https:\/\/ajediam.com\/fr\/rugueux-minier\/trier-evaluer-les-diamants-bruts\/#5-clart%C3%A9-du-diamant-brut>Clart\u00e9 du diamant brut<\/a><\/li><li><a href=https:\/\/ajediam.com\/fr\/rugueux-minier\/trier-evaluer-les-diamants-bruts\/#6-minimiser-les-risques-observer-la-tension-dans-le-diamant-brut>Minimiser les risques&nbsp;: Observer la tension dans le diamant brut<\/a><\/li><li><a href=https:\/\/ajediam.com\/fr\/rugueux-minier\/trier-evaluer-les-diamants-bruts\/#7-%C3%A9valuation-des-r%C3%A9sultats-potentiels>\u00c9valuation des r\u00e9sultats potentiels<\/a><\/li><\/ul><\/li><li><a href=https:\/\/ajediam.com\/fr\/rugueux-minier\/trier-evaluer-les-diamants-bruts\/#8-en-savoir-plus-sur-les-diamants-bruts>En savoir plus sur les diamants bruts<\/a><\/li><\/ul><\/div><\/div><\/div>\n\n\n<div style=\"height:60px\" aria-hidden=\"true\" class=\"wp-block-spacer\"><\/div>\n\n\n\n<h2 class=\"wp-block-heading\" id=\"0-un-exemple-%C3%A9tape-par-%C3%A9tape-d%C3%A9valuation-et-de-tarification-des-diamants-bruts-pour-les-plus-gros-diamants\">Un exemple \u00e9tape par \u00e9tape d&rsquo;\u00e9valuation et de tarification des diamants bruts pour les plus gros diamants<\/h2>\n\n\n\n<p>Les acheteurs professionnels de diamants bruts visent g\u00e9n\u00e9ralement \u00e0 estimer le rendement potentiel des diamants polis en termes de formes, de tailles, de couleurs et de puret\u00e9 pouvant \u00eatre obtenus \u00e0 partir du diamant brut. Cette estimation consiste g\u00e9n\u00e9ralement \u00e0 consid\u00e9rer plusieurs sc\u00e9narios, dans le but ultime d&rsquo;identifier le sc\u00e9nario qui pr\u00e9sente le moins de risques et le plus de rentabilit\u00e9. En r\u00e8gle g\u00e9n\u00e9rale, les acheteurs professionnels peuvent envisager jusqu&rsquo;\u00e0 trois sc\u00e9narios diff\u00e9rents. Suivez-nous pendant que nous vous expliquons chaque \u00e9tape du tri et de l&rsquo;\u00e9valuation des diamants bruts.<\/p>\n\n\n\n<h3 class=\"wp-block-heading\" id=\"1-provenance-des-diamants-bruts\">Provenance des diamants bruts<\/h3>\n\n\n\n<p>Chaque pays produit des diamants de diff\u00e9rents types et il existe un march\u00e9 pour chacun de ces types. La condition pr\u00e9alable fondamentale \u00e0 la vente de diamants bruts est la pr\u00e9sence d&rsquo;une documentation appropri\u00e9e, qui comprend la certification du <a href=\"https:\/\/ajediam.com\/diamond-trading\/kimberley-process-certificate\/\" data-type=\"URL\" data-id=\"https:\/\/ajediam.com\/diamond-trading\/kimberley-process-certificate\/\">Processus de Kimberley<\/a> et la documentation de tra\u00e7abilit\u00e9 de l&rsquo;origine et du parcours du diamant depuis la mine jusqu&rsquo;au point de vente actuel.<\/p>\n\n\n\n<h3 class=\"wp-block-heading\" id=\"2-types-de-diamants-bruts\">Types de diamants bruts<\/h3>\n\n\n\n<p>Il existe diff\u00e9rents types de diamants bruts, chacun ayant ses propres caract\u00e9ristiques et r\u00e9sultats potentiels lors du processus de polissage. L&rsquo;un des types les plus souhaitables est la forme \u00ab\u00a0fabricable\u00a0\u00bb, ce qui signifie que le diamant brut a d\u00e9j\u00e0 une forme dans laquelle il peut \u00eatre taill\u00e9. Ceci est particuli\u00e8rement avantageux, car il y a g\u00e9n\u00e9ralement moins de perte de poids pendant le processus de polissage par rapport aux autres formes.<\/p>\n\n\n\n<p>Un autre type de diamant brut est le \u00ab\u00a0sciable\u00a0\u00bb, ce qui signifie que le diamant brut doit \u00eatre coup\u00e9 avant de pouvoir \u00eatre poli, et il en r\u00e9sultera probablement au moins une ou deux pierres. Le nombre de pierres pouvant \u00eatre obtenues \u00e0 partir d&rsquo;un diamant brut sciable d\u00e9pend en grande partie de sa taille, de sa forme et de ses caract\u00e9ristiques internes.<\/p>\n\n\n\n<p>Les diamants bruts \u00ab\u00a0cliv\u00e9s\u00a0\u00bb ont beaucoup de clivages internes, ce qui signifie que la pierre se fendra dans des directions sp\u00e9cifiques lorsqu&rsquo;elle sera coup\u00e9e. En cons\u00e9quence, un diamant brut de clivage peut souvent \u00eatre coup\u00e9 en plusieurs pierres plus petites.<\/p>\n\n\n\n<p>Enfin, les diamants bruts \u00ab\u00a0Macle\u00a0\u00bb sont g\u00e9n\u00e9ralement plats et longs et se traduisent souvent par des formes triangulaires ou des coupes en rose. Le r\u00e9sultat d\u00e9pend en grande partie de la forme du diamant brut et de l&rsquo;habilet\u00e9 du tailleur de diamants.<\/p>\n\n\n\n<p>Comprendre le type de forme de diamant brut est important pour les tailleurs et les acheteurs de diamants.<\/p>\n\n\n\n<h3 class=\"wp-block-heading\" id=\"3-poids-et-taille-du-diamant-brut\">Poids et taille du diamant brut<\/h3>\n\n\n\n<p>Alors que le processus de tri des gros diamants ne n\u00e9cessite que de peser les pierres brutes \u00e0 l&rsquo;\u00e9chelle du carat, le tri des plus petits produits implique un ensemble de tamis avec diff\u00e9rentes tailles de maille. Les diamants bruts sont plac\u00e9s sur le tamis sup\u00e9rieur et secou\u00e9s jusqu&rsquo;\u00e0 ce qu&rsquo;ils passent \u00e0 travers la taille de maille appropri\u00e9e, indiquant leur gamme de taille. Ce processus permet un tri rapide et efficace de grandes quantit\u00e9s de petits diamants.<\/p>\n\n\n\n<h3 class=\"wp-block-heading\" id=\"4-cat%C3%A9gories-de-couleur-des-diamants-bruts\">Cat\u00e9gories de couleur des diamants bruts<\/h3>\n\n\n\n<p>Les professionnels exp\u00e9riment\u00e9s du commerce du diamant brut utilisent un \u00e9quipement sp\u00e9cialis\u00e9 connu sous le nom de machine de couleur pour identifier avec pr\u00e9cision la couleur d&rsquo;un diamant, \u00e0 condition que le diamant n&rsquo;ait pas \u00e9t\u00e9 rev\u00eatu. Les diamants rev\u00eatus ont un rev\u00eatement sombre sur leur surface, masquant une couleur plus claire \u00e0 l&rsquo;int\u00e9rieur. Ces diamants doivent obtenir une petite zone polie \u00e0 plat sur la surface \u00e0 travers le manteau afin que l&rsquo;on puisse identifier la couleur \u00e0 l&rsquo;\u0153il nu.<\/p>\n\n\n\n<p>Afin de trier les diamants bruts par couleur, ils sont g\u00e9n\u00e9ralement class\u00e9s en quelques groupes de couleurs principaux. Ces groupes comprennent les diamants blancs, allant de D \u00e0 J en couleur ; les diamants du cap, allant de K \u00e0 M ; diamants jaunes, avec une note de couleur de M ou plus; diamants bruns. Les couleurs fantaisie telles que le bleu, le rose, le vert, l&rsquo;orange, le violet et le rouge sont class\u00e9es en cat\u00e9gories distinctes.<\/p>\n\n\n\n<h3 class=\"wp-block-heading\" id=\"5-clart%C3%A9-du-diamant-brut\">Clart\u00e9 du diamant brut<\/h3>\n\n\n\n<p>Les diamants bruts peuvent avoir des inclusions externes et internes, ce qui affecte leur valeur et leur potentiel de polissage en diamants de haute qualit\u00e9. Afin d&rsquo;\u00e9valuer la puret\u00e9 d&rsquo;un diamant brut, les professionnels utilisent divers outils et techniques.<\/p>\n\n\n<div class=\"wp-block-image\">\n<figure class=\"aligncenter size-full\"><img decoding=\"async\" width=\"608\" height=\"406\" src=\"https:\/\/ajediam.com\/wp-content\/uploads\/2023\/06\/IMG_3384.jpeg\" alt=\"Galaxy 1000 by Sarine technologies\" class=\"wp-image-7490\" srcset=\"https:\/\/ajediam.com\/wp-content\/uploads\/2023\/06\/IMG_3384.jpeg 608w, https:\/\/ajediam.com\/wp-content\/uploads\/2023\/06\/IMG_3384-300x200.jpeg 300w\" sizes=\"(max-width: 608px) 100vw, 608px\" \/><figcaption>Galaxy 1000 par Sarine technologies<\/figcaption><\/figure><\/div>\n\n\n<p>Pour les diamants bruts plus gros, une machine <a href=\"https:\/\/sarine.com\" target=\"_blank\" rel=\"noreferrer noopener nofollow\">Sarine <\/a>peut \u00eatre utilis\u00e9e pour examiner la structure interne et les inclusions potentielles. Cette machine utilise une technologie d&rsquo;imagerie avanc\u00e9e pour cr\u00e9er un mod\u00e8le 3D du diamant et identifier les zones potentielles de pr\u00e9occupation.<\/p>\n\n\n\n<p>Cependant, pour les petits diamants bruts, la clart\u00e9 est g\u00e9n\u00e9ralement v\u00e9rifi\u00e9e manuellement \u00e0 l&rsquo;aide d&rsquo;une boucle. Cela implique d&rsquo;inspecter le diamant sous grossissement pour identifier les inclusions ou les imperfections visibles.<\/p>\n\n\n\n<h3 class=\"wp-block-heading\" id=\"6-minimiser-les-risques-observer-la-tension-dans-le-diamant-brut\">Minimiser les risques&nbsp;: Observer la tension dans le diamant brut<\/h3>\n\n\n\n<p>Lorsqu&rsquo;un diamant se brise ou se fissure, cela se produit g\u00e9n\u00e9ralement pendant le processus de d\u00e9coupe au laser. Pour minimiser ce risque, nous analysons et d\u00e9tectons la tension des pierres avec le Polariscope. Bien qu&rsquo;il soit rare que les diamants se cassent, cela peut se produire lorsque la pierre pr\u00e9sente une tension interne et est soumise \u00e0 une pression \u00e9lev\u00e9e \u00e0 des endroits sp\u00e9cifiques. Cette tension peut courir le long des inclusions existantes telles que les plumes, mais pas toujours.<\/p>\n\n\n\n<p>Pour prot\u00e9ger votre investissement, vous pouvez souscrire une assurance couvrant les risques lors de la taille et du polissage de votre diamant. Le co\u00fbt de l&rsquo;assurance varie g\u00e9n\u00e9ralement de 0,5 % \u00e0 3 % de la valeur du diamant, selon qu&rsquo;il pr\u00e9sente une tension ou non. En ayant une assurance, vous pouvez att\u00e9nuer l&rsquo;impact financier de tout incident impr\u00e9vu pouvant survenir pendant le processus de taille du diamant.<\/p>\n\n\n\n<h3 class=\"wp-block-heading\" id=\"7-%C3%A9valuation-des-r%C3%A9sultats-potentiels\">\u00c9valuation des r\u00e9sultats potentiels<\/h3>\n\n\n\n<p>Une fois qu&rsquo;un diamant brut a \u00e9t\u00e9 \u00e9valu\u00e9 pour sa clart\u00e9, l&rsquo;\u00e9tape suivante consiste \u00e0 d\u00e9terminer le r\u00e9sultat potentiel le plus rentable pour le diamant. L&rsquo;objectif est d&rsquo;obtenir une clart\u00e9 et un rapport de taille de forme optimaux pour le polissage du diamant. Cela n\u00e9cessite un \u00e9quilibre minutieux entre la maximisation de la taille du diamant poli r\u00e9sultant et la minimisation des inclusions ou des imperfections qui pourraient r\u00e9duire sa valeur.<\/p>\n\n\n\n<p>Habituellement, les fabricants envisagent plusieurs sc\u00e9narios de coupe avant de planifier. Il convient de noter que les fabricants basent souvent leurs b\u00e9n\u00e9fices sur les petites pierres suppl\u00e9mentaires qui peuvent \u00eatre polies \u00e0 partir du m\u00eame diamant brut. En effet, le prix des diamants bruts est tr\u00e8s comp\u00e9titif, de sorte que la ou les principales pierres polies qui seront taill\u00e9es dans un diamant brut ne couvriront g\u00e9n\u00e9ralement que les co\u00fbts.<\/p>\n\n\n\n<p>Toutes les coupes plus petites suppl\u00e9mentaires qui peuvent \u00eatre obtenues \u00e0 partir de la m\u00eame pierre brute repr\u00e9sentent un profit potentiel pour le fabricant. Par cons\u00e9quent, maximiser le nombre et la qualit\u00e9 des pierres suppl\u00e9mentaires obtenues \u00e0 partir d&rsquo;un diamant brut est un facteur important pour d\u00e9terminer la rentabilit\u00e9 finale d&rsquo;un diamant donn\u00e9.<\/p>\n\n\n\n<div style=\"height:60px\" aria-hidden=\"true\" class=\"wp-block-spacer\"><\/div>\n\n\n\n<h2 class=\"wp-block-heading\" id=\"8-en-savoir-plus-sur-les-diamants-bruts\">En savoir plus sur les diamants bruts<\/h2>\n\n\n\n<p>Il n&rsquo;y a pas de meilleur moyen d&rsquo;en savoir plus sur les diamants bruts que sur le terrain, mais il peut \u00eatre difficile d&rsquo;entrer dans l&rsquo;industrie sans contact. Les \u00e9coles sont la deuxi\u00e8me meilleure option et elles peuvent ouvrir les portes d&rsquo;une industrie ferm\u00e9e et vous aider \u00e0 \u00e9tablir vos premiers contacts. Plusieurs \u00e9coles proposent un programme de diamants bruts, mais nous recommandons le cours <a href=\"https:\/\/edu.hrdantwerp.com\/browse\/rough-diamond-courses\" target=\"_blank\" rel=\"noreferrer noopener nofollow\">HRD <\/a>Antwerp Rough Diamond Course.<\/p>\n\n\n\n<p>Le cours sur les diamants bruts du HRD Antwerp est con\u00e7u pour fournir des connaissances et des comp\u00e9tences compl\u00e8tes en mati\u00e8re de tri et d&rsquo;\u00e9valuation des diamants bruts. Le cours couvre un large \u00e9ventail de sujets tels que la formation des diamants, les caract\u00e9ristiques et les propri\u00e9t\u00e9s des diamants bruts, l&rsquo;extraction et la production de diamants et le commerce des diamants bruts.<\/p>\n\n\n\n<p>Les participants apprennent \u00e0 utiliser divers outils et \u00e9quipements tels que des microscopes, des pincettes et des tamis pour trier et \u00e9valuer les diamants bruts en fonction de leur taille, de leur couleur, de leur clart\u00e9 et de leur forme. Ils apprennent \u00e9galement \u00e0 utiliser des technologies avanc\u00e9es telles que les spectrom\u00e8tres, les appareils \u00e0 rayons X et les machines Sarin pour d\u00e9tecter et analyser les propri\u00e9t\u00e9s des diamants bruts.<\/p>\n\n\n\n<p>Le cours couvre \u00e9galement la cha\u00eene de valeur du diamant, les m\u00e9canismes de tarification et les tendances du march\u00e9. Les participants sont expos\u00e9s \u00e0 des sc\u00e9narios r\u00e9els et \u00e0 des \u00e9tudes de cas pour simuler l&rsquo;exp\u00e9rience d&rsquo;un n\u00e9gociant professionnel de diamants bruts.<\/p>\n\n\n\n<p>\u00c0 la fin du cours, les participants sont tenus de passer un examen complet qui teste leurs connaissances et leurs comp\u00e9tences pratiques. Les candidats retenus re\u00e7oivent un certificat qui reconna\u00eet leur comp\u00e9tence dans le tri et l&rsquo;\u00e9valuation des diamants bruts.<\/p>\n\n\n\n<h4 class=\"wp-block-heading\" id=\"9-pour-acheter-des-diamants-bruts-chez-ajediam-\">Pour acheter des diamants bruts chez Ajediam :<\/h4>\n\n\n\n<p><em>Si vous \u00eates int\u00e9ress\u00e9 \u00e0 acheter chez Ajediam, merci de <a href=\"mailto:care@ajediam.com\">contacter notre \u00e9quipe directement par email<\/a>, et d&rsquo;indiquer ce que vous recherchez, votre budget, et quand vous souhaitez venir pour une visite.<\/em><\/p>\n\n\n\n<h4 class=\"wp-block-heading\" id=\"10-notre-liste-de-prix-des-diamants-bruts-ajediam-pour-les-petites-marchandises-\">Notre liste de prix des diamants bruts Ajediam pour les petites marchandises :<\/h4>\n\n\n\n<p>L&rsquo;\u00e9quipe d&rsquo;Ajediam d\u00e9veloppe <a href=\"https:\/\/ajediam.com\/fr\/prix-des-diamants\/\">des listes de prix et des outils de tarification<\/a> pour aider les gens du monde entier \u00e0 comprendre les prix des diamants et \u00e0 apporter plus de transparence au march\u00e9 du diamant. L&rsquo;article ci-dessus vous aide \u00e0 comprendre les m\u00e9thodes de tarification des gros diamants bruts. Pour les petits biens, vous pouvez vous r\u00e9f\u00e9rer \u00e0 notre <a href=\"https:\/\/ajediam.com\/fr\/prix-des-diamants\/diamant-brut-non-taille\/\">liste de prix des diamants bruts<\/a>.<\/p>\n","protected":false},"excerpt":{"rendered":"<p>Percer les secrets de l&rsquo;\u00e9valuation de la valeur des diamants bruts Cette page est d\u00e9di\u00e9e \u00e0 l&rsquo;\u00e9lucidation des m\u00e9thodes d&rsquo;\u00e9valuation des diamants bruts plus gros. Cependant, veuillez garder \u00e0 l&rsquo;esprit que cette page sert simplement d&rsquo;introduction aux pratiques sur le march\u00e9 du diamant brut. Il est fortement d\u00e9conseill\u00e9 d&rsquo;acheter des diamants bruts sans formation et [&hellip;]<\/p>\n","protected":false},"author":5,"featured_media":9502,"parent":10044,"menu_order":0,"comment_status":"closed","ping_status":"closed","template":"jewel-cleaner-page.php","meta":{"ub_ctt_via":"","footnotes":""},"acf":[],"featured_image_src":"https:\/\/ajediam.com\/wp-content\/uploads\/2022\/06\/DSC_1686-scaled.jpg","_links":{"self":[{"href":"https:\/\/ajediam.com\/fr\/wp-json\/wp\/v2\/pages\/10046"}],"collection":[{"href":"https:\/\/ajediam.com\/fr\/wp-json\/wp\/v2\/pages"}],"about":[{"href":"https:\/\/ajediam.com\/fr\/wp-json\/wp\/v2\/types\/page"}],"author":[{"embeddable":true,"href":"https:\/\/ajediam.com\/fr\/wp-json\/wp\/v2\/users\/5"}],"replies":[{"embeddable":true,"href":"https:\/\/ajediam.com\/fr\/wp-json\/wp\/v2\/comments?post=10046"}],"version-history":[{"count":2,"href":"https:\/\/ajediam.com\/fr\/wp-json\/wp\/v2\/pages\/10046\/revisions"}],"predecessor-version":[{"id":10048,"href":"https:\/\/ajediam.com\/fr\/wp-json\/wp\/v2\/pages\/10046\/revisions\/10048"}],"up":[{"embeddable":true,"href":"https:\/\/ajediam.com\/fr\/wp-json\/wp\/v2\/pages\/10044"}],"wp:featuredmedia":[{"embeddable":true,"href":"https:\/\/ajediam.com\/fr\/wp-json\/wp\/v2\/media\/9502"}],"wp:attachment":[{"href":"https:\/\/ajediam.com\/fr\/wp-json\/wp\/v2\/media?parent=10046"}],"curies":[{"name":"wp","href":"https:\/\/api.w.org\/{rel}","templated":true}]}}