{"id":10049,"date":"2019-04-08T07:39:17","date_gmt":"2019-04-08T07:39:17","guid":{"rendered":"https:\/\/ajediam.com\/?page_id=10049"},"modified":"2023-07-03T16:08:20","modified_gmt":"2023-07-03T16:08:20","slug":"diamants-du-canada","status":"publish","type":"page","link":"https:\/\/ajediam.com\/fr\/rugueux-minier\/diamants-du-canada\/","title":{"rendered":"Diamants du Canada"},"content":{"rendered":"<p><div class='row vc_row '><div class='col-md-12 '><div class='mb-4'><p><\/p>\n<p>Les diamants du Canada \u00e0 prix professionnel.<\/p>\n<p>Les diamants occupent une place sp\u00e9ciale dans le c\u0153ur du Canada &#8211; en Alaska, o\u00f9 l&rsquo;on trouve des diamants bruts. Les diamants bruts du Canada sont export\u00e9s vers Anvers, le World Diamond Centre, o\u00f9 des artistes talentueux ont prouv\u00e9 leur expertise dans la taille id\u00e9ale des diamants depuis des g\u00e9n\u00e9rations.<\/p>\n<p>Achetez en franchise d&rsquo;imp\u00f4t au prix professionnel<\/p><\/div><\/div><\/div> <div class='row vc_row vc_custom_1552886396531'><div class='col-md-12 '><div class='row '><div class='col-md-12 col-inner'><div class='col-inwrap'><div class='vc-image text-center'><figure><div><img src='https:\/\/ajediam.com\/wp-content\/uploads\/2019\/03\/Ekati_Mine_Canada_Dominion_Diamond_Corporation.jpg' alt=''><\/div><\/figure><\/div><\/div><\/div><\/div><\/div><\/div> <style>.vc_custom_1552886396531 { border-top-width: 3px !important;border-right-width: 3px !important;border-bottom-width: 3px !important;border-left-width: 3px !important;border-left-color: #e2ebf0 !important;border-left-style: solid !important;border-right-color: #e2ebf0 !important;border-right-style: solid !important;border-top-color: #e2ebf0 !important;border-top-style: solid !important;border-bottom-color: #e2ebf0 !important;border-bottom-style: solid !important;} }<\/style><div class='row vc_row '><div class='col-md-12 '><div style='height: 32px;'><\/div><div class='mb-4'><p>\u00c0 propos des diamants du Canada<br \/>\nLe Canada est un exportateur de diamants bruts d&rsquo;Alaska. De Beers poss\u00e8de deux nouvelles mines au Canada, la mine Snap Lake et la mine Victor, et Rio Tinto poss\u00e8de la mine Diavik avec trois filons.<\/p>\n<p>Le Canada est un grand importateur de diamants taill\u00e9s d&rsquo;Anvers, le plus grand centre commercial de diamants au monde avec un chiffre d&rsquo;affaires annuel de plus de 58,8 milliards de dollars am\u00e9ricains, abritant 4 Bourses de diamants et plus de 1 500 entreprises diamantaires.<br \/>\nDes acheteurs du monde entier se rendent \u00e0 Anvers, en Belgique, pour acheter des diamants taill\u00e9s id\u00e9alement.<\/p>\n<p>Plus de 80% de tous les diamants import\u00e9s \u00e0 Anvers sont r\u00e9export\u00e9s vers d&rsquo;autres centres commerciaux et de fabrication, ainsi que vers des pays consommateurs, notamment le Canada.<\/p>\n<p>Vous pouvez acheter des diamants du Canada en franchise d&rsquo;imp\u00f4t en commandant vos diamants \u00e0 Anvers, le World Diamond Centre. Cela nous donne un avantage sur des milliers d&rsquo;autres grossistes et d\u00e9taillants de diamants !<br \/>\nNotez \u00e9galement que <a href=\"https:\/\/ajediam.com\/fr\/prix-des-diamants\/prix-historiques-des-diamants\/\">les prix des diamants augmentent<\/a> d&rsquo;environ 15 % par an depuis 1949.<\/p><\/div><\/div><\/div> <div class='row vc_row '><div class='col-md-3 '><\/div><div class='col-md-3 '><div style='height: 32px;'><\/div><a class='lab-button' href='http:\/\/ajediam.com\/engagement-rings' target='' title='url:http:\/\/ajediam.com\/engagement-rings|'>ACHETEZ MAINTENANT<\/a><\/div><div class='col-md-3 '><div style='height: 32px;'><\/div><a class='lab-button' href='\/fr\/notre-formulaire-de-demande-rapide\/' target='' title='\/fr\/notre-formulaire-de-demande-rapid'>CONSULTEZ LE GUIDE D'ACHAT<\/a><\/div><div class='col-md-3 '><\/div><\/div> <div class='row vc_row '><div class='col-md-2 '><\/div><div class='col-md-8 '><div style='height: 32px;'><\/div><div class='vc-image '><figure><a href='\/fr\/notre-formulaire-de-demande-rapide\/' class='d-block'><img src='https:\/\/ajediam.com\/wp-content\/uploads\/2019\/03\/Ajediam_footer_Buy_now_13_03_2015.jpg' alt=''><\/a><\/figure><\/div><\/div><div class='col-md-2 '><\/div><\/div> <\/p>\n","protected":false},"excerpt":{"rendered":"","protected":false},"author":5,"featured_media":55617,"parent":10044,"menu_order":0,"comment_status":"closed","ping_status":"closed","template":"","meta":{"ub_ctt_via":"","footnotes":""},"acf":[],"featured_image_src":"https:\/\/ajediam.com\/wp-content\/uploads\/2024\/10\/Screenshot-2024-10-04-at-11.27.43.png","_links":{"self":[{"href":"https:\/\/ajediam.com\/fr\/wp-json\/wp\/v2\/pages\/10049"}],"collection":[{"href":"https:\/\/ajediam.com\/fr\/wp-json\/wp\/v2\/pages"}],"about":[{"href":"https:\/\/ajediam.com\/fr\/wp-json\/wp\/v2\/types\/page"}],"author":[{"embeddable":true,"href":"https:\/\/ajediam.com\/fr\/wp-json\/wp\/v2\/users\/5"}],"replies":[{"embeddable":true,"href":"https:\/\/ajediam.com\/fr\/wp-json\/wp\/v2\/comments?post=10049"}],"version-history":[{"count":2,"href":"https:\/\/ajediam.com\/fr\/wp-json\/wp\/v2\/pages\/10049\/revisions"}],"predecessor-version":[{"id":10051,"href":"https:\/\/ajediam.com\/fr\/wp-json\/wp\/v2\/pages\/10049\/revisions\/10051"}],"up":[{"embeddable":true,"href":"https:\/\/ajediam.com\/fr\/wp-json\/wp\/v2\/pages\/10044"}],"wp:featuredmedia":[{"embeddable":true,"href":"https:\/\/ajediam.com\/fr\/wp-json\/wp\/v2\/media\/55617"}],"wp:attachment":[{"href":"https:\/\/ajediam.com\/fr\/wp-json\/wp\/v2\/media?parent=10049"}],"curies":[{"name":"wp","href":"https:\/\/api.w.org\/{rel}","templated":true}]}}