{"id":10054,"date":"2023-05-03T16:40:49","date_gmt":"2023-05-03T16:40:49","guid":{"rendered":"https:\/\/ajediam.com\/?page_id=10054"},"modified":"2023-07-03T17:37:19","modified_gmt":"2023-07-03T17:37:19","slug":"commerce-de-diamants","status":"publish","type":"page","link":"https:\/\/ajediam.com\/fr\/commerce-de-diamants\/","title":{"rendered":"Commerce de Diamants"},"content":{"rendered":"\n<p class=\"tt1\">Les connaissances essentielles pour comprendre le commerce international du diamant.<\/p>\n\n\n\n<p class=\"tt2\">Obtenez des informations pr\u00e9cieuses sur le monde du commerce international des diamants gr\u00e2ce \u00e0 notre guide complet. Explorez la dynamique de cette industrie complexe et fascinante, des centres commerciaux mondiaux et des principaux acteurs aux cadres r\u00e9glementaires qui r\u00e9gissent les transactions. Comprendre les facteurs qui influencent les prix des diamants, les tendances du march\u00e9 et les n\u00e9gociations commerciales. Gr\u00e2ce \u00e0 nos conseils d&rsquo;experts, vous serez bien \u00e9quip\u00e9 pour naviguer dans les m\u00e9andres du commerce mondial des diamants, am\u00e9liorant ainsi votre appr\u00e9ciation de ces pierres pr\u00e9cieuses et de leur march\u00e9 en constante \u00e9volution.<\/p>\n","protected":false},"excerpt":{"rendered":"<p>Les connaissances essentielles pour comprendre le commerce international du diamant. Obtenez des informations pr\u00e9cieuses sur le monde du commerce international des diamants gr\u00e2ce \u00e0 notre guide complet. Explorez la dynamique de cette industrie complexe et fascinante, des centres commerciaux mondiaux et des principaux acteurs aux cadres r\u00e9glementaires qui r\u00e9gissent les transactions. Comprendre les facteurs qui [&hellip;]<\/p>\n","protected":false},"author":5,"featured_media":0,"parent":0,"menu_order":0,"comment_status":"closed","ping_status":"closed","template":"childpage-page.php","meta":{"ub_ctt_via":"","footnotes":""},"acf":[],"featured_image_src":null,"_links":{"self":[{"href":"https:\/\/ajediam.com\/fr\/wp-json\/wp\/v2\/pages\/10054"}],"collection":[{"href":"https:\/\/ajediam.com\/fr\/wp-json\/wp\/v2\/pages"}],"about":[{"href":"https:\/\/ajediam.com\/fr\/wp-json\/wp\/v2\/types\/page"}],"author":[{"embeddable":true,"href":"https:\/\/ajediam.com\/fr\/wp-json\/wp\/v2\/users\/5"}],"replies":[{"embeddable":true,"href":"https:\/\/ajediam.com\/fr\/wp-json\/wp\/v2\/comments?post=10054"}],"version-history":[{"count":1,"href":"https:\/\/ajediam.com\/fr\/wp-json\/wp\/v2\/pages\/10054\/revisions"}],"predecessor-version":[{"id":10055,"href":"https:\/\/ajediam.com\/fr\/wp-json\/wp\/v2\/pages\/10054\/revisions\/10055"}],"wp:attachment":[{"href":"https:\/\/ajediam.com\/fr\/wp-json\/wp\/v2\/media?parent=10054"}],"curies":[{"name":"wp","href":"https:\/\/api.w.org\/{rel}","templated":true}]}}