{"id":10058,"date":"2019-04-04T09:18:38","date_gmt":"2019-04-04T09:18:38","guid":{"rendered":"https:\/\/ajediam.com\/?page_id=10058"},"modified":"2023-07-03T18:45:41","modified_gmt":"2023-07-03T18:45:41","slug":"prix-des-diamants-de-dubai","status":"publish","type":"page","link":"https:\/\/ajediam.com\/fr\/commerce-de-diamants\/prix-des-diamants-de-dubai\/","title":{"rendered":"Prix des diamants de Duba\u00ef"},"content":{"rendered":"<p><div class='row vc_row '><div class='col-md-12 '><h2 class='section-title'>Comment trouver le meilleur endroit pour acheter des diamants \u00e0 Duba\u00ef ?<\/h2><h2 class='section-title'>Tous les diamants vendus \u00e0 Duba\u00ef ont leur origine \u00e0 Anvers, le Centre mondial du commerce du diamant depuis 1447. Meilleur achat chez Ajediam.<\/h2><h2 class='section-title'>Trouvez les diamants au meilleur rapport qualit\u00e9-prix avec une garantie de revente \u00e0 vie \u00e0 Anvers, Centre mondial du commerce du diamant depuis 1447. Achetez en franchise d'imp\u00f4t et devenez un professionnel d\u00e9butant en achetant au v\u00e9ritable prix de gros.<\/h2><div class='mb-4'><p>Duba\u00ef est le centre r\u00e9gional du tourisme pour les diamants au Moyen-Orient, vendant principalement des diamants de qualit\u00e9 inf\u00e9rieure.<br \/>\nPrix professionnels r\u00e9els des diamants &#8211;<a href=\"https:\/\/ajediam.com\/intl-arabic\"> \u0634\u0631\u0627\u0621 \u0627\u0644\u0645\u0627\u0633 \u0641\u064a \u062f\u0628\u064a \u0639\u0646 \u0645\u0635\u062f\u0631 \u0641\u064a \u0623\u0646\u062a\u0648\u064a\u0631\u0628 \u0627\u0644\u0639\u0627\u0644\u0645\u064a \u0644\u0644\u0623\u0644\u0645\u0627\u0633 \u0645\u0631\u0643\u0632 \u0627\u0644\u062a\u0628\u0627\u062f\u0644<\/a><br \/>\nLe Dubai Diamond Mall est situ\u00e9 aux \u00c9mirats arabes unis.<br \/>\nComprenez l&rsquo;indice de prix des diamants en franchise d&rsquo;imp\u00f4t \u00e0 Duba\u00ef. Comparez la <a href=\"https:\/\/ajediam.com\/fr\/prix-des-diamants\/diamant-naturel-blanc\/\">liste des prix des diamants<\/a>, un guide des prix r\u00e9els des diamants de Duba\u00ef.<\/p><\/div><\/div><\/div> <div class='row vc_row vc_custom_1552886396531'><div class='col-md-4 '><div class='vc-image text-center'><figure><div><img src='https:\/\/ajediam.com\/wp-content\/uploads\/2019\/03\/Bleu_diamond_ring_5_x_4.jpg' alt=''><\/div><\/figure><\/div><\/div><div class='col-md-4 '><div class='mb-4'><p>Cette pi\u00e8ce de haute joaillerie co\u00fbteuse est r\u00e9alis\u00e9e par nos plus grands ma\u00eetres-orf\u00e8vres \u00e0 Anvers, le Centre mondial du commerce du diamant, sur commande sp\u00e9ciale d&rsquo;un de nos clients de Duba\u00ef. Valeur : 1 200 000 dollars am\u00e9ricains.<\/p>\n<p>Ajediam est-il le meilleur joaillier de Duba\u00ef ?<br \/>\nNous ne le savons pas, mais nous faisons de notre mieux pour \u00eatre le meilleur pour vous !<\/p><\/div><\/div><div class='col-md-4 '><div class='vc-image text-center'><figure><div><img src='https:\/\/ajediam.com\/wp-content\/uploads\/2019\/03\/Dubai_diamond_sales_representative_5_x_2-142x300.jpg' alt=''><\/div><\/figure><\/div><div class='mb-4'><p>Bonjour, je m&rsquo;appelle Diba. Je vais vous aider \u00e0 obtenir les meilleures offres sur les diamants.<br \/>\nDites-moi ce que vous souhaitez acheter ?<br \/>\nEnvoyez-moi un <a href=\"\/fr\/notre-formulaire-de-demande-rapide\/\">e-mail<\/a> pour votre demande sp\u00e9ciale<\/p><\/div><\/div><\/div> <style>.vc_custom_1552886396531 { border-top-width: 3px !important;border-right-width: 3px !important;border-bottom-width: 3px !important;border-left-width: 3px !important;border-left-color: #e2ebf0 !important;border-left-style: solid !important;border-right-color: #e2ebf0 !important;border-right-style: solid !important;border-top-color: #e2ebf0 !important;border-top-style: solid !important;border-bottom-color: #e2ebf0 !important;border-bottom-style: solid !important;} }<\/style><div class='row vc_row '><div class='col-md-6 '><h2 class='section-title'>Mauvaise et bonne exp\u00e9rience... Les expatri\u00e9s ach\u00e8tent-ils des diamants de qualit\u00e9 inf\u00e9rieure \u00e0 Duba\u00ef \u00e0 des prix trompeurs ?<\/h2><p>Lisez cet avis :<\/p>\n<p>Cher Karim,<br \/>\nJ&rsquo;ai achet\u00e9 des diamants \u00e0 Duba\u00ef<\/p>\n<p>et ce fut la pire id\u00e9e de ma vie !<\/p>\n<p>Duba\u00ef regorge d&rsquo;escrocs.<br \/>\nIl y a des centaines d&rsquo;entreprises britanniques qui vous font croire que vous obtiendrez un retour sur investissement merveilleux.<\/p>\n<p>J&rsquo;ai toutes les preuves de ce que je dis.<\/p>\n<p>NE JAMAIS ACHETER UN DIAMANT \u00c0 DUBA\u00cf !! Vous perdrez toutes vos \u00e9conomies.<\/p>\n<p>Allez \u00e0 Anvers. Le meilleur endroit au monde pour les diamants.<\/p>\n<p>P.S. Ajediam est l&rsquo;un des meilleurs vendeurs de diamants. Fiable et digne de confiance.<\/p>\n<p>Cordialement,<br \/>\nJulien Kokelberg<br \/>\njulienkokelberg@hotmail.com<\/p><\/div><div class='col-md-6 '><div style='height: 32px;'><\/div><div class='mb-4'><p><em><a href=\"https:\/\/ajediam.com\/fr\/prix-des-diamants\/prix-des-diamants-synthetiques\/\">Prix des diamants synth\u00e9tiques cultiv\u00e9s en laboratoire<\/a><\/em><\/p>\n<p><strong>Pour acheter des diamants plus importants, contactez directement Ajediam \u00e0 Anvers, Centre mondial du commerce du diamant.<\/strong><br \/>\n<strong>T\u00e9l : +32 3 808 72 02 ou <a href=\"\/fr\/notre-formulaire-de-demande-rapide\/\">E-mail<\/a><\/strong><br \/>\nVous trouverez un large choix de diamants de qualit\u00e9 et de bijoux sur mesure \u00e0 prix de gros<br \/>\nau si\u00e8ge social d&rsquo;Ajediam \u00e0 la Bourse du diamant d&rsquo;Anvers.<br \/>\n<strong>Ajediam livre en 48 heures, sans taxes, \u00e0 l&rsquo;a\u00e9roport de Duba\u00ef et partout dans le monde, entre vos mains.<\/strong><br \/>\nLa filiale d&rsquo;Ajediam \u00e0 Duba\u00ef ne dessert que les clients enregistr\u00e9s dans les \u00e9changes de diamants (B-to-B).<\/p><\/div><\/div><\/div> <div class='row vc_row '><div class='col-md-3 '><\/div><div class='col-md-3 '><div style='height: 32px;'><\/div><a class='lab-button' href='\/fr\/notre-formulaire-de-demande-rapide\/' target='' title='\/fr\/notre-formulaire-de-demande-rapid'>ACHETER MAINTENANT<\/a><\/div><div class='col-md-3 '><div style='height: 32px;'><\/div><a class='lab-button' href='\/fr\/notre-formulaire-de-demande-rapide\/' target='' title='\/fr\/notre-formulaire-de-demande-rapid'><\/a><\/div><div class='col-md-3 '><\/div><\/div> <div class='row vc_row '><div class='col-md-2 '><\/div><div class='col-md-8 '><div style='height: 32px;'><\/div><div class='vc-image '><figure><div><img src='https:\/\/ajediam.com\/wp-content\/uploads\/2019\/03\/Ajediam_footer_Buy_now_13_03_2015.jpg' alt=''><\/div><\/figure><\/div><\/div><div class='col-md-2 '><\/div><\/div> <\/p>\n","protected":false},"excerpt":{"rendered":"","protected":false},"author":5,"featured_media":0,"parent":10054,"menu_order":0,"comment_status":"closed","ping_status":"closed","template":"","meta":{"ub_ctt_via":"","footnotes":""},"acf":[],"featured_image_src":null,"_links":{"self":[{"href":"https:\/\/ajediam.com\/fr\/wp-json\/wp\/v2\/pages\/10058"}],"collection":[{"href":"https:\/\/ajediam.com\/fr\/wp-json\/wp\/v2\/pages"}],"about":[{"href":"https:\/\/ajediam.com\/fr\/wp-json\/wp\/v2\/types\/page"}],"author":[{"embeddable":true,"href":"https:\/\/ajediam.com\/fr\/wp-json\/wp\/v2\/users\/5"}],"replies":[{"embeddable":true,"href":"https:\/\/ajediam.com\/fr\/wp-json\/wp\/v2\/comments?post=10058"}],"version-history":[{"count":1,"href":"https:\/\/ajediam.com\/fr\/wp-json\/wp\/v2\/pages\/10058\/revisions"}],"predecessor-version":[{"id":10059,"href":"https:\/\/ajediam.com\/fr\/wp-json\/wp\/v2\/pages\/10058\/revisions\/10059"}],"up":[{"embeddable":true,"href":"https:\/\/ajediam.com\/fr\/wp-json\/wp\/v2\/pages\/10054"}],"wp:attachment":[{"href":"https:\/\/ajediam.com\/fr\/wp-json\/wp\/v2\/media?parent=10058"}],"curies":[{"name":"wp","href":"https:\/\/api.w.org\/{rel}","templated":true}]}}