{"id":10060,"date":"2019-05-03T13:17:07","date_gmt":"2019-05-03T13:17:07","guid":{"rendered":"https:\/\/ajediam.com\/?page_id=10060"},"modified":"2023-07-03T18:59:02","modified_gmt":"2023-07-03T18:59:02","slug":"prix-des-diamants-a-new-york","status":"publish","type":"page","link":"https:\/\/ajediam.com\/fr\/commerce-de-diamants\/prix-des-diamants-a-new-york\/","title":{"rendered":"Prix des diamants \u00e0 New York"},"content":{"rendered":"<p><div class='row vc_row '><div class='col-md-12 '><h2 class='section-title'>Lecture de tous les avis et commentaires des clients flou\u00e9s qui ont achet\u00e9 dans le quartier des diamants de New York \u00e0 la 47e rue, je suis stup\u00e9fait.<\/h2><div class='row '><div class='col-md-8 col-inner'><div class='col-inwrap'><div class='mb-4'><p>Le quartier des diamants de New York \u00e0 la 47e rue est connu pour accueillir plus de 3 900 bijoutiers. Cependant, \u00e0 la lecture des avis et commentaires des clients flou\u00e9s, il est clair qu&rsquo;il y a des pr\u00e9occupations concernant l&rsquo;authenticit\u00e9 et les prix des diamants vendus l\u00e0-bas.<\/p>\n<p><strong>Paul Gian, dipl\u00f4m\u00e9 en diamants du GIA du site beyond4cs.com, d\u00e9crit le quartier des diamants de New York comme un \u00e9norme vivier de requins. Il est important d&rsquo;\u00eatre prudent et de faire des recherches approfondies avant d&rsquo;effectuer des achats.<\/strong><\/p>\n<p>Si vous souhaitez lire des avis d\u00e9taill\u00e9s sur les bijouteries et les n\u00e9gociants en diamants \u00e0 New York, vous pouvez visiter beyond4cs.com\/reviews pour plus d&rsquo;informations.<\/p>\n<p><\/p><\/div><\/div><\/div><div class='col-md-4 col-inner'><div class='col-inwrap'><div class='vc-image text-center'><figure><div><img src='https:\/\/ajediam.com\/wp-content\/uploads\/2019\/03\/NY_Diamond_District_is_a_huge_shark_tank_by_Paul_Gian_of_beyond4cs-300x225.jpg' alt=''><\/div><\/figure><\/div><\/div><\/div><\/div><\/div><\/div> <div class='row vc_row '><div class='col-md-12 '><div class='mb-4'><p>Pour comprendre pourquoi le quartier des diamants de New York peut \u00eatre consid\u00e9r\u00e9 comme un vivier de requins, il est conseill\u00e9 d&rsquo;explorer d&rsquo;autres options telles que l&rsquo;achat de diamants \u00e0 la source \u00e0 Anvers, en Belgique.<div class='vc-image '><figure><a href='' class='d-block'><img src='https:\/\/ajediam.com\/wp-content\/uploads\/2019\/03\/New_York_City.jpg' alt=''><\/a><\/figure><\/div><\/p>\n<p>Ajediam, une entreprise s\u00e9rieuse de diamants situ\u00e9e \u00e0 Anvers, offre la possibilit\u00e9 d&rsquo;acheter des diamants en gros et sans taxes. Ils s&rsquo;adressent m\u00eame aux traders d\u00e9butants et offrent une garantie de reprise \u00e0 vie sur la facture.<\/p>\n<p>Anvers est le plus grand centre commercial international de diamants au monde, avec un chiffre d&rsquo;affaires annuel de plus de 58,8 milliards de dollars am\u00e9ricains. Il accueille quatre bourses diamantaires et environ 1 500 entreprises de diamants. La majorit\u00e9 des diamants import\u00e9s \u00e0 Anvers sont ensuite export\u00e9s vers New York et d&rsquo;autres centres commerciaux et de fabrication, ainsi que vers des pays consommateurs.<\/p>\n<p>En achetant chez Ajediam, vous pouvez b\u00e9n\u00e9ficier d&rsquo;avantages:<br \/>\n&#8211; tels que l&rsquo;achat aux v\u00e9ritables prix de gros,<br \/>\n&#8211; la certification GIA pour tous les diamants, la gravure au laser par le GIA pour \u00e9viter les fraudes,<br \/>\n&#8211; une garantie \u00e0 vie sur la qualit\u00e9,<br \/>\n&#8211; un service de soins annuels gratuits pour vos bijoux<br \/>\n&#8211; et une garantie de reprise \u00e0 vie. Ces d\u00e9tails sont clairement indiqu\u00e9s sur la facture officielle, garantissant une transaction fiable et transparente.<\/p>\n<p>Avec plus de 30 ans d&rsquo;exp\u00e9rience et des retours positifs, Ajediam est une entreprise de diamants digne de confiance \u00e0 Anvers que vous pouvez envisager pour votre achat de diamants.<\/p>\n<p><\/p><\/div><\/div><\/div> <div class='row vc_row '><div class='col-md-3 '><\/div><div class='col-md-3 '><div style='height: 32px;'><\/div><a class='lab-button' href='http:\/\/ajediam.com\/engagement-rings' target='' title='url:http:\/\/ajediam.com\/engagement-rings|'>ACHETER MAINTENANT<\/a><\/div><div class='col-md-3 '><div style='height: 32px;'><\/div><a class='lab-button' href='\/fr\/notre-formulaire-de-demande-rapide\/' target='' title='\/fr\/notre-formulaire-de-demande-rapid'>CONSULTER LE GUIDE D'ACHAT<\/a><\/div><div class='col-md-3 '><\/div><\/div> <div class='row vc_row '><div class='col-md-2 '><\/div><div class='col-md-8 '><div style='height: 32px;'><\/div><div class='vc-image '><figure><a href='\/fr\/notre-formulaire-de-demande-rapide\/' class='d-block'><img src='https:\/\/ajediam.com\/wp-content\/uploads\/2019\/03\/Ajediam_footer_Buy_now_13_03_2015.jpg' alt=''><\/a><\/figure><\/div><\/div><div class='col-md-2 '><\/div><\/div> <\/p>\n","protected":false},"excerpt":{"rendered":"","protected":false},"author":5,"featured_media":0,"parent":10054,"menu_order":0,"comment_status":"closed","ping_status":"closed","template":"","meta":{"ub_ctt_via":"","footnotes":""},"acf":[],"featured_image_src":null,"_links":{"self":[{"href":"https:\/\/ajediam.com\/fr\/wp-json\/wp\/v2\/pages\/10060"}],"collection":[{"href":"https:\/\/ajediam.com\/fr\/wp-json\/wp\/v2\/pages"}],"about":[{"href":"https:\/\/ajediam.com\/fr\/wp-json\/wp\/v2\/types\/page"}],"author":[{"embeddable":true,"href":"https:\/\/ajediam.com\/fr\/wp-json\/wp\/v2\/users\/5"}],"replies":[{"embeddable":true,"href":"https:\/\/ajediam.com\/fr\/wp-json\/wp\/v2\/comments?post=10060"}],"version-history":[{"count":2,"href":"https:\/\/ajediam.com\/fr\/wp-json\/wp\/v2\/pages\/10060\/revisions"}],"predecessor-version":[{"id":10062,"href":"https:\/\/ajediam.com\/fr\/wp-json\/wp\/v2\/pages\/10060\/revisions\/10062"}],"up":[{"embeddable":true,"href":"https:\/\/ajediam.com\/fr\/wp-json\/wp\/v2\/pages\/10054"}],"wp:attachment":[{"href":"https:\/\/ajediam.com\/fr\/wp-json\/wp\/v2\/media?parent=10060"}],"curies":[{"name":"wp","href":"https:\/\/api.w.org\/{rel}","templated":true}]}}