{"id":10063,"date":"2019-05-03T07:01:24","date_gmt":"2019-05-03T07:01:24","guid":{"rendered":"https:\/\/ajediam.com\/?page_id=10063"},"modified":"2023-07-03T19:15:45","modified_gmt":"2023-07-03T19:15:45","slug":"centre-du-diamant-de-londres","status":"publish","type":"page","link":"https:\/\/ajediam.com\/fr\/commerce-de-diamants\/centre-du-diamant-de-londres\/","title":{"rendered":"Centre du diamant de Londres"},"content":{"rendered":"<p><div class='row vc_row '><div class='col-md-12 '><h2 class='section-title'>Guide d'achat \u00e0 Londres : Achetez la meilleure qualit\u00e9\/prix chez Ajediam au Centre mondial du commerce des diamants \u00e0 Anvers<\/h2><p>Jermyn Street, Bond Street, Hatton Garden, Piccadilly&#8230; les centres commerciaux ou le Centre mondial du commerce des diamants \u00e0 Anvers. Vous pouvez acheter au meilleur prix &#8211; Guide d&rsquo;achat aux prix de gros, pour les professionnels.<br \/>\nLes diamants ont une place sp\u00e9ciale dans le c\u0153ur de Londres, \u00e0 Jermyn Street, Bond Street, Piccadilly et Hatton Garden. Magasinez chez Harry Winston, Graff, Cartier, Bulgari, Tiffany &amp; Co, Chopard&#8230; Le Centre diamantaire de Londres est depuis des si\u00e8cles le principal pipeline pour les diamants bruts, d&rsquo;o\u00f9 De Beers, DTC, distribue des diamants bruts \u00e0 ses acheteurs \u00e0 Anvers, le plus grand centre diamantaire international du monde, qui r\u00e9alise un chiffre d&rsquo;affaires annuel de plus de 58,8 milliards de dollars am\u00e9ricains. Les bijouteries du Centre diamantaire de Londres, de Bond Street et de Hatton Garden ach\u00e8tent des diamants taill\u00e9s \u00e0 des prix de gros \u00e9quitables \u00e0 Anvers.<br \/>\nDepuis des g\u00e9n\u00e9rations, les artistes qualifi\u00e9s d&rsquo;Anvers ont prouv\u00e9 leur expertise dans les diamants taille id\u00e9ale. Ajediam en fait partie. <\/p><div class='mb-4'><p>Profitez des offres limit\u00e9es sur les tr\u00e8s gros diamants taill\u00e9s de qualit\u00e9 id\u00e9ale et les bijoux en diamants de luxe aux prix de gros les plus \u00e9quitables. Parcourez notre <a href=\"https:\/\/ajediam.com\/loose-diamonds\">galerie de designs de diamants non mont\u00e9s.<\/a><\/p>\n<p><a href=\"https:\/\/ajediam.com\/engagement-rings\">Galerie de designs de bagues de fian\u00e7ailles<\/a><\/p>\n<p><a href=\"https:\/\/ajediam.com\/design-diamond-rings\">Galerie de designs de haute joaillerie par notre ma\u00eetre joaillier<\/a><\/p><\/div><\/div><\/div> <div class='row vc_row vc_custom_1552886396531'><div class='col-md-12 '><div class='row '><div class='col-md-8 col-inner'><div class='col-inwrap'><div class='mb-4'><p>Bague de fian\u00e7ailles en diamant de 5 carats<br \/>\n+ 2 carats de diamants roses naturels, trois rang\u00e9es<br \/>\nEnvoyez-moi un e-mail pour obtenir un devis<\/p><\/div><\/div><\/div><div class='col-md-4 col-inner'><div class='col-inwrap'><div class='mb-4'><p><\/p>\n<p style=\"text-align: center;\">Diamant avec girdle s\u00e9curis\u00e9 par laser &#8211; image<\/p>\n<p><\/p><\/div><div class='vc-image text-center'><figure><a href='\/fr\/bagues-de-fiancailles' class='d-block'><img src='https:\/\/ajediam.com\/wp-content\/uploads\/2019\/05\/London_Diamond_Centre__element132-300x226.jpg' alt=''><\/a><\/figure><\/div><\/div><\/div><\/div><\/div><\/div> <style>.vc_custom_1552886396531 { border-top-width: 3px !important;border-right-width: 3px !important;border-bottom-width: 3px !important;border-left-width: 3px !important;border-left-color: #e2ebf0 !important;border-left-style: solid !important;border-right-color: #e2ebf0 !important;border-right-style: solid !important;border-top-color: #e2ebf0 !important;border-top-style: solid !important;border-bottom-color: #e2ebf0 !important;border-bottom-style: solid !important;} }<\/style><div class='row vc_row '><div class='col-md-12 '><div style='height: 32px;'><\/div><div class='mb-4'><p>La Belgique, justifiant ainsi la position d&rsquo;Anvers en tant que principal centre international du commerce des diamants au monde avec un chiffre d&rsquo;affaires annuel de plus de 58,8 milliards de<\/p>\n<p>dollars am\u00e9ricains.<\/p>\n<p>Anvers abrite 4 bourses diamantaires et plus de 1 500 entreprises diamantaires. 89% de tous les diamants import\u00e9s en Belgique, \u00e0 Anvers, sont r\u00e9export\u00e9s vers d&rsquo;autres centres commerciaux et de fabrication, ainsi que vers des pays consommateurs tels que l&rsquo;Angleterre&#8230;<\/p>\n<p>Les acheteurs du monde entier se rendent en Belgique, \u00e0 Anvers, pour acheter des diamants taille id\u00e9ale. Et cela nous donne un avantage sur des centaines d&rsquo;autres grossistes en diamants.<\/p>\n<p>Contactez Ajediam, la soci\u00e9t\u00e9 diamantaire d&rsquo;Anvers, par <a href=\"\/fr\/notre-formulaire-de-demande-rapide\/\">e-mail<\/a>,<\/p>\n<p>ou rendez-nous visite au Centre mondial du commerce des diamants d&rsquo;Anvers.<\/p>\n<p>B\u00e2timent de la Bourse de diamants<br \/>\n\u00ab\u00a0Antwerpsche Diamantkring\u00a0\u00bb<br \/>\nHoveniersstraat 19 &#8211; 2018 Anvers<br \/>\nT\u00e9l : +32 3 808 72 02<\/p><\/div><\/div><\/div> <div class='row vc_row '><div class='col-md-12 '><div class='vc-image '><figure><div><img src='https:\/\/ajediam.com\/wp-content\/uploads\/2019\/03\/Hatton_Garden.jpg' alt=''><\/div><\/figure><\/div><div style='height: 32px;'><\/div><div class='mb-4'><p><\/p>\n<p><strong>Hatton Garden, Centre diamantaire de Londres, *Bijouteries<\/strong><\/p>\n<p>*50 magasins de d\u00e9tail repr\u00e9sentent le plus grand regroupement de d\u00e9taillants de bijoux au Royaume-Uni \u00e0 Hatton Garden, Holborn, Londres<br \/>\nInconv\u00e9nient : ils vendent au prix de d\u00e9tail !<\/p>\n<p>Votre destination de shopping la plus exclusive \u00e0 Londres sera<\/p>\n<p><strong>Bond Street,<\/strong><\/p>\n<p>o\u00f9 vous trouverez de <a href=\"https:\/\/ajediam.com\/j-b-antwerp-famous-jewelry-designer\/\">grandes marques de mode telles<\/a> que<\/p>\n<p>Harry Winston, Graff, Cartier, Bulgari, Tiffany &amp; Co, Chopard&#8230;<\/p>\n<p>Vous trouverez toutes les grandes enseignes de mode dans l&rsquo;Association Bond Street &#8211; www.bondstreetassociation.com<\/p>\n<p>Lieux pr\u00e9f\u00e9r\u00e9s de Son Altesse Royale :<\/p>\n<p><strong>Jermyn Street<\/strong><\/p>\n<p>o\u00f9 vous trouverez les d\u00e9tenteurs de Warrants de la Royaut\u00e9<br \/>\ntels que<\/p>\n<ul>\n<li>Turnbull &amp; Asser, T&amp;A<br \/>\nCostumes sur mesure, pyjamas, peignoirs pour hommes<br \/>\nJermyn Street 71 &amp; 72 &#8211; www.turnbullandasser.com<\/li>\n<li>Foster &amp; Son<br \/>\nChaussures sur mesure<br \/>\nJermyn Street 83 &#8211; www.wsfoster.com<\/li>\n<li>Floris parfum<br \/>\nFournisseur de parfum personnalis\u00e9 pour la royaut\u00e9<br \/>\nJermyn Street 89 &#8211; www.florislondon.com<\/li>\n<\/ul>\n<p><strong>Piccadilly<\/strong><\/p>\n<ul>\n<li>Fortnum &amp; Mason<br \/>\nTh\u00e9 exclusif, biscuits, bonbons &#8211; Tea-time<br \/>\nPiccadilly 181 &#8211; www.fortnumandmason.com<\/li>\n<\/ul>\n<p><\/p><\/div><\/div><\/div> <div class='row vc_row '><div class='col-md-3 '><\/div><div class='col-md-3 '><div style='height: 32px;'><\/div><a class='lab-button' href='\/engagement-rings\/' target='' title='\/engagement-ring'>ACHETER MAINTENANT<\/a><\/div><div class='col-md-3 '><div style='height: 32px;'><\/div><a class='lab-button' href='\/fr\/notre-formulaire-de-demande-rapide\/' target='' title='\/fr\/notre-formulaire-de-demande-rapid'>CONSULTER LE GUIDE D'ACHAT<\/a><\/div><div class='col-md-3 '><\/div><\/div> <div class='row vc_row '><div class='col-md-2 '><\/div><div class='col-md-8 '><div style='height: 32px;'><\/div><div class='vc-image '><figure><div><img src='https:\/\/ajediam.com\/wp-content\/uploads\/2019\/03\/Ajediam_footer_Buy_now_13_03_2015.jpg' alt=''><\/div><\/figure><\/div><\/div><div class='col-md-2 '><\/div><\/div> <\/p>\n","protected":false},"excerpt":{"rendered":"","protected":false},"author":5,"featured_media":0,"parent":10054,"menu_order":0,"comment_status":"closed","ping_status":"closed","template":"","meta":{"ub_ctt_via":"","footnotes":""},"acf":[],"featured_image_src":null,"_links":{"self":[{"href":"https:\/\/ajediam.com\/fr\/wp-json\/wp\/v2\/pages\/10063"}],"collection":[{"href":"https:\/\/ajediam.com\/fr\/wp-json\/wp\/v2\/pages"}],"about":[{"href":"https:\/\/ajediam.com\/fr\/wp-json\/wp\/v2\/types\/page"}],"author":[{"embeddable":true,"href":"https:\/\/ajediam.com\/fr\/wp-json\/wp\/v2\/users\/5"}],"replies":[{"embeddable":true,"href":"https:\/\/ajediam.com\/fr\/wp-json\/wp\/v2\/comments?post=10063"}],"version-history":[{"count":1,"href":"https:\/\/ajediam.com\/fr\/wp-json\/wp\/v2\/pages\/10063\/revisions"}],"predecessor-version":[{"id":10064,"href":"https:\/\/ajediam.com\/fr\/wp-json\/wp\/v2\/pages\/10063\/revisions\/10064"}],"up":[{"embeddable":true,"href":"https:\/\/ajediam.com\/fr\/wp-json\/wp\/v2\/pages\/10054"}],"wp:attachment":[{"href":"https:\/\/ajediam.com\/fr\/wp-json\/wp\/v2\/media?parent=10063"}],"curies":[{"name":"wp","href":"https:\/\/api.w.org\/{rel}","templated":true}]}}