{"id":10065,"date":"2019-05-01T12:12:02","date_gmt":"2019-05-01T12:12:02","guid":{"rendered":"https:\/\/ajediam.com\/?page_id=10065"},"modified":"2023-07-03T19:36:35","modified_gmt":"2023-07-03T19:36:35","slug":"centre-international-du-diamant","status":"publish","type":"page","link":"https:\/\/ajediam.com\/fr\/commerce-de-diamants\/centre-international-du-diamant\/","title":{"rendered":"Centre International du Diamant"},"content":{"rendered":"<p><div class='row vc_row '><div class='col-md-12 '><h2 class='section-title'>Annuaire des centres internationaux du diamant et des bourses d'\u00e9change dans le monde Anvers est depuis le XIIIe si\u00e8cle le Centre international du diamant et en vertu de celui-ci, le Centre mondial du diamant<\/h2><div class='mb-4'><p>Anvers est le plus grand centre international d&rsquo;\u00e9change, de bourse et de commerce du diamant au monde, avec un chiffre d&rsquo;affaires annuel de plus de 58,8 milliards de dollars am\u00e9ricains.<br \/>\nAnvers est situ\u00e9e dans la partie n\u00e9erlandaise de la Belgique \/ Europe Centre mondial du diamant d&rsquo;Anvers.<\/p>\n<p>Trouvez ici des informations compl\u00e8tes sur les diff\u00e9rents centres internationaux du diamant r\u00e9gionaux et bourses du diamant dans le monde, tri\u00e9s par ordre alphab\u00e9tique des pays\u00a0:\u00a0 Autriche | Chine | Angleterre Royaume-Uni | Allemagne | Inde | Isra\u00ebl | Italie | Japon | Pays-Bas | Russie | Singapour | Tha\u00eflande | Afrique du Sud | EAU | Etats-Unis<\/p>\n<p>Trouvez les meilleures entreprises de diamants \u00e0 Anvers et profitez d&rsquo;une <a href=\"https:\/\/ajediam.com\/fr\/visiter-anvers\/\">belle visite touristique<\/a> <a href=\"\/diamonds-from-one-to-20ct\">Email<\/a> Tel: + 32 3 808 72 02 <\/p><\/div><\/div><\/div> <div class='row vc_row vc_custom_1552886396531'><div class='col-md-12 '><div class='row '><div class='col-md-4 col-inner'><div class='col-inwrap'><div class='vc-image text-center'><figure><a href='' class='d-block'><img src='https:\/\/ajediam.com\/wp-content\/uploads\/2019\/03\/The_Diamond_Centre_Diamond_Bourse_close_up-300x197.jpg' alt=''><\/a><\/figure><\/div><div class='mb-4'><p>Bourse du diamant d&rsquo;Anvers<br \/>\n#1 Centre mondial du diamant<br \/>\nB\u00e2timent ADC<\/p><\/div><div class='vc-image text-center'><figure><div><img src='https:\/\/ajediam.com\/wp-content\/uploads\/2019\/05\/International_Diamond_Center__element149-300x200.jpg' alt=''><\/div><\/figure><\/div><div class='mb-4'><p>Vue sur la grande Bourse du Diamant d&rsquo;Anvers, Antwerpsche Diamantkring, Bourse Hoveniersstraat 2 Zip 2018 Anvers<\/p><\/div><\/div><\/div><div class='col-md-8 col-inner'><div class='col-inwrap'><div class='mb-4'><p>Toutes les informations sur la Bourse du Diamant d&rsquo;Anvers,<br \/>\nCentre mondial du diamant<br \/>\net d&rsquo;autres centres internationaux du diamant dans le monde<\/p>\n<p>Anvers est le plus grand et le plus grand centre du diamant au monde,<br \/>\nh\u00e9bergeant les 4 principales bourses du diamant et<br \/>\n+ 1 500 soci\u00e9t\u00e9s diamantaires. Vous trouverez toutes les informations ici.<\/p>\n<p>Acheter et vendre des diamants bruts et polis au juste prix, trouver les acheteurs et les fournisseurs de choix.<br \/>\nAnvers est l&rsquo;endroit id\u00e9al pour tous les commerces de diamants, importation, exportation partout dans le monde<\/p><\/div><div class='mb-4'><p><\/p>\n<h4>Informations sur le Centre mondial du diamant d&rsquo;Anvers:<\/h4>\n<ul>\n<li><a href=\"\/international-diamond-center\">Find best Diamond Companies in Antwerp<\/a><\/li>\n<li><a href=\"\/international-diamond-center\">Diamond Office: Import &#8211; Export procedures<\/a><\/li>\n<li><a href=\"\/international-diamond-center\">Diamond Exchanges in Antwerp<\/a><\/li>\n<li><a href=\"\/antwerp-diamonds\">Map of Antwerp Route finder &#8211; Diamond Center<\/a><\/li>\n<li><a href=\"\/antwerp-diamonds\">Antwerp Diamond Centre history<\/a><\/li>\n<li>Find all other local Diamond Centers below<\/li>\n<li>Find all Diamond Exchanges in the World below<\/li>\n<\/ul>\n<p><\/p><\/div><\/div><\/div><\/div><\/div><\/div> <style>.vc_custom_1552886396531 { border-top-width: 3px !important;border-right-width: 3px !important;border-bottom-width: 3px !important;border-left-width: 3px !important;border-left-color: #e2ebf0 !important;border-left-style: solid !important;border-right-color: #e2ebf0 !important;border-right-style: solid !important;border-top-color: #e2ebf0 !important;border-top-style: solid !important;border-bottom-color: #e2ebf0 !important;border-bottom-style: solid !important;} }<\/style><div class='row vc_row '><div class='col-md-3 '><\/div><div class='col-md-3 '><div style='height: 32px;'><\/div><a class='lab-button' href='https:\/\/www.ajediam.com\/engagement_rings.html' target='' title='url:https:\/\/www.ajediam.com\/engagement_rings.html|'>SHOP NOW<\/a><\/div><div class='col-md-3 '><div style='height: 32px;'><\/div><a class='lab-button' href='\/fr\/notre-formulaire-de-demande-rapide\/' target='' title='\/fr\/notre-formulaire-de-demande-rapid'>CONSULT BUYING GUIDE<\/a><\/div><div class='col-md-3 '><\/div><\/div> <div class='row vc_row '><div class='col-md-12 '><h2 class='section-title'>Bourse du diamant d'Anvers, Centre international et mondial du diamant :<\/h2><div class='mb-4'><p><\/p>\n<h4>Entreprises diamantaires \u00e0 Anvers\u00a0:<\/h4>\n<ul>\n<li>Ajediam Ltd, Antwerp Jewels &amp; Diamonds Manufacturers, Rough Diamonds Import &#8211; Diamond Manufacturer Cutting Polishing Diamonds &#8211; Wholesalers <a>Your Trusty Diamond Company<\/a><\/li>\n<li>Member of the Diamond High Council &#8211; HRD Licence 23315<\/li>\n<li>Member of the Diamond Office, Registration number 9610<\/li>\n<li>Enregistr\u00e9 \u00e0 la Banque Nationale des Entreprises Diamantaires d&rsquo;Anvers sous licence BE-0478 926 810 Programme de satisfaction totale de la client\u00e8le :<\/li>\n<li>Livraison en 48H, pas de frais de port ni d&rsquo;assurance. Garantie de cinq (5) ans et service gratuit.<\/li>\n<li>Rachat \u00e0 vie &#8211; D\u00e9couvrez comment c&rsquo;est possible<\/li>\n<li>Votre fid\u00e8le entreprise de diamants avec 5 C : carat, couleur, clart\u00e9, coupe et confiance, c\u00e9l\u00e8bre.<\/li>\n<li>tailleurs de diamants depuis plus de 25 ans<\/li>\n<li><a href=\"\/bank-references\">Bank References<\/a><\/li>\n<\/ul>\n<p>Lieu \/ Adresse : Antwerp World Diamond Centre, Diamond Exchange Bourse, Antwerpsche Diamantkring<br \/>\nJan Huts, Senior Diamantaire &#8211; CEO Tel: + 32 3 808 72 02<br \/>\nAntwerp World Diamond Centre, Diamond Exchange Diamantkring &#8211; Hoveniersstraat 19, BE-2018 Antwerp \/ Belgium \/ Europe<br \/>\n<strong>Veuillez noter<\/strong>! Entr\u00e9e r\u00e9serv\u00e9e aux invit\u00e9s. Pour votre invitation s&rsquo;il vous pla\u00eet <a href=\"\/diamonds-from-one-to-20ct\" target=\"_self\" rel=\"noopener noreferrer\">Email <\/a>or call Tel: + 32 3 808 72 02<\/p>\n<p>Nous garantissons que tous les diamants sont sans conflit, achet\u00e9s aupr\u00e8s de sources l\u00e9gitimes<br \/>\npas impliqu\u00e9 dans le financement des conflits conform\u00e9ment aux r\u00e9solutions des Nations Unies.<\/p>\n<p>Diamond Jewelry Wholesale Store \u00ab\u00a0Ajediam\u00a0\u00bb CMR Inc.<br \/>\nDiamond Exchange \u00ab\u00a0Antwerpsche Diamantkring\u00a0\u00bb<br \/>\nHoveniersstraat 2, Ground Floor Suites 007 &#8211; 006<br \/>\nBE-2018 Antwerp Europe Belgium<br \/>\n<strong>Veuillez noter<\/strong>! Entr\u00e9e r\u00e9serv\u00e9e aux invit\u00e9s. Pour votre invitation s&rsquo;il vous pla\u00eet <a href=\"\/fr\/notre-formulaire-de-demande-rapide\/\" target=\"_self\" rel=\"noopener noreferrer\">Email<\/a> or call Tel: + 32 3 808 72 02 Tel: + 32 3 808 72 02<\/p>\n<p>Informations compl\u00e8tes sur le Diamond District, les Bourses du Diamant et les Compagnies du Diamant :<\/p>\n<p>Retrouvez toutes les soci\u00e9t\u00e9s diamantaires anversoises : <a href=\"http:\/\/www.kompassdiamonds.com\" target=\"_blank\" rel=\"nofollow noopener\">http:\/\/www.kompassdiamonds.com<\/a><\/p>\n<p><strong>Quartier du Diamant:<\/strong><\/p>\n<ul>\n<li><strong>Services Import &#8211; Export<\/strong> &#8211; Contact &amp; Informations sur le Bureau du Diamant &amp; Douanes<br \/>\nLe Diamond Office aide les membres du commerce du diamant \u00e0 remplir toutes les exigences l\u00e9gales li\u00e9es \u00e0 l&rsquo;importation et \u00e0 l&rsquo;exportation de<br \/>\ndiamants, y compris les proc\u00e9dures d&rsquo;octroi de licences. Il supervise et coordonne les mesures de s\u00e9curit\u00e9 li\u00e9es \u00e0 l&rsquo;importation et \u00e0 l&rsquo;exportation de diamants.<br \/>\nCependant, le Diamond Office ne vend ni n&rsquo;ach\u00e8te de diamants. Le Diamond Office n&rsquo;est pas impliqu\u00e9 dans l&rsquo;exp\u00e9dition de diamants vers ou<br \/>\nd&rsquo;Anvers. Les dispositions d&rsquo;exp\u00e9dition sont prises par les membres du commerce du diamant eux-m\u00eames.<br \/>\n<strong>Diamond Office:<\/strong> Phone: +32 (0)3 222 05 31 Email: diof@awdc.be &#8211; Website: http:\/\/www.awdc.be\/diamond-office<\/li>\n<li><strong>Diamond High Council &#8211; HRD Worldwide<\/strong> http:\/\/www.hrd.be<br \/>\nThe headquarters of The Diamond High Council (HRD) is located in the heart of the Antwerp World Diamond Center.<br \/>\nDiamond High Council &#8211; HRD &#8211; Hoveniersstraat 22 &#8211; B-2018 Antwerp Belgium Europe Tel. + 32 3 222 07 01 Fax + 32 3 222 07 04<\/li>\n<li><strong>Diamond museum:<\/strong> Provinciaal Diamantmuseum Antwerpen<br \/>\nThe Wonderful <a href=\"\/visit-antwerp-diamond-museum\">Antwerp Diamond Museum<\/a><br \/>\nNew Location: MAS | Museum aan de Stroom<br \/>\nHanzestedenplaats 1, 2000 Antwerpen<br \/>\nTel.: +32 338 44 00<\/li>\n<li><strong>Diamond Exchanges in Antwerp:<\/strong><br \/>\nLes 4 principales bourses du diamant dans le monde sont situ\u00e9es \u00e0 Anvers :<\/li>\n<li><strong>Antwerpsche Diamantkring<\/strong> CVBA<br \/>\nHoveniersstraat 2<br \/>\n2018 Antwerpen &#8211; Belgium<br \/>\nTel.: 32\/3\/233.58.10 Fax: 32\/3\/233.70.71 32\/3\/225.14.65 <span class=\"size10 Helvetica10\" style=\"color: #3a60a0; font-family: Helvetica, Arial, sans-serif;\"><a href=\"mailto:exchangehall@diamantkring.org\" target=\"_self\" rel=\"noopener noreferrer\">Email<\/a><\/span><span class=\"size10 Helvetica10\" style=\"color: #3a60a0; font-family: Helvetica, Arial, sans-serif;\"> \u00a0<a href=\"mailto:adk@worldfed.com\" target=\"_self\" rel=\"noopener noreferrer\">Members Email<\/a>\u00a0<\/span>\u00a0http:\/\/www.diamantkring.org<\/li>\n<li><strong>World Federation of Diamond Exchanges<\/strong><br \/>\nSecretary &#8211; General office<br \/>\nPelikaanstraat 62<br \/>\n2018 Antwerp \u2013 Belgium &#8211; Europe<br \/>\nTel.: 32\/3\/234.91.21 Fax: 32\/3\/226.40.7 <a href=\"mailto:info@worldfed.com\" target=\"_self\" rel=\"noopener noreferrer\">Email<\/a> http:\/\/www.worldfed.com<\/li>\n<li><strong>Federation of Belgian Diamond Exchanges<\/strong><br \/>\nAntwerp<br \/>\nTel. +32 (0)3 234 07 78 <a href=\"mailto:fbdb@iway.be\" target=\"_self\" rel=\"noopener noreferrer\">Email<\/a><\/li>\n<li><strong>Beurs voor Diamanthandel<\/strong><br \/>\nPelikaanstraat 78<br \/>\n2018 Antwerpen &#8211; Belgium<br \/>\nTel.: 32\/3\/231.37.90 (members) &#8211; 32\/3\/233.53.13 (secr.) Fax: 32\/3\/233.65.03 E-mail: bvd@worldfed.com<br \/>\nTel. +32 (0)3 233 53 13 <span class=\"size10 Helvetica10\" style=\"color: #3a60a0; font-family: Helvetica, Arial, sans-serif;\"><a href=\"mailto:%20info@diamondbourse.be\" target=\"_self\" rel=\"noopener noreferrer\">Email<\/a><\/span><span class=\"size10 Helvetica10\" style=\"color: #3a60a0; font-family: Helvetica, Arial, sans-serif;\">\u00a0<\/span>http:\/\/www.antwerpdiamondbourse.net<\/li>\n<li><strong>Vrije Diamanthandel nv<\/strong><br \/>\nPelikaanstraat 62<br \/>\n2018 Antwerpen &#8211; Belgium<br \/>\nTel.: 32\/3\/220.90.11 (members) &#8211; 32\/3\/232.70.13 (secr.) Fax: 32\/3\/232.70.13 <a href=\"mailto:vrijediamanthandel@skynet.be\" target=\"_self\" rel=\"noopener noreferrer\">Email<\/a><\/li>\n<li><strong>Diamantclub van Antwerpen CVBA<\/strong><br \/>\nPelikaanstraat 62<br \/>\n2018 Antwerpen &#8211; Belgium<br \/>\nTel.: 32\/3\/220.90.11 (members) &#8211; 32\/3\/232.76.55 (secr.) Fax: 32\/3\/232.10.24 <a href=\"mailto:dca@worldfed.com\" target=\"_self\" rel=\"noopener noreferrer\">Email<\/a><br \/>\nE-mail: dcva@pandora.be<\/li>\n<li><strong>Exchange Club:<\/strong><br \/>\nDiamond Club: Access only for Traders- Members<br \/>\nPelikaanstraat. BE-2018 Antwerpen<\/li>\n<li><strong>Syndikaat der Belgische Diamantnijverheid<\/strong><br \/>\nTel:+ 32 3 232 46 60 http:\/\/www.keyguide.net\/bourses<\/li>\n<\/ul>\n<p><\/p><\/div><\/div><\/div> <div class='row vc_row '><div class='col-md-12 '><div class='mb-4'><p><\/p>\n<h4>Autres centres diamantaires r\u00e9gionaux \u00abinternationaux\u00bb et bourses de diamants dans le monde<\/h4>\n<p>Informations compl\u00e8tes sur les autres Diamond Centers et Diamond Bourses dans le monde, tri\u00e9es par ordre alphab\u00e9tique des pays:<\/p>\n<p><strong><a href=\"\/intl-german\">Austria \u2013 Wien<\/a><\/strong><br \/>\nDIAMANT-CLUB WIEN<br \/>\nSpiegelgasse 2 1010 WIEN \/ AUSTRIA<br \/>\nTel.: 43\/1\/512.73.83 Fax: 43\/1\/512.73.83 <a href=\"mailto:dcw@worldfed.com\" target=\"_self\" rel=\"noopener noreferrer\">EMail<\/a><\/p>\n<p><strong><a href=\"\/intl-chinese\">China \u2013 Hong Kong<\/a><\/strong><br \/>\nHONG KONG DIAMOND BOURSE LIMITED<br \/>\n8-10 Duddell Street, 5 th Floor<br \/>\nHong Kong Diamond Exchange Building<br \/>\nCentral, HONG KONG<br \/>\nTel.: 852\/2524.50.81 Fax: 852\/2877.98.31 <a href=\"mailto:hkdb@worldfed.com\" target=\"_self\" rel=\"noopener noreferrer\">Email<\/a><br \/>\nCHAIRMAN : MR. WILLIE YIU<br \/>\nTEL : 852\/2521-5081 FAX : 852\/2877-9831<\/p>\n<p><a href=\"\/intl-chinese\"><strong>China \u2013 Shangai<\/strong><\/a><br \/>\nSHANGHAI DIAMOND EXCHANGE<br \/>\n4\/6F. Jin Mao Tower, n\u00b088 Century Bld.<br \/>\nPu Dong New Area<br \/>\nSHANGHAI 200-120<br \/>\nCHINA<br \/>\nTel.: 86 21 5047 0197 Fax: 86 21 5047 0209 <span class=\"size10 Helvetica10\" style=\"color: #3a60a0; font-family: Helvetica, Arial, sans-serif;\">\u00a0<\/span><span class=\"size10 Helvetica10\" style=\"color: #3a60a0; font-family: Helvetica, Arial, sans-serif;\"><a href=\"mailto:sde@worldfed.com\" target=\"_self\" rel=\"noopener noreferrer\">Email<\/a><\/span><\/p>\n<p><strong><a href=\"\/london-diamond-centre\">England \u2013 London<\/a><\/strong><br \/>\nTHE LONDON DIAMOND BOURSE AND CLUB<br \/>\n100 Hatton Garden<br \/>\nLONDON EC1N 8NX\/ENGLAND<br \/>\nTel.: 44\/20\/7404.4022 (members) &#8211; 44\/20\/7405.2625 (office) Fax: 44\/20\/7831.3860 <a href=\"mailto:ldbc@worldfed.com\" target=\"_self\" rel=\"noopener noreferrer\">Email<\/a><br \/>\nThe London Diamond center for distribution of rough diamonds is the center of CSO<br \/>\n(Central Selling Organization) and the brokers who represent De Beers. Sightholders, both manufacturers and dealers in rough.<\/p>\n<p><a href=\"\/idar-oberstein-diamanten-kaufen\"><strong>Germany &#8211; Idar-Oberstein<\/strong><\/a><br \/>\nDIAMANT- UND EDELSTEINB\u00d6RSE IDAR-OBERSTEIN EV<br \/>\nMainzer Strasse 34<br \/>\n55743 IDAR-OBERSTEIN \/ GERMANY<br \/>\nTel.: 49\/6781\/9442-0 Fax: 49\/6781\/944266 <a href=\"mailto:deio@worldfed.com\" target=\"_self\" rel=\"noopener noreferrer\">Email<\/a><\/p>\n<p><strong><a>India &#8211; Mumbay<\/a> <\/strong><br \/>\nBHARAT DIAMOND BOURSE<br \/>\n391, dr. D.B.Marg.<br \/>\nSwastik Cinema Building<br \/>\nMUMBAI 400 004<br \/>\nINDIA<br \/>\nTel.: (9122)23820174 Fax: (9122)23856849 <a href=\"mailto:bdb@worldfed.com\" target=\"_self\" rel=\"noopener noreferrer\">Email<\/a><\/p>\n<p><a>Israel \u2013 Ramat-Gan<\/a><br \/>\nTHE ISRAEL DIAMOND EXCHANGE LTD.<br \/>\nJabotinsky Road 3 P.O.B. 3222<br \/>\nRAMAT-GAN 52130 \/ ISRAEL<br \/>\nTel.: 972\/3\/576.02.11 (members) &#8211; 972\/3\/575.01.10 (office) Fax: 972\/3\/575.06.52 <a href=\"mailto:ide@worldfed.com\" target=\"_self\" rel=\"noopener noreferrer\">Email<\/a><\/p>\n<p>THE NEW ISRAEL CLUB FOR COMMERCE IN DIAMONDS LTD.<br \/>\n48, Bezalel Street<br \/>\nRAMAT-GAN 52520\/ISRAEL<br \/>\nTel.: 972\/3\/751.21.91 &#8211; 972\/3\/751.21.93 (office) Fax: 972\/3\/575.06.52 <a href=\"mailto:niccd@worldfed.com\" target=\"_self\" rel=\"noopener noreferrer\">Email<\/a><br \/>\nMailing address :<br \/>\nETGAR &#8211; THE NEW ISRAEL CLUB<br \/>\nFOR COMMERCE IN DIAMONDS LTD.<br \/>\nC\/o THE ISRAEL DIAMOND<br \/>\nEXCHANGE LTD.<br \/>\nP.O. Box 3222<br \/>\nRAMAT-GAN 52130 \/I SRAEL<\/p>\n<p>THE ISRAEL PRECIOUS STONES &amp; DIAMONDS EXCHANGE LTD.<br \/>\nJabotinsky Street 1 Maccabi Building<br \/>\nRAMAT-GAN 52520 \/ ISRAEL<br \/>\nTel.: 972\/3\/575.11.77 &#8211; 972\/3\/751.20.13 Fax: 972\/3\/575.25.47 <a href=\"mailto:ipsde@worldfed.com\" target=\"_self\" rel=\"noopener noreferrer\">Email<\/a><\/p>\n<p><strong><a href=\"\/intl-italiano\">Italy &#8211; Milano<\/a><\/strong><br \/>\nBORSA DIAMANTI D\u2018ITALIA<br \/>\nVia Torino 21<br \/>\n20123 MILANO \/I TALY<br \/>\nTel.: 39\/0\/2\/86.46.13.41 &#8211; 39\/0\/2\/86.93.708 Fax: 39\/0\/2\/72.02.26.97 <a href=\"mailto:bdi@worldfed.com\" target=\"_self\" rel=\"noopener noreferrer\">Email<\/a><\/p>\n<p><a href=\"\/intl-japanese\"><strong>Japan \u2013 Tokyo<\/strong><\/a><br \/>\nTOKYO DIAMOND EXCHANGE INC.<br \/>\n5F, 26-2 Higashi-Ueno 1-choume<br \/>\nTaitou-ku, TOKYO 110-0015 \/ JAPAN<br \/>\nTel.: 813\/3831.6775 Fax: 813\/3839.4645 <a href=\"mailto:tde@worldfed.com\" target=\"_self\" rel=\"noopener noreferrer\">Email<\/a><\/p>\n<p><a href=\"\/diamanten-van-antwerpen\"><strong>Netherlands &#8211; Amsterdam<\/strong><\/a><br \/>\nVERENIGING BEURS VOOR DEN DIAMANTHANDEL<br \/>\nHogehilweg 14<br \/>\n1101 CD AMSTERDAM Z.O.<br \/>\nNETHERLANDS<br \/>\nTel.: 31\/20\/696.22.51 Fax: 31\/20\/696.51.71 <a href=\"mailto:vbvd@worldfed.com\" target=\"_self\" rel=\"noopener noreferrer\">Email<\/a><\/p>\n<p><a href=\"\/antwerp-russia-diamonds\"><strong>Russia \u2013 Moskow<\/strong><\/a><br \/>\nDIAMOND CHAMBER OF RUSSIA<br \/>\n12, ulitsa Smolnaya<br \/>\n125493 MOSCOW \/ RUSSIA<br \/>\nTel.: (7095)775.62.78\/79 Fax\/Tel. (7095)775.62.76 <a href=\"mailto:dcr@worldfed.com\" target=\"_self\" rel=\"noopener noreferrer\">Email<\/a><br \/>\nMoscow&rsquo;s Russian Diamond Bourse<br \/>\nThe Diamond Exchange occupies three floors in Moscow&rsquo;s prestigious Millennium Tower, across the river from the futuristic Moscow City construction site, Expocenter and Mezhdunarodnaya Hotel and Business Center.<br \/>\nAn additional building is the Bourse\u2019s operator &#8211; General Investment Corporation with a direct link to Domodedovo International Airport.<\/p>\n<p><strong><a href=\"\/intl-chinese\">Singapore<\/a><\/strong><br \/>\nDIAMOND EXCHANGE OF SINGAPORE<br \/>\n545 Orchard Road # 11-02 Far East Shopping Centre<br \/>\nSINGAPORE 238882<br \/>\nTel.: (65)67386162 Fax: (65)67370993 <a href=\"mailto:des@worldfed.com\" target=\"_self\" rel=\"noopener noreferrer\">Email<\/a><\/p>\n<p><a href=\"\/intl-chinese\"><strong>Thailand \u2013 Bangkok<\/strong><\/a><br \/>\nBANGKOK DIAMONDS AND PRECIOUS STONES EXCHANGE<br \/>\nGemopolis Industrial Estate<br \/>\n47\/31 Moo 4 Sukhapiban 2 Road Dokmai, Prawes,<br \/>\nBANGKOK 10250<br \/>\nTHAILAND<br \/>\nTel.: (66)0\/2727-0022 Fax: (66)0\/2727-0494 <a href=\"mailto:bdpse@worldfed.com\" target=\"_self\" rel=\"noopener noreferrer\">Email<\/a><\/p>\n<p><a><strong>South Africa &#8211; Johannesburg<\/strong><\/a><br \/>\nDIAMOND DEALERS CLUB OF SOUTH AFRICA<br \/>\nPostal Address : Suite 102\/S A Diamond Centre Private Bag X1<br \/>\nEXCOM 2023 \/ SOUTH AFRICA<br \/>\nPhysical Address : Suite 102 &#8211; 1ST Fl.<\/p>\n<p>S.A. Diamond Centre SOUTH AFRICA<br \/>\n240 Commissioner Street<br \/>\n2001 JOHANNESBURG \/ SOUTH AFRICA<br \/>\nTel. : 27\/11\/334-1930 Fax : 27\/11\/334-1933 <span class=\"size10 Helvetica10\" style=\"color: #3a60a0; font-family: Helvetica, Arial, sans-serif;\">\u00a0<\/span><span class=\"size10 Helvetica10\" style=\"color: #3a60a0; font-family: Helvetica, Arial, sans-serif;\"><a href=\"mailto:ddcsa@worldfed.com\" target=\"_self\" rel=\"noopener noreferrer\">Email<\/a><\/span><span class=\"size10 Helvetica10\" style=\"color: #3a60a0; font-family: Helvetica, Arial, sans-serif;\"><img decoding=\"async\" class=\"lpxtab\" src=\"https:\/\/ajediam.com\/tp.gif\" alt=\"\" width=\"30\" border=\"0\" \/><\/span><\/p>\n<p><a href=\"\/intl-arabic\"><strong>United Arab Emirates<\/strong><\/a><br \/>\nDUBAI DIAMOND EXCHANGE<br \/>\nBusiness Avenue Mezzanine Level<br \/>\nP.O.Box 48800<br \/>\nDUBAI \/ UNITED ARAB EMIRATES<br \/>\nTel.: 971\/4 295 2262 Fax: 971\/4 295 6775 \u00a0<a href=\"mailto:dde@worldfed.com\" target=\"_self\" rel=\"noopener noreferrer\">Email<\/a><\/p>\n<p><a href=\"\/antwerp-diamonds\"><strong>USA:<\/strong><\/a><br \/>\nThere are 3 Diamond Exchanges in the USA. The Diamond Club West Coast in Los Angeles, the Diamond Dealers Club in Manhattan &#8211; Fifth Avenue at the corner of 47th Street and the Diamond Dealers Club of Florida in Miami, Florida.<br \/>\n<strong>USA \u2013 Los Angeles \u2013 California<\/strong><br \/>\nDIAMOND CLUB WEST COAST, INC.<br \/>\n550 South Hill Street 16th Floor, Suite 1600<br \/>\nLOS ANGELES<br \/>\nCALIFORNIA 90013 \/ U.S.A.<br \/>\nTel.: 1\/213\/623.11.62 &#8211; 1\/213\/623.21.42 Fax: 1\/213\/623.53.57 <a href=\"mailto:dcwc@worldfed.com\" target=\"_self\" rel=\"noopener noreferrer\">Email<\/a><\/p>\n<p><strong>USA \u2013 Miami \u2013 Florida<\/strong><br \/>\nDIAMOND BOURSE OF SOUTHEAST UNITED STATES,INC<br \/>\n169 E.Flagler Street, Suite 1037 (\u2212)<br \/>\nMIAMI, FLORIDA 33131 \/ U.S.A.<br \/>\nTel.: 1\/305\/373.43.51 Fax: 1\/305\/375.02.15 <a href=\"mailto:dbse@worldfed.com\" target=\"_self\" rel=\"noopener noreferrer\">Email<\/a><\/p>\n<p><strong>USA \u2013 New York<\/strong><br \/>\nDIAMOND DEALERS CLUB<br \/>\n580 Fifth Avenue at 47th Street<br \/>\nNEW YORK, N.Y. 10036 \/ U.S.A.<br \/>\nTel.: 1\/212\/790.36.00 (members) &#8211; 1\/212\/869.97.77 (secr.) Fax: 1\/212\/869.51.64 (exec.off.) &#8211; 1\/212\/869.55.11 Members <a href=\"mailto:dbse@worldfed.com\" target=\"_self\" rel=\"noopener noreferrer\">Email<\/a><\/p>\n<p>DIAMOND TRADE &amp; PRECIOUS STONE ASSOCIATION OF AMERICA, INC.<br \/>\n11 West 47th Str. \u0153 11 th Floor<br \/>\nNEW YORK, N.Y. 10036 \/ U.S.A.<br \/>\nTel.: 1\/212\/869.6452 Fax: 1\/212\/869.3696 <span class=\"size10 Helvetica10\" style=\"color: #3a60a0; font-family: Helvetica, Arial, sans-serif;\">\u00a0<\/span><span class=\"size10 Helvetica10\" style=\"color: #3a60a0; font-family: Helvetica, Arial, sans-serif;\"><a href=\"mailto:dtps@worldfed.com\" target=\"_self\" rel=\"noopener noreferrer\">Email<\/a><\/span><\/p><\/div><\/div><\/div> <div class='row vc_row '><div class='col-md-2 '><\/div><div class='col-md-8 '><div style='height: 32px;'><\/div><div class='vc-image '><figure><a href='\/fr\/notre-formulaire-de-demande-rapide\/' class='d-block'><img src='https:\/\/ajediam.com\/wp-content\/uploads\/2019\/03\/Ajediam_footer_Buy_now_13_03_2015.jpg' alt=''><\/a><\/figure><\/div><\/div><div class='col-md-2 '><\/div><\/div> <div class='row vc_row '><div class='col-md-12 '><div class='mb-4'><p><\/p>\n<p><\/p><\/div><\/div><\/div> <\/p>\n","protected":false},"excerpt":{"rendered":"","protected":false},"author":5,"featured_media":0,"parent":10054,"menu_order":0,"comment_status":"closed","ping_status":"closed","template":"","meta":{"ub_ctt_via":"","footnotes":""},"acf":[],"featured_image_src":null,"_links":{"self":[{"href":"https:\/\/ajediam.com\/fr\/wp-json\/wp\/v2\/pages\/10065"}],"collection":[{"href":"https:\/\/ajediam.com\/fr\/wp-json\/wp\/v2\/pages"}],"about":[{"href":"https:\/\/ajediam.com\/fr\/wp-json\/wp\/v2\/types\/page"}],"author":[{"embeddable":true,"href":"https:\/\/ajediam.com\/fr\/wp-json\/wp\/v2\/users\/5"}],"replies":[{"embeddable":true,"href":"https:\/\/ajediam.com\/fr\/wp-json\/wp\/v2\/comments?post=10065"}],"version-history":[{"count":1,"href":"https:\/\/ajediam.com\/fr\/wp-json\/wp\/v2\/pages\/10065\/revisions"}],"predecessor-version":[{"id":10066,"href":"https:\/\/ajediam.com\/fr\/wp-json\/wp\/v2\/pages\/10065\/revisions\/10066"}],"up":[{"embeddable":true,"href":"https:\/\/ajediam.com\/fr\/wp-json\/wp\/v2\/pages\/10054"}],"wp:attachment":[{"href":"https:\/\/ajediam.com\/fr\/wp-json\/wp\/v2\/media?parent=10065"}],"curies":[{"name":"wp","href":"https:\/\/api.w.org\/{rel}","templated":true}]}}