{"id":10067,"date":"2019-04-05T08:05:09","date_gmt":"2019-04-05T08:05:09","guid":{"rendered":"https:\/\/ajediam.com\/?page_id=10067"},"modified":"2023-07-03T20:05:55","modified_gmt":"2023-07-03T20:05:55","slug":"diamants-danvers","status":"publish","type":"page","link":"https:\/\/ajediam.com\/fr\/commerce-de-diamants\/diamants-danvers\/","title":{"rendered":"Diamants d&rsquo;Anvers"},"content":{"rendered":"<p><div class='row vc_row '><div class='col-md-12 '><div class='mb-4'><p><\/p>\n<h3>AWDC, Centre mondial du diamant d&rsquo;Anvers<\/h3>\n<p><strong>Anvers reste le centre le plus grand et le plus important du monde pour le commerce du diamant depuis 1447.<\/strong><\/p>\n<p><strong>Ajediam est la marque associ\u00e9e \u00e0 l&rsquo;excellence&#8230;<\/strong><br \/>\n<strong>Plus de 570 ans d&rsquo;h\u00e9ritage ont fait d&rsquo;Ajediam le meilleur dans l&rsquo;art de la taille et du polissage des diamants EX EX EX Hearts &amp; Arrows<\/strong><\/p>\n<p>La confiance est la valeur primordiale de notre soci\u00e9t\u00e9 diamantaire<\/p><\/div><div class='mb-4'><p>Environ 84\u00a0% de la production mondiale totale de diamants bruts et polis sont commercialis\u00e9s \u00e0 Anvers, tout comme environ 50\u00a0% de tous les diamants polis dans le monde. Rapport de l&rsquo;AWDC 2018<\/p>\n<p>Chaque jour, environ 220 millions de dollars de diamants transitent par Anvers. Cela repr\u00e9sente une moyenne de 550 exp\u00e9ditions par jour.<\/p>\n<p>Anvers a plus de 570 ans d&rsquo;h\u00e9ritage illustre en tant que plaque tournante du commerce et de la fabrication de diamants, incarn\u00e9 par le slogan \u00abCut in Antwerp\u00bb, qui est toujours la marque de diamants pour la qualit\u00e9 supr\u00eame et l&rsquo;artisanat exquis.<\/p>\n<p>Avec une infrastructure financi\u00e8re, technique et intellectuelle in\u00e9gal\u00e9e dans l&rsquo;industrie, Anvers est le centre \u00e0 partir duquel un r\u00e9seau industriel et commercial multinational est coordonn\u00e9, permettant la transformation des diamants bruts en pi\u00e8ces ma\u00eetresses \u00e9tincelantes vendues dans les bijouteries du monde entier.<\/p>\n<p>Anvers abrite plus de 1700 entreprises diamantaires, chaque entreprise a son c\u0153ur de m\u00e9tier sp\u00e9cial***, officiellement enregistr\u00e9 aupr\u00e8s du Service Public F\u00e9d\u00e9ral Economie, y compris les producteurs de diamants bruts, les courtiers et n\u00e9gociants, les fabricants, les grossistes en diamants polis et quelque 2400 diamants et bijoux li\u00e9s entreprises.<\/p>\n<p>La ville abrite \u00e9galement le si\u00e8ge des principales institutions financi\u00e8res du secteur, des compagnies d&rsquo;assurance, des fournisseurs de s\u00e9curit\u00e9, d&rsquo;exp\u00e9dition et de logistique, des laboratoires de pierres pr\u00e9cieuses, etc.<\/p>\n<p>Sa communaut\u00e9 multiculturelle de marchands de diamants de diverses origines religieuses dans un cadre politiquement stable et neutre est vraiment unique.<\/p>\n<p>Au c\u0153ur de l&rsquo;infrastructure commerciale unique d&rsquo;Anvers se trouve Diamond Office, le bureau de douane interne qui rationalise le vaste flux<br \/>\nde diamants \u00e0 destination et en provenance d&rsquo;Anvers.<\/p>\n<p>Gr\u00e2ce \u00e0 un syst\u00e8me sophistiqu\u00e9 de proc\u00e9dures et de contr\u00f4les, Anvers se concentre en permanence sur le maintien de niveaux \u00e9lev\u00e9s de conformit\u00e9 et de transparence internationalement reconnus en mati\u00e8re d&rsquo;AML, de KP et de RSE.<\/p>\n<p>En plus des proc\u00e9dures habituelles dans le secteur du diamant, Anvers est soumise \u00e0 un niveau de conformit\u00e9 suppl\u00e9mentaire en raison de la l\u00e9gislation et des r\u00e9glementations de l&rsquo;UE.<\/p>\n<p>La ville est internationalement reconnue comme la r\u00e9f\u00e9rence \u00e9thique et le mod\u00e8le pour toute l&rsquo;industrie du diamant et de la joaillerie.<\/p>\n<p>Source : rapport AWDC 2017<\/p>\n<p>*** La plupart des soci\u00e9t\u00e9s et entreprises diamantaires sont de petits commer\u00e7ants sp\u00e9cialis\u00e9s dans un type de forme.<\/p>\n<p>Exemple : sp\u00e9cialis\u00e9 dans les petits diamants de taille marquise de 0,03 \u00e0 0,10 carats. Bon nombre de ces entreprises sont des courtiers individuels.<\/p>\n<p>Tr\u00e8s difficile de distinguer les entreprises diamantaires, tailleurs, polisseurs, producteurs de diamants taill\u00e9s des interm\u00e9diaires ! Seules quelques soci\u00e9t\u00e9s diamantaires sont sp\u00e9cialis\u00e9es dans les grandes tailles toutes formes comme Ajediam.<\/p><\/div><\/div><\/div> <div class='row vc_row vc_custom_1552886396531'><div class='col-md-12 '><div style='height: 32px;'><\/div><div class='row '><div class='col-md-6 col-inner'><div class='col-inwrap'><div class='vc-image text-center'><figure><div><img src='https:\/\/ajediam.com\/wp-content\/uploads\/2019\/03\/2_Ajediam_Diamond_Exchange_Bourse_Hoveniersstraat_2_Antwerp.jpg' alt=''><\/div><\/figure><\/div><\/div><\/div><div class='col-md-6 col-inner'><div class='col-inwrap'><h2 class='section-title'>Histoire d'Anvers et des diamants... Depuis 1447... le d\u00e9but d'une histoire romantique sans fin<\/h2><div class='mb-4'><p>Guide de voyage du Centre mondial du diamant d&rsquo;Anvers. Informations de r\u00e9servation par Vols, Train, Eurostar, Thalys . Conseils pour acheter en toute s\u00e9curit\u00e9 des diamants en gros \u00e0 Antwerp World Diamond Center Exchange Bourse.<\/p>\n<p>Discover mysterious history since 15 nth century &#8211; Visit <a href=\"#\">famous factory<\/a><br \/>\nAntwerp, flight facilities, train, Eurostar&#8230; | <a href=\"https:\/\/www.ajediam.com\/Visit_Antwerp.html#anch\">City map<\/a> of Antwerp Diamond Centre<\/p>\n<p>Depuis le XIIIe\u00a0si\u00e8cle jusqu&rsquo;au d\u00e9but du XXe\u00a0si\u00e8cle, Venise et le Portugal ont \u00e9t\u00e9 les principaux liens entre Anvers et l&rsquo;Inde, o\u00f9 les diamants ont \u00e9t\u00e9 d\u00e9couverts pour la premi\u00e8re fois. Plus tard, Anvers est devenu tous les autres liens vers les sources de diamants, le Br\u00e9sil, l&rsquo;Afrique, la Russie, l&rsquo;Australie, le Canada et plus encore&#8230;<\/p>\n<p>Aujourd&rsquo;hui, Anvers r\u00e9alise un chiffre d&rsquo;affaires annuel de plus de 58,8 milliards de dollars US.<br \/>\nAnvers est consid\u00e9r\u00e9e comme le plus grand centre de n\u00e9goce de diamants au monde, exportant dans le monde entier ses c\u00e9l\u00e8bres diamants de taille id\u00e9ale d&rsquo;Anvers.<\/p>\n<p>Visitez la c\u00e9l\u00e8bre usine de taille d&rsquo;Ajediam et d\u00e9couvrez les secrets d&rsquo;initi\u00e9s de l&rsquo;industrie du diamant Antwerp World Diamond Centre, Diamond Exchange Bourse ADC Building &#8211; Hoveniersstraat 2, BE-2018 Anvers \/ Belgique \/ Europe<\/p><\/div><\/div><\/div><\/div><\/div><\/div> <style>.vc_custom_1552886396531 { border-top-width: 3px !important;border-right-width: 3px !important;border-bottom-width: 3px !important;border-left-width: 3px !important;border-left-color: #e2ebf0 !important;border-left-style: solid !important;border-right-color: #e2ebf0 !important;border-right-style: solid !important;border-top-color: #e2ebf0 !important;border-top-style: solid !important;border-bottom-color: #e2ebf0 !important;border-bottom-style: solid !important;} }<\/style><div class='row vc_row '><div class='col-md-12 '><div style='height: 32px;'><\/div><div class='mb-4'><p><\/p>\n<p style=\"text-align: center;\">Veuillez noter! Entr\u00e9e r\u00e9serv\u00e9e aux invit\u00e9s. Pour votre invitation s&rsquo;il vous pla\u00eet <a href=\"\/fr\/rugueux-minier\/trier-evaluer-les-diamants-bruts\/\">Email<\/a> or call Tel: + 32 3 808 72 02<\/p>\n<p><\/p><\/div><div class='mb-4'><div class='tab-container'><div class='tab-header d-none d-md-block'><\/div><div class='tab' id='1554450989469-ad36fc1c-5315'><h3 class='tab-title d-block d-md-none'>Guide de voyage \u00e0 Anvers:<\/h3><div class='tab-content'><div class='row '><div class='col-md-6 col-inner'><div class='col-inwrap'><div class='mb-4'><p>Anvers est \u00e0 moins de deux heures de train de Londres, Paris,<br \/>\nAmsterdam et Francfort :<br \/>\nEurostar : http:\/\/www.eurostar.com<br \/>\nTGV : http:\/\/www.tgv.com<br \/>\nThalys : http:\/\/www.thalys.com<\/p>\n<p>Tarif : \u00e0 partir de 36 \u20ac avec fluctuations possibles selon r\u00e9servation.<\/p>\n<p>Bienvenue \u00e0 Anvers, \u00e0 deux heures de train Thalys de Paris<br \/>\n\u00e0 deux heures en train Eurostar de Londres<br \/>\n\u00e0 deux heures de D\u00fcsseldorf en Thalys.<br \/>\nA 1h30 d&rsquo;Amsterdam en train Thalys<\/p><\/div><\/div><\/div><div class='col-md-3 col-inner'><div class='col-inwrap'><div class='vc-image '><figure><div><img src='https:\/\/ajediam.com\/wp-content\/uploads\/2019\/03\/Antwerp_Royal_Palace_5cm-1-300x188.jpg' alt=''><\/div><\/figure><\/div><\/div><\/div><div class='col-md-3 col-inner'><div class='col-inwrap'><div class='vc-image '><figure><div><img src='https:\/\/ajediam.com\/wp-content\/uploads\/2019\/03\/hoveniersstraat-2-ajediam-300x195.jpg' alt=''><\/div><\/figure><\/div><div class='mb-4'><p><\/p>\n<p style=\"text-align: center;\"><a href=\"https:\/\/ajediam.com\/fr\/visiter-anvers\/\">Visite d&rsquo;Anvers<\/a><\/p>\n<p><\/p><\/div><\/div><\/div><\/div><\/div><\/div><div class='tab' id='1554450989520-c73697ad-c04d'><h3 class='tab-title d-block d-md-none'>Vols \u00e0 petit budget:<\/h3><div class='tab-content'><div class='mb-4'><p>Antwerp World Diamond Center est id\u00e9alement situ\u00e9 en Belgique\u00a0:<br \/>\n20 minutes de London City \u00e0 l&rsquo;a\u00e9roport international d&rsquo;Anvers,<br \/>\n*A\u00e9roport international d&rsquo;Anvers,<br \/>\nLuchthavenlei, B-2100 Anvers &#8211; Belgique<br \/>\nTel : +32 (0)3 285 65 00 Fax : +32 (0)3 285 65 01<\/p><\/div><\/div><\/div><div class='tab' id='1554451068363-69a1c869-4fd9'><h3 class='tab-title d-block d-md-none'>Low budget flights:<\/h3><div class='tab-content'><div class='mb-4'><p>Ryanair info: http:\/\/www.ryanair.com\/site Easyjet: http:\/\/www.easyjet.com<br \/>\n20&prime; from Brussels, 40&prime; from Bruges, A 1h30 d&rsquo;Amsterdam, 2h de Paris en Thalys 2h30 de Londres en Eurostar.<\/p><\/div><\/div><\/div><div class='tab' id='1554451042751-857004f5-4042'><h3 class='tab-title d-block d-md-none'>Train:<\/h3><div class='tab-content'><div class='mb-4'><p>Eurostar: http:\/\/www.eurostar.com TGV: http:\/\/www.tgv.com &#8211; Thalys: http:\/\/www.thalys.com<\/p>\n<p>Trouvez la location de vacances id\u00e9ale \u00e0 Anvers sur TripAdvisor.<\/p>\n<p><a href=\"https:\/\/ajediam.com\/fr\/visiter-anvers\/\">Visite d&rsquo;Anvers<\/a>, informations sur la ville d&rsquo;Anvers<\/p><\/div><\/div><\/div><\/div><\/div><div class='row '><div class='col-md-6 col-inner'><div class='col-inwrap'><div class='mb-4'><p>C<strong>onseils pour acheter des diamants en toute s\u00e9curit\u00e9 \u00e0 Antwerp World Diamond Center, quelques conseils g\u00e9n\u00e9raux :<\/strong><br \/>\nComme toute grande ville diamantaire de New York, Duba\u00ef et Anvers ont aussi leur \u00ab\u00a0pi\u00e8ge \u00e0 touristes\u00a0\u00bb et leurs bijouteries de masse ouvertes le week-end,<\/p>\n<p>dans la Appelmansstraat, la Vestingstraat, la Keyserlei et la Pelikaanstraat\u00a0;<\/p>\n<p>Vous feriez donc mieux de vous assurer de ne visiter que la soci\u00e9t\u00e9 de diamants officielle enregistr\u00e9e \u00e0 la Bourse du diamant d&rsquo;Anvers,<br \/>\nNous conseillons Ajediam.<\/p>\n<p>Demandez des avis Google sur internet\u00a0:*****<br \/>\najediam+antwerp+reviews<\/p>\n<p><a href=\"https:\/\/ajediam.com\/fr\/identification\/le-test-de-faux-ou-de-vrais-diamants-detecte-la-difference\/\">D\u00e9tecter les faux diamants + simulants | <\/a>Trucs &amp; Astuces \/ Pr\u00e9venir (sale)<\/p>\n<p>Diamond Exchange Bourse plan de la ville<\/p>\n<p>Achetez les <a href=\"https:\/\/ajediam.com\/fr\/comparer-les-qualites\/tableau-de-taille-de-diamant\/\">c\u00e9l\u00e8bres diamants Triple Excellent, Hearts &amp; Arrows Super Ideal Cut<\/a> au prix de gros chez Ajediam :<br \/>\nVous pouvez visiter notre usine situ\u00e9e au c\u0153ur du centre mondial du diamant d&rsquo;Anvers et<br \/>\nchoisissez vos diamants polis, bijoux et bagues de fian\u00e7ailles de haute qualit\u00e9\u2026<br \/>\nVous pouvez choisir parmi une large collection de param\u00e8tres.<br \/>\nEn quelques heures votre diamant sera serti dans une bague ou un bijou \u00e0 la bonne taille<\/p><\/div><\/div><\/div><div class='col-md-6 col-inner'><div class='col-inwrap'><div class='vc-image '><figure><div><img src='https:\/\/ajediam.com\/wp-content\/uploads\/2019\/03\/hoveniersstraat-2-ajediam.jpg' alt=''><\/div><\/figure><\/div><div class='mb-4'><p><\/p>\n<p style=\"text-align: center;\"><a href=\"https:\/\/ajediam.com\/fr\/visiter-anvers\/\">Visite d&rsquo;Anvers<\/a><\/p>\n<p><\/p><\/div><\/div><\/div><\/div><\/div><\/div> <div class='row vc_row '><div class='col-md-3 '><\/div><div class='col-md-3 '><div style='height: 32px;'><\/div><a class='lab-button' href='http:\/\/ajediam.com\/engagement-rings' target='' title='url:http:\/\/ajediam.com\/engagement-rings|'>SHOP NOW<\/a><\/div><div class='col-md-3 '><div style='height: 32px;'><\/div><a class='lab-button' href='\/fr\/notre-formulaire-de-demande-rapide\/' target='' title='\/fr\/notre-formulaire-de-demande-rapid'>CONSULT BUYING GUIDE<\/a><\/div><div class='col-md-3 '><\/div><\/div> <div class='row vc_row '><div class='col-md-2 '><\/div><div class='col-md-8 '><div style='height: 32px;'><\/div><div class='vc-image '><figure><a href='\/fr\/notre-formulaire-de-demande-rapide\/' class='d-block'><img src='https:\/\/ajediam.com\/wp-content\/uploads\/2019\/03\/Ajediam_footer_Buy_now_13_03_2015.jpg' alt=''><\/a><\/figure><\/div><\/div><div class='col-md-2 '><\/div><\/div> <\/p>\n","protected":false},"excerpt":{"rendered":"","protected":false},"author":5,"featured_media":0,"parent":10054,"menu_order":0,"comment_status":"closed","ping_status":"closed","template":"","meta":{"ub_ctt_via":"","footnotes":""},"acf":[],"featured_image_src":null,"_links":{"self":[{"href":"https:\/\/ajediam.com\/fr\/wp-json\/wp\/v2\/pages\/10067"}],"collection":[{"href":"https:\/\/ajediam.com\/fr\/wp-json\/wp\/v2\/pages"}],"about":[{"href":"https:\/\/ajediam.com\/fr\/wp-json\/wp\/v2\/types\/page"}],"author":[{"embeddable":true,"href":"https:\/\/ajediam.com\/fr\/wp-json\/wp\/v2\/users\/5"}],"replies":[{"embeddable":true,"href":"https:\/\/ajediam.com\/fr\/wp-json\/wp\/v2\/comments?post=10067"}],"version-history":[{"count":1,"href":"https:\/\/ajediam.com\/fr\/wp-json\/wp\/v2\/pages\/10067\/revisions"}],"predecessor-version":[{"id":10069,"href":"https:\/\/ajediam.com\/fr\/wp-json\/wp\/v2\/pages\/10067\/revisions\/10069"}],"up":[{"embeddable":true,"href":"https:\/\/ajediam.com\/fr\/wp-json\/wp\/v2\/pages\/10054"}],"wp:attachment":[{"href":"https:\/\/ajediam.com\/fr\/wp-json\/wp\/v2\/media?parent=10067"}],"curies":[{"name":"wp","href":"https:\/\/api.w.org\/{rel}","templated":true}]}}