{"id":10141,"date":"2023-05-09T13:21:56","date_gmt":"2023-05-09T13:21:56","guid":{"rendered":"https:\/\/ajediam.com\/?page_id=10141"},"modified":"2023-07-05T17:56:18","modified_gmt":"2023-07-05T17:56:18","slug":"histoire","status":"publish","type":"page","link":"https:\/\/ajediam.com\/fr\/histoire\/","title":{"rendered":"Histoire du Diamant"},"content":{"rendered":"\n<p class=\"tt1\">D\u00e9couvrez l&rsquo;histoire \u00e0 travers l&rsquo;objectif d&rsquo;un diamantaire.<\/p>\n\n\n\n<p class=\"tt2\">Embarquez pour un voyage captivant dans le temps avec notre section Histoire du diamant, o\u00f9 nous explorons les histoires fascinantes des diamants et l&rsquo;\u00e9volution de notre industrie. D\u00e9couvrez les histoires remarquables de ces pierres pr\u00e9cieuses et d\u00e9couvrez les \u00e9v\u00e9nements et jalons importants qui ont fa\u00e7onn\u00e9 le monde des diamants. Des origines anciennes \u00e0 l&rsquo;innovation moderne, ce r\u00e9cit historique offre une perspective unique sur l&rsquo;attrait durable de ces tr\u00e9sors extraordinaires.<\/p>\n","protected":false},"excerpt":{"rendered":"<p>D\u00e9couvrez l&rsquo;histoire \u00e0 travers l&rsquo;objectif d&rsquo;un diamantaire. Embarquez pour un voyage captivant dans le temps avec notre section Histoire du diamant, o\u00f9 nous explorons les histoires fascinantes des diamants et l&rsquo;\u00e9volution de notre industrie. D\u00e9couvrez les histoires remarquables de ces pierres pr\u00e9cieuses et d\u00e9couvrez les \u00e9v\u00e9nements et jalons importants qui ont fa\u00e7onn\u00e9 le monde des [&hellip;]<\/p>\n","protected":false},"author":5,"featured_media":0,"parent":0,"menu_order":0,"comment_status":"closed","ping_status":"closed","template":"childpage-page.php","meta":{"ub_ctt_via":"","footnotes":""},"acf":[],"featured_image_src":null,"_links":{"self":[{"href":"https:\/\/ajediam.com\/fr\/wp-json\/wp\/v2\/pages\/10141"}],"collection":[{"href":"https:\/\/ajediam.com\/fr\/wp-json\/wp\/v2\/pages"}],"about":[{"href":"https:\/\/ajediam.com\/fr\/wp-json\/wp\/v2\/types\/page"}],"author":[{"embeddable":true,"href":"https:\/\/ajediam.com\/fr\/wp-json\/wp\/v2\/users\/5"}],"replies":[{"embeddable":true,"href":"https:\/\/ajediam.com\/fr\/wp-json\/wp\/v2\/comments?post=10141"}],"version-history":[{"count":2,"href":"https:\/\/ajediam.com\/fr\/wp-json\/wp\/v2\/pages\/10141\/revisions"}],"predecessor-version":[{"id":10152,"href":"https:\/\/ajediam.com\/fr\/wp-json\/wp\/v2\/pages\/10141\/revisions\/10152"}],"wp:attachment":[{"href":"https:\/\/ajediam.com\/fr\/wp-json\/wp\/v2\/media?parent=10141"}],"curies":[{"name":"wp","href":"https:\/\/api.w.org\/{rel}","templated":true}]}}