{"id":10143,"date":"2019-04-05T06:32:42","date_gmt":"2019-04-05T06:32:42","guid":{"rendered":"https:\/\/ajediam.com\/?page_id=10143"},"modified":"2023-07-05T17:27:09","modified_gmt":"2023-07-05T17:27:09","slug":"diamants-damsterdam","status":"publish","type":"page","link":"https:\/\/ajediam.com\/fr\/histoire\/diamants-damsterdam\/","title":{"rendered":"Hausse Et D\u00e9clin Int\u00e9ressants Du March\u00e9 Du Diamant d&rsquo;Amsterdam"},"content":{"rendered":"\n<div style=\"height:100px\" aria-hidden=\"true\" class=\"wp-block-spacer\"><\/div>\n\n\n\n<p>De nos jours, quand vous pensez o\u00f9 acheter votre diamant, vous pensez peut-\u00eatre \u00e0 Anvers. Mais saviez-vous que la capitale mondiale du diamant \u00e9tait autrefois Amsterdam ? Pendant plus de 300 ans, la capitale n\u00e9erlandaise a \u00e9t\u00e9 la patrie de ma\u00eetres et n\u00e9gociants en diamants renomm\u00e9s. Ces ma\u00eetres diamantaires \u00e9taient pour la plupart des Juifs s\u00e9farades qui avaient fui l&rsquo;Inquisition et \u00e9taient venus \u00e0 Amsterdam. Les Pays-Bas sont l&rsquo;un des endroits les plus tol\u00e9rants sur le plan religieux en Europe depuis le Moyen \u00c2ge. Ainsi, il est devenu un refuge pour les Juifs qui fuyaient la pers\u00e9cution. \u00c0 leur tour, ils ont aid\u00e9 le commerce du diamant \u00e0 prosp\u00e9rer, faisant d&rsquo;Amsterdam une ville riche et puissante. La capitale n\u00e9erlandaise a \u00e9t\u00e9 \u00ab la ville des diamants \u00bb pendant plus de 300 ans jusqu&rsquo;\u00e0 ce que le titre passe \u00e0 Anvers en Belgique.<\/p>\n\n\n\n<p>Dans cet article vous trouverez:<\/p>\n\n\n\n<ul><li>Origines du commerce du diamant \u00e0 Amsterdam<\/li><li>Gemmes c\u00e9l\u00e8bres de \u00ab\u00a0la ville des diamants\u00a0\u00bb<\/li><li>Le d\u00e9clin d&rsquo;Amsterdam dans le commerce du diamant<\/li><li>Le march\u00e9 international du diamant aujourd&rsquo;hui<\/li><\/ul>\n\n\n\n<h2 class=\"wp-block-heading\">Origines du commerce du diamant \u00e0 Amsterdam<\/h2>\n\n\n\n<h3 class=\"wp-block-heading\">La longue route vers Amsterdam<\/h3>\n\n\n\n<p>Lorsqu&rsquo;on parle de l&rsquo;histoire d&rsquo;Amsterdam en tant que ville de diamants, on ne peut ignorer l&rsquo;influence int\u00e9grale de son peuple juif. Leur histoire remonte \u00e0 l&rsquo;Espagne et au Portugal dans les ann\u00e9es 1500 o\u00f9 ils \u00e9taient d\u00e9j\u00e0 des orf\u00e8vres et des diamantaires renomm\u00e9s. L&rsquo;Inquisition dans la p\u00e9ninsule ib\u00e9rique les obligea \u00e0 choisir entre l&rsquo;expulsion ou la conversion. Une majorit\u00e9 de Juifs s\u00e9farades ont trouv\u00e9 une nouvelle maison \u00e0 Anvers et \u00e0 Amsterdam et ont apport\u00e9 avec eux leur expertise et leurs relations dans le commerce des pierres pr\u00e9cieuses.<\/p>\n\n\n\n<p>Les deux villes ont permis aux communaut\u00e9s juives s\u00e9farades de pratiquer librement leur religion. Ils n&rsquo;\u00e9taient pas autoris\u00e9s \u00e0 poss\u00e9der des terres et \u00e0 entrer dans les guildes de nombreux m\u00e9tiers et professions. Ils ne pouvaient exercer que \u00ab les m\u00e9tiers libres \u00bb, dont le commerce. Il convient de mentionner que leur savoir-faire et leur expertise sont souvent cr\u00e9dit\u00e9s d&rsquo;avoir apport\u00e9 la renomm\u00e9e et la fortune aux deux villes pour les si\u00e8cles \u00e0 venir.<\/p>\n\n\n\n<p>Des navires du monde entier arrivaient dans les ports d&rsquo;Anvers, ce qui en faisait \u00e0 l&rsquo;\u00e9poque le centre commercial le plus puissant d&rsquo;Europe. Dans les ann\u00e9es 1500, environ 40 % du commerce mondial transitait par les ports d&rsquo;Anvers. De plus, la taille de pierres pr\u00e9cieuses \u00e9tait tr\u00e8s rare en Europe \u00e0 cette \u00e9poque, ce qui rendit Anvers encore plus c\u00e9l\u00e8bre. Cependant, cet \u00e2ge d&rsquo;or de la finance et de la richesse a \u00e9galement entra\u00een\u00e9 des troubles politiques. Le point culminant de la violence est devenu connu sous le nom de <a href=\"https:\/\/fr.wikipedia.org\/wiki\/Sac_d%27Anvers\" target=\"_blank\" rel=\"noreferrer noopener nofollow\">fureur espagnole<\/a> qui s&rsquo;est produite dans tous les Pays-Bas. A Anvers, au cours du mois de novembre 1576, environ un millier de b\u00e2timents sont incendi\u00e9s et 17 000 hommes, femmes et enfants sont assassin\u00e9s.<\/p>\n\n\n\n<p>Cet \u00e9v\u00e9nement \u00e9tait probablement la raison pour laquelle la majorit\u00e9 des ma\u00eetres diamantaires ont d\u00e9m\u00e9nag\u00e9 \u00e0 Amsterdam. Cette relocalisation de la main-d&rsquo;\u0153uvre sp\u00e9cialis\u00e9e a finalement fait de la ville le plus important centre de commerce de diamants d&rsquo;Europe. Un tiers de la communaut\u00e9 juive \u00e9tait impliqu\u00e9 dans le commerce du diamant, qui constituait une grande partie de l&rsquo;\u00e9conomie de la ville. L&rsquo;ancien quartier juif se trouve encore aujourd&rsquo;hui au c\u0153ur d&rsquo;Amsterdam, juste \u00e0 c\u00f4t\u00e9 de la rivi\u00e8re Amstel. Le quartier est entour\u00e9 de canaux de tous c\u00f4t\u00e9s &#8211; Nieuwe Herengracht, Oudeschans et l&rsquo;Oosterdok.<\/p>\n\n\n\n<h3 class=\"wp-block-heading\">Willem Vermaet &#8211; le premier n\u00e9gociant en diamants document\u00e9 \u00e0 Amsterdam<\/h3>\n\n\n\n<p>Il n&rsquo;y a pas beaucoup de documentation sur le commerce des diamants \u00e0 Amsterdam jusqu&rsquo;au 15 novembre 1586. \u00c0 cette date, Willem Vermaet, un diamantaire, a \u00e9t\u00e9 inscrit dans les registres des mariages de la ville avec le titre de \u00ab diamantaire \u00bb. Vermaet \u00e9tait l&rsquo;un des citoyens d&rsquo;Anvers, qui ont fui la fureur espagnole en 1585. C&rsquo;\u00e9tait un n\u00e9gociant en diamants qui a continu\u00e9 son m\u00e9tier \u00e0 Amsterdam. C&rsquo;\u00e9tait le premier document prouvant la place d&rsquo;Amsterdam dans l&rsquo;histoire en tant que centre de commerce de diamants.<\/p>\n\n\n\n<h2 class=\"wp-block-heading\">Gemmes c\u00e9l\u00e8bres d&rsquo;Amsterdam &lsquo;La ville des diamants&rsquo;<\/h2>\n\n\n\n<p>Pendant le r\u00e8gne d&rsquo;Amsterdam en tant que \u00abville des diamants\u00bb, son industrie du diamant a produit et manipul\u00e9 certaines des pierres les plus c\u00e9l\u00e8bres de l&rsquo;histoire du commerce du diamant. Nous avons s\u00e9lectionn\u00e9 quatre des diamants les plus \u00e9blouissants et enchanteurs qui ont \u00e9t\u00e9 manipul\u00e9s \u00e0 Amsterdam.<\/p>\n\n\n\n<h3 class=\"wp-block-heading\">Le diamant Orlov et Catherine la Grande (189,62 carats)<\/h3>\n\n\n\n<p>L&rsquo;Orlov, du nom du comte Grigori Orlov, a une histoire int\u00e9ressante. La l\u00e9gende raconte que la pierre \u00e9tait l&rsquo;\u0153il d&rsquo;une statue de temple \u00e0 Madras &#8211; un ancien \u00c9tat indien. Un soldat fran\u00e7ais l&rsquo;aurait vol\u00e9 au milieu du XVIIIe si\u00e8cle. Le diamant a voyag\u00e9 \u00e0 travers le monde et a finalement trouv\u00e9 son chemin vers Amsterdam en 1767. Il a \u00e9t\u00e9 d\u00e9crit comme un \u00ab petit \u0153uf de poule Bantam \u00bb.<\/p>\n\n\n\n<p>De nombreux \u00e9rudits pensent que le diamant Orlov pourrait \u00eatre le tristement c\u00e9l\u00e8bre diamant Great Mogul. Une fois aux Pays-Bas, le diamant a \u00e9t\u00e9 achet\u00e9 par le comte Orlov dont la pierre tire son nom. Le comte l&rsquo;a achet\u00e9 en signe d&rsquo;appr\u00e9ciation pour l&rsquo;imp\u00e9ratrice russe Catherine II (Catherine la Grande). Il esp\u00e9rait qu&rsquo;elle lui rendrait son amour.<\/p>\n\n\n\n<p>L&rsquo;imp\u00e9ratrice a accept\u00e9 le cadeau mais pas le comte Orlov. Elle fit sertir le diamant dans le sceptre imp\u00e9rial o\u00f9 il demeure \u00e0 ce jour. Il est actuellement expos\u00e9 \u00e0 l&rsquo;armurerie du Kremlin de Moscou dans le cadre de la Diamond Fund Collection.<\/p>\n\n\n\n<h3 class=\"wp-block-heading\">Le Koh-I-Noor et la famille royale britannique (105,6 carats)<\/h3>\n\n\n\n<p>Le Koh-I-Noor est l&rsquo;un des diamants les plus c\u00e9l\u00e8bres au monde. Avec un poids de 105,6 carats, c&rsquo;est l&rsquo;un des plus gros diamants taill\u00e9s qui existent. Lorsqu&rsquo;il est apparu pour la premi\u00e8re fois en 1851 \u00e0 la Grande Exposition de Londres, il n&rsquo;a pas beaucoup impressionn\u00e9 les t\u00e9l\u00e9spectateurs avec sa coupe. Le prince Albert (le mari de la reine Victoria) l&rsquo;a achet\u00e9. Il l&rsquo;envoya ensuite \u00e0 Coster Diamonds \u00e0 Amsterdam pour \u00eatre retaill\u00e9 en brillant ovale. La reine Victoria a port\u00e9 le diamant jusqu&rsquo;\u00e0 sa mort.<\/p>\n\n\n\n<p>Il a \u00e9t\u00e9 transmis \u00e0 ses descendantes. Fait int\u00e9ressant, cela est d\u00fb \u00e0 l&rsquo;histoire sanglante du diamant avant d&rsquo;arriver en possession de la Couronne. La famille royale britannique croyait qu&rsquo;il porte malheur \u00e0 tous les hommes qui le portent. C&rsquo;est pourquoi il n&rsquo;a \u00e9t\u00e9 port\u00e9 que par des femmes depuis son achat. La derni\u00e8re place du Koh-I-Noor \u00e9tait dans la couronne de la reine Elizabeth (la reine m\u00e8re) o\u00f9 il est rest\u00e9. Il est disponible \u00e0 voir dans la Jewel House de la Tour de Londres.<\/p>\n\n\n\n<p>Le diamant, tr\u00e8s probablement, est originaire d&rsquo;Inde. Depuis que le pays a obtenu son ind\u00e9pendance du Royaume-Uni, les gouvernements de l&rsquo;Inde, du Pakistan, de l&rsquo;Iran et de l&rsquo;Afghanistan ont demand\u00e9 que le Koh-I-Noor leur soit restitu\u00e9. Ils croient qu&rsquo;ils sont les propri\u00e9taires l\u00e9gitimes. La Couronne a refus\u00e9 toutes les demandes, d\u00e9clarant que le diamant avait \u00e9t\u00e9 acquis l\u00e9galement. Ainsi, c&rsquo;est la propri\u00e9t\u00e9 l\u00e9gitime de la royaut\u00e9 britannique.<\/p>\n\n\n\n<h3 class=\"wp-block-heading\">Le diamant d&rsquo;Amsterdam<\/h3>\n\n\n\n<p>L&rsquo;un des joyaux les plus rares au monde &#8211; le diamant noir d&rsquo;Amsterdam de 33,7 carats. Il a \u00e9t\u00e9 d\u00e9couvert en Afrique du Sud dans les ann\u00e9es 1970. Sa couleur, son poids et sa duret\u00e9 \u00e9taient si rares et impressionnants qu&rsquo;il s&rsquo;agit peut-\u00eatre du seul diamant de ce type jamais trouv\u00e9 en Afrique du Sud. Le destin de la pierre \u00e9tait d&rsquo;\u00eatre transform\u00e9e en poussi\u00e8re de diamant ou d&rsquo;\u00eatre bris\u00e9e en plus petits morceaux.<\/p>\n\n\n\n<p>Les caract\u00e9ristiques de celle-ci, cependant, \u00e9taient si impressionnantes que les tailleurs de diamants d&rsquo;Amsterdam &#8211; D. Drukker &amp; Son &#8211; qui ont achet\u00e9 la pierre en 1972, ont d\u00e9cid\u00e9 de la tailler et de la polir comme une pierre pr\u00e9cieuse. La ville d&rsquo;Amsterdam a c\u00e9l\u00e9br\u00e9 son 700e anniversaire, la pierre a donc \u00e9t\u00e9 nomm\u00e9e \u00ab\u00a0Le diamant d&rsquo;Amsterdam\u00a0\u00bb en son honneur. Il a \u00e9t\u00e9 coup\u00e9 en forme de poire. Contrairement aux autres diamants noirs, celui d&rsquo;Amsterdam reste tr\u00e8s opaque sous une lumi\u00e8re le rendant remarquablement lustr\u00e9. Cela contribue encore plus \u00e0 sa singularit\u00e9. Depuis les ann\u00e9es 70, le diamant est apparu dans de nombreuses expositions.<\/p>\n\n\n\n<h3 class=\"wp-block-heading\">La coupe Asscher<\/h3>\n\n\n\n<p>Bien qu&rsquo;il ne s&rsquo;agisse pas d&rsquo;un diamant en soi, la taille Asscher est l&rsquo;une des tailles de diamants les plus classiques et les plus recherch\u00e9es. Nous avons donc d\u00e9cid\u00e9 de l&rsquo;int\u00e9grer \u00e0 nos c\u00e9l\u00e8bres diamants d&rsquo;Amsterdam. Il a \u00e9t\u00e9 brevet\u00e9 pour la premi\u00e8re fois en 1902 par Joseph Asscher d&rsquo;Amsterdam. Aussi connue sous le nom de taille \u00e9meraude carr\u00e9e, la coupe est devenue largement populaire pendant la p\u00e9riode Art d\u00e9co, la forme \u00e9tait tr\u00e8s attrayante et correspondait au style. Depuis que le brevet a expir\u00e9 pendant la 2e guerre mondiale, la plupart des tailleurs de diamants sont difficiles \u00e0 tailler la taille Asscher. De nos jours, la coupe est plus populaire que jamais et peut \u00eatre trouv\u00e9e partout dans le monde.<\/p>\n\n\n\n<h2 class=\"wp-block-heading\">Le d\u00e9clin d&rsquo;Amsterdam dans le commerce du diamant<\/h2>\n\n\n\n<p>L&rsquo;industrie du n\u00e9goce de diamants a prosp\u00e9r\u00e9 \u00e0 Amsterdam pendant des si\u00e8cles. Cela \u00e9tait en grande partie d\u00fb au fait que la ville \u00e9tait un refuge pour les communaut\u00e9s juives, sp\u00e9cialis\u00e9es dans le commerce des diamants. Cependant, lorsque la Seconde Guerre mondiale a atteint les Pays-Bas, Amsterdam a cess\u00e9 d&rsquo;\u00eatre un endroit s\u00fbr pour les Juifs.<\/p>\n\n\n\n<h3 class=\"wp-block-heading\">L&rsquo;impact de la Seconde Guerre mondiale, d&rsquo;Amsterdam \u00e0 Anvers<\/h3>\n\n\n\n<p>L&rsquo;Allemagne nazie a introduit sa politique de s\u00e9gr\u00e9gation raciale aux Pays-Bas en 1940. Cela a conduit au vol syst\u00e9matique des Juifs de tous leurs biens et finalement \u00e0 leur d\u00e9portation vers des camps de la mort. Sur les 140 000 Juifs hollandais vivant aux Pays-Bas, moins de 25 % ont surv\u00e9cu \u00e0 l&rsquo;occupation nazie. Les statistiques morbides des taux de victimes de l&rsquo;holocauste montrent que celui-ci est particuli\u00e8rement \u00e9lev\u00e9 pour une ville d&rsquo;Europe occidentale.<\/p>\n\n\n\n<p>Le quartier diamantaire d&rsquo;Amsterdam ne s&rsquo;est jamais remis de cette perte. Au lendemain de l&rsquo;Holocauste, les diamantaires juifs qui avaient surv\u00e9cu d\u00e9cid\u00e8rent de repartir \u00e0 z\u00e9ro \u00e0 Anvers. Les principales raisons en \u00e9taient \u00e9conomiques. La ville d&rsquo;Anvers a offert des incitations fiscales aux n\u00e9gociants en diamants, qui \u00e9taient cruciales pour les n\u00e9gociants qui devaient reconstruire leur entreprise \u00e0 partir de z\u00e9ro.<\/p>\n\n\n\n<p>Les Pays-Bas ont peu fait pour prot\u00e9ger leur peuple juif de la d\u00e9portation. Pendant ce temps, la population anversoise non juive proteste en grand nombre et r\u00e9siste aux mesures prises contre son peuple juif pendant l&rsquo;occupation. Bien que les pertes aient \u00e9t\u00e9 importantes dans les deux pays, la disparit\u00e9 des taux de pertes est tr\u00e8s importante.<\/p>\n\n\n\n<h3 class=\"wp-block-heading\">L&rsquo;h\u00e9ritage d&rsquo;Amsterdam<\/h3>\n\n\n\n<p>En raison de sa riche histoire avec les diamants, la ville n\u00e9erlandaise entretient quelques liens avec la tradition du polissage des diamants. La renomm\u00e9e des diamants tels que le Koh-I-Noor et le Cullinan r\u00e9sonne encore. Cependant, Amsterdam a perdu son statut de centre de n\u00e9goce de diamants et n&rsquo;occupe plus une position pertinente dans l&rsquo;industrie.<\/p>\n\n\n\n<h2 class=\"wp-block-heading\">Les march\u00e9s internationaux du diamant aujourd&rsquo;hui<\/h2>\n\n\n\n<p>Aujourd&rsquo;hui, Anvers est la capitale mondiale du diamant. On rapporte que le mile carr\u00e9 de son \u00abquartier du diamant\u00bb abrite environ 1 600 commer\u00e7ants de diamants. Avec ses quatre bourses du diamant, Anvers contr\u00f4le 86 % du commerce mondial des diamants bruts et 50 % du commerce des diamants polis.<\/p>\n\n\n\n<p>New York et Tel-Aviv se sont impos\u00e9s comme des centres secondaires de n\u00e9goce de diamants, en raison de la r\u00e9installation de nombreuses familles juives commer\u00e7antes de diamants pendant la Seconde Guerre mondiale en dehors du vieux continent.<\/p>\n\n\n\n<p>R\u00e9cemment, Mumbai et Hong Kong ont \u00e9galement atteint le niveau des march\u00e9s internationaux secondaires. Cependant, en raison de sa main-d&rsquo;\u0153uvre diamantaire in\u00e9gal\u00e9e, Anvers reste le lieu de pr\u00e9dilection des acheteurs de diamants du monde entier.<\/p>\n\n\n\n<h3 class=\"wp-block-heading\">Pour les passionn\u00e9s de diamants<\/h3>\n\n\n\n<p>L&rsquo;achat d&rsquo;un diamant peut \u00eatre une aventure en soi si vous \u00eates pr\u00eat \u00e0 voyager et \u00e0 rechercher le partenaire id\u00e9al. Si vous recherchez une exp\u00e9rience authentique, envisagez de visiter la capitale mondiale du diamant moderne &#8211; Anvers. Chez Ajediam, il nous fera plaisir de vous aider \u00e0 trouver le diamant parfait ! <a href=\"https:\/\/ajediam.com\/fr\/a-propos-dajediam\/contactez-nous\/\" data-type=\"page\" data-id=\"9703\">Contactez <\/a>l&rsquo;\u00e9quipe Ajediam d\u00e8s maintenant.<\/p>\n","protected":false},"excerpt":{"rendered":"<p>De nos jours, quand vous pensez o\u00f9 acheter votre diamant, vous pensez peut-\u00eatre \u00e0 Anvers. Mais saviez-vous que la capitale mondiale du diamant \u00e9tait autrefois Amsterdam ? Pendant plus de 300 ans, la capitale n\u00e9erlandaise a \u00e9t\u00e9 la patrie de ma\u00eetres et n\u00e9gociants en diamants renomm\u00e9s. Ces ma\u00eetres diamantaires \u00e9taient pour la plupart des Juifs [&hellip;]<\/p>\n","protected":false},"author":5,"featured_media":9501,"parent":10141,"menu_order":0,"comment_status":"closed","ping_status":"closed","template":"jewel-cleaner-page.php","meta":{"ub_ctt_via":"","footnotes":""},"acf":[],"featured_image_src":"https:\/\/ajediam.com\/wp-content\/uploads\/2022\/06\/Ships-on-the-River-near-Amsterdam-dutch-school-first-half-18th-century-dorotheum-scaled.jpg","_links":{"self":[{"href":"https:\/\/ajediam.com\/fr\/wp-json\/wp\/v2\/pages\/10143"}],"collection":[{"href":"https:\/\/ajediam.com\/fr\/wp-json\/wp\/v2\/pages"}],"about":[{"href":"https:\/\/ajediam.com\/fr\/wp-json\/wp\/v2\/types\/page"}],"author":[{"embeddable":true,"href":"https:\/\/ajediam.com\/fr\/wp-json\/wp\/v2\/users\/5"}],"replies":[{"embeddable":true,"href":"https:\/\/ajediam.com\/fr\/wp-json\/wp\/v2\/comments?post=10143"}],"version-history":[{"count":1,"href":"https:\/\/ajediam.com\/fr\/wp-json\/wp\/v2\/pages\/10143\/revisions"}],"predecessor-version":[{"id":10144,"href":"https:\/\/ajediam.com\/fr\/wp-json\/wp\/v2\/pages\/10143\/revisions\/10144"}],"up":[{"embeddable":true,"href":"https:\/\/ajediam.com\/fr\/wp-json\/wp\/v2\/pages\/10141"}],"wp:featuredmedia":[{"embeddable":true,"href":"https:\/\/ajediam.com\/fr\/wp-json\/wp\/v2\/media\/9501"}],"wp:attachment":[{"href":"https:\/\/ajediam.com\/fr\/wp-json\/wp\/v2\/media?parent=10143"}],"curies":[{"name":"wp","href":"https:\/\/api.w.org\/{rel}","templated":true}]}}