{"id":10145,"date":"2019-04-27T18:58:51","date_gmt":"2019-04-27T18:58:51","guid":{"rendered":"https:\/\/ajediam.com\/?page_id=10145"},"modified":"2023-07-05T17:49:16","modified_gmt":"2023-07-05T17:49:16","slug":"symboles-des-pierres-precieuses","status":"publish","type":"page","link":"https:\/\/ajediam.com\/fr\/histoire\/symboles-des-pierres-precieuses\/","title":{"rendered":"Symboles des pierres pr\u00e9cieuses"},"content":{"rendered":"<p><div class='row vc_row '><div class='col-md-12 '><div class='mb-4'><p><\/p>\n<p><strong>Comment d\u00e9couvrir les significations et les propri\u00e9t\u00e9s des pierres pr\u00e9cieuses ?<\/strong><\/p>\n<p>D\u00e9couvrez les symboliques m\u00e9taphysiques les plus courantes, les propri\u00e9t\u00e9s curatives, les pouvoirs, les significations spirituelles et le signe astrologique des pierres pr\u00e9cieuses et des cristaux.<\/p><\/div><hr class='mb-4' \/><\/div><\/div> <div class='row vc_row '><div class='col-md-3 vc_custom_1556381094314'><div class='mb-4'><p><\/p>\n<p style=\"text-align: center;\"><strong>Diamant, l&#8217;empereur des pierres pr\u00e9cieuses<\/strong><\/p>\n<p><\/p><\/div><div class='vc-image text-center'><figure><div><img src='https:\/\/ajediam.com\/wp-content\/uploads\/2019\/03\/Triple_Excellent_Hearts___Arrows_brilliant_diamond.jpg' alt=''><\/div><\/figure><\/div><div class='mb-4'><p><\/p>\n<p style=\"text-align: center;\">Le symbole du bonheur, du succ\u00e8s, de la splendeur et de la perfection<\/p>\n<p><\/p><\/div><\/div><style>.vc_custom_1556381094314 { border-top-width: 0px !important;border-right-width: 0px !important;border-bottom-width: 0px !important;border-left-width: 0px !important;border-left-color: #a2bde8 !important;border-left-style: solid !important;border-right-color: #a2bde8 !important;border-right-style: solid !important;border-top-color: #a2bde8 !important;border-top-style: solid !important;border-bottom-color: #a2bde8 !important;border-bottom-style: solid !important;} }<\/style><div class='col-md-3 vc_custom_1556381103292'><div class='mb-4'><p><\/p>\n<p style=\"text-align: center;\"><strong>\u00c9meraude, l&rsquo;\u00e9ternelle jeunesse<\/strong><\/p>\n<p><\/p><\/div><div class='vc-image text-center'><figure><div><img src='https:\/\/ajediam.com\/wp-content\/uploads\/2019\/03\/Emerald_2.275_x_1.772.jpg' alt=''><\/div><\/figure><\/div><div class='mb-4'><p><\/p>\n<p style=\"text-align: center;\">Le symbole de l&rsquo;\u00e9ternelle jeunesse, de la cr\u00e9ativit\u00e9, de la puissance et de la passion<\/p>\n<p><\/p><\/div><\/div><style>.vc_custom_1556381103292 { border-top-width: 0px !important;border-right-width: 0px !important;border-bottom-width: 0px !important;border-left-width: 0px !important;border-left-color: #a2bde8 !important;border-left-style: solid !important;border-right-color: #a2bde8 !important;border-right-style: solid !important;border-top-color: #a2bde8 !important;border-top-style: solid !important;border-bottom-color: #a2bde8 !important;border-bottom-style: solid !important;} }<\/style><div class='col-md-3 vc_custom_1556381111227'><div class='mb-4'><p><\/p>\n<p style=\"text-align: center;\"><strong>Rubis, le seigneur des pierres pr\u00e9cieuses<\/strong><\/p>\n<p><\/p><\/div><div class='vc-image text-center'><figure><div><img src='https:\/\/ajediam.com\/wp-content\/uploads\/2019\/03\/Ruby_10mm_785b.jpg' alt=''><\/div><\/figure><\/div><div class='mb-4'><p><\/p>\n<p style=\"text-align: center;\">Le symbole du prestige et de la dignit\u00e9<\/p>\n<p><\/p><\/div><\/div><style>.vc_custom_1556381111227 { border-top-width: 0px !important;border-right-width: 0px !important;border-bottom-width: 0px !important;border-left-width: 0px !important;border-left-color: #a2bde8 !important;border-left-style: solid !important;border-right-color: #a2bde8 !important;border-right-style: solid !important;border-top-color: #a2bde8 !important;border-top-style: solid !important;border-bottom-color: #a2bde8 !important;border-bottom-style: solid !important;} }<\/style><div class='col-md-3 '><div class='mb-4'><p><\/p>\n<p style=\"text-align: center;\"><strong>Saphir, le pouvoir de concilier les forces universelles de la nature<\/strong><\/p>\n<p><\/p><\/div><div class='vc-image text-center'><figure><div><img src='https:\/\/ajediam.com\/wp-content\/uploads\/2019\/03\/Sapphire_cashmir_bleu_10mm_616b.jpg' alt=''><\/div><\/figure><\/div><div class='mb-4'><p><\/p>\n<p style=\"text-align: center;\">Le symbole de la v\u00e9rit\u00e9, de la justice et de l&rsquo;\u00e9ternelle fid\u00e9lit\u00e9<\/p>\n<p><\/p><\/div><\/div><style>. { .vc_custom_155638<\/p>\n<p>1118123{border-top-width: 0px !important;border-right-width: 0px !important;border-bottom-width: 0px !important;border-right-color: #a2bde8 !important;border-right-style: solid !important;border-top-color: #a2bde8 !important;border-top-style: solid !important;border-bottom-color: #a2bde8 !important;border-bottom-style: solid !important;} }<\/style><\/div> <div class='row vc_row '><div class='col-md-12 '><div class='row '><div class='col-md-12 col-inner'><div class='col-inwrap'><div class='mb-4'><p><\/p>\n<p>Laissez-nous vous aider : Envoyez-nous un <a href=\"\/fr\/notre-formulaire-de-demande-rapide\/\">e-mail<\/a> ou appelez-nous au Tel: + 32 3 808 72 02 ou<\/p>\n<p style=\"text-align: center;\"><a href=\"\/fr\/notre-formulaire-de-demande-rapide\/\"><strong>Consultez le guide d&rsquo;achat<\/strong><\/a><\/p>\n<p><\/p><\/div><div style='height: 32px;'><\/div><\/div><\/div><\/div><hr class='mb-4' \/><div class='mb-4'><p><\/p>\n<p style=\"text-align: center;\"><strong>Tableau des tailles en carats en fonction de l&rsquo;importance pour diff\u00e9rentes formes actuelles :<\/strong><\/p>\n<p><a href=\"https:\/\/ajediam.com\/fr\/diamants-101\/tailles-des-diamants\/\">Tailles de carats pour les diamants brillants ronds<\/a> | <a href=\"https:\/\/ajediam.com\/fr\/diamants-101\/tailles-des-diamants\/\">Tailles de carats pour les diamants princesse<\/a> | <a href=\"https:\/\/ajediam.com\/fr\/diamants-101\/tailles-des-diamants\/\">Tailles de carats pour les diamants \u00e9meraude<\/a> | <a href=\"https:\/\/ajediam.com\/fr\/diamants-101\/tailles-des-diamants\/\">Tailles de carats pour les diamants poire<\/a> | <a href=\"https:\/\/ajediam.com\/fr\/diamants-101\/tailles-des-diamants\/\">Tailles de carats pour les diamants ovales<\/a> | <a href=\"https:\/\/ajediam.com\/fr\/diamants-101\/tailles-des-diamants\/\">Tailles de carats pour les diamants c\u0153ur<\/a> | <a href=\"https:\/\/ajediam.com\/fr\/diamants-101\/tailles-des-diamants\/\">Tailles de carats pour les diamants trillion &#8211; trilliant<\/a> | <a href=\"https:\/\/ajediam.com\/fr\/diamants-101\/tailles-des-diamants\/\">Tailles de carats pour les diamants marquise<\/a> | <a href=\"https:\/\/ajediam.com\/fr\/diamants-101\/tailles-des-diamants\/\">Tailles de carats pour les diamants radiant<\/a> | <a href=\"https:\/\/ajediam.com\/fr\/diamants-101\/tailles-des-diamants\/\">Tailles de carats pour les diamants Asscher<\/a> | <a href=\"https:\/\/ajediam.com\/fr\/diamants-101\/tailles-des-diamants\/\">Tailles de carats pour les diamants coussin<\/a> | <a href=\"https:\/\/ajediam.com\/fr\/diamants-101\/formes-de-diamants\/\">Formes de diamant<\/a><\/p><\/div><div class='mb-4'><p><\/p><\/div><\/div><\/div> <div class='row vc_row '><div class='col-md-2 '><\/div><div class='col-md-8 '><div class='vc-image text-center'><figure><div><img src='https:\/\/ajediam.com\/wp-content\/uploads\/2019\/03\/Ajediam_footer_Buy_now_13_03_2015.jpg' alt=''><\/div><\/figure><\/div><\/div><div class='col-md-2 '><\/div><\/div> <\/p>\n","protected":false},"excerpt":{"rendered":"","protected":false},"author":5,"featured_media":0,"parent":10141,"menu_order":0,"comment_status":"closed","ping_status":"closed","template":"","meta":{"ub_ctt_via":"","footnotes":""},"acf":[],"featured_image_src":null,"_links":{"self":[{"href":"https:\/\/ajediam.com\/fr\/wp-json\/wp\/v2\/pages\/10145"}],"collection":[{"href":"https:\/\/ajediam.com\/fr\/wp-json\/wp\/v2\/pages"}],"about":[{"href":"https:\/\/ajediam.com\/fr\/wp-json\/wp\/v2\/types\/page"}],"author":[{"embeddable":true,"href":"https:\/\/ajediam.com\/fr\/wp-json\/wp\/v2\/users\/5"}],"replies":[{"embeddable":true,"href":"https:\/\/ajediam.com\/fr\/wp-json\/wp\/v2\/comments?post=10145"}],"version-history":[{"count":2,"href":"https:\/\/ajediam.com\/fr\/wp-json\/wp\/v2\/pages\/10145\/revisions"}],"predecessor-version":[{"id":10148,"href":"https:\/\/ajediam.com\/fr\/wp-json\/wp\/v2\/pages\/10145\/revisions\/10148"}],"up":[{"embeddable":true,"href":"https:\/\/ajediam.com\/fr\/wp-json\/wp\/v2\/pages\/10141"}],"wp:attachment":[{"href":"https:\/\/ajediam.com\/fr\/wp-json\/wp\/v2\/media?parent=10145"}],"curies":[{"name":"wp","href":"https:\/\/api.w.org\/{rel}","templated":true}]}}