{"id":10147,"date":"2019-04-07T05:44:41","date_gmt":"2019-04-07T05:44:41","guid":{"rendered":"https:\/\/ajediam.com\/?page_id=10147"},"modified":"2023-07-05T17:52:40","modified_gmt":"2023-07-05T17:52:40","slug":"diamants-de-sang","status":"publish","type":"page","link":"https:\/\/ajediam.com\/fr\/histoire\/diamants-de-sang\/","title":{"rendered":"Diamants de Sang"},"content":{"rendered":"<p><div class='row vc_row '><div class='col-md-12 '><h2 class='section-title'>Qu'est-ce que les diamants de conflit et les diamants du sang ?<\/h2><p>Nous expliquons<br \/>\nTout d&rsquo;abord, nous garantissons que tous les diamants d&rsquo;Ajediam sont exempts de conflits et certifi\u00e9s par le Processus de Kimberley<\/p><div class='mb-4'><p><\/p>\n<p><a href=\"https:\/\/ajediam.com\/fr\/commerce-de-diamants\/diamants-danvers\/\">Histoire des diamants d&rsquo;Anvers<\/a> depuis le d\u00e9but<\/p>\n<p>Les diamants de conflit sont des diamants provenant de r\u00e9gions d&rsquo;Afrique o\u00f9 les diamants sont vendus sur le march\u00e9 noir pour g\u00e9n\u00e9rer de l&rsquo;argent destin\u00e9 aux bandits afin d&rsquo;acheter des armes et de lutter contre l&rsquo;autorit\u00e9 \u00e9tablie.<\/p>\n<p>Bonne nouvelle :<\/p>\n<p>Les sanctions commerciales sur le commerce des diamants de la C\u00f4te d&rsquo;Ivoire sont prolong\u00e9es de six mois par le Conseil de s\u00e9curit\u00e9 des Nations Unies.<\/p>\n<p>Le groupe Rapaport et le r\u00e9seau de n\u00e9goce de diamants RapNet mettent en place une interdiction imm\u00e9diate de n\u00e9goce sur tous les diamants du Zimbabwe en raison de graves violations des droits de l&rsquo;homme \u00e0 Marange.<\/p>\n<p>L&rsquo;importation de rubis de Birmanie est interdite !<br \/>\nLa loi birmane sur les JADE (Efforts antid\u00e9mocratiques de la junte) de 2008 a interdit l&rsquo;importation de rubis birmans et de jad\u00e9ite, consid\u00e9r\u00e9s comme des rubis et de la jad\u00e9ite du sang, \u00e0 compter du 27 septembre 2008.<\/p>\n<p>Bonne nouvelle ! Gr\u00e2ce aux efforts d\u00e9ploy\u00e9s pour lutter contre les diamants du sang, alors que les diamants du sang repr\u00e9sentaient environ 15% de la SOM (Surface Oc\u00e9nanique Mondiale) dans les ann\u00e9es 1990, gr\u00e2ce au processus de Kimberley adopt\u00e9 par 75 pays, on estime maintenant qu&rsquo;ils repr\u00e9sentent moins de 1%.<\/p>\n<p><\/p><\/div><\/div><\/div> <div class='row vc_row '><div class='col-md-3 '><\/div><div class='col-md-3 '><div style='height: 32px;'><\/div><a class='lab-button' href='http:\/\/ajediam.com\/engagement-rings' target='' title='url:http:\/\/ajediam.com\/engagement-rings|'>ACHETER MAINTENANT<\/a><\/div><div class='col-md-3 '><div style='height: 32px;'><\/div><a class='lab-button' href='\/fr\/notre-formulaire-de-demande-rapide\/' target='' title='\/fr\/notre-formulaire-de-demande-rapid'>CONSULTER LE GUIDE D'ACHAT<\/a><\/div><div class='col-md-3 '><\/div><\/div> <div class='row vc_row '><div class='col-md-2 '><\/div><div class='col-md-8 '><div style='height: 32px;'><\/div><div class='vc-image '><figure><a href='\/fr\/notre-formulaire-de-demande-rapide\/' class='d-block'><img src='https:\/\/ajediam.com\/wp-content\/uploads\/2019\/03\/Ajediam_footer_Buy_now_13_03_2015.jpg' alt=''><\/a><\/figure><\/div><\/div><div class='col-md-2 '><\/div><\/div> <\/p>\n","protected":false},"excerpt":{"rendered":"","protected":false},"author":5,"featured_media":0,"parent":10141,"menu_order":0,"comment_status":"closed","ping_status":"closed","template":"","meta":{"ub_ctt_via":"","footnotes":""},"acf":[],"featured_image_src":null,"_links":{"self":[{"href":"https:\/\/ajediam.com\/fr\/wp-json\/wp\/v2\/pages\/10147"}],"collection":[{"href":"https:\/\/ajediam.com\/fr\/wp-json\/wp\/v2\/pages"}],"about":[{"href":"https:\/\/ajediam.com\/fr\/wp-json\/wp\/v2\/types\/page"}],"author":[{"embeddable":true,"href":"https:\/\/ajediam.com\/fr\/wp-json\/wp\/v2\/users\/5"}],"replies":[{"embeddable":true,"href":"https:\/\/ajediam.com\/fr\/wp-json\/wp\/v2\/comments?post=10147"}],"version-history":[{"count":1,"href":"https:\/\/ajediam.com\/fr\/wp-json\/wp\/v2\/pages\/10147\/revisions"}],"predecessor-version":[{"id":10149,"href":"https:\/\/ajediam.com\/fr\/wp-json\/wp\/v2\/pages\/10147\/revisions\/10149"}],"up":[{"embeddable":true,"href":"https:\/\/ajediam.com\/fr\/wp-json\/wp\/v2\/pages\/10141"}],"wp:attachment":[{"href":"https:\/\/ajediam.com\/fr\/wp-json\/wp\/v2\/media?parent=10147"}],"curies":[{"name":"wp","href":"https:\/\/api.w.org\/{rel}","templated":true}]}}