{"id":10150,"date":"2023-05-09T13:31:47","date_gmt":"2023-05-09T13:31:47","guid":{"rendered":"https:\/\/ajediam.com\/?page_id=10150"},"modified":"2023-07-05T17:55:40","modified_gmt":"2023-07-05T17:55:40","slug":"diamants-celebres","status":"publish","type":"page","link":"https:\/\/ajediam.com\/fr\/histoire\/diamants-celebres\/","title":{"rendered":"Diamants C\u00e9l\u00e8bres"},"content":{"rendered":"\n<p class=\"tt1\">Une vitrine \u00e9blouissante des diamants les plus exquis et les plus l\u00e9gendaires de l&rsquo;histoire.<\/p>\n\n\n\n<p class=\"tt2\">Entrez dans un monde d&rsquo;intrigue et d&rsquo;opulence en vous pr\u00e9sentant les diamants les plus c\u00e9l\u00e8bres de l&rsquo;histoire. De leur beaut\u00e9 fascinante aux histoires captivantes de leurs propri\u00e9taires, ces pierres pr\u00e9cieuses l\u00e9gendaires ont captiv\u00e9 l&rsquo;imagination de g\u00e9n\u00e9rations. Dans cette vitrine \u00e9blouissante, explorez les histoires de ces diamants extraordinaires, d\u00e9couvrez les myst\u00e8res, le pouvoir et la passion qui les ont entour\u00e9s \u00e0 travers les \u00e2ges, et \u00e9merveillez-vous devant leur allure et leur splendeur durables.<\/p>\n\n\n\n<div style=\"height:100px\" aria-hidden=\"true\" class=\"wp-block-spacer\"><\/div>\n\n\n\n<div class=\"wp-block-columns is-layout-flex wp-container-core-columns-layout-1 wp-block-columns-is-layout-flex\">\n<div class=\"wp-block-column is-layout-flow wp-block-column-is-layout-flow\" style=\"flex-basis:70%\"><\/div>\n\n\n\n<div class=\"wp-block-column is-layout-flow wp-block-column-is-layout-flow\" style=\"flex-basis:30%\"><\/div>\n<\/div>\n","protected":false},"excerpt":{"rendered":"<p>Une vitrine \u00e9blouissante des diamants les plus exquis et les plus l\u00e9gendaires de l&rsquo;histoire. Entrez dans un monde d&rsquo;intrigue et d&rsquo;opulence en vous pr\u00e9sentant les diamants les plus c\u00e9l\u00e8bres de l&rsquo;histoire. De leur beaut\u00e9 fascinante aux histoires captivantes de leurs propri\u00e9taires, ces pierres pr\u00e9cieuses l\u00e9gendaires ont captiv\u00e9 l&rsquo;imagination de g\u00e9n\u00e9rations. Dans cette vitrine \u00e9blouissante, explorez [&hellip;]<\/p>\n","protected":false},"author":5,"featured_media":9537,"parent":10141,"menu_order":0,"comment_status":"closed","ping_status":"closed","template":"child-masonry-page.php","meta":{"ub_ctt_via":"","footnotes":""},"acf":[],"featured_image_src":"https:\/\/ajediam.com\/wp-content\/uploads\/2023\/05\/Cullinan_major_diamonds.jpg","_links":{"self":[{"href":"https:\/\/ajediam.com\/fr\/wp-json\/wp\/v2\/pages\/10150"}],"collection":[{"href":"https:\/\/ajediam.com\/fr\/wp-json\/wp\/v2\/pages"}],"about":[{"href":"https:\/\/ajediam.com\/fr\/wp-json\/wp\/v2\/types\/page"}],"author":[{"embeddable":true,"href":"https:\/\/ajediam.com\/fr\/wp-json\/wp\/v2\/users\/5"}],"replies":[{"embeddable":true,"href":"https:\/\/ajediam.com\/fr\/wp-json\/wp\/v2\/comments?post=10150"}],"version-history":[{"count":1,"href":"https:\/\/ajediam.com\/fr\/wp-json\/wp\/v2\/pages\/10150\/revisions"}],"predecessor-version":[{"id":10151,"href":"https:\/\/ajediam.com\/fr\/wp-json\/wp\/v2\/pages\/10150\/revisions\/10151"}],"up":[{"embeddable":true,"href":"https:\/\/ajediam.com\/fr\/wp-json\/wp\/v2\/pages\/10141"}],"wp:featuredmedia":[{"embeddable":true,"href":"https:\/\/ajediam.com\/fr\/wp-json\/wp\/v2\/media\/9537"}],"wp:attachment":[{"href":"https:\/\/ajediam.com\/fr\/wp-json\/wp\/v2\/media?parent=10150"}],"curies":[{"name":"wp","href":"https:\/\/api.w.org\/{rel}","templated":true}]}}