{"id":10153,"date":"2023-07-04T16:09:20","date_gmt":"2023-07-04T16:09:20","guid":{"rendered":"https:\/\/ajediam.com\/?page_id=10153"},"modified":"2024-01-10T18:10:18","modified_gmt":"2024-01-10T18:10:18","slug":"le-diamant-coeur-bleu","status":"publish","type":"page","link":"https:\/\/ajediam.com\/fr\/histoire\/diamants-celebres\/le-diamant-coeur-bleu\/","title":{"rendered":"Le Diamant Coeur Bleu"},"content":{"rendered":"\n<p class=\"itt\">Le Plus Beau Diamant Du Monde?<\/p>\n\n\n\n<p>Ayant la r\u00e9putation d&rsquo;\u00eatre le plus beau bijou de tous, le Blue Heart Diamond est une <a href=\"https:\/\/ajediam.com\/fr\/histoire\/diamants-celebres\/\" data-type=\"link\" data-id=\"https:\/\/ajediam.com\/fr\/histoire\/diamants-celebres\/\">pierre pr\u00e9cieuse rare <\/a>qui attire facilement l&rsquo;attention de son spectateur. \u00c0 30,62 carats, ce n&rsquo;est certainement pas la plus grosse pierre pr\u00e9cieuse. Cependant, c&rsquo;est l&rsquo;un des diamants les plus uniques au monde, sa couleur bleu profond et sa forme en c\u0153ur le rendent extr\u00eamement rare. Le Blue Heart Diamond est le plus gros diamant bleu en forme de c\u0153ur au monde depuis 1909 et fait actuellement partie de la collection du Smithsonian Institute, o\u00f9 il attend toujours d&rsquo;envelopper les amateurs de pierres pr\u00e9cieuses de sa magnificence.<\/p>\n\n\n\n<p>Si vous souhaitez en savoir plus sur le Blue Heart Diamond, vous trouverez dans cet article :<\/p>\n\n\n<div class=\"ub_table-of-contents\" data-showtext=\"show\" data-hidetext=\"hide\" data-scrolltype=\"auto\" id=\"ub_table-of-contents-75ff84af-26d4-4b30-8ada-b575f370da6d\" data-initiallyhideonmobile=\"false\"\n                    data-initiallyshow=\"true\"><div class=\"ub_table-of-contents-header-container\"><div class=\"ub_table-of-contents-header\">\n                    <div class=\"ub_table-of-contents-title\">Table des Mati\u00e8res<\/div><\/div><\/div><div class=\"ub_table-of-contents-extra-container\"><div class=\"ub_table-of-contents-container ub_table-of-contents-1-column \"><ol><li><a href=https:\/\/ajediam.com\/fr\/histoire\/diamants-celebres\/le-diamant-coeur-bleu\/#0-les-origines-du-diamant-coeur-bleu>Les origines du diamant coeur bleu<\/a><ol><li><a href=https:\/\/ajediam.com\/fr\/histoire\/diamants-celebres\/le-diamant-coeur-bleu\/#1-le-blue-heart-diamond-re%C3%A7oit-son-nom>Le Blue Heart Diamond re\u00e7oit son nom<\/a><\/li><\/ol><\/li><li><a href=https:\/\/ajediam.com\/fr\/histoire\/diamants-celebres\/le-diamant-coeur-bleu\/#2-la-coupe-du-diamant-coeur-bleu>La coupe du diamant coeur bleu<\/a><\/li><li><a href=https:\/\/ajediam.com\/fr\/histoire\/diamants-celebres\/le-diamant-coeur-bleu\/#3-lhistoire-moderne-de-la-propri%C3%A9t%C3%A9-du-diamant-coeur-bleu>L&rsquo;histoire moderne de la propri\u00e9t\u00e9 du Diamant Coeur Bleu<\/a><ol><li><a href=https:\/\/ajediam.com\/fr\/histoire\/diamants-celebres\/le-diamant-coeur-bleu\/#4-une-importante-famille-argentine-ach%C3%A8te-le-diamant-coeur-bleu>Une importante famille argentine ach\u00e8te le Diamant Coeur Bleu<\/a><\/li><li><a href=https:\/\/ajediam.com\/fr\/histoire\/diamants-celebres\/le-diamant-coeur-bleu\/#5-le-diamant-bleu-est-r%C3%A9initialis%C3%A9-dans-plusieurs-joyaux>Le Diamant Bleu est r\u00e9initialis\u00e9 dans plusieurs joyaux<\/a><\/li><li><a href=https:\/\/ajediam.com\/fr\/histoire\/diamants-celebres\/le-diamant-coeur-bleu\/#6-le-diamant-coeur-bleu-est-donn%C3%A9-au-smithsonian-institute>Le Diamant Coeur Bleu est donn\u00e9 au Smithsonian Institute<\/a><\/li><\/ol><\/li><li><a href=https:\/\/ajediam.com\/fr\/histoire\/diamants-celebres\/le-diamant-coeur-bleu\/#7-les-caract%C3%A9ristiques-techniques-du-diamant-coeur-bleu>Les Caract\u00e9ristiques Techniques du Diamant Coeur Bleu<\/a><\/li><li><a href=https:\/\/ajediam.com\/fr\/histoire\/diamants-celebres\/le-diamant-coeur-bleu\/#8-limportance-du-diamant-coeur-bleu>L&rsquo;importance du diamant coeur bleu<\/a><ol><li><a href=https:\/\/ajediam.com\/fr\/histoire\/diamants-celebres\/le-diamant-coeur-bleu\/#9-le-don-du-blue-heart-diamond-au-smithsonian-institute>Le don du Blue Heart Diamond au Smithsonian Institute<\/a><\/li><\/ol><\/li><\/ol><\/div><\/div><\/div>\n\n\n<h2 class=\"wp-block-heading\" id=\"0-les-origines-du-diamant-coeur-bleu\">Les origines du diamant coeur bleu<\/h2>\n\n\n\n<p>Pendant de nombreuses ann\u00e9es, les origines du Blue Heart Diamond ont \u00e9t\u00e9 voil\u00e9es de myst\u00e8re. Les chercheurs ont suppos\u00e9 que le diamant avait \u00e9t\u00e9 trouv\u00e9 quelque part au d\u00e9but du 20e si\u00e8cle et pensaient qu&rsquo;il \u00e9tait probablement originaire d&rsquo;Afrique du Sud. Cependant, beaucoup n&rsquo;\u00e9taient pas d&rsquo;accord et ont d\u00e9clar\u00e9 que la gemme aurait pu \u00eatre extraite \u00e0 l&rsquo;origine en Inde.<\/p>\n\n\n\n<div style=\"height:60px\" aria-hidden=\"true\" class=\"wp-block-spacer\"><\/div>\n\n\n\n<h3 class=\"wp-block-heading\" id=\"1-le-blue-heart-diamond-re%C3%A7oit-son-nom\">Le Blue Heart Diamond re\u00e7oit son nom<\/h3>\n\n\n\n<p>Lorsque le <a href=\"https:\/\/www.si.edu\/object\/blue-heart-diamond:nmnhmineralsciences_1001979\" target=\"_blank\" rel=\"noreferrer noopener nofollow\">Smithsonian Institute<\/a> a acquis le diamant en 1964, ils ont fait une \u00e9tude approfondie qui a d\u00e9termin\u00e9 que la pierre \u00e9tait bien sud-africaine ! Il s&rsquo;av\u00e8re que le diamant Blue Heart a \u00e9t\u00e9 d\u00e9couvert dans la c\u00e9l\u00e8bre mine Premier en 1908. De nombreux autres diamants importants ont \u00e9t\u00e9 d\u00e9couverts sur ce m\u00eame site, tels que The Cullinan, The Taylor-Burton, The Premier Rose et bien d&rsquo;autres.<\/p>\n\n\n\n<p>Il est facile de voir comment le nom du Blue Heart Diamond a \u00e9t\u00e9 inspir\u00e9. Bien qu&rsquo;il ait parfois \u00e9t\u00e9 appel\u00e9 le diamant Unzue, vu qu&rsquo;il a \u00e9t\u00e9 taill\u00e9 en forme de c\u0153ur rare et que la pierre est impr\u00e9gn\u00e9e d&rsquo;une couleur bleu fonc\u00e9, tout autre nom semble faux. Son nom moins populaire provient de Maria Unzue d&rsquo;Argentine, qui a \u00e9t\u00e9 propri\u00e9taire de la gemme pendant 43 ans.<\/p>\n\n\n\n<p>Le Blue Heart a \u00e9galement \u00e9t\u00e9 appel\u00e9 \u00e0 tort \u00ab\u00a0Eugenie Blue\u00a0\u00bb pendant de nombreuses ann\u00e9es car Eug\u00e9nie de Montijo, imp\u00e9ratrice de France de 1853 \u00e0 1870, aurait \u00e9t\u00e9 sa propri\u00e9taire pendant un certain temps. Cependant, un facteur cl\u00e9 qui rejette l&rsquo;id\u00e9e est que le diamant n&rsquo;a \u00e9t\u00e9 trouv\u00e9 qu&rsquo;en 1908, longtemps apr\u00e8s la fin de son r\u00e8gne. Il n&rsquo;y a pas non plus de lien entre la pierre pr\u00e9cieuse et la France, si ce n&rsquo;est sa taille. L&rsquo;\u00e9tude du Smithsonian sur le Blue Heart Diamond a conclu qu&rsquo;il n&rsquo;y avait aucun lien entre l&rsquo;imp\u00e9ratrice Eug\u00e9nie et le diamant.<\/p>\n\n\n\n<div style=\"height:60px\" aria-hidden=\"true\" class=\"wp-block-spacer\"><\/div>\n\n\n\n<h2 class=\"wp-block-heading\" id=\"2-la-coupe-du-diamant-coeur-bleu\">La coupe du diamant coeur bleu<\/h2>\n\n\n\n<p>La Premier Transvaal Diamond Mining Company a achet\u00e9 le Blue Heart Diamond en 1909. En 1910, le processus de taille du diamant a commenc\u00e9. Le bijoutier fran\u00e7ais bas\u00e9 \u00e0 Paris Atanik Eknayan a \u00e9t\u00e9 charg\u00e9 de tailler le Blue Heart. Lorsque la pierre brute est arriv\u00e9e, elle pesait 100,5 carats, mais apr\u00e8s qu&rsquo;Eknayan en ait fini avec elle, la pierre a \u00e9t\u00e9 r\u00e9duite \u00e0 ses 30,62 carats actuels. Il a choisi la forme de c\u0153ur inhabituelle du bijou.<\/p>\n\n\n\n<p>La pierre pr\u00e9cieuse a \u00e9t\u00e9 sertie comme pi\u00e8ce ma\u00eetresse d&rsquo;un collier d&rsquo;ornement de muguet la m\u00eame ann\u00e9e. Le diamant est rest\u00e9 serti dans cette pi\u00e8ce jusqu&rsquo;en 1953. Cette ann\u00e9e-l\u00e0, Van Cleef &amp; Arpels l&rsquo;a achet\u00e9 et l&rsquo;a r\u00e9initialis\u00e9 en un \u00e9l\u00e9gant pendentif avec d&rsquo;autres pierres pr\u00e9cieuses comme un diamant rose de 2,05 carats. En 1959, le Blue Heart Diamond appartenait d\u00e9sormais \u00e0 Harry Winston et a \u00e9t\u00e9 r\u00e9initialis\u00e9 \u00e0 nouveau; cette fois comme pi\u00e8ce ma\u00eetresse d&rsquo;une bague en platine. Le Blue Heart \u00e9tait d\u00e9sormais entour\u00e9 de 25 diamants ronds incolores taille brillant d&rsquo;un poids total de 1,63 carats.<\/p>\n\n\n\n<div style=\"height:60px\" aria-hidden=\"true\" class=\"wp-block-spacer\"><\/div>\n\n\n\n<h2 class=\"wp-block-heading\" id=\"3-lhistoire-moderne-de-la-propri%C3%A9t%C3%A9-du-diamant-coeur-bleu\">L&rsquo;histoire moderne de la propri\u00e9t\u00e9 du Diamant Coeur Bleu<\/h2>\n\n\n\n<p>En 1909, la Premier Transvaal Diamond Mining Company a achet\u00e9 le diamant et l&rsquo;a confi\u00e9 \u00e0 Atanik Eknayan \u00e0 Paris qui a taill\u00e9 le diamant dans le diamant taille brillant de 30,62 carats que nous connaissons aujourd&rsquo;hui.<\/p>\n\n\n\n<h3 class=\"wp-block-heading\" id=\"4-une-importante-famille-argentine-ach%C3%A8te-le-diamant-coeur-bleu\">Une importante famille argentine ach\u00e8te le Diamant Coeur Bleu<\/h3>\n\n\n\n<p>L&rsquo;ann\u00e9e suivante, Pierre Cartier, le joaillier fran\u00e7ais, ach\u00e8te le diamant. Cartier est celui qui a fait sertir la pierre pr\u00e9cieuse dans un collier d&rsquo;ornement de muguet. Le Blue Heart est rest\u00e9 sous cette forme pendant de nombreuses ann\u00e9es. Cartier a vendu le bijou \u00e0 Maria Unzue d&rsquo;Argentine la m\u00eame ann\u00e9e (1910). Le collier est rest\u00e9 avec la famille Unzue pendant un certain temps. Maria Unzue l&rsquo;a offert \u00e0 sa ni\u00e8ce Angela Gonzalez Alzaga comme cadeau pour le mariage de cette derni\u00e8re. Le bijou est rest\u00e9 dans la famille jusqu&rsquo;en 1953. Cela signifie que les Unzues l&rsquo;ont poss\u00e9d\u00e9 pendant 43 ans &#8211; la plus longue p\u00e9riode pendant laquelle le Blue Diamond a \u00e9t\u00e9 dans une collection priv\u00e9e.<\/p>\n\n\n\n<h3 class=\"wp-block-heading\" id=\"5-le-diamant-bleu-est-r%C3%A9initialis%C3%A9-dans-plusieurs-joyaux\">Le Diamant Bleu est r\u00e9initialis\u00e9 dans plusieurs joyaux<\/h3>\n\n\n\n<p>Van Cleef &amp; Arpels a achet\u00e9 le diamant en 1953. C&rsquo;est aussi la premi\u00e8re fois que la pierre a \u00e9t\u00e9 r\u00e9initialis\u00e9e dans un bijou diff\u00e9rent. Le Blue Heart constituait la pi\u00e8ce ma\u00eetresse d&rsquo;un collier pendentif qui comportait un autre diamant bleu de 3,81 carats du collier d&rsquo;origine et un diamant rose de 2,05 carats nouvellement ajout\u00e9. Le nouveau collier \u00e9tait \u00e9valu\u00e9 \u00e0 300 000 $ (plus de 3 000 000 $ de nos jours).<\/p>\n\n\n\n<p>La soci\u00e9t\u00e9 a ensuite vendu le nouveau bijou au baron Hans Heinrich Thyssen-Bornemisza &#8211; un industriel suisse. Il est rest\u00e9 avec lui pendant seulement 6 ans. Harry Winston a achet\u00e9 le Blue Heart en 1959 \u00e0 Nina Dyer, l&rsquo;ex-femme de Thyssen-Bornemisza. Winston a d\u00e9cid\u00e9 de r\u00e9initialiser la pr\u00e9cieuse pierre pr\u00e9cieuse une fois de plus. Il fit sertir le diamant comme pi\u00e8ce ma\u00eetresse d&rsquo;une bague en platine. Le Blue Heart est entour\u00e9 de 25 diamants ronds incolores taille brillant. Leur poids collectif s&rsquo;\u00e9l\u00e8ve \u00e0 1,63 carat.<\/p>\n\n\n\n<p>Mme Marjorie Merriweather Post a achet\u00e9 la bague \u00e0 Harry Winston pour un montant non divulgu\u00e9 la m\u00eame ann\u00e9e (1959). Mme Post \u00e9tait une personnalit\u00e9 mondaine de premier plan et a fond\u00e9 General Foods Inc.<\/p>\n\n\n\n<h3 class=\"wp-block-heading\" id=\"6-le-diamant-coeur-bleu-est-donn%C3%A9-au-smithsonian-institute\">Le Diamant Coeur Bleu est donn\u00e9 au Smithsonian Institute<\/h3>\n\n\n\n<p>Mme Post \u00e9tait la derni\u00e8re propri\u00e9taire priv\u00e9e du Blue Heart. Elle a d\u00e9cid\u00e9 qu&rsquo;elle n&rsquo;avait plus besoin du bijou. Au lieu de le vendre, Mme Post a fait un geste g\u00e9n\u00e9reux. Elle a fait don du magnifique diamant au Mus\u00e9e national d&rsquo;histoire naturelle du Smithsonian Institute, \u00e0 Washington DC en 1964. Le Blue Heart Diamond est rest\u00e9 une partie de leur collection de pierres pr\u00e9cieuses. Il peut \u00eatre vu dans le Janet Annenberg Hooker Hall of Geology, Gems, and Minerals.<\/p>\n\n\n\n<div style=\"height:60px\" aria-hidden=\"true\" class=\"wp-block-spacer\"><\/div>\n\n\n\n<h2 class=\"wp-block-heading\" id=\"7-les-caract%C3%A9ristiques-techniques-du-diamant-coeur-bleu\">Les Caract\u00e9ristiques Techniques du Diamant Coeur Bleu<\/h2>\n\n\n\n<p>Le diamant Blue Heart a \u00e9t\u00e9 r\u00e9duit de 100,5 carats et a abouti \u00e0 un diamant de 30,62 carats, soit environ les deux tiers de la taille du diamant Hope (45,52 carats). Il montre une belle couleur bleue, qui est l&rsquo;une des couleurs les plus rares trouv\u00e9es dans les diamants. La pierre pr\u00e9cieuse poss\u00e8de une nuance de couleur tr\u00e8s profonde, ce qui est encore plus rare. Le GIA, le Gemological Institute of America, l&rsquo;a class\u00e9 comme un diamant bleu profond fantaisie naturel. La couleur bleue des diamants provient de traces de bore dans leur structure atomique.<\/p>\n\n\n\n<p>Le Blue Heart est une pierre pr\u00e9cieuse taill\u00e9e en brillant en forme de c\u0153ur. La forme est inhabituelle et \u00e9tait probablement responsable de la perte de 70% de son poids d&rsquo;origine. Cependant, cela rend le bijou unique et tr\u00e8s rare. Le GIA a attribu\u00e9 un degr\u00e9 de puret\u00e9 de VS-2 \u00e0 la pierre. VS signifie tr\u00e8s petites inclusions. Il s&rsquo;agit d&rsquo;un niveau de clart\u00e9 inf\u00e9rieur, mais toujours bon. Cela signifie qu&rsquo;il n&rsquo;y a pas d&rsquo;inclusions visibles.<\/p>\n\n\n\n<div style=\"height:60px\" aria-hidden=\"true\" class=\"wp-block-spacer\"><\/div>\n\n\n\n<h2 class=\"wp-block-heading\" id=\"8-limportance-du-diamant-coeur-bleu\">L&rsquo;importance du diamant coeur bleu<\/h2>\n\n\n\n<p>Le Blue Heart Diamond est souvent consid\u00e9r\u00e9 comme le plus beau diamant bleu du monde. Bien qu&rsquo;il ne soit pas le plus gros, le Blue Heart jouit du titre de plus gros diamant bleu en forme de c\u0153ur au monde. Il a maintenu sa r\u00e9putation depuis sa taille \u00e0 Paris en 1909. Les diamants bleus sont vraiment difficiles \u00e0 trouver et les plus gros encore plus, la r\u00e9putation du Blue Heart restera probablement incontest\u00e9e pendant un certain temps.<\/p>\n\n\n\n<p>Les pierres pr\u00e9cieuses en forme de c\u0153ur sont rarement le premier choix de forme du tailleur. En effet, la fabrication d&rsquo;une pierre dans cette forme embl\u00e9matique est tr\u00e8s compliqu\u00e9e et n\u00e9cessite une vaste expertise. C&rsquo;est un processus complexe, c&rsquo;est pourquoi il n&rsquo;y a pas beaucoup de diamants dans le monde avec cette forme. Ainsi, mis \u00e0 part sa teinte exceptionnelle de bleu profond, sa forme rend le diamant Blue Heart encore plus unique et rare.<\/p>\n\n\n\n<h3 class=\"wp-block-heading\" id=\"9-le-don-du-blue-heart-diamond-au-smithsonian-institute\">Le don du Blue Heart Diamond au Smithsonian Institute<\/h3>\n\n\n\n<p>La derni\u00e8re propri\u00e9taire priv\u00e9e du Blue Heart Diamond, Mme Marjorie Post, a offert la pr\u00e9cieuse pierre pr\u00e9cieuse au Smithsonian Institute en signe de grande g\u00e9n\u00e9rosit\u00e9. Le plus souvent, de beaux diamants se perdent dans des collections priv\u00e9es au fil des ans. Cela signifie parfois qu&rsquo;ils se perdent pour ne plus jamais \u00eatre retrouv\u00e9s. Dans d&rsquo;autres cas, ils ne sont jamais montr\u00e9s en public, et \u00e0 cause de cette attitude, des \u00e9tudes scientifiques sont rarement men\u00e9es sur eux.<\/p>\n\n\n\n<p>Pour tout connaisseur de diamants, il est clair pourquoi les \u00e9tudes et les classements des diamants sont importants. Ils aident le monde \u00e0 mieux comprendre ces pierres fascinantes et font avancer l&rsquo;industrie. Le Blue Heart a laiss\u00e9 sa marque sur le monde et est accessible \u00e0 tous au National Museum of Natural History de Washington DC. Il se trouve dans le Janet-Annenberg Hooker Hall of Geology, Gems &amp; Minerals.<\/p>\n\n\n\n<h4 class=\"wp-block-heading\" id=\"10-nous-esp%C3%A9rons-que-vous-avez-appr%C3%A9ci%C3%A9-la-lecture-\">Nous esp\u00e9rons que vous avez appr\u00e9ci\u00e9 la lecture !<\/h4>\n\n\n\n<p>Si vous souhaitez en savoir plus sur d&rsquo;autres diamants c\u00e9l\u00e8bres tels que les diamants <a href=\"\/fr\/histoire\/diamants-celebres\/le-diamant-orlov\/\">Orlov<\/a>, <a href=\"\/fr\/histoire\/diamants-celebres\/le-diamant-de-kimberley\/\">Kimberley <\/a>ou <a href=\"\/fr\/histoire\/diamants-celebres\/le-diamant-premier-rose\/\">Premier Rose<\/a>, vous pouvez consulter le <a href=\"\/fr\/histoire\/diamants-celebres\/\">glossaire des diamants c\u00e9l\u00e8bres d&rsquo;Ajediam<\/a>. Ou, si vous vous sentez inspir\u00e9, vous pouvez parcourir la boutique des collections de diamants de qualit\u00e9 sup\u00e9rieure d&rsquo;Ajediam.<\/p>\n","protected":false},"excerpt":{"rendered":"<p>Le Plus Beau Diamant Du Monde? Ayant la r\u00e9putation d&rsquo;\u00eatre le plus beau bijou de tous, le Blue Heart Diamond est une pierre pr\u00e9cieuse rare qui attire facilement l&rsquo;attention de son spectateur. \u00c0 30,62 carats, ce n&rsquo;est certainement pas la plus grosse pierre pr\u00e9cieuse. Cependant, c&rsquo;est l&rsquo;un des diamants les plus uniques au monde, sa [&hellip;]<\/p>\n","protected":false},"author":5,"featured_media":9517,"parent":10150,"menu_order":0,"comment_status":"closed","ping_status":"closed","template":"articllle-like-page.php","meta":{"ub_ctt_via":"","footnotes":""},"acf":[],"featured_image_src":"https:\/\/ajediam.com\/wp-content\/uploads\/2023\/02\/download.png","_links":{"self":[{"href":"https:\/\/ajediam.com\/fr\/wp-json\/wp\/v2\/pages\/10153"}],"collection":[{"href":"https:\/\/ajediam.com\/fr\/wp-json\/wp\/v2\/pages"}],"about":[{"href":"https:\/\/ajediam.com\/fr\/wp-json\/wp\/v2\/types\/page"}],"author":[{"embeddable":true,"href":"https:\/\/ajediam.com\/fr\/wp-json\/wp\/v2\/users\/5"}],"replies":[{"embeddable":true,"href":"https:\/\/ajediam.com\/fr\/wp-json\/wp\/v2\/comments?post=10153"}],"version-history":[{"count":5,"href":"https:\/\/ajediam.com\/fr\/wp-json\/wp\/v2\/pages\/10153\/revisions"}],"predecessor-version":[{"id":12013,"href":"https:\/\/ajediam.com\/fr\/wp-json\/wp\/v2\/pages\/10153\/revisions\/12013"}],"up":[{"embeddable":true,"href":"https:\/\/ajediam.com\/fr\/wp-json\/wp\/v2\/pages\/10150"}],"wp:featuredmedia":[{"embeddable":true,"href":"https:\/\/ajediam.com\/fr\/wp-json\/wp\/v2\/media\/9517"}],"wp:attachment":[{"href":"https:\/\/ajediam.com\/fr\/wp-json\/wp\/v2\/media?parent=10153"}],"curies":[{"name":"wp","href":"https:\/\/api.w.org\/{rel}","templated":true}]}}