{"id":10159,"date":"2023-07-04T16:17:45","date_gmt":"2023-07-04T16:17:45","guid":{"rendered":"https:\/\/ajediam.com\/?page_id=10159"},"modified":"2024-01-10T19:54:26","modified_gmt":"2024-01-10T19:54:26","slug":"le-diamant-eureka","status":"publish","type":"page","link":"https:\/\/ajediam.com\/fr\/histoire\/diamants-celebres\/le-diamant-eureka\/","title":{"rendered":"Le diamant Eureka"},"content":{"rendered":"\n<p class=\"itt\">Le diamant qui a chang\u00e9 l&rsquo;histoire de l&rsquo;Afrique du Sud pour toujours<\/p>\n\n\n\n<p>Le diamant Eureka n&rsquo;est pas encore tr\u00e8s impressionnant selon les normes des pierres pr\u00e9cieuses, il a m\u00e9rit\u00e9 sa place parmi les plus grands diamants de l&rsquo;histoire. Un simple 21 carats dans sa forme brute, une couleur jaune brun\u00e2tre; il est diff\u00e9rent d&rsquo;autres diamants l\u00e9gendaires qui ont inspir\u00e9 l&rsquo;adoration presque instantan\u00e9ment. C&rsquo;\u00e9tait le premier diamant jamais d\u00e9couvert en Afrique du Sud, et sa d\u00e9couverte a chang\u00e9 la perspective du monde sur le pays lui-m\u00eame. L&rsquo;Eureka a d\u00e9clench\u00e9 la ru\u00e9e vers le diamant et la r\u00e9volution min\u00e9rale qui ont chang\u00e9 le visage de l&rsquo;Afrique du Sud. Sans l&rsquo;int\u00e9r\u00eat suscit\u00e9 par l&rsquo;Eureka, la d\u00e9couverte de nombreux grands diamants tels que le Kimberley n&rsquo;aurait jamais eu lieu&nbsp;! La plupart des diamants traversent l&rsquo;histoire au fil du temps, mais l&rsquo;Eureka a cr\u00e9\u00e9 l&rsquo;histoire.<\/p>\n\n\n\n<p>Si vous souhaitez en savoir plus sur l&rsquo;Eureka Diamond, vous trouverez dans cet article :<\/p>\n\n\n<div class=\"ub_table-of-contents\" data-showtext=\"show\" data-hidetext=\"hide\" data-scrolltype=\"auto\" id=\"ub_table-of-contents-14d6eaae-0f1e-44db-8b7d-682602a7867f\" data-initiallyhideonmobile=\"false\"\n                    data-initiallyshow=\"true\"><div class=\"ub_table-of-contents-header-container\"><div class=\"ub_table-of-contents-header\">\n                    <div class=\"ub_table-of-contents-title\">Table des Mati\u00e8res<\/div><\/div><\/div><div class=\"ub_table-of-contents-extra-container\"><div class=\"ub_table-of-contents-container ub_table-of-contents-1-column \"><ol><li><a href=https:\/\/ajediam.com\/fr\/histoire\/diamants-celebres\/le-diamant-eureka\/#0-les-origines-du-diamant-eureka>Les origines du diamant Eureka<\/a><ol><li><a href=https:\/\/ajediam.com\/fr\/histoire\/diamants-celebres\/le-diamant-eureka\/#1-le-diamant-eureka-est-offert-comme-un-geste-de-bon-voisinage>Le diamant Eureka est offert comme un geste de bon voisinage.<\/a><\/li><li><a href=https:\/\/ajediam.com\/fr\/histoire\/diamants-celebres\/le-diamant-eureka\/#2-la-fille-de-schalk-van-niekerk-d%C3%A9couvre-le-diamant-eureka>La fille de Schalk Van Niekerk d\u00e9couvre le diamant Eureka<\/a><\/li><li><a href=https:\/\/ajediam.com\/fr\/histoire\/diamants-celebres\/le-diamant-eureka\/#3-schalk-van-niekerk-et-john-oreilly-examinent-le-caillou>Schalk Van Niekerk et John O&rsquo;Reilly Examinent le caillou<\/a><\/li><\/ol><\/li><li><a href=https:\/\/ajediam.com\/fr\/histoire\/diamants-celebres\/le-diamant-eureka\/#4-la-coupe-du-diamant-eureka>La coupe du diamant Eureka<\/a><\/li><li><a href=https:\/\/ajediam.com\/fr\/histoire\/diamants-celebres\/le-diamant-eureka\/#5-lhistoire-r%C3%A9cente-de-la-propri%C3%A9t%C3%A9-du-diamant-eureka>L&rsquo;histoire r\u00e9cente de la propri\u00e9t\u00e9 du diamant Eureka<\/a><ol><li><a href=https:\/\/ajediam.com\/fr\/histoire\/diamants-celebres\/le-diamant-eureka\/#6-leureka-diamond-revient-en-afrique-du-sud>L&rsquo;Eureka Diamond revient en Afrique du Sud<\/a><\/li><\/ol><\/li><li><a href=https:\/\/ajediam.com\/fr\/histoire\/diamants-celebres\/le-diamant-eureka\/#7-les-caract%C3%A9ristiques-techniques-du-diamant-eureka>Les caract\u00e9ristiques techniques du diamant Eureka<\/a><\/li><li><a href=https:\/\/ajediam.com\/fr\/histoire\/diamants-celebres\/le-diamant-eureka\/#8-limportance-du-diamant-eureka>L&rsquo;importance du diamant Eureka<\/a><ol><li><a href=https:\/\/ajediam.com\/fr\/histoire\/diamants-celebres\/le-diamant-eureka\/#9-le-diamant-eureka-re%C3%A7oit-son-nom>Le diamant Eureka re\u00e7oit son nom<\/a><\/li><li><a href=https:\/\/ajediam.com\/fr\/histoire\/diamants-celebres\/le-diamant-eureka\/#10-leureka-diamond-marque-le-d%C3%A9but-de-la-ru%C3%A9e-vers-le-diamant>L&rsquo;Eureka Diamond marque le d\u00e9but de la ru\u00e9e vers le diamant<\/a><\/li><li><a href=https:\/\/ajediam.com\/fr\/histoire\/diamants-celebres\/le-diamant-eureka\/#11-le-diamant-eureka-marque-le-d%C3%A9but-de-la-r%C3%A9volution-min%C3%A9rale>Le diamant Eureka marque le d\u00e9but de la r\u00e9volution min\u00e9rale<\/a><\/li><li><a href=https:\/\/ajediam.com\/fr\/histoire\/diamants-celebres\/le-diamant-eureka\/#12-le-diamant-eureka-est-offert-%C3%A0-lafrique-du-sud>Le diamant Eureka est offert \u00e0 l&rsquo;Afrique du Sud<\/a><\/li><\/ol><\/li><\/ol><\/div><\/div><\/div>\n\n\n<h2 class=\"wp-block-heading\" id=\"0-les-origines-du-diamant-eureka\">Les origines du diamant Eureka<\/h2>\n\n\n\n<p>Le diamant Eureka a \u00e9t\u00e9 d\u00e9couvert en Afrique du Sud en 1876. Comme pour la plupart des pierres pr\u00e9cieuses c\u00e9l\u00e8bres qui ont une longue histoire, il existe des histoires contradictoires sur leur origine. Les histoires les plus populaires diff\u00e8rent dans la fa\u00e7on dont l&rsquo;homme qui a finalement commenc\u00e9 la circulation de la pierre sur le march\u00e9 a acquis la pierre. On sait que la pierre a \u00e9t\u00e9 initialement trouv\u00e9e par des enfants, mais les circonstances restent un myst\u00e8re.<\/p>\n\n\n\n<h3 class=\"wp-block-heading\" id=\"1-le-diamant-eureka-est-offert-comme-un-geste-de-bon-voisinage\">Le diamant Eureka est offert comme un geste de bon voisinage.<\/h3>\n\n\n\n<p>La premi\u00e8re l\u00e9gende sur le diamant Eureka dit qu&rsquo;il a \u00e9t\u00e9 trouv\u00e9 par un jeune berger qui travaillait pr\u00e8s de Hopetown, sur la rive de la rivi\u00e8re Orange. Le jeune a pens\u00e9 que ce n&rsquo;\u00e9tait qu&rsquo;un caillou brillant et l&rsquo;a donn\u00e9 \u00e0 son ami, Erasmus Stephanus Jacobs, 15 ans. Erasme, ignorant sa valeur, aurait continu\u00e9 \u00e0 jouer aux valets avec le caillou camoufl\u00e9 !<\/p>\n\n\n\n<p>Erasmus Jacobs \u00e9tait voisin d&rsquo;un homme du nom de Schalk Van Niekerk qui \u00e9tait un appr\u00e9ciateur et un collectionneur de min\u00e9raux int\u00e9ressants. Le gar\u00e7on a offert le caillou brillant \u00e0 l&rsquo;homme pour sa collection. Il se trouve qu&rsquo;un voyageur de commerce, John O&rsquo;Reilly, passait par l\u00e0 et s&rsquo;est int\u00e9ress\u00e9 \u00e0 ce marbre particulier. Il voulait l&rsquo;acheter \u00e0 Van Niekerk. Cependant, ce dernier a insist\u00e9 sur le fait que la pierre \u00e9tait sans valeur et a refus\u00e9 de prendre l&rsquo;argent d&rsquo;O&rsquo;Reilly.<\/p>\n\n\n\n<h3 class=\"wp-block-heading\" id=\"2-la-fille-de-schalk-van-niekerk-d%C3%A9couvre-le-diamant-eureka\">La fille de Schalk Van Niekerk d\u00e9couvre le diamant Eureka<\/h3>\n\n\n\n<p>La l\u00e9gende de la deuxi\u00e8me version est que la pierre a \u00e9t\u00e9 trouv\u00e9e par la fille de Van Niekerk alors qu&rsquo;elle jouait dans la cour avec un tas de cailloux de diff\u00e9rentes sortes. Le soleil se couchait tandis qu&rsquo;un voyageur de commerce, John O&rsquo;Reilly, passait devant leur maison. Il a vu l&rsquo;un des cailloux refl\u00e9ter la lumi\u00e8re du soleil magnifiquement et de mani\u00e8re unique. O&rsquo;Reilly pensait que cette pierre devait avoir quelque chose de sp\u00e9cial. C&rsquo;est l\u00e0 que l&rsquo;aspect historique entre en jeu et que les l\u00e9gendes se confondent. Il ne fait aucun doute que O&rsquo;Reilly propose d&rsquo;acheter la pierre mais Van Niekerk ne veut pas prendre son argent.<\/p>\n\n\n\n<h3 class=\"wp-block-heading\" id=\"3-schalk-van-niekerk-et-john-oreilly-examinent-le-caillou\">Schalk Van Niekerk et John O&rsquo;Reilly Examinent le caillou<\/h3>\n\n\n\n<p>John O&rsquo;Reilly \u00e9tait un homme honn\u00eate et il a partag\u00e9 la raison de son souhait d&rsquo;acheter la pierre avec Van Niekerk. Il soup\u00e7onnait que la pierre \u00e9tait pr\u00e9cieuse. \u00c0 ce stade, aucun des deux hommes ne pensait que cela pouvait \u00eatre un vrai diamant, m\u00eame s&rsquo;ils pensaient qu&rsquo;il pourrait peut-\u00eatre avoir une certaine valeur. Le diamant a \u00e9t\u00e9 envoy\u00e9 pour examen et l&rsquo;accord impliquait que s&rsquo;il s&rsquo;av\u00e9rait pr\u00e9cieux, ils pourraient partager les b\u00e9n\u00e9fices. O&rsquo;Reilly a apport\u00e9 la pierre \u00e0 Coleberg o\u00f9 il a rencontr\u00e9 le commissaire civil par int\u00e9rim Lorenzo Boyes. Boyes a cru que la pierre \u00e9tait un diamant alors qu&rsquo;il essayait de couper du verre avec et a r\u00e9ussi.<\/p>\n\n\n\n<p>Le commissaire connaissait un homme du nom de Dr. W. J. Atherstone, qui \u00e9tait une autorit\u00e9 sur les min\u00e9raux et les pierres pr\u00e9cieuses. Atherstone vivait \u00e0 Grahamstown dans la colonie du Cap. Le voyageur de commerce envoya l&rsquo;Eureka au m\u00e9decin dans une enveloppe banalis\u00e9e. Le Dr Atherstrone a confirm\u00e9 que la pierre \u00e9tait un vrai diamant. Il a mis le poids du diamant \u00e0 21,25 carats. Certains chercheurs pensent maintenant que la pierre pesait 24,00 carats, mais cela n&rsquo;a pas \u00e9t\u00e9 confirm\u00e9.<\/p>\n\n\n\n<div style=\"height:60px\" aria-hidden=\"true\" class=\"wp-block-spacer\"><\/div>\n\n\n\n<h2 class=\"wp-block-heading\" id=\"4-la-coupe-du-diamant-eureka\">La coupe du diamant Eureka<\/h2>\n\n\n\n<p>Le diamant a finalement \u00e9t\u00e9 vendu \u00e0 Sir Philip Wodehouse qui est retourn\u00e9 au Royaume-Uni en 1870 et a ensuite fait tailler et vendre tous ses diamants. Cela aurait \u00e9galement inclus l&rsquo;Eureka Diamond. Il pesait 21,25 carats et il a \u00e9t\u00e9 r\u00e9duit \u00e0 10,73 carats. Il a \u00e9t\u00e9 coup\u00e9 en forme de coussin qui a compl\u00e9t\u00e9 sa couleur jaune brun\u00e2tre.<\/p>\n\n\n\n<div style=\"height:60px\" aria-hidden=\"true\" class=\"wp-block-spacer\"><\/div>\n\n\n\n<h2 class=\"wp-block-heading\" id=\"5-lhistoire-r%C3%A9cente-de-la-propri%C3%A9t%C3%A9-du-diamant-eureka\">L&rsquo;histoire r\u00e9cente de la propri\u00e9t\u00e9 du diamant Eureka<\/h2>\n\n\n\n<p>Apr\u00e8s que la pierre ait \u00e9t\u00e9 initialement trouv\u00e9e et confirm\u00e9e comme \u00e9tant un v\u00e9ritable diamant, un acheteur a \u00e9t\u00e9 trouv\u00e9 face \u00e0 Sir Philip Wodehouse qui a achet\u00e9 le diamant Eureka. C&rsquo;\u00e9tait apr\u00e8s que le diamant ait \u00e9t\u00e9 expos\u00e9 \u00e0 l&rsquo;exposition de Paris. Le prix de la pierre pr\u00e9cieuse a \u00e9t\u00e9 fix\u00e9 \u00e0 500 \u00a3. Puisque l&rsquo;exposition a eu lieu en 1867, Sir Wodehouse aurait achet\u00e9 l&rsquo;Eureka quelque part \u00e0 cette \u00e9poque. Apr\u00e8s 1870, il fait tailler et vendre tous ses diamants.<\/p>\n\n\n\n<h3 class=\"wp-block-heading\" id=\"6-leureka-diamond-revient-en-afrique-du-sud\">L&rsquo;Eureka Diamond revient en Afrique du Sud<\/h3>\n\n\n\n<p>Vers la fin du XIXe si\u00e8cle, le marquis de Bute rach\u00e8te le diamant. La pierre a \u00e9t\u00e9 achet\u00e9e comme cadeau pour sa femme qui venait de donner naissance \u00e0 leur premier fils et h\u00e9ritier. Elle a surv\u00e9cu \u00e0 son mari et leur plus jeune fils, Lord Colum, est rest\u00e9 vivre avec sa m\u00e8re. Lord Colum a re\u00e7u le diamant Eureka en cadeau d&rsquo;elle. Il l&rsquo;a mis en vente chez Christie&rsquo;s \u00e0 Londres en 1946. Le bijou s&rsquo;est vendu 5 700 \u00a3 \u00e0 un acheteur anonyme. De Beers a achet\u00e9 le diamant en 1967 et l&rsquo;a pr\u00e9sent\u00e9 au peuple sud-africain.<\/p>\n\n\n\n<div style=\"height:60px\" aria-hidden=\"true\" class=\"wp-block-spacer\"><\/div>\n\n\n\n<h2 class=\"wp-block-heading\" id=\"7-les-caract%C3%A9ristiques-techniques-du-diamant-eureka\">Les caract\u00e9ristiques techniques du diamant Eureka<\/h2>\n\n\n\n<p>Le diamant Eureka est un brillant en forme de coussin qui p\u00e8se 10,73 carats dans sa forme taill\u00e9e. Une note de puret\u00e9 pour cela n&rsquo;est pas disponible. Le diamant est de couleur jaune brun\u00e2tre. Cela ferait de l&rsquo;Eureka un diamant de type IaAB &#8211; tr\u00e8s probablement. Peu d&rsquo;informations sont disponibles sur les caract\u00e9ristiques techniques de la pierre pr\u00e9cieuse.<\/p>\n\n\n\n<div style=\"height:60px\" aria-hidden=\"true\" class=\"wp-block-spacer\"><\/div>\n\n\n\n<h2 class=\"wp-block-heading\" id=\"8-limportance-du-diamant-eureka\">L&rsquo;importance du diamant Eureka<\/h2>\n\n\n\n<p>L&rsquo;Eureka Diamond est une \u00e9tape extr\u00eamement importante pour l&rsquo;Afrique du Sud. Sa d\u00e9couverte a marqu\u00e9 un avant et un apr\u00e8s pour le commerce mondial du diamant. Au milieu du XIXe si\u00e8cle, le pays \u00e9tait une partie du monde tr\u00e8s \u00e9loign\u00e9e et pauvre. La terre \u00e9tait principalement utilis\u00e9e pour le b\u00e9tail et leur principale exportation \u00e9tait la laine. La d\u00e9couverte du diamant Eureka a suscit\u00e9 beaucoup d&rsquo;int\u00e9r\u00eat pour l&rsquo;Afrique du Sud et a chang\u00e9 la position du pays dans le monde. L&rsquo;Eureka a \u00e9galement servi de lueur d&rsquo;espoir pour de nombreux habitants qui pouvaient d\u00e9sormais voir par eux-m\u00eames un chemin qui pourrait les amener \u00e0 une vie meilleure.<\/p>\n\n\n\n<p>De plus, la d\u00e9couverte du diamant Eureka a \u00e9galement \u00e9t\u00e9 une \u00e9tape importante pour l&rsquo;industrie du diamant. \u00c0 l&rsquo;\u00e9poque (et encore aujourd&rsquo;hui), le commerce d\u00e9pendait enti\u00e8rement des mines fructueuses qui peuvent produire beaucoup de pierres pr\u00e9cieuses. L&rsquo;industrie s&rsquo;\u00e9tait d\u00e9j\u00e0 heurt\u00e9e \u00e0 des champs de diamants qui s&rsquo;ass\u00e8chent auparavant, cr\u00e9ant une crise. L&rsquo;Eureka a fourni un endroit compl\u00e8tement inexplor\u00e9 qui a contribu\u00e9 \u00e0 stabiliser le march\u00e9 du diamant et continue d&rsquo;y jouer un r\u00f4le cl\u00e9 encore aujourd&rsquo;hui.<\/p>\n\n\n\n<h3 class=\"wp-block-heading\" id=\"9-le-diamant-eureka-re%C3%A7oit-son-nom\">Le diamant Eureka re\u00e7oit son nom<\/h3>\n\n\n\n<p>L&rsquo;Afrique du Sud \u00e9tait un territoire inexplor\u00e9 pour l&rsquo;industrie du diamant. Le diamant Eureka a re\u00e7u son nom parce qu&rsquo;il a \u00e9t\u00e9 la premi\u00e8re pierre pr\u00e9cieuse d\u00e9couverte dans le pays. Tout comme l&rsquo;instant qui a conduit \u00e0 l&rsquo;\u00e9piphanie d&rsquo;Archim\u00e8de, entra\u00eenant le c\u00e9l\u00e8bre slogan; la d\u00e9couverte de la pierre pr\u00e9cieuse a \u00e9t\u00e9 un exploit \u00e9poustouflant. Sa d\u00e9couverte a d\u00e9clench\u00e9 la ru\u00e9e vers le diamant, parfois appel\u00e9e la ru\u00e9e vers le diamant de Kimberley.<\/p>\n\n\n\n<h3 class=\"wp-block-heading\" id=\"10-leureka-diamond-marque-le-d%C3%A9but-de-la-ru%C3%A9e-vers-le-diamant\">L&rsquo;Eureka Diamond marque le d\u00e9but de la ru\u00e9e vers le diamant<\/h3>\n\n\n\n<p>La ru\u00e9e vers le diamant signifiait qu&rsquo;il y avait une vague massive de migration vers l&rsquo;Afrique du Sud. Les travailleurs de tout le continent et du reste du monde se sont pr\u00e9cipit\u00e9s vers cette nouvelle opportunit\u00e9 passionnante. Le pays s&rsquo;est av\u00e9r\u00e9 \u00eatre une mine \u00ab\u00a0d&rsquo;or\u00a0\u00bb pour les diamants. La ru\u00e9e a \u00e9t\u00e9 responsable de la fondation de la mine Kimberley et finalement &#8211; de la ville de Kimberley. Les nouveaux changements, cependant, ont eu un co\u00fbt. De nombreux essais et erreurs ont \u00e9t\u00e9 utilis\u00e9s pour d\u00e9terminer quelles seraient les meilleures fa\u00e7ons d&rsquo;extraire des diamants dans cette r\u00e9gion. Les mines souterraines \u00e9taient le meilleur choix et des entreprises comme De Beers y ont investi une tonne de ressources.<\/p>\n\n\n\n<h3 class=\"wp-block-heading\" id=\"11-le-diamant-eureka-marque-le-d%C3%A9but-de-la-r%C3%A9volution-min%C3%A9rale\">Le diamant Eureka marque le d\u00e9but de la r\u00e9volution min\u00e9rale<\/h3>\n\n\n\n<p>La d\u00e9couverte du diamant Eureka est \u00e9galement utilis\u00e9e pour marquer le d\u00e9but de la r\u00e9volution min\u00e9rale. Il a conduit le d\u00e9veloppement et l&rsquo;urbanisation de l&rsquo;Afrique du Sud. Il a sorti le pays de son ancien taux statique et de ses exportations de laine. Cependant, l&rsquo;industrie du diamant a tr\u00e8s mal trait\u00e9 les travailleurs au bas de la cha\u00eene alimentaire. M\u00eame si un objet de luxe \u00e9tait produit, les responsables de son extraction n&rsquo;\u00e9taient pas tr\u00e8s r\u00e9compens\u00e9s. Cela a \u00e9galement provoqu\u00e9 une rupture dans la politique du pays. Certains pensent que cela pourrait \u00eatre l&rsquo;une des raisons qui ont conduit \u00e0 la s\u00e9gr\u00e9gation en Afrique du Sud.<\/p>\n\n\n\n<h3 class=\"wp-block-heading\" id=\"12-le-diamant-eureka-est-offert-%C3%A0-lafrique-du-sud\">Le diamant Eureka est offert \u00e0 l&rsquo;Afrique du Sud<\/h3>\n\n\n\n<p>La De Beers a \u00e9t\u00e9 l&rsquo;une des principales parties prenantes qui a conduit et b\u00e9n\u00e9fici\u00e9 de la ru\u00e9e vers le diamant en Afrique du Sud. En reconnaissance du r\u00f4le vital du pays dans leur \u00e9tablissement en tant que conglom\u00e9rat mondial de diamants, ils ont d\u00e9cid\u00e9 de rendre l&rsquo;Eureka comme un cadeau modeste mais symbolique au peuple sud-africain. L&rsquo;Eureka Diamond est actuellement conserv\u00e9 au <a href=\"https:\/\/thebighole.co.za\" target=\"_blank\" rel=\"noreferrer noopener nofollow\">Mine Museum de Kimberley<\/a>, en Afrique du Sud.<\/p>\n\n\n\n<p>Le diamant a \u00e9t\u00e9 bri\u00e8vement expos\u00e9 au Mus\u00e9e de Min\u00e9ralogie de Paris, qui fait partie du <a href=\"https:\/\/www.mnhn.fr\/en\" target=\"_blank\" rel=\"noreferrer noopener nofollow\">Mus\u00e9um national d&rsquo;Histoire Naturelle<\/a>, en 2001. Le diamant a \u00e9t\u00e9 pr\u00eat\u00e9 au mus\u00e9e pour une <a href=\"https:\/\/www.amazon.fr\/Diamants-Exposition-dhistoire-min\u00e9ralogie-Connaissance\/dp\/B000WV24WY\" target=\"_blank\" rel=\"noreferrer noopener nofollow\">exposition temporaire intitul\u00e9e \u00ab\u00a0Diamonds\u00a0\u00bb<\/a> qui s&rsquo;est tenue du 17 octobre 2001 au 31 mars 2002. L&rsquo;exposition pr\u00e9sentait certains des diamants les plus c\u00e9l\u00e8bres au monde, notamment le diamant Eureka, le Koh-i-Noor et le Cullinan. Apr\u00e8s l&rsquo;exposition, l&rsquo;Eureka Diamond a \u00e9t\u00e9 rendu au Mine Museum de Kimberley, en Afrique du Sud.<\/p>\n\n\n\n<h4 class=\"wp-block-heading\" id=\"13-nous-esp%C3%A9rons-que-vous-avez-appr%C3%A9ci%C3%A9-la-lecture-\">Nous esp\u00e9rons que vous avez appr\u00e9ci\u00e9 la lecture !<\/h4>\n\n\n\n<p>Si vous souhaitez en savoir plus sur d\u2019autres diamants c\u00e9l\u00e8bres tels que les diamants&nbsp;<a href=\"https:\/\/ajediam.com\/fr\/histoire\/diamants-celebres\/le-diamant-orlov\/\">Orlov<\/a>,&nbsp;<a href=\"https:\/\/ajediam.com\/fr\/histoire\/diamants-celebres\/le-diamant-de-kimberley\/\">Kimberley&nbsp;<\/a>ou&nbsp;<a href=\"https:\/\/ajediam.com\/fr\/histoire\/diamants-celebres\/le-diamant-premier-rose\/\">Premier Rose<\/a>, vous pouvez consulter le&nbsp;<a href=\"https:\/\/ajediam.com\/fr\/histoire\/diamants-celebres\/\">glossaire des diamants c\u00e9l\u00e8bres d\u2019Ajediam<\/a>. Ou, si vous vous sentez inspir\u00e9, vous pouvez parcourir la boutique des collections de diamants de qualit\u00e9 sup\u00e9rieure d\u2019Ajediam.<\/p>\n","protected":false},"excerpt":{"rendered":"<p>Le diamant qui a chang\u00e9 l&rsquo;histoire de l&rsquo;Afrique du Sud pour toujours Le diamant Eureka n&rsquo;est pas encore tr\u00e8s impressionnant selon les normes des pierres pr\u00e9cieuses, il a m\u00e9rit\u00e9 sa place parmi les plus grands diamants de l&rsquo;histoire. Un simple 21 carats dans sa forme brute, une couleur jaune brun\u00e2tre; il est diff\u00e9rent d&rsquo;autres diamants [&hellip;]<\/p>\n","protected":false},"author":5,"featured_media":9518,"parent":10150,"menu_order":0,"comment_status":"closed","ping_status":"closed","template":"articllle-like-page.php","meta":{"ub_ctt_via":"","footnotes":""},"acf":[],"featured_image_src":"https:\/\/ajediam.com\/wp-content\/uploads\/2023\/03\/diamond-eureka.jpg","_links":{"self":[{"href":"https:\/\/ajediam.com\/fr\/wp-json\/wp\/v2\/pages\/10159"}],"collection":[{"href":"https:\/\/ajediam.com\/fr\/wp-json\/wp\/v2\/pages"}],"about":[{"href":"https:\/\/ajediam.com\/fr\/wp-json\/wp\/v2\/types\/page"}],"author":[{"embeddable":true,"href":"https:\/\/ajediam.com\/fr\/wp-json\/wp\/v2\/users\/5"}],"replies":[{"embeddable":true,"href":"https:\/\/ajediam.com\/fr\/wp-json\/wp\/v2\/comments?post=10159"}],"version-history":[{"count":4,"href":"https:\/\/ajediam.com\/fr\/wp-json\/wp\/v2\/pages\/10159\/revisions"}],"predecessor-version":[{"id":12061,"href":"https:\/\/ajediam.com\/fr\/wp-json\/wp\/v2\/pages\/10159\/revisions\/12061"}],"up":[{"embeddable":true,"href":"https:\/\/ajediam.com\/fr\/wp-json\/wp\/v2\/pages\/10150"}],"wp:featuredmedia":[{"embeddable":true,"href":"https:\/\/ajediam.com\/fr\/wp-json\/wp\/v2\/media\/9518"}],"wp:attachment":[{"href":"https:\/\/ajediam.com\/fr\/wp-json\/wp\/v2\/media?parent=10159"}],"curies":[{"name":"wp","href":"https:\/\/api.w.org\/{rel}","templated":true}]}}