{"id":10236,"date":"2023-07-04T16:21:48","date_gmt":"2023-07-04T16:21:48","guid":{"rendered":"https:\/\/ajediam.com\/?page_id=10236"},"modified":"2024-01-10T19:48:22","modified_gmt":"2024-01-10T19:48:22","slug":"le-diamant-excelsior","status":"publish","type":"page","link":"https:\/\/ajediam.com\/fr\/histoire\/diamants-celebres\/le-diamant-excelsior\/","title":{"rendered":"Le diamant Excelsior"},"content":{"rendered":"\n<p class=\"itt\">Une rare trag\u00e9die parmi les pierres pr\u00e9cieuses c\u00e9l\u00e8bres<\/p>\n\n\n\n<p>Le diamant Excelsior, initialement pes\u00e9 \u00e0 995 carats, \u00e9tait autrefois le plus gros diamant de qualit\u00e9 gemme au monde. Le nom Excelsior, qui signifie \u00ab&nbsp;toujours plus haut&nbsp;\u00bb, souligne les grands espoirs que les fondateurs du diamant avaient pour l&rsquo;avenir du diamant. Pourtant, ces r\u00eaves de gloire ont \u00e9t\u00e9 an\u00e9antis. Seulement dix ans apr\u00e8s sa d\u00e9couverte, le diamant a \u00e9t\u00e9 coup\u00e9 en 21 morceaux, donnant un colis compos\u00e9 de plusieurs morceaux plus petits et d&rsquo;une pierre plus grosse pesant seulement 69,69 carats. L&rsquo;importance de cette perte ne tient pas \u00e0 la l\u00e9g\u00e8re dans l&rsquo;esprit des sp\u00e9cialistes de l&rsquo;industrie. Rendu ce qui semblait \u00eatre des miettes, le clivage a abouti \u00e0 de multiples fractions maigres de l&rsquo;\u00e9norme pierre brute d&rsquo;origine. Certains qualifient la d\u00e9cision de tailler le diamant de \u00ab\u00a0la plus grande trag\u00e9die des temps modernes de l&rsquo;histoire des diamants\u00a0\u00bb.<\/p>\n\n\n\n<p>Si vous souhaitez en savoir plus sur le diamant Excelsior, vous trouverez dans cet article :<\/p>\n\n\n<div class=\"ub_table-of-contents\" data-showtext=\"show\" data-hidetext=\"hide\" data-scrolltype=\"auto\" id=\"ub_table-of-contents-e331f197-e27a-4308-9f81-5aa64867dece\" data-initiallyhideonmobile=\"false\"\n                    data-initiallyshow=\"true\"><div class=\"ub_table-of-contents-header-container\"><div class=\"ub_table-of-contents-header\">\n                    <div class=\"ub_table-of-contents-title\">Table des Mati\u00e8res<\/div><\/div><\/div><div class=\"ub_table-of-contents-extra-container\"><div class=\"ub_table-of-contents-container ub_table-of-contents-1-column \"><ol><li><a href=https:\/\/ajediam.com\/fr\/histoire\/diamants-celebres\/le-diamant-excelsior\/#0-les-origines-du-diamant-excelsior>Les origines du diamant Excelsior<\/a><ol><li><a href=https:\/\/ajediam.com\/fr\/histoire\/diamants-celebres\/le-diamant-excelsior\/#1-la-d%C3%A9couverte-de-lexcelsior>La d\u00e9couverte de l&rsquo;Excelsior<\/a><\/li><li><a href=https:\/\/ajediam.com\/fr\/histoire\/diamants-celebres\/le-diamant-excelsior\/#2-la-propri%C3%A9t%C3%A9-de-lexcelsior->La propri\u00e9t\u00e9 de l&rsquo;Excelsior :<\/a><\/li><\/ol><\/li><li><a href=https:\/\/ajediam.com\/fr\/histoire\/diamants-celebres\/le-diamant-excelsior\/#5-la-taille-du-diamant-excelsior>La taille du diamant Excelsior<\/a><ol><li><a href=https:\/\/ajediam.com\/fr\/histoire\/diamants-celebres\/le-diamant-excelsior\/#6-critiques-de-la-coupe-dexcelsior>Critiques de la coupe d&rsquo;Excelsior<\/a><\/li><\/ol><\/li><li><a href=https:\/\/ajediam.com\/fr\/histoire\/diamants-celebres\/le-diamant-excelsior\/#7-lhistoire-moderne-de-la-propri%C3%A9t%C3%A9-de-lexcelsior>L&rsquo;histoire moderne de la propri\u00e9t\u00e9 de l&rsquo;Excelsior<\/a><ol><li><a href=https:\/\/ajediam.com\/fr\/histoire\/diamants-celebres\/le-diamant-excelsior\/#8-localisation-et-propri%C3%A9taires-dorigine>Localisation et propri\u00e9taires d&rsquo;origine<\/a><\/li><li><a href=https:\/\/ajediam.com\/fr\/histoire\/diamants-celebres\/le-diamant-excelsior\/#9-diff%C3%A9rents-bijoux-diff%C3%A9rents-propri%C3%A9taires>Diff\u00e9rents bijoux, diff\u00e9rents propri\u00e9taires<\/a><\/li><\/ol><\/li><li><a href=https:\/\/ajediam.com\/fr\/histoire\/diamants-celebres\/le-diamant-excelsior\/#10-les-caract%C3%A9ristiques-techniques-du-diamant-excelsior>Les caract\u00e9ristiques techniques du diamant Excelsior<\/a><\/li><li><a href=https:\/\/ajediam.com\/fr\/histoire\/diamants-celebres\/le-diamant-excelsior\/#11-limportance-du-diamant-excelsior>L&rsquo;importance du diamant Excelsior<\/a><\/li><\/ol><\/div><\/div><\/div>\n\n\n<h2 class=\"wp-block-heading\" id=\"0-les-origines-du-diamant-excelsior\">Les origines du diamant Excelsior<\/h2>\n\n\n\n<h3 class=\"wp-block-heading\" id=\"1-la-d%C3%A9couverte-de-lexcelsior\">La d\u00e9couverte de l&rsquo;Excelsior<\/h3>\n\n\n\n<p>Le 30 juin 1893, un mineur sud-africain vaquait \u00e0 ses occupations quotidiennes. La mine de Jagersfontein, o\u00f9 il pelletait du gravier dans un camion, \u00e9tait situ\u00e9e \u00e0 seulement 130 km au sud-est de l&rsquo;importante mine de Kimberley. Le Jagersfontein a toujours \u00e9t\u00e9 consid\u00e9r\u00e9 comme un site minier d&rsquo;importance secondaire. Pourtant, au milieu de la terre, l&rsquo;ouvrier a trouv\u00e9 un diamant brut de la taille d&rsquo;une demi-miche de pain. Parmi les d\u00e9bris, des traits de lumi\u00e8re, habill\u00e9s d&rsquo;une couleur bleu-blanc per\u00e7aient. La pierre pr\u00e9cieuse \u00e9tait plus haute que n&rsquo;importe quel diamant jamais trouv\u00e9, ce qui a inspir\u00e9 le nom \u00ab\u00a0Excelsior\u00a0\u00bb. Lorsque l&rsquo;ouvrier a fait la d\u00e9couverte, il a cach\u00e9 la pierre \u00e0 son surveillant, craignant de ne pas recevoir le cr\u00e9dit qu&rsquo;il m\u00e9ritait. Le travailleur a apport\u00e9 le diamant directement au directeur de la mine, qui l&rsquo;a r\u00e9compens\u00e9 pour son honn\u00eatet\u00e9 avec 500 \u00a3 et un cheval sell\u00e9.<\/p>\n\n\n\n<h3 class=\"wp-block-heading\" id=\"2-la-propri%C3%A9t%C3%A9-de-lexcelsior-\">La propri\u00e9t\u00e9 de l&rsquo;Excelsior :<\/h3>\n\n\n\n<h4 class=\"wp-block-heading\" id=\"3-le-consortium\">Le consortium<\/h4>\n\n\n\n<p>\u00c0 la date de la d\u00e9couverte, le contrat de location de la mine allait expirer. Le contrat a \u00e9t\u00e9 sign\u00e9 entre la soci\u00e9t\u00e9 mini\u00e8re Jagersfontein et un consortium d&rsquo;achat de dix entreprises londoniennes. Le surveillant de l&rsquo;ouvrier qui a trouv\u00e9 la pierre aurait pu cacher le diamant pendant une journ\u00e9e et de cette fa\u00e7on, la soci\u00e9t\u00e9 mini\u00e8re aurait pu en revendiquer la pleine propri\u00e9t\u00e9. Cependant, en raison de l&rsquo;honn\u00eatet\u00e9 du travailleur, qui a imm\u00e9diatement signal\u00e9 la d\u00e9couverte, l&rsquo;entreprise a d\u00fb se contenter de 50 %, partageant le reste des b\u00e9n\u00e9fices avec le consortium. N\u00e9anmoins, le diamant a \u00e9t\u00e9 exp\u00e9di\u00e9 en Grande-Bretagne, o\u00f9 il a ensuite \u00e9t\u00e9 assur\u00e9 par le consortium et enferm\u00e9 dans un coffre-fort s\u00e9curis\u00e9.<\/p>\n\n\n\n<p>En 1896, la soci\u00e9t\u00e9 mini\u00e8re accepta de vendre ses parts au consortium, et en particulier aux soci\u00e9t\u00e9s MM. Wernher Beit &amp; Co., Barnato Bros. et Mosenthal Sons &amp; Co. pour un prix de 25 000 \u00a3 soit environ 638 285 \u00a3. compte tenu des taux d&rsquo;inflation actuels.<\/p>\n\n\n\n<h4 class=\"wp-block-heading\" id=\"4-aucun-acheteur-pour-lexcelsior-na-%C3%A9t%C3%A9-trouv%C3%A9\">Aucun acheteur pour l&rsquo;Excelsior n&rsquo;a \u00e9t\u00e9 trouv\u00e9<\/h4>\n\n\n\n<p>Le consortium d&rsquo;entreprises londonien attendait patiemment un acqu\u00e9reur pour l&rsquo;Excelsior. Cependant, la taille, la qualit\u00e9 et le prix ont effray\u00e9 la plupart des acheteurs. Dix ans apr\u00e8s la d\u00e9couverte du diamant, il n&rsquo;y avait toujours pas d&rsquo;acheteur \u00e0 trouver. Ainsi, en 1903, les soci\u00e9t\u00e9s ont recours aux services de la soci\u00e9t\u00e9 n\u00e9erlandaise Royal Asscher Diamond. Quand Asscher l&rsquo;a inspect\u00e9, il aurait d\u00e9couvert que le diamant contenait des inclusions de carbone noir, qui \u00e9taient typiques des diamants provenant de cette mine, mais ont contrecarr\u00e9 tous les espoirs de produire une grande gemme de haute qualit\u00e9, record.<\/p>\n\n\n\n<div style=\"height:60px\" aria-hidden=\"true\" class=\"wp-block-spacer\"><\/div>\n\n\n\n<h2 class=\"wp-block-heading\" id=\"5-la-taille-du-diamant-excelsior\">La taille du diamant Excelsior<\/h2>\n\n\n\n<p>La d\u00e9cision dramatique a alors \u00e9t\u00e9 prise de couper l&rsquo;Excelsior en plus petits morceaux et de les vendre s\u00e9par\u00e9ment. Asscher a scell\u00e9 le destin du diamant en le coupant en 21 gemmes exquises allant de 69,69 carats \u00e0 moins d&rsquo;un. Le poids combin\u00e9 des pierres pr\u00e9cieuses finies \u00e9tait de 373,75 carats, ce qui \u00e9quivalait \u00e0 une perte d&rsquo;environ 63 % de la masse d&rsquo;origine de la pierre pr\u00e9cieuse. M\u00eame si la perte \u00e9tait \u00e9norme, le r\u00e9sultat a d\u00e9pass\u00e9 les attentes initiales de l&rsquo;expert. En raison de la pr\u00e9sence des redoutables inclusions de carbone, ils craignaient que le produit final ne donne un r\u00e9sultat encore moins substantiel.<\/p>\n\n\n\n<h3 class=\"wp-block-heading\" id=\"6-critiques-de-la-coupe-dexcelsior\">Critiques de la coupe d&rsquo;Excelsior<\/h3>\n\n\n\n<p>L&rsquo;entreprise a sembl\u00e9 devenir une d\u00e9b\u00e2cle. Le directeur g\u00e9n\u00e9ral de la soci\u00e9t\u00e9 De Beers, Alpheus Williams, a comment\u00e9 l&rsquo;\u00e9v\u00e9nement dans son livre \u00ab\u00a0Some Dreams Come True\u00a0\u00bb. Selon Williams, la taille de l&rsquo;Excelsior \u00e9tait \u00ab\u00a0la plus grande trag\u00e9die des temps modernes dans l&rsquo;histoire des diamants\u00a0\u00bb. Pour fournir un contexte de comparaison, le destin du Jubilee Diamond \u00e9tait de devenir deux pierres, la plus grande pesant 245,35 carats. Le Jubilee a \u00e9t\u00e9 trouv\u00e9 quelques ann\u00e9es apr\u00e8s l&rsquo;Excelsior dans la m\u00eame mine, mais il est devenu \u00e0 l&rsquo;\u00e9poque le sixi\u00e8me plus gros diamant poli au monde. Il semble que le red\u00e9coupage de la pi\u00e8ce n&rsquo;ait pas \u00e9t\u00e9 aussi bien re\u00e7u par l&rsquo;histoire qu&rsquo;il l&rsquo;\u00e9tait par ses spectateurs \u00e0 l&rsquo;\u00e9poque.<\/p>\n\n\n\n<div style=\"height:60px\" aria-hidden=\"true\" class=\"wp-block-spacer\"><\/div>\n\n\n\n<h2 class=\"wp-block-heading\" id=\"7-lhistoire-moderne-de-la-propri%C3%A9t%C3%A9-de-lexcelsior\">L&rsquo;histoire moderne de la propri\u00e9t\u00e9 de l&rsquo;Excelsior<\/h2>\n\n\n\n<h3 class=\"wp-block-heading\" id=\"8-localisation-et-propri%C3%A9taires-dorigine\">Localisation et propri\u00e9taires d&rsquo;origine<\/h3>\n\n\n\n<p>L&rsquo;Excelsior a \u00e9t\u00e9 d\u00e9couvert \u00e0 l&rsquo;origine dans la mine Jagersfontein en Afrique du Sud. La moiti\u00e9 de celle-ci est devenue la propri\u00e9t\u00e9 de la Jagersfontein Mining and Exploration Company Limited. L&rsquo;autre moiti\u00e9 appartenait \u00e0 un consortium londonien d&rsquo;achat de diamants de plus de 10 soci\u00e9t\u00e9s. Le plus grand d&rsquo;entre eux \u00e9tait MM. Wernher Beit &amp; Co. En 1896, MM. Wernher Beit &amp; Co., Barnato Bros. et Mosenthal Sons &amp; Co. ont achet\u00e9 les actions de la soci\u00e9t\u00e9 mini\u00e8re Jagersfontein. En 1903, l&rsquo;Excelsior a \u00e9t\u00e9 envoy\u00e9 pour \u00eatre taill\u00e9 en pierres pr\u00e9cieuses de haute qualit\u00e9 \u00e0 Amsterdam.<\/p>\n\n\n\n<h3 class=\"wp-block-heading\" id=\"9-diff%C3%A9rents-bijoux-diff%C3%A9rents-propri%C3%A9taires\">Diff\u00e9rents bijoux, diff\u00e9rents propri\u00e9taires<\/h3>\n\n\n\n<p>Suite \u00e0 la coupe de l&rsquo;Excelsior, il a \u00e9t\u00e9 vendu s\u00e9par\u00e9ment \u00e0 diff\u00e9rents acheteurs, dont certains sont rest\u00e9s anonymes. Trois pierres pr\u00e9cieuses ont \u00e9t\u00e9 vendues \u00e0 Tiffany &amp; Co. La soci\u00e9t\u00e9 De Beers a pr\u00e9sent\u00e9 l&rsquo;une des plus petites pi\u00e8ces en forme de marquise \u00e0 l&rsquo;exposition universelle de New York en 1939. En 1989, Graff Diamonds Ltd. a achet\u00e9 l&rsquo;Excelsior I \u00e0 une famille inconnue, puis l&rsquo;a revendue. \u00e0 un client anonyme. Le diamant a ensuite \u00e9t\u00e9 mis en vente en 1991 et 1996, date \u00e0 laquelle il a finalement \u00e9t\u00e9 achet\u00e9 par Robert Mouawad pour 2 642 000 $ pour sa collection priv\u00e9e.<\/p>\n\n\n\n<p>Malheureusement, l&rsquo;histoire des autres pi\u00e8ces d&rsquo;Excelsior est entour\u00e9e de myst\u00e8re. Certains experts pensent que l&rsquo;Excelsior IV aurait pu \u00eatre expos\u00e9e \u00e0 \u00ab\u00a0The Court of Jewels\u00a0\u00bb au Texas, en 1949, par Harry Winston. Le bijou avait la forme, la taille et les mesures correctes. Plus tard en 1957, un pendentif en forme de poire qui pesait 46,50 carats a \u00e9t\u00e9 vendu aux ench\u00e8res par les galeries Parke-Bernet. Il est possible que ce soit l&rsquo;Excelsior III.<\/p>\n\n\n\n<div style=\"height:60px\" aria-hidden=\"true\" class=\"wp-block-spacer\"><\/div>\n\n\n\n<h2 class=\"wp-block-heading\" id=\"10-les-caract%C3%A9ristiques-techniques-du-diamant-excelsior\">Les caract\u00e9ristiques techniques du diamant Excelsior<\/h2>\n\n\n\n<p>\u00c0 l&rsquo;origine, l&rsquo;Excelsior pesait 971 carats anciens, ce qui \u00e9quivalait \u00e0 995,2 carats m\u00e9triques, soit 199 grammes. La forme du diamant \u00e9tait plate au fond et s&rsquo;\u00e9levait en un sommet, semblable \u00e0 une montagne ou \u00e0 une demi-miche de pain. Sa structure cristalline ressemblait \u00e0 un gla\u00e7on fractur\u00e9. Il mesurait 21\u20442 sur 2 pouces sur 1 pouce d&rsquo;\u00e9paisseur. Le diamant poss\u00e9dait une couleur bleu-blanc, gradu\u00e9e G, ce qui signifie presque incolore. C&rsquo;est une caract\u00e9ristique de certains des diamants de la plus haute qualit\u00e9. Cependant, il contenait plusieurs inclusions de carbone noir. Cela a forc\u00e9 Asscher \u00e0 tailler la gemme brute en pierres plus petites de meilleure qualit\u00e9.<\/p>\n\n\n\n<p>Les grades de couleur et de clart\u00e9 pour chaque pi\u00e8ce de l&rsquo;Excelsior ne sont pas disponibles. C&rsquo;est parce que beaucoup de leurs acheteurs sont rest\u00e9s anonymes. Cependant, le GIA a certifi\u00e9 l&rsquo;Excelsior I en 1991. Il a donn\u00e9 \u00e0 la pierre un degr\u00e9 de clart\u00e9 VS-2 et un degr\u00e9 de couleur G. Cela signifie que la pierre est tr\u00e8s l\u00e9g\u00e8rement incluse et presque incolore.<\/p>\n\n\n\n<div style=\"height:60px\" aria-hidden=\"true\" class=\"wp-block-spacer\"><\/div>\n\n\n\n<h2 class=\"wp-block-heading\" id=\"11-limportance-du-diamant-excelsior\">L&rsquo;importance du diamant Excelsior<\/h2>\n\n\n\n<p>Avec un poids de 995,2 carats, l&rsquo;Excelsior \u00e9tait autrefois le plus gros diamant brut du monde. Malheureusement, il est largement associ\u00e9 \u00e0 sa coupe, largement consid\u00e9r\u00e9e comme une erreur de jugement ; au lieu de son calibre d&rsquo;origine qui incarnait tout son potentiel. N\u00e9anmoins, selon les normes actuelles, il s&rsquo;agit toujours du 4e plus gros diamant de qualit\u00e9 gemme jamais trouv\u00e9. L&rsquo;Excelsior appartient \u00e0 juste titre \u00e0 la famille des plus gros diamants mondialement connus, comme le Cullinan. S&rsquo;il \u00e9tait encore entier aujourd&rsquo;hui, il m\u00e9riterait d&rsquo;\u00eatre expos\u00e9 dans les mus\u00e9es les plus exquis du monde, comme la gigantesque et \u00e9blouissante merveille de la nature qu&rsquo;il \u00e9tait autrefois. Cependant, il a \u00e9t\u00e9 coup\u00e9 en 21 morceaux et vendu \u00e0 diff\u00e9rents acheteurs qui ont scell\u00e9 son sort dans l&rsquo;obscurit\u00e9. Peut-\u00eatre qu&rsquo;Alpheus Williams avait raison dans sa critique. La d\u00e9cision de tailler l&rsquo;Excelsior a priv\u00e9 toute l&rsquo;humanit\u00e9 de l&rsquo;\u00e9clat de la pierre pr\u00e9cieuse.<\/p>\n\n\n\n<h4 class=\"wp-block-heading\" id=\"12-nous-esp%C3%A9rons-que-vous-avez-appr%C3%A9ci%C3%A9-la-lecture-\">Nous esp\u00e9rons que vous avez appr\u00e9ci\u00e9 la lecture !<\/h4>\n\n\n\n<p>Si vous souhaitez en savoir plus sur d\u2019autres diamants c\u00e9l\u00e8bres tels que les diamants&nbsp;<a href=\"https:\/\/ajediam.com\/fr\/histoire\/diamants-celebres\/le-diamant-orlov\/\">Orlov<\/a>,&nbsp;<a href=\"https:\/\/ajediam.com\/fr\/histoire\/diamants-celebres\/le-diamant-de-kimberley\/\">Kimberley&nbsp;<\/a>ou&nbsp;<a href=\"https:\/\/ajediam.com\/fr\/histoire\/diamants-celebres\/le-diamant-premier-rose\/\">Premier Rose<\/a>, vous pouvez consulter le&nbsp;<a href=\"https:\/\/ajediam.com\/fr\/histoire\/diamants-celebres\/\">glossaire des diamants c\u00e9l\u00e8bres d\u2019Ajediam<\/a>. Ou, si vous vous sentez inspir\u00e9, vous pouvez parcourir la boutique des collections de diamants de qualit\u00e9 sup\u00e9rieure d\u2019Ajediam.<\/p>\n","protected":false},"excerpt":{"rendered":"<p>Une rare trag\u00e9die parmi les pierres pr\u00e9cieuses c\u00e9l\u00e8bres Le diamant Excelsior, initialement pes\u00e9 \u00e0 995 carats, \u00e9tait autrefois le plus gros diamant de qualit\u00e9 gemme au monde. Le nom Excelsior, qui signifie \u00ab&nbsp;toujours plus haut&nbsp;\u00bb, souligne les grands espoirs que les fondateurs du diamant avaient pour l&rsquo;avenir du diamant. Pourtant, ces r\u00eaves de gloire ont [&hellip;]<\/p>\n","protected":false},"author":5,"featured_media":9519,"parent":10150,"menu_order":0,"comment_status":"closed","ping_status":"closed","template":"articllle-like-page.php","meta":{"ub_ctt_via":"","footnotes":""},"acf":[],"featured_image_src":"https:\/\/ajediam.com\/wp-content\/uploads\/2023\/03\/excelsior-complet.jpg","_links":{"self":[{"href":"https:\/\/ajediam.com\/fr\/wp-json\/wp\/v2\/pages\/10236"}],"collection":[{"href":"https:\/\/ajediam.com\/fr\/wp-json\/wp\/v2\/pages"}],"about":[{"href":"https:\/\/ajediam.com\/fr\/wp-json\/wp\/v2\/types\/page"}],"author":[{"embeddable":true,"href":"https:\/\/ajediam.com\/fr\/wp-json\/wp\/v2\/users\/5"}],"replies":[{"embeddable":true,"href":"https:\/\/ajediam.com\/fr\/wp-json\/wp\/v2\/comments?post=10236"}],"version-history":[{"count":5,"href":"https:\/\/ajediam.com\/fr\/wp-json\/wp\/v2\/pages\/10236\/revisions"}],"predecessor-version":[{"id":12057,"href":"https:\/\/ajediam.com\/fr\/wp-json\/wp\/v2\/pages\/10236\/revisions\/12057"}],"up":[{"embeddable":true,"href":"https:\/\/ajediam.com\/fr\/wp-json\/wp\/v2\/pages\/10150"}],"wp:featuredmedia":[{"embeddable":true,"href":"https:\/\/ajediam.com\/fr\/wp-json\/wp\/v2\/media\/9519"}],"wp:attachment":[{"href":"https:\/\/ajediam.com\/fr\/wp-json\/wp\/v2\/media?parent=10236"}],"curies":[{"name":"wp","href":"https:\/\/api.w.org\/{rel}","templated":true}]}}