{"id":10238,"date":"2023-07-04T16:33:48","date_gmt":"2023-07-04T16:33:48","guid":{"rendered":"https:\/\/ajediam.com\/?page_id=10238"},"modified":"2024-01-10T19:43:26","modified_gmt":"2024-01-10T19:43:26","slug":"diamant-rouge-hancock","status":"publish","type":"page","link":"https:\/\/ajediam.com\/fr\/histoire\/diamants-celebres\/diamant-rouge-hancock\/","title":{"rendered":"Le diamant rouge Hancock"},"content":{"rendered":"\n<p class=\"itt\">La l\u00e9gende d&rsquo;un diamant rare<\/p>\n\n\n\n<p>Seuls tr\u00e8s peu de diamants rouges ont \u00e9t\u00e9 trouv\u00e9s dans le monde. En raison de leur raret\u00e9; les membres de la famille Red Diamond, comme le Hancock Red, revendiquent souvent la vedette et finissent par devenir une l\u00e9gende. Pendant des si\u00e8cles, les gens n&rsquo;ont pas compris leur valeur, ni montr\u00e9 aucun int\u00e9r\u00eat \u00e0 les poss\u00e9der. Les pierres \u00e9taient souvent confondues avec des rubis. Cependant, avec l&rsquo;augmentation de la capacit\u00e9 de l&rsquo;industrie \u00e0 d\u00e9tecter et \u00e0 comprendre les pierres pr\u00e9cieuses, leur valeur a consid\u00e9rablement augment\u00e9. Le degr\u00e9 de r\u00e9surgence de la pierre pr\u00e9cieuse rouge qui s&rsquo;est produit \u00e0 cette \u00e9poque \u00e9tait tel que le Hancock Red a fini par d\u00e9tenir le record du prix le plus \u00e9lev\u00e9 par carat \u00e0 l&rsquo;\u00e9poque.<\/p>\n\n\n\n<p>Dans cet article, vous trouverez :<\/p>\n\n\n<div class=\"ub_table-of-contents\" data-showtext=\"show\" data-hidetext=\"hide\" data-scrolltype=\"auto\" id=\"ub_table-of-contents-642eba6a-0e1f-423e-a856-8d57a8a42964\" data-initiallyhideonmobile=\"false\"\n                    data-initiallyshow=\"true\"><div class=\"ub_table-of-contents-header-container\"><div class=\"ub_table-of-contents-header\">\n                    <div class=\"ub_table-of-contents-title\">Table des Mati\u00e8res<\/div><\/div><\/div><div class=\"ub_table-of-contents-extra-container\"><div class=\"ub_table-of-contents-container ub_table-of-contents-1-column \"><ol><li><a href=https:\/\/ajediam.com\/fr\/histoire\/diamants-celebres\/diamant-rouge-hancock\/#0-origines-du-diamant-rouge-hancock>Origines du diamant rouge Hancock<\/a><ol><li><a href=https:\/\/ajediam.com\/fr\/histoire\/diamants-celebres\/diamant-rouge-hancock\/#1-random-collectors-with-whimsical-taste>Random collectors with whimsical taste<\/a><\/li><li><a href=https:\/\/ajediam.com\/fr\/histoire\/diamants-celebres\/diamant-rouge-hancock\/#2-la-gemme-est-vendue-%C3%A0-warren-hancock-dans-le-montana>La gemme est vendue \u00e0 Warren Hancock dans le Montana<\/a><\/li><\/ol><\/li><li><a href=https:\/\/ajediam.com\/fr\/histoire\/diamants-celebres\/diamant-rouge-hancock\/#3-taille-du-diamant-rouge-hancock>Taille du diamant rouge Hancock<\/a><\/li><li><a href=https:\/\/ajediam.com\/fr\/histoire\/diamants-celebres\/diamant-rouge-hancock\/#4-histoire-de-la-propri%C3%A9t%C3%A9-du-diamant-rouge-hancock>Histoire de la propri\u00e9t\u00e9 du diamant rouge Hancock<\/a><ol><li><a href=https:\/\/ajediam.com\/fr\/histoire\/diamants-celebres\/diamant-rouge-hancock\/#5-la-famille-hancock-a-d%C3%BB-vendre-le-joyau-par-n%C3%A9cessit%C3%A9>La famille Hancock a d\u00fb vendre le joyau par n\u00e9cessit\u00e9<\/a><\/li><li><a href=https:\/\/ajediam.com\/fr\/histoire\/diamants-celebres\/diamant-rouge-hancock\/#6-le-diamant-hancock-d%C3%A9clenche-une-guerre-dench%C3%A8res-lors-dune-vente-aux-ench%C3%A8res>Le diamant Hancock d\u00e9clenche une guerre d&rsquo;ench\u00e8res lors d&rsquo;une vente aux ench\u00e8res<\/a><\/li><li><a href=https:\/\/ajediam.com\/fr\/histoire\/diamants-celebres\/diamant-rouge-hancock\/#7-le-diamant-hancock-%C3%A9tablit-un-record-de-luxe>Le diamant Hancock \u00e9tablit un record de luxe<\/a><\/li><\/ol><\/li><li><a href=https:\/\/ajediam.com\/fr\/histoire\/diamants-celebres\/diamant-rouge-hancock\/#8-caract%C3%A9ristiques-techniques-du-diamant-rouge-hancock>Caract\u00e9ristiques techniques du diamant rouge Hancock<\/a><\/li><li><a href=https:\/\/ajediam.com\/fr\/histoire\/diamants-celebres\/diamant-rouge-hancock\/#9-signification-du-diamant-rouge-hancock>Signification du diamant rouge Hancock<\/a><ol><li><a href=https:\/\/ajediam.com\/fr\/histoire\/diamants-celebres\/diamant-rouge-hancock\/#10-le-hancock-red-est-un-pionnier-m%C3%A9diatique-parmi-les-diamants-de-couleur>Le Hancock Red est un pionnier m\u00e9diatique parmi les diamants de couleur<\/a><\/li><\/ol><\/li><\/ol><\/div><\/div><\/div>\n\n\n<div style=\"height:60px\" aria-hidden=\"true\" class=\"wp-block-spacer\"><\/div>\n\n\n\n<h2 class=\"wp-block-heading\" id=\"0-origines-du-diamant-rouge-hancock\">Origines du diamant rouge Hancock<\/h2>\n\n\n\n<p>On sait peu de choses sur les origines du diamant Red Hancock. Nous ne savons pas quand il a \u00e9t\u00e9 extrait, mais son pays d&rsquo;origine est pr\u00e9sum\u00e9 \u00eatre le Br\u00e9sil. La raison de cette hypoth\u00e8se est qu&rsquo;en 1956, le diamant rouge a \u00e9t\u00e9 trouv\u00e9 dans la collection du fils d&rsquo;un tailleur de diamants br\u00e9silien.<\/p>\n\n\n\n<h3 class=\"wp-block-heading\" id=\"1-random-collectors-with-whimsical-taste\">Random collectors with whimsical taste<\/h3>\n\n\n\n<p>Le p\u00e8re avait l&rsquo;habitude d&rsquo;acheter des diamants bruts \u00e0 des prospecteurs pour les revendre, mais il avait le bon sens de garder pour lui les diamants de couleur fantaisie. Peut-\u00eatre que ce n&rsquo;\u00e9tait pas avis\u00e9, peut-\u00eatre que c&rsquo;\u00e9tait juste un caprice\u2026 peut-\u00eatre qu&rsquo;il appr\u00e9ciait simplement leurs teintes particuli\u00e8res, vu que la valeur des pierres de couleur \u00e9tait sous-estim\u00e9e \u00e0 l&rsquo;\u00e9poque. Quoi qu&rsquo;il en soit, le fils \u00e9tait plus int\u00e9ress\u00e9 par une vie pleine de chansons, de vin et de femmes que par une vie ax\u00e9e sur la pr\u00e9servation de l&rsquo;h\u00e9ritage de son p\u00e8re. Finalement, et peut-\u00eatre \u00e0 cause de son style de vie d\u00e9pensier, il a \u00e9t\u00e9 contraint de vendre la collection de diamants de son p\u00e8re.<\/p>\n\n\n\n<p>Arnold Baron a achet\u00e9 les diamants du Br\u00e9silien anonyme en 1956. Arnold \u00e9tait un marchand de pierres de couleur fantaisie et exploitait une bijouterie \u00e0 Billing, Montana. Il avait d\u00e9j\u00e0 nou\u00e9 une amiti\u00e9 avec le collectionneur de diamants de couleur fantaisie William Hancock. Hancock avait d\u00e9j\u00e0 commenc\u00e9 \u00e0 collectionner des diamants de couleur rares au d\u00e9but des ann\u00e9es 50 et aurait ouvert sa relation commerciale avec l&rsquo;achat d&rsquo;un diamant bleu de 2 carats pour la somme de 5 500 dollars. La pierre bleue a \u00e9t\u00e9 taill\u00e9e par le c\u00e9l\u00e8bre Lazar Kaplan. L&rsquo;homme qui a \u00e9galement taill\u00e9 le Jonker Diamond, le premier gros diamant trait\u00e9 aux \u00c9tats-Unis.<\/p>\n\n\n\n<h3 class=\"wp-block-heading\" id=\"2-la-gemme-est-vendue-%C3%A0-warren-hancock-dans-le-montana\">La gemme est vendue \u00e0 Warren Hancock dans le Montana<\/h3>\n\n\n\n<p>Parmi la collection de diamants de couleur de Baron, trois gemmes \u00e9taient rouges, la plus grosse d&rsquo;entre elles pesant 0,95 carat. Les plus petits diamants rouges et roses ont \u00e9t\u00e9 vendus la m\u00eame ann\u00e9e. De plus, le plus gros joyau \u00e9tait fix\u00e9 \u00e0 13 500 $ et, selon ses propres mots, Baron s&rsquo;inqui\u00e9tait de trop facturer Hancock. Dans les ann\u00e9es 1950, seules quelques personnes s&rsquo;int\u00e9ressaient aux diamants de couleur et leurs prix \u00e9taient bien inf\u00e9rieurs \u00e0 ceux d&rsquo;aujourd&rsquo;hui.<\/p>\n\n\n\n<div style=\"height:60px\" aria-hidden=\"true\" class=\"wp-block-spacer\"><\/div>\n\n\n\n<h2 class=\"wp-block-heading\" id=\"3-taille-du-diamant-rouge-hancock\">Taille du diamant rouge Hancock<\/h2>\n\n\n\n<p>Il n&rsquo;y a pas d&rsquo;informations disponibles sur la taille du diamant Hancock. Lorsqu&rsquo;il est apparu dans l&rsquo;histoire, il s&rsquo;agissait d\u00e9j\u00e0 d&rsquo;une taille brillant rond de 0,95 carat.<\/p>\n\n\n\n<div style=\"height:60px\" aria-hidden=\"true\" class=\"wp-block-spacer\"><\/div>\n\n\n\n<h2 class=\"wp-block-heading\" id=\"4-histoire-de-la-propri%C3%A9t%C3%A9-du-diamant-rouge-hancock\">Histoire de la propri\u00e9t\u00e9 du diamant rouge Hancock<\/h2>\n\n\n\n<p>Il n&rsquo;y a aucune information disponible sur les propri\u00e9taires d&rsquo;origine du diamant Hancock. Le premier achat enregistr\u00e9 du diamant a eu lieu lorsqu&rsquo;il a \u00e9t\u00e9 achet\u00e9 par le diamantaire Arnold Baron. Le diamant rouge faisait partie d&rsquo;une grande collection de diamants de couleur fantaisie. Baron a vendu le diamant \u00e0 Warren Hancock en 1956.<\/p>\n\n\n\n<p>Hancock a donn\u00e9 son nom au diamant. Il a \u00e9t\u00e9 le fondateur de Hancock Enterprises, une soci\u00e9t\u00e9 d&rsquo;exploration p\u00e9troli\u00e8re bas\u00e9e dans le Montana, aux \u00c9tats-Unis. Pourtant, il se trouve qu&rsquo;il \u00e9tait aussi un collectionneur passionn\u00e9 de diamants. Il a conserv\u00e9 sa collection de diamants jusqu&rsquo;\u00e0 sa mort. Cependant, la famille Hancock a rencontr\u00e9 des probl\u00e8mes financiers apr\u00e8s le d\u00e9c\u00e8s de Warren en 1981.<\/p>\n\n\n\n<h3 class=\"wp-block-heading\" id=\"5-la-famille-hancock-a-d%C3%BB-vendre-le-joyau-par-n%C3%A9cessit%C3%A9\">La famille Hancock a d\u00fb vendre le joyau par n\u00e9cessit\u00e9<\/h3>\n\n\n\n<p>Les Hancock \u00e9taient riches en actifs mais \u00e9taient \u00e0 court d&rsquo;argent. La famille a d\u00fb faire face \u00e0 une \u00e9norme facture fiscale de l&rsquo;IRS qui s&rsquo;\u00e9levait \u00e0 1 million de dollars. Le fils de Warren aurait d\u00e9clar\u00e9 qu&rsquo;ils devaient soit vendre leur entreprise, soit vendre certains des diamants de la collection. Une d\u00e9cision difficile a d\u00fb \u00eatre prise, finalement, la famille a d\u00fb vendre des parties du tr\u00e9sor accumul\u00e9. Cependant, le Hancock Red ainsi que d&rsquo;autres pierres ont \u00e9t\u00e9 envoy\u00e9s \u00e0 Anvers, en Belgique, pour \u00eatre expos\u00e9s; un mouvement qui a r\u00e9ussi \u00e0 susciter un grand int\u00e9r\u00eat public et apr\u00e8s quoi une vague d&rsquo;enqu\u00eates a suivi.<\/p>\n\n\n\n<p>La d\u00e9cision finale a \u00e9t\u00e9 prise de vendre la collection familiale de diamants lors d&rsquo;une vente aux ench\u00e8res par Christie&rsquo;s \u00e0 New York en 1987. Les Hancock cherchaient d\u00e9sesp\u00e9r\u00e9ment \u00e0 g\u00e9n\u00e9rer des b\u00e9n\u00e9fices en esp\u00e8ces pour payer leurs imp\u00f4ts. \u00c0 leur grande surprise, Christie n&rsquo;a choisi que trois des diamants. Un rouge 0,95 carat, un rose violet 0,59 et un violet rouge\u00e2tre 0,54. Ce qui a suivi n&rsquo;\u00e9tait rien de moins qu&rsquo;un miracle pour les espoirs des Hancock.<\/p>\n\n\n\n<h3 class=\"wp-block-heading\" id=\"6-le-diamant-hancock-d%C3%A9clenche-une-guerre-dench%C3%A8res-lors-dune-vente-aux-ench%C3%A8res\">Le diamant Hancock d\u00e9clenche une guerre d&rsquo;ench\u00e8res lors d&rsquo;une vente aux ench\u00e8res<\/h3>\n\n\n\n<p>L&rsquo;estimation pr\u00e9alable \u00e0 la vente du diamant Hancock Red \u00e9tait de 150 000 dollars le carat. Les experts de l&rsquo;industrie pensaient que la gemme avait des probl\u00e8mes de clart\u00e9 et n&rsquo;atteindrait pas l&rsquo;estimation de pr\u00e9vente. Cependant, ce qui s&rsquo;ensuivit fut une guerre d&rsquo;ench\u00e8res entre Theodore Horovitz de Gen\u00e8ve et Lisa Moussaieff de Londres. Horovitz a finalement pr\u00e9valu et a achet\u00e9 le Hancock Red pour 880 000 dollars ou 926 315 dollars par carat.<\/p>\n\n\n\n<p>Autre coup de chance pour la famille Hancock, le diamant rose de 0,59 carat a \u00e9t\u00e9 achet\u00e9 par William Goldberg pour 148 000 dollars. Avec la vente de 880 000 dollars du diamant Hancock, la famille recevrait plus d&rsquo;un million de dollars de b\u00e9n\u00e9fices, ce qui r\u00e9soudrait tous ses probl\u00e8mes financiers.<\/p>\n\n\n\n<h3 class=\"wp-block-heading\" id=\"7-le-diamant-hancock-%C3%A9tablit-un-record-de-luxe\">Le diamant Hancock \u00e9tablit un record de luxe<\/h3>\n\n\n\n<p>Le 28 avril 1987, un nouveau record mondial a \u00e9t\u00e9 \u00e9tabli pour le prix le plus \u00e9lev\u00e9 par carat pay\u00e9 pour une gemme. Ce nouveau prix record a compl\u00e8tement battu le pr\u00e9c\u00e9dent record de 127 000 dollars le carat pour un diamant rose de 7,27 carats. Horovitz avait annonc\u00e9 qu&rsquo;il \u00e9tait pr\u00eat \u00e0 ench\u00e9rir jusqu&rsquo;\u00e0 un million de dollars pour le Hancock Red. Beaucoup soup\u00e7onnaient qu&rsquo;il agissait comme interm\u00e9diaire pour le sultan de Brunei. Le sultan \u00e9tait un collectionneur passionn\u00e9 de diamants et \u00e9tait responsable des prix \u00e9lev\u00e9s de plusieurs diamants de couleur. Cependant, Horovitz a ni\u00e9 tout lien avec le sultan. Il a ensuite vendu la gemme \u00e0 un acheteur anonyme.<\/p>\n\n\n\n<div style=\"height:60px\" aria-hidden=\"true\" class=\"wp-block-spacer\"><\/div>\n\n\n\n<h2 class=\"wp-block-heading\" id=\"8-caract%C3%A9ristiques-techniques-du-diamant-rouge-hancock\">Caract\u00e9ristiques techniques du diamant rouge Hancock<\/h2>\n\n\n\n<p>Le diamant rouge Hancock est une taille brillant rond de 0,95 ct. Son degr\u00e9 de puret\u00e9 n&rsquo;est pas disponible, mais sa caract\u00e9ristique la plus remarquable est sa couleur rouge fonc\u00e9. Le rouge est la couleur la plus rare parmi les diamants, avec moins de 30 trouv\u00e9s dans le monde. Le <a href=\"https:\/\/4cs.gia.edu\/en-us\/blog\/red-diamonds-rarest\/\" target=\"_blank\" rel=\"noreferrer noopener nofollow\">GIA <\/a>explique que le rouge est le r\u00e9sultat de \u00ab\u00a0d\u00e9fauts dans la structure atomique qui r\u00e9sultent du glissement des atomes de carbone le long de la direction octa\u00e9drique\u00a0\u00bb. Un tel glissement se produit tr\u00e8s rarement, \u00e0 la suite de collisions de plaques tectoniques, provoquant une d\u00e9formation plastique des cristaux de diamant. La formation de tels diamants prend des millions d&rsquo;ann\u00e9es.<\/p>\n\n\n\n<div style=\"height:60px\" aria-hidden=\"true\" class=\"wp-block-spacer\"><\/div>\n\n\n\n<h2 class=\"wp-block-heading\" id=\"9-signification-du-diamant-rouge-hancock\">Signification du diamant rouge Hancock<\/h2>\n\n\n\n<h3 class=\"wp-block-heading\" id=\"10-le-hancock-red-est-un-pionnier-m%C3%A9diatique-parmi-les-diamants-de-couleur\">Le Hancock Red est un pionnier m\u00e9diatique parmi les diamants de couleur<\/h3>\n\n\n\n<p>Le Hancock Red Diamond est c\u00e9l\u00e8bre en raison de la somme exorbitante pour laquelle il a \u00e9t\u00e9 vendu en 1987. C&rsquo;est l&rsquo;un des premiers diamants de couleur fantaisie \u00e0 attirer l&rsquo;attention des gros titres des journaux. Le prix record par carat a permis \u00e0 la famille Hancock de continuer \u00e0 g\u00e9rer l&rsquo;entreprise familiale. De plus, cela a montr\u00e9 les m\u00e9rites de Warren Hancock en tant que grand investisseur. Son investissement de 13 500 dollars a g\u00e9n\u00e9r\u00e9 un b\u00e9n\u00e9fice de 6 500 %.<\/p>\n\n\n\n<p>Cependant, la vente record du Hancock Red Diamond a \u00e9t\u00e9 un \u00e9v\u00e9nement extr\u00eamement important pour attirer l&rsquo;attention du public sur les pierres pr\u00e9cieuses de couleur. Le mot sur le Hancock s&rsquo;est r\u00e9pandu parmi les ic\u00f4nes de la mode, les c\u00e9l\u00e9brit\u00e9s et la royaut\u00e9 du monde entier. Les m\u00e9dias ont \u00e9galement jou\u00e9 un r\u00f4le d\u00e9terminant dans la narration de l&rsquo;histoire de cette pierre. En cons\u00e9quence, la demande de diamants de couleur fantaisie augmenterait et inciterait les professionnels de l&rsquo;industrie \u00e0 mieux comprendre comment traiter les gemmes color\u00e9es pour en tirer le meilleur \u00e9clat.<\/p>\n\n\n\n<p>En ce sens, le Hancock a \u00e9t\u00e9 un pionnier parmi les diamants de couleur fantaisie et a attir\u00e9 l&rsquo;attention du monde sur eux. Il les a sortis de l&rsquo;obscurit\u00e9 et les a plac\u00e9s sous les feux de la rampe.<\/p>\n\n\n\n<h4 class=\"wp-block-heading\" id=\"11-nous-esp%C3%A9rons-que-vous-avez-appr%C3%A9ci%C3%A9-la-lecture-\">Nous esp\u00e9rons que vous avez appr\u00e9ci\u00e9 la lecture !<\/h4>\n\n\n\n<p>Si vous souhaitez en savoir plus sur d\u2019autres diamants c\u00e9l\u00e8bres tels que les diamants&nbsp;<a href=\"https:\/\/ajediam.com\/fr\/histoire\/diamants-celebres\/le-diamant-orlov\/\">Orlov<\/a>,&nbsp;<a href=\"https:\/\/ajediam.com\/fr\/histoire\/diamants-celebres\/le-diamant-de-kimberley\/\">Kimberley&nbsp;<\/a>ou&nbsp;<a href=\"https:\/\/ajediam.com\/fr\/histoire\/diamants-celebres\/le-diamant-premier-rose\/\">Premier Rose<\/a>, vous pouvez consulter le&nbsp;<a href=\"https:\/\/ajediam.com\/fr\/histoire\/diamants-celebres\/\">glossaire des diamants c\u00e9l\u00e8bres d\u2019Ajediam<\/a>. Ou, si vous vous sentez inspir\u00e9, vous pouvez parcourir la boutique des collections de diamants de qualit\u00e9 sup\u00e9rieure d\u2019Ajediam.<\/p>\n","protected":false},"excerpt":{"rendered":"<p>La l\u00e9gende d&rsquo;un diamant rare Seuls tr\u00e8s peu de diamants rouges ont \u00e9t\u00e9 trouv\u00e9s dans le monde. En raison de leur raret\u00e9; les membres de la famille Red Diamond, comme le Hancock Red, revendiquent souvent la vedette et finissent par devenir une l\u00e9gende. Pendant des si\u00e8cles, les gens n&rsquo;ont pas compris leur valeur, ni montr\u00e9 [&hellip;]<\/p>\n","protected":false},"author":5,"featured_media":9520,"parent":10150,"menu_order":0,"comment_status":"closed","ping_status":"closed","template":"articllle-like-page.php","meta":{"ub_ctt_via":"","footnotes":""},"acf":[],"featured_image_src":"https:\/\/ajediam.com\/wp-content\/uploads\/2023\/03\/Hancock-Red.jpg","_links":{"self":[{"href":"https:\/\/ajediam.com\/fr\/wp-json\/wp\/v2\/pages\/10238"}],"collection":[{"href":"https:\/\/ajediam.com\/fr\/wp-json\/wp\/v2\/pages"}],"about":[{"href":"https:\/\/ajediam.com\/fr\/wp-json\/wp\/v2\/types\/page"}],"author":[{"embeddable":true,"href":"https:\/\/ajediam.com\/fr\/wp-json\/wp\/v2\/users\/5"}],"replies":[{"embeddable":true,"href":"https:\/\/ajediam.com\/fr\/wp-json\/wp\/v2\/comments?post=10238"}],"version-history":[{"count":5,"href":"https:\/\/ajediam.com\/fr\/wp-json\/wp\/v2\/pages\/10238\/revisions"}],"predecessor-version":[{"id":12053,"href":"https:\/\/ajediam.com\/fr\/wp-json\/wp\/v2\/pages\/10238\/revisions\/12053"}],"up":[{"embeddable":true,"href":"https:\/\/ajediam.com\/fr\/wp-json\/wp\/v2\/pages\/10150"}],"wp:featuredmedia":[{"embeddable":true,"href":"https:\/\/ajediam.com\/fr\/wp-json\/wp\/v2\/media\/9520"}],"wp:attachment":[{"href":"https:\/\/ajediam.com\/fr\/wp-json\/wp\/v2\/media?parent=10238"}],"curies":[{"name":"wp","href":"https:\/\/api.w.org\/{rel}","templated":true}]}}