{"id":10241,"date":"2023-07-04T16:37:34","date_gmt":"2023-07-04T16:37:34","guid":{"rendered":"https:\/\/ajediam.com\/?page_id=10241"},"modified":"2024-01-10T19:34:12","modified_gmt":"2024-01-10T19:34:12","slug":"le-diamant-incomparable","status":"publish","type":"page","link":"https:\/\/ajediam.com\/fr\/histoire\/diamants-celebres\/le-diamant-incomparable\/","title":{"rendered":"Le Diamant Incomparable"},"content":{"rendered":"\n<p class=\"itt\">Le plus gros diamant jaune du monde<\/p>\n\n\n\n<p>Le diamant incomparable prend sa place dans le monde comme l&rsquo;un des diamants les plus gros et les plus \u00e9poustouflants qui existent. Avec son poids impressionnant de 407,78 carats, c&rsquo;est la quatri\u00e8me plus grosse pierre brute de qualit\u00e9 gemme jamais d\u00e9couverte ! Il n&rsquo;est pr\u00e9c\u00e9d\u00e9 que par les diamants Cullinan, Excelsior et Star of Sierra Leone en taille pure. Pourtant, c&rsquo;est le plus gros diamant jaune du monde ! Ironiquement, l&rsquo;Incomparable est \u00e9galement la seule pierre pr\u00e9cieuse de son calibre connue pour avoir \u00e9t\u00e9 propos\u00e9e lors d&rsquo;une vente aux ench\u00e8res en ligne &#8211; sur le site Web d&rsquo;eBay.<\/p>\n\n\n\n<p>Si vous souhaitez en savoir plus sur le Diamant Incomparable, vous trouverez dans cet article :<\/p>\n\n\n<div class=\"ub_table-of-contents\" data-showtext=\"show\" data-hidetext=\"hide\" data-scrolltype=\"auto\" id=\"ub_table-of-contents-09d11d0b-c1f2-4ca5-b931-25541087f985\" data-initiallyhideonmobile=\"false\"\n                    data-initiallyshow=\"true\"><div class=\"ub_table-of-contents-header-container\"><div class=\"ub_table-of-contents-header\">\n                    <div class=\"ub_table-of-contents-title\">Table des Mati\u00e8res<\/div><\/div><\/div><div class=\"ub_table-of-contents-extra-container\"><div class=\"ub_table-of-contents-container ub_table-of-contents-1-column \"><ol><li><a href=https:\/\/ajediam.com\/fr\/histoire\/diamants-celebres\/le-diamant-incomparable\/#0-les-origines-du-diamant-incomparable>Les origines du diamant incomparable<\/a><ol><li><a href=https:\/\/ajediam.com\/fr\/histoire\/diamants-celebres\/le-diamant-incomparable\/#1-une-petite-fille-d%C3%A9couvre-le-diamant-incomparable>Une petite fille d\u00e9couvre le Diamant Incomparable<\/a><\/li><\/ol><\/li><li><a href=https:\/\/ajediam.com\/fr\/histoire\/diamants-celebres\/le-diamant-incomparable\/#2-la-taille-du-diamant-incomparable>La taille du diamant incomparable<\/a><ol><li><a href=https:\/\/ajediam.com\/fr\/histoire\/diamants-celebres\/le-diamant-incomparable\/#3-lanalyse-du-diamant-incomparable-r%C3%A9v%C3%A8le-plusieurs-enjeux>L&rsquo;analyse du Diamant Incomparable r\u00e9v\u00e8le plusieurs enjeux<\/a><\/li><li><a href=https:\/\/ajediam.com\/fr\/histoire\/diamants-celebres\/le-diamant-incomparable\/#4-le-diamant-incomparable-est-r%C3%A9duit-%C3%A0-40778-carats>Le diamant incomparable est r\u00e9duit \u00e0 407,78 carats<\/a><\/li><\/ol><\/li><li><a href=https:\/\/ajediam.com\/fr\/histoire\/diamants-celebres\/le-diamant-incomparable\/#5-lhistoire-moderne-de-la-propri%C3%A9t%C3%A9-du-diamant-incomparable>L&rsquo;histoire moderne de la propri\u00e9t\u00e9 du diamant incomparable<\/a><ol><li><a href=https:\/\/ajediam.com\/fr\/histoire\/diamants-celebres\/le-diamant-incomparable\/#6-le-diamant-incomparable-se-rend-%C3%A0-anvers-en-belgique>Le Diamant Incomparable se rend \u00e0 Anvers, en Belgique<\/a><\/li><li><a href=https:\/\/ajediam.com\/fr\/histoire\/diamants-celebres\/le-diamant-incomparable\/#7-lincomparable-diamant-arrive-aux-%C3%A9tats-unis>L&rsquo;Incomparable Diamant arrive aux \u00c9tats-Unis<\/a><\/li><\/ol><\/li><li><a href=https:\/\/ajediam.com\/fr\/histoire\/diamants-celebres\/le-diamant-incomparable\/#8-les-caract%C3%A9ristiques-techniques-du-diamant-incomparable>Les caract\u00e9ristiques techniques du diamant incomparable<\/a><ol><li><a href=https:\/\/ajediam.com\/fr\/histoire\/diamants-celebres\/le-diamant-incomparable\/#9-le-diamant-incomparable-est-le-plus-gros-diamant-jaune-facett%C3%A9-au-monde>Le Diamant Incomparable est le plus gros diamant jaune facett\u00e9 au monde<\/a><\/li><\/ol><\/li><li><a href=https:\/\/ajediam.com\/fr\/histoire\/diamants-celebres\/le-diamant-incomparable\/#10-limportance-du-diamant-incomparable>L&rsquo;importance du diamant incomparable<\/a><ol><li><a href=https:\/\/ajediam.com\/fr\/histoire\/diamants-celebres\/le-diamant-incomparable\/#11-le-prix-du-diamant-incomparable-est-trop-%C3%A9lev%C3%A9-pour-les-ench%C3%A9risseurs>Le prix du Diamant Incomparable est trop \u00e9lev\u00e9 pour les ench\u00e9risseurs<\/a><\/li><li><a href=https:\/\/ajediam.com\/fr\/histoire\/diamants-celebres\/le-diamant-incomparable\/#12-le-diamant-incomparable-appara%C3%AEt-sur-ebay>Le Diamant Incomparable appara\u00eet sur eBay<\/a><\/li><li><a href=https:\/\/ajediam.com\/fr\/histoire\/diamants-celebres\/le-diamant-incomparable\/#13-le-diamant-incomparable-aujourdhui>Le Diamant Incomparable aujourd&rsquo;hui<\/a><\/li><\/ol><\/li><\/ol><\/div><\/div><\/div>\n\n\n<div style=\"height:60px\" aria-hidden=\"true\" class=\"wp-block-spacer\"><\/div>\n\n\n\n<h2 class=\"wp-block-heading\" id=\"0-les-origines-du-diamant-incomparable\">Les origines du diamant incomparable<\/h2>\n\n\n\n<p>Le diamant incomparable a \u00e9t\u00e9 d\u00e9couvert dans les ann\u00e9es 1980 en R\u00e9publique d\u00e9mocratique du Congo (anciennement connu sous le nom de Za\u00efre) dans la ville de Mbuji Mayi, o\u00f9 op\u00e8re la Soci\u00e9t\u00e9 mini\u00e8re congolaise de Bakwanga (MIBA). Lorsque les diamants sont extraits, de nombreuses pierres sont rejet\u00e9es au cours du processus. par exemple, les travailleurs peuvent prendre en compte des facteurs tels que l&rsquo;apparence de la pierre et son poids pour ces d\u00e9cisions. Il est clair que ces mineurs ne sont pas des gemmologues form\u00e9s, et donc, il peut y avoir des milliers de fortunes potentielles qui attendent d&rsquo;\u00eatre d\u00e9couvertes dans d&rsquo;anciennes d\u00e9charges mini\u00e8res. Pour chaque pierre pr\u00e9cieuse authentique qui fait surface, il y en a des centaines de simples qui sont jet\u00e9es. C&rsquo;est ainsi que commence l&rsquo;histoire d&rsquo;origine du Diamant Incomparable.<\/p>\n\n\n\n<div style=\"height:60px\" aria-hidden=\"true\" class=\"wp-block-spacer\"><\/div>\n\n\n\n<h3 class=\"wp-block-heading\" id=\"1-une-petite-fille-d%C3%A9couvre-le-diamant-incomparable\">Une petite fille d\u00e9couvre le Diamant Incomparable<\/h3>\n\n\n\n<p>Une jeune fille de Mbuji Mayi jouait dans la cour de son oncle dans un tas de d\u00e9combres. Les d\u00e9combres provenaient d&rsquo;un des terrils de la MIBA. L&rsquo;une des pierres avec laquelle la fille jouait semblait diff\u00e9rente et peu de temps apr\u00e8s l&rsquo;avoir trouv\u00e9e, l&rsquo;enfant a donn\u00e9 le morceau d&rsquo;\u00e9pave \u00e0 son oncle qui soup\u00e7onnait qu&rsquo;il avait une fortune entre les mains. C&rsquo;\u00e9tait vrai, il avait un diamant entre les mains ! Il l&rsquo;a ensuite vendu \u00e0 des diamantaires africains locaux qui l&rsquo;ont ensuite vendu \u00e0 un groupe d&rsquo;acheteurs libanais de Kinshasa.<\/p>\n\n\n\n<div style=\"height:60px\" aria-hidden=\"true\" class=\"wp-block-spacer\"><\/div>\n\n\n\n<h2 class=\"wp-block-heading\" id=\"2-la-taille-du-diamant-incomparable\">La taille du diamant incomparable<\/h2>\n\n\n\n<p>Dans les ann\u00e9es 1980, des innovations sont arriv\u00e9es dans l&rsquo;industrie de la taille des diamants. De nouvelles techniques ont permis une plus grande pr\u00e9cision lors du processus de coupe. Les propri\u00e9taires de l&rsquo;Incomparable Diamond n&rsquo;\u00e9taient pas press\u00e9s de prendre une d\u00e9cision.<\/p>\n\n\n\n<div style=\"height:60px\" aria-hidden=\"true\" class=\"wp-block-spacer\"><\/div>\n\n\n\n<h3 class=\"wp-block-heading\" id=\"3-lanalyse-du-diamant-incomparable-r%C3%A9v%C3%A8le-plusieurs-enjeux\">L&rsquo;analyse du Diamant Incomparable r\u00e9v\u00e8le plusieurs enjeux<\/h3>\n\n\n\n<p>Plusieurs ann\u00e9es ont \u00e9t\u00e9 consacr\u00e9es \u00e0 une analyse approfondie. La pierre pesait 890 carats dans sa forme brute et il a donc fallu toute une \u00e9quipe de tailleurs de diamants tr\u00e8s exp\u00e9riment\u00e9s pour faire le travail en \u00e9quipe, dirig\u00e9e par Marvin Samuels. L&rsquo;analyse effectu\u00e9e par l&rsquo;\u00e9quipe a r\u00e9v\u00e9l\u00e9 quelques probl\u00e8mes avec la pierre.<\/p>\n\n\n\n<p>D&rsquo;une part, il \u00e9tait \u00e9troit \u00e0 une extr\u00e9mit\u00e9, large \u00e0 l&rsquo;autre et avait une surface rugueuse et in\u00e9gale. Il y avait des bosses et des crevasses partout, y compris des fissures et des cavit\u00e9s. Apr\u00e8s avoir d\u00e9tect\u00e9 ces imperfections, l&rsquo;\u00e9quipe a d\u00e9cid\u00e9 de jeter un coup d&rsquo;\u0153il \u00e0 l&rsquo;int\u00e9rieur de la gemme pour s&rsquo;assurer que son int\u00e9rieur \u00e9tait exempt d&rsquo;inclusions, ce qui pourrait causer un d\u00e9sastre s&rsquo;il n&rsquo;\u00e9tait pas pris en compte lors de la taille. Une petite incision a \u00e9t\u00e9 pratiqu\u00e9e sur un c\u00f4t\u00e9 du diamant pour compl\u00e9ter l&rsquo;\u00e9tude, ce qui a permis \u00e0 la pierre d&rsquo;\u00eatre exempte d&rsquo;inclusions \u00e0 l&rsquo;int\u00e9rieur.<\/p>\n\n\n\n<div style=\"height:60px\" aria-hidden=\"true\" class=\"wp-block-spacer\"><\/div>\n\n\n\n<h3 class=\"wp-block-heading\" id=\"4-le-diamant-incomparable-est-r%C3%A9duit-%C3%A0-40778-carats\">Le diamant incomparable est r\u00e9duit \u00e0 407,78 carats<\/h3>\n\n\n\n<p>L&rsquo;\u00e9quipe d\u00e9battait de la fa\u00e7on de g\u00e9rer certaines des imperfections intrins\u00e8ques de la pierre, si cela \u00e9tait fait correctement, cela signifiait qu&rsquo;ils pourraient cr\u00e9er le plus gros diamant taill\u00e9 au monde. Il a \u00e9t\u00e9 question entre eux de rendre le bijou final plus gros que le diamant Cullinan I (530,2 carats). En fin de compte, cependant, ils ont d\u00e9cid\u00e9 qu&rsquo;il serait pr\u00e9f\u00e9rable de couper la pierre brute en un diamant principal de haute puret\u00e9 et 14 pierres plus petites. Le poids de la gemme principale est de 407,78 carats et a conserv\u00e9 le nom de \u00ab\u00a0The Incomparable Diamond\u00a0\u00bb. Le plus grand des 14 a \u00e9t\u00e9 coup\u00e9 en forme de cerf-volant et pesait 15,66 carats. Les plus petits diamants restants avaient des tailles et des formes diff\u00e9rentes, variant de 1,33 \u00e0 6,01 carats. La pierre brute avait une couleur jaune-brun\u00e2tre, cependant, les 15 pierres qui en \u00e9taient produites variaient en couleur ! Certains d&rsquo;entre eux ont la m\u00eame teinte jaune-brun mais certains d&rsquo;entre eux sont presque incolores.<\/p>\n\n\n\n<div style=\"height:60px\" aria-hidden=\"true\" class=\"wp-block-spacer\"><\/div>\n\n\n\n<h2 class=\"wp-block-heading\" id=\"5-lhistoire-moderne-de-la-propri%C3%A9t%C3%A9-du-diamant-incomparable\">L&rsquo;histoire moderne de la propri\u00e9t\u00e9 du diamant incomparable<\/h2>\n\n\n\n<p>Apr\u00e8s la d\u00e9couverte du diamant incomparable en R\u00e9publique d\u00e9mocratique du Congo, il a \u00e9t\u00e9 vendu \u00e0 des diamantaires africains locaux. Ils l&rsquo;ont ensuite vendu \u00e0 un groupe d&rsquo;acheteurs libanais de Kinshasa.<\/p>\n\n\n\n<div style=\"height:60px\" aria-hidden=\"true\" class=\"wp-block-spacer\"><\/div>\n\n\n\n<h3 class=\"wp-block-heading\" id=\"6-le-diamant-incomparable-se-rend-%C3%A0-anvers-en-belgique\">Le Diamant Incomparable se rend \u00e0 Anvers, en Belgique<\/h3>\n\n\n\n<p>Les acheteurs de Kinshasa ont apport\u00e9 la pierre \u00e0 Anvers, en Belgique. Anvers s&rsquo;\u00e9tait d\u00e9j\u00e0 impos\u00e9e comme la ville du diamant bien avant les ann\u00e9es 1980. L\u00e0, le Diamant Incomparable a \u00e9t\u00e9 achet\u00e9 par un cadre sup\u00e9rieur de la De Beers Company. La pierre pr\u00e9cieuse \u00e9tait alors soumise \u00e0 examen. Cela a \u00e9t\u00e9 r\u00e9alis\u00e9 par le directeur de De Beers et pr\u00e9sident de la Central Selling Organization &#8211; Sir Phillip Oppenheimer. La Central Selling Organization est responsable d&rsquo;une grande partie du commerce mondial des diamants. Oppenheimer a \u00e9t\u00e9 \u00e9tonn\u00e9 par la couleur du diamant et sa taille \u00e9norme. Cependant, il a d\u00e9cid\u00e9 de ne pas le conserver dans la collection De Beers.<\/p>\n\n\n\n<div style=\"height:60px\" aria-hidden=\"true\" class=\"wp-block-spacer\"><\/div>\n\n\n\n<h3 class=\"wp-block-heading\" id=\"7-lincomparable-diamant-arrive-aux-%C3%A9tats-unis\">L&rsquo;Incomparable Diamant arrive aux \u00c9tats-Unis<\/h3>\n\n\n\n<p><a href=\"https:\/\/en.wikipedia.org\/wiki\/Philip_Oppenheimer\" target=\"_blank\" rel=\"noreferrer noopener nofollow\">Sir Philip Oppenheimer<\/a> a vendu la pierre \u00e0 Donald Zale. Il \u00e9tait pr\u00e9sident du conseil d&rsquo;administration d&rsquo;une cha\u00eene de bijouteries bas\u00e9e \u00e0 Dallas, la Zale Corporation. Donald Zale a achet\u00e9 l&rsquo;Incomparable Diamond aux c\u00f4t\u00e9s de deux autres diamantaires de premier plan. Ils \u00e9taient tous les deux bas\u00e9s \u00e0 New York. L&rsquo;un d&rsquo;eux \u00e9tait Louis Glick et l&rsquo;autre Marvin Samuels. Samuels faisait partie de la Premier Gem Corporation. Jusqu&rsquo;\u00e0 pr\u00e9sent, la pierre pr\u00e9cieuse \u00e9tait rest\u00e9e cach\u00e9e au public.<\/p>\n\n\n\n<p>Il a finalement \u00e9t\u00e9 d\u00e9voil\u00e9 en novembre 1984 pour le 75e anniversaire de Zale Corporation. Apr\u00e8s cela, le diamant incomparable a \u00e9t\u00e9 expos\u00e9 \u00e0 Washington DC dans le cadre de la collection de pierres pr\u00e9cieuses du Smithsonian Institute au Natural History Museum. Il est important de noter que le diamant n&rsquo;a \u00e9t\u00e9 pr\u00eat\u00e9 qu&rsquo;au Smithsonian. Il fait toujours partie de la collection priv\u00e9e des trois messieurs.<\/p>\n\n\n\n<div style=\"height:60px\" aria-hidden=\"true\" class=\"wp-block-spacer\"><\/div>\n\n\n\n<h2 class=\"wp-block-heading\" id=\"8-les-caract%C3%A9ristiques-techniques-du-diamant-incomparable\">Les caract\u00e9ristiques techniques du diamant incomparable<\/h2>\n\n\n\n<p>Le Diamant Incomparable est un diamant fantaisie de couleur jaune brun\u00e2tre fonc\u00e9. Lors de la taille du diamant, il a \u00e9t\u00e9 d\u00e9couvert que l&rsquo;Incomparable semble varier en couleur, ce qui \u00e9tait inhabituel. Au d\u00e9but des ann\u00e9es 1980, alors que la coupe \u00e9tait encore en cours, le Smithsonian Institute a \u00e9t\u00e9 invit\u00e9 \u00e0 \u00e9valuer la pierre. Le conservateur de la min\u00e9ralogie \u00e0 l&rsquo;\u00e9poque, John Sampson White a \u00e9t\u00e9 charg\u00e9 de cela. La variation de couleur \u00e9tait grande, certaines parties \u00e9taient presque incolores, certaines \u00e9taient jaune p\u00e2le et certaines avaient une petite nuance brune mais \u00e9taient jaune riche.<\/p>\n\n\n\n<p>White a utilis\u00e9 son expertise pour d\u00e9terminer que la gemme n&rsquo;\u00e9tait pas uniform\u00e9ment color\u00e9e lors de sa cr\u00e9ation. Le cristal, a-t-il sugg\u00e9r\u00e9, \u00e9tait compos\u00e9 de zones strictement d\u00e9finies de diff\u00e9rentes couleurs. Les changements dans l&rsquo;environnement pendant la formation du diamant \u00e9taient repr\u00e9sent\u00e9s par les diff\u00e9rentes zones color\u00e9es. La gemme a probablement commenc\u00e9 comme incolore, puis une couche de jaune p\u00e2le, et enfin le jaune riche avec une l\u00e9g\u00e8re nuance brune. C&rsquo;est ce qui a caus\u00e9 la variation des 15 diamants qui ont finalement \u00e9t\u00e9 taill\u00e9s dans la pierre brute.<\/p>\n\n\n\n<div style=\"height:60px\" aria-hidden=\"true\" class=\"wp-block-spacer\"><\/div>\n\n\n\n<h3 class=\"wp-block-heading\" id=\"9-le-diamant-incomparable-est-le-plus-gros-diamant-jaune-facett%C3%A9-au-monde\">Le Diamant Incomparable est le plus gros diamant jaune facett\u00e9 au monde<\/h3>\n\n\n\n<p>Le diamant incomparable p\u00e8se 407,48 carats et est le plus gros joyau parmi les 15 qui ont \u00e9t\u00e9 taill\u00e9s dans la pierre brute. Les 14 autres varient en taille, la plus grande \u00e9tant de 15,66 carats et les autres allant de 1,33 \u00e0 6,01 carats. L&rsquo;incomparable poss\u00e8de la deuxi\u00e8me note de puret\u00e9 la plus \u00e9lev\u00e9e attribu\u00e9e &#8211; IF (interne impeccable). La taille du diamant est unique. Les \u00e9rudits le d\u00e9crivent comme une coupe en forme de bouclier. Marvin Samuels, qui \u00e9tait copropri\u00e9taire de la pierre pr\u00e9cieuse et dirigeait l&rsquo;\u00e9quipe de taille de diamants, la d\u00e9crit comme une \u00ab\u00a0forme de triolette\u00a0\u00bb. Cela fait de l&rsquo;Incomparable le plus gros diamant jaune facett\u00e9 au monde et le 3e plus gros diamant facett\u00e9. Les deux premiers sont le Cullinan I \u00e0 530,20 carats et le Golden Jubilee \u00e0 545,67 carats.<\/p>\n\n\n\n<div style=\"height:60px\" aria-hidden=\"true\" class=\"wp-block-spacer\"><\/div>\n\n\n\n<h2 class=\"wp-block-heading\" id=\"10-limportance-du-diamant-incomparable\">L&rsquo;importance du diamant incomparable<\/h2>\n\n\n\n<p>Le Diamant Incomparable est vraiment remarquable. Il n&rsquo;est pas difficile de voir \u00e0 quel point il est sp\u00e9cial, compte tenu de sa taille, du savoir-faire qui l&rsquo;a coup\u00e9 et de sa couleur unique.<\/p>\n\n\n\n<div style=\"height:60px\" aria-hidden=\"true\" class=\"wp-block-spacer\"><\/div>\n\n\n\n<h3 class=\"wp-block-heading\" id=\"11-le-prix-du-diamant-incomparable-est-trop-%C3%A9lev%C3%A9-pour-les-ench%C3%A9risseurs\">Le prix du Diamant Incomparable est trop \u00e9lev\u00e9 pour les ench\u00e9risseurs<\/h3>\n\n\n\n<p>Cependant, cela a mis un prix qui semble inaccessible pour la plupart des gens. Le diamant a \u00e9t\u00e9 vendu aux ench\u00e8res \u00e0 un prix r\u00e9serv\u00e9 de 20 000 000 $ en 1988. Personne n&rsquo;a offert plus de 12 000 000 $ et la pierre est rest\u00e9e invendue. \u00c0 l&rsquo;\u00e9poque, c&rsquo;\u00e9tait l&rsquo;ench\u00e8re la plus \u00e9lev\u00e9e jamais offerte pour un seul diamant.<\/p>\n\n\n\n<div style=\"height:60px\" aria-hidden=\"true\" class=\"wp-block-spacer\"><\/div>\n\n\n\n<h3 class=\"wp-block-heading\" id=\"12-le-diamant-incomparable-appara%C3%AEt-sur-ebay\">Le Diamant Incomparable appara\u00eet sur eBay<\/h3>\n\n\n\n<p>Il y a aussi une rumeur selon laquelle le Diamant Incomparable a \u00e9t\u00e9 mis en vente sur eBay au d\u00e9but des ann\u00e9es 2000. Le prix de d\u00e9part \u00e9tait de 15 000 000 $ mais la pierre pr\u00e9cieuse est rest\u00e9e invendue une fois de plus. Fait int\u00e9ressant, l&rsquo;ench\u00e8re eBay n&rsquo;a mentionn\u00e9 le nom du diamant nulle part, c&rsquo;est pourquoi certaines personnes pensent que ce n&rsquo;\u00e9tait peut-\u00eatre pas le cas.<\/p>\n\n\n\n<div style=\"height:60px\" aria-hidden=\"true\" class=\"wp-block-spacer\"><\/div>\n\n\n\n<h3 class=\"wp-block-heading\" id=\"13-le-diamant-incomparable-aujourdhui\">Le Diamant Incomparable aujourd&rsquo;hui<\/h3>\n\n\n\n<p>Le diamant incomparable n&rsquo;a pas r\u00e9ussi \u00e0 se vendre aux deux ench\u00e8res et sa localisation est inconnue. Il n&rsquo;y a aucune trace de vente, de sorte que le diamant appartient tr\u00e8s probablement toujours au groupe de trois messieurs qui l&rsquo;ont achet\u00e9 dans les ann\u00e9es 1980.<\/p>\n\n\n\n<h4 class=\"wp-block-heading\" id=\"14-nous-esp%C3%A9rons-que-vous-avez-appr%C3%A9ci%C3%A9-la-lecture-\">Nous esp\u00e9rons que vous avez appr\u00e9ci\u00e9 la lecture !<\/h4>\n\n\n\n<p>Si vous souhaitez en savoir plus sur d\u2019autres diamants c\u00e9l\u00e8bres tels que les diamants&nbsp;<a href=\"https:\/\/ajediam.com\/fr\/histoire\/diamants-celebres\/le-diamant-orlov\/\">Orlov<\/a>,&nbsp;<a href=\"https:\/\/ajediam.com\/fr\/histoire\/diamants-celebres\/le-diamant-de-kimberley\/\">Kimberley&nbsp;<\/a>ou&nbsp;<a href=\"https:\/\/ajediam.com\/fr\/histoire\/diamants-celebres\/le-diamant-premier-rose\/\">Premier Rose<\/a>, vous pouvez consulter le&nbsp;<a href=\"https:\/\/ajediam.com\/fr\/histoire\/diamants-celebres\/\">glossaire des diamants c\u00e9l\u00e8bres d\u2019Ajediam<\/a>. Ou, si vous vous sentez inspir\u00e9, vous pouvez parcourir la boutique des collections de diamants de qualit\u00e9 sup\u00e9rieure d\u2019Ajediam.<\/p>\n","protected":false},"excerpt":{"rendered":"<p>Le plus gros diamant jaune du monde Le diamant incomparable prend sa place dans le monde comme l&rsquo;un des diamants les plus gros et les plus \u00e9poustouflants qui existent. Avec son poids impressionnant de 407,78 carats, c&rsquo;est la quatri\u00e8me plus grosse pierre brute de qualit\u00e9 gemme jamais d\u00e9couverte ! Il n&rsquo;est pr\u00e9c\u00e9d\u00e9 que par les [&hellip;]<\/p>\n","protected":false},"author":5,"featured_media":9522,"parent":10150,"menu_order":0,"comment_status":"closed","ping_status":"closed","template":"articllle-like-page.php","meta":{"ub_ctt_via":"","footnotes":""},"acf":[],"featured_image_src":"https:\/\/ajediam.com\/wp-content\/uploads\/2023\/03\/incomparablediamond3.jpg","_links":{"self":[{"href":"https:\/\/ajediam.com\/fr\/wp-json\/wp\/v2\/pages\/10241"}],"collection":[{"href":"https:\/\/ajediam.com\/fr\/wp-json\/wp\/v2\/pages"}],"about":[{"href":"https:\/\/ajediam.com\/fr\/wp-json\/wp\/v2\/types\/page"}],"author":[{"embeddable":true,"href":"https:\/\/ajediam.com\/fr\/wp-json\/wp\/v2\/users\/5"}],"replies":[{"embeddable":true,"href":"https:\/\/ajediam.com\/fr\/wp-json\/wp\/v2\/comments?post=10241"}],"version-history":[{"count":4,"href":"https:\/\/ajediam.com\/fr\/wp-json\/wp\/v2\/pages\/10241\/revisions"}],"predecessor-version":[{"id":12049,"href":"https:\/\/ajediam.com\/fr\/wp-json\/wp\/v2\/pages\/10241\/revisions\/12049"}],"up":[{"embeddable":true,"href":"https:\/\/ajediam.com\/fr\/wp-json\/wp\/v2\/pages\/10150"}],"wp:featuredmedia":[{"embeddable":true,"href":"https:\/\/ajediam.com\/fr\/wp-json\/wp\/v2\/media\/9522"}],"wp:attachment":[{"href":"https:\/\/ajediam.com\/fr\/wp-json\/wp\/v2\/media?parent=10241"}],"curies":[{"name":"wp","href":"https:\/\/api.w.org\/{rel}","templated":true}]}}