{"id":10243,"date":"2023-07-04T16:39:55","date_gmt":"2023-07-04T16:39:55","guid":{"rendered":"https:\/\/ajediam.com\/?page_id=10243"},"modified":"2024-01-10T19:21:13","modified_gmt":"2024-01-10T19:21:13","slug":"le-diamant-de-kimberley","status":"publish","type":"page","link":"https:\/\/ajediam.com\/fr\/histoire\/diamants-celebres\/le-diamant-de-kimberley\/","title":{"rendered":"Le diamant de Kimberley"},"content":{"rendered":"\n<p class=\"itt\">Miracle Legacy de l&rsquo;Afrique du Sud<\/p>\n\n\n\n<p>La ville de Kimberley est l&rsquo;une des pierres angulaires de l&rsquo;histoire de l&rsquo;extraction du diamant en Afrique du Sud. La d\u00e9couverte de l&rsquo;impressionnant diamant de Kimberley a \u00e9t\u00e9 provoqu\u00e9e par la d\u00e9couverte du diamant Eureka, qui \u00e0 son tour a d\u00e9clench\u00e9 la ru\u00e9e vers le diamant dans le pays et a transform\u00e9 son \u00e9conomie. Il existe de nombreux sites o\u00f9 les gens ont creus\u00e9 dans l&rsquo;espoir de trouver un diamant pr\u00e9cieux. Les mines et les belles pierres pr\u00e9cieuses qu&rsquo;elles ont produites sont mondialement connues. Certains des diamants les plus c\u00e9l\u00e8bres qui en sont issus incluent The Premier Rose, The Cullinan, The Taylor-Burton et bien d&rsquo;autres.<\/p>\n\n\n\n<p>Si vous souhaitez en savoir plus sur le diamant de Kimberley, vous trouverez dans cet article :<\/p>\n\n\n<div class=\"ub_table-of-contents\" data-showtext=\"show\" data-hidetext=\"hide\" data-scrolltype=\"auto\" id=\"ub_table-of-contents-00bf8d0b-a500-485d-b4bf-34811be7bf43\" data-initiallyhideonmobile=\"false\"\n                    data-initiallyshow=\"true\"><div class=\"ub_table-of-contents-header-container\"><div class=\"ub_table-of-contents-header\">\n                    <div class=\"ub_table-of-contents-title\">Table des Mati\u00e8res<\/div><\/div><\/div><div class=\"ub_table-of-contents-extra-container\"><div class=\"ub_table-of-contents-container ub_table-of-contents-1-column \"><ol><li><a href=https:\/\/ajediam.com\/fr\/histoire\/diamants-celebres\/le-diamant-de-kimberley\/#0-les-origines-du-diamant-de-kimberley>Les origines du diamant de Kimberley<\/a><ol><li><a href=https:\/\/ajediam.com\/fr\/histoire\/diamants-celebres\/le-diamant-de-kimberley\/#1-le-diamant-kimberley-est-le-plus-gros-diamant-octa%C3%A9drique>Le diamant Kimberley est le plus gros diamant octa\u00e9drique<\/a><\/li><li><a href=https:\/\/ajediam.com\/fr\/histoire\/diamants-celebres\/le-diamant-de-kimberley\/#2-legends-of-kimberley-lune-des-capitales-mondiales-de-lextraction-de-diamants>Legends of Kimberley &#8211; l&rsquo;une des capitales mondiales de l&rsquo;extraction de diamants<\/a><\/li><\/ol><\/li><li><a href=https:\/\/ajediam.com\/fr\/histoire\/diamants-celebres\/le-diamant-de-kimberley\/#3-la-coupe-du-diamant-de-kimberley>La coupe du diamant de Kimberley<\/a><\/li><li><a href=https:\/\/ajediam.com\/fr\/histoire\/diamants-celebres\/le-diamant-de-kimberley\/#4-lhistoire-moderne-de-la-propri%C3%A9t%C3%A9-du-diamant-de-kimberley>L&rsquo;histoire moderne de la propri\u00e9t\u00e9 du diamant de Kimberley<\/a><\/li><li><a href=https:\/\/ajediam.com\/fr\/histoire\/diamants-celebres\/le-diamant-de-kimberley\/#5-les-caract%C3%A9ristiques-techniques-du-diamant-kimberley>Les caract\u00e9ristiques techniques du diamant Kimberley<\/a><\/li><li><a href=https:\/\/ajediam.com\/fr\/histoire\/diamants-celebres\/le-diamant-de-kimberley\/#6-limportance-du-diamant-de-kimberley>L&rsquo;importance du diamant de Kimberley<\/a><ol><li><a href=https:\/\/ajediam.com\/fr\/histoire\/diamants-celebres\/le-diamant-de-kimberley\/#7-les-mines-dafrique-du-sud>Les mines d&rsquo;Afrique du Sud<\/a><\/li><li><a href=https:\/\/ajediam.com\/fr\/histoire\/diamants-celebres\/le-diamant-de-kimberley\/#8-le-big-hole>Le Big Hole<\/a><\/li><li><a href=https:\/\/ajediam.com\/fr\/histoire\/diamants-celebres\/le-diamant-de-kimberley\/#9-linnovation-des-mines-de-kimberley>L&rsquo;innovation des mines de Kimberley<\/a><\/li><li><a href=https:\/\/ajediam.com\/fr\/histoire\/diamants-celebres\/le-diamant-de-kimberley\/#10-linnovation-du-commerce-%C3%A9quitable-des-mines-de-kimberley>L&rsquo;innovation du commerce \u00e9quitable des mines de Kimberley<\/a><\/li><li><a href=https:\/\/ajediam.com\/fr\/histoire\/diamants-celebres\/le-diamant-de-kimberley\/#11-la-d%C3%A9couverte-des-kimberlites>La d\u00e9couverte des kimberlites<\/a><\/li><\/ol><\/li><\/ol><\/div><\/div><\/div>\n\n\n<div style=\"height:60px\" aria-hidden=\"true\" class=\"wp-block-spacer\"><\/div>\n\n\n\n<h2 class=\"wp-block-heading\" id=\"0-les-origines-du-diamant-de-kimberley\">Les origines du diamant de Kimberley<\/h2>\n\n\n\n<p>Le diamant Kimberley a \u00e9t\u00e9 d\u00e9couvert en 1964 dans la mine Dutoitspan dans la r\u00e9gion de Kimberley. Il porte le nom de la ville o\u00f9 il a \u00e9t\u00e9 trouv\u00e9. Kimberley est un site historique extr\u00eamement important pour le d\u00e9veloppement de l&rsquo;Afrique du Sud. La ville est \u00e9galement l&rsquo;endroit o\u00f9 le premier diamant du pays a \u00e9t\u00e9 d\u00e9couvert. Les gens attendaient d\u00e9j\u00e0 beaucoup des mines d&rsquo;Afrique du Sud.<\/p>\n\n\n\n<div style=\"height:50px\" aria-hidden=\"true\" class=\"wp-block-spacer\"><\/div>\n\n\n\n<h3 class=\"wp-block-heading\" id=\"1-le-diamant-kimberley-est-le-plus-gros-diamant-octa%C3%A9drique\">Le diamant Kimberley est le plus gros diamant octa\u00e9drique<\/h3>\n\n\n\n<p>Lors de la d\u00e9couverte du Kimberley Diamond, tout le monde \u00e9tait fascin\u00e9. Ils avaient trouv\u00e9 un cristal de diamant octa\u00e9drique naturellement form\u00e9 de 616 carats. C&rsquo;\u00e9tait le septi\u00e8me plus gros diamant brut de qualit\u00e9 gemme jamais d\u00e9couvert en 1964. Aujourd&rsquo;hui, c&rsquo;est le 14e plus gros diamant brut de qualit\u00e9 gemme jamais d\u00e9couvert. En comparaison, le plus gros diamant brut de qualit\u00e9 gemme jamais d\u00e9couvert est The Cullinan avec un impressionnant 3 106 carats. Le Cullinan a \u00e9galement \u00e9t\u00e9 trouv\u00e9 en Afrique du Sud. Le diamant de Kimberley \u00e9tait (et est toujours), cependant, le plus grand cristal de diamant octa\u00e9drique naturellement form\u00e9 au monde.<\/p>\n\n\n\n<div style=\"height:50px\" aria-hidden=\"true\" class=\"wp-block-spacer\"><\/div>\n\n\n\n<h3 class=\"wp-block-heading\" id=\"2-legends-of-kimberley-lune-des-capitales-mondiales-de-lextraction-de-diamants\">Legends of Kimberley &#8211; l&rsquo;une des capitales mondiales de l&rsquo;extraction de diamants<\/h3>\n\n\n\n<p>La ville de Kimberley a \u00e9t\u00e9 la capitale non officielle du Diamond World pendant de nombreuses ann\u00e9es. Les riches r\u00e9serves de pierres pr\u00e9cieuses lui ont valu son titre. Les mines \u00e9taient si fructueuses qu&rsquo;il y avait des l\u00e9gendes sur la fa\u00e7on dont les diamants sont apparus \u00e0 Kimberley. L&rsquo;un d&rsquo;eux raconte qu&rsquo;un esprit est descendu du ciel avec un \u00e9norme panier rempli de diamants. L&rsquo;esprit avait piti\u00e9 des humains &#8211; la terre avait travers\u00e9 tant de difficult\u00e9s. L&rsquo;\u00eatre c\u00e9leste a survol\u00e9 la rivi\u00e8re Vaal et a continu\u00e9 sur un chemin vers la ville de Kimberley. Il a lentement laiss\u00e9 tomber des diamants en cours de route, les r\u00e9partissant uniform\u00e9ment. Une fois arriv\u00e9 \u00e0 Kimberley, le pied de l&rsquo;esprit s&rsquo;est coinc\u00e9 dans une branche d&rsquo;arbre camelthorn. La cr\u00e9ature c\u00e9leste a perdu l&rsquo;\u00e9quilibre et a laiss\u00e9 tomber son panier plein de diamants \u00e0 Kimberley. Selon la l\u00e9gende, c&rsquo;est ainsi que les mines de Kimberley se sont form\u00e9es.<\/p>\n\n\n\n<p>Une autre l\u00e9gende raconte que les Griquas appr\u00e9ciaient le site des mines de Kimberley pour la chasse. Comme l&rsquo;endroit \u00e9tait couvert d&rsquo;arbres camelthorn, cela attirait beaucoup de gibier comme les pumas. Cependant, les Griquas se souviennent qu&rsquo;apr\u00e8s la pluie, une \u00e9trange brume s&rsquo;\u00e9levait du sol et recouvrait tout. Cela a amen\u00e9 les gens \u00e0 croire que l&rsquo;endroit \u00e9tait hant\u00e9. De nos jours, bien s\u00fbr, nous savons que le brouillard \u00e9tait compos\u00e9 de vapeurs sulfuriques.<\/p>\n\n\n\n<div style=\"height:60px\" aria-hidden=\"true\" class=\"wp-block-spacer\"><\/div>\n\n\n\n<h2 class=\"wp-block-heading\" id=\"3-la-coupe-du-diamant-de-kimberley\">La coupe du diamant de Kimberley<\/h2>\n\n\n\n<p>Le diamant est expos\u00e9 sous sa forme naturelle non taill\u00e9e de 616 carats. Les propri\u00e9taires de De Beers Consolidated Mines Ltd savaient que les chances de trouver \u00e0 nouveau un cristal de diamant octa\u00e9drique form\u00e9 naturellement de cette taille \u00e9taient minces, voire nulles. Ils ont d\u00e9cid\u00e9 de le pr\u00e9server pour les g\u00e9n\u00e9rations futures.<\/p>\n\n\n\n<div style=\"height:60px\" aria-hidden=\"true\" class=\"wp-block-spacer\"><\/div>\n\n\n\n<h2 class=\"wp-block-heading\" id=\"4-lhistoire-moderne-de-la-propri%C3%A9t%C3%A9-du-diamant-de-kimberley\">L&rsquo;histoire moderne de la propri\u00e9t\u00e9 du diamant de Kimberley<\/h2>\n\n\n\n<p>Le Kimberley est rest\u00e9 en Afrique du Sud apr\u00e8s sa d\u00e9couverte. C&rsquo;\u00e9tait une d\u00e9couverte si unique que De Beers a d\u00e9cid\u00e9 de la garder comme quelque chose \u00e0 regarder et \u00e0 apprendre. Ils n&rsquo;ont pas tent\u00e9 de vendre le diamant ni m\u00eame envisag\u00e9 de le tailler. Il est rest\u00e9 la propri\u00e9t\u00e9 du peuple sud-africain. Il peut \u00eatre vu expos\u00e9 dans le \u00ab\u00a0Diamond Vault\u00a0\u00bb du centre des visiteurs du \u00ab\u00a0Kimberley Big Hole\u00a0\u00bb avec le diamant Eureka.<\/p>\n\n\n\n<div style=\"height:60px\" aria-hidden=\"true\" class=\"wp-block-spacer\"><\/div>\n\n\n\n<h2 class=\"wp-block-heading\" id=\"5-les-caract%C3%A9ristiques-techniques-du-diamant-kimberley\">Les caract\u00e9ristiques techniques du diamant Kimberley<\/h2>\n\n\n\n<p>Le Kimberley Diamond est toujours dans son \u00e9tat naturel. Le diamant a conserv\u00e9 sa forme brute et ne peut donc \u00eatre d\u00e9crit qu&rsquo;en termes de forme, de couleur et de poids. C&rsquo;est un cristal de diamant octa\u00e9drique naturellement form\u00e9. Il est jaune et p\u00e8se 616 carats.<\/p>\n\n\n\n<div style=\"height:60px\" aria-hidden=\"true\" class=\"wp-block-spacer\"><\/div>\n\n\n\n<h2 class=\"wp-block-heading\" id=\"6-limportance-du-diamant-de-kimberley\">L&rsquo;importance du diamant de Kimberley<\/h2>\n\n\n\n<div style=\"height:32px\" aria-hidden=\"true\" class=\"wp-block-spacer\"><\/div>\n\n\n\n<h3 class=\"wp-block-heading\" id=\"7-les-mines-dafrique-du-sud\">Les mines d&rsquo;Afrique du Sud<\/h3>\n\n\n\n<p>Le diamant de Kimberley est issu d&rsquo;une longue lign\u00e9e de pierres pr\u00e9cieuses \u00e0 couper le souffle trouv\u00e9es en Afrique du Sud. La d\u00e9couverte du diamant Eureka a chang\u00e9 la perception du pays dans le monde. L&rsquo;\u00e9conomie a prosp\u00e9r\u00e9 gr\u00e2ce \u00e0 la cr\u00e9ation de nouvelles soci\u00e9t\u00e9s, \u00e0 l&rsquo;arriv\u00e9e de nombreux sp\u00e9cialistes de l&rsquo;industrie du diamant et d&rsquo;enthousiastes. De nombreux titans de l&rsquo;industrie respect\u00e9s ont ouvert des mines en Afrique du Sud. Un exemple est De Beers et leurs mines Premier, qui ont mis au jour le diamant Taylor-Burton, le Cullinan et bien d&rsquo;autres gemmes spectaculaires. Leurs mines sud-africaines sont finalement devenues les plus productives au monde. De nos jours, l&rsquo;Afrique du Sud est l&rsquo;un des rares endroits fiables pour trouver des diamants roses et bleus.&nbsp;&nbsp;<\/p>\n\n\n\n<div style=\"height:50px\" aria-hidden=\"true\" class=\"wp-block-spacer\"><\/div>\n\n\n\n<h3 class=\"wp-block-heading\" id=\"8-le-big-hole\">Le Big Hole<\/h3>\n\n\n\n<p><a href=\"https:\/\/thebighole.co.za\/\" target=\"_blank\" rel=\"noopener nofollow\">La mine de Kimberley<\/a>, \u00e9galement connue sous le nom de Big Hole, est une mine souterraine \u00e0 ciel ouvert situ\u00e9e dans la ville de Kimberley. Il s&rsquo;agit probablement du trou le plus profond excav\u00e9 \u00e0 la main au monde ! Le Big Hole a une surface de 42 acres et mesure 1 519 pieds de large. Il a \u00e9t\u00e9 excav\u00e9 jusqu&rsquo;\u00e0 une profondeur de 790 pieds. Cependant, par la suite, il a \u00e9t\u00e9 partiellement rempli de d\u00e9bris, r\u00e9duisant sa profondeur \u00e0 environ 705 pieds. Depuis lors, il a accumul\u00e9 environ 130 pieds d&rsquo;eau, laissant 574 pieds du trou visible.<\/p>\n\n\n\n<p>Le Big Hole a jou\u00e9 un r\u00f4le tr\u00e8s important dans l&rsquo;industrie mini\u00e8re du diamant et a permis des d\u00e9couvertes majeures au sein de l&rsquo;industrie. La mine a \u00e9galement \u00e9t\u00e9 un grand contributeur \u00e0 l&rsquo;\u00e9conomie de la ville de Kimberley. Les passionn\u00e9s tentent depuis le d\u00e9but des ann\u00e9es 2000 de faire enregistrer le Big Hole en tant que site du patrimoine mondial. Le site accueille les visiteurs. Il y a de nombreuses <a href=\"https:\/\/thebighole.co.za\/visitors_info.php\" target=\"_blank\" rel=\"noreferrer noopener\">activit\u00e9s \u00e0 faire au Big Hole<\/a>, notamment la visite des diamants de Kimberley dans le coffre-fort du diamant du Big Hole.<\/p>\n\n\n\n<div style=\"height:50px\" aria-hidden=\"true\" class=\"wp-block-spacer\"><\/div>\n\n\n\n<h3 class=\"wp-block-heading\" id=\"9-linnovation-des-mines-de-kimberley\">L&rsquo;innovation des mines de Kimberley<\/h3>\n\n\n\n<p>La plupart des travaux des mines de Kimberley \u00e9taient r\u00e9alis\u00e9s sous terre. M\u00eame le Big Hole, qui \u00e9tait un site \u00e0 ciel ouvert, a finalement d\u00e9plac\u00e9 toutes ses op\u00e9rations sous terre car il \u00e9tait devenu trop dangereux de continuer \u00e0 ciel ouvert. De Beers est rapidement devenu le leader mondial de l&rsquo;exploitation mini\u00e8re du diamant. Cela signifiait \u00eatre le premier non seulement \u00e0 trouver et \u00e0 extraire des pierres pr\u00e9cieuses, mais aussi \u00e0 d\u00e9velopper de nouvelles m\u00e9thodes plus efficaces. Certaines de ces m\u00e9thodes comprenaient le tri et les techniques d&rsquo;excavation m\u00e9canique. Les mines de Kimberley \u00e9taient \u00e9galement responsables de la cr\u00e9ation de techniques d&rsquo;exploitation mini\u00e8re souterraine profonde. De nos jours, les m\u00e9thodes de l&rsquo;industrie mini\u00e8re du diamant se sont am\u00e9lior\u00e9es, bien s\u00fbr, mais les m\u00e9thodes d\u00e9velopp\u00e9es dans les mines de Kimberley sont toujours utilis\u00e9es \u00e0 la base.<\/p>\n\n\n\n<div style=\"height:50px\" aria-hidden=\"true\" class=\"wp-block-spacer\"><\/div>\n\n\n\n<h3 class=\"wp-block-heading\" id=\"10-linnovation-du-commerce-%C3%A9quitable-des-mines-de-kimberley\">L&rsquo;innovation du commerce \u00e9quitable des mines de Kimberley<\/h3>\n\n\n\n<p>Les mines de Kimberley sont responsables de l&rsquo;invention du Processus de certification de Kimberley. Il s&rsquo;agit d&rsquo;un syst\u00e8me mondial de certification des diamants qui garantit le commerce \u00e9quitable des pierres pr\u00e9cieuses. Le syst\u00e8me exige que tout \u00e9change mondial de diamants soit accompagn\u00e9 d&rsquo;un certificat d\u00e9livr\u00e9 par le gouvernement. Toute entreprise qui ne parvient pas \u00e0 obtenir ce certificat est consid\u00e9r\u00e9e comme ill\u00e9gale. Malheureusement, ce syst\u00e8me pr\u00e9sente quelques failles. Il repose fortement sur des gouvernements stables et des contr\u00f4les frontaliers dirig\u00e9s par l&rsquo;\u00c9tat, qui ne sont pas toujours pr\u00e9sents dans les pays plus pauvres. Certaines organisations ont \u00e9galement soulign\u00e9 que cela ne garantit pas que les diamants \u00e9chang\u00e9s ne sont pas des \u00ab\u00a0diamants de sang\u00a0\u00bb. Le Processus de certification de Kimberley constitue cependant un pas dans la bonne direction pour l&rsquo;industrie. Associ\u00e9 \u00e0 d&rsquo;autres lois et pr\u00e9cautions n\u00e9cessaires, il peut rendre l&rsquo;industrie du diamant plus s\u00fbre pour tous les acteurs impliqu\u00e9s.<\/p>\n\n\n\n<div style=\"height:50px\" aria-hidden=\"true\" class=\"wp-block-spacer\"><\/div>\n\n\n\n<h3 class=\"wp-block-heading\" id=\"11-la-d%C3%A9couverte-des-kimberlites\">La d\u00e9couverte des kimberlites<\/h3>\n\n\n\n<p>Les g\u00e9ologues qui ont \u00e9tudi\u00e9 les mines de Kimberley ont fait une d\u00e9couverte incroyable. Les mines \u00e9taient riches en diamants, mais les scientifiques n&rsquo;\u00e9taient pas certains de leur origine. Avant l&rsquo;\u00e9tude des mines de Kimberley, on pensait que les diamants ne pouvaient \u00eatre trouv\u00e9s que dans les bassins fluviaux et les rivi\u00e8res. Il \u00e9tait un myst\u00e8re de savoir comment ces pierres pr\u00e9cieuses se retrouvaient dans les bassins fluviaux. Les g\u00e9ologues qui ont particip\u00e9 \u00e0 cette \u00e9tude ont d\u00e9couvert que les gisements de diamants dans les mines \u00e9taient en r\u00e9alit\u00e9 d&rsquo;anciens conduits volcaniques. Ces conduits transportaient les gemmes depuis les profondeurs de la cro\u00fbte terrestre o\u00f9 elles se formaient jusqu&rsquo;\u00e0 la surface o\u00f9 on les trouve. En hommage \u00e0 cet endroit de d\u00e9couverte incroyable, ces conduits sont appel\u00e9s kimberlites. Depuis lors, les kimberlites sont consid\u00e9r\u00e9es comme la source la plus importante de diamants primaires.<\/p>\n\n\n\n<h4 class=\"wp-block-heading\" id=\"12-nous-esp%C3%A9rons-que-vous-avez-appr%C3%A9ci%C3%A9-la-lecture-\">Nous esp\u00e9rons que vous avez appr\u00e9ci\u00e9 la lecture !<\/h4>\n\n\n\n<p>Si vous souhaitez en savoir plus sur d\u2019autres diamants c\u00e9l\u00e8bres tels que les diamants&nbsp;<a href=\"https:\/\/ajediam.com\/fr\/histoire\/diamants-celebres\/le-diamant-orlov\/\">Orlov<\/a>,&nbsp;<a href=\"https:\/\/ajediam.com\/fr\/histoire\/diamants-celebres\/le-diamant-de-kimberley\/\">Kimberley&nbsp;<\/a>ou&nbsp;<a href=\"https:\/\/ajediam.com\/fr\/histoire\/diamants-celebres\/le-diamant-premier-rose\/\">Premier Rose<\/a>, vous pouvez consulter le&nbsp;<a href=\"https:\/\/ajediam.com\/fr\/histoire\/diamants-celebres\/\">glossaire des diamants c\u00e9l\u00e8bres d\u2019Ajediam<\/a>. Ou, si vous vous sentez inspir\u00e9, vous pouvez parcourir la boutique des collections de diamants de qualit\u00e9 sup\u00e9rieure d\u2019Ajediam.<\/p>\n","protected":false},"excerpt":{"rendered":"<p>Miracle Legacy de l&rsquo;Afrique du Sud La ville de Kimberley est l&rsquo;une des pierres angulaires de l&rsquo;histoire de l&rsquo;extraction du diamant en Afrique du Sud. La d\u00e9couverte de l&rsquo;impressionnant diamant de Kimberley a \u00e9t\u00e9 provoqu\u00e9e par la d\u00e9couverte du diamant Eureka, qui \u00e0 son tour a d\u00e9clench\u00e9 la ru\u00e9e vers le diamant dans le pays [&hellip;]<\/p>\n","protected":false},"author":5,"featured_media":9523,"parent":10150,"menu_order":0,"comment_status":"closed","ping_status":"closed","template":"articllle-like-page.php","meta":{"ub_ctt_via":"","footnotes":""},"acf":[],"featured_image_src":"https:\/\/ajediam.com\/wp-content\/uploads\/2023\/04\/102519_diamond_2.jpg","_links":{"self":[{"href":"https:\/\/ajediam.com\/fr\/wp-json\/wp\/v2\/pages\/10243"}],"collection":[{"href":"https:\/\/ajediam.com\/fr\/wp-json\/wp\/v2\/pages"}],"about":[{"href":"https:\/\/ajediam.com\/fr\/wp-json\/wp\/v2\/types\/page"}],"author":[{"embeddable":true,"href":"https:\/\/ajediam.com\/fr\/wp-json\/wp\/v2\/users\/5"}],"replies":[{"embeddable":true,"href":"https:\/\/ajediam.com\/fr\/wp-json\/wp\/v2\/comments?post=10243"}],"version-history":[{"count":4,"href":"https:\/\/ajediam.com\/fr\/wp-json\/wp\/v2\/pages\/10243\/revisions"}],"predecessor-version":[{"id":12043,"href":"https:\/\/ajediam.com\/fr\/wp-json\/wp\/v2\/pages\/10243\/revisions\/12043"}],"up":[{"embeddable":true,"href":"https:\/\/ajediam.com\/fr\/wp-json\/wp\/v2\/pages\/10150"}],"wp:featuredmedia":[{"embeddable":true,"href":"https:\/\/ajediam.com\/fr\/wp-json\/wp\/v2\/media\/9523"}],"wp:attachment":[{"href":"https:\/\/ajediam.com\/fr\/wp-json\/wp\/v2\/media?parent=10243"}],"curies":[{"name":"wp","href":"https:\/\/api.w.org\/{rel}","templated":true}]}}