{"id":10251,"date":"2023-07-04T16:44:34","date_gmt":"2023-07-04T16:44:34","guid":{"rendered":"https:\/\/ajediam.com\/?page_id=10251"},"modified":"2024-01-10T19:16:57","modified_gmt":"2024-01-10T19:16:57","slug":"le-diamant-koh-i-noor","status":"publish","type":"page","link":"https:\/\/ajediam.com\/fr\/histoire\/diamants-celebres\/le-diamant-koh-i-noor\/","title":{"rendered":"Le diamant Koh-i-Noor"},"content":{"rendered":"\n<p class=\"itt\">Meurtre, Myst\u00e8re et Colonialisme<\/p>\n\n\n\n<p>Le Koh-I-Noor est l&rsquo;un des diamants les plus c\u00e9l\u00e8bres au monde. Ses mythes d&rsquo;origine ont \u00e9lev\u00e9 sa notori\u00e9t\u00e9 au rang de l\u00e9gende. Des dizaines de dirigeants de quatre pays l&rsquo;ont poss\u00e9d\u00e9 au cours de son histoire, qui remonte \u00e0 des mill\u00e9naires. Chose int\u00e9ressante, la plupart de ses propri\u00e9taires ont finalement \u00e9t\u00e9 en proie \u00e0 la controverse et ont rencontr\u00e9 des morts violentes, rendant les intrigues autour de cette c\u00e9l\u00e8bre pierre pr\u00e9cieuse dignes d&rsquo;un roman de George R.R. Martin. M\u00eame \u00e0 ce jour, le diamant continue de susciter une controverse internationale. Le Koh-i-Noor est-il vraiment maudit ou est-ce que la c\u00e9l\u00e9brit\u00e9 elle-m\u00eame est maudite ?<\/p>\n\n\n\n<p>Dans cet article vous trouverez :<\/p>\n\n\n<div class=\"ub_table-of-contents\" data-showtext=\"show\" data-hidetext=\"hide\" data-scrolltype=\"auto\" id=\"ub_table-of-contents-44c087ce-411f-4f2f-8115-930a91b32130\" data-initiallyhideonmobile=\"false\"\n                    data-initiallyshow=\"true\"><div class=\"ub_table-of-contents-header-container\"><div class=\"ub_table-of-contents-header\">\n                    <div class=\"ub_table-of-contents-title\">Table des Mati\u00e8res<\/div><\/div><\/div><div class=\"ub_table-of-contents-extra-container\"><div class=\"ub_table-of-contents-container ub_table-of-contents-1-column \"><ol><li><a href=https:\/\/ajediam.com\/fr\/histoire\/diamants-celebres\/le-diamant-koh-i-noor\/#0-les-origines-du-diamant-koh-i-noor>Les origines du diamant Koh-I-Noor<\/a><ol><li><a href=https:\/\/ajediam.com\/fr\/histoire\/diamants-celebres\/le-diamant-koh-i-noor\/#1-la-d%C3%A9couverte-du-koh-i-noor>La d\u00e9couverte du Koh-I-Noor<\/a><\/li><li><a href=https:\/\/ajediam.com\/fr\/histoire\/diamants-celebres\/le-diamant-koh-i-noor\/#2-la-propri%C3%A9t%C3%A9-contest%C3%A9e-du-koh-i-noor->La propri\u00e9t\u00e9 contest\u00e9e du Koh-I-Noor :<\/a><\/li><\/ol><\/li><li><a href=https:\/\/ajediam.com\/fr\/histoire\/diamants-celebres\/le-diamant-koh-i-noor\/#6-la-coupe-du-koh-i-noor>La coupe du Koh-i-Noor<\/a><ol><li><a href=https:\/\/ajediam.com\/fr\/histoire\/diamants-celebres\/le-diamant-koh-i-noor\/#7-le-koh-i-noor-est-retaill%C3%A9-par-le-prince-albert>Le Koh-i-Noor est retaill\u00e9 par le Prince Albert<\/a><\/li><\/ol><\/li><li><a href=https:\/\/ajediam.com\/fr\/histoire\/diamants-celebres\/le-diamant-koh-i-noor\/#8-lhistoire-moderne-de-la-propri%C3%A9t%C3%A9-du-koh-i-noor>L&rsquo;histoire moderne de la propri\u00e9t\u00e9 du Koh-I-Noor<\/a><\/li><li><a href=https:\/\/ajediam.com\/fr\/histoire\/diamants-celebres\/le-diamant-koh-i-noor\/#9-les-caract%C3%A9ristiques-techniques-du-koh-i-noor>Les caract\u00e9ristiques techniques du Koh-i-Noor<\/a><\/li><li><a href=https:\/\/ajediam.com\/fr\/histoire\/diamants-celebres\/le-diamant-koh-i-noor\/#10-limportance-du-koh-i-noor>L&rsquo;importance du Koh-i-Noor<\/a><\/li><\/ol><\/div><\/div><\/div>\n\n\n<div style=\"height:60px\" aria-hidden=\"true\" class=\"wp-block-spacer\"><\/div>\n\n\n\n<h2 class=\"wp-block-heading\" id=\"0-les-origines-du-diamant-koh-i-noor\">Les origines du diamant Koh-I-Noor<\/h2>\n\n\n\n<div style=\"height:50px\" aria-hidden=\"true\" class=\"wp-block-spacer\"><\/div>\n\n\n\n<h3 class=\"wp-block-heading\" id=\"1-la-d%C3%A9couverte-du-koh-i-noor\">La d\u00e9couverte du Koh-I-Noor<\/h3>\n\n\n\n<p>Les origines exactes du Koh-I-Noor ne sont pas connues et il y a beaucoup de folklore autour de la pierre mythique. La l\u00e9gende la plus ancienne et la plus connue pr\u00e9tend que le diamant appartenait autrefois \u00e0 la divinit\u00e9 indienne Krishna jusqu&rsquo;\u00e0 ce qu&rsquo;il soit vol\u00e9 dans son sommeil. Une autre histoire de provenance populaire soutient que le diamant a \u00e9t\u00e9 mentionn\u00e9 dans d&rsquo;anciens \u00e9crits sanskrits, il y a plus de 5 000 ans. Une autre l\u00e9gende, diff\u00e9rente, affirme que le diamant a \u00e9t\u00e9 d\u00e9couvert dans le lit d&rsquo;une rivi\u00e8re en Inde en 3 200 av. Apparemment, nous ne saurons jamais vraiment comment le diamant est devenu tel quel.<\/p>\n\n\n\n<div style=\"height:50px\" aria-hidden=\"true\" class=\"wp-block-spacer\"><\/div>\n\n\n\n<h3 class=\"wp-block-heading\" id=\"2-la-propri%C3%A9t%C3%A9-contest%C3%A9e-du-koh-i-noor-\">La propri\u00e9t\u00e9 contest\u00e9e du Koh-I-Noor :<\/h3>\n\n\n\n<div style=\"height:50px\" aria-hidden=\"true\" class=\"wp-block-spacer\"><\/div>\n\n\n\n<h4 class=\"wp-block-heading\" id=\"3-lempire-moghol\">L&#8217;empire moghol<\/h4>\n\n\n\n<p>On pense que la premi\u00e8re mention \u00e9crite de la pierre pr\u00e9cieuse se trouve dans les m\u00e9moires de Babur, le premier empereur moghol de l&rsquo;Inde de 1483 \u00e0 1530. Il a mesur\u00e9 le poids du diamant \u00e0 186,10 carats et on dit qu&rsquo;il a \u00e9valu\u00e9 la valeur du diamant \u00e0 \u00ab\u00a0la moiti\u00e9 du prix\u00a0\u00bb. d\u00e9pense quotidienne du monde entier \u00bb. Il est probable que les dirigeants se disputaient le diamant depuis le XIIIe si\u00e8cle en raison de son statut de symbole de richesse et de pouvoir. Toute opinion sur l&rsquo;histoire ancienne de la pierre pr\u00e9cieuse suscite des d\u00e9bats au sein de la communaut\u00e9 des historiens car les documents historiques de cette p\u00e9riode particuli\u00e8re sont rares.<\/p>\n\n\n\n<p>Apr\u00e8s la mort de Babur, le diamant a fait son chemin vers la Perse ; cependant, il reviendrait plus tard aux empereurs moghols. Sa pr\u00e9sence \u00e9tait la plus notable dans le tr\u00f4ne du paon, construit en 1628 par Shah Jahaan, qui est \u00e9galement r\u00e9put\u00e9 pour la construction du Taj Mahal. De plus, ses propri\u00e9taires tombant les uns apr\u00e8s les autres, le diamant continuerait \u00e0 changer de mains dans un cycle qui se r\u00e9p\u00e9terait pendant de nombreuses g\u00e9n\u00e9rations \u00e0 venir.<\/p>\n\n\n\n<div style=\"height:50px\" aria-hidden=\"true\" class=\"wp-block-spacer\"><\/div>\n\n\n\n<h4 class=\"wp-block-heading\" id=\"4-le-pillage-de-delhi\">Le pillage de Delhi<\/h4>\n\n\n\n<p>En 1739, le puissant seigneur de guerre persan Nadir Shah envahit l&rsquo;Inde et pilla Delhi. Il a pill\u00e9 le tr\u00e9sor royal moghol, volant un tr\u00e9sor si vaste qu&rsquo;il a fallu 700 \u00e9l\u00e9phants, 4 000 chameaux et 12 000 chevaux pour le transporter. Ses sujets seraient exon\u00e9r\u00e9s d&rsquo;imp\u00f4ts pour les trois prochaines ann\u00e9es. Lorsque Nadir Shah a vu le diamant, il s&rsquo;est exclam\u00e9 \u00ab\u00a0Koh-i-Noor\u00a0\u00bb, qui signifie \u00ab\u00a0montagne de lumi\u00e8re\u00a0\u00bb en persan ancien. L&rsquo;exclamation de Nadir Shah a donn\u00e9 \u00e0 la pierre pr\u00e9cieuse son nom populaire.<\/p>\n\n\n\n<p>C&rsquo;\u00e9tait une r\u00e9action tout \u00e0 fait appropri\u00e9e car la valeur de la pierre \u00e9tait presque incommensurable \u00e0 l&rsquo;\u00e9poque. Compte tenu de la pens\u00e9e rudimentaire des anciens, l&rsquo;all\u00e9gorie mystique d&rsquo;une montagne de lumi\u00e8re est plut\u00f4t compr\u00e9hensible. Une l\u00e9gende populaire compare sa valeur \u00e0 un tas de tr\u00e9sors dor\u00e9s, gros comme une surface couverte par quatre pierres lanc\u00e9es par un homme fort dans chaque direction, et une cinqui\u00e8me dans les airs.<\/p>\n\n\n\n<p>Cette immense valeur a apport\u00e9 malaise et parano\u00efa \u00e0 nombre de ses propri\u00e9taires. Nadir Shah lui-m\u00eame a \u00e9t\u00e9 victime d&rsquo;un assassinat. Apr\u00e8s la mort du Shah, le Koh-i-Noor a chang\u00e9 de mains plusieurs fois avant de retourner en Inde en 1810, o\u00f9 il trouverait un lieu de repos, mais pas pour longtemps.<\/p>\n\n\n\n<div style=\"height:50px\" aria-hidden=\"true\" class=\"wp-block-spacer\"><\/div>\n\n\n\n<h4 class=\"wp-block-heading\" id=\"5-le-jeune-roi-et-la-couronne\">Le jeune roi et la couronne<\/h4>\n\n\n\n<p>En 1849, il \u00e9tait entre les mains de Dulip Singh, le roi du Pendjab qui n&rsquo;avait que 10 ans et avait perdu deux guerres avec les Britanniques \u00e0 l&rsquo;\u00e9poque. Le 29 mars 1849, la seconde guerre anglo-sikh se conclut par le trait\u00e9 de Lahore. L&rsquo;enfant-roi a \u00e9t\u00e9 contraint de rendre tous ses biens, y compris le Koh-i-Noor. Il pr\u00e9sentera finalement la pierre personnellement \u00e0 la reine Victoria en signe de soumission. Cette concession brutale a depuis suscit\u00e9 une controverse non r\u00e9solue sur les responsabilit\u00e9s de la Grande-Bretagne concernant l&rsquo;h\u00e9ritage colonial.<\/p>\n\n\n\n<p>Dulip Singh, le roi vaincu, pr\u00e9sentera officiellement le diamant \u00e0 la reine Victoria en 1851. La m\u00eame ann\u00e9e, le diamant fut expos\u00e9 lors d&rsquo;une grande exposition \u00e0 Hyde Park, \u00e0 Londres, o\u00f9 il attira l&rsquo;attention d&rsquo;une foule immense. Peut-\u00eatre que l&rsquo;attrait avait quelque chose \u00e0 voir avec la tristement c\u00e9l\u00e8bre r\u00e9putation de la gemme d&rsquo;\u00eatre maudite. Les r\u00e9cits de sa valeur d&rsquo;environ deux millions de livres ont suscit\u00e9 l&rsquo;imagination de milliers de personnes. Cependant, les pr\u00e9pos\u00e9s ne savaient pas qu&rsquo;en 2022, le d\u00e9tenteur de leur regard vaudrait 297,5 millions de livres.<\/p>\n\n\n\n<p>Pourtant, le public a \u00e9t\u00e9 tr\u00e8s d\u00e9\u00e7u une fois qu&rsquo;il a vu le diamant. Ils s&rsquo;attendaient \u00e0 ce qu&rsquo;elle soit pleine de vie et de feu, scintillante et \u00e9blouissante. Sa taille rose d\u00e9su\u00e8te n&rsquo;avait pas le feu dont b\u00e9n\u00e9ficiaient les diamants taill\u00e9s plus modernes. Les connaisseurs d&rsquo;hier et d&rsquo;aujourd&rsquo;hui savent appr\u00e9cier la lumi\u00e8re plus douce et la brillance d&rsquo;un diamant taille ancienne. La Couronne britannique, cependant, a not\u00e9 cette d\u00e9ception publique, qui \u00e0 son tour a probablement influenc\u00e9 la d\u00e9cision souveraine de recouper le Koh-i-Noor de 186 carats.<\/p>\n\n\n\n<div style=\"height:60px\" aria-hidden=\"true\" class=\"wp-block-spacer\"><\/div>\n\n\n\n<h2 class=\"wp-block-heading\" id=\"6-la-coupe-du-koh-i-noor\">La coupe du Koh-i-Noor<\/h2>\n\n\n\n<div style=\"height:50px\" aria-hidden=\"true\" class=\"wp-block-spacer\"><\/div>\n\n\n\n<h3 class=\"wp-block-heading\" id=\"7-le-koh-i-noor-est-retaill%C3%A9-par-le-prince-albert\">Le Koh-i-Noor est retaill\u00e9 par le Prince Albert<\/h3>\n\n\n\n<p>Le prince Albert, l&rsquo;\u00e9poux de la reine Victoria, a entrepris de trouver les meilleurs tailleurs de diamants d&rsquo;Europe qui restaureraient l&rsquo;\u00e9clat du Koh-i-Noor. Il a consult\u00e9 plusieurs physiciens et universitaires pour recueillir leur avis sur ce que pourrait \u00eatre le meilleur plan d&rsquo;action. Il y a eu un bref d\u00e9bat sur la question de savoir si le diamant devait \u00eatre recoup\u00e9. Le choix du prince Albert s&rsquo;est port\u00e9 sur deux experts de la soci\u00e9t\u00e9 n\u00e9erlandaise Royal Coster Diamonds, M. Voorzanger et M. Fredder, qui se rendraient finalement \u00e0 Londres pour examiner la pierre.<\/p>\n\n\n\n<p>Ils ont confirm\u00e9 que le diamant pouvait effectivement \u00eatre taill\u00e9, mais qu&rsquo;il contenait \u00e9galement plusieurs inclusions qu&rsquo;il faudrait \u00e9liminer pour g\u00e9n\u00e9rer les meilleurs r\u00e9sultats. Le prince Albert les a charg\u00e9s de couper le Koh-i-Noor. L&rsquo;ensemble de l&rsquo;op\u00e9ration prendrait 38 jours et co\u00fbterait 8 000 livres \u00e0 la Couronne britannique.<\/p>\n\n\n\n<p>Le diamant brut en forme de rose de 186,10 a \u00e9t\u00e9 retaill\u00e9 en un diamant stellaire en forme de brillant de 105,6 carats avec 66 facettes. Cela a entra\u00een\u00e9 une perte de poids spectaculaire de 43%, mais les r\u00e9sultats ont \u00e9t\u00e9 \u00e9tonnants. Le diamant a \u00e9bloui dans la lumi\u00e8re, laissant les observateurs sans voix dans la contemplation de sa beaut\u00e9.<\/p>\n\n\n\n<div style=\"height:60px\" aria-hidden=\"true\" class=\"wp-block-spacer\"><\/div>\n\n\n\n<h2 class=\"wp-block-heading\" id=\"8-lhistoire-moderne-de-la-propri%C3%A9t%C3%A9-du-koh-i-noor\">L&rsquo;histoire moderne de la propri\u00e9t\u00e9 du Koh-I-Noor<\/h2>\n\n\n\n<p>Apr\u00e8s sa retaille par Coster, le diamant est rest\u00e9 en possession de la famille de la reine Victoria. La reine Victoria a pris l&rsquo;initiative de montrer le joyau retaill\u00e9 au jeune Dulip Singh, qui s&rsquo;\u00e9tait alors \u00e9tabli \u00e0 Londres. Le jeune prince a beaucoup appr\u00e9ci\u00e9 son geste et a exprim\u00e9 sa gratitude et son admiration pour le look rafra\u00eechi de la gemme.<\/p>\n\n\n\n<p>Les l\u00e9gendes affirmaient que le Koh-i-Noor portait malheur \u00e0 tout homme qui le portait, il n&rsquo;a donc \u00e9t\u00e9 transmis qu&rsquo;aux femmes de la famille royale. La reine Victoria portait souvent le diamant en broche jusqu&rsquo;en 1911, date \u00e0 laquelle il fut incrust\u00e9 dans la couronne imp\u00e9riale de la reine Alexandra, l&rsquo;\u00e9pouse d&rsquo;Edouard VII. Par la suite, il a \u00e9t\u00e9 donn\u00e9 \u00e0 la reine Mary, l&rsquo;\u00e9pouse de George V, qui \u00e9tait le petit-fils de Victoria.<\/p>\n\n\n\n<p>En 1937, le diamant a \u00e9t\u00e9 serti comme pi\u00e8ce ma\u00eetresse honorable de la couronne de la reine m\u00e8re Elizabeth, o\u00f9 il restera en toute s\u00e9curit\u00e9 pendant les 80 prochaines ann\u00e9es. Cependant, il serait rarement port\u00e9. La derni\u00e8re apparition publique du Koh-i-Noor a eu lieu lors des fun\u00e9railles de la reine m\u00e8re en 2002. Il est maintenant conserv\u00e9 avec les autres joyaux de la couronne britannique, fortement gard\u00e9s dans la tour de Londres.<\/p>\n\n\n\n<div style=\"height:60px\" aria-hidden=\"true\" class=\"wp-block-spacer\"><\/div>\n\n\n\n<h2 class=\"wp-block-heading\" id=\"9-les-caract%C3%A9ristiques-techniques-du-koh-i-noor\">Les caract\u00e9ristiques techniques du Koh-i-Noor<\/h2>\n\n\n\n<p>La premi\u00e8re mesure enregistr\u00e9e du Koh-i-Noor est de 186,10 carats en taille de rose de style indien. Apr\u00e8s sa retaille, il est devenu une taille brillant ovale de 105 602 carats (21,12 grammes) \u00e0 66 facettes. Ses dimensions sont de 6,00 x 31,90 x 13,04 mm. Le diamant est un diamant incolore de grade D, typique des diamants indiens de l&rsquo;\u00e9poque. Sa clart\u00e9 est consid\u00e9r\u00e9e comme exceptionnelle, bas\u00e9e sur des comparaisons avec d&rsquo;autres pierres. Il s&rsquo;agit probablement d&rsquo;une pierre sans d\u00e9faut ou sans d\u00e9faut interne. La pierre r\u00e9side dans la croix maltaise \u00e0 l&rsquo;avant de la couronne de la reine m\u00e8re. Le Koh-i-Noot peut \u00eatre consid\u00e9r\u00e9 comme faisant partie des <a href=\"https:\/\/www.hrp.org.uk\/tower-of-london\/whats-on\/the-crown-jewels\/\" target=\"_blank\" rel=\"noreferrer noopener nofollow\">joyaux de la couronne<\/a> de la tour de Londres, du <a href=\"https:\/\/www.hrp.org.uk\/tower-of-london\/\" target=\"_blank\" rel=\"noreferrer noopener nofollow\">palais royal de Sa Majest\u00e9 et de la forteresse de la tour de Londres<\/a>.<\/p>\n\n\n\n<div style=\"height:60px\" aria-hidden=\"true\" class=\"wp-block-spacer\"><\/div>\n\n\n\n<h2 class=\"wp-block-heading\" id=\"10-limportance-du-koh-i-noor\">L&rsquo;importance du Koh-i-Noor<\/h2>\n\n\n\n<p>L&rsquo;h\u00e9ritage du Koh-i-Noor suscite des questions politiques controvers\u00e9es sur l&rsquo;h\u00e9ritage colonial britannique. L&rsquo;Inde, l&rsquo;Iran, le Pakistan et l&rsquo;Afghanistan ont tous pr\u00e9tendu \u00eatre les propri\u00e9taires l\u00e9gitimes du diamant et ont exig\u00e9 sa restitution \u00e0 la Grande-Bretagne. Tout au long de l&rsquo;histoire du diamant, il a \u00e9t\u00e9 le cas que \u00ab\u00a0la force fait le bien\u00a0\u00bb. C&rsquo;est-\u00e0-dire que la pierre pr\u00e9cieuse avait \u00e9t\u00e9 pill\u00e9e, vol\u00e9e et extorqu\u00e9e \u00e0 la plupart de ses propri\u00e9taires.<\/p>\n\n\n\n<p>La Couronne britannique pr\u00e9tend avoir obtenu le diamant l\u00e9galement en signant le trait\u00e9 de Lahore. Cependant, le signataire du c\u00f4t\u00e9 punjabi \u00e9tait un gar\u00e7on de 10 ans avec son pays sous la menace d&rsquo;une arme. La Couronne a refus\u00e9 de restituer le Koh-i-Noor. Il a \u00e9galement d\u00e9clar\u00e9 que cela cr\u00e9erait un pr\u00e9c\u00e9dent de restituer toutes les richesses \u00e0 l&rsquo;int\u00e9rieur du British Museum de Londres.<\/p>\n\n\n\n<p>Le Koh-i-Noor continue d&rsquo;\u00eatre un rappel inconfortable de la fa\u00e7on dont il y a deux c\u00f4t\u00e9s tr\u00e8s diff\u00e9rents de l&rsquo;histoire. Surtout quand l&rsquo;h\u00e9ritage colonial imp\u00e9rial est concern\u00e9. Pour certains, c&rsquo;est un symbole de prestige et de puissance imp\u00e9riale. Pour d&rsquo;autres, cela repr\u00e9sente une attitude r\u00e9ticente et une l\u00e9thargie lorsqu&rsquo;il s&rsquo;agit de mettre fin \u00e0 l&rsquo;h\u00e9ritage colonial d&rsquo;injustice et d&rsquo;oppression. L&rsquo;histoire nous a appris que la r\u00e9alit\u00e9 autour de telles questions n&rsquo;est jamais vraiment noire ou blanche.<\/p>\n\n\n\n<h4 class=\"wp-block-heading\" id=\"11-nous-esp%C3%A9rons-que-vous-avez-appr%C3%A9ci%C3%A9-la-lecture-\">Nous esp\u00e9rons que vous avez appr\u00e9ci\u00e9 la lecture !<\/h4>\n\n\n\n<p>Si vous souhaitez en savoir plus sur d\u2019autres diamants c\u00e9l\u00e8bres tels que les diamants&nbsp;<a href=\"https:\/\/ajediam.com\/fr\/histoire\/diamants-celebres\/le-diamant-orlov\/\">Orlov<\/a>,&nbsp;<a href=\"https:\/\/ajediam.com\/fr\/histoire\/diamants-celebres\/le-diamant-de-kimberley\/\">Kimberley&nbsp;<\/a>ou&nbsp;<a href=\"https:\/\/ajediam.com\/fr\/histoire\/diamants-celebres\/le-diamant-premier-rose\/\">Premier Rose<\/a>, vous pouvez consulter le&nbsp;<a href=\"https:\/\/ajediam.com\/fr\/histoire\/diamants-celebres\/\">glossaire des diamants c\u00e9l\u00e8bres d\u2019Ajediam<\/a>. Ou, si vous vous sentez inspir\u00e9, vous pouvez parcourir la boutique des collections de diamants de qualit\u00e9 sup\u00e9rieure d\u2019Ajediam.<\/p>\n","protected":false},"excerpt":{"rendered":"<p>Meurtre, Myst\u00e8re et Colonialisme Le Koh-I-Noor est l&rsquo;un des diamants les plus c\u00e9l\u00e8bres au monde. Ses mythes d&rsquo;origine ont \u00e9lev\u00e9 sa notori\u00e9t\u00e9 au rang de l\u00e9gende. Des dizaines de dirigeants de quatre pays l&rsquo;ont poss\u00e9d\u00e9 au cours de son histoire, qui remonte \u00e0 des mill\u00e9naires. Chose int\u00e9ressante, la plupart de ses propri\u00e9taires ont finalement \u00e9t\u00e9 [&hellip;]<\/p>\n","protected":false},"author":5,"featured_media":9524,"parent":10150,"menu_order":0,"comment_status":"closed","ping_status":"closed","template":"articllle-like-page.php","meta":{"ub_ctt_via":"","footnotes":""},"acf":[],"featured_image_src":"https:\/\/ajediam.com\/wp-content\/uploads\/2023\/04\/Replica-Koh-i-Noor.jpg","_links":{"self":[{"href":"https:\/\/ajediam.com\/fr\/wp-json\/wp\/v2\/pages\/10251"}],"collection":[{"href":"https:\/\/ajediam.com\/fr\/wp-json\/wp\/v2\/pages"}],"about":[{"href":"https:\/\/ajediam.com\/fr\/wp-json\/wp\/v2\/types\/page"}],"author":[{"embeddable":true,"href":"https:\/\/ajediam.com\/fr\/wp-json\/wp\/v2\/users\/5"}],"replies":[{"embeddable":true,"href":"https:\/\/ajediam.com\/fr\/wp-json\/wp\/v2\/comments?post=10251"}],"version-history":[{"count":3,"href":"https:\/\/ajediam.com\/fr\/wp-json\/wp\/v2\/pages\/10251\/revisions"}],"predecessor-version":[{"id":12040,"href":"https:\/\/ajediam.com\/fr\/wp-json\/wp\/v2\/pages\/10251\/revisions\/12040"}],"up":[{"embeddable":true,"href":"https:\/\/ajediam.com\/fr\/wp-json\/wp\/v2\/pages\/10150"}],"wp:featuredmedia":[{"embeddable":true,"href":"https:\/\/ajediam.com\/fr\/wp-json\/wp\/v2\/media\/9524"}],"wp:attachment":[{"href":"https:\/\/ajediam.com\/fr\/wp-json\/wp\/v2\/media?parent=10251"}],"curies":[{"name":"wp","href":"https:\/\/api.w.org\/{rel}","templated":true}]}}