{"id":10254,"date":"2023-07-04T16:48:32","date_gmt":"2023-07-04T16:48:32","guid":{"rendered":"https:\/\/ajediam.com\/?page_id=10254"},"modified":"2024-01-10T19:07:20","modified_gmt":"2024-01-10T19:07:20","slug":"le-diamant-premier-rose","status":"publish","type":"page","link":"https:\/\/ajediam.com\/fr\/histoire\/diamants-celebres\/le-diamant-premier-rose\/","title":{"rendered":"Le Diamant Premier Rose"},"content":{"rendered":"\n<p class=\"itt\">Le plus jeune cousin du Cullinan Diamond<\/p>\n\n\n\n<p>Le Premier Rose Diamant est une d\u00e9couverte relativement r\u00e9cente dans le monde des pierres pr\u00e9cieuses. La magnifique pierre pr\u00e9cieuse provient des m\u00eames mines o\u00f9 le l\u00e9gendaire diamant Cullinan a \u00e9t\u00e9 d\u00e9terr\u00e9. Bien qu&rsquo;il ne soit pas proche de la taille du Cullinan, le Premier Rose Diamond pesait 353,9 carats dans sa forme brute ! La mine a cach\u00e9 la nouvelle du Premier Rose au monde pendant deux mois entiers pour \u00e9viter les regards m\u00e9chants.<\/p>\n\n\n\n<p>Si vous souhaitez en savoir plus sur le diamant Premier Rose, vous trouverez dans cet article :<\/p>\n\n\n<div class=\"ub_table-of-contents\" data-showtext=\"show\" data-hidetext=\"hide\" data-scrolltype=\"auto\" id=\"ub_table-of-contents-8e5078a1-3cff-46a9-b5b6-5a0d0638c0a8\" data-initiallyhideonmobile=\"false\"\n                    data-initiallyshow=\"true\"><div class=\"ub_table-of-contents-header-container\"><div class=\"ub_table-of-contents-header\">\n                    <div class=\"ub_table-of-contents-title\">Table des Mati\u00e8res<\/div><\/div><\/div><div class=\"ub_table-of-contents-extra-container\"><div class=\"ub_table-of-contents-container ub_table-of-contents-1-column \"><ol><li><a href=https:\/\/ajediam.com\/fr\/histoire\/diamants-celebres\/le-diamant-premier-rose\/#0-les-origines-du-premier-premier-rose>Les origines du premier Premier Rose<\/a><ol><li><a href=https:\/\/ajediam.com\/fr\/histoire\/diamants-celebres\/le-diamant-premier-rose\/#1-un-autre-succ%C3%A8s-%C3%A0-la-mine-premier>Un autre succ\u00e8s \u00e0 la mine Premier<\/a><\/li><li><a href=https:\/\/ajediam.com\/fr\/histoire\/diamants-celebres\/le-diamant-premier-rose\/#2-le-premier-diamant-rose-attire-lattention-des-m%C3%A9dias>Le premier diamant rose attire l&rsquo;attention des m\u00e9dias<\/a><\/li><\/ol><\/li><li><a href=https:\/\/ajediam.com\/fr\/histoire\/diamants-celebres\/le-diamant-premier-rose\/#3-la-coupe-du-premier-premier-rose>La coupe du premier Premier Rose<\/a><ol><li><a href=https:\/\/ajediam.com\/fr\/histoire\/diamants-celebres\/le-diamant-premier-rose\/#4-lentreprise-risqu%C3%A9e-de-la-coupe-du-premier-rose-diamond>L&rsquo;entreprise risqu\u00e9e de la coupe du Premier Rose Diamond<\/a><\/li><li><a href=https:\/\/ajediam.com\/fr\/histoire\/diamants-celebres\/le-diamant-premier-rose\/#5-l%C3%A9quipe-de-tailleur-de-diamants-de-mouawad>L&rsquo;\u00e9quipe de tailleur de diamants de Mouawad<\/a><\/li><\/ol><\/li><li><a href=https:\/\/ajediam.com\/fr\/histoire\/diamants-celebres\/le-diamant-premier-rose\/#6-lhistoire-de-la-propri%C3%A9t%C3%A9-du-diamant-premier-rose>L&rsquo;histoire de la propri\u00e9t\u00e9 du diamant Premier Rose<\/a><ol><li><a href=https:\/\/ajediam.com\/fr\/histoire\/diamants-celebres\/le-diamant-premier-rose\/#7-jacob-mouawad-acquiert-la-pierre>Jacob Mouawad acquiert la pierre<\/a><\/li><li><a href=https:\/\/ajediam.com\/fr\/histoire\/diamants-celebres\/le-diamant-premier-rose\/#8-la-collection-de-pierres-pr%C3%A9cieuses-historiques-de-la-soci%C3%A9t%C3%A9-mouawad>La collection de pierres pr\u00e9cieuses historiques de la soci\u00e9t\u00e9 Mouawad<\/a><\/li><\/ol><\/li><li><a href=https:\/\/ajediam.com\/fr\/histoire\/diamants-celebres\/le-diamant-premier-rose\/#9-les-caract%C3%A9ristiques-techniques-du-diamant-premier-rose>Les caract\u00e9ristiques techniques du diamant Premier Rose<\/a><ol><li><a href=https:\/\/ajediam.com\/fr\/histoire\/diamants-celebres\/le-diamant-premier-rose\/#10-les-grades-gia-du-premier-diamant-rose>Les grades GIA du premier diamant rose<\/a><\/li><li><a href=https:\/\/ajediam.com\/fr\/histoire\/diamants-celebres\/le-diamant-premier-rose\/#11-la-raret%C3%A9-du-premier-diamant-rose>La raret\u00e9 du premier diamant rose<\/a><\/li><\/ol><\/li><li><a href=https:\/\/ajediam.com\/fr\/histoire\/diamants-celebres\/le-diamant-premier-rose\/#12-limportance-du-premier-premier-rose>L&rsquo;importance du premier Premier Rose<\/a><\/li><\/ol><\/div><\/div><\/div>\n\n\n<div style=\"height:60px\" aria-hidden=\"true\" class=\"wp-block-spacer\"><\/div>\n\n\n\n<h2 class=\"wp-block-heading\" id=\"0-les-origines-du-premier-premier-rose\">Les origines du premier Premier Rose<\/h2>\n\n\n\n<p>Le diamant Premier Rose a \u00e9t\u00e9 d\u00e9couvert dans la mine Premier en Afrique du Sud en mars 1978. La mine appartient \u00e0 De Beers et a produit de nombreuses pierres \u00e9tonnantes comme le diamant Cullinan.<\/p>\n\n\n\n<div style=\"height:50px\" aria-hidden=\"true\" class=\"wp-block-spacer\"><\/div>\n\n\n\n<h3 class=\"wp-block-heading\" id=\"1-un-autre-succ%C3%A8s-%C3%A0-la-mine-premier\">Un autre succ\u00e8s \u00e0 la mine Premier<\/h3>\n\n\n\n<p>Plus de 750 diamants, dont le poids est sup\u00e9rieur \u00e0 100 carats, ont \u00e9t\u00e9 d\u00e9couverts \u00e0 cet endroit. La mine Premier est \u00e9galement la plus importante et l&rsquo;une des rares productrices de diamants bleus au monde. Pourtant, un autre produit \u00e9tonnant du sol sous la mine a fait surface sous le nom de The Premier Rose. Dans sa forme brute, le diamant pesait 353,9 carats et avait une forme triangulaire. Son anatomie a conduit la pierre \u00e0 \u00eatre faussement \u00e9tiquet\u00e9e comme une pi\u00e8ce de clivage bien que la gemme ne pr\u00e9sente aucun signe de clivage. La pierre \u00e9tait encore tr\u00e8s impressionnante et promettait beaucoup de potentiels. Cependant, il devait encore passer par la voie habituelle des gemmes dans la mine Premier. Le protocole impliquait qu&rsquo;il soit pass\u00e9 par toutes les \u00e9tapes du processus d&rsquo;extraction jusqu&rsquo;\u00e0 ce qu&rsquo;il arrive au test ultime &#8211; la table de graisse. Une table de graisse est un outil utilis\u00e9 par la plupart des mines pour d\u00e9terminer si une pierre non recouverte est un diamant ou non, car les diamants ont une qualit\u00e9 unique &#8211; ils sont le seul min\u00e9ral connu qui colle \u00e0 la graisse. Une fois qu&rsquo;il a \u00e9t\u00e9 confirm\u00e9 que la pi\u00e8ce d\u00e9terr\u00e9e est un diamant, elle est envoy\u00e9e pour \u00eatre nettoy\u00e9e.<\/p>\n\n\n\n<div style=\"height:50px\" aria-hidden=\"true\" class=\"wp-block-spacer\"><\/div>\n\n\n\n<h3 class=\"wp-block-heading\" id=\"2-le-premier-diamant-rose-attire-lattention-des-m%C3%A9dias\">Le premier diamant rose attire l&rsquo;attention des m\u00e9dias<\/h3>\n\n\n\n<p>Le Premier Rose Diamond a \u00e9t\u00e9 gard\u00e9 secret pendant deux mois. Apr\u00e8s son annonce au monde, le joyau a re\u00e7u beaucoup d&rsquo;attention des m\u00e9dias. La couverture de la pierre a donn\u00e9 lieu \u00e0 de nombreuses sp\u00e9culations sur les acheteurs potentiels. Le prince Rainier de Monaco a souvent \u00e9t\u00e9 mentionn\u00e9 car les m\u00e9dias pr\u00e9sumaient qu&rsquo;il souhaitait acqu\u00e9rir le diamant pour sa fille, la princesse Caroline, qui devait se marier bient\u00f4t. Cependant, le prince a rapidement d\u00e9mantel\u00e9 ces rumeurs. Apparemment, il y avait un int\u00e9r\u00eat d&rsquo;une autre famille royale europ\u00e9enne mais ils sont rest\u00e9s anonymes. Les m\u00e9dias ont m\u00eame inclus le roi autoproclam\u00e9 de la R\u00e9publique centrafricaine, l&#8217;empereur Bokassa, comme acheteur potentiel. En fin de compte, la sp\u00e9culation s&rsquo;est av\u00e9r\u00e9e infructueuse, mais a montr\u00e9 \u00e0 quel point le Premier Rose Diamond \u00e9tait sp\u00e9cial et convoit\u00e9. Finalement, gr\u00e2ce \u00e0 un partenariat avec William Goldberg de New York, il a \u00e9t\u00e9 achet\u00e9 par Mouawad Diamond Cutting Company \u00e0 Johannesburg.<\/p>\n\n\n\n<div style=\"height:60px\" aria-hidden=\"true\" class=\"wp-block-spacer\"><\/div>\n\n\n\n<h2 class=\"wp-block-heading\" id=\"3-la-coupe-du-premier-premier-rose\">La coupe du premier Premier Rose<\/h2>\n\n\n\n<p>Le Premier Rose Diamond pesait 353,9 carats dans sa forme brute. Elle a \u00e9t\u00e9 taill\u00e9e en trois pierres &#8211; la Big Rose (qui a conserv\u00e9 le nom de \u00abPremier Rose\u00bb) \u00e0 137,02 carats, la Little Rose \u00e0 31,48 carats et la Baby Rose \u00e0 2,11 carats. Les trois diamants r\u00e9unis sont appel\u00e9s \u00abThe Premier Rose Family\u00bb.<\/p>\n\n\n\n<div style=\"height:50px\" aria-hidden=\"true\" class=\"wp-block-spacer\"><\/div>\n\n\n\n<h3 class=\"wp-block-heading\" id=\"4-lentreprise-risqu%C3%A9e-de-la-coupe-du-premier-rose-diamond\">L&rsquo;entreprise risqu\u00e9e de la coupe du Premier Rose Diamond<\/h3>\n\n\n\n<p>La taille de la pierre brute a \u00e9t\u00e9 r\u00e9alis\u00e9e en Afrique du Sud par une \u00e9quipe d&rsquo;experts de la Mouawad Diamond Cutting Company. Ils faisaient tr\u00e8s attention \u00e0 leurs plans avec le diamant. Environ 60 prototypes et copies en plastique du Premier Rose ont \u00e9t\u00e9 initialement r\u00e9alis\u00e9s pour d\u00e9terminer quelle serait la meilleure fa\u00e7on de tailler la pierre. L&rsquo;\u00e9quipe voulait conserver autant de sa masse que possible et le verdict \u00e9tait que le diamant devait \u00eatre sci\u00e9 contre son grain. Une op\u00e9ration comme celle-ci est extr\u00eamement risqu\u00e9e, m\u00eame selon les normes d&rsquo;aujourd&rsquo;hui et elle n&rsquo;avait jamais \u00e9t\u00e9 tent\u00e9e sur une pierre de cette taille. Sylvain Mouawad et Jacques Mouawad ont cliv\u00e9 la petite moiti\u00e9 du diamant. En revanche, il a fallu 385 heures \u00e0 Frans Swanepoel et son \u00e9quipe pour sortir victorieux de l&rsquo;\u00e9preuve que fut le sciage du diamant.<\/p>\n\n\n\n<div style=\"height:50px\" aria-hidden=\"true\" class=\"wp-block-spacer\"><\/div>\n\n\n\n<h3 class=\"wp-block-heading\" id=\"5-l%C3%A9quipe-de-tailleur-de-diamants-de-mouawad\">L&rsquo;\u00e9quipe de tailleur de diamants de Mouawad<\/h3>\n\n\n\n<p>Une fois le sciage termin\u00e9, ce qui suit est le processus de fa\u00e7onnage. La Big Rose (The Premier Rose Diamond) a \u00e9t\u00e9 taill\u00e9e en forme de poire et est rest\u00e9e \u00e0 un impressionnant 137,02 carats avec 189 facettes ; la Petite Rose a \u00e9t\u00e9 taill\u00e9e en un bijou en forme de poire de 31,48 carats, et enfin, la Baby Rose a \u00e9t\u00e9 taill\u00e9e en un diamant de forme brillante qui pesait 2,11 carats.<\/p>\n\n\n\n<p>David du Plessis est celui qui a travaill\u00e9 au polissage de la Grande Rose et de la Petite Rose. Du Plessis \u00e9tait un c\u00e9l\u00e8bre polisseur dans les ann\u00e9es 1970. C&rsquo;\u00e9tait une personne respect\u00e9e dans l&rsquo;industrie, connue pour avoir poli le diamant du jubil\u00e9 d&rsquo;or et pour avoir \u00e9galement fait partie de l&rsquo;\u00e9quipe de polissage du diamant du centenaire. La qualit\u00e9 des bijoux finis atteste de la rigueur professionnelle de Du Plessis.<\/p>\n\n\n\n<p>Mike Botha et Willem Joubert ont travaill\u00e9 sur le polissage de la Baby Rose, ils \u00e9taient tous deux des professionnels exp\u00e9riment\u00e9s avec de nombreuses ann\u00e9es de trajectoire soutenant leur r\u00e9putation. En outre, tous deux avaient une exp\u00e9rience de travail internationale dans des pays leaders de l&rsquo;industrie du diamant. Ils ont travaill\u00e9 sur deux diamants de 100 carats et un diamant de 314 carats au Canada. Ce sont les plus grosses pierres jamais taill\u00e9es et polies au Canada \u00e0 ce jour.<\/p>\n\n\n\n<div style=\"height:60px\" aria-hidden=\"true\" class=\"wp-block-spacer\"><\/div>\n\n\n\n<h2 class=\"wp-block-heading\" id=\"6-lhistoire-de-la-propri%C3%A9t%C3%A9-du-diamant-premier-rose\">L&rsquo;histoire de la propri\u00e9t\u00e9 du diamant Premier Rose<\/h2>\n\n\n\n<p>Le Premier Rose a attir\u00e9 beaucoup d&rsquo;attention des m\u00e9dias apr\u00e8s sa d\u00e9couverte, ce qui a conduit \u00e0 la propagation de nombreuses rumeurs concernant des acheteurs potentiels. En fin de compte, le Premier Rose a \u00e9t\u00e9 achet\u00e9 par la Mouawad Diamond Cutting Company.<\/p>\n\n\n\n<div style=\"height:50px\" aria-hidden=\"true\" class=\"wp-block-spacer\"><\/div>\n\n\n\n<h3 class=\"wp-block-heading\" id=\"7-jacob-mouawad-acquiert-la-pierre\">Jacob Mouawad acquiert la pierre<\/h3>\n\n\n\n<p>Le propri\u00e9taire de l&rsquo;entreprise \u00e9tait Jacob Mouawad qui a \u00e9t\u00e9 fortement impliqu\u00e9 dans l&rsquo;achat. L&rsquo;\u00e9pouse de Jacob, Rose Mouawad est celle qui a plaid\u00e9 pour la bissection de la pierre pr\u00e9cieuse. Le nom du bijou est une combinaison de son nom et du nom de la mine, d&rsquo;o\u00f9 Premier Rose. Les Mouawad ont r\u00e9ussi \u00e0 acheter le diamant \u00e0 De Beers pour un montant non divulgu\u00e9.<\/p>\n\n\n\n<p>Ils ont contact\u00e9 leur partenaire am\u00e9ricain William Goldberg. Goldberg s&rsquo;est imm\u00e9diatement int\u00e9ress\u00e9 au Premier Rose. Il a \u00e9galement d\u00e9cid\u00e9 d&rsquo;en acheter une part \u00e9gale. Il connaissait le potentiel de la pierre brute. Une fois qu&rsquo;il a vu la gemme par lui-m\u00eame, il a su qu&rsquo;il avait raison. Il avait aussi une grande confiance en ses partenaires de Mouawad.<\/p>\n\n\n\n<p>La William Goldberg Diamond Corporation de New York a g\u00e9r\u00e9 la vente de la famille Premier Rose apr\u00e8s l&rsquo;avoir acquise aupr\u00e8s de Mouawad. La Big Rose a \u00e9t\u00e9 vendue \u00e0 un acheteur anonyme en 1979 pour 10 millions de dollars. Les ventes de la Little Rose et de la Baby Rose ont suivi peu de temps apr\u00e8s. La valeur estim\u00e9e du Premier Rose Diamond est aujourd&rsquo;hui de 14 millions de dollars.<\/p>\n\n\n\n<div style=\"height:50px\" aria-hidden=\"true\" class=\"wp-block-spacer\"><\/div>\n\n\n\n<h3 class=\"wp-block-heading\" id=\"8-la-collection-de-pierres-pr%C3%A9cieuses-historiques-de-la-soci%C3%A9t%C3%A9-mouawad\">La collection de pierres pr\u00e9cieuses historiques de la soci\u00e9t\u00e9 Mouawad<\/h3>\n\n\n\n<p>Au fil des ann\u00e9es, Mouawad a fait ses preuves en tant qu&rsquo;entreprise, elle est r\u00e9put\u00e9e pour l&rsquo;acquisition de diamants embl\u00e9matiques d&rsquo;une grande importance historique. Il s&rsquo;agit notamment du diamant Jubilee qui p\u00e8se 245,35 carats (valeur est. 4-12 millions de dollars), l&rsquo;\u00e9toile de Stanley Ho Grand Lisboa, Macao qui p\u00e8se 218,08 carats (valeur est. sup\u00e9rieure \u00e0 100 millions de dollars), le diamant Excelsior qui p\u00e8se 69,68 carats (valeur est. . valeur sup\u00e9rieure \u00e0 5 millions de dollars), le diamant Queen of Holland qui p\u00e8se 135,92 carats (valeur estim\u00e9e sup\u00e9rieure \u00e0 15 millions de dollars) et bien d&rsquo;autres.<\/p>\n\n\n\n<div style=\"height:60px\" aria-hidden=\"true\" class=\"wp-block-spacer\"><\/div>\n\n\n\n<h2 class=\"wp-block-heading\" id=\"9-les-caract%C3%A9ristiques-techniques-du-diamant-premier-rose\">Les caract\u00e9ristiques techniques du diamant Premier Rose<\/h2>\n\n\n\n<div style=\"height:50px\" aria-hidden=\"true\" class=\"wp-block-spacer\"><\/div>\n\n\n\n<h3 class=\"wp-block-heading\" id=\"10-les-grades-gia-du-premier-diamant-rose\">Les grades GIA du premier diamant rose<\/h3>\n\n\n\n<p>Le Premier Rose Diamond pesait 353,9 carats dans sa forme brute. La Big Rose, qui a conserv\u00e9 le nom homonyme a \u00e9t\u00e9 taill\u00e9e \u00e0 137,02 carats avec 189 facettes en forme de poire. Il mesure environ 43,40 sur 23,20 sur 18,93 mm. Le diamant est class\u00e9 FL par le Gemology Institute of America (GIA). Il s&rsquo;agit du niveau de puret\u00e9 le plus \u00e9lev\u00e9 attribu\u00e9 par le GIA et il est tr\u00e8s rarement attribu\u00e9. Le Premier Rose a \u00e9galement un grade de couleur D. Cela signifie que la gemme est compl\u00e8tement incolore. C&rsquo;est un diamant de type IIa. Ce sont des pierres qui contiennent des quantit\u00e9s ind\u00e9tectables d&rsquo;azote ou qui sont compl\u00e8tement d\u00e9pourvues d&rsquo;azote. Il n&rsquo;y a pas de d\u00e9formations plastiques sur ces gemmes, ce qui les rend parfaitement form\u00e9es.<\/p>\n\n\n\n<div style=\"height:50px\" aria-hidden=\"true\" class=\"wp-block-spacer\"><\/div>\n\n\n\n<h3 class=\"wp-block-heading\" id=\"11-la-raret%C3%A9-du-premier-diamant-rose\">La raret\u00e9 du premier diamant rose<\/h3>\n\n\n\n<p>Les diamants de type IIa sont structurellement parfaits et consid\u00e9r\u00e9s comme chimiquement purs. Tous ces facteurs contribuent \u00e0 leur incolore, ce qui les consid\u00e8re en retour comme la forme la plus pure de diamants. Ils repr\u00e9sentent environ 2% des diamants naturels. Des bijoux similaires pr\u00e9sentant de telles caract\u00e9ristiques sont le Cullinan Diamond, le Centenary Diamond et le Millenium Star Diamond. Le Premier Rose Diamond (The Big Rose) est le 11e plus gros diamant de couleur D au monde. Cependant, c&rsquo;est le 3e plus gros diamant de couleur D au monde qui a une forme de poire.<\/p>\n\n\n\n<div style=\"height:60px\" aria-hidden=\"true\" class=\"wp-block-spacer\"><\/div>\n\n\n\n<h2 class=\"wp-block-heading\" id=\"12-limportance-du-premier-premier-rose\">L&rsquo;importance du premier Premier Rose<\/h2>\n\n\n\n<p>Le Premier Rose Diamond \u00e9tait une autre d\u00e9couverte brillante pour Premier Mine. Ses caract\u00e9ristiques techniques en font une d\u00e9couverte tr\u00e8s rare. Il provient d&rsquo;une ligne de pierres pr\u00e9cieuses c\u00e9l\u00e8bres d\u00e9couvertes sur les lieux. Le diamant Cullinan (3 106,75 carats), bien s\u00fbr, mais aussi le diamant Niarchos (d\u00e9couvert en 1959, 128,25 carats, valeur estim\u00e9e \u00e0 plus de 19 millions de dollars) et le diamant Taylor-Burton (d\u00e9couvert en 1966, 68 carats, valeur estim\u00e9e \u00e0 3 millions de dollars). ). La pr\u00e9cision du travail effectu\u00e9 sur la Premier Rose Diamond Family est impressionnante. C&rsquo;est pourquoi ils se classent parmi les meilleurs diamants polis au monde. Ils sont devenus la pierre pr\u00e9cieuse par laquelle la qualit\u00e9 de la sym\u00e9trie et les proportions des gros diamants taille fantaisie sont d\u00e9termin\u00e9es. L&rsquo;histoire du Premier Rose Diamond est toujours en devenir. Esp\u00e9rons qu&rsquo;il sortira de l&rsquo;anonymat et redeviendra accessible au public.<\/p>\n\n\n\n<h4 class=\"wp-block-heading\" id=\"13-nous-esp%C3%A9rons-que-vous-avez-appr%C3%A9ci%C3%A9-la-lecture-\">Nous esp\u00e9rons que vous avez appr\u00e9ci\u00e9 la lecture !<\/h4>\n\n\n\n<p>Si vous souhaitez en savoir plus sur d\u2019autres diamants c\u00e9l\u00e8bres tels que les diamants&nbsp;<a href=\"https:\/\/ajediam.com\/fr\/histoire\/diamants-celebres\/le-diamant-orlov\/\">Orlov<\/a>,&nbsp;<a href=\"https:\/\/ajediam.com\/fr\/histoire\/diamants-celebres\/le-diamant-de-kimberley\/\">Kimberley&nbsp;<\/a>ou&nbsp;<a href=\"https:\/\/ajediam.com\/fr\/histoire\/diamants-celebres\/le-diamant-premier-rose\/\">Premier Rose<\/a>, vous pouvez consulter le&nbsp;<a href=\"https:\/\/ajediam.com\/fr\/histoire\/diamants-celebres\/\">glossaire des diamants c\u00e9l\u00e8bres d\u2019Ajediam<\/a>. Ou, si vous vous sentez inspir\u00e9, vous pouvez parcourir la boutique des collections de diamants de qualit\u00e9 sup\u00e9rieure d\u2019Ajediam.<\/p>\n","protected":false},"excerpt":{"rendered":"<p>Le plus jeune cousin du Cullinan Diamond Le Premier Rose Diamant est une d\u00e9couverte relativement r\u00e9cente dans le monde des pierres pr\u00e9cieuses. La magnifique pierre pr\u00e9cieuse provient des m\u00eames mines o\u00f9 le l\u00e9gendaire diamant Cullinan a \u00e9t\u00e9 d\u00e9terr\u00e9. Bien qu&rsquo;il ne soit pas proche de la taille du Cullinan, le Premier Rose Diamond pesait 353,9 [&hellip;]<\/p>\n","protected":false},"author":5,"featured_media":9526,"parent":10150,"menu_order":0,"comment_status":"closed","ping_status":"closed","template":"articllle-like-page.php","meta":{"ub_ctt_via":"","footnotes":""},"acf":[],"featured_image_src":"https:\/\/ajediam.com\/wp-content\/uploads\/2023\/04\/premier-rose-banner.jpg","_links":{"self":[{"href":"https:\/\/ajediam.com\/fr\/wp-json\/wp\/v2\/pages\/10254"}],"collection":[{"href":"https:\/\/ajediam.com\/fr\/wp-json\/wp\/v2\/pages"}],"about":[{"href":"https:\/\/ajediam.com\/fr\/wp-json\/wp\/v2\/types\/page"}],"author":[{"embeddable":true,"href":"https:\/\/ajediam.com\/fr\/wp-json\/wp\/v2\/users\/5"}],"replies":[{"embeddable":true,"href":"https:\/\/ajediam.com\/fr\/wp-json\/wp\/v2\/comments?post=10254"}],"version-history":[{"count":4,"href":"https:\/\/ajediam.com\/fr\/wp-json\/wp\/v2\/pages\/10254\/revisions"}],"predecessor-version":[{"id":12036,"href":"https:\/\/ajediam.com\/fr\/wp-json\/wp\/v2\/pages\/10254\/revisions\/12036"}],"up":[{"embeddable":true,"href":"https:\/\/ajediam.com\/fr\/wp-json\/wp\/v2\/pages\/10150"}],"wp:featuredmedia":[{"embeddable":true,"href":"https:\/\/ajediam.com\/fr\/wp-json\/wp\/v2\/media\/9526"}],"wp:attachment":[{"href":"https:\/\/ajediam.com\/fr\/wp-json\/wp\/v2\/media?parent=10254"}],"curies":[{"name":"wp","href":"https:\/\/api.w.org\/{rel}","templated":true}]}}