{"id":10257,"date":"2023-07-04T16:51:39","date_gmt":"2023-07-04T16:51:39","guid":{"rendered":"https:\/\/ajediam.com\/?page_id=10257"},"modified":"2024-01-10T18:45:48","modified_gmt":"2024-01-10T18:45:48","slug":"le-diamant-regent","status":"publish","type":"page","link":"https:\/\/ajediam.com\/fr\/histoire\/diamants-celebres\/le-diamant-regent\/","title":{"rendered":"Le diamant Regent"},"content":{"rendered":"\n<p class=\"itt\">Le diamant maudit dans le garde-\u00e9p\u00e9e de Napol\u00e9on<\/p>\n\n\n\n<p>Le diamant Regent r\u00e9side au Louvre depuis de nombreuses ann\u00e9es et faisait partie de la collection royale fran\u00e7aise. Et m\u00eame si quand on pense au R\u00e9gent, on pense \u00e0 la France, la pierre est originaire d&rsquo;Inde ! Il a une histoire longue et sanglante et certains disent qu&rsquo;une mal\u00e9diction a \u00e9t\u00e9 jet\u00e9e sur lui. Si vous souhaitez en savoir plus, lisez la suite et cet article vous montrera :<\/p>\n\n\n<div class=\"ub_table-of-contents\" data-showtext=\"show\" data-hidetext=\"hide\" data-scrolltype=\"auto\" id=\"ub_table-of-contents-0ed7b48c-c9fe-4f9a-849a-a08cfed49cb2\" data-initiallyhideonmobile=\"false\"\n                    data-initiallyshow=\"true\"><div class=\"ub_table-of-contents-header-container\"><div class=\"ub_table-of-contents-header\">\n                    <div class=\"ub_table-of-contents-title\">Table des Mati\u00e8res<\/div><\/div><\/div><div class=\"ub_table-of-contents-extra-container\"><div class=\"ub_table-of-contents-container ub_table-of-contents-1-column \"><ol><li><a href=https:\/\/ajediam.com\/fr\/histoire\/diamants-celebres\/le-diamant-regent\/#0-les-origines-du-diamant-regent>Les origines du diamant Regent<\/a><ol><li><a href=https:\/\/ajediam.com\/fr\/histoire\/diamants-celebres\/le-diamant-regent\/#1-la-l%C3%A9gende-du-d%C3%A9couvreur-assassin%C3%A9>La l\u00e9gende du d\u00e9couvreur assassin\u00e9<\/a><\/li><\/ol><\/li><li><a href=https:\/\/ajediam.com\/fr\/histoire\/diamants-celebres\/le-diamant-regent\/#2-la-coupe-du-diamant-regent>La coupe du diamant Regent<\/a><\/li><li><a href=https:\/\/ajediam.com\/fr\/histoire\/diamants-celebres\/le-diamant-regent\/#3-lhistoire-moderne-de-la-propri%C3%A9t%C3%A9-du-diamant-regent>L&rsquo;histoire moderne de la propri\u00e9t\u00e9 du diamant Regent<\/a><ol><li><a href=https:\/\/ajediam.com\/fr\/histoire\/diamants-celebres\/le-diamant-regent\/#4-thomas-diamond-pitt-gagne-son-surnom>Thomas \u00ab\u00a0Diamond\u00a0\u00bb Pitt gagne son surnom<\/a><\/li><li><a href=https:\/\/ajediam.com\/fr\/histoire\/diamants-celebres\/le-diamant-regent\/#5-le-regent-diamond-devient-un-regal-diamond>Le Regent Diamond devient un Regal Diamond<\/a><\/li><li><a href=https:\/\/ajediam.com\/fr\/histoire\/diamants-celebres\/le-diamant-regent\/#6-le-diamant-regent-est-vol%C3%A9-pendant-la-r%C3%A9volution-fran%C3%A7aise>Le diamant Regent est vol\u00e9 pendant la R\u00e9volution fran\u00e7aise<\/a><\/li><li><a href=https:\/\/ajediam.com\/fr\/histoire\/diamants-celebres\/le-diamant-regent\/#7-napol%C3%A9on-bonaparte-r%C3%A9cup%C3%A8re-le-diamant-regent>Napol\u00e9on Bonaparte r\u00e9cup\u00e8re le diamant Regent<\/a><\/li><li><a href=https:\/\/ajediam.com\/fr\/histoire\/diamants-celebres\/le-diamant-regent\/#8-le-sertissage-final-du-diamant-regent>Le sertissage final du diamant Regent<\/a><\/li><\/ol><\/li><li><a href=https:\/\/ajediam.com\/fr\/histoire\/diamants-celebres\/le-diamant-regent\/#9-les-caract%C3%A9ristiques-techniques-du-diamant-regent>Les caract\u00e9ristiques techniques du diamant Regent<\/a><\/li><li><a href=https:\/\/ajediam.com\/fr\/histoire\/diamants-celebres\/le-diamant-regent\/#10-limportance-du-diamant-regent>L&rsquo;importance du diamant Regent<\/a><ol><li><a href=https:\/\/ajediam.com\/fr\/histoire\/diamants-celebres\/le-diamant-regent\/#11-la-mal%C3%A9diction-du-diamant-r%C3%A9gent>La mal\u00e9diction du diamant R\u00e9gent<\/a><\/li><li><a href=https:\/\/ajediam.com\/fr\/histoire\/diamants-celebres\/le-diamant-regent\/#12-lh%C3%A9ritage-du-diamant-regent>L&rsquo;h\u00e9ritage du diamant Regent<\/a><\/li><\/ol><\/li><\/ol><\/div><\/div><\/div>\n\n\n<div style=\"height:60px\" aria-hidden=\"true\" class=\"wp-block-spacer\"><\/div>\n\n\n\n<h2 class=\"wp-block-heading\" id=\"0-les-origines-du-diamant-regent\">Les origines du diamant Regent<\/h2>\n\n\n\n<p>Le diamant Regent a \u00e9t\u00e9 d\u00e9couvert en 1698, dans les mines de Kollur en Inde et il pesait 426 carats ou 85,2 grammes dans sa forme brute. Naturellement, il a attir\u00e9 l&rsquo;attention de nombreux marchands indiens parmi les plus importants \u00e0 l&rsquo;\u00e9poque.<\/p>\n\n\n\n<div style=\"height:50px\" aria-hidden=\"true\" class=\"wp-block-spacer\"><\/div>\n\n\n\n<h3 class=\"wp-block-heading\" id=\"1-la-l%C3%A9gende-du-d%C3%A9couvreur-assassin%C3%A9\">La l\u00e9gende du d\u00e9couvreur assassin\u00e9<\/h3>\n\n\n\n<p>La l\u00e9gende raconte que la pierre a \u00e9t\u00e9 d\u00e9couverte par un esclave inconnu travaillant dans les mines. On dit que cet homme, esclave, avait une blessure \u00e0 la jambe dans laquelle il cachait le Regent. L&rsquo;histoire raconte que le serf s&rsquo;est enfui dans l&rsquo;espoir de trouver un passage s\u00fbr vers un autre endroit et de devenir finalement un homme libre.<\/p>\n\n\n\n<p>Il s&rsquo;est entretenu avec un capitaine de navire anglais et lui a montr\u00e9 le diamant. On lui a offert la moiti\u00e9 de la valeur de la pierre s&rsquo;il permettait \u00e0 ce serviteur fugitif de monter \u00e0 bord de son navire et de le faire sortir de l&rsquo;Inde clandestinement. Le capitaine a accept\u00e9 les conditions. Cependant, il s&rsquo;est av\u00e9r\u00e9 que cet homme \u00e9tait un peu un pirate, car il a fini par escroquer l&rsquo;esclave de toute sa valeur.<\/p>\n\n\n\n<p>Une fois que le capitaine du navire a eu le diamant en sa possession, l&rsquo;esclave a \u00e9t\u00e9 assassin\u00e9 et la pierre vol\u00e9e. Certains disent que le capitaine a gard\u00e9 la pierre, d&rsquo;autres affirment qu&rsquo;il a ensuite vendu le diamant Regent au c\u00e9l\u00e8bre marchand de diamants Jamchand. Quoi qu&rsquo;il en soit, quelques ann\u00e9es plus tard, la pierre s&rsquo;est retrouv\u00e9e entre les mains de Thomas Pitt, qui \u00e9tait le gouverneur de Fort St George en Inde.<\/p>\n\n\n\n<div style=\"height:60px\" aria-hidden=\"true\" class=\"wp-block-spacer\"><\/div>\n\n\n\n<div class=\"wp-block-columns is-layout-flex wp-container-core-columns-layout-1 wp-block-columns-is-layout-flex\">\n<div class=\"wp-block-column is-layout-flow wp-block-column-is-layout-flow\" style=\"flex-basis:33.33%\"><\/div>\n\n\n\n<div class=\"wp-block-column is-layout-flow wp-block-column-is-layout-flow\" style=\"flex-basis:66.66%\">\n<h2 class=\"wp-block-heading\" id=\"2-la-coupe-du-diamant-regent\">La coupe du diamant Regent<\/h2>\n<\/div>\n<\/div>\n\n\n\n<p>Thomas Pitt a envoy\u00e9 la gemme \u00e0 Londres pour \u00eatre taill\u00e9e, cach\u00e9e dans le talon de la chaussure de son fils. On ne sait pas grand-chose du tailleur de diamants qui a travaill\u00e9 sur le Regent Diamond, \u00e0 part son nom &#8211; Harris. N\u00e9anmoins, le travail de Harris parle de lui-m\u00eame &#8211; l&rsquo;homme a travaill\u00e9 sur la pierre pendant deux ans, produisant un superbe diamant taille coussin brillant de 141 carats. Plusieurs bijoux plus petits mais non moins beaux taill\u00e9s en rose ont \u00e9galement \u00e9t\u00e9 produits \u00e0 partir de la taille du r\u00e9gent et ont \u00e9t\u00e9 achet\u00e9s par Pierre le Grand de Russie.<\/p>\n\n\n\n<p>La coupe coussin a \u00e9t\u00e9 d\u00e9crite comme \u00e9tant presque ronde, en termes de forme. Le Regent Diamond est aussi \u00e9pais que large. Il est blanc et tr\u00e8s clair &#8211; il n&rsquo;a qu&rsquo;un seul d\u00e9faut qui n&rsquo;est perceptible que par des yeux exerc\u00e9s. Le diamant Regent est aujourd&rsquo;hui consid\u00e9r\u00e9 comme l&rsquo;une des pierres pr\u00e9cieuses les plus fines et les plus brillantes de cette taille. Il est souvent utilis\u00e9 \u00e0 titre de r\u00e9f\u00e9rence et comme \u00e9chelle comparative pour les diamants plus r\u00e9cents de la m\u00eame taille.<\/p>\n\n\n\n<div style=\"height:60px\" aria-hidden=\"true\" class=\"wp-block-spacer\"><\/div>\n\n\n\n<h2 class=\"wp-block-heading\" id=\"3-lhistoire-moderne-de-la-propri%C3%A9t%C3%A9-du-diamant-regent\">L&rsquo;histoire moderne de la propri\u00e9t\u00e9 du diamant Regent<\/h2>\n\n\n\n<p>Pendant des ann\u00e9es et des ann\u00e9es apr\u00e8s cela, le diamant a \u00e9t\u00e9 offert \u00e0 diff\u00e9rents membres de la royaut\u00e9 europ\u00e9enne. Pourtant, personne n&rsquo;en voulait ! Pour une pierre pr\u00e9cieuse avec une histoire aussi riche et un d\u00e9but sanglant, le fait qu&rsquo;elle n&rsquo;ait pas \u00e9t\u00e9 d\u00e9sir\u00e9e est \u00e9tonnant.<\/p>\n\n\n\n<div style=\"height:50px\" aria-hidden=\"true\" class=\"wp-block-spacer\"><\/div>\n\n\n\n<h3 class=\"wp-block-heading\" id=\"4-thomas-diamond-pitt-gagne-son-surnom\">Thomas \u00ab\u00a0Diamond\u00a0\u00bb Pitt gagne son surnom<\/h3>\n\n\n\n<p>It was offered up to people like Louis XIV, who was known for purchasing stones of a similar caliber, yet the possibility of an acquisition procured no interest from him. Eventually, Pitt struck gold when French Regent Philippe II, Duke of Orl\u00e9ans bought the diamond to add it to the French crown jewels. Allegedly, the stone was sold for around \u00a3135,000 (over 20 million nowadays). It was originally bought for around \u00a320,000. The amazing markup earned Thomas Pitt his nickname &#8211; Thomas \u2018Diamond Pitt, which in turn, made it so that the diamond became briefly known as the Pitt Diamond. Both names are forever intertwined in history.<\/p>\n\n\n\n<div style=\"height:50px\" aria-hidden=\"true\" class=\"wp-block-spacer\"><\/div>\n\n\n\n<h3 class=\"wp-block-heading\" id=\"5-le-regent-diamond-devient-un-regal-diamond\">Le Regent Diamond devient un Regal Diamond<\/h3>\n\n\n\n<p>Apr\u00e8s que Louis XIV a acquis le Regent Diamond, il est devenu un incontournable des joyaux de la couronne fran\u00e7aise. Il \u00e9tait connu sous le nom de \u00ab&nbsp;Le R\u00e9gent&nbsp;\u00bb et a \u00e9t\u00e9 transmis \u00e0 travers plusieurs g\u00e9n\u00e9rations de la royaut\u00e9 fran\u00e7aise. Louis XIV la sertit en couronne pour le sacre de Louis XV et quelques ann\u00e9es plus tard la gemme fut d\u00e9plac\u00e9e et sertie en couronne pour Louis XVI. Le diamant a ensuite \u00e9volu\u00e9 et a \u00e9t\u00e9 mis dans un chapeau pour Marie-Antoinette. Cependant, comme cela est tr\u00e8s visible avec le recul, les Fran\u00e7ais n&rsquo;\u00e9taient pas trop satisfaits du style de vie somptueux de Marie-Antoinette.<\/p>\n\n\n\n<div style=\"height:50px\" aria-hidden=\"true\" class=\"wp-block-spacer\"><\/div>\n\n\n\n<h3 class=\"wp-block-heading\" id=\"6-le-diamant-regent-est-vol%C3%A9-pendant-la-r%C3%A9volution-fran%C3%A7aise\">Le diamant Regent est vol\u00e9 pendant la R\u00e9volution fran\u00e7aise<\/h3>\n\n\n\n<p>La R\u00e9volution fran\u00e7aise a \u00e9clat\u00e9, modifiant le mode de vie en France pour de nombreuses g\u00e9n\u00e9rations \u00e0 venir. Pendant la guerre r\u00e9volutionnaire, de nombreux joyaux de la couronne ont \u00e9t\u00e9 pris. Les partisans de la R\u00e9volution ont pris d&rsquo;assaut le Tr\u00e9sor Royal (Garde Meuble) et ont vol\u00e9 presque tous les bijoux qu&rsquo;il contenait &#8211; Le Regent Diamond a \u00e9t\u00e9 pris, aux c\u00f4t\u00e9s du Sancy Diamond, du Royal French Blue Diamond et de nombreux autres tr\u00e9sors.<\/p>\n\n\n\n<p>Le diamant Sancy est apparu dans la collection d&rsquo;un oligarque russe nomm\u00e9 Vasily Rudanovsky des ann\u00e9es apr\u00e8s sa disparition. Le diamant bleu royal fran\u00e7ais n&rsquo;a jamais \u00e9t\u00e9 revu, bien que beaucoup de gens pensent qu&rsquo;il a \u00e9t\u00e9 recoup\u00e9 pour devenir le joyau que nous connaissons maintenant sous le nom de diamant Hope. La plupart des tr\u00e9sors qui ont \u00e9t\u00e9 emport\u00e9s ont \u00e9t\u00e9 r\u00e9cup\u00e9r\u00e9s, mais certaines pi\u00e8ces de la collection pr\u00e9-r\u00e9volutionnaire restent perdues dans l&rsquo;histoire. Le Regent Diamond \u00e9tait, heureusement, parmi ceux qui ont \u00e9t\u00e9 trouv\u00e9s. Le protagoniste de notre histoire n&rsquo;a jamais quitt\u00e9 la France et on dit que sa d\u00e9couverte \u00e9tait accidentelle. La r\u00e9surgence du r\u00e9gent se serait produite dans un grenier parisien abandonn\u00e9 apr\u00e8s avoir \u00e9t\u00e9 retrouv\u00e9 cach\u00e9 dans un trou sous certaines des planches qui composaient la pi\u00e8ce.<\/p>\n\n\n\n<div style=\"height:50px\" aria-hidden=\"true\" class=\"wp-block-spacer\"><\/div>\n\n\n\n<h3 class=\"wp-block-heading\" id=\"7-napol%C3%A9on-bonaparte-r%C3%A9cup%C3%A8re-le-diamant-regent\">Napol\u00e9on Bonaparte r\u00e9cup\u00e8re le diamant Regent<\/h3>\n\n\n\n<p>Le Regent Diamond a \u00e9t\u00e9 pass\u00e9 de main en main pendant quelques ann\u00e9es apr\u00e8s sa r\u00e9\u00e9mergence. Il a \u00e9t\u00e9 utilis\u00e9 \u00e0 plusieurs reprises comme garantie par le Directoire fran\u00e7ais. Les d\u00e9penses nationales augmentaient alors que le pays luttait pour sa d\u00e9mocratie. Le Consulat de France l&rsquo;utilisa plus tard pour financer ses d\u00e9penses militaires. Il a ensuite \u00e9t\u00e9 promis \u00e0 plusieurs personnes &#8211; notamment un entrepreneur berlinois appel\u00e9 Sigmund Otto Joseph von Treskow et un banquier n\u00e9erlandais bas\u00e9 \u00e0 Amsterdam du nom de Vandenberg. Le r\u00e9gent a vraiment aid\u00e9 le pays \u00e0 traverser cette p\u00e9riode difficile. Enfin, le c\u00e9l\u00e8bre diamant a \u00e9t\u00e9 r\u00e9cup\u00e9r\u00e9 par l&rsquo;un des plus grands hommes \u00e0 avoir ouvert la voie de l&rsquo;histoire &#8211; l&rsquo;inf\u00e2me Napol\u00e9on Bonaparte. Il a mis fin \u00e0 la forte circulation de la pierre. Bonaparte croyait que la pierre occupait une place particuli\u00e8re dans l&rsquo;histoire de France et voulait s&rsquo;assurer qu&rsquo;elle restait en possession du pays. L&rsquo;Empereur fit placer le R\u00e9gent dans sa garde d&rsquo;\u00e9p\u00e9e. Son \u00e9p\u00e9e \u00e9tait une \u0153uvre d&rsquo;art, con\u00e7ue par trois orf\u00e8vres &#8211; Marie-Etienne Nitot, Odiot et Boutet. Nitot est celui qui est g\u00e9n\u00e9ralement cr\u00e9dit\u00e9 de la conception de l&rsquo;\u00e9p\u00e9e \u00e0 double tranchant de Bonaparte o\u00f9 le r\u00e9gent a \u00e9t\u00e9 pr\u00e9sent\u00e9.<\/p>\n\n\n\n<div style=\"height:50px\" aria-hidden=\"true\" class=\"wp-block-spacer\"><\/div>\n\n\n\n<h3 class=\"wp-block-heading\" id=\"8-le-sertissage-final-du-diamant-regent\">Le sertissage final du diamant Regent<\/h3>\n\n\n\n<p>L&rsquo;archiduchesse Marie Louise d&rsquo;Autriche, seconde \u00e9pouse de Napol\u00e9on Bonaparte d\u00e9cide de sauver le r\u00e9gent apr\u00e8s l&rsquo;exil de son mari. Elle a ramen\u00e9 l&rsquo;impressionnant diamant en Autriche avec elle. Le p\u00e8re de Marie Louise, cependant, a d\u00e9cid\u00e9 que la pierre devait \u00eatre remise \u00e0 sa juste place. Il a organis\u00e9 le retour du r\u00e9gent dans les joyaux de la couronne fran\u00e7aise. Le diamant orne alors les couronnes de Louis XVIII, Charles X et Napol\u00e9on III. Sa derni\u00e8re place \u00e9tait dans un diad\u00e8me grec fait pour l&rsquo;imp\u00e9ratrice Eug\u00e9nie o\u00f9 il reste jusqu&rsquo;\u00e0 ce jour.<\/p>\n\n\n\n<div style=\"height:60px\" aria-hidden=\"true\" class=\"wp-block-spacer\"><\/div>\n\n\n\n<div class=\"wp-block-columns is-layout-flex wp-container-core-columns-layout-2 wp-block-columns-is-layout-flex\">\n<div class=\"wp-block-column is-layout-flow wp-block-column-is-layout-flow\" style=\"flex-basis:33.33%\"><\/div>\n\n\n\n<div class=\"wp-block-column is-layout-flow wp-block-column-is-layout-flow\" style=\"flex-basis:66.66%\">\n<h2 class=\"wp-block-heading\" id=\"9-les-caract%C3%A9ristiques-techniques-du-diamant-regent\">Les caract\u00e9ristiques techniques du diamant Regent<\/h2>\n<\/div>\n<\/div>\n\n\n\n<p>Le Regent Diamond pesait 426 carats (85,2 grammes) dans sa forme brute. Il a \u00e9t\u00e9 taill\u00e9 dans une pierre stellaire en forme de coussin de 140,64 carats. Le diamant est impeccable \u00e0 l&rsquo;int\u00e9rieur et n&rsquo;a qu&rsquo;un seul d\u00e9faut mineur. Cependant, sa couleur ne laisse rien \u00e0 d\u00e9sirer, avec le grade D incolore. Le Regent n&rsquo;a qu&rsquo;une teinte l\u00e9g\u00e8rement bleut\u00e9e, caract\u00e9ristique des gemmes des mines de Golconde. La teinte est caus\u00e9e par la fluorescence, qui est plus importante sous la lumi\u00e8re du jour. Les diamants de couleur D sont chimiquement purs, structurellement parfaits et tr\u00e8s rares. Le Regent est le septi\u00e8me plus gros diamant de ce grade de couleur au monde.<\/p>\n\n\n\n<div style=\"height:60px\" aria-hidden=\"true\" class=\"wp-block-spacer\"><\/div>\n\n\n\n<h2 class=\"wp-block-heading\" id=\"10-limportance-du-diamant-regent\">L&rsquo;importance du diamant Regent<\/h2>\n\n\n\n<p>Comme nous l&rsquo;avons vu, le Regent Diamond a travers\u00e9 de nombreux propri\u00e9taires jusqu&rsquo;\u00e0 ce qu&rsquo;il fasse son entr\u00e9e dans la collection royale fran\u00e7aise, o\u00f9 il est rest\u00e9 pendant la majeure partie de son existence. Au sein de la collection, la pierre a servi \u00e0 orner les couronnes de nombreux rois fran\u00e7ais et les bijoux de nombreuses femmes royales fran\u00e7aises. Cependant, la plupart des propri\u00e9taires du Regent ont \u00e9t\u00e9 menac\u00e9s et beaucoup d&rsquo;entre eux sont morts de mort horrible, c&rsquo;est pourquoi certains disent que le diamant est maudit.<\/p>\n\n\n\n<div style=\"height:50px\" aria-hidden=\"true\" class=\"wp-block-spacer\"><\/div>\n\n\n\n<h3 class=\"wp-block-heading\" id=\"11-la-mal%C3%A9diction-du-diamant-r%C3%A9gent\">La mal\u00e9diction du diamant R\u00e9gent<\/h3>\n\n\n\n<p>Premi\u00e8rement, l&rsquo;esclave indien qui a pris le diamant a \u00e9t\u00e9 tromp\u00e9 et tu\u00e9. De plus, Thomas Pitt, qui \u00e9tait le plus suppos\u00e9 \u00eatre le capitaine anglais de la l\u00e9gende, savait qu&rsquo;il \u00e9tait constamment surveill\u00e9 par des yeux m\u00e9chants pendant ses ann\u00e9es de d\u00e9tention de la pierre. Bien qu&rsquo;il ne soit pas mort \u00e0 cause de sa possession de la pierre, la r\u00e9putation de sa famille a \u00e9t\u00e9 ternie pour les g\u00e9n\u00e9rations \u00e0 venir. Il est juste de dire que d\u00e9shonorer et souiller le nom de famille pourrait \u00eatre pire que la mort pour certains.<\/p>\n\n\n\n<p>Louis XVI et Marie-Antoinette ont \u00e9t\u00e9 d\u00e9capit\u00e9s pendant la R\u00e9volution fran\u00e7aise. Apr\u00e8s leur disparition, Louis XVIII fut exil\u00e9 deux fois et mourut sans successeurs. Charles X est contraint d&rsquo;abdiquer son tr\u00f4ne et finit par contracter le chol\u00e9ra qui lui vaut une mort longue et douloureuse. Enfin, Napol\u00e9on Bonaparte est mort en exil, hant\u00e9 par les souvenirs de sa vie. C&rsquo;est donc cette tra\u00een\u00e9e d&rsquo;\u00e9v\u00e9nements malheureux qui peut amener certains \u00e0 dire que le diamant est maudit.<\/p>\n\n\n\n<div style=\"height:50px\" aria-hidden=\"true\" class=\"wp-block-spacer\"><\/div>\n\n\n\n<h3 class=\"wp-block-heading\" id=\"12-lh%C3%A9ritage-du-diamant-regent\">L&rsquo;h\u00e9ritage du diamant Regent<\/h3>\n\n\n\n<p>Le Regent Diamond a une grande importance historique. C&rsquo;est particuli\u00e8rement important pour le peuple fran\u00e7ais. C&rsquo;est pourquoi le R\u00e9gent, ainsi que d&rsquo;autres joyaux de la couronne fran\u00e7aise, est expos\u00e9 au Louvre, o\u00f9 il peut \u00eatre vu dans la Galerie d&rsquo;Apollon. La seule fois o\u00f9 il a \u00e9t\u00e9 d\u00e9plac\u00e9, c&rsquo;\u00e9tait pendant la Seconde Guerre mondiale pour sa protection.<\/p>\n\n\n\n<h4 class=\"wp-block-heading\" id=\"13-nous-esp%C3%A9rons-que-vous-avez-appr%C3%A9ci%C3%A9-la-lecture-\">Nous esp\u00e9rons que vous avez appr\u00e9ci\u00e9 la lecture !<\/h4>\n\n\n\n<p>Si vous souhaitez en savoir plus sur d\u2019autres diamants c\u00e9l\u00e8bres tels que les diamants&nbsp;<a href=\"https:\/\/ajediam.com\/fr\/histoire\/diamants-celebres\/le-diamant-orlov\/\">Orlov<\/a>,&nbsp;<a href=\"https:\/\/ajediam.com\/fr\/histoire\/diamants-celebres\/le-diamant-de-kimberley\/\">Kimberley&nbsp;<\/a>ou&nbsp;<a href=\"https:\/\/ajediam.com\/fr\/histoire\/diamants-celebres\/le-diamant-premier-rose\/\">Premier Rose<\/a>, vous pouvez consulter le&nbsp;<a href=\"https:\/\/ajediam.com\/fr\/histoire\/diamants-celebres\/\">glossaire des diamants c\u00e9l\u00e8bres d\u2019Ajediam<\/a>. Ou, si vous vous sentez inspir\u00e9, vous pouvez parcourir la boutique des collections de diamants de qualit\u00e9 sup\u00e9rieure d\u2019Ajediam.<\/p>\n","protected":false},"excerpt":{"rendered":"<p>Le diamant maudit dans le garde-\u00e9p\u00e9e de Napol\u00e9on Le diamant Regent r\u00e9side au Louvre depuis de nombreuses ann\u00e9es et faisait partie de la collection royale fran\u00e7aise. Et m\u00eame si quand on pense au R\u00e9gent, on pense \u00e0 la France, la pierre est originaire d&rsquo;Inde ! Il a une histoire longue et sanglante et certains disent [&hellip;]<\/p>\n","protected":false},"author":5,"featured_media":9527,"parent":10150,"menu_order":0,"comment_status":"closed","ping_status":"closed","template":"articllle-like-page.php","meta":{"ub_ctt_via":"","footnotes":""},"acf":[],"featured_image_src":"https:\/\/ajediam.com\/wp-content\/uploads\/2023\/04\/RegentDiamond_IMG_7x2.png","_links":{"self":[{"href":"https:\/\/ajediam.com\/fr\/wp-json\/wp\/v2\/pages\/10257"}],"collection":[{"href":"https:\/\/ajediam.com\/fr\/wp-json\/wp\/v2\/pages"}],"about":[{"href":"https:\/\/ajediam.com\/fr\/wp-json\/wp\/v2\/types\/page"}],"author":[{"embeddable":true,"href":"https:\/\/ajediam.com\/fr\/wp-json\/wp\/v2\/users\/5"}],"replies":[{"embeddable":true,"href":"https:\/\/ajediam.com\/fr\/wp-json\/wp\/v2\/comments?post=10257"}],"version-history":[{"count":10,"href":"https:\/\/ajediam.com\/fr\/wp-json\/wp\/v2\/pages\/10257\/revisions"}],"predecessor-version":[{"id":12032,"href":"https:\/\/ajediam.com\/fr\/wp-json\/wp\/v2\/pages\/10257\/revisions\/12032"}],"up":[{"embeddable":true,"href":"https:\/\/ajediam.com\/fr\/wp-json\/wp\/v2\/pages\/10150"}],"wp:featuredmedia":[{"embeddable":true,"href":"https:\/\/ajediam.com\/fr\/wp-json\/wp\/v2\/media\/9527"}],"wp:attachment":[{"href":"https:\/\/ajediam.com\/fr\/wp-json\/wp\/v2\/media?parent=10257"}],"curies":[{"name":"wp","href":"https:\/\/api.w.org\/{rel}","templated":true}]}}