{"id":10259,"date":"2023-07-04T18:36:07","date_gmt":"2023-07-04T18:36:07","guid":{"rendered":"https:\/\/ajediam.com\/?page_id=10259"},"modified":"2024-01-10T18:43:43","modified_gmt":"2024-01-10T18:43:43","slug":"le-diamant-du-sancy","status":"publish","type":"page","link":"https:\/\/ajediam.com\/fr\/histoire\/diamants-celebres\/le-diamant-du-sancy\/","title":{"rendered":"Le Diamant du Sancy"},"content":{"rendered":"\n<p class=\"itt\">Le Joyau Maudit de la Couronne Fran\u00e7aise<\/p>\n\n\n\n<p>On pense que le diamant du Sancy a commenc\u00e9 comme le l\u00e9gendaire Balle de Flandres &#8211; un diamant historique qui pesait environ 100 carats ! Le Sancy a \u00e9t\u00e9 retrac\u00e9 \u00e0 travers l&rsquo;histoire pendant environ 500 ans au cours desquels il a travers\u00e9 de nombreuses mains et plus de 15 pays. De nombreuses l\u00e9gendes y sont associ\u00e9es, telles que la pierre maudite et la gemme rendant son propri\u00e9taire invincible. Il a m\u00eame \u00e9t\u00e9 aval\u00e9 par un serviteur \u00e0 un moment donn\u00e9. Lisez la suite pour en savoir plus sur le parcours du diamant du Sancy !<\/p>\n\n\n\n<p>Dans cet article vous trouverez :<\/p>\n\n\n<div class=\"ub_table-of-contents\" data-showtext=\"show\" data-hidetext=\"hide\" data-scrolltype=\"auto\" id=\"ub_table-of-contents-ce269599-bb89-4a3b-b8eb-f13880261c3c\" data-initiallyhideonmobile=\"false\"\n                    data-initiallyshow=\"true\"><div class=\"ub_table-of-contents-header-container\"><div class=\"ub_table-of-contents-header\">\n                    <div class=\"ub_table-of-contents-title\">Table des Mati\u00e8res<\/div><\/div><\/div><div class=\"ub_table-of-contents-extra-container\"><div class=\"ub_table-of-contents-container ub_table-of-contents-1-column \"><ol><li><a href=https:\/\/ajediam.com\/fr\/histoire\/diamants-celebres\/le-diamant-du-sancy\/#0-les-origines-du-diamant-du-sancy>Les origines du Diamant du Sancy<\/a><ol><li><a href=https:\/\/ajediam.com\/fr\/histoire\/diamants-celebres\/le-diamant-du-sancy\/#1-valentina-visconti->Valentina Visconti&nbsp;<\/a><\/li><li><a href=https:\/\/ajediam.com\/fr\/histoire\/diamants-celebres\/le-diamant-du-sancy\/#2-les-bourguignons-sortent-vainqueurs>Les Bourguignons sortent vainqueurs<\/a><\/li><\/ol><\/li><li><a href=https:\/\/ajediam.com\/fr\/histoire\/diamants-celebres\/le-diamant-du-sancy\/#3-la-taille-du-diamant-du-sancy>La taille du Diamant du Sancy<\/a><\/li><li><a href=https:\/\/ajediam.com\/fr\/histoire\/diamants-celebres\/le-diamant-du-sancy\/#4-lhistoire-moderne-de-la-propri%C3%A9t%C3%A9-du-diamant-du-sancy>L&rsquo;histoire moderne de la propri\u00e9t\u00e9 du diamant du Sancy<\/a><ol><li><a href=https:\/\/ajediam.com\/fr\/histoire\/diamants-celebres\/le-diamant-du-sancy\/#5-le-sancy-est-acquis-par-lempire-britannique>Le Sancy est acquis par l&rsquo;Empire britannique<\/a><\/li><li><a href=https:\/\/ajediam.com\/fr\/histoire\/diamants-celebres\/le-diamant-du-sancy\/#6-le-sancy-m%C3%A9rite-son-nom>Le Sancy m\u00e9rite son nom<\/a><\/li><li><a href=https:\/\/ajediam.com\/fr\/histoire\/diamants-celebres\/le-diamant-du-sancy\/#7-myst%C3%A8re-du-meurtre-on-pensait-que-le-sancy-avait-disparu-%C3%A0-jamais>Myst\u00e8re du meurtre : on pensait que le Sancy avait disparu \u00e0 jamais<\/a><\/li><li><a href=https:\/\/ajediam.com\/fr\/histoire\/diamants-celebres\/le-diamant-du-sancy\/#8-de-sancy-vend-la-pierre>De Sancy vend la pierre<\/a><\/li><li><a href=https:\/\/ajediam.com\/fr\/histoire\/diamants-celebres\/le-diamant-du-sancy\/#9-le-diamant-sancy-devient-partie-des-joyaux-de-la-couronne-fran%C3%A7aise>Le diamant Sancy devient partie des joyaux de la Couronne fran\u00e7aise<\/a><\/li><\/ol><\/li><li><a href=https:\/\/ajediam.com\/fr\/histoire\/diamants-celebres\/le-diamant-du-sancy\/#10-les-caract%C3%A9ristiques-techniques-du-sancy-diamant>Les caract\u00e9ristiques techniques du Sancy Diamant<\/a><\/li><li><a href=https:\/\/ajediam.com\/fr\/histoire\/diamants-celebres\/le-diamant-du-sancy\/#11-limportance-du-diamant-du-sancy>L&rsquo;importance du Diamant du Sancy<\/a><ol><li><a href=https:\/\/ajediam.com\/fr\/histoire\/diamants-celebres\/le-diamant-du-sancy\/#12-le-sancy-fait-partie-du-patrimoine-culturel-fran%C3%A7ais-au-louvre>Le Sancy fait partie du patrimoine culturel fran\u00e7ais au Louvre<\/a><\/li><\/ol><\/li><\/ol><\/div><\/div><\/div>\n\n\n<div style=\"height:59px\" aria-hidden=\"true\" class=\"wp-block-spacer\"><\/div>\n\n\n\n<h2 class=\"wp-block-heading\" id=\"0-les-origines-du-diamant-du-sancy\">Les origines du Diamant du Sancy<\/h2>\n\n\n\n<p>On pense que la pierre est originaire de l&rsquo;Inde vers le 14\u00e8me si\u00e8cle. \u00c0 cette \u00e9poque, l&rsquo;Inde \u00e9tait le seul endroit o\u00f9 l&rsquo;on trouvait des diamants. De plus, les caract\u00e9ristiques du diamant soutiennent l&rsquo;hypoth\u00e8se que l&rsquo;Inde est la provenance du diamant.<\/p>\n\n\n\n<div style=\"height:50px\" aria-hidden=\"true\" class=\"wp-block-spacer\"><\/div>\n\n\n\n<h3 class=\"wp-block-heading\" id=\"1-valentina-visconti-\">Valentina Visconti&nbsp;<\/h3>\n\n\n\n<p>La l\u00e9gende raconte qu&rsquo;un tailleur de diamants v\u00e9nitien a fait sortir clandestinement la pierre d&rsquo;origine (suppos\u00e9e \u00eatre la Balle de Flandres) de l&rsquo;Inde. Le premier enregistrement de la gemme en Europe se trouve dans le registre de la dot d&rsquo;une dame nomm\u00e9e Valentina Visconti. Visconti \u00e9tait la fille du duc de Milan. Elle a \u00e9pous\u00e9 Louis Ier, duc d&rsquo;Orl\u00e9ans dont le fr\u00e8re \u00e9tait le roi Charles VI de France. Le mari de Visconti a \u00e9t\u00e9 tu\u00e9 par les Bourguignons, et apr\u00e8s sa mort, elle a vendu le Sancy Diamond et a utilis\u00e9 l&rsquo;argent pour financer la lutte entre l&rsquo;Armagnac et les Bourguignons.<\/p>\n\n\n\n<p>Ce conflit est devenu connu sous le nom de guerre civile Armagnac-Bourgogne, o\u00f9 deux factions de la famille royale fran\u00e7aise se sont battues pour la supr\u00e9matie. Apr\u00e8s la d\u00e9faite de l&rsquo;Armagnac, le diamant revint au duc Jean sans Peur (1371 &#8211; 1419), sous la garde duquel il resta pendant plusieurs g\u00e9n\u00e9rations.<\/p>\n\n\n\n<div style=\"height:50px\" aria-hidden=\"true\" class=\"wp-block-spacer\"><\/div>\n\n\n\n<h3 class=\"wp-block-heading\" id=\"2-les-bourguignons-sortent-vainqueurs\">Les Bourguignons sortent vainqueurs<\/h3>\n\n\n\n<p>A l&rsquo;\u00e9poque o\u00f9 il \u00e9tait gard\u00e9 par Charles le T\u00e9m\u00e9raire, roi des Bourguignons, le Diamant du Sancy \u00e9tait un symbole de victoire. Les ducs de Bourgogne la croyaient poss\u00e9der de grands pouvoirs. La pierre pr\u00e9cieuse portait chance \u00e0 tous ceux qui la portaient et les rendait pr\u00e9tendument invincibles. Les ducs le portaient toujours comme un talisman au combat et en revenaient victorieux &#8211; c&rsquo;est-\u00e0-dire jusqu&rsquo;\u00e0 la bataille de Grandson en 1476. Charles le T\u00e9m\u00e9raire perdit le Sancy au cours de cette bataille qui sembla justifier le malheur qui le tourmenta par la suite. Il perdrait les deux prochaines batailles contre les Suisses.<\/p>\n\n\n\n<p>Si le Sancy a \u00e9t\u00e9 perdu pour les Bourguignons, il n&rsquo;a pas \u00e9t\u00e9 perdu pour l&rsquo;histoire &#8211; l&rsquo;\u00e9v\u00eaque de B\u00e2le a cach\u00e9 le joyau aux c\u00f4t\u00e9s des Trois Fr\u00e8res &#8211; un autre joyau c\u00e9l\u00e8bre. Quelques ann\u00e9es plus tard, la gemme a \u00e9t\u00e9 vendue \u00e0 Jacob Fugger, un important marchand allemand, entrepreneur minier et banquier.<\/p>\n\n\n\n<div style=\"height:59px\" aria-hidden=\"true\" class=\"wp-block-spacer\"><\/div>\n\n\n\n<h2 class=\"wp-block-heading\" id=\"3-la-taille-du-diamant-du-sancy\">La taille du Diamant du Sancy<\/h2>\n\n\n\n<p>Fugger a fait tailler le Sancy en un diamant de 55,23 carats, soit le poids que nous savons que le diamant a actuellement. Le Sancy a \u00e9t\u00e9 modifi\u00e9 et coup\u00e9 en une coupe brillante qui ressemblait \u00e0 une forme de bouclier. Les dimensions de la gemme \u00e9taient de 25,7 mm de long, 20,06 mm de large et 14,3 mm de profondeur. Le diamant inhabituel se distinguait \u00e9galement par ses facettes sym\u00e9triques et son absence de pavillon, avec deux couronnes plac\u00e9es l&rsquo;une sur l&rsquo;autre.<\/p>\n\n\n\n<div style=\"height:59px\" aria-hidden=\"true\" class=\"wp-block-spacer\"><\/div>\n\n\n\n<h2 class=\"wp-block-heading\" id=\"4-lhistoire-moderne-de-la-propri%C3%A9t%C3%A9-du-diamant-du-sancy\">L&rsquo;histoire moderne de la propri\u00e9t\u00e9 du diamant du Sancy<\/h2>\n\n\n\n<p>Avance rapide de quelques \u00e2ges, le diamant a finalement trouv\u00e9 son chemin vers le roi Manuel Ier du Portugal, \u00e9galement connu sous le nom de roi Manuel le Fortun\u00e9. Apr\u00e8s sa mort, le diamant fait partie des joyaux de la couronne portugaise. Le diamant du Sancy est rest\u00e9 parmi les joyaux de la couronne jusqu&rsquo;\u00e0 ce que le droit au tr\u00f4ne d&rsquo;Antonio de Crato soit menac\u00e9 par l&rsquo;invasion espagnole.<\/p>\n\n\n\n<div style=\"height:50px\" aria-hidden=\"true\" class=\"wp-block-spacer\"><\/div>\n\n\n\n<h3 class=\"wp-block-heading\" id=\"5-le-sancy-est-acquis-par-lempire-britannique\">Le Sancy est acquis par l&rsquo;Empire britannique<\/h3>\n\n\n\n<p>De Crato s&rsquo;est \u00e9chapp\u00e9 en France avec la plupart des joyaux de la couronne portugaise dans l&rsquo;intention d&rsquo;obtenir l&rsquo;aide des Fran\u00e7ais et des Britanniques pour regagner son tr\u00f4ne en vendant la plupart des bijoux en sa possession.<\/p>\n\n\n\n<p>C&rsquo;est ainsi que le Sancy s&rsquo;est retrouv\u00e9 entre les mains de la Couronne britannique et plus pr\u00e9cis\u00e9ment de la reine Elizabeth I. La reine a mis en gage le joyau quelque temps apr\u00e8s pour obtenir des fonds pour aider \u00e0 lib\u00e9rer les N\u00e9erlandais des Espagnols. Le Sancy a \u00e9t\u00e9 mis en gage \u00e0 Anvers mais comme il n&rsquo;a pas \u00e9t\u00e9 rachet\u00e9, il a trouv\u00e9 son chemin vers Amsterdam, la capitale historique du diamant du monde.<\/p>\n\n\n\n<div style=\"height:50px\" aria-hidden=\"true\" class=\"wp-block-spacer\"><\/div>\n\n\n\n<h3 class=\"wp-block-heading\" id=\"6-le-sancy-m%C3%A9rite-son-nom\">Le Sancy m\u00e9rite son nom<\/h3>\n\n\n\n<p>A Amsterdam, elle fut acquise par un gentilhomme du nom de Nicolas de Harlay, seigneur de Sancy. De Sancy \u00e9tait tr\u00e8s appr\u00e9ci\u00e9 \u00e0 la cour de France et devint plus tard l&rsquo;ambassadeur de France aupr\u00e8s de l&rsquo;Empire ottoman. Une autre th\u00e9orie soutient qu&rsquo;il a achet\u00e9 le diamant alors qu&rsquo;il \u00e9tait ambassadeur \u00e0 Constantinople. Cependant, la fa\u00e7on dont le diamant Sancy a trouv\u00e9 son chemin vers la ville ottomane en premier lieu n&rsquo;est pas claire. Sancy \u00e9tait un diplomate et un amoureux des pierres pr\u00e9cieuses et on savait qu&rsquo;il en conservait une grande collection.<\/p>\n\n\n\n<p>De Sancy a fait bon usage de sa collection de diamants. L&rsquo;utilisation des diamants dans la mode devenait de plus en plus populaire \u00e0 l&rsquo;\u00e9poque, avec cette demande plus \u00e9lev\u00e9e, De Sancy a capitalis\u00e9 en pr\u00eatant ses diamants \u00e0 d&rsquo;autres aristocrates. Henri III de France a emprunt\u00e9 la gemme \u00e0 De Sancy et l&rsquo;a utilis\u00e9e pour d\u00e9corer son chapeau. Henri III serait devenu chauve au d\u00e9but de sa vie et aurait cherch\u00e9 \u00e0 dissimuler cela en portant un chapeau. Cela signifie que la pierre \u00e9tait effectivement une toupe tr\u00e8s chic pendant un certain temps.<\/p>\n\n\n\n<p>Henri IV s&rsquo;est \u00e9galement arrang\u00e9 pour emprunter le diamant \u00e0 de Sancy. Cependant, il \u00e9tait moins pr\u00e9occup\u00e9 par son apparence et beaucoup plus pr\u00e9occup\u00e9 par le financement d&rsquo;une arm\u00e9e. La pierre servait de garantie. Ainsi, il est juste de dire que pendant que le Sancy Diamond \u00e9tait encore en possession de de Sancy, il \u00e9tait soumis \u00e0 une forte circulation.<\/p>\n\n\n\n<div style=\"height:50px\" aria-hidden=\"true\" class=\"wp-block-spacer\"><\/div>\n\n\n\n<h3 class=\"wp-block-heading\" id=\"7-myst%C3%A8re-du-meurtre-on-pensait-que-le-sancy-avait-disparu-%C3%A0-jamais\">Myst\u00e8re du meurtre : on pensait que le Sancy avait disparu \u00e0 jamais<\/h3>\n\n\n\n<p>En plein tumulte, il y eut notamment une occasion o\u00f9 l&rsquo;on pensait que la pierre avait disparu \u00e0 jamais. Le diamant fut confi\u00e9 \u00e0 un messager qui disparut. La plupart des gens pensaient que l&rsquo;homme avait vol\u00e9 le diamant, mais de Sancy \u00e9tait convaincu de l&rsquo;int\u00e9grit\u00e9 de l&rsquo;homme et croyait qu&rsquo;il y avait quelque chose qui clochait. Une enqu\u00eate fut men\u00e9e. L&rsquo;enqu\u00eate aboutit \u00e0 la d\u00e9couverte du coursier, mort et d\u00e9pouill\u00e9. Lorsque le corps fut examin\u00e9, le diamant Sancy fut retrouv\u00e9 dans l&rsquo;estomac de l&rsquo;homme. Ainsi, de mani\u00e8re choquante pour ceux qui doutaient de son int\u00e9grit\u00e9, le messager resta fid\u00e8le jusqu&rsquo;au bout et t\u00e9moigna d&rsquo;une loyaut\u00e9 f\u00e9roce envers Sancy en prot\u00e9geant la gemme qui lui avait \u00e9t\u00e9 confi\u00e9e au p\u00e9ril de sa vie.<\/p>\n\n\n\n<div style=\"height:50px\" aria-hidden=\"true\" class=\"wp-block-spacer\"><\/div>\n\n\n\n<h3 class=\"wp-block-heading\" id=\"8-de-sancy-vend-la-pierre\">De Sancy vend la pierre<\/h3>\n\n\n\n<p>Plus tard, de Sancy rencontra des difficult\u00e9s financi\u00e8res qui le forc\u00e8rent \u00e0 vendre la pierre. C&rsquo;est ainsi qu&rsquo;elle se retrouva entre les mains du roi Jacques Ier. C&rsquo;est \u00e0 ce moment-l\u00e0 que la gemme commen\u00e7a \u00e0 \u00eatre appel\u00e9e le diamant Sancy. La pierre pr\u00e9cieuse fut h\u00e9rit\u00e9e par son fils Charles Ier qui la pr\u00e9senta \u00e0 sa femme, Henriette-Marie, en cadeau de mariage. On sait qu&rsquo;Henriette-Marie a mis en gage le diamant Sancy ainsi que d&rsquo;autres joyaux de la cour \u00e0 deux reprises. La premi\u00e8re fois, pour financer les efforts militaires de son mari contre les Fran\u00e7ais et les Espagnols, et la deuxi\u00e8me fois pour se pr\u00e9parer \u00e0 une possible campagne militaire alors que son mari, le roi Charles Ier, \u00e9tait constamment assi\u00e9g\u00e9 par son Parlement. Apr\u00e8s avoir subi plusieurs d\u00e9faites, le roi vendit le diamant Sancy au cardinal Mazarin, le Premier ministre de France qui, apr\u00e8s sa mort, l\u00e9gua le diamant au roi de France.<\/p>\n\n\n\n<div style=\"height:50px\" aria-hidden=\"true\" class=\"wp-block-spacer\"><\/div>\n\n\n\n<h3 class=\"wp-block-heading\" id=\"9-le-diamant-sancy-devient-partie-des-joyaux-de-la-couronne-fran%C3%A7aise\">Le diamant Sancy devient partie des joyaux de la Couronne fran\u00e7aise<\/h3>\n\n\n\n<p>Apr\u00e8s la mort du cardinal Mazarin, le diamant S\n\nancy est rest\u00e9 partie des joyaux de la Couronne fran\u00e7aise jusqu&rsquo;\u00e0 la R\u00e9volution fran\u00e7aise. Lors d&rsquo;un raid sur le Tr\u00e9sor royal, le Sancy fut vol\u00e9 aux c\u00f4t\u00e9s du diamant Regent et du diamant Hope. Le diamant disparut alors pendant un certain temps, et il existe des th\u00e9ories contradictoires sur l&rsquo;endroit o\u00f9 il se trouvait.<\/p>\n\n\n\n<p>Tout le monde sait qu&rsquo;en 1828, le Sancy fut achet\u00e9 par le prince Demidov de Russie. Il le transmit \u00e0 son fils qui le donna \u00e0 sa femme en cadeau lors de leur nuit de noces. Les Demidovs finirent par vendre le diamant \u00e0 Sir Jamsetjee Jeejeebhoy, un prince marchand indien. Cependant, celui-ci revendit le diamant Sancy seulement un an plus tard, et la pierre disparut une fois de plus. Elle refit surface en 1867 \u00e0 l&rsquo;Exposition de Paris, puis passa par une autre p\u00e9riode inconnue.<\/p>\n\n\n\n<p>Le diamant Sancy r\u00e9apparut en 1906 lorsqu&rsquo;il fut achet\u00e9 par William Waldorf Astor, le 1er vicomte Astor. La pierre resta avec les Astor jusqu&rsquo;au 4e vicomte Astor, qui vendit le Sancy au Louvre pour 1 million d&rsquo;euros en 1978, o\u00f9 le diamant se trouve encore aujourd&rsquo;hui.<\/p>\n\n\n\n<div style=\"height:59px\" aria-hidden=\"true\" class=\"wp-block-spacer\"><\/div>\n\n\n\n<h2 class=\"wp-block-heading\" id=\"10-les-caract%C3%A9ristiques-techniques-du-sancy-diamant\">Les caract\u00e9ristiques techniques du Sancy Diamant<\/h2>\n\n\n\n<p>Le diamant Sancy est un diamant taille brillant en forme de bouclier. Il p\u00e8se 55,23 carats ou 11 046 grammes. Les dimensions de la pierre sont de 25,7 mm de longueur, 20,06 mm de largeur et 14,3 mm de profondeur. La plupart de ses facettes sont triangulaires, avec une facette pentagonale centrale de chaque c\u00f4t\u00e9. La forme du diamant est si unique qu&rsquo;il \u00e9tait impossible de comparer la couleur de la pierre \u00e0 une pierre de couleur. Son aspect g\u00e9n\u00e9ral sugg\u00e8re une bonne couleur, ainsi qu&rsquo;une clart\u00e9 raisonnablement nette. Cependant, il y a un petit d\u00e9faut pr\u00e8s de la surface qui est r\u00e9p\u00e9t\u00e9 par la r\u00e9flexion de la lumi\u00e8re dans les facettes. Il y a des rayures visibles sur les facettes pentagonales. Dans l&rsquo;ensemble, il n&rsquo;y a pas de notes officielles pour sa couleur et sa clart\u00e9.<\/p>\n\n\n\n<div style=\"height:59px\" aria-hidden=\"true\" class=\"wp-block-spacer\"><\/div>\n\n\n\n<h2 class=\"wp-block-heading\" id=\"11-limportance-du-diamant-du-sancy\">L&rsquo;importance du Diamant du Sancy<\/h2>\n\n\n\n<p>Le Diamant du Sancy est l&rsquo;un des plus importants joyaux de valeur historique appartenant \u00e0 la section Galerie d&rsquo;Apollon du Mus\u00e9e du Louvre. Ayant appartenu \u00e0 de nombreux monarques, le Sancy a aid\u00e9 \u00e0 financer les modes de vie somptueux et les efforts militaires de la famille royale pendant des ann\u00e9es. Le Sancy faisait partie des joyaux de la couronne fran\u00e7aise pendant la R\u00e9volution fran\u00e7aise &#8211; un moment charni\u00e8re de l&rsquo;histoire moderne. Certains des bijoux vol\u00e9s ont \u00e9t\u00e9 utilis\u00e9s pour financer la r\u00e9volution, d&rsquo;autres ont \u00e9t\u00e9 cach\u00e9s dans des appartements secrets \u00e0 travers le pays. Bien que le Diamant du Sancy n&rsquo;ait pas toujours \u00e9t\u00e9 en possession des Fran\u00e7ais ; il repr\u00e9sente une grande partie de leur culture et de leur progressivit\u00e9. L&rsquo;histoire du diamant du Sancy et la pierre elle-m\u00eame rappellent le mouvement intrins\u00e8que du peuple fran\u00e7ais \u00e0 aller de l&rsquo;avant avec son temps.<\/p>\n\n\n\n<div style=\"height:50px\" aria-hidden=\"true\" class=\"wp-block-spacer\"><\/div>\n\n\n\n<h3 class=\"wp-block-heading\" id=\"12-le-sancy-fait-partie-du-patrimoine-culturel-fran%C3%A7ais-au-louvre\">Le Sancy fait partie du patrimoine culturel fran\u00e7ais au Louvre<\/h3>\n\n\n\n<p>Le Diamant du Sancy est \u00e0 la disposition du public au Louvre, o\u00f9 il est expos\u00e9 dans la Galerie d&rsquo;Apollon parmi d&rsquo;autres beaux joyaux du patrimoine de la couronne fran\u00e7aise. La galerie dans laquelle r\u00e9side le diamant est cens\u00e9e repr\u00e9senter l&rsquo;obsession du roi Louis XIV pour le dieu Apollon. On sait que le roi s&rsquo;est identifi\u00e9 au dieu Apollon et ainsi, l&rsquo;espace est rempli avec l&rsquo;intention de refl\u00e9ter cet aspect de l&rsquo;esprit de l&rsquo;Empereur du Soleil. Le roi Louis r\u00e9unit les plus grands artistes de l&rsquo;\u00e9poque pour travailler \u00e0 la Galerie d&rsquo;Apollon. Plus tard, c&rsquo;est la m\u00eame \u00e9quipe qui travaillera sur la Galerie des Glaces du Ch\u00e2teau de Versailles.<\/p>\n\n\n\n<h4 class=\"wp-block-heading\" id=\"13-nous-esp%C3%A9rons-que-vous-avez-appr%C3%A9ci%C3%A9-la-lecture-\">Nous esp\u00e9rons que vous avez appr\u00e9ci\u00e9 la lecture !<\/h4>\n\n\n\n<p>Si vous souhaitez en savoir plus sur d\u2019autres diamants c\u00e9l\u00e8bres tels que les diamants&nbsp;<a href=\"https:\/\/ajediam.com\/fr\/histoire\/diamants-celebres\/le-diamant-orlov\/\">Orlov<\/a>,&nbsp;<a href=\"https:\/\/ajediam.com\/fr\/histoire\/diamants-celebres\/le-diamant-de-kimberley\/\">Kimberley&nbsp;<\/a>ou&nbsp;<a href=\"https:\/\/ajediam.com\/fr\/histoire\/diamants-celebres\/le-diamant-premier-rose\/\">Premier Rose<\/a>, vous pouvez consulter le&nbsp;<a href=\"https:\/\/ajediam.com\/fr\/histoire\/diamants-celebres\/\">glossaire des diamants c\u00e9l\u00e8bres d\u2019Ajediam<\/a>. Ou, si vous vous sentez inspir\u00e9, vous pouvez parcourir la boutique des collections de diamants de qualit\u00e9 sup\u00e9rieure d\u2019Ajediam.<\/p>\n","protected":false},"excerpt":{"rendered":"<p>Le Joyau Maudit de la Couronne Fran\u00e7aise On pense que le diamant du Sancy a commenc\u00e9 comme le l\u00e9gendaire Balle de Flandres &#8211; un diamant historique qui pesait environ 100 carats ! Le Sancy a \u00e9t\u00e9 retrac\u00e9 \u00e0 travers l&rsquo;histoire pendant environ 500 ans au cours desquels il a travers\u00e9 de nombreuses mains et plus [&hellip;]<\/p>\n","protected":false},"author":5,"featured_media":9528,"parent":10150,"menu_order":0,"comment_status":"closed","ping_status":"closed","template":"articllle-like-page.php","meta":{"ub_ctt_via":"","footnotes":""},"acf":[],"featured_image_src":"https:\/\/ajediam.com\/wp-content\/uploads\/2023\/05\/Sancy_Louvre.jpg","_links":{"self":[{"href":"https:\/\/ajediam.com\/fr\/wp-json\/wp\/v2\/pages\/10259"}],"collection":[{"href":"https:\/\/ajediam.com\/fr\/wp-json\/wp\/v2\/pages"}],"about":[{"href":"https:\/\/ajediam.com\/fr\/wp-json\/wp\/v2\/types\/page"}],"author":[{"embeddable":true,"href":"https:\/\/ajediam.com\/fr\/wp-json\/wp\/v2\/users\/5"}],"replies":[{"embeddable":true,"href":"https:\/\/ajediam.com\/fr\/wp-json\/wp\/v2\/comments?post=10259"}],"version-history":[{"count":4,"href":"https:\/\/ajediam.com\/fr\/wp-json\/wp\/v2\/pages\/10259\/revisions"}],"predecessor-version":[{"id":12030,"href":"https:\/\/ajediam.com\/fr\/wp-json\/wp\/v2\/pages\/10259\/revisions\/12030"}],"up":[{"embeddable":true,"href":"https:\/\/ajediam.com\/fr\/wp-json\/wp\/v2\/pages\/10150"}],"wp:featuredmedia":[{"embeddable":true,"href":"https:\/\/ajediam.com\/fr\/wp-json\/wp\/v2\/media\/9528"}],"wp:attachment":[{"href":"https:\/\/ajediam.com\/fr\/wp-json\/wp\/v2\/media?parent=10259"}],"curies":[{"name":"wp","href":"https:\/\/api.w.org\/{rel}","templated":true}]}}