{"id":10262,"date":"2023-07-04T18:38:09","date_gmt":"2023-07-04T18:38:09","guid":{"rendered":"https:\/\/ajediam.com\/?page_id=10262"},"modified":"2024-01-10T18:38:54","modified_gmt":"2024-01-10T18:38:54","slug":"letoile-du-diamant-dafrique-du-sud","status":"publish","type":"page","link":"https:\/\/ajediam.com\/fr\/histoire\/diamants-celebres\/letoile-du-diamant-dafrique-du-sud\/","title":{"rendered":"L&rsquo;\u00e9toile du diamant d&rsquo;Afrique du Sud"},"content":{"rendered":"\n<p class=\"itt\">Le descendant du diamant Eureka<\/p>\n\n\n\n<p>L&rsquo;\u00e9toile du diamant d&rsquo;Afrique du Sud a \u00e9t\u00e9 un tremplin important pour l&rsquo;essor de l&rsquo;Afrique du Sud dans le monde de l&rsquo;extraction de diamants. Apr\u00e8s la d\u00e9couverte du diamant Eureka, l&rsquo;industrie du diamant a jet\u00e9 son d\u00e9volu sur l&rsquo;Afrique du Sud et \u00e9tait d\u00e9termin\u00e9e \u00e0 savoir si le pays deviendrait ou non le prochain grand acteur du monde du diamant. Ainsi, la d\u00e9couverte de l&rsquo;\u00e9toile d&rsquo;Afrique du Sud a aliment\u00e9 la ru\u00e9e vers le diamant qui a encore pouss\u00e9 la r\u00e9volution min\u00e9rale du pays.<\/p>\n\n\n\n<p>Si vous souhaitez en savoir plus sur le diamant Star of South Africa, vous trouverez dans cet article :<\/p>\n\n\n<div class=\"ub_table-of-contents\" data-showtext=\"show\" data-hidetext=\"hide\" data-scrolltype=\"auto\" id=\"ub_table-of-contents-16552be8-6160-448a-9072-35fd1cf881e9\" data-initiallyhideonmobile=\"false\"\n                    data-initiallyshow=\"true\"><div class=\"ub_table-of-contents-header-container\"><div class=\"ub_table-of-contents-header\">\n                    <div class=\"ub_table-of-contents-title\">Table des Mati\u00e8res<\/div><\/div><\/div><div class=\"ub_table-of-contents-extra-container\"><div class=\"ub_table-of-contents-container ub_table-of-contents-1-column \"><ol><li><a href=https:\/\/ajediam.com\/fr\/histoire\/diamants-celebres\/letoile-du-diamant-dafrique-du-sud\/#0-les-origines-de-l%C3%A9toile-du-diamant-dafrique-du-sud>Les origines de l&rsquo;\u00e9toile du diamant d&rsquo;Afrique du Sud<\/a><ol><li><a href=https:\/\/ajediam.com\/fr\/histoire\/diamants-celebres\/letoile-du-diamant-dafrique-du-sud\/#1-l%C3%A9toile-dafrique-du-sud-diamant-est-d%C3%A9couverte>L&rsquo;\u00c9toile d&rsquo;Afrique du Sud Diamant est d\u00e9couverte<\/a><\/li><li><a href=https:\/\/ajediam.com\/fr\/histoire\/diamants-celebres\/letoile-du-diamant-dafrique-du-sud\/#2-lun-des-d%C3%A9couvreurs-du-diamant-eureka-ach%C3%A8te-l%C3%A9toile-du-diamant-dafrique-du-sud>L&rsquo;un des d\u00e9couvreurs du diamant Eureka ach\u00e8te l&rsquo;\u00e9toile du diamant d&rsquo;Afrique du Sud<\/a><\/li><li><a href=https:\/\/ajediam.com\/fr\/histoire\/diamants-celebres\/letoile-du-diamant-dafrique-du-sud\/#3-schalk-van-niekerk-vend-la-pierre-pr%C3%A9cieuse-et-les-acheteurs-la-baptisent-l%C3%A9toile-de-lafrique-du-sud>Schalk van Niekerk vend la pierre pr\u00e9cieuse et les acheteurs la baptisent \u00ab\u00a0L&rsquo;\u00e9toile de l&rsquo;Afrique du Sud\u00a0\u00bb<\/a><\/li><\/ol><\/li><li><a href=https:\/\/ajediam.com\/fr\/histoire\/diamants-celebres\/letoile-du-diamant-dafrique-du-sud\/#4-la-coupe-du-diamant-de-l%C3%A9toile-dafrique-du-sud>La coupe du diamant de l&rsquo;\u00e9toile d&rsquo;Afrique du Sud<\/a><ol><li><a href=https:\/\/ajediam.com\/fr\/histoire\/diamants-celebres\/letoile-du-diamant-dafrique-du-sud\/#5-l%C3%A9toile-du-diamant-dafrique-du-sud-fait-son-chemin-vers-la-ville-des-diamants>L&rsquo;\u00e9toile du diamant d&rsquo;Afrique du Sud fait son chemin vers la ville des diamants<\/a><\/li><li><a href=https:\/\/ajediam.com\/fr\/histoire\/diamants-celebres\/letoile-du-diamant-dafrique-du-sud\/#6-l%C3%A9toile-dafrique-du-sud-diamond-m%C3%A9rite-son-nom>L&rsquo;\u00e9toile d&rsquo;Afrique du Sud Diamond m\u00e9rite son nom<\/a><\/li><\/ol><\/li><li><a href=https:\/\/ajediam.com\/fr\/histoire\/diamants-celebres\/letoile-du-diamant-dafrique-du-sud\/#7-lhistoire-de-la-propri%C3%A9t%C3%A9-de-l%C3%A9toile-dafrique-du-sud>L&rsquo;histoire de la propri\u00e9t\u00e9 de l&rsquo;\u00e9toile d&rsquo;Afrique du Sud<\/a><ol><li><a href=https:\/\/ajediam.com\/fr\/histoire\/diamants-celebres\/letoile-du-diamant-dafrique-du-sud\/#8-le-noble-comte-de-dudley-ach%C3%A8te-le-diamant-star-of-south-africa-pour-sa-femme>Le noble comte de Dudley ach\u00e8te le diamant Star of South Africa pour sa femme<\/a><\/li><li><a href=https:\/\/ajediam.com\/fr\/histoire\/diamants-celebres\/letoile-du-diamant-dafrique-du-sud\/#9-un-acheteur-anonyme-ach%C3%A8te-le-diamant-star-of-diamant-dafrique-du-sud-pour-leur-collection-priv%C3%A9e>Un acheteur anonyme ach\u00e8te le diamant Star of Diamant d&rsquo;Afrique du Sud pour leur collection priv\u00e9e<\/a><\/li><\/ol><\/li><li><a href=https:\/\/ajediam.com\/fr\/histoire\/diamants-celebres\/letoile-du-diamant-dafrique-du-sud\/#10-les-caract%C3%A9ristiques-techniques-du-diamant-l%C3%A9toile-dafrique-du-sud>Les caract\u00e9ristiques techniques du diamant L&rsquo;\u00c9toile d&rsquo;Afrique du Sud<\/a><\/li><li><a href=https:\/\/ajediam.com\/fr\/histoire\/diamants-celebres\/letoile-du-diamant-dafrique-du-sud\/#11-limportance-du-diamant-%C3%A9toile-dafrique-du-sud>L&rsquo;importance du diamant \u00e9toile d&rsquo;Afrique du Sud<\/a><\/li><\/ol><\/div><\/div><\/div>\n\n\n<div style=\"height:60px\" aria-hidden=\"true\" class=\"wp-block-spacer\"><\/div>\n\n\n\n<h2 class=\"wp-block-heading\" id=\"0-les-origines-de-l%C3%A9toile-du-diamant-dafrique-du-sud\">Les origines de l&rsquo;\u00e9toile du diamant d&rsquo;Afrique du Sud<\/h2>\n\n\n\n<p>L&rsquo;\u00e9toile d&rsquo;Afrique du Sud Diamond a \u00e9t\u00e9 d\u00e9couverte en 1869 sur les rives de la rivi\u00e8re Orange par un Griqua Witch Doctor nomm\u00e9 Swartbooi. Dans certaines versions, la l\u00e9gende dit qu&rsquo;il s&rsquo;agissait d&rsquo;un jeune berger Griqua.<\/p>\n\n\n\n<div style=\"height:50px\" aria-hidden=\"true\" class=\"wp-block-spacer\"><\/div>\n\n\n\n<h3 class=\"wp-block-heading\" id=\"1-l%C3%A9toile-dafrique-du-sud-diamant-est-d%C3%A9couverte\">L&rsquo;\u00c9toile d&rsquo;Afrique du Sud Diamant est d\u00e9couverte<\/h3>\n\n\n\n<p>En tout cas, parce que l&rsquo;\u00e9v\u00e9nement a eu lieu apr\u00e8s la d\u00e9couverte du diamant Eureka, il est juste de dire que les vents du changement soufflaient rapidement en Afrique du Sud. Les gens qui travaillaient dans l&rsquo;industrie du diamant (ou qui le voulaient) affluaient dans le pays, mais les habitants devenaient \u00e9galement plus int\u00e9ress\u00e9s. Maintenant que tout le monde savait \u00e0 quel point les \u00ab\u00a0cailloux brillants\u00a0\u00bb pouvaient \u00eatre pr\u00e9cieux, tout le monde les cherchait partout. Inutile de dire qu&rsquo;au milieu de l&rsquo;\u00e9tat alambiqu\u00e9 du pays, les pierres scintillantes \u00e9taient synonymes d&rsquo;opportunit\u00e9s et de mobilit\u00e9 socio-\u00e9conomique pour ceux qui avaient la chance de les rencontrer.<\/p>\n\n\n\n<div style=\"height:50px\" aria-hidden=\"true\" class=\"wp-block-spacer\"><\/div>\n\n\n\n<h3 class=\"wp-block-heading\" id=\"2-lun-des-d%C3%A9couvreurs-du-diamant-eureka-ach%C3%A8te-l%C3%A9toile-du-diamant-dafrique-du-sud\">L&rsquo;un des d\u00e9couvreurs du diamant Eureka ach\u00e8te l&rsquo;\u00e9toile du diamant d&rsquo;Afrique du Sud<\/h3>\n\n\n\n<p>Schalk van Niekerk et John O&rsquo;Reilly sont de retour ! Si vous avez lu notre article sur l&rsquo;Eureka Diamond, ces deux noms vous diront probablement quelque chose. Les deux hommes \u00e9taient charg\u00e9s de corroborer l&rsquo;Eureka comme un vrai diamant. Tout au long de l&rsquo;histoire, O&rsquo;Reilly a souvent \u00e9t\u00e9 cr\u00e9dit\u00e9 d&rsquo;\u00eatre le seul \u00e0 soup\u00e7onner l&rsquo;Eureka d&rsquo;\u00eatre authentique. Cependant, certains chercheurs pensent que van Niekerk avait \u00e9galement ses soup\u00e7ons sur les qualit\u00e9s de la gemme.<\/p>\n\n\n\n<p>Cette th\u00e9orie est souvent soutenue par l&rsquo;implication de van Niekerk avec le Star of South Africa Diamond. Depuis la vente de l&rsquo;Eureka, il s&rsquo;\u00e9tait enrichi et recherchait f\u00e9brilement davantage de pierres pr\u00e9cieuses. Il fut imm\u00e9diatement int\u00e9ress\u00e9 lorsqu&rsquo;il d\u00e9couvrit ce que Swartbooi avait d\u00e9terr\u00e9. Il a achet\u00e9 le diamant brut pour un montant de 500 moutons, 10 b\u0153ufs et un cheval.<\/p>\n\n\n\n<div style=\"height:50px\" aria-hidden=\"true\" class=\"wp-block-spacer\"><\/div>\n\n\n\n<h3 class=\"wp-block-heading\" id=\"3-schalk-van-niekerk-vend-la-pierre-pr%C3%A9cieuse-et-les-acheteurs-la-baptisent-l%C3%A9toile-de-lafrique-du-sud\">Schalk van Niekerk vend la pierre pr\u00e9cieuse et les acheteurs la baptisent \u00ab\u00a0L&rsquo;\u00e9toile de l&rsquo;Afrique du Sud\u00a0\u00bb<\/h3>\n\n\n\n<p>L&rsquo;acquisition aurait pu signifier la fin de Schalk van Niekerk et de sa famille ; ses instincts, cependant, \u00e9taient corrects. Il employa \u00e0 nouveau l&rsquo;aide de John O&rsquo;Reilly. Les deux \u00e9taient devenus proches depuis le voyage qu&rsquo;ils avaient d\u00e9j\u00e0 fait avec l&rsquo;Eureka Diamond. O&rsquo;Reilly \u00e9tait d&rsquo;accord avec les soup\u00e7ons de van Niekerk qu&rsquo;une autre fortune potentielle \u00e9tait \u00e0 leur port\u00e9e. On peut imaginer la confiance des deux hommes l&rsquo;un envers l&rsquo;autre, car ils avaient d\u00e9j\u00e0 trouv\u00e9 et vendu avec succ\u00e8s deux diamants \u00e0 ce stade. Ils sont donc all\u00e9s directement chez l&rsquo;acheteur pr\u00e9c\u00e9dent &#8211; les fr\u00e8res Lilienfeld \u00e0 Hopetown, qui \u00e9taient en effet int\u00e9ress\u00e9s et ont achet\u00e9 le Star of South Africa pour 11 200 \u00a3 (environ 1 418 508,71 \u00a3 en 2021) le 19 mars 1869. L&rsquo;accord a fait de van Niekerk un riche confortablement homme \u00e0 nouveau. C&rsquo;est alors que les fr\u00e8res Lilienfield ont donn\u00e9 son nom \u00e0 la gemme &#8211; l&rsquo;\u00e9toile de l&rsquo;Afrique du Sud.<\/p>\n\n\n\n<div style=\"height:60px\" aria-hidden=\"true\" class=\"wp-block-spacer\"><\/div>\n\n\n\n<h2 class=\"wp-block-heading\" id=\"4-la-coupe-du-diamant-de-l%C3%A9toile-dafrique-du-sud\">La coupe du diamant de l&rsquo;\u00e9toile d&rsquo;Afrique du Sud<\/h2>\n\n\n\n<p>Les fr\u00e8res Lilienfeld \u00e9taient des marchands \u00e9tablis dans le secteur de l&rsquo;achat de diamants et avaient conclu des accords financiers avec l&rsquo;\u00e9minente famille Mosenthal de Port Elizabeth. Ils ont achet\u00e9 l&rsquo;Etoile d&rsquo;Afrique du Sud brute alors qu&rsquo;il s&rsquo;agissait d&rsquo;une pierre brute pesant 83,50 carats.<\/p>\n\n\n\n<div style=\"height:50px\" aria-hidden=\"true\" class=\"wp-block-spacer\"><\/div>\n\n\n\n<h3 class=\"wp-block-heading\" id=\"5-l%C3%A9toile-du-diamant-dafrique-du-sud-fait-son-chemin-vers-la-ville-des-diamants\">L&rsquo;\u00e9toile du diamant d&rsquo;Afrique du Sud fait son chemin vers la ville des diamants<\/h3>\n\n\n\n<p>Ils ont fait envoyer le diamant en Angleterre. Il existe des opinions contradictoires sur l&rsquo;endroit o\u00f9 le diamant a \u00e9t\u00e9 taill\u00e9. Certains pr\u00e9tendent qu&rsquo;il a \u00e9t\u00e9 coup\u00e9 en Angleterre parce qu&rsquo;il y a ensuite \u00e9t\u00e9 vendu. Cependant, la plupart des \u00e9rudits pensent que le cristal brut a \u00e9t\u00e9 envoy\u00e9 \u00e0 Amsterdam pour \u00eatre taill\u00e9. Le commerce du diamant d&rsquo;Amsterdam \u00e9tait toujours florissant et la capitale n\u00e9erlandaise \u00e9tait connue comme la ville des diamants. Les meilleurs professionnels capables de manipuler la gemme y r\u00e9sideraient probablement ou dans la ville voisine d&rsquo;Anvers.<\/p>\n\n\n\n<div style=\"height:50px\" aria-hidden=\"true\" class=\"wp-block-spacer\"><\/div>\n\n\n\n<h3 class=\"wp-block-heading\" id=\"6-l%C3%A9toile-dafrique-du-sud-diamond-m%C3%A9rite-son-nom\">L&rsquo;\u00e9toile d&rsquo;Afrique du Sud Diamond m\u00e9rite son nom<\/h3>\n\n\n\n<p>La pierre brute a \u00e9t\u00e9 taill\u00e9e et polie en un diamant brillant stellaire \u00e0 trois c\u00f4t\u00e9s en forme de poire de 47,69 carats. Plus tard, lors de sa mise en vente chez Christie&rsquo;s (1974), le diamant \u00e9tait d\u00e9j\u00e0 serti dans un bijou. La pierre pr\u00e9cieuse \u00e9tait suspendue \u00e0 un pendentif d\u00e9tachable serti de bagues en diamant taille brillant avec des intersections en diamant taille ronde.<\/p>\n\n\n\n<div style=\"height:60px\" aria-hidden=\"true\" class=\"wp-block-spacer\"><\/div>\n\n\n\n<h2 class=\"wp-block-heading\" id=\"7-lhistoire-de-la-propri%C3%A9t%C3%A9-de-l%C3%A9toile-dafrique-du-sud\">L&rsquo;histoire de la propri\u00e9t\u00e9 de l&rsquo;\u00e9toile d&rsquo;Afrique du Sud<\/h2>\n\n\n\n<p>Swartbooi \u00e9tait le d\u00e9couvreur de The Star of South Africa Diamond. La pierre pr\u00e9cieuse passa ensuite entre les mains de Schalk van Niekerk et fut finalement vendue aux fr\u00e8res Lilendfeld qui la firent tailler \u00e0 Londres. Les fr\u00e8res ont travaill\u00e9 avec Hunt &amp; Roskell, qui \u00e9taient des bijoutiers et des orf\u00e8vres renomm\u00e9s qui avaient le mandat royal de la reine Victoria&nbsp;!<\/p>\n\n\n\n<div style=\"height:50px\" aria-hidden=\"true\" class=\"wp-block-spacer\"><\/div>\n\n\n\n<h3 class=\"wp-block-heading\" id=\"8-le-noble-comte-de-dudley-ach%C3%A8te-le-diamant-star-of-south-africa-pour-sa-femme\">Le noble comte de Dudley ach\u00e8te le diamant Star of South Africa pour sa femme<\/h3>\n\n\n\n<p>Dans sa forme polie, l&rsquo;\u00c9toile d&rsquo;Afrique du Sud Diamant \u00e9tait un bijou recherch\u00e9. Non seulement c&rsquo;\u00e9tait beau mais c&rsquo;\u00e9tait aussi extr\u00eamement clair. C&rsquo;est ainsi qu&rsquo;il attira l&rsquo;attention du comte de Dudley. Hunt &amp; Roskell a vendu le diamant au comte pour 25 000 \u00a3 (environ 3 millions de \u00a3 de nos jours). Le comte l&rsquo;avait achet\u00e9 comme cadeau pour sa femme, la comtesse Dudley. Le diamant est rest\u00e9 dans la collection des Dudley pendant de nombreuses ann\u00e9es. Il est m\u00eame devenu connu, officieusement, sous le nom de Dudley Diamond. Lady Dudley est d\u00e9c\u00e9d\u00e9e en 1921, les chercheurs supposent donc qu&rsquo;elle a vendu le diamant avant sa mort. Les d\u00e9tails sur la vente comme le montant et l&rsquo;acheteur ne sont pas disponibles. Il n&rsquo;est pas r\u00e9apparu aux yeux du public jusqu&rsquo;\u00e0 la vente de Christie&rsquo;s en 1974.<\/p>\n\n\n\n<div style=\"height:50px\" aria-hidden=\"true\" class=\"wp-block-spacer\"><\/div>\n\n\n\n<h3 class=\"wp-block-heading\" id=\"9-un-acheteur-anonyme-ach%C3%A8te-le-diamant-star-of-diamant-dafrique-du-sud-pour-leur-collection-priv%C3%A9e\">Un acheteur anonyme ach\u00e8te le diamant Star of Diamant d&rsquo;Afrique du Sud pour leur collection priv\u00e9e<\/h3>\n\n\n\n<p>La vente aux ench\u00e8res Christie&rsquo;s a eu lieu le 02.05.1974 \u00e0 Gen\u00e8ve. On s&rsquo;attendait \u00e0 ce que l&rsquo;\u00e9toile du diamant d&rsquo;Afrique du Sud suscite beaucoup d&rsquo;int\u00e9r\u00eat. Le prix pr\u00e9vu \u00e9tait d&rsquo;au moins 150 000 \u00a3 (environ 1,67 million \u00a3 de nos jours). Les attentes des organisateurs ont cependant \u00e9t\u00e9 d\u00e9pass\u00e9es lorsque le bijou s&rsquo;est vendu pour 225 000 \u00a3 (environ 2,5 millions de \u00a3 de nos jours). Il a \u00e9t\u00e9 achet\u00e9 anonymement pour une collection priv\u00e9e, les d\u00e9tails sur l&rsquo;acheteur ne sont donc pas disponibles. Le diamant fait toujours partie de cette collection. Le propri\u00e9taire ne l&rsquo;a cependant pas tenu \u00e0 l&rsquo;\u00e9cart du public. Il a \u00e9t\u00e9 pr\u00e9sent\u00e9 \u00e0 l&rsquo;exposition Diamants au Mus\u00e9um national D&rsquo;histoire Naturelle \u00e0 Paris en 2001. Par la suite, il est \u00e9galement apparu dans l&rsquo;exposition Diamanti \u00e0 la Scuderie del Quirinale \u00e0 Rome en 2002. Esp\u00e9rons que la belle \u00e9toile d&rsquo;Afrique du Sud Diamond r\u00e9appara\u00eetra bient\u00f4t .<\/p>\n\n\n\n<div style=\"height:60px\" aria-hidden=\"true\" class=\"wp-block-spacer\"><\/div>\n\n\n\n<h2 class=\"wp-block-heading\" id=\"10-les-caract%C3%A9ristiques-techniques-du-diamant-l%C3%A9toile-dafrique-du-sud\">Les caract\u00e9ristiques techniques du diamant L&rsquo;\u00c9toile d&rsquo;Afrique du Sud<\/h2>\n\n\n\n<p>Le diamant Star of South Africa est une pierre taill\u00e9e en brillant stellaire \u00e0 trois c\u00f4t\u00e9s, en forme de poire, de couleur D, pesant 47,69 carats. Comme elle a fait partie de collections priv\u00e9es pendant la majeure partie de son existence, il n&rsquo;y a pas eu d&rsquo;\u00e9tudes officielles sur la pierre pr\u00e9cieuse. Cela signifie \u00e9galement qu&rsquo;il n&rsquo;y a pas de degr\u00e9s de puret\u00e9. Bien qu&rsquo;il n&rsquo;y ait pas de degr\u00e9s de puret\u00e9 officiels, l&rsquo;\u00e9toile d&rsquo;Afrique du Sud est soup\u00e7onn\u00e9e d&rsquo;\u00eatre d&rsquo;une grande clart\u00e9. Il n&rsquo;a pas d&rsquo;inclusions visibles. La pierre a \u00e9t\u00e9 taill\u00e9e \u00e0 partir de 83,50 carats.<\/p>\n\n\n\n<div style=\"height:60px\" aria-hidden=\"true\" class=\"wp-block-spacer\"><\/div>\n\n\n\n<h2 class=\"wp-block-heading\" id=\"11-limportance-du-diamant-%C3%A9toile-dafrique-du-sud\">L&rsquo;importance du diamant \u00e9toile d&rsquo;Afrique du Sud<\/h2>\n\n\n\n<p>L&rsquo;\u00e9toile d&rsquo;Afrique du Sud Diamond a \u00e9t\u00e9 parmi les premi\u00e8res d\u00e9couvertes dans le pays. Ce qui a commenc\u00e9 par l&rsquo;\u00e9merveillement lorsque le diamant Eureka a \u00e9t\u00e9 d\u00e9couvert s&rsquo;est rapidement transform\u00e9 en une recherche f\u00e9brile de pierres pr\u00e9cieuses. Il est juste de dire que la tristement c\u00e9l\u00e8bre pierre a \u00e9t\u00e9 un catalyseur de la ru\u00e9e vers le diamant en Afrique du Sud. L&rsquo;afflux de chercheurs de richesses enfouies formait activement l&rsquo;avenir de l&rsquo;Afrique du Sud. La r\u00e9v\u00e9lation de la star a jou\u00e9 un r\u00f4le important dans le d\u00e9veloppement de la position de la nation en tant que lieu g\u00e9ographique de valeur pour l&rsquo;exploration gemmologique. Sans un tel int\u00e9r\u00eat, par exemple, une autre pierre sud-africaine tristement c\u00e9l\u00e8bre, le Kimberley Diamond, n&rsquo;aurait sans doute jamais \u00e9t\u00e9 atteinte. Apr\u00e8s une telle d\u00e9couverte, des milliers de personnes ont commenc\u00e9 \u00e0 affluer dans le pays, \u00e0 cr\u00e9er de nouvelles entreprises et \u00e0 faire avancer l&rsquo;\u00e9conomie. L&rsquo;Afrique du Sud a chang\u00e9 \u00e0 jamais.<\/p>\n\n\n\n<h4 class=\"wp-block-heading\" id=\"12-nous-esp%C3%A9rons-que-vous-avez-appr%C3%A9ci%C3%A9-la-lecture-\">Nous esp\u00e9rons que vous avez appr\u00e9ci\u00e9 la lecture !<\/h4>\n\n\n\n<p>Si vous souhaitez en savoir plus sur d\u2019autres diamants c\u00e9l\u00e8bres tels que les diamants&nbsp;<a href=\"https:\/\/ajediam.com\/fr\/histoire\/diamants-celebres\/le-diamant-orlov\/\">Orlov<\/a>,&nbsp;<a href=\"https:\/\/ajediam.com\/fr\/histoire\/diamants-celebres\/le-diamant-de-kimberley\/\">Kimberley&nbsp;<\/a>ou&nbsp;<a href=\"https:\/\/ajediam.com\/fr\/histoire\/diamants-celebres\/le-diamant-premier-rose\/\">Premier Rose<\/a>, vous pouvez consulter le&nbsp;<a href=\"https:\/\/ajediam.com\/fr\/histoire\/diamants-celebres\/\">glossaire des diamants c\u00e9l\u00e8bres d\u2019Ajediam<\/a>. Ou, si vous vous sentez inspir\u00e9, vous pouvez parcourir la boutique des collections de diamants de qualit\u00e9 sup\u00e9rieure d\u2019Ajediam.<\/p>\n","protected":false},"excerpt":{"rendered":"<p>Le descendant du diamant Eureka L&rsquo;\u00e9toile du diamant d&rsquo;Afrique du Sud a \u00e9t\u00e9 un tremplin important pour l&rsquo;essor de l&rsquo;Afrique du Sud dans le monde de l&rsquo;extraction de diamants. Apr\u00e8s la d\u00e9couverte du diamant Eureka, l&rsquo;industrie du diamant a jet\u00e9 son d\u00e9volu sur l&rsquo;Afrique du Sud et \u00e9tait d\u00e9termin\u00e9e \u00e0 savoir si le pays deviendrait [&hellip;]<\/p>\n","protected":false},"author":5,"featured_media":9534,"parent":10150,"menu_order":0,"comment_status":"closed","ping_status":"closed","template":"articllle-like-page.php","meta":{"ub_ctt_via":"","footnotes":""},"acf":[],"featured_image_src":"https:\/\/ajediam.com\/wp-content\/uploads\/2023\/05\/the-star-of-south-africa.png","_links":{"self":[{"href":"https:\/\/ajediam.com\/fr\/wp-json\/wp\/v2\/pages\/10262"}],"collection":[{"href":"https:\/\/ajediam.com\/fr\/wp-json\/wp\/v2\/pages"}],"about":[{"href":"https:\/\/ajediam.com\/fr\/wp-json\/wp\/v2\/types\/page"}],"author":[{"embeddable":true,"href":"https:\/\/ajediam.com\/fr\/wp-json\/wp\/v2\/users\/5"}],"replies":[{"embeddable":true,"href":"https:\/\/ajediam.com\/fr\/wp-json\/wp\/v2\/comments?post=10262"}],"version-history":[{"count":3,"href":"https:\/\/ajediam.com\/fr\/wp-json\/wp\/v2\/pages\/10262\/revisions"}],"predecessor-version":[{"id":12026,"href":"https:\/\/ajediam.com\/fr\/wp-json\/wp\/v2\/pages\/10262\/revisions\/12026"}],"up":[{"embeddable":true,"href":"https:\/\/ajediam.com\/fr\/wp-json\/wp\/v2\/pages\/10150"}],"wp:featuredmedia":[{"embeddable":true,"href":"https:\/\/ajediam.com\/fr\/wp-json\/wp\/v2\/media\/9534"}],"wp:attachment":[{"href":"https:\/\/ajediam.com\/fr\/wp-json\/wp\/v2\/media?parent=10262"}],"curies":[{"name":"wp","href":"https:\/\/api.w.org\/{rel}","templated":true}]}}