{"id":10264,"date":"2023-07-04T18:41:57","date_gmt":"2023-07-04T18:41:57","guid":{"rendered":"https:\/\/ajediam.com\/?page_id=10264"},"modified":"2024-01-10T18:34:06","modified_gmt":"2024-01-10T18:34:06","slug":"le-diamant-taylor-burton","status":"publish","type":"page","link":"https:\/\/ajediam.com\/fr\/histoire\/diamants-celebres\/le-diamant-taylor-burton\/","title":{"rendered":"Le diamant Taylor-Burton"},"content":{"rendered":"\n<p class=\"itt\">Celui qui a hypnotis\u00e9 tout Hollywood<\/p>\n\n\n\n<p>Le diamant Taylor-Burton a orn\u00e9 la superbe Elizabeth Taylor pendant de nombreuses ann\u00e9es. Peu de temps apr\u00e8s sa d\u00e9couverte, la pierre pr\u00e9cieuse a commenc\u00e9 \u00e0 attirer l&rsquo;attention des titans vigilants de l&rsquo;industrie. Comme il est de coutume pour ceux qui cherchent \u00e0 se faire une place sous les projecteurs ou \u00e0 faire la une des journaux, la pierre a rapidement fait son chemin jusqu&rsquo;\u00e0 New York. Le leader de l&rsquo;industrie, Richard Burton, a fait tout son possible pour acheter le diamant pour sa femme &#8211; Elizabeth ; Burton a affirm\u00e9 que le diamant avait \u00e9t\u00e9 fait pour elle et qu&rsquo;il ne pouvait pas supporter de le voir sur une autre femme &#8211; que ce soit Jackie Kennedy ou une femme au foyer au hasard.<\/p>\n\n\n\n<p>Si vous souhaitez en savoir plus sur le diamant Taylor-Burton, vous trouverez dans cet article :<\/p>\n\n\n<div class=\"ub_table-of-contents\" data-showtext=\"show\" data-hidetext=\"hide\" data-scrolltype=\"auto\" id=\"ub_table-of-contents-7cb91dbd-feeb-4b91-b33a-0356e1d73771\" data-initiallyhideonmobile=\"false\"\n                    data-initiallyshow=\"true\"><div class=\"ub_table-of-contents-header-container\"><div class=\"ub_table-of-contents-header\">\n                    <div class=\"ub_table-of-contents-title\">Table des Mati\u00e8res<\/div><\/div><\/div><div class=\"ub_table-of-contents-extra-container\"><div class=\"ub_table-of-contents-container ub_table-of-contents-1-column \"><ol><li><a href=https:\/\/ajediam.com\/fr\/histoire\/diamants-celebres\/le-diamant-taylor-burton\/#0-les-origines-du-diamant-taylor-burton>Les origines du diamant Taylor-Burton<\/a><ol><li><a href=https:\/\/ajediam.com\/fr\/histoire\/diamants-celebres\/le-diamant-taylor-burton\/#1-harry-winston-ach%C3%A8te-le-diamant-taylor-burton>Harry Winston ach\u00e8te le diamant Taylor-Burton<\/a><\/li><\/ol><\/li><li><a href=https:\/\/ajediam.com\/fr\/histoire\/diamants-celebres\/le-diamant-taylor-burton\/#2-la-taille-du-diamant-taylor-burton>La taille du diamant Taylor-Burton<\/a><ol><li><a href=https:\/\/ajediam.com\/fr\/histoire\/diamants-celebres\/le-diamant-taylor-burton\/#3-le-diamant-taylor-burton-devient-une-beaut%C3%A9-de-6942-carats>Le diamant Taylor-Burton devient une beaut\u00e9 de 69,42 carats<\/a><\/li><\/ol><\/li><li><a href=https:\/\/ajediam.com\/fr\/histoire\/diamants-celebres\/le-diamant-taylor-burton\/#4-lhistoire-moderne-de-la-propri%C3%A9t%C3%A9-du-diamant-taylor-burton>L&rsquo;histoire moderne de la propri\u00e9t\u00e9 du diamant Taylor-Burton<\/a><ol><li><a href=https:\/\/ajediam.com\/fr\/histoire\/diamants-celebres\/le-diamant-taylor-burton\/#5-harry-winston-vend-le-diamant-taylor-burton-%C3%A0-harriet-annenberg-ames>Harry Winston vend le diamant Taylor-Burton \u00e0 Harriet Annenberg Ames<\/a><\/li><li><a href=https:\/\/ajediam.com\/fr\/histoire\/diamants-celebres\/le-diamant-taylor-burton\/#6-la-vente-aux-ench%C3%A8res-record-du-diamant-taylor-burton>La vente aux ench\u00e8res record du diamant Taylor-Burton<\/a><\/li><li><a href=https:\/\/ajediam.com\/fr\/histoire\/diamants-celebres\/le-diamant-taylor-burton\/#7-le-diamant-taylor-burton-re%C3%A7oit-son-nom>Le diamant Taylor-Burton re\u00e7oit son nom<\/a><\/li><li><a href=https:\/\/ajediam.com\/fr\/histoire\/diamants-celebres\/le-diamant-taylor-burton\/#8-le-diamant-taylor-burton-aide-%C3%A0-construire-un-h%C3%B4pital-au-botswana>Le diamant Taylor-Burton aide \u00e0 construire un h\u00f4pital au Botswana<\/a><\/li><\/ol><\/li><li><a href=https:\/\/ajediam.com\/fr\/histoire\/diamants-celebres\/le-diamant-taylor-burton\/#9-les-caract%C3%A9ristiques-techniques-du-diamant-taylor-burton>Les caract\u00e9ristiques techniques du diamant Taylor-Burton<\/a><\/li><li><a href=https:\/\/ajediam.com\/fr\/histoire\/diamants-celebres\/le-diamant-taylor-burton\/#10-limportance-du-diamant-taylor-burton>L&rsquo;importance du diamant Taylor-Burton<\/a><\/li><\/ol><\/div><\/div><\/div>\n\n\n<div style=\"height:60px\" aria-hidden=\"true\" class=\"wp-block-spacer\"><\/div>\n\n\n\n<h2 class=\"wp-block-heading\" id=\"0-les-origines-du-diamant-taylor-burton\">Les origines du diamant Taylor-Burton<\/h2>\n\n\n\n<p>Le diamant Taylor-Burton a \u00e9t\u00e9 d\u00e9couvert \u00e0 la mine Premier en Afrique du Sud en 1966. C&rsquo;\u00e9tait encore une autre d\u00e9couverte brillante dans une mine qui s&rsquo;\u00e9tait r\u00e9v\u00e9l\u00e9e \u00eatre au niveau mondial de l&rsquo;efficacit\u00e9 et de l&rsquo;expertise. La mine Premier avait d\u00e9j\u00e0 produit plusieurs belles gemmes telles que The Cullinan et The Premier Rose. Compte tenu de la r\u00e9putation de la mine apr\u00e8s ces premi\u00e8res d\u00e9couvertes, il n&rsquo;est pas surprenant que le Taylor-Burton ait imm\u00e9diatement suscit\u00e9 l&rsquo;int\u00e9r\u00eat.<\/p>\n\n\n\n<div style=\"height:50px\" aria-hidden=\"true\" class=\"wp-block-spacer\"><\/div>\n\n\n\n<h3 class=\"wp-block-heading\" id=\"1-harry-winston-ach%C3%A8te-le-diamant-taylor-burton\">Harry Winston ach\u00e8te le diamant Taylor-Burton<\/h3>\n\n\n\n<p>Le diamant tant convoit\u00e9 a \u00e9t\u00e9 achet\u00e9 sous sa forme brute de 240,80 carats par <a href=\"https:\/\/www.harrywinston.com\/fr\" target=\"_blank\" rel=\"noreferrer noopener nofollow\">Harry Winston<\/a> d\u00e8s son arriv\u00e9e \u00e0 New York. Ayant achet\u00e9 le Jonker Diamond \u00e0 l&rsquo;Afrique du Sud quelques ann\u00e9es auparavant, Winston \u00e9tait convaincu du potentiel du pays \u00e0 produire des pierres pr\u00e9cieuses uniques en leur genre.<\/p>\n\n\n\n<div style=\"height:60px\" aria-hidden=\"true\" class=\"wp-block-spacer\"><\/div>\n\n\n\n<h2 class=\"wp-block-heading\" id=\"2-la-taille-du-diamant-taylor-burton\">La taille du diamant Taylor-Burton<\/h2>\n\n\n\n<p>Le magnat du diamant et son couperet, le pasteur Colon Jr. ont soigneusement \u00e9tudi\u00e9 la gemme pendant six mois. Ce qui peut sembler un d\u00e9lai frustrant, c&rsquo;est le degr\u00e9 minimum de pr\u00e9paration que l&rsquo;on peut attendre d&rsquo;un expert.<\/p>\n\n\n\n<p>Harry Winston \u00e9tudie le diamant Taylor-Burton<\/p>\n\n\n\n<p>L&rsquo;\u00e9quipe recherchait la meilleure fa\u00e7on de couper et de polir le Taylor-Burton pour garantir des r\u00e9sultats optimaux. Ils ont dessin\u00e9 et redessin\u00e9 plusieurs marques montrant o\u00f9 le diamant pouvait \u00eatre cliv\u00e9. Il y avait beaucoup de monde, des cam\u00e9ras et de la pression dans la salle le jour du d\u00e9coupage. Winston a accept\u00e9 que le processus soit enregistr\u00e9; ce serait la premi\u00e8re fois que cela arriverait.<\/p>\n\n\n\n<div style=\"height:50px\" aria-hidden=\"true\" class=\"wp-block-spacer\"><\/div>\n\n\n\n<h3 class=\"wp-block-heading\" id=\"3-le-diamant-taylor-burton-devient-une-beaut%C3%A9-de-6942-carats\">Le diamant Taylor-Burton devient une beaut\u00e9 de 69,42 carats<\/h3>\n\n\n\n<p>Le diamant Taylor-Burton pesait 78 carats et le bijou suivant devait peser environ 24 carats. La grande pi\u00e8ce restante pesait 162 carats et devait produire un bijou de 75 carats. Harry Winston l&rsquo;a d\u00e9coup\u00e9 en forme de poire pesant 69,42 carats. Le propri\u00e9taire actuel du diamant l&rsquo;a l\u00e9g\u00e8rement modifi\u00e9 et le diamant p\u00e8se maintenant 68,09 carats.<\/p>\n\n\n\n<div style=\"height:60px\" aria-hidden=\"true\" class=\"wp-block-spacer\"><\/div>\n\n\n\n<h2 class=\"wp-block-heading\" id=\"4-lhistoire-moderne-de-la-propri%C3%A9t%C3%A9-du-diamant-taylor-burton\">L&rsquo;histoire moderne de la propri\u00e9t\u00e9 du diamant Taylor-Burton<\/h2>\n\n\n\n<p>Le diamant a \u00e9t\u00e9 d\u00e9terr\u00e9 dans la c\u00e9l\u00e8bre mine De Beers Premier en Afrique du Sud. Leur r\u00e9putation de mine la plus productive au monde les a pr\u00e9c\u00e9d\u00e9s, il n&rsquo;est donc pas \u00e9tonnant que la pierre ait imm\u00e9diatement attir\u00e9 l&rsquo;attention du c\u00e9l\u00e8bre Harry Winston. Il a achet\u00e9 le diamant pour pouvoir le tailler lui-m\u00eame et le vendre.<\/p>\n\n\n\n<div style=\"height:50px\" aria-hidden=\"true\" class=\"wp-block-spacer\"><\/div>\n\n\n\n<h3 class=\"wp-block-heading\" id=\"5-harry-winston-vend-le-diamant-taylor-burton-%C3%A0-harriet-annenberg-ames\">Harry Winston vend le diamant Taylor-Burton \u00e0 Harriet Annenberg Ames<\/h3>\n\n\n\n<p>Peu de temps apr\u00e8s, la Taylor-Burton a \u00e9t\u00e9 vendue \u00e0 Harriet Annenberg Ames en 1967 pour un montant non divulgu\u00e9. Mme Ames \u00e9tait la s\u0153ur de l&rsquo;\u00e9diteur milliardaire Walter Annenberg. Elle a fait monter le diamant dans une bague en platine orn\u00e9e de deux diamants lat\u00e9raux plus petits.<\/p>\n\n\n\n<p>Cependant, en raison de la taille du bijou, la propri\u00e9taire s&rsquo;est sentie tr\u00e8s mal \u00e0 l&rsquo;aise de le porter dans son New York natal. Elle a \u00e9t\u00e9 cit\u00e9e en disant: \u00abJe me suis retrouv\u00e9e \u00e0 grincer des dents et \u00e0 garder mes gants de peur que cela n&rsquo;ait \u00e9t\u00e9 vu. J&rsquo;ai toujours \u00e9t\u00e9 une personne extr\u00eamement gr\u00e9gaire et je n&rsquo;aimais pas ce sentiment. Il est rest\u00e9 dans un coffre de banque pendant des ann\u00e9es. Il semblait insens\u00e9 de le garder si on ne pouvait pas l&rsquo;utiliser. Dans l&rsquo;\u00e9tat actuel des choses \u00e0 New York, il est impossible de le porter en public. Cela a souvent \u00e9t\u00e9 soulign\u00e9 comme la raison pour laquelle Mme Annenberg a d\u00e9cid\u00e9 de pr\u00e9senter le diamant Taylor-Burton lors d&rsquo;une vente aux ench\u00e8res Parke-Bernet Galleries \u00e0 New York.<\/p>\n\n\n\n<div style=\"height:50px\" aria-hidden=\"true\" class=\"wp-block-spacer\"><\/div>\n\n\n\n<h3 class=\"wp-block-heading\" id=\"6-la-vente-aux-ench%C3%A8res-record-du-diamant-taylor-burton\">La vente aux ench\u00e8res record du diamant Taylor-Burton<\/h3>\n\n\n\n<p>La vente aux ench\u00e8res a eu lieu le 23 octobre 1969. Il y avait beaucoup d&rsquo;int\u00e9r\u00eat pour le diamant Taylor-Burton. Les m\u00e9dias sp\u00e9culaient \u00e0 gauche et \u00e0 droite sur qui participerait et qui allait r\u00e9ussir \u00e0 acqu\u00e9rir l&rsquo;impressionnante pierre. Le nom d&rsquo;Elizabeth Taylor a \u00e9t\u00e9 mentionn\u00e9 parmi les personnes int\u00e9ress\u00e9es et non en vain. Mme Taylor a fait transporter le diamant chez elle en Suisse pour une inspection plus approfondie. Lorsque le jour de la vente aux ench\u00e8res est arriv\u00e9, la salle \u00e9tait pleine de gens impatients pr\u00eats \u00e0 ench\u00e9rir sur le Taylor-Burton. L&rsquo;ench\u00e8re a commenc\u00e9 \u00e0 200 000 $. On dit que toute la pi\u00e8ce a \u00e9clat\u00e9 en disant \u00ab\u00a0Oui!\u00a0\u00bb. Le bijou \u00e9tait si impressionnant que cela semblait une petite somme pour lui et en effet c&rsquo;\u00e9tait le cas. Les ench\u00e8res n&rsquo;ont cess\u00e9 d&rsquo;augmenter.<\/p>\n\n\n\n<p>\u00c0 650 500 $, il ne restait que deux soumissionnaires. Al Yugler, repr\u00e9sentant Richard Burton &#8211; le mari d&rsquo;Elizabeth Taylor et Robert Kenmore qui \u00e9tait le pr\u00e9sident de la Kenmore Corporation qui poss\u00e8de Cartier. Mugler a abandonn\u00e9 lorsque le prix a atteint 1 000 000 $, comme on lui avait demand\u00e9.<\/p>\n\n\n\n<p>Kenmore a achet\u00e9 le diamant pour 1 050 000 $, une somme extraordinaire qui a \u00e9tabli un nouveau record mondial. Avant cette vente, le montant le plus \u00e9lev\u00e9 jamais distribu\u00e9 pour une pierre \u00e9tait de 305 000 $ en 1957. De plus, l&rsquo;accord de n\u00e9gociation stipulait que quiconque poss\u00e9dait le bijou avait le droit de le renommer. \u00c0 partir de ce moment, le joyau est devenu \u00ab\u00a0The Cartier Diamond\u00a0\u00bb.<\/p>\n\n\n\n<p>Burton, cependant, ne pouvait pas l\u00e2cher prise. Il croyait que le diamant \u00e9tait fait pour orner sa bien-aim\u00e9e et ne pouvait supporter l&rsquo;id\u00e9e de voir le diamant sur quelqu&rsquo;un d&rsquo;autre, que ce soit Jackie Kennedy ou une femme au foyer ordinaire.<\/p>\n\n\n\n<p>L&rsquo;acteur a pass\u00e9 les 24 heures suivantes au t\u00e9l\u00e9phone \u00e0 se battre pour le diamant. En fin de compte, il a r\u00e9ussi et l&rsquo;a achet\u00e9 pour la modique somme de 1 100 000 $. Cartier \u00e9tait tr\u00e8s ouvert sur le fait de tirer profit de cette vente &#8211; apr\u00e8s tout, ils \u00e9taient des hommes d&rsquo;affaires. La vente du diamant \u00e9tait assortie d&rsquo;une condition&nbsp;: Cartier devait exposer le diamant \u00e0 New York et \u00e0 Chicago lorsqu&rsquo;il n&rsquo;\u00e9tait pas utilis\u00e9 par Elizabeth Taylor.<\/p>\n\n\n\n<div style=\"height:50px\" aria-hidden=\"true\" class=\"wp-block-spacer\"><\/div>\n\n\n\n<h3 class=\"wp-block-heading\" id=\"7-le-diamant-taylor-burton-re%C3%A7oit-son-nom\">Le diamant Taylor-Burton re\u00e7oit son nom<\/h3>\n\n\n\n<p>Ainsi, le bijou est devenu le Taylor-Burton Diamond. C&rsquo;\u00e9tait une combinaison des noms d&rsquo;Elizabeth Taylor et de Richard Burton. Ils ont convenu que le nom de Taylor devrait venir en premier car elle allait \u00eatre celle qui le porterait. Elizabeth Taylor l&rsquo;a port\u00e9 \u00e0 plusieurs reprises, notamment \u00e0 l&rsquo;occasion du quaranti\u00e8me anniversaire de la princesse Grace au &lsquo;Scorpio Ball&rsquo;, \u00e0 l&rsquo;h\u00f4tel Hermitage de Monte Carlo, et \u00e0 la 42e c\u00e9r\u00e9monie des Oscars le 7 avril 1970.<\/p>\n\n\n\n<div style=\"height:50px\" aria-hidden=\"true\" class=\"wp-block-spacer\"><\/div>\n\n\n\n<h3 class=\"wp-block-heading\" id=\"8-le-diamant-taylor-burton-aide-%C3%A0-construire-un-h%C3%B4pital-au-botswana\">Le diamant Taylor-Burton aide \u00e0 construire un h\u00f4pital au Botswana<\/h3>\n\n\n\n<p>Apr\u00e8s son deuxi\u00e8me divorce avec Richard Burton en 1978, Taylor a d\u00e9cid\u00e9 de vendre le diamant. L&rsquo;acheteur \u00e9tait le bijoutier new-yorkais Henry Lambert qui a d\u00e9clar\u00e9 avoir pay\u00e9 pr\u00e8s de 5 000 000 $. Elizabeth Taylor a utilis\u00e9 la majeure partie de l&rsquo;argent pour aider \u00e0 construire un h\u00f4pital au Botswana. Henry Lambert a revendu le diamant, la m\u00eame ann\u00e9e, \u00e0 Robert Mouawad &#8211; son actuel propri\u00e9taire &#8211; pour un montant non divulgu\u00e9.<\/p>\n\n\n\n<div style=\"height:60px\" aria-hidden=\"true\" class=\"wp-block-spacer\"><\/div>\n\n\n\n<h2 class=\"wp-block-heading\" id=\"9-les-caract%C3%A9ristiques-techniques-du-diamant-taylor-burton\">Les caract\u00e9ristiques techniques du diamant Taylor-Burton<\/h2>\n\n\n\n<p>Le Taylor Burton Diamond est un diamant en forme de poire. Il p\u00e8se 69,2 carats. Il a \u00e9t\u00e9 coup\u00e9 \u00e0 partir d&rsquo;un cristal brut de 162 carats qui a \u00e9t\u00e9 cliv\u00e9 des 240,80 carats d&rsquo;origine. Le diamant est blanc. Il s&rsquo;agit d&rsquo;un diamant de puret\u00e9 de grade D &#8211; le plus \u00e9lev\u00e9. Le Gemological Insitute of America (GIA) lui a attribu\u00e9 une note de puret\u00e9 IF.<\/p>\n\n\n\n<div style=\"height:60px\" aria-hidden=\"true\" class=\"wp-block-spacer\"><\/div>\n\n\n\n<h2 class=\"wp-block-heading\" id=\"10-limportance-du-diamant-taylor-burton\">L&rsquo;importance du diamant Taylor-Burton<\/h2>\n\n\n\n<p>Le diamant Taylor-Burton provient de l&rsquo;une des mines les plus c\u00e9l\u00e8bres au monde. Il est pass\u00e9 entre les mains de personnes puissantes et c\u00e9l\u00e8bres comme Harry Winston et Elizabeth Taylor. Il a ravi le public pendant de nombreuses ann\u00e9es alors qu&rsquo;il \u00e9tait en la possession de la ravissante actrice. Il a battu un record du monde et a \u00e9t\u00e9 le premier diamant de l&rsquo;histoire \u00e0 \u00eatre vendu pour plus de 1 000 000 $. L&rsquo;une de ses ventes a permis la construction d&rsquo;un h\u00f4pital indispensable au Botswana. Le Taylor-Burton a travers\u00e9 l&rsquo;histoire avec gr\u00e2ce. Ce sera excitant de voir o\u00f9 \u00e7a va ensuite!<\/p>\n\n\n\n<h4 class=\"wp-block-heading\" id=\"11-nous-esp%C3%A9rons-que-vous-avez-appr%C3%A9ci%C3%A9-la-lecture-\">Nous esp\u00e9rons que vous avez appr\u00e9ci\u00e9 la lecture !<\/h4>\n\n\n\n<p>Si vous souhaitez en savoir plus sur d\u2019autres diamants c\u00e9l\u00e8bres tels que les diamants&nbsp;<a href=\"https:\/\/ajediam.com\/fr\/histoire\/diamants-celebres\/le-diamant-orlov\/\">Orlov<\/a>,&nbsp;<a href=\"https:\/\/ajediam.com\/fr\/histoire\/diamants-celebres\/le-diamant-de-kimberley\/\">Kimberley&nbsp;<\/a>ou&nbsp;<a href=\"https:\/\/ajediam.com\/fr\/histoire\/diamants-celebres\/le-diamant-premier-rose\/\">Premier Rose<\/a>, vous pouvez consulter le&nbsp;<a href=\"https:\/\/ajediam.com\/fr\/histoire\/diamants-celebres\/\">glossaire des diamants c\u00e9l\u00e8bres d\u2019Ajediam<\/a>. Ou, si vous vous sentez inspir\u00e9, vous pouvez parcourir la boutique des collections de diamants de qualit\u00e9 sup\u00e9rieure d\u2019Ajediam.<\/p>\n","protected":false},"excerpt":{"rendered":"<p>Celui qui a hypnotis\u00e9 tout Hollywood Le diamant Taylor-Burton a orn\u00e9 la superbe Elizabeth Taylor pendant de nombreuses ann\u00e9es. Peu de temps apr\u00e8s sa d\u00e9couverte, la pierre pr\u00e9cieuse a commenc\u00e9 \u00e0 attirer l&rsquo;attention des titans vigilants de l&rsquo;industrie. Comme il est de coutume pour ceux qui cherchent \u00e0 se faire une place sous les projecteurs [&hellip;]<\/p>\n","protected":false},"author":5,"featured_media":9535,"parent":10150,"menu_order":0,"comment_status":"closed","ping_status":"closed","template":"articllle-like-page.php","meta":{"ub_ctt_via":"","footnotes":""},"acf":[],"featured_image_src":"https:\/\/ajediam.com\/wp-content\/uploads\/2023\/05\/14894-Taylor-Burton-op.jpg","_links":{"self":[{"href":"https:\/\/ajediam.com\/fr\/wp-json\/wp\/v2\/pages\/10264"}],"collection":[{"href":"https:\/\/ajediam.com\/fr\/wp-json\/wp\/v2\/pages"}],"about":[{"href":"https:\/\/ajediam.com\/fr\/wp-json\/wp\/v2\/types\/page"}],"author":[{"embeddable":true,"href":"https:\/\/ajediam.com\/fr\/wp-json\/wp\/v2\/users\/5"}],"replies":[{"embeddable":true,"href":"https:\/\/ajediam.com\/fr\/wp-json\/wp\/v2\/comments?post=10264"}],"version-history":[{"count":3,"href":"https:\/\/ajediam.com\/fr\/wp-json\/wp\/v2\/pages\/10264\/revisions"}],"predecessor-version":[{"id":12024,"href":"https:\/\/ajediam.com\/fr\/wp-json\/wp\/v2\/pages\/10264\/revisions\/12024"}],"up":[{"embeddable":true,"href":"https:\/\/ajediam.com\/fr\/wp-json\/wp\/v2\/pages\/10150"}],"wp:featuredmedia":[{"embeddable":true,"href":"https:\/\/ajediam.com\/fr\/wp-json\/wp\/v2\/media\/9535"}],"wp:attachment":[{"href":"https:\/\/ajediam.com\/fr\/wp-json\/wp\/v2\/media?parent=10264"}],"curies":[{"name":"wp","href":"https:\/\/api.w.org\/{rel}","templated":true}]}}