{"id":10266,"date":"2023-07-04T18:45:01","date_gmt":"2023-07-04T18:45:01","guid":{"rendered":"https:\/\/ajediam.com\/?page_id=10266"},"modified":"2024-01-10T18:31:01","modified_gmt":"2024-01-10T18:31:01","slug":"le-diamant-cullinan","status":"publish","type":"page","link":"https:\/\/ajediam.com\/fr\/histoire\/diamants-celebres\/le-diamant-cullinan\/","title":{"rendered":"Le diamant Cullinan"},"content":{"rendered":"\n<p class=\"itt\">Le roi g\u00e9ant parmi les diamants<\/p>\n\n\n\n<p>Dans une mine de diamants \u00e0 Pretoria, en Afrique du Sud, le plus gros diamant brut de qualit\u00e9 gemme a \u00e9t\u00e9 d\u00e9couvert. La couleur, la clart\u00e9 et surtout la taille de la pierre ont captiv\u00e9 des millions de spectateurs \u00e0 travers le monde. Le diamant a \u00e9t\u00e9 offert au souverain le plus puissant de l&rsquo;\u00e9poque, Edouard VII, roi de Grande-Bretagne. Ici vous pouvez lire l&rsquo;histoire fascinante de ce g\u00e9ant \u00e9blouissant. Lisez la suite pour savoir comment le diamant Cullinan a \u00e9t\u00e9 trouv\u00e9, transport\u00e9, offert, taill\u00e9 et finalement poli dans l&rsquo;une des plus belles collections de diamants au monde.<\/p>\n\n\n\n<p>Dans cet article vous trouverez:<\/p>\n\n\n<div class=\"ub_table-of-contents\" data-showtext=\"show\" data-hidetext=\"hide\" data-scrolltype=\"auto\" id=\"ub_table-of-contents-f3c1ab60-4ef5-4115-8a00-a4b15f7d168b\" data-initiallyhideonmobile=\"false\"\n                    data-initiallyshow=\"true\"><div class=\"ub_table-of-contents-header-container\"><div class=\"ub_table-of-contents-header\">\n                    <div class=\"ub_table-of-contents-title\">Table des Mati\u00e8res<\/div><\/div><\/div><div class=\"ub_table-of-contents-extra-container\"><div class=\"ub_table-of-contents-container ub_table-of-contents-1-column \"><ol><li><a href=https:\/\/ajediam.com\/fr\/histoire\/diamants-celebres\/le-diamant-cullinan\/#0-les-origines-du-diamant-cullinan>Les origines du diamant Cullinan<\/a><ol><li><a href=https:\/\/ajediam.com\/fr\/histoire\/diamants-celebres\/le-diamant-cullinan\/#1-m-cullinan-inspecte-la-pierre>M. Cullinan inspecte la pierre<\/a><\/li><li><a href=https:\/\/ajediam.com\/fr\/histoire\/diamants-celebres\/le-diamant-cullinan\/#2-un-diamant-pour-la-paix>Un diamant pour la paix<\/a><\/li><li><a href=https:\/\/ajediam.com\/fr\/histoire\/diamants-celebres\/le-diamant-cullinan\/#3-un-accord-est-conclu-pour-offrir-le-cullinan>Un accord est conclu pour offrir le Cullinan<\/a><\/li><\/ol><\/li><li><a href=https:\/\/ajediam.com\/fr\/histoire\/diamants-celebres\/le-diamant-cullinan\/#4-la-coupe-du-cullinan>La coupe du Cullinan<\/a><ol><li><a href=https:\/\/ajediam.com\/fr\/histoire\/diamants-celebres\/le-diamant-cullinan\/#5-le-cullinan-contre-attaque>Le Cullinan contre-attaque!<\/a><\/li><\/ol><\/li><li><a href=https:\/\/ajediam.com\/fr\/histoire\/diamants-celebres\/le-diamant-cullinan\/#6-lhistoire-moderne-de-la-propri%C3%A9t%C3%A9-du-diamant-cullinan>L&rsquo;histoire moderne de la propri\u00e9t\u00e9 du diamant Cullinan<\/a><ol><li><a href=https:\/\/ajediam.com\/fr\/histoire\/diamants-celebres\/le-diamant-cullinan\/#7-exp%C3%A9dition-du-cullinan-de-la-mine-premier-%C3%A0-londres>Exp\u00e9dition du Cullinan de la mine Premier \u00e0 Londres<\/a><\/li><\/ol><\/li><li><a href=https:\/\/ajediam.com\/fr\/histoire\/diamants-celebres\/le-diamant-cullinan\/#8-les-caract%C3%A9ristiques-techniques-du-cullinan-diamond>Les caract\u00e9ristiques techniques du Cullinan Diamond<\/a><\/li><li><a href=https:\/\/ajediam.com\/fr\/histoire\/diamants-celebres\/le-diamant-cullinan\/#9-limportance-du-diamant-cullinan>L&rsquo;importance du diamant Cullinan<\/a><\/li><\/ol><\/div><\/div><\/div>\n\n\n<div style=\"height:60px\" aria-hidden=\"true\" class=\"wp-block-spacer\"><\/div>\n\n\n\n<h2 class=\"wp-block-heading\" id=\"0-les-origines-du-diamant-cullinan\">Les origines du diamant Cullinan<\/h2>\n\n\n\n<p>Le 26 janvier 1905, Frederick Wells fit une d\u00e9couverte inhabituelle \u00e0 la mine Premier No.2. La d\u00e9couverte de Wells \u00e9tait situ\u00e9e \u00e0 c\u00f4t\u00e9 de la ville de Cullinan en Afrique du Sud, \u00e0 18 pieds sous la surface. \u00c0 l&rsquo;int\u00e9rieur de la mine o\u00f9 il travaillait, M. Wells a rep\u00e9r\u00e9 un reflet de lumi\u00e8re provenant d&rsquo;un des murs. Il escalada rapidement le mur et utilisa son couteau de poche pour d\u00e9couvrir un objet qui ressemblait \u00e0 un gros \u00e9clat de cristal. Le fruit translucide de son creusement avait une couleur bleu-blanc clair, et on rapporte qu&rsquo;il aurait pu \u00eatre confondu avec un morceau de verre.<\/p>\n\n\n\n<div style=\"height:50px\" aria-hidden=\"true\" class=\"wp-block-spacer\"><\/div>\n\n\n\n<h3 class=\"wp-block-heading\" id=\"1-m-cullinan-inspecte-la-pierre\">M. Cullinan inspecte la pierre<\/h3>\n\n\n\n<p>M. Wells a apport\u00e9 le diamant au propri\u00e9taire de la mine, Thomas Cullinan, pour inspection. Ce qui a \u00e9t\u00e9 d\u00e9couvert s&rsquo;est av\u00e9r\u00e9 \u00eatre un diamant exceptionnellement clair qui pesait 3 106,75 carats (621,35 g) (21,9 onces)&nbsp;? C&rsquo;\u00e9tait le plus gros diamant jamais trouv\u00e9 dans l&rsquo;histoire ! M. Cullinan a pr\u00e9sent\u00e9 le diamant au public \u00e0 la Standard Bank de Johannesburg. M\u00eame si seulement 3 000 billets ont \u00e9t\u00e9 vendus, environ 9 000 personnes ont visit\u00e9 l&rsquo;\u00e9v\u00e9nement le 2 f\u00e9vrier 1905. Les experts et les profanes \u00e9taient extr\u00eamement impatients d&rsquo;assister \u00e0 la merveille acclam\u00e9e de la nature. Un journal local, \u00ab\u00a0The Transvaal Leader\u00a0\u00bb, a nomm\u00e9 la pierre \u00ab\u00a0Cullinan Diamond\u00a0\u00bb, du nom du propri\u00e9taire de la mine. Dans leur reportage, le m\u00e9dia local a lanc\u00e9 l&rsquo;id\u00e9e que le diamant \u00e9tait si magnifique qu&rsquo;il pourrait m\u00eame \u00eatre envoy\u00e9 en cadeau au roi \u00c9douard VII.<\/p>\n\n\n\n<div style=\"height:50px\" aria-hidden=\"true\" class=\"wp-block-spacer\"><\/div>\n\n\n\n<h3 class=\"wp-block-heading\" id=\"2-un-diamant-pour-la-paix\">Un diamant pour la paix<\/h3>\n\n\n\n<p>Il est bien connu que certains politiciens du gouvernement provisoire du Transvaal ont aim\u00e9 l&rsquo;id\u00e9e, car leurs relations avec la Couronne britannique avaient \u00e9t\u00e9 embourb\u00e9es par la Seconde Guerre des Boers. Un conflit sanglant qui s&rsquo;\u00e9tait termin\u00e9 seulement 3 ans avant la d\u00e9couverte. L&rsquo;id\u00e9e du journal \u00e9tait que la pierre pourrait potentiellement servir de geste de bonne volont\u00e9 et de loyaut\u00e9 envers la Couronne. L&rsquo;id\u00e9e que le diamant pourrait revitaliser les relations entre le Transvaal et le palais de Buckingham \u00e9tait bien r\u00e9elle. Cependant, comme cela arrive souvent, lorsqu&rsquo;il s&rsquo;agit de politique, le gouvernement sud-africain d\u00e9battra du cadeau provisoire pendant pr\u00e8s de trois ans.<\/p>\n\n\n\n<p>En 1907, les dirigeants afrikaans Louis Botha et Jan Smuts ont d\u00e9cid\u00e9 de soutenir la domination britannique au Transvaal, ainsi que l&rsquo;achat du diamant. \u00c0 la suite de la r\u00e9solution, l&rsquo;assembl\u00e9e l\u00e9gislative du Transvaal a adopt\u00e9 une r\u00e9solution pour acheter le diamant pour 150 000 \u00a3 en ao\u00fbt de la m\u00eame ann\u00e9e. Mais leurs co\u00fbts r\u00e9els \u00e9taient inf\u00e9rieurs en raison des lois fiscales sur les diamants. Le propri\u00e9taire vendrait le diamant au gouvernement, mais ensuite, il devrait 2\/3 de son profit au m\u00eame gouvernement.<\/p>\n\n\n\n<div style=\"height:50px\" aria-hidden=\"true\" class=\"wp-block-spacer\"><\/div>\n\n\n\n<h3 class=\"wp-block-heading\" id=\"3-un-accord-est-conclu-pour-offrir-le-cullinan\">Un accord est conclu pour offrir le Cullinan<\/h3>\n\n\n\n<p>En octobre, le gouvernement provisoire a contact\u00e9 la Couronne britannique pour officialiser son offre. Le roi \u00c9douard VII a d&rsquo;abord h\u00e9sit\u00e9 \u00e0 l&rsquo;accepter, mais l&rsquo;a fait sous l&rsquo;influence de quelques personnages historiques, dont Winston Churchill lui-m\u00eame. Le futur Premier ministre a jou\u00e9 un tel r\u00f4le dans les n\u00e9gociations qu&rsquo;il a re\u00e7u une r\u00e9plique du diamant pour ses efforts. La r\u00e9plique aurait \u00e9t\u00e9 conserv\u00e9e sur un plateau d&rsquo;argent chez lui. Peut-\u00eatre a-t-il servi de rappel \u00e0 tous ceux qui sont entr\u00e9s dans son domaine&nbsp;; un souvenir qui symbolisait le statut de Churchill en tant que champion de la Couronne.<\/p>\n\n\n\n<p>Le roi \u00c9douard VII a accept\u00e9 le Cullinan en gage de \u00ab\u00a0la loyaut\u00e9 et l&rsquo;attachement du peuple du Transvaal \u00e0 son tr\u00f4ne et \u00e0 sa personne\u00a0\u00bb. Une promesse formelle a \u00e9t\u00e9 faite aux habitants du Transvaal indiquant que le diamant serait \u00ab\u00a0conserv\u00e9 parmi les joyaux historiques et les h\u00e9ritages de la Couronne\u00a0\u00bb. Le jour de son 66e anniversaire, le 9 novembre 1907, le souverain souverain a officiellement re\u00e7u le diamant brut Cullinan en cadeau.<\/p>\n\n\n\n<div style=\"height:60px\" aria-hidden=\"true\" class=\"wp-block-spacer\"><\/div>\n\n\n\n<h2 class=\"wp-block-heading\" id=\"4-la-coupe-du-cullinan\">La coupe du Cullinan<\/h2>\n\n\n\n<p>Edward VII a d\u00fb relever un d\u00e9fi important en choisissant un tailleur de diamants qui serait digne de la t\u00e2che de tailler le diamant le plus sp\u00e9cial au monde trouv\u00e9 \u00e0 ce jour. Une telle op\u00e9ration n\u00e9cessiterait des comp\u00e9tences que seuls quelques-uns dans le monde poss\u00e9daient \u00e0 l&rsquo;\u00e9poque. Le choix d&rsquo;Edward s&rsquo;est finalement port\u00e9 sur la Dutch Royal Asscher Diamond Company, une soci\u00e9t\u00e9 reconnue pour avoir brevet\u00e9 la taille Asscher, ainsi que pour le polissage du diamant Excelsior de 971 ct en 1903.<\/p>\n\n\n\n<div style=\"height:50px\" aria-hidden=\"true\" class=\"wp-block-spacer\"><\/div>\n\n\n\n<h3 class=\"wp-block-heading\" id=\"5-le-cullinan-contre-attaque\">Le Cullinan contre-attaque!<\/h3>\n\n\n\n<p>Joseph Asscher a \u00e9tudi\u00e9 le diamant pendant six mois avant de tenter de le tailler. Quand il \u00e9tait pr\u00eat, il lui a fallu quatre jours pour faire une incision de 1,3 cm dans la pierre. Une fois l&rsquo;incision termin\u00e9e, M. Asscher a frapp\u00e9 le diamant avec son couteau. Au grand \u00e9tonnement de tous, le couteau se brisa entre ses mains, tandis que le Cullinan restait indemne. Lors de sa deuxi\u00e8me tentative, le tailleur a divis\u00e9 le diamant en deux morceaux, pesant respectivement 2029,9 et 1068,8 ct, exactement comme pr\u00e9vu. Selon un mythe populaire, M. Asscher \u00e9tait extr\u00eamement nerveux lors de cet \u00e9v\u00e9nement. Il \u00e9tait tellement \u00e9nerv\u00e9 qu&rsquo;il se serait \u00e9vanoui imm\u00e9diatement apr\u00e8s avoir fendu la pierre pr\u00e9cieuse. Cependant, le neveu d&rsquo;Asscher, Louis Asscher, ainsi que Ian Balfour, auteur du livre \u00ab\u00a0Famous diamonds\u00a0\u00bb, ont rejet\u00e9 les rumeurs comme un non-sens. Aucun Asscher ne s&rsquo;\u00e9vanouirait en op\u00e9rant sur une gemme quelconque. Une bouteille de champagne pour c\u00e9l\u00e9brer \u00e9tait en effet une fin beaucoup plus probable \u00e0 la s\u00e9quence d&rsquo;\u00e9v\u00e9nements.<\/p>\n\n\n\n<p>Sans perdre de temps, 3 hommes ont travaill\u00e9 des quarts de 14 heures pendant 8 mois \u00e0 venir. Le r\u00e9sultat final de leur travail \u00e9tait de neuf grandes pierres pr\u00e9cieuses, 96 plus petits brillants et 9,5 carats de pi\u00e8ces non polies. Les pi\u00e8ces variaient en taille et en forme. Le Cullinan I pesait 530,20 carats, tandis que le Cullinan IX pesait 4,39 carats. Asscher a pu pr\u00e9senter les deux plus grands joyaux Cullinan I et II au roi \u00c9douard VII au palais de Windsor. Edward a nomm\u00e9 le plus gros diamant \u00ab\u00a0la grande \u00e9toile de l&rsquo;Afrique\u00a0\u00bb, mais le nom Cullinan est rest\u00e9 d&rsquo;usage populaire. Pour leur excellent service, la soci\u00e9t\u00e9 Asscher a conserv\u00e9 la possession de tous les joyaux, \u00e0 l&rsquo;exception des Cullinan I et II, qui ont \u00e9t\u00e9 donn\u00e9s \u00e0 Edward VII.<\/p>\n\n\n\n<div style=\"height:60px\" aria-hidden=\"true\" class=\"wp-block-spacer\"><\/div>\n\n\n\n<h2 class=\"wp-block-heading\" id=\"6-lhistoire-moderne-de-la-propri%C3%A9t%C3%A9-du-diamant-cullinan\">L&rsquo;histoire moderne de la propri\u00e9t\u00e9 du diamant Cullinan<\/h2>\n\n\n\n<p>Apr\u00e8s sa d\u00e9couverte, le Cullinan appartenait \u00e0 Thomas Cullinan, un magnat sud-africain du diamant. Il \u00e9tait le propri\u00e9taire de la Premier Diamond Mining Company, qui avait d\u00e9couvert le Cullinan.<\/p>\n\n\n\n<div style=\"height:50px\" aria-hidden=\"true\" class=\"wp-block-spacer\"><\/div>\n\n\n\n<h3 class=\"wp-block-heading\" id=\"7-exp%C3%A9dition-du-cullinan-de-la-mine-premier-%C3%A0-londres\">Exp\u00e9dition du Cullinan de la mine Premier \u00e0 Londres<\/h3>\n\n\n\n<p>Les pr\u00e9occupations concernant la s\u00e9curit\u00e9 du diamant \u00e9taient si grandes qu&rsquo;un leurre officiel a \u00e9t\u00e9 c\u00e9r\u00e9monieusement exp\u00e9di\u00e9 sous bonne garde. Entre-temps, le vrai diamant a \u00e9t\u00e9 exp\u00e9di\u00e9 par courrier recommand\u00e9 r\u00e9gulier dans un colis banalis\u00e9 \u00e0 Londres. Le gouvernement du Transvaal a r\u00e9ussi \u00e0 offrir le Cullinan au roi \u00c9douard VII \u00e0 l&rsquo;occasion de son 66e anniversaire, le 9 novembre. Par la suite, Edward a charg\u00e9 la soci\u00e9t\u00e9 Asscher de tailler la pierre pr\u00e9cieuse. En paiement de leur chef-d&rsquo;\u0153uvre, Edward ne garda que les Cullinan I et II, tout en laissant les autres joyaux \u00e0 la soci\u00e9t\u00e9 Asscher. Pourtant, Edward a \u00e9galement achet\u00e9 le Cullinan VI pour sa femme, la reine Alexandra.<\/p>\n\n\n\n<p>Les six autres diamants Cullinan ont \u00e9t\u00e9 achet\u00e9s au gouvernement sud-africain. Plus tard, ils ont offert la pierre pr\u00e9cieuse \u00e0 la reine Mary en m\u00e9moire de l&rsquo;inauguration de l&rsquo;Union. Elle \u00e9tait la belle-fille d&rsquo;Edward, l&rsquo;\u00e9pouse de George V et une collectionneuse passionn\u00e9e de bijoux. Ils appartiennent actuellement \u00e0 la collection priv\u00e9e de sa petite-fille, la reine Elizabeth II. Les neuf diamants Cullinan restent soit en possession personnelle de la famille royale, soit dans les joyaux de la couronne britannique. Apr\u00e8s la mort d&rsquo;Edward, les Cullinan I et II ont \u00e9t\u00e9 plac\u00e9s respectivement dans le sceptre du souverain et la couronne imp\u00e9riale de l&rsquo;\u00c9tat. Ils restent expos\u00e9s dans la Tour de Londres encore aujourd&rsquo;hui.<\/p>\n\n\n\n<div style=\"height:60px\" aria-hidden=\"true\" class=\"wp-block-spacer\"><\/div>\n\n\n\n<h2 class=\"wp-block-heading\" id=\"8-les-caract%C3%A9ristiques-techniques-du-cullinan-diamond\">Les caract\u00e9ristiques techniques du Cullinan Diamond<\/h2>\n\n\n\n<p>Les Cullinan I et II \u00e9taient sertis dans un panier en or, impossible \u00e0 retirer et limitant la pr\u00e9cision de l&rsquo;\u00e9talonnage de la couleur et de la clart\u00e9. Cependant, les Cullinans ont \u00e9t\u00e9 compar\u00e9s \u00e0 d&rsquo;autres diamants de grande couleur et clart\u00e9. Leur degr\u00e9 de couleur se rapprochait de D, ce qui signifie incolore. Bien que leur degr\u00e9 de puret\u00e9 soit potentiellement sans d\u00e9faut, ce qui est le meilleur degr\u00e9 possible, quelques petites imperfections de surface sont pr\u00e9sentes sur le Cullinan.<\/p>\n\n\n\n<p>\u00c0 l&rsquo;\u00e9tat brut, le Cullinan pesait 3 106,75 carats (621,35 g) et mesurait 10,1 x 6,35 x 5,9 cm, et d\u00e9gageait une couleur bleu-blanc.<\/p>\n\n\n<div class=\"wp-block-image\">\n<figure class=\"aligncenter size-full\"><img decoding=\"async\" width=\"1000\" height=\"750\" src=\"https:\/\/ajediam.com\/wp-content\/uploads\/2023\/05\/Cullinan_major_diamonds.jpg\" alt=\"The nine major stones. Top: Cullinans II, I, and III. Bottom: Cullinans VIII, VI, IV, V, VII and IX.\" class=\"wp-image-6971\" srcset=\"https:\/\/ajediam.com\/wp-content\/uploads\/2023\/05\/Cullinan_major_diamonds.jpg 1000w, https:\/\/ajediam.com\/wp-content\/uploads\/2023\/05\/Cullinan_major_diamonds-300x225.jpg 300w, https:\/\/ajediam.com\/wp-content\/uploads\/2023\/05\/Cullinan_major_diamonds-768x576.jpg 768w\" sizes=\"(max-width: 1000px) 100vw, 1000px\" \/><figcaption class=\"wp-element-caption\">The nine major stones. Top: Cullinans II, I, and III. Bottom: Cullinans VIII, VI, IV, V, VII and IX.<\/figcaption><\/figure><\/div>\n\n\n<ol>\n<li>Le Cullinan I (la grande \u00e9toile de l&rsquo;Afrique) p\u00e8se 530,20 carats et est un diamant en forme de poire. Il est situ\u00e9 dans le sceptre royal avec croix. Il est expos\u00e9 dans la Tour de Londres.<\/li>\n\n\n\n<li>Le Cullinan II (la Petite \u00c9toile d&rsquo;Afrique) p\u00e8se 317,40 carats et est un brillant en forme de coussin. Il se d\u00e9roule dans la couronne imp\u00e9riale de l&rsquo;\u00c9tat. Il est expos\u00e9 dans la Tour de Londres.<\/li>\n\n\n\n<li>Le Cullinan III p\u00e8se 94,40 carats et est en forme de poire. Il est serti dans une broche avec le Cullinan IV. La broche est actuellement dans la collection priv\u00e9e de la reine Elizabeth II.<\/li>\n\n\n\n<li>Le Cullinan IV p\u00e8se 63,60 carats et est un brillant de taille carr\u00e9e.<\/li>\n\n\n\n<li>Le Cullinan V p\u00e8se 18,80 carats et est en forme de c\u0153ur. Il est serti dans une broche, propri\u00e9t\u00e9 de la reine Elizabeth.<\/li>\n\n\n\n<li>Le Cullinan VI p\u00e8se 11,50 carats et est de forme marquise. Il est serti dans un collier d&rsquo;\u00e9meraudes et de diamants, qui appartient maintenant \u00e0 la reine Elizabeth II.<\/li>\n\n\n\n<li>Le Cullinan VII p\u00e8se 8,80 carats et est de forme marquise. Il est serti dans un pendentif avec le Cullinan VIII, propri\u00e9t\u00e9 de la reine Elizabeth II.<\/li>\n\n\n\n<li>Le Cullinan VIII p\u00e8se 6,80 carats et a une forme de coussin modifi\u00e9e.<\/li>\n\n\n\n<li>Le Cullinan IX p\u00e8se 4,39 carats et est en forme de poire. Il est mont\u00e9 dans un anneau, qui appartient maintenant \u00e0 la reine Elizabeth II.<\/li>\n<\/ol>\n\n\n\n<div style=\"height:60px\" aria-hidden=\"true\" class=\"wp-block-spacer\"><\/div>\n\n\n\n<h2 class=\"wp-block-heading\" id=\"9-limportance-du-diamant-cullinan\">L&rsquo;importance du diamant Cullinan<\/h2>\n\n\n\n<p>\u00c0 ce jour, le Cullinan est le plus gros diamant brut de qualit\u00e9 gemme que l&rsquo;on puisse trouver. Jusqu&rsquo;au polissage du diamant du Jubil\u00e9, c&rsquo;\u00e9tait aussi le plus gros diamant jamais taill\u00e9. La clart\u00e9 du Cullinan I est n\u00e9anmoins sup\u00e9rieure et il reste le plus gros diamant taill\u00e9 \u00e0 blanc au monde. La taille, la couleur et la clart\u00e9 du diamant Cullinan ont inspir\u00e9 des g\u00e9n\u00e9rations d&rsquo;amateurs de diamants. Le diamant Cullinan est devenu la pierre angulaire de la cat\u00e9gorie des gros diamants. C&rsquo;est-\u00e0-dire que lorsque la taille des gros diamants est discut\u00e9e, notre protagoniste est toujours utilis\u00e9 comme principal point de r\u00e9f\u00e9rence. Sans aucun doute, le Cullinan est l&rsquo;un des diamants les plus c\u00e9l\u00e8bres au monde et a une place l\u00e9gitime en tant que roi des gros diamants.<\/p>\n\n\n\n<h4 class=\"wp-block-heading\" id=\"10-nous-esp%C3%A9rons-que-vous-avez-appr%C3%A9ci%C3%A9-la-lecture-\">Nous esp\u00e9rons que vous avez appr\u00e9ci\u00e9 la lecture !<\/h4>\n\n\n\n<p>Si vous souhaitez en savoir plus sur d\u2019autres diamants c\u00e9l\u00e8bres tels que les diamants&nbsp;<a href=\"https:\/\/ajediam.com\/fr\/histoire\/diamants-celebres\/le-diamant-orlov\/\">Orlov<\/a>,&nbsp;<a href=\"https:\/\/ajediam.com\/fr\/histoire\/diamants-celebres\/le-diamant-de-kimberley\/\">Kimberley&nbsp;<\/a>ou&nbsp;<a href=\"https:\/\/ajediam.com\/fr\/histoire\/diamants-celebres\/le-diamant-premier-rose\/\">Premier Rose<\/a>, vous pouvez consulter le&nbsp;<a href=\"https:\/\/ajediam.com\/fr\/histoire\/diamants-celebres\/\">glossaire des diamants c\u00e9l\u00e8bres d\u2019Ajediam<\/a>. Ou, si vous vous sentez inspir\u00e9, vous pouvez parcourir la boutique des collections de diamants de qualit\u00e9 sup\u00e9rieure d\u2019Ajediam.<\/p>\n","protected":false},"excerpt":{"rendered":"<p>Le roi g\u00e9ant parmi les diamants Dans une mine de diamants \u00e0 Pretoria, en Afrique du Sud, le plus gros diamant brut de qualit\u00e9 gemme a \u00e9t\u00e9 d\u00e9couvert. La couleur, la clart\u00e9 et surtout la taille de la pierre ont captiv\u00e9 des millions de spectateurs \u00e0 travers le monde. Le diamant a \u00e9t\u00e9 offert au [&hellip;]<\/p>\n","protected":false},"author":5,"featured_media":9537,"parent":10150,"menu_order":0,"comment_status":"closed","ping_status":"closed","template":"articllle-like-page.php","meta":{"ub_ctt_via":"","footnotes":""},"acf":[],"featured_image_src":"https:\/\/ajediam.com\/wp-content\/uploads\/2023\/05\/Cullinan_major_diamonds.jpg","_links":{"self":[{"href":"https:\/\/ajediam.com\/fr\/wp-json\/wp\/v2\/pages\/10266"}],"collection":[{"href":"https:\/\/ajediam.com\/fr\/wp-json\/wp\/v2\/pages"}],"about":[{"href":"https:\/\/ajediam.com\/fr\/wp-json\/wp\/v2\/types\/page"}],"author":[{"embeddable":true,"href":"https:\/\/ajediam.com\/fr\/wp-json\/wp\/v2\/users\/5"}],"replies":[{"embeddable":true,"href":"https:\/\/ajediam.com\/fr\/wp-json\/wp\/v2\/comments?post=10266"}],"version-history":[{"count":3,"href":"https:\/\/ajediam.com\/fr\/wp-json\/wp\/v2\/pages\/10266\/revisions"}],"predecessor-version":[{"id":12022,"href":"https:\/\/ajediam.com\/fr\/wp-json\/wp\/v2\/pages\/10266\/revisions\/12022"}],"up":[{"embeddable":true,"href":"https:\/\/ajediam.com\/fr\/wp-json\/wp\/v2\/pages\/10150"}],"wp:featuredmedia":[{"embeddable":true,"href":"https:\/\/ajediam.com\/fr\/wp-json\/wp\/v2\/media\/9537"}],"wp:attachment":[{"href":"https:\/\/ajediam.com\/fr\/wp-json\/wp\/v2\/media?parent=10266"}],"curies":[{"name":"wp","href":"https:\/\/api.w.org\/{rel}","templated":true}]}}