{"id":10268,"date":"2023-07-04T18:48:14","date_gmt":"2023-07-04T18:48:14","guid":{"rendered":"https:\/\/ajediam.com\/?page_id=10268"},"modified":"2024-01-10T18:21:57","modified_gmt":"2024-01-10T18:21:57","slug":"le-diamant-jonker","status":"publish","type":"page","link":"https:\/\/ajediam.com\/fr\/histoire\/diamants-celebres\/le-diamant-jonker\/","title":{"rendered":"Le diamant Jonker"},"content":{"rendered":"\n<p class=\"itt\">Le premier diamant de renomm\u00e9e mondiale qui a fait le tour des \u00c9tats-Unis<\/p>\n\n\n\n<p>D\u00e9couvert en 1905 par Johannes Jacobus Jonker, l&rsquo;\u00e9clat incolore et la clart\u00e9 presque parfaite du diamant Jonker en ont fait la chose la plus convoit\u00e9e au monde du jour au lendemain. Au moment de sa d\u00e9couverte, la pierre \u00e9tait le quatri\u00e8me plus gros diamant brut de qualit\u00e9 gemme jamais trouv\u00e9. La brillance propre et incolore du Jonker et sa clart\u00e9 presque parfaite en ont fait une sensation mondiale. Taill\u00e9 par Kaplan Lazar, l&rsquo;un des tailleurs les plus embl\u00e9matiques de la gemmologie, le Jonker a fini par hypnotiser tous ceux qui ont pos\u00e9 les yeux sur sa forme finale. L&rsquo;h\u00e9ritage de la pierre vit encore \u00e0 ce jour car il s&rsquo;agit du premier de son calibre \u00e0 \u00eatre taill\u00e9 aux \u00c9tats-Unis et a \u00e9t\u00e9 revendu pour la derni\u00e8re fois en 2017.<\/p>\n\n\n\n<p>Si vous souhaitez en savoir plus sur les origines, les d\u00e9tails techniques et la signification du diamant Jonker, vous trouverez dans cet article :<\/p>\n\n\n<div class=\"ub_table-of-contents\" data-showtext=\"show\" data-hidetext=\"hide\" data-scrolltype=\"auto\" id=\"ub_table-of-contents-9e41d7a3-d7e9-4ca8-8eb3-405fdd57160c\" data-initiallyhideonmobile=\"false\"\n                    data-initiallyshow=\"true\"><div class=\"ub_table-of-contents-header-container\"><div class=\"ub_table-of-contents-header\">\n                    <div class=\"ub_table-of-contents-title\">Table des Mati\u00e8res<\/div><\/div><\/div><div class=\"ub_table-of-contents-extra-container\"><div class=\"ub_table-of-contents-container ub_table-of-contents-1-column \"><ol><li><a href=https:\/\/ajediam.com\/fr\/histoire\/diamants-celebres\/le-diamant-jonker\/#0-les-origines-du-diamant-jonker>Les origines du diamant Jonker<\/a><ol><li><a href=https:\/\/ajediam.com\/fr\/histoire\/diamants-celebres\/le-diamant-jonker\/#1-la-vie-de-johannes-jonker-un-pauvre-chercheur-de-diamants>La vie de Johannes Jonker: un pauvre chercheur de diamants<\/a><\/li><li><a href=https:\/\/ajediam.com\/fr\/histoire\/diamants-celebres\/le-diamant-jonker\/#2-la-vie-de-johannes-jonker-la-b%C3%A9n%C3%A9diction-de-dame-chance>La vie de Johannes Jonker: la b\u00e9n\u00e9diction de dame chance<\/a><\/li><li><a href=https:\/\/ajediam.com\/fr\/histoire\/diamants-celebres\/le-diamant-jonker\/#3-le-voyage-international-du-diamant-jonker>Le voyage international du diamant Jonker<\/a><\/li><\/ol><\/li><li><a href=https:\/\/ajediam.com\/fr\/histoire\/diamants-celebres\/le-diamant-jonker\/#4-la-coupe-du-diamant-jonker>La coupe du diamant Jonker<\/a><ol><li><a href=https:\/\/ajediam.com\/fr\/histoire\/diamants-celebres\/le-diamant-jonker\/#5-le-jonker-est-coup%C3%A9-par-lazar-kaplan>Le Jonker est coup\u00e9 par Lazar Kaplan<\/a><\/li><\/ol><\/li><li><a href=https:\/\/ajediam.com\/fr\/histoire\/diamants-celebres\/le-diamant-jonker\/#6-lhistoire-de-la-propri%C3%A9t%C3%A9-moderne-du-bijou-jonker>L&rsquo;histoire de la propri\u00e9t\u00e9 moderne du bijou Jonker<\/a><ol><li><a href=https:\/\/ajediam.com\/fr\/histoire\/diamants-celebres\/le-diamant-jonker\/#7-leffet-kaplan-tout-le-monde-le-veut>L&rsquo;effet Kaplan : tout le monde le veut<\/a><\/li><li><a href=https:\/\/ajediam.com\/fr\/histoire\/diamants-celebres\/le-diamant-jonker\/#8-quest-il-arriv%C3%A9-aux-petits-diamants->Qu&rsquo;est-il arriv\u00e9 aux petits diamants ?<\/a><\/li><\/ol><\/li><li><a href=https:\/\/ajediam.com\/fr\/histoire\/diamants-celebres\/le-diamant-jonker\/#9-les-caract%C3%A9ristiques-techniques-du-diamant-jonker>Les caract\u00e9ristiques techniques du diamant Jonker<\/a><\/li><li><a href=https:\/\/ajediam.com\/fr\/histoire\/diamants-celebres\/le-diamant-jonker\/#10-limportance-du-diamant-jonker>L&rsquo;importance du diamant Jonker<\/a><\/li><\/ol><\/div><\/div><\/div>\n\n\n<div style=\"height:60px\" aria-hidden=\"true\" class=\"wp-block-spacer\"><\/div>\n\n\n\n<h2 class=\"wp-block-heading\" id=\"0-les-origines-du-diamant-jonker\">Les origines du diamant Jonker<\/h2>\n\n\n\n<h3 class=\"wp-block-heading\" id=\"1-la-vie-de-johannes-jonker-un-pauvre-chercheur-de-diamants\">La vie de Johannes Jonker: un pauvre chercheur de diamants<\/h3>\n\n\n\n<p>Johannes Jacobus Jonker \u00e9tait l&rsquo;un des nombreux chercheurs de diamants qui cherchaient fortune au plus profond de la terre. Il \u00e9tait finalement responsable de la d\u00e9couverte de la pierre, bien que pendant 18 ans, il ait cherch\u00e9 un tr\u00e9sor enfoui sans aucune chance. Ind\u00e9pendamment de son \u00e9chec dans sa recherche de diamants bruts, il a r\u00e9ussi dans d&rsquo;autres domaines. Johannes \u00e9tait p\u00e8re de sept enfants. Malgr\u00e9 sa vaste famille, l&rsquo;homme n&rsquo;avait rien \u00e0 montrer pour ses efforts de plusieurs d\u00e9cennies. Peut-\u00eatre qu&rsquo;\u00e0 un moment donn\u00e9, une d\u00e9couverte potentielle semblait lointaine pour Jonker, mais par un jour froid et pluvieux, le 17 janvier 1934, il envoya son fils, Gert, \u00e0 la mine d&rsquo;Elandsfontein. C&rsquo;est \u00e0 cet instant que la chance du chercheur frustr\u00e9 \u00e9tait sur le point de tourner.<\/p>\n\n\n\n<p>L&rsquo;un des assistants de Jonker, le ressortissant sud-africain Johannes Makani, lavait un seau plein de gravier lorsqu&rsquo;il a trouv\u00e9 un \u00e9trange objet boueux. Alors qu&rsquo;il se lavait et se brossait, ses yeux commenc\u00e8rent \u00e0 s&rsquo;\u00e9carquiller d&rsquo;incr\u00e9dulit\u00e9. Un gros diamant cristallin \u00e9tait entre ses mains. Fou de joie, il l&rsquo;a apport\u00e9 \u00e0 Gert Jonker, qui s&rsquo;est alors pr\u00e9cipit\u00e9 avec le diamant au grand galop vers son p\u00e8re. Une fois que le vieux Johannes a r\u00e9alis\u00e9 ce qu&rsquo;ils avaient trouv\u00e9, il serait tomb\u00e9 \u00e0 genoux et aurait lou\u00e9 Dieu.<\/p>\n\n\n\n<div style=\"height:50px\" aria-hidden=\"true\" class=\"wp-block-spacer\"><\/div>\n\n\n\n<h3 class=\"wp-block-heading\" id=\"2-la-vie-de-johannes-jonker-la-b%C3%A9n%C3%A9diction-de-dame-chance\">La vie de Johannes Jonker: la b\u00e9n\u00e9diction de dame chance<\/h3>\n\n\n\n<p>Apr\u00e8s une vie de pauvret\u00e9, les Jonkers ne pouvaient pas croire leur fortune. Priv\u00e9s de leur tranquillit\u00e9 d&rsquo;esprit, ils ont \u00e9t\u00e9 oblig\u00e9s de garder la pierre avec des revolvers charg\u00e9s. Le diamant a mis toute la famille dans un \u00e9tat d&rsquo;anxi\u00e9t\u00e9 constante. Mme Johannes a m\u00eame cach\u00e9 le diamant dans un bas qu&rsquo;elle portait enroul\u00e9 autour de son cou. Bient\u00f4t, ils ont pu vendre le diamant \u00e0 Joseph Bastianen, un agent de la Diamond Corporation Ltd pour une somme estim\u00e9e \u00e0 environ 75 000 \u00a3. Pourtant, le malheur continuait d&rsquo;affliger la vie des Jonkers. Les autorit\u00e9s sud-africaines ont \u00e9t\u00e9 inform\u00e9es des n\u00e9gociations, auquel cas elles ont exig\u00e9 une r\u00e9duction de la vente sous la forme d&rsquo;un tiers de la valeur de la pierre en taxes. La taxe semblait incroyablement injuste, car le gouvernement n&rsquo;avait rien fait pour l&rsquo;aider pendant leurs 18 ann\u00e9es de difficult\u00e9s.<\/p>\n\n\n\n<p>Pourtant, \u00e9tant un homme craignant Dieu, Johannes a d\u00e9cid\u00e9 de payer la taxe. Il a ensuite achet\u00e9 une ferme, des animaux et une limousine avec le reste de l&rsquo;argent. Cet afflux soudain d&rsquo;argent l&rsquo;a plong\u00e9 dans un style de vie d\u00e9pensier auquel il n&rsquo;\u00e9tait jamais pr\u00e9par\u00e9. Cela a \u00e9t\u00e9 d\u00e9sastreux pour ses finances et en quelques ann\u00e9es, il \u00e9tait de retour \u00e0 la cabane de prospecteur appauvrie d&rsquo;o\u00f9 il \u00e9tait parti. La renomm\u00e9e et la fortune l&rsquo;avaient d\u00e9finitivement d\u00e9pass\u00e9.<\/p>\n\n\n\n<div style=\"height:50px\" aria-hidden=\"true\" class=\"wp-block-spacer\"><\/div>\n\n\n\n<h3 class=\"wp-block-heading\" id=\"3-le-voyage-international-du-diamant-jonker\">Le voyage international du diamant Jonker<\/h3>\n\n\n\n<p>Sir Ernest Oppenheimer, le propri\u00e9taire de Diamond Corporation Ltd, est consid\u00e9r\u00e9 comme le propri\u00e9taire initial de Jonker. Seulement un an plus tard apr\u00e8s sa d\u00e9couverte, en 1935, il a vendu le Jonker pour environ 150 000 livres au collectionneur de diamants am\u00e9ricain Harry Winston. La vente a marqu\u00e9 un point culminant pour la De Beers Central Selling Organization, car il s&rsquo;agissait de la premi\u00e8re pierre de cette taille \u00e0 \u00eatre vendue aux \u00c9tats-Unis. Avant d&rsquo;\u00eatre exp\u00e9di\u00e9 aux \u00c9tats-Unis, le Jonker est rest\u00e9 \u00e0 Londres pendant un certain temps, lors des c\u00e9l\u00e9brations du jubil\u00e9 royal d&rsquo;argent en 1935. Des efforts publics ont \u00e9t\u00e9 d\u00e9ploy\u00e9s pour acheter la gemme en cadeau au roi George V et \u00e0 la reine Mary, mais ils ont finalement \u00e9chou\u00e9.<\/p>\n\n\n\n<p>Une remarque curieuse, et une r\u00e9currence dans d&rsquo;autres histoires de diamants c\u00e9l\u00e8bres, est que pour exp\u00e9dier la pierre pr\u00e9cieuse d&rsquo;Afrique du Sud \u00e0 Londres, et de Londres \u00e0 New York, le courrier recommand\u00e9 ordinaire a \u00e9t\u00e9 utilis\u00e9. Apr\u00e8s le long voyage transatlantique, il a atteint le bureau de Harry Winston \u00e0 New York. La nouvelle du plus gros diamant des \u00c9tats-Unis s&rsquo;est rapidement r\u00e9pandue. Winston a re\u00e7u de nombreuses invitations pour l&rsquo;exposer. Il a consenti \u00e0 l&rsquo;exposer au Mus\u00e9um d&rsquo;histoire naturelle. Cependant, un probl\u00e8me non r\u00e9solu subsistait &#8211; jamais une pierre pr\u00e9cieuse d&rsquo;une telle taille et qualit\u00e9 n&rsquo;avait \u00e9t\u00e9 taill\u00e9e aux \u00c9tats-Unis, ce qui signifie que la qu\u00eate de Winston pour trouver un tailleur digne avait commenc\u00e9. Son choix s&rsquo;est port\u00e9 sur Lazare Kaplan.<\/p>\n\n\n\n<div style=\"height:60px\" aria-hidden=\"true\" class=\"wp-block-spacer\"><\/div>\n\n\n\n<h2 class=\"wp-block-heading\" id=\"4-la-coupe-du-diamant-jonker\">La coupe du diamant Jonker<\/h2>\n\n\n\n<p>Le choix de Lazare Kaplan par Harry Winston n&rsquo;\u00e9tait pas un hasard. Lazare \u00e9tait un descendant de trois g\u00e9n\u00e9rations de bijoutiers. Sa famille avait une r\u00e9putation exceptionnelle pour le clivage et la taille de diamants \u00e0 Anvers, en Belgique. Anvers, ainsi que les march\u00e9s du diamant d&rsquo;Amsterdam, avaient \u00e9t\u00e9 la capitale mondiale de la taille et du commerce des diamants. Cependant, la Premi\u00e8re Guerre mondiale a pouss\u00e9 de nombreux diamantaires \u00e0 fuir la Belgique et \u00e0 recommencer. Tel \u00e9tait le cas de M. Kaplan.<\/p>\n\n\n\n<div style=\"height:50px\" aria-hidden=\"true\" class=\"wp-block-spacer\"><\/div>\n\n\n\n<h3 class=\"wp-block-heading\" id=\"5-le-jonker-est-coup%C3%A9-par-lazar-kaplan\">Le Jonker est coup\u00e9 par Lazar Kaplan<\/h3>\n\n\n\n<p>Kaplan \u00e9tait connu pour \u00eatre un excellent coupeur et couperet. Il a toujours fait ressortir le meilleur \u00e9clat des pierres pr\u00e9cieuses brutes, m\u00eame \u00e0 un co\u00fbt en carats l\u00e9g\u00e8rement sup\u00e9rieur. De plus, M. Winston a d&rsquo;abord test\u00e9 ses capacit\u00e9s en l&rsquo;affectant au travail sur le plus petit diamant de Pohl. Le Pohl avait \u00e9t\u00e9 un compagnon constant du Jonker, bien que de taille et de qualit\u00e9 moindres, il provenait de la m\u00eame mine et \u00e9tait vendu avec le Jonker. Lazare Kaplan a pass\u00e9 le test de Winston avec brio !<\/p>\n\n\n\n<p>Impressionn\u00e9 par les comp\u00e9tences de Kaplan, Winston lui a confi\u00e9 le plus grand d\u00e9fi de taille de pierres pr\u00e9cieuses jamais relev\u00e9 aux \u00c9tats-Unis \u00e0 l&rsquo;\u00e9poque. Apr\u00e8s des mois de pr\u00e9paration, d&rsquo;\u00e9tude de la pierre et d&rsquo;\u00e9laboration d&rsquo;une strat\u00e9gie de clivage, Kaplan a fait un travail brillant. Le 27 avril 1936, le Jonker a \u00e9t\u00e9 coup\u00e9 en 13 morceaux, dont le plus gros \u00e9tait une taille \u00e9meraude de 142,9 carats, couleur D, et le plus petit, une baguette de 5,7 carats. Cependant, le bijoutier expert a trouv\u00e9 plus tard de l\u00e9gers d\u00e9fauts dans le Jonker I et l&rsquo;a recoup\u00e9 \u00e0 125,35 carats. Ind\u00e9pendamment du retraitement, la pierre pr\u00e9cieuse est rest\u00e9e une taille \u00e9meraude \u00e0 58 facettes. Les experts en diamants consid\u00e8rent le travail final de Kaplan sur le Jonker I comme un chef-d&rsquo;\u0153uvre. La renomm\u00e9e de la pierre pr\u00e9cieuse a augment\u00e9 plus que jamais, attirant des foules encore plus grandes. Un v\u00e9ritable t\u00e9moignage du savoir-faire de Lazar Kaplan !<\/p>\n\n\n\n<div style=\"height:60px\" aria-hidden=\"true\" class=\"wp-block-spacer\"><\/div>\n\n\n\n<h2 class=\"wp-block-heading\" id=\"6-lhistoire-de-la-propri%C3%A9t%C3%A9-moderne-du-bijou-jonker\">L&rsquo;histoire de la propri\u00e9t\u00e9 moderne du bijou Jonker<\/h2>\n\n\n\n<p>Apr\u00e8s sa coupe, le Jonker I est parti en tourn\u00e9e en passant par diverses expositions \u00e0 travers les \u00c9tats-Unis. Harry Winston a \u00e9galement embauch\u00e9 des c\u00e9l\u00e9brit\u00e9s et des mannequins pour mettre en valeur la beaut\u00e9 du diamant et r\u00e9pandre sa renomm\u00e9e au loin. Le Jonker I a attir\u00e9 l&rsquo;attention de l&rsquo;\u00e9lite et de la royaut\u00e9 du monde entier.<\/p>\n\n\n\n<div style=\"height:50px\" aria-hidden=\"true\" class=\"wp-block-spacer\"><\/div>\n\n\n\n<h3 class=\"wp-block-heading\" id=\"7-leffet-kaplan-tout-le-monde-le-veut\">L&rsquo;effet Kaplan : tout le monde le veut<\/h3>\n\n\n\n<p>La pierre a finalement \u00e9t\u00e9 vendue au roi Farouk d&rsquo;\u00c9gypte en 1949. Cependant, le souverain a \u00e9t\u00e9 d\u00e9pos\u00e9 et exil\u00e9 en 1952, ce qui a rendu myst\u00e9rieuse la localisation du diamant. Quelques ann\u00e9es plus tard, la tristement c\u00e9l\u00e8bre pierre pr\u00e9cieuse r\u00e9apparut sous la propri\u00e9t\u00e9 de la reine Ratna du N\u00e9pal. Il \u00e9tait sous sa garde jusqu&rsquo;en 1977; lorsque le Jonker a \u00e9t\u00e9 vendu \u00e0 un acheteur anonyme \u00e0 Hong Kong pour une valeur d\u00e9clar\u00e9e de 2 259 400 USD.<\/p>\n\n\n\n<div style=\"height:50px\" aria-hidden=\"true\" class=\"wp-block-spacer\"><\/div>\n\n\n\n<h3 class=\"wp-block-heading\" id=\"8-quest-il-arriv%C3%A9-aux-petits-diamants-\">Qu&rsquo;est-il arriv\u00e9 aux petits diamants ?<\/h3>\n\n\n\n<p>Les plus petits diamants Jonker n&rsquo;ont pas attir\u00e9 autant d&rsquo;attention et leur mouvement n&rsquo;a pas \u00e9t\u00e9 suivi en raison de leur plus petite taille. Cependant, le Jonker II, d&rsquo;un poids de 40,26 ct, a \u00e9t\u00e9 vendu lors d&rsquo;une vente aux ench\u00e8res Sotheby&rsquo;s pour la somme de 1 975 000 USD, en mai 1994 \u00e0 Gen\u00e8ve. Le Jonker IV est all\u00e9 \u00e0 New York et a \u00e9t\u00e9 plac\u00e9 dans une bague en platine pour \u00eatre finalement vendu lors d&rsquo;une vente aux ench\u00e8res de Sotheby Parke-Bernet Inc. \u00e0 un collectionneur priv\u00e9 pour 277 000 livres. En 1987, le Jonker IV est revendu \u00e0 New York pour 1 705 000 USD. De plus, il y a des rapports que les Jonkers V, VII, XI et XII ont \u00e9t\u00e9 achet\u00e9s par le Maharaja d&rsquo;Indore. Alors que le Jonker X aurait \u00e9t\u00e9 achet\u00e9 par John D. Rockefeller Jr.<\/p>\n\n\n\n<p>La vente aux ench\u00e8res la plus r\u00e9cente sur l&rsquo;une des pi\u00e8ces Jonker a eu lieu en 2017 \u00e0 Hong Kong, o\u00f9 le Jonker V a \u00e9t\u00e9 vendu pour 5,3 millions USD \u00e0 un acheteur non divulgu\u00e9. Cette somme est sup\u00e9rieure de plus de 50% aux estimations de pr\u00e9vente, en raison d&rsquo;une guerre d&rsquo;ench\u00e8res signal\u00e9e entre acheteurs.<\/p>\n\n\n\n<div style=\"height:60px\" aria-hidden=\"true\" class=\"wp-block-spacer\"><\/div>\n\n\n\n<h2 class=\"wp-block-heading\" id=\"9-les-caract%C3%A9ristiques-techniques-du-diamant-jonker\">Les caract\u00e9ristiques techniques du diamant Jonker<\/h2>\n\n\n\n<p>Le diamant Jonker original pesait 726 carats ou 145,2 grammes. Lazar Kaplan l&rsquo;a taill\u00e9 en 13 diamants individuels, pesant de 142,9 \u00e0 5,7 carats. Il avait une forme allong\u00e9e avec la plus grande longueur et largeur \u00e9tant de 63,5 mm et 31,75 mm. Le Jonker I a d\u00fb \u00eatre retaill\u00e9 \u00e0 125,35 ct pour supprimer quelques d\u00e9fauts et am\u00e9liorer sa brillance. Le Jonker I est une taille \u00e9meraude, avec un grade de couleur D, et un grade VVS2, type IIa pour plus de clart\u00e9. D est la meilleure note de couleur qu&rsquo;un diamant puisse obtenir. Cela signifie que le diamant est compl\u00e8tement incolore ou tr\u00e8s proche de l&rsquo;\u00eatre. VVS signifie tr\u00e8s tr\u00e8s l\u00e9g\u00e8rement inclus. Un diamant de type IIa ne contient pas d&rsquo;impuret\u00e9s azot\u00e9es mesurables. Au total, cela fait du diamant Jonker I un diamant d&rsquo;une qualit\u00e9 de couleur et de clart\u00e9 exquise.<\/p>\n\n\n\n<div style=\"height:60px\" aria-hidden=\"true\" class=\"wp-block-spacer\"><\/div>\n\n\n\n<h2 class=\"wp-block-heading\" id=\"10-limportance-du-diamant-jonker\">L&rsquo;importance du diamant Jonker<\/h2>\n\n\n\n<p>Au moment de sa d\u00e9couverte, le diamant Jonker \u00e9tait le quatri\u00e8me plus gros diamant brut jamais trouv\u00e9. Sa couleur et sa clart\u00e9 correspondaient \u00e0 sa taille sup\u00e9rieure et faisaient de la pierre pr\u00e9cieuse l&rsquo;un des diamants de la meilleure qualit\u00e9 au monde. La renomm\u00e9e du Jonker \u00e9tait telle que les passionn\u00e9s ont m\u00eame \u00e9mis l&rsquo;hypoth\u00e8se que le Jonker \u00e9tait un fragment perdu depuis longtemps du roi des gros diamants &#8211; le Cullinan. Il y avait des m\u00e9rites \u00e0 cette histoire car les deux ont \u00e9t\u00e9 d\u00e9couverts \u00e0 seulement cinq kilom\u00e8tres l&rsquo;un de l&rsquo;autre, dans le Transvaal. \u00c0 lui seul, le Jonker I d\u00e9tient le record du plus gros diamant de couleur D taille \u00e9meraude. \u00c0 son apog\u00e9e, le diamant a suscit\u00e9 l&rsquo;int\u00e9r\u00eat des c\u00e9l\u00e9brit\u00e9s et de la royaut\u00e9. N&rsquo;oublions pas que les ann\u00e9es 1930 ont \u00e9t\u00e9 une p\u00e9riode marqu\u00e9e par des conditions \u00e9conomiques difficiles, une hyperinflation et un ch\u00f4mage massif. Peut-\u00eatre que le public am\u00e9ricain consid\u00e9rait le Jonker comme un signe que l&rsquo;\u00e9conomie tournait pour le mieux, ou peut-\u00eatre offrait-il simplement une distraction d\u00e9sesp\u00e9r\u00e9ment n\u00e9cessaire d&rsquo;une p\u00e9riode autrement sombre.<\/p>\n\n\n\n<h4 class=\"wp-block-heading\" id=\"11-nous-esp%C3%A9rons-que-vous-avez-appr%C3%A9ci%C3%A9-la-lecture-\">Nous esp\u00e9rons que vous avez appr\u00e9ci\u00e9 la lecture !<\/h4>\n\n\n\n<p>Si vous souhaitez en savoir plus sur d\u2019autres diamants c\u00e9l\u00e8bres tels que les diamants&nbsp;<a href=\"https:\/\/ajediam.com\/fr\/histoire\/diamants-celebres\/le-diamant-orlov\/\">Orlov<\/a>,&nbsp;<a href=\"https:\/\/ajediam.com\/fr\/histoire\/diamants-celebres\/le-diamant-de-kimberley\/\">Kimberley&nbsp;<\/a>ou&nbsp;<a href=\"https:\/\/ajediam.com\/fr\/histoire\/diamants-celebres\/le-diamant-premier-rose\/\">Premier Rose<\/a>, vous pouvez consulter le&nbsp;<a href=\"https:\/\/ajediam.com\/fr\/histoire\/diamants-celebres\/\">glossaire des diamants c\u00e9l\u00e8bres d\u2019Ajediam<\/a>. Ou, si vous vous sentez inspir\u00e9, vous pouvez parcourir la boutique des collections de diamants de qualit\u00e9 sup\u00e9rieure d\u2019Ajediam.<\/p>\n","protected":false},"excerpt":{"rendered":"<p>Le premier diamant de renomm\u00e9e mondiale qui a fait le tour des \u00c9tats-Unis D\u00e9couvert en 1905 par Johannes Jacobus Jonker, l&rsquo;\u00e9clat incolore et la clart\u00e9 presque parfaite du diamant Jonker en ont fait la chose la plus convoit\u00e9e au monde du jour au lendemain. Au moment de sa d\u00e9couverte, la pierre \u00e9tait le quatri\u00e8me plus [&hellip;]<\/p>\n","protected":false},"author":5,"featured_media":9542,"parent":10150,"menu_order":0,"comment_status":"closed","ping_status":"closed","template":"articllle-like-page.php","meta":{"ub_ctt_via":"","footnotes":""},"acf":[],"featured_image_src":"https:\/\/ajediam.com\/wp-content\/uploads\/2023\/05\/jonker.webp","_links":{"self":[{"href":"https:\/\/ajediam.com\/fr\/wp-json\/wp\/v2\/pages\/10268"}],"collection":[{"href":"https:\/\/ajediam.com\/fr\/wp-json\/wp\/v2\/pages"}],"about":[{"href":"https:\/\/ajediam.com\/fr\/wp-json\/wp\/v2\/types\/page"}],"author":[{"embeddable":true,"href":"https:\/\/ajediam.com\/fr\/wp-json\/wp\/v2\/users\/5"}],"replies":[{"embeddable":true,"href":"https:\/\/ajediam.com\/fr\/wp-json\/wp\/v2\/comments?post=10268"}],"version-history":[{"count":5,"href":"https:\/\/ajediam.com\/fr\/wp-json\/wp\/v2\/pages\/10268\/revisions"}],"predecessor-version":[{"id":12020,"href":"https:\/\/ajediam.com\/fr\/wp-json\/wp\/v2\/pages\/10268\/revisions\/12020"}],"up":[{"embeddable":true,"href":"https:\/\/ajediam.com\/fr\/wp-json\/wp\/v2\/pages\/10150"}],"wp:featuredmedia":[{"embeddable":true,"href":"https:\/\/ajediam.com\/fr\/wp-json\/wp\/v2\/media\/9542"}],"wp:attachment":[{"href":"https:\/\/ajediam.com\/fr\/wp-json\/wp\/v2\/media?parent=10268"}],"curies":[{"name":"wp","href":"https:\/\/api.w.org\/{rel}","templated":true}]}}