{"id":10270,"date":"2023-07-04T18:57:15","date_gmt":"2023-07-04T18:57:15","guid":{"rendered":"https:\/\/ajediam.com\/?page_id=10270"},"modified":"2024-01-10T18:17:42","modified_gmt":"2024-01-10T18:17:42","slug":"le-diamant-rouge-de-kazanjian","status":"publish","type":"page","link":"https:\/\/ajediam.com\/fr\/histoire\/diamants-celebres\/le-diamant-rouge-de-kazanjian\/","title":{"rendered":"Le diamant rouge de Kazanjian"},"content":{"rendered":"\n<p class=\"itt\">Une raret\u00e9 parmi les plus rares des diamants<\/p>\n\n\n\n<p>Les diamants sont disponibles dans une vari\u00e9t\u00e9 de tailles, de formes et de couleurs, tout comme les histoires derri\u00e8re eux. Cependant, les diamants rouges sont les plus rares. Moins de 30 d&rsquo;entre eux ont \u00e9t\u00e9 trouv\u00e9s, et seuls trois d&rsquo;entre eux p\u00e8sent plus de 5 carats. Avec son poids de 5,05 carats, le diamant rouge de Kazanjian est le deuxi\u00e8me plus gros diamant rouge jamais trouv\u00e9. La raret\u00e9 de sa couleur n&rsquo;a d&rsquo;\u00e9gal que son histoire extraordinaire. Ce qui est aujourd&rsquo;hui estim\u00e9 \u00e0 plus de 50 millions de dollars, a d\u00e9j\u00e0 \u00e9t\u00e9 achet\u00e9 pour la modique somme de 280 livres sterling. D\u00e9couvrez comment ce diamant rare a travers\u00e9 quatre continents et de nombreux propri\u00e9taires, dont Hitler lui-m\u00eame.<\/p>\n\n\n\n<p>Dans cet article:<\/p>\n\n\n<div class=\"ub_table-of-contents\" data-showtext=\"show\" data-hidetext=\"hide\" data-scrolltype=\"auto\" id=\"ub_table-of-contents-b0720dfc-aadd-4a64-88d0-3a6790ec3163\" data-initiallyhideonmobile=\"false\"\n                    data-initiallyshow=\"true\"><div class=\"ub_table-of-contents-header-container\"><div class=\"ub_table-of-contents-header\">\n                    <div class=\"ub_table-of-contents-title\">Table des Mati\u00e8res<\/div><\/div><\/div><div class=\"ub_table-of-contents-extra-container\"><div class=\"ub_table-of-contents-container ub_table-of-contents-1-column \"><ol><li><a href=https:\/\/ajediam.com\/fr\/histoire\/diamants-celebres\/le-diamant-rouge-de-kazanjian\/#0-les-origines-du-diamant-rouge-de-kazanjian>Les origines du diamant rouge de Kazanjian<\/a><ol><li><a href=https:\/\/ajediam.com\/fr\/histoire\/diamants-celebres\/le-diamant-rouge-de-kazanjian\/#1-dun-morceau-de-bort-%C3%A0-kazanjian-red-diamond>D&rsquo;un morceau de Bort \u00e0 Kazanjian Red Diamond<\/a><\/li><\/ol><\/li><li><a href=https:\/\/ajediam.com\/fr\/histoire\/diamants-celebres\/le-diamant-rouge-de-kazanjian\/#2-la-taille-du-diamant-rouge-de-kazanjian>La taille du diamant rouge de Kazanjian<\/a><ol><li><a href=https:\/\/ajediam.com\/fr\/histoire\/diamants-celebres\/le-diamant-rouge-de-kazanjian\/#3-le-diamant-a-suscit%C3%A9-la-pol%C3%A9mique>Le diamant a suscit\u00e9 la pol\u00e9mique<\/a><\/li><\/ol><\/li><li><a href=https:\/\/ajediam.com\/fr\/histoire\/diamants-celebres\/le-diamant-rouge-de-kazanjian\/#4-lhistoire-moderne-de-la-propri%C3%A9t%C3%A9-du-diamant-rouge-de-kazanjian>L&rsquo;histoire moderne de la propri\u00e9t\u00e9 du diamant rouge de Kazanjian<\/a><ol><li><a href=https:\/\/ajediam.com\/fr\/histoire\/diamants-celebres\/le-diamant-rouge-de-kazanjian\/#5-beaucoup-a-%C3%A9t%C3%A9-refus%C3%A9>Beaucoup a \u00e9t\u00e9 refus\u00e9<\/a><\/li><li><a href=https:\/\/ajediam.com\/fr\/histoire\/diamants-celebres\/le-diamant-rouge-de-kazanjian\/#6-le-diamant-rouge-a-%C3%A9t%C3%A9-confisqu%C3%A9-par-les-nazis>Le diamant rouge a \u00e9t\u00e9 confisqu\u00e9 par les nazis<\/a><\/li><li><a href=https:\/\/ajediam.com\/fr\/histoire\/diamants-celebres\/le-diamant-rouge-de-kazanjian\/#7-la-commission-du-butin-de-guerre-a-rendu-le-diamant-aux-fr%C3%A8res-goudvis>La commission du butin de guerre a rendu le diamant aux fr\u00e8res Goudvis<\/a><\/li><li><a href=https:\/\/ajediam.com\/fr\/histoire\/diamants-celebres\/le-diamant-rouge-de-kazanjian\/#8-les-fr%C3%A8res-goudvis-ont-vendu-le-diamant-rouge-par-n%C3%A9cessit%C3%A9>Les fr\u00e8res Goudvis ont vendu le Diamant Rouge par n\u00e9cessit\u00e9<\/a><\/li><li><a href=https:\/\/ajediam.com\/fr\/histoire\/diamants-celebres\/le-diamant-rouge-de-kazanjian\/#9-le-diamant-rouge-dispara%C3%AEt-dans-les-collections-priv%C3%A9es>Le Diamant Rouge dispara\u00eet dans les collections priv\u00e9es<\/a><\/li><li><a href=https:\/\/ajediam.com\/fr\/histoire\/diamants-celebres\/le-diamant-rouge-de-kazanjian\/#10-le-diamant-rouge-devient-le-diamant-kazanjian>Le Diamant Rouge devient le Diamant Kazanjian<\/a><\/li><\/ol><\/li><li><a href=https:\/\/ajediam.com\/fr\/histoire\/diamants-celebres\/le-diamant-rouge-de-kazanjian\/#11-les-caract%C3%A9ristiques-du-diamant-rouge-kazanjian>Les caract\u00e9ristiques du Diamant Rouge Kazanjian<\/a><ol><li><a href=https:\/\/ajediam.com\/fr\/histoire\/diamants-celebres\/le-diamant-rouge-de-kazanjian\/#12-le-diamant-est-exceptionnellement-clair-et-intens%C3%A9ment-color%C3%A9>Le diamant est exceptionnellement clair et intens\u00e9ment color\u00e9<\/a><\/li><\/ol><\/li><li><a href=https:\/\/ajediam.com\/fr\/histoire\/diamants-celebres\/le-diamant-rouge-de-kazanjian\/#13-limportance-du-diamant-rouge-de-kazanjian>L&rsquo;importance du diamant rouge de Kazanjian<\/a><ol><li><a href=https:\/\/ajediam.com\/fr\/histoire\/diamants-celebres\/le-diamant-rouge-de-kazanjian\/#14-le-diamant-de-kazanjian-est-si-rare-quil-est-impossible-dy-mettre-un-prix>Le diamant de Kazanjian est si rare qu&rsquo;il est impossible d&rsquo;y mettre un prix<\/a><\/li><\/ol><\/li><\/ol><\/div><\/div><\/div>\n\n\n<div style=\"height:50px\" aria-hidden=\"true\" class=\"wp-block-spacer\"><\/div>\n\n\n\n<h2 class=\"wp-block-heading\" id=\"0-les-origines-du-diamant-rouge-de-kazanjian\">Les origines du diamant rouge de Kazanjian<\/h2>\n\n\n\n<p>Certains diamants sont r\u00e9put\u00e9s avoir une grande valeur d\u00e8s le moment de leur d\u00e9couverte. Pour cette raison, un chercheur de diamants peut voir sa vie chang\u00e9e en un clin d&rsquo;\u0153il. Cependant, ce n&rsquo;\u00e9tait pas le cas pour le Kazanjian Red Diamond. On sait peu de choses sur son origine pr\u00e9cise ou m\u00eame sur l&rsquo;\u00e9poque de sa d\u00e9couverte. Cela est d\u00fb au fait que dans sa forme d&rsquo;origine, il s&rsquo;agissait d&rsquo;un morceau de \u00ab bort \u00bb de 35 carats. Dans l&rsquo;industrie du diamant, c&rsquo;est ce qu&rsquo;ils appellent des diamants de qualit\u00e9 non gemme.<\/p>\n\n\n\n<div style=\"height:60px\" aria-hidden=\"true\" class=\"wp-block-spacer\"><\/div>\n\n\n\n<h3 class=\"wp-block-heading\" id=\"1-dun-morceau-de-bort-%C3%A0-kazanjian-red-diamond\">D&rsquo;un morceau de Bort \u00e0 Kazanjian Red Diamond<\/h3>\n\n\n\n<p>Le morceau de bort a \u00e9t\u00e9 extrait \u00e0 Lichtenberg, dans la r\u00e9gion du Transvaal occidental en Afrique du Sud, soit en 1926, soit en 1927. Les ann\u00e9es 1920 ont \u00e9t\u00e9 une p\u00e9riode d&rsquo;\u00e9norme ru\u00e9e vers les diamants en Afrique du Sud, car de nombreux grands diamants ont \u00e9t\u00e9 d\u00e9couverts \u00e0 cette \u00e9poque et des diamants encore plus gros ont \u00e9t\u00e9 d\u00e9couverts. rejet\u00e9s parce qu&rsquo;ils \u00e9taient color\u00e9s. De nos jours, les diamants de couleur fantaisie sont consid\u00e9r\u00e9s comme les investissements ultimes, mais \u00e0 l&rsquo;\u00e9poque, ils n&rsquo;\u00e9taient qu&rsquo;une curiosit\u00e9 qui ne valait rien.<\/p>\n\n\n\n<p>Cette pi\u00e8ce fatidique aurait pu \u00eatre facilement ignor\u00e9e et destin\u00e9e \u00e0 r\u00e9pondre aux besoins d&rsquo;autres industries en plein essor \u00e0 l&rsquo;\u00e9poque\u2026 Heureusement, elle a \u00e9t\u00e9 acquise par un repr\u00e9sentant anonyme de la soci\u00e9t\u00e9 Goudvis Brothers. Bien que nous ne connaissions pas le nom de l&rsquo;acheteur, nous savons qu&rsquo;il s&rsquo;est engag\u00e9 dans un investissement risqu\u00e9. De plus, nous savons aussi qu&rsquo;au moins, dans ce cas, son intuition \u00e9tait juste car il y avait de fortes chances que le morceau de bort soit sans valeur. Cependant, il a tent\u00e9 sa chance; pay\u00e9 280 livres ou 8 livres par carat, et envoy\u00e9 la pierre au si\u00e8ge de la soci\u00e9t\u00e9 \u00e0 Amsterdam.<\/p>\n\n\n\n<div style=\"height:60px\" aria-hidden=\"true\" class=\"wp-block-spacer\"><\/div>\n\n\n\n<h2 class=\"wp-block-heading\" id=\"2-la-taille-du-diamant-rouge-de-kazanjian\">La taille du diamant rouge de Kazanjian<\/h2>\n\n\n\n<h3 class=\"wp-block-heading\" id=\"3-le-diamant-a-suscit%C3%A9-la-pol%C3%A9mique\">Le diamant a suscit\u00e9 la pol\u00e9mique<\/h3>\n\n\n\n<p>Lorsque le morceau de boart est arriv\u00e9 dans le bureau des fr\u00e8res Goudvis, cela a d\u00e9clench\u00e9 une \u00e9norme dispute entre les fr\u00e8res. Les plus jeunes y voyaient une perte de temps et de ressources. S&rsquo;il avait r\u00e9ussi, l&rsquo;histoire du diamant s&rsquo;arr\u00eaterait l\u00e0. Pourtant, le fr\u00e8re a\u00een\u00e9, plus exp\u00e9riment\u00e9, a persist\u00e9 et a appel\u00e9 le ma\u00eetre coupeur de l&rsquo;entreprise.<\/p>\n\n\n\n<p>Ce qui a suivi a \u00e9t\u00e9 un processus de coupe de sept mois, o\u00f9 la masse a \u00e9t\u00e9 \u00e9tudi\u00e9e et soigneusement d\u00e9barrass\u00e9e de ses couches de mauvaise qualit\u00e9. Il a progressivement chang\u00e9 de couleur pour devenir brun, puis orange et enfin rouge sang. Le morceau original de 35 carats avait \u00e9t\u00e9 d\u00e9pouill\u00e9 de 85% de sa masse jusqu&rsquo;\u00e0 ce que seule la perfection soit rest\u00e9e. Le produit final de la coupe \u00e9tait un diamant taille \u00e9meraude d&rsquo;un rouge intense, pesant 1,01 gramme ou 5,05 carats.<\/p>\n\n\n\n<div style=\"height:60px\" aria-hidden=\"true\" class=\"wp-block-spacer\"><\/div>\n\n\n\n<h2 class=\"wp-block-heading\" id=\"4-lhistoire-moderne-de-la-propri%C3%A9t%C3%A9-du-diamant-rouge-de-kazanjian\">L&rsquo;histoire moderne de la propri\u00e9t\u00e9 du diamant rouge de Kazanjian<\/h2>\n\n\n\n<p>Les fr\u00e8res Goudvis sont devenus les premiers d\u00e9couvreurs, tailleurs et propri\u00e9taires du diamant rouge. L&rsquo;entreprise semblait \u00eatre plus rentable qu&rsquo;aucun d&rsquo;entre eux n&rsquo;avait esp\u00e9r\u00e9 l&rsquo;imaginer. Cependant, trouver un acheteur pour le Red Diamond s&rsquo;av\u00e9rerait beaucoup plus difficile. \u00c9tant une telle raret\u00e9, il \u00e9tait souvent mal identifi\u00e9 par les acheteurs, qui confondaient le diamant avec une pierre de rubis, ce qui r\u00e9duisait consid\u00e9rablement l&rsquo;attrait de la pierre en tant qu&rsquo;investissement potentiel.<\/p>\n\n\n\n<div style=\"height:50px\" aria-hidden=\"true\" class=\"wp-block-spacer\"><\/div>\n\n\n\n<h3 class=\"wp-block-heading\" id=\"5-beaucoup-a-%C3%A9t%C3%A9-refus%C3%A9\">Beaucoup a \u00e9t\u00e9 refus\u00e9<\/h3>\n\n\n\n<p>Les fr\u00e8res Goudvis ont envoy\u00e9 la pierre \u00e0 New York \u00e0 la recherche d&rsquo;acheteurs \u00e0 deux reprises. Aucune enqu\u00eate s\u00e9rieuse n&rsquo;a \u00e9t\u00e9 faite lors de la premi\u00e8re visite de la pierre \u00e0 la grosse pomme. Cependant, Tiffany a fait une offre s\u00e9rieuse la deuxi\u00e8me fois. La c\u00e9l\u00e8bre maison offrait 100.000 USD, mais les fr\u00e8res Goudvis en r\u00e9clamaient 150.000, conduisant \u00e0 une impasse d\u00e9finitive. C&rsquo;est une d\u00e9cision que les fr\u00e8res Goudvis regretteront bient\u00f4t.<\/p>\n\n\n\n<div style=\"height:50px\" aria-hidden=\"true\" class=\"wp-block-spacer\"><\/div>\n\n\n\n<h3 class=\"wp-block-heading\" id=\"6-le-diamant-rouge-a-%C3%A9t%C3%A9-confisqu%C3%A9-par-les-nazis\">Le diamant rouge a \u00e9t\u00e9 confisqu\u00e9 par les nazis<\/h3>\n\n\n\n<p>En 1941, en pleine Seconde Guerre mondiale, les Pays-Bas sont envahis par l&rsquo;Allemagne nazie. Pendant l&rsquo;occupation, il est bien connu que le pays a \u00e9t\u00e9 d\u00e9pouill\u00e9 de certains de ses biens les plus pr\u00e9cieux. Le nombre de biens confisqu\u00e9s \u00e9tait en effet consid\u00e9rable. L&rsquo;or, l&rsquo;argent, les peintures, les livres et les tr\u00e9sors religieux, souvent d&rsquo;une grande importance culturelle, ont \u00e9t\u00e9 d\u00e9pouill\u00e9s de la terre. Pour nos besoins, il est essentiel de mentionner que les saisies comprenaient des pierres pr\u00e9cieuses et des bijoux. Plus particuli\u00e8rement, le Diamant Rouge, qui avait \u00e9t\u00e9 conserv\u00e9 en lieu s\u00fbr dans un coffre-fort \u00e0 Arnheim, a \u00e9t\u00e9 confisqu\u00e9 par les nazis en 1944.<\/p>\n\n\n\n<p>La pierre pr\u00e9cieuse rouge sang a \u00e9t\u00e9 d\u00e9plac\u00e9e dans une mine de sel \u00e0 Berchtesgaden, une mine proche de la retraite d&rsquo;\u00e9t\u00e9 bavaroise d&rsquo;Hitler qui servait d&rsquo;espace de stockage pour toutes sortes de butins de guerre. Le tr\u00e9sor comprenait une vaste collection de diamants rares. Peu de temps apr\u00e8s la fin de la guerre, les troupes alli\u00e9es ont d\u00e9couvert les tr\u00e9sors cach\u00e9s de Berchtesgaden.<\/p>\n\n\n\n<div style=\"height:50px\" aria-hidden=\"true\" class=\"wp-block-spacer\"><\/div>\n\n\n\n<h3 class=\"wp-block-heading\" id=\"7-la-commission-du-butin-de-guerre-a-rendu-le-diamant-aux-fr%C3%A8res-goudvis\">La commission du butin de guerre a rendu le diamant aux fr\u00e8res Goudvis<\/h3>\n\n\n\n<p>Apr\u00e8s une campagne sanglante, le g\u00e9n\u00e9ral McNarney rapporta ses d\u00e9couvertes \u00e0 la commission du butin de guerre. Le chef militaire acclam\u00e9 a d\u00e9clar\u00e9 qu&rsquo;une grande collection de diamants et un rubis avaient \u00e9t\u00e9 trouv\u00e9s \u00e0 la suite de leur op\u00e9ration. Le chef de la commission du pillage de guerre \u00e9tait Louis Asscher, un n\u00e9gociant en diamants exp\u00e9riment\u00e9 qui faisait partie de la Royal Asscher Diamond Company. Le sp\u00e9cialiste a inspect\u00e9 la pierre pr\u00e9cieuse et a imm\u00e9diatement su que ce n&rsquo;\u00e9tait pas un rubis. On pourrait dire alors que dame chance \u00e9tait clairement investie dans l&rsquo;histoire des Goudvis. La pierre pr\u00e9cieuse s&rsquo;est av\u00e9r\u00e9e \u00eatre le diamant saisi des fr\u00e8res Goudvis. Lors de sa d\u00e9couverte, Asscher rendit la gemme \u00e0 ses propri\u00e9taires l\u00e9gitimes.<\/p>\n\n\n\n<div style=\"height:50px\" aria-hidden=\"true\" class=\"wp-block-spacer\"><\/div>\n\n\n\n<h3 class=\"wp-block-heading\" id=\"8-les-fr%C3%A8res-goudvis-ont-vendu-le-diamant-rouge-par-n%C3%A9cessit%C3%A9\">Les fr\u00e8res Goudvis ont vendu le Diamant Rouge par n\u00e9cessit\u00e9<\/h3>\n\n\n\n<p>La Seconde Guerre mondiale a d\u00e9vast\u00e9 les Pays-Bas et son industrie du diamant en particulier. Autrefois capitale mondiale du diamant, Amsterdam n&rsquo;\u00e9tait plus que l&rsquo;ombre d&rsquo;elle-m\u00eame. En effet, la survie dans Amsterdam d\u00e9chir\u00e9e par la guerre n&rsquo;\u00e9tait pas une t\u00e2che facile, pour laquelle les fr\u00e8res Goudvis avaient accumul\u00e9 une dette massive. Ils ne pouvaient pas garder leur diamant rouge bien-aim\u00e9 et ont \u00e9t\u00e9 forc\u00e9s de le vendre. La pi\u00e8ce a \u00e9t\u00e9 achet\u00e9e par le courtier George Prince pour seulement 57000 florins, ce qui dans la p\u00e9riode d&rsquo;apr\u00e8s-guerre s&rsquo;\u00e9levait \u00e0 21450 dollars, un chiffre cinq fois inf\u00e9rieur \u00e0 ce que Tiffany avait propos\u00e9 autrefois.<\/p>\n\n\n\n<div style=\"height:50px\" aria-hidden=\"true\" class=\"wp-block-spacer\"><\/div>\n\n\n\n<h3 class=\"wp-block-heading\" id=\"9-le-diamant-rouge-dispara%C3%AEt-dans-les-collections-priv%C3%A9es\">Le Diamant Rouge dispara\u00eet dans les collections priv\u00e9es<\/h3>\n\n\n\n<p>George Prince a vendu le diamant au c\u00e9l\u00e8bre entrepreneur diamantaire et philanthrope Ernest Oppenheimer. La soci\u00e9t\u00e9 De Beers d&rsquo;Oppenheimer a ensuite vendu le joyau \u00e0 la soci\u00e9t\u00e9 Royal Asscher. Asscher l&rsquo;a conserv\u00e9e pendant une dur\u00e9e ind\u00e9termin\u00e9e, avant de la revendre \u00e0 un collectionneur priv\u00e9 anonyme dans les ann\u00e9es 1970. Suite \u00e0 cette vente, le diamant rouge a disparu de la vue du public pendant pr\u00e8s de 37 ans.<\/p>\n\n\n\n<div style=\"height:50px\" aria-hidden=\"true\" class=\"wp-block-spacer\"><\/div>\n\n\n\n<h3 class=\"wp-block-heading\" id=\"10-le-diamant-rouge-devient-le-diamant-kazanjian\">Le Diamant Rouge devient le Diamant Kazanjian<\/h3>\n\n\n\n<p>En 2007, le diamant refait surface et atterrit sur le bureau de Douglas Kazanjian. Apr\u00e8s des recherches approfondies, il est devenu s\u00fbr qu&rsquo;il avait red\u00e9couvert le diamant rouge perdu depuis longtemps des fr\u00e8res Goudvis. Kazanjian a ensuite achet\u00e9 le diamant pour un montant non divulgu\u00e9 \u00e0 une femme d&rsquo;Asie de l&rsquo;Est et l&rsquo;a renomm\u00e9 \u00ab Kazanjian Red Diamond \u00bb. Douglas a donn\u00e9 avec humour \u00e0 la pierre le nouveau nom afin d&rsquo;honorer l&rsquo;h\u00e9ritage de la tradition familiale du commerce du rubis.<\/p>\n\n\n\n<p>Depuis lors, le diamant reste en possession de la soci\u00e9t\u00e9 de Kazanjian. Elle a \u00e9t\u00e9 promen\u00e9e dans le monde entier depuis 2007, les b\u00e9n\u00e9fices de chacune des apparitions de la pierre \u00e9tant principalement revers\u00e9s \u00e0 des fondations caritatives. Vraiment, un objectif noble pour le joyau de Kazanjian.<\/p>\n\n\n\n<div style=\"height:60px\" aria-hidden=\"true\" class=\"wp-block-spacer\"><\/div>\n\n\n\n<h2 class=\"wp-block-heading\" id=\"11-les-caract%C3%A9ristiques-du-diamant-rouge-kazanjian\">Les caract\u00e9ristiques du Diamant Rouge Kazanjian<\/h2>\n\n\n\n<p>Pesant 5,05 carats ou 1,010 gramme ; Avec une couleur rouge fonc\u00e9, \u00e9voquant l&rsquo;amour, la force, l&rsquo;\u00e9nergie et la passion de son observateur, la pierre a souvent \u00e9t\u00e9 compar\u00e9e \u00e0 une goutte de sang, en particulier si elle est vue \u00e0 la lueur d&rsquo;une bougie.<\/p>\n\n\n\n<div style=\"height:50px\" aria-hidden=\"true\" class=\"wp-block-spacer\"><\/div>\n\n\n\n<h3 class=\"wp-block-heading\" id=\"12-le-diamant-est-exceptionnellement-clair-et-intens%C3%A9ment-color%C3%A9\">Le diamant est exceptionnellement clair et intens\u00e9ment color\u00e9<\/h3>\n\n\n\n<p>Bien que le diamant ait \u00e9t\u00e9 signal\u00e9 comme \u00e9tant d&rsquo;une clart\u00e9 exceptionnelle, et certainement un diamant de couleur fantaisie par le GIA, son degr\u00e9 de puret\u00e9 exact n&rsquo;est pas connu. Les diamants de couleur fantaisie sont extr\u00eamement rares, avec seulement un sur dix mille poss\u00e9dant une couleur naturelle. La force de leur couleur est le facteur d\u00e9terminant pour d\u00e9terminer leur valeur.<\/p>\n\n\n\n<div style=\"height:60px\" aria-hidden=\"true\" class=\"wp-block-spacer\"><\/div>\n\n\n\n<h2 class=\"wp-block-heading\" id=\"13-limportance-du-diamant-rouge-de-kazanjian\">L&rsquo;importance du diamant rouge de Kazanjian<\/h2>\n\n\n\n<h3 class=\"wp-block-heading\" id=\"14-le-diamant-de-kazanjian-est-si-rare-quil-est-impossible-dy-mettre-un-prix\">Le diamant de Kazanjian est si rare qu&rsquo;il est impossible d&rsquo;y mettre un prix<\/h3>\n\n\n\n<p>Lorsque le diamant a \u00e9t\u00e9 taill\u00e9 \u00e0 la fin des ann\u00e9es 1920, c&rsquo;\u00e9tait le plus gros diamant rouge du monde, cependant, le Moussaieff Red Diamond, a remplac\u00e9 l&rsquo;\u00e9toile de cet article en 1990, avec une minuscule diff\u00e9rence de 0,6 carat. Seuls trois diamants rouges dans le monde sont connus pour peser plus de 5 carats et seulement environ 30 diamants rouges ont \u00e9t\u00e9 trouv\u00e9s dans l&rsquo;histoire. La place du diamant de Kazanjian parmi l&rsquo;\u00e9lite des diamants les plus rares rend sa valeur extr\u00eamement difficile \u00e0 mesurer. Il est tout simplement incomparable \u00e0 presque n&rsquo;importe quoi d&rsquo;autre dans le monde. Cela signifie qu&rsquo;il d\u00e9pend enti\u00e8rement de ce que quelqu&rsquo;un est pr\u00eat \u00e0 payer pour cela. A titre de comparaison, un diamant rouge de trois carats a \u00e9t\u00e9 vendu pour environ 25 millions. Suivant la m\u00eame logique, le Kazanjian pourrait \u00eatre valoris\u00e9 \u00e0 plus de 50 millions de dollars. Cela reviendrait \u00e0 un \u00e9norme 10 millions de dollars par carat. Le montant initial pay\u00e9 pour cela \u00e9tait de 280 livres, ce qui en argent d&rsquo;aujourd&rsquo;hui \u00e9quivaudrait \u00e0 17 400 dollars ou environ 3 400 dollars par carat.<\/p>\n\n\n\n<h4 class=\"wp-block-heading\" id=\"15-nous-esp%C3%A9rons-que-vous-avez-appr%C3%A9ci%C3%A9-la-lecture-\">Nous esp\u00e9rons que vous avez appr\u00e9ci\u00e9 la lecture !<\/h4>\n\n\n\n<p>Si vous souhaitez en savoir plus sur d\u2019autres diamants c\u00e9l\u00e8bres tels que les diamants&nbsp;<a href=\"https:\/\/ajediam.com\/fr\/histoire\/diamants-celebres\/le-diamant-orlov\/\">Orlov<\/a>,&nbsp;<a href=\"https:\/\/ajediam.com\/fr\/histoire\/diamants-celebres\/le-diamant-de-kimberley\/\">Kimberley&nbsp;<\/a>ou&nbsp;<a href=\"https:\/\/ajediam.com\/fr\/histoire\/diamants-celebres\/le-diamant-premier-rose\/\">Premier Rose<\/a>, vous pouvez consulter le&nbsp;<a href=\"https:\/\/ajediam.com\/fr\/histoire\/diamants-celebres\/\">glossaire des diamants c\u00e9l\u00e8bres d\u2019Ajediam<\/a>. Ou, si vous vous sentez inspir\u00e9, vous pouvez parcourir la boutique des collections de diamants de qualit\u00e9 sup\u00e9rieure d\u2019Ajediam.<\/p>\n","protected":false},"excerpt":{"rendered":"<p>Une raret\u00e9 parmi les plus rares des diamants Les diamants sont disponibles dans une vari\u00e9t\u00e9 de tailles, de formes et de couleurs, tout comme les histoires derri\u00e8re eux. Cependant, les diamants rouges sont les plus rares. Moins de 30 d&rsquo;entre eux ont \u00e9t\u00e9 trouv\u00e9s, et seuls trois d&rsquo;entre eux p\u00e8sent plus de 5 carats. Avec [&hellip;]<\/p>\n","protected":false},"author":5,"featured_media":9548,"parent":10150,"menu_order":0,"comment_status":"closed","ping_status":"closed","template":"articllle-like-page.php","meta":{"ub_ctt_via":"","footnotes":""},"acf":[],"featured_image_src":"https:\/\/ajediam.com\/wp-content\/uploads\/2023\/05\/Kazanjian-red-diamond.webp","_links":{"self":[{"href":"https:\/\/ajediam.com\/fr\/wp-json\/wp\/v2\/pages\/10270"}],"collection":[{"href":"https:\/\/ajediam.com\/fr\/wp-json\/wp\/v2\/pages"}],"about":[{"href":"https:\/\/ajediam.com\/fr\/wp-json\/wp\/v2\/types\/page"}],"author":[{"embeddable":true,"href":"https:\/\/ajediam.com\/fr\/wp-json\/wp\/v2\/users\/5"}],"replies":[{"embeddable":true,"href":"https:\/\/ajediam.com\/fr\/wp-json\/wp\/v2\/comments?post=10270"}],"version-history":[{"count":4,"href":"https:\/\/ajediam.com\/fr\/wp-json\/wp\/v2\/pages\/10270\/revisions"}],"predecessor-version":[{"id":12016,"href":"https:\/\/ajediam.com\/fr\/wp-json\/wp\/v2\/pages\/10270\/revisions\/12016"}],"up":[{"embeddable":true,"href":"https:\/\/ajediam.com\/fr\/wp-json\/wp\/v2\/pages\/10150"}],"wp:featuredmedia":[{"embeddable":true,"href":"https:\/\/ajediam.com\/fr\/wp-json\/wp\/v2\/media\/9548"}],"wp:attachment":[{"href":"https:\/\/ajediam.com\/fr\/wp-json\/wp\/v2\/media?parent=10270"}],"curies":[{"name":"wp","href":"https:\/\/api.w.org\/{rel}","templated":true}]}}